{"id":69618,"date":"2026-03-26T12:13:37","date_gmt":"2026-03-26T11:13:41","guid":{"rendered":"https:\/\/www.easly.nl\/?post_type=product&#038;p=69618"},"modified":"2026-03-31T14:35:11","modified_gmt":"2026-03-31T13:35:11","slug":"mesure-de-reference-du-medicament-glp-1","status":"publish","type":"product","link":"https:\/\/www.easly.nl\/fr\/mesure-de-reference-du-medicament-GLP-1\/","title":{"rendered":"Mesure de r\u00e9f\u00e9rence du m\u00e9dicament GLP-1"},"content":{"rendered":"<p>Un dosage initial du GLP-1 permet d&#8217;\u00e9tablir des valeurs essentielles pour un traitement m\u00e9dicamenteux de perte de poids s\u00fbr et responsable. Notre analyse sanguine fournit des donn\u00e9es certifi\u00e9es en laboratoire sur votre sant\u00e9 m\u00e9tabolique, votre fonction r\u00e9nale et votre glyc\u00e9mie, vous permettant ainsi de d\u00e9buter votre traitement avec des donn\u00e9es m\u00e9dicalement valid\u00e9es. Suivez vos progr\u00e8s et am\u00e9liorez votre bien-\u00eatre g\u00e9n\u00e9ral en toute connaissance de cause.<\/p>\n","protected":false},"excerpt":{"rendered":"<p>V\u00e9rifiez votre sant\u00e9 m\u00e9tabolique gr\u00e2ce \u00e0 une mesure de r\u00e9f\u00e9rence du GLP-1 et pr\u00e9levez facilement du sang \u00e0 domicile avec un kit certifi\u00e9 en laboratoire pour une mesure de r\u00e9f\u00e9rence s\u00fbre de votre parcours de perte de poids.<\/p>\n","protected":false},"featured_media":69629,"template":"","meta":{"_acf_changed":false,"footnotes":""},"product_cat":[1007,429,435],"product_tag":[867],"class_list":{"0":"post-69618","1":"product","2":"type-product","3":"status-publish","4":"has-post-thumbnail","6":"product_cat-style-de-vie-et-vitamines","7":"product_cat-sante-generale","8":"product_cat-non-classe","9":"product_tag-interpretation-et-conseils-medicaux","11":"first","12":"instock","13":"taxable","14":"shipping-taxable","15":"purchasable","16":"product-type-simple"},"acf":[],"yoast_head":"<!-- This site is optimized with the Yoast SEO plugin v24.3 - https:\/\/yoast.com\/wordpress\/plugins\/seo\/ -->\n<title>Mesure de r\u00e9f\u00e9rence du GLP-1\u00a0: D\u00e9buter en toute s\u00e9curit\u00e9 un traitement pour la perte de poids | Easyly<\/title>\n<meta name=\"description\" content=\"D\u00e9butez votre traitement par GLP-1 de mani\u00e8re responsable. Demandez une analyse de r\u00e9f\u00e9rence certifi\u00e9e par un laboratoire pour obtenir des informations essentielles sur votre fonction r\u00e9nale et votre glyc\u00e9mie.\" \/>\n<meta name=\"robots\" content=\"index, follow, max-snippet:-1, max-image-preview:large, max-video-preview:-1\" \/>\n<link rel=\"canonical\" href=\"https:\/\/www.easly.nl\/fr\/mesure-de-reference-du-medicament-GLP-1\/\" \/>\n<meta property=\"og:locale\" content=\"fr_FR\" \/>\n<meta property=\"og:type\" content=\"article\" \/>\n<meta property=\"og:title\" content=\"Mesure de r\u00e9f\u00e9rence du GLP-1\u00a0: D\u00e9buter en toute s\u00e9curit\u00e9 un traitement pour la perte de poids | Easyly\" \/>\n<meta property=\"og:description\" content=\"D\u00e9butez votre traitement par GLP-1 de mani\u00e8re responsable. Demandez une analyse de r\u00e9f\u00e9rence certifi\u00e9e par un laboratoire pour obtenir des informations essentielles sur votre fonction r\u00e9nale et votre glyc\u00e9mie.\" \/>\n<meta property=\"og:url\" content=\"https:\/\/www.easly.nl\/fr\/mesure-de-reference-du-medicament-GLP-1\/\" \/>\n<meta property=\"og:site_name\" content=\"Easly Shop\" \/>\n<meta property=\"article:modified_time\" content=\"2026-03-31T13:35:11+00:00\" \/>\n<meta property=\"og:image\" content=\"https:\/\/www.easly.nl\/wp-content\/uploads\/sites\/13\/2026\/03\/startmeting-glp-1-medicatie.png\" \/>\n\t<meta property=\"og:image:width\" content=\"1236\" \/>\n\t<meta property=\"og:image:height\" content=\"738\" \/>\n\t<meta property=\"og:image:type\" content=\"image\/png\" \/>\n<meta name=\"twitter:card\" content=\"summary_large_image\" \/>\n<meta name=\"twitter:label1\" content=\"Dur\u00e9e de lecture estim\u00e9e\" \/>\n\t<meta name=\"twitter:data1\" content=\"1 minute\" \/>\n<script type=\"application\/ld+json\" class=\"yoast-schema-graph\">{\"@context\":\"https:\/\/schema.org\",\"@graph\":[{\"@type\":\"WebPage\",\"@id\":\"https:\/\/www.easly.nl\/fr\/mesure-de-reference-du-medicament-GLP-1\/\",\"url\":\"https:\/\/www.easly.nl\/fr\/mesure-de-reference-du-medicament-GLP-1\/\",\"name\":\"Mesure de r\u00e9f\u00e9rence du GLP-1\u00a0: D\u00e9buter en toute s\u00e9curit\u00e9 un traitement pour la perte de poids | Easyly\",\"isPartOf\":{\"@id\":\"https:\/\/www.easly.nl\/fr\/#website\"},\"primaryImageOfPage\":{\"@id\":\"https:\/\/www.easly.nl\/fr\/mesure-de-reference-du-medicament-GLP-1\/#primaryimage\"},\"image\":{\"@id\":\"https:\/\/www.easly.nl\/fr\/mesure-de-reference-du-medicament-GLP-1\/#primaryimage\"},\"thumbnailUrl\":\"https:\/\/www.easly.nl\/wp-content\/uploads\/sites\/13\/2026\/03\/startmeting-glp-1-medicatie.png\",\"datePublished\":\"2026-03-26T11:13:41+00:00\",\"dateModified\":\"2026-03-31T13:35:11+00:00\",\"description\":\"D\u00e9butez votre traitement par GLP-1 de mani\u00e8re responsable. Demandez une analyse de r\u00e9f\u00e9rence certifi\u00e9e par un laboratoire pour obtenir des informations essentielles sur votre fonction r\u00e9nale et votre glyc\u00e9mie.\",\"breadcrumb\":{\"@id\":\"https:\/\/www.easly.nl\/fr\/mesure-de-reference-du-medicament-GLP-1\/#breadcrumb\"},\"inLanguage\":\"fr-FR\",\"potentialAction\":[{\"@type\":\"ReadAction\",\"target\":[\"https:\/\/www.easly.nl\/fr\/mesure-de-reference-du-medicament-GLP-1\/\"]}]},{\"@type\":\"ImageObject\",\"inLanguage\":\"fr-FR\",\"@id\":\"https:\/\/www.easly.nl\/fr\/mesure-de-reference-du-medicament-GLP-1\/#primaryimage\",\"url\":\"https:\/\/www.easly.nl\/wp-content\/uploads\/sites\/13\/2026\/03\/startmeting-glp-1-medicatie.png\",\"contentUrl\":\"https:\/\/www.easly.nl\/wp-content\/uploads\/sites\/13\/2026\/03\/startmeting-glp-1-medicatie.png\",\"width\":1236,\"height\":738,\"caption\":\"startmeting glp-1 medicatie\"},{\"@type\":\"BreadcrumbList\",\"@id\":\"https:\/\/www.easly.nl\/fr\/mesure-de-reference-du-medicament-GLP-1\/#breadcrumb\",\"itemListElement\":[{\"@type\":\"ListItem\",\"position\":1,\"name\":\"D'accueil\",\"item\":\"https:\/\/www.easly.nl\/fr\/\"},{\"@type\":\"ListItem\",\"position\":2,\"name\":\"Shop\",\"item\":\"https:\/\/www.easly.nl\/fr\/shop\/\"},{\"@type\":\"ListItem\",\"position\":3,\"name\":\"Mesure de r\u00e9f\u00e9rence du m\u00e9dicament GLP-1\"}]},{\"@type\":\"WebSite\",\"@id\":\"https:\/\/www.easly.nl\/fr\/#website\",\"url\":\"https:\/\/www.easly.nl\/fr\/\",\"name\":\"Easly Shop\",\"description\":\"Safe &amp; simple online COVID testing\",\"publisher\":{\"@id\":\"https:\/\/www.easly.nl\/fr\/#organization\"},\"potentialAction\":[{\"@type\":\"SearchAction\",\"target\":{\"@type\":\"EntryPoint\",\"urlTemplate\":\"https:\/\/www.easly.nl\/fr\/?s={search_term_string}\"},\"query-input\":{\"@type\":\"PropertyValueSpecification\",\"valueRequired\":true,\"valueName\":\"search_term_string\"}}],\"inLanguage\":\"fr-FR\"},{\"@type\":\"Organization\",\"@id\":\"https:\/\/www.easly.nl\/fr\/#organization\",\"name\":\"Easly.nl\",\"url\":\"https:\/\/www.easly.nl\/fr\/\",\"logo\":{\"@type\":\"ImageObject\",\"inLanguage\":\"fr-FR\",\"@id\":\"https:\/\/www.easly.nl\/fr\/#\/schema\/logo\/image\/\",\"url\":\"https:\/\/www.easly.nl\/wp-content\/uploads\/sites\/13\/2022\/10\/easly_logoslogan_color.png\",\"contentUrl\":\"https:\/\/www.easly.nl\/wp-content\/uploads\/sites\/13\/2022\/10\/easly_logoslogan_color.png\",\"width\":157,\"height\":38,\"caption\":\"Easly.nl\"},\"image\":{\"@id\":\"https:\/\/www.easly.nl\/fr\/#\/schema\/logo\/image\/\"}}]}<\/script>\n<!-- \/ Yoast SEO plugin. -->","yoast_head_json":{"title":"Mesure de r\u00e9f\u00e9rence du GLP-1\u00a0: D\u00e9buter en toute s\u00e9curit\u00e9 un traitement pour la perte de poids | Easyly","description":"D\u00e9butez votre traitement par GLP-1 de mani\u00e8re responsable. Demandez une analyse de r\u00e9f\u00e9rence certifi\u00e9e par un laboratoire pour obtenir des informations essentielles sur votre fonction r\u00e9nale et votre glyc\u00e9mie.","robots":{"index":"index","follow":"follow","max-snippet":"max-snippet:-1","max-image-preview":"max-image-preview:large","max-video-preview":"max-video-preview:-1"},"canonical":"https:\/\/www.easly.nl\/fr\/mesure-de-reference-du-medicament-GLP-1\/","og_locale":"fr_FR","og_type":"article","og_title":"Mesure de r\u00e9f\u00e9rence du GLP-1\u00a0: D\u00e9buter en toute s\u00e9curit\u00e9 un traitement pour la perte de poids | Easyly","og_description":"D\u00e9butez votre traitement par GLP-1 de mani\u00e8re responsable. Demandez une analyse de r\u00e9f\u00e9rence certifi\u00e9e par un laboratoire pour obtenir des informations essentielles sur votre fonction r\u00e9nale et votre glyc\u00e9mie.","og_url":"https:\/\/www.easly.nl\/fr\/mesure-de-reference-du-medicament-GLP-1\/","og_site_name":"Easly Shop","article_modified_time":"2026-03-31T13:35:11+00:00","og_image":[{"width":1236,"height":738,"url":"https:\/\/www.easly.nl\/wp-content\/uploads\/sites\/13\/2026\/03\/startmeting-glp-1-medicatie.png","type":"image\/png"}],"twitter_card":"summary_large_image","twitter_misc":{"Dur\u00e9e de lecture estim\u00e9e":"1 minute"},"schema":{"@context":"https:\/\/schema.org","@graph":[{"@type":"WebPage","@id":"https:\/\/www.easly.nl\/fr\/mesure-de-reference-du-medicament-GLP-1\/","url":"https:\/\/www.easly.nl\/fr\/mesure-de-reference-du-medicament-GLP-1\/","name":"Mesure de r\u00e9f\u00e9rence du GLP-1\u00a0: D\u00e9buter en toute s\u00e9curit\u00e9 un traitement pour la perte de poids | Easyly","isPartOf":{"@id":"https:\/\/www.easly.nl\/fr\/#website"},"primaryImageOfPage":{"@id":"https:\/\/www.easly.nl\/fr\/mesure-de-reference-du-medicament-GLP-1\/#primaryimage"},"image":{"@id":"https:\/\/www.easly.nl\/fr\/mesure-de-reference-du-medicament-GLP-1\/#primaryimage"},"thumbnailUrl":"https:\/\/www.easly.nl\/wp-content\/uploads\/sites\/13\/2026\/03\/startmeting-glp-1-medicatie.png","datePublished":"2026-03-26T11:13:41+00:00","dateModified":"2026-03-31T13:35:11+00:00","description":"D\u00e9butez votre traitement par GLP-1 de mani\u00e8re responsable. Demandez une analyse de r\u00e9f\u00e9rence certifi\u00e9e par un laboratoire pour obtenir des informations essentielles sur votre fonction r\u00e9nale et votre glyc\u00e9mie.","breadcrumb":{"@id":"https:\/\/www.easly.nl\/fr\/mesure-de-reference-du-medicament-GLP-1\/#breadcrumb"},"inLanguage":"fr-FR","potentialAction":[{"@type":"ReadAction","target":["https:\/\/www.easly.nl\/fr\/mesure-de-reference-du-medicament-GLP-1\/"]}]},{"@type":"ImageObject","inLanguage":"fr-FR","@id":"https:\/\/www.easly.nl\/fr\/mesure-de-reference-du-medicament-GLP-1\/#primaryimage","url":"https:\/\/www.easly.nl\/wp-content\/uploads\/sites\/13\/2026\/03\/startmeting-glp-1-medicatie.png","contentUrl":"https:\/\/www.easly.nl\/wp-content\/uploads\/sites\/13\/2026\/03\/startmeting-glp-1-medicatie.png","width":1236,"height":738,"caption":"startmeting glp-1 medicatie"},{"@type":"BreadcrumbList","@id":"https:\/\/www.easly.nl\/fr\/mesure-de-reference-du-medicament-GLP-1\/#breadcrumb","itemListElement":[{"@type":"ListItem","position":1,"name":"D'accueil","item":"https:\/\/www.easly.nl\/fr\/"},{"@type":"ListItem","position":2,"name":"Shop","item":"https:\/\/www.easly.nl\/fr\/shop\/"},{"@type":"ListItem","position":3,"name":"Mesure de r\u00e9f\u00e9rence du m\u00e9dicament GLP-1"}]},{"@type":"WebSite","@id":"https:\/\/www.easly.nl\/fr\/#website","url":"https:\/\/www.easly.nl\/fr\/","name":"Easly Shop","description":"Safe &amp; simple online COVID testing","publisher":{"@id":"https:\/\/www.easly.nl\/fr\/#organization"},"potentialAction":[{"@type":"SearchAction","target":{"@type":"EntryPoint","urlTemplate":"https:\/\/www.easly.nl\/fr\/?s={search_term_string}"},"query-input":{"@type":"PropertyValueSpecification","valueRequired":true,"valueName":"search_term_string"}}],"inLanguage":"fr-FR"},{"@type":"Organization","@id":"https:\/\/www.easly.nl\/fr\/#organization","name":"Easly.nl","url":"https:\/\/www.easly.nl\/fr\/","logo":{"@type":"ImageObject","inLanguage":"fr-FR","@id":"https:\/\/www.easly.nl\/fr\/#\/schema\/logo\/image\/","url":"https:\/\/www.easly.nl\/wp-content\/uploads\/sites\/13\/2022\/10\/easly_logoslogan_color.png","contentUrl":"https:\/\/www.easly.nl\/wp-content\/uploads\/sites\/13\/2022\/10\/easly_logoslogan_color.png","width":157,"height":38,"caption":"Easly.nl"},"image":{"@id":"https:\/\/www.easly.nl\/fr\/#\/schema\/logo\/image\/"}}]}},"_links":{"self":[{"href":"https:\/\/www.easly.nl\/fr\/wp-json\/wp\/v2\/product\/69618","targetHints":{"allow":["GET"]}}],"collection":[{"href":"https:\/\/www.easly.nl\/fr\/wp-json\/wp\/v2\/product"}],"about":[{"href":"https:\/\/www.easly.nl\/fr\/wp-json\/wp\/v2\/types\/product"}],"version-history":[{"count":1,"href":"https:\/\/www.easly.nl\/fr\/wp-json\/wp\/v2\/product\/69618\/revisions"}],"predecessor-version":[{"id":69661,"href":"https:\/\/www.easly.nl\/fr\/wp-json\/wp\/v2\/product\/69618\/revisions\/69661"}],"wp:featuredmedia":[{"embeddable":true,"href":"https:\/\/www.easly.nl\/fr\/wp-json\/wp\/v2\/media\/69629"}],"wp:attachment":[{"href":"https:\/\/www.easly.nl\/fr\/wp-json\/wp\/v2\/media?parent=69618"}],"wp:term":[{"taxonomy":"product_cat","embeddable":true,"href":"https:\/\/www.easly.nl\/fr\/wp-json\/wp\/v2\/product_cat?post=69618"},{"taxonomy":"product_tag","embeddable":true,"href":"https:\/\/www.easly.nl\/fr\/wp-json\/wp\/v2\/product_tag?post=69618"}],"curies":[{"name":"wp","href":"https:\/\/api.w.org\/{rel}","templated":true}]}}