{"id":67715,"date":"2025-09-18T08:23:02","date_gmt":"2025-09-18T07:23:10","guid":{"rendered":"https:\/\/www.easly.nl\/?post_type=product&#038;p=67715"},"modified":"2025-09-18T17:20:13","modified_gmt":"2025-09-18T16:20:13","slug":"test-de-vitamines-et-de-mineraux","status":"publish","type":"product","link":"https:\/\/www.easly.nl\/fr\/test-de-sante-totale\/test-de-vitamines-et-mineraux\/","title":{"rendered":"Test de vitamines et de min\u00e9raux"},"content":{"rendered":"<p>L&#8217;automne et l&#8217;hiver sont des saisons souvent marqu\u00e9es par la fatigue, l&#8217;apathie et l&#8217;affaiblissement du syst\u00e8me immunitaire. Un manque de soleil peut entra\u00eener une carence en vitamine D3, tandis que les vitamines B12, le fer et le magn\u00e9sium sont \u00e9galement essentiels pour se sentir \u00e9nergique et r\u00e9silient. En cette p\u00e9riode, votre corps a besoin d&#8217;un soutien suppl\u00e9mentaire pour rester en bonne sant\u00e9 et dynamique.<\/p>\n<p>Gr\u00e2ce au test de vitamines et min\u00e9raux Easly, vous pouvez facilement d\u00e9terminer si vos niveaux sont \u00e9quilibr\u00e9s. Ainsi, vous saurez exactement ce dont votre corps a besoin pour traverser ces mois difficiles en pleine forme.<\/p>\n","protected":false},"excerpt":{"rendered":"<p>D\u00e9couvrez avec le Test Vitamines et Min\u00e9raux Facile si vos niveaux de D3, B12, fer et magn\u00e9sium sont \u00e9quilibr\u00e9s pour plus d&#8217;\u00e9nergie et de r\u00e9sistance.<\/p>\n","protected":false},"featured_media":67724,"template":"","meta":{"_acf_changed":false,"footnotes":""},"product_cat":[1007,429,435],"product_tag":[],"class_list":{"0":"post-67715","1":"product","2":"type-product","3":"status-publish","4":"has-post-thumbnail","6":"product_cat-style-de-vie-et-vitamines","7":"product_cat-sante-generale","8":"product_cat-non-classe","10":"first","11":"instock","12":"taxable","13":"shipping-taxable","14":"purchasable","15":"product-type-simple"},"acf":[],"yoast_head":"<!-- This site is optimized with the Yoast SEO plugin v24.3 - https:\/\/yoast.com\/wordpress\/plugins\/seo\/ -->\n<title>Autotest Vitamines et Min\u00e9raux \u2013 Easly<\/title>\n<meta name=\"description\" content=\"Mesurez vos niveaux de vitamines et min\u00e9raux (D3, B12, fer et magn\u00e9sium) \u00e0 domicile avec l\u2019autotest Easly et recevez rapidement votre rapport.\" \/>\n<meta name=\"robots\" content=\"index, follow, max-snippet:-1, max-image-preview:large, max-video-preview:-1\" \/>\n<link rel=\"canonical\" href=\"https:\/\/www.easly.nl\/fr\/test-de-sante-totale\/test-de-vitamines-et-mineraux\/\" \/>\n<meta property=\"og:locale\" content=\"fr_FR\" \/>\n<meta property=\"og:type\" content=\"article\" \/>\n<meta property=\"og:title\" content=\"Autotest Vitamines et Min\u00e9raux \u2013 Easly\" \/>\n<meta property=\"og:description\" content=\"Mesurez vos niveaux de vitamines et min\u00e9raux (D3, B12, fer et magn\u00e9sium) \u00e0 domicile avec l\u2019autotest Easly et recevez rapidement votre rapport.\" \/>\n<meta property=\"og:url\" content=\"https:\/\/www.easly.nl\/fr\/test-de-sante-totale\/test-de-vitamines-et-mineraux\/\" \/>\n<meta property=\"og:site_name\" content=\"Easly Shop\" \/>\n<meta property=\"article:modified_time\" content=\"2025-09-18T16:20:13+00:00\" \/>\n<meta property=\"og:image\" content=\"https:\/\/www.easly.nl\/wp-content\/uploads\/sites\/13\/2025\/09\/vi.png\" \/>\n\t<meta property=\"og:image:width\" content=\"1044\" \/>\n\t<meta property=\"og:image:height\" content=\"804\" \/>\n\t<meta property=\"og:image:type\" content=\"image\/png\" \/>\n<meta name=\"twitter:card\" content=\"summary_large_image\" \/>\n<meta name=\"twitter:label1\" content=\"Dur\u00e9e de lecture estim\u00e9e\" \/>\n\t<meta name=\"twitter:data1\" content=\"1 minute\" \/>\n<script type=\"application\/ld+json\" class=\"yoast-schema-graph\">{\"@context\":\"https:\/\/schema.org\",\"@graph\":[{\"@type\":\"WebPage\",\"@id\":\"https:\/\/www.easly.nl\/fr\/test-de-sante-totale\/test-de-vitamines-et-mineraux\/\",\"url\":\"https:\/\/www.easly.nl\/fr\/test-de-sante-totale\/test-de-vitamines-et-mineraux\/\",\"name\":\"Autotest Vitamines et Min\u00e9raux \u2013 Easly\",\"isPartOf\":{\"@id\":\"https:\/\/www.easly.nl\/fr\/#website\"},\"primaryImageOfPage\":{\"@id\":\"https:\/\/www.easly.nl\/fr\/test-de-sante-totale\/test-de-vitamines-et-mineraux\/#primaryimage\"},\"image\":{\"@id\":\"https:\/\/www.easly.nl\/fr\/test-de-sante-totale\/test-de-vitamines-et-mineraux\/#primaryimage\"},\"thumbnailUrl\":\"https:\/\/www.easly.nl\/wp-content\/uploads\/sites\/13\/2025\/09\/vi.png\",\"datePublished\":\"2025-09-18T07:23:10+00:00\",\"dateModified\":\"2025-09-18T16:20:13+00:00\",\"description\":\"Mesurez vos niveaux de vitamines et min\u00e9raux (D3, B12, fer et magn\u00e9sium) \u00e0 domicile avec l\u2019autotest Easly et recevez rapidement votre rapport.\",\"breadcrumb\":{\"@id\":\"https:\/\/www.easly.nl\/fr\/test-de-sante-totale\/test-de-vitamines-et-mineraux\/#breadcrumb\"},\"inLanguage\":\"fr-FR\",\"potentialAction\":[{\"@type\":\"ReadAction\",\"target\":[\"https:\/\/www.easly.nl\/fr\/test-de-sante-totale\/test-de-vitamines-et-mineraux\/\"]}]},{\"@type\":\"ImageObject\",\"inLanguage\":\"fr-FR\",\"@id\":\"https:\/\/www.easly.nl\/fr\/test-de-sante-totale\/test-de-vitamines-et-mineraux\/#primaryimage\",\"url\":\"https:\/\/www.easly.nl\/wp-content\/uploads\/sites\/13\/2025\/09\/vi.png\",\"contentUrl\":\"https:\/\/www.easly.nl\/wp-content\/uploads\/sites\/13\/2025\/09\/vi.png\",\"width\":1044,\"height\":804,\"caption\":\"Af\"},{\"@type\":\"BreadcrumbList\",\"@id\":\"https:\/\/www.easly.nl\/fr\/test-de-sante-totale\/test-de-vitamines-et-mineraux\/#breadcrumb\",\"itemListElement\":[{\"@type\":\"ListItem\",\"position\":1,\"name\":\"D'accueil\",\"item\":\"https:\/\/www.easly.nl\/fr\/\"},{\"@type\":\"ListItem\",\"position\":2,\"name\":\"Shop\",\"item\":\"https:\/\/www.easly.nl\/fr\/shop\/\"},{\"@type\":\"ListItem\",\"position\":3,\"name\":\"Test de vitamines et de min\u00e9raux\"}]},{\"@type\":\"WebSite\",\"@id\":\"https:\/\/www.easly.nl\/fr\/#website\",\"url\":\"https:\/\/www.easly.nl\/fr\/\",\"name\":\"Easly Shop\",\"description\":\"Safe &amp; simple online COVID testing\",\"publisher\":{\"@id\":\"https:\/\/www.easly.nl\/fr\/#organization\"},\"potentialAction\":[{\"@type\":\"SearchAction\",\"target\":{\"@type\":\"EntryPoint\",\"urlTemplate\":\"https:\/\/www.easly.nl\/fr\/?s={search_term_string}\"},\"query-input\":{\"@type\":\"PropertyValueSpecification\",\"valueRequired\":true,\"valueName\":\"search_term_string\"}}],\"inLanguage\":\"fr-FR\"},{\"@type\":\"Organization\",\"@id\":\"https:\/\/www.easly.nl\/fr\/#organization\",\"name\":\"Easly.nl\",\"url\":\"https:\/\/www.easly.nl\/fr\/\",\"logo\":{\"@type\":\"ImageObject\",\"inLanguage\":\"fr-FR\",\"@id\":\"https:\/\/www.easly.nl\/fr\/#\/schema\/logo\/image\/\",\"url\":\"https:\/\/www.easly.nl\/wp-content\/uploads\/sites\/13\/2022\/10\/easly_logoslogan_color.png\",\"contentUrl\":\"https:\/\/www.easly.nl\/wp-content\/uploads\/sites\/13\/2022\/10\/easly_logoslogan_color.png\",\"width\":157,\"height\":38,\"caption\":\"Easly.nl\"},\"image\":{\"@id\":\"https:\/\/www.easly.nl\/fr\/#\/schema\/logo\/image\/\"}}]}<\/script>\n<!-- \/ Yoast SEO plugin. -->","yoast_head_json":{"title":"Autotest Vitamines et Min\u00e9raux \u2013 Easly","description":"Mesurez vos niveaux de vitamines et min\u00e9raux (D3, B12, fer et magn\u00e9sium) \u00e0 domicile avec l\u2019autotest Easly et recevez rapidement votre rapport.","robots":{"index":"index","follow":"follow","max-snippet":"max-snippet:-1","max-image-preview":"max-image-preview:large","max-video-preview":"max-video-preview:-1"},"canonical":"https:\/\/www.easly.nl\/fr\/test-de-sante-totale\/test-de-vitamines-et-mineraux\/","og_locale":"fr_FR","og_type":"article","og_title":"Autotest Vitamines et Min\u00e9raux \u2013 Easly","og_description":"Mesurez vos niveaux de vitamines et min\u00e9raux (D3, B12, fer et magn\u00e9sium) \u00e0 domicile avec l\u2019autotest Easly et recevez rapidement votre rapport.","og_url":"https:\/\/www.easly.nl\/fr\/test-de-sante-totale\/test-de-vitamines-et-mineraux\/","og_site_name":"Easly Shop","article_modified_time":"2025-09-18T16:20:13+00:00","og_image":[{"width":1044,"height":804,"url":"https:\/\/www.easly.nl\/wp-content\/uploads\/sites\/13\/2025\/09\/vi.png","type":"image\/png"}],"twitter_card":"summary_large_image","twitter_misc":{"Dur\u00e9e de lecture estim\u00e9e":"1 minute"},"schema":{"@context":"https:\/\/schema.org","@graph":[{"@type":"WebPage","@id":"https:\/\/www.easly.nl\/fr\/test-de-sante-totale\/test-de-vitamines-et-mineraux\/","url":"https:\/\/www.easly.nl\/fr\/test-de-sante-totale\/test-de-vitamines-et-mineraux\/","name":"Autotest Vitamines et Min\u00e9raux \u2013 Easly","isPartOf":{"@id":"https:\/\/www.easly.nl\/fr\/#website"},"primaryImageOfPage":{"@id":"https:\/\/www.easly.nl\/fr\/test-de-sante-totale\/test-de-vitamines-et-mineraux\/#primaryimage"},"image":{"@id":"https:\/\/www.easly.nl\/fr\/test-de-sante-totale\/test-de-vitamines-et-mineraux\/#primaryimage"},"thumbnailUrl":"https:\/\/www.easly.nl\/wp-content\/uploads\/sites\/13\/2025\/09\/vi.png","datePublished":"2025-09-18T07:23:10+00:00","dateModified":"2025-09-18T16:20:13+00:00","description":"Mesurez vos niveaux de vitamines et min\u00e9raux (D3, B12, fer et magn\u00e9sium) \u00e0 domicile avec l\u2019autotest Easly et recevez rapidement votre rapport.","breadcrumb":{"@id":"https:\/\/www.easly.nl\/fr\/test-de-sante-totale\/test-de-vitamines-et-mineraux\/#breadcrumb"},"inLanguage":"fr-FR","potentialAction":[{"@type":"ReadAction","target":["https:\/\/www.easly.nl\/fr\/test-de-sante-totale\/test-de-vitamines-et-mineraux\/"]}]},{"@type":"ImageObject","inLanguage":"fr-FR","@id":"https:\/\/www.easly.nl\/fr\/test-de-sante-totale\/test-de-vitamines-et-mineraux\/#primaryimage","url":"https:\/\/www.easly.nl\/wp-content\/uploads\/sites\/13\/2025\/09\/vi.png","contentUrl":"https:\/\/www.easly.nl\/wp-content\/uploads\/sites\/13\/2025\/09\/vi.png","width":1044,"height":804,"caption":"Af"},{"@type":"BreadcrumbList","@id":"https:\/\/www.easly.nl\/fr\/test-de-sante-totale\/test-de-vitamines-et-mineraux\/#breadcrumb","itemListElement":[{"@type":"ListItem","position":1,"name":"D'accueil","item":"https:\/\/www.easly.nl\/fr\/"},{"@type":"ListItem","position":2,"name":"Shop","item":"https:\/\/www.easly.nl\/fr\/shop\/"},{"@type":"ListItem","position":3,"name":"Test de vitamines et de min\u00e9raux"}]},{"@type":"WebSite","@id":"https:\/\/www.easly.nl\/fr\/#website","url":"https:\/\/www.easly.nl\/fr\/","name":"Easly Shop","description":"Safe &amp; simple online COVID testing","publisher":{"@id":"https:\/\/www.easly.nl\/fr\/#organization"},"potentialAction":[{"@type":"SearchAction","target":{"@type":"EntryPoint","urlTemplate":"https:\/\/www.easly.nl\/fr\/?s={search_term_string}"},"query-input":{"@type":"PropertyValueSpecification","valueRequired":true,"valueName":"search_term_string"}}],"inLanguage":"fr-FR"},{"@type":"Organization","@id":"https:\/\/www.easly.nl\/fr\/#organization","name":"Easly.nl","url":"https:\/\/www.easly.nl\/fr\/","logo":{"@type":"ImageObject","inLanguage":"fr-FR","@id":"https:\/\/www.easly.nl\/fr\/#\/schema\/logo\/image\/","url":"https:\/\/www.easly.nl\/wp-content\/uploads\/sites\/13\/2022\/10\/easly_logoslogan_color.png","contentUrl":"https:\/\/www.easly.nl\/wp-content\/uploads\/sites\/13\/2022\/10\/easly_logoslogan_color.png","width":157,"height":38,"caption":"Easly.nl"},"image":{"@id":"https:\/\/www.easly.nl\/fr\/#\/schema\/logo\/image\/"}}]}},"_links":{"self":[{"href":"https:\/\/www.easly.nl\/fr\/wp-json\/wp\/v2\/product\/67715","targetHints":{"allow":["GET"]}}],"collection":[{"href":"https:\/\/www.easly.nl\/fr\/wp-json\/wp\/v2\/product"}],"about":[{"href":"https:\/\/www.easly.nl\/fr\/wp-json\/wp\/v2\/types\/product"}],"version-history":[{"count":1,"href":"https:\/\/www.easly.nl\/fr\/wp-json\/wp\/v2\/product\/67715\/revisions"}],"predecessor-version":[{"id":67719,"href":"https:\/\/www.easly.nl\/fr\/wp-json\/wp\/v2\/product\/67715\/revisions\/67719"}],"wp:featuredmedia":[{"embeddable":true,"href":"https:\/\/www.easly.nl\/fr\/wp-json\/wp\/v2\/media\/67724"}],"wp:attachment":[{"href":"https:\/\/www.easly.nl\/fr\/wp-json\/wp\/v2\/media?parent=67715"}],"wp:term":[{"taxonomy":"product_cat","embeddable":true,"href":"https:\/\/www.easly.nl\/fr\/wp-json\/wp\/v2\/product_cat?post=67715"},{"taxonomy":"product_tag","embeddable":true,"href":"https:\/\/www.easly.nl\/fr\/wp-json\/wp\/v2\/product_tag?post=67715"}],"curies":[{"name":"wp","href":"https:\/\/api.w.org\/{rel}","templated":true}]}}