{"id":66577,"date":"2025-05-19T13:22:56","date_gmt":"2025-05-19T12:22:56","guid":{"rendered":"https:\/\/www.easly.nl\/product\/test-pharmacogenetique\/"},"modified":"2025-10-22T12:53:02","modified_gmt":"2025-10-22T11:53:02","slug":"test-pharmacogenetique","status":"publish","type":"product","link":"https:\/\/www.easly.nl\/fr\/pharmacogenetic-test\/","title":{"rendered":"Test pharmacog\u00e9n\u00e9tique : comprenez comment votre ADN influence votre r\u00e9action aux m\u00e9dicaments"},"content":{"rendered":"<p>La pharmacog\u00e9n\u00e9tique \u00e9tudie comment votre constitution g\u00e9n\u00e9tique influence la mani\u00e8re dont votre corps m\u00e9tabolise les m\u00e9dicaments. Certaines variations g\u00e9n\u00e9tiques ont en effet une influence sur la d\u00e9gradation ou l&#8217;absorption des m\u00e9dicaments, ce qui peut entra\u00eener des effets secondaires, une mauvaise r\u00e9ponse au traitement, voire des r\u00e9actions nocives. Un test pharmacog\u00e9n\u00e9tique permet toutefois de d\u00e9tecter ces risques \u00e0 un stade pr\u00e9coce et contribue ainsi \u00e0 prescrire des m\u00e9dicaments plus s\u00fbrs et plus efficaces.<\/p>\n","protected":false},"excerpt":{"rendered":"<p>Faites un test pharmacog\u00e9n\u00e9tique pour d\u00e9couvrir quels m\u00e9dicaments correspondent \u00e0 votre ADN. \u00c9vitez les effets secondaires, limitez le nombre de traitements \u00e0 l&#8217;essai et adaptez votre traitement \u00e0 vos souhaits personnels.<\/p>\n","protected":false},"featured_media":66634,"template":"","meta":{"_acf_changed":false,"footnotes":""},"product_cat":[435],"product_tag":[],"class_list":{"0":"post-66577","1":"product","2":"type-product","3":"status-publish","4":"has-post-thumbnail","6":"product_cat-non-classe","8":"first","9":"outofstock","10":"taxable","11":"shipping-taxable","12":"purchasable","13":"product-type-simple"},"acf":[],"yoast_head":"<!-- This site is optimized with the Yoast SEO plugin v24.3 - https:\/\/yoast.com\/wordpress\/plugins\/seo\/ -->\n<title>Test pharmacog\u00e9n\u00e9tique pour un traitement personnalis\u00e9<\/title>\n<meta name=\"description\" content=\"Faites un test pharmacog\u00e9n\u00e9tique pour d\u00e9couvrir quels m\u00e9dicaments correspondent \u00e0 votre ADN. \u00c9vitez les effets secondaires, r\u00e9duisez les essais et erreurs et personnalisez votre traitement.\" \/>\n<meta name=\"robots\" content=\"index, follow, max-snippet:-1, max-image-preview:large, max-video-preview:-1\" \/>\n<link rel=\"canonical\" href=\"https:\/\/www.easly.nl\/fr\/pharmacogenetic-test\/\" \/>\n<meta property=\"og:locale\" content=\"fr_FR\" \/>\n<meta property=\"og:type\" content=\"article\" \/>\n<meta property=\"og:title\" content=\"Test pharmacog\u00e9n\u00e9tique pour un traitement personnalis\u00e9\" \/>\n<meta property=\"og:description\" content=\"Faites un test pharmacog\u00e9n\u00e9tique pour d\u00e9couvrir quels m\u00e9dicaments correspondent \u00e0 votre ADN. \u00c9vitez les effets secondaires, r\u00e9duisez les essais et erreurs et personnalisez votre traitement.\" \/>\n<meta property=\"og:url\" content=\"https:\/\/www.easly.nl\/fr\/pharmacogenetic-test\/\" \/>\n<meta property=\"og:site_name\" content=\"Easly Shop\" \/>\n<meta property=\"article:modified_time\" content=\"2025-10-22T11:53:02+00:00\" \/>\n<meta property=\"og:image\" content=\"https:\/\/www.easly.nl\/wp-content\/uploads\/sites\/13\/2025\/05\/phar.webp\" \/>\n\t<meta property=\"og:image:width\" content=\"520\" \/>\n\t<meta property=\"og:image:height\" content=\"401\" \/>\n\t<meta property=\"og:image:type\" content=\"image\/webp\" \/>\n<meta name=\"twitter:card\" content=\"summary_large_image\" \/>\n<script type=\"application\/ld+json\" class=\"yoast-schema-graph\">{\"@context\":\"https:\/\/schema.org\",\"@graph\":[{\"@type\":\"WebPage\",\"@id\":\"https:\/\/www.easly.nl\/fr\/pharmacogenetic-test\/\",\"url\":\"https:\/\/www.easly.nl\/fr\/pharmacogenetic-test\/\",\"name\":\"Test pharmacog\u00e9n\u00e9tique pour un traitement personnalis\u00e9\",\"isPartOf\":{\"@id\":\"https:\/\/www.easly.nl\/fr\/#website\"},\"primaryImageOfPage\":{\"@id\":\"https:\/\/www.easly.nl\/fr\/pharmacogenetic-test\/#primaryimage\"},\"image\":{\"@id\":\"https:\/\/www.easly.nl\/fr\/pharmacogenetic-test\/#primaryimage\"},\"thumbnailUrl\":\"https:\/\/www.easly.nl\/wp-content\/uploads\/sites\/13\/2025\/05\/phar.webp\",\"datePublished\":\"2025-05-19T12:22:56+00:00\",\"dateModified\":\"2025-10-22T11:53:02+00:00\",\"description\":\"Faites un test pharmacog\u00e9n\u00e9tique pour d\u00e9couvrir quels m\u00e9dicaments correspondent \u00e0 votre ADN. \u00c9vitez les effets secondaires, r\u00e9duisez les essais et erreurs et personnalisez votre traitement.\",\"breadcrumb\":{\"@id\":\"https:\/\/www.easly.nl\/fr\/pharmacogenetic-test\/#breadcrumb\"},\"inLanguage\":\"fr-FR\",\"potentialAction\":[{\"@type\":\"ReadAction\",\"target\":[\"https:\/\/www.easly.nl\/fr\/pharmacogenetic-test\/\"]}]},{\"@type\":\"ImageObject\",\"inLanguage\":\"fr-FR\",\"@id\":\"https:\/\/www.easly.nl\/fr\/pharmacogenetic-test\/#primaryimage\",\"url\":\"https:\/\/www.easly.nl\/wp-content\/uploads\/sites\/13\/2025\/05\/phar.webp\",\"contentUrl\":\"https:\/\/www.easly.nl\/wp-content\/uploads\/sites\/13\/2025\/05\/phar.webp\",\"width\":520,\"height\":401},{\"@type\":\"BreadcrumbList\",\"@id\":\"https:\/\/www.easly.nl\/fr\/pharmacogenetic-test\/#breadcrumb\",\"itemListElement\":[{\"@type\":\"ListItem\",\"position\":1,\"name\":\"D'accueil\",\"item\":\"https:\/\/www.easly.nl\/fr\/\"},{\"@type\":\"ListItem\",\"position\":2,\"name\":\"Shop\",\"item\":\"https:\/\/www.easly.nl\/fr\/shop\/\"},{\"@type\":\"ListItem\",\"position\":3,\"name\":\"Test pharmacog\u00e9n\u00e9tique : comprenez comment votre ADN influence votre r\u00e9action aux m\u00e9dicaments\"}]},{\"@type\":\"WebSite\",\"@id\":\"https:\/\/www.easly.nl\/fr\/#website\",\"url\":\"https:\/\/www.easly.nl\/fr\/\",\"name\":\"Easly Shop\",\"description\":\"Safe &amp; simple online COVID testing\",\"publisher\":{\"@id\":\"https:\/\/www.easly.nl\/fr\/#organization\"},\"potentialAction\":[{\"@type\":\"SearchAction\",\"target\":{\"@type\":\"EntryPoint\",\"urlTemplate\":\"https:\/\/www.easly.nl\/fr\/?s={search_term_string}\"},\"query-input\":{\"@type\":\"PropertyValueSpecification\",\"valueRequired\":true,\"valueName\":\"search_term_string\"}}],\"inLanguage\":\"fr-FR\"},{\"@type\":\"Organization\",\"@id\":\"https:\/\/www.easly.nl\/fr\/#organization\",\"name\":\"Easly.nl\",\"url\":\"https:\/\/www.easly.nl\/fr\/\",\"logo\":{\"@type\":\"ImageObject\",\"inLanguage\":\"fr-FR\",\"@id\":\"https:\/\/www.easly.nl\/fr\/#\/schema\/logo\/image\/\",\"url\":\"https:\/\/www.easly.nl\/wp-content\/uploads\/sites\/13\/2022\/10\/easly_logoslogan_color.png\",\"contentUrl\":\"https:\/\/www.easly.nl\/wp-content\/uploads\/sites\/13\/2022\/10\/easly_logoslogan_color.png\",\"width\":157,\"height\":38,\"caption\":\"Easly.nl\"},\"image\":{\"@id\":\"https:\/\/www.easly.nl\/fr\/#\/schema\/logo\/image\/\"}}]}<\/script>\n<!-- \/ Yoast SEO plugin. -->","yoast_head_json":{"title":"Test pharmacog\u00e9n\u00e9tique pour un traitement personnalis\u00e9","description":"Faites un test pharmacog\u00e9n\u00e9tique pour d\u00e9couvrir quels m\u00e9dicaments correspondent \u00e0 votre ADN. \u00c9vitez les effets secondaires, r\u00e9duisez les essais et erreurs et personnalisez votre traitement.","robots":{"index":"index","follow":"follow","max-snippet":"max-snippet:-1","max-image-preview":"max-image-preview:large","max-video-preview":"max-video-preview:-1"},"canonical":"https:\/\/www.easly.nl\/fr\/pharmacogenetic-test\/","og_locale":"fr_FR","og_type":"article","og_title":"Test pharmacog\u00e9n\u00e9tique pour un traitement personnalis\u00e9","og_description":"Faites un test pharmacog\u00e9n\u00e9tique pour d\u00e9couvrir quels m\u00e9dicaments correspondent \u00e0 votre ADN. \u00c9vitez les effets secondaires, r\u00e9duisez les essais et erreurs et personnalisez votre traitement.","og_url":"https:\/\/www.easly.nl\/fr\/pharmacogenetic-test\/","og_site_name":"Easly Shop","article_modified_time":"2025-10-22T11:53:02+00:00","og_image":[{"width":520,"height":401,"url":"https:\/\/www.easly.nl\/wp-content\/uploads\/sites\/13\/2025\/05\/phar.webp","type":"image\/webp"}],"twitter_card":"summary_large_image","schema":{"@context":"https:\/\/schema.org","@graph":[{"@type":"WebPage","@id":"https:\/\/www.easly.nl\/fr\/pharmacogenetic-test\/","url":"https:\/\/www.easly.nl\/fr\/pharmacogenetic-test\/","name":"Test pharmacog\u00e9n\u00e9tique pour un traitement personnalis\u00e9","isPartOf":{"@id":"https:\/\/www.easly.nl\/fr\/#website"},"primaryImageOfPage":{"@id":"https:\/\/www.easly.nl\/fr\/pharmacogenetic-test\/#primaryimage"},"image":{"@id":"https:\/\/www.easly.nl\/fr\/pharmacogenetic-test\/#primaryimage"},"thumbnailUrl":"https:\/\/www.easly.nl\/wp-content\/uploads\/sites\/13\/2025\/05\/phar.webp","datePublished":"2025-05-19T12:22:56+00:00","dateModified":"2025-10-22T11:53:02+00:00","description":"Faites un test pharmacog\u00e9n\u00e9tique pour d\u00e9couvrir quels m\u00e9dicaments correspondent \u00e0 votre ADN. \u00c9vitez les effets secondaires, r\u00e9duisez les essais et erreurs et personnalisez votre traitement.","breadcrumb":{"@id":"https:\/\/www.easly.nl\/fr\/pharmacogenetic-test\/#breadcrumb"},"inLanguage":"fr-FR","potentialAction":[{"@type":"ReadAction","target":["https:\/\/www.easly.nl\/fr\/pharmacogenetic-test\/"]}]},{"@type":"ImageObject","inLanguage":"fr-FR","@id":"https:\/\/www.easly.nl\/fr\/pharmacogenetic-test\/#primaryimage","url":"https:\/\/www.easly.nl\/wp-content\/uploads\/sites\/13\/2025\/05\/phar.webp","contentUrl":"https:\/\/www.easly.nl\/wp-content\/uploads\/sites\/13\/2025\/05\/phar.webp","width":520,"height":401},{"@type":"BreadcrumbList","@id":"https:\/\/www.easly.nl\/fr\/pharmacogenetic-test\/#breadcrumb","itemListElement":[{"@type":"ListItem","position":1,"name":"D'accueil","item":"https:\/\/www.easly.nl\/fr\/"},{"@type":"ListItem","position":2,"name":"Shop","item":"https:\/\/www.easly.nl\/fr\/shop\/"},{"@type":"ListItem","position":3,"name":"Test pharmacog\u00e9n\u00e9tique : comprenez comment votre ADN influence votre r\u00e9action aux m\u00e9dicaments"}]},{"@type":"WebSite","@id":"https:\/\/www.easly.nl\/fr\/#website","url":"https:\/\/www.easly.nl\/fr\/","name":"Easly Shop","description":"Safe &amp; simple online COVID testing","publisher":{"@id":"https:\/\/www.easly.nl\/fr\/#organization"},"potentialAction":[{"@type":"SearchAction","target":{"@type":"EntryPoint","urlTemplate":"https:\/\/www.easly.nl\/fr\/?s={search_term_string}"},"query-input":{"@type":"PropertyValueSpecification","valueRequired":true,"valueName":"search_term_string"}}],"inLanguage":"fr-FR"},{"@type":"Organization","@id":"https:\/\/www.easly.nl\/fr\/#organization","name":"Easly.nl","url":"https:\/\/www.easly.nl\/fr\/","logo":{"@type":"ImageObject","inLanguage":"fr-FR","@id":"https:\/\/www.easly.nl\/fr\/#\/schema\/logo\/image\/","url":"https:\/\/www.easly.nl\/wp-content\/uploads\/sites\/13\/2022\/10\/easly_logoslogan_color.png","contentUrl":"https:\/\/www.easly.nl\/wp-content\/uploads\/sites\/13\/2022\/10\/easly_logoslogan_color.png","width":157,"height":38,"caption":"Easly.nl"},"image":{"@id":"https:\/\/www.easly.nl\/fr\/#\/schema\/logo\/image\/"}}]}},"_links":{"self":[{"href":"https:\/\/www.easly.nl\/fr\/wp-json\/wp\/v2\/product\/66577","targetHints":{"allow":["GET"]}}],"collection":[{"href":"https:\/\/www.easly.nl\/fr\/wp-json\/wp\/v2\/product"}],"about":[{"href":"https:\/\/www.easly.nl\/fr\/wp-json\/wp\/v2\/types\/product"}],"version-history":[{"count":2,"href":"https:\/\/www.easly.nl\/fr\/wp-json\/wp\/v2\/product\/66577\/revisions"}],"predecessor-version":[{"id":68031,"href":"https:\/\/www.easly.nl\/fr\/wp-json\/wp\/v2\/product\/66577\/revisions\/68031"}],"wp:featuredmedia":[{"embeddable":true,"href":"https:\/\/www.easly.nl\/fr\/wp-json\/wp\/v2\/media\/66634"}],"wp:attachment":[{"href":"https:\/\/www.easly.nl\/fr\/wp-json\/wp\/v2\/media?parent=66577"}],"wp:term":[{"taxonomy":"product_cat","embeddable":true,"href":"https:\/\/www.easly.nl\/fr\/wp-json\/wp\/v2\/product_cat?post=66577"},{"taxonomy":"product_tag","embeddable":true,"href":"https:\/\/www.easly.nl\/fr\/wp-json\/wp\/v2\/product_tag?post=66577"}],"curies":[{"name":"wp","href":"https:\/\/api.w.org\/{rel}","templated":true}]}}