{"id":65059,"date":"2025-06-25T08:37:58","date_gmt":"2025-06-25T07:38:02","guid":{"rendered":"https:\/\/www.easly.nl\/?post_type=product&#038;p=65059"},"modified":"2025-10-31T11:46:19","modified_gmt":"2025-10-31T10:46:19","slug":"test-du-microbiome","status":"publish","type":"product","link":"https:\/\/www.easly.nl\/fr\/test-du-microbiome\/","title":{"rendered":"Test du microbiome"},"content":{"rendered":"<p>Prenez soin de votre sant\u00e9 intestinale gr\u00e2ce au Test Microbiome Facile.<\/p>\n<p>Souffrez-vous r\u00e9guli\u00e8rement de ballonnements, de troubles du transit ou de manque d&#8217;\u00e9nergie\u00a0? D\u00e9couvrez ce qui se passe r\u00e9ellement dans votre intestin gr\u00e2ce \u00e0 une analyse compl\u00e8te de votre microbiome. Vous recevrez des r\u00e9sultats clairs qui vous \u00e9claireront sur l&#8217;\u00e9quilibre de votre flore intestinale. Un premier pas important vers une digestion plus saine et une vitalit\u00e9 accrue.<\/p>\n<p>Envie d&#8217;appliquer ces informations \u00e0 votre alimentation\u00a0? Compl\u00e9tez le test avec <strong>le journal alimentaire<\/strong> (30\u00a0\u20ac). Vous recevrez ainsi des recommandations personnalis\u00e9es en fonction de vos habitudes alimentaires et de votre profil intestinal.<\/p>\n<p><strong>Principaux avantages\u00a0:<\/strong><\/p>\n<ul>\n<li>Analyse de l&#8217;\u00e9quilibre de votre microbiome intestinal<\/li>\n<li>Favorise une digestion saine et un bon \u00e9quilibre \u00e9nerg\u00e9tique<\/li>\n<li>Bas\u00e9 sur des recherches scientifiques valid\u00e9es<\/li>\n<\/ul>\n","protected":false},"excerpt":{"rendered":"<p>Une analyse microbiologique pr\u00e9cise de votre flore intestinale, \u00e9ventuellement accompagn\u00e9e d&#8217;un journal alimentaire personnalis\u00e9, afin de pouvoir aborder de mani\u00e8re cibl\u00e9e les probl\u00e8mes intestinaux par la nutrition.<\/p>\n","protected":false},"featured_media":65204,"template":"","meta":{"_acf_changed":false,"footnotes":""},"product_cat":[1009,435],"product_tag":[1995],"class_list":{"0":"post-65059","1":"product","2":"type-product","3":"status-publish","4":"has-post-thumbnail","6":"product_cat-microbiome-fr","7":"product_cat-non-classe","8":"product_tag-recommandations-nutritionnelles","10":"first","11":"instock","12":"sale","13":"taxable","14":"shipping-taxable","15":"purchasable","16":"product-type-simple"},"acf":[],"yoast_head":"<!-- This site is optimized with the Yoast SEO plugin v24.3 - https:\/\/yoast.com\/wordpress\/plugins\/seo\/ -->\n<title>D\u00e9couvrez votre sant\u00e9 intestinale gr\u00e2ce au test Easy Microbiome.<\/title>\n<meta name=\"description\" content=\"Vous souffrez de ballonnements ou de fatigue ? Le test Easy Microbiome vous renseigne sur votre flore intestinale et contribue \u00e0 am\u00e9liorer votre digestion.\" \/>\n<meta name=\"robots\" content=\"index, follow, max-snippet:-1, max-image-preview:large, max-video-preview:-1\" \/>\n<link rel=\"canonical\" href=\"https:\/\/www.easly.nl\/fr\/test-du-microbiome\/\" \/>\n<meta property=\"og:locale\" content=\"fr_FR\" \/>\n<meta property=\"og:type\" content=\"article\" \/>\n<meta property=\"og:title\" content=\"D\u00e9couvrez votre sant\u00e9 intestinale gr\u00e2ce au test Easy Microbiome.\" \/>\n<meta property=\"og:description\" content=\"Vous souffrez de ballonnements ou de fatigue ? Le test Easy Microbiome vous renseigne sur votre flore intestinale et contribue \u00e0 am\u00e9liorer votre digestion.\" \/>\n<meta property=\"og:url\" content=\"https:\/\/www.easly.nl\/fr\/test-du-microbiome\/\" \/>\n<meta property=\"og:site_name\" content=\"Easly Shop\" \/>\n<meta property=\"article:modified_time\" content=\"2025-10-31T10:46:19+00:00\" \/>\n<meta property=\"og:image\" content=\"https:\/\/www.easly.nl\/wp-content\/uploads\/sites\/13\/2025\/06\/Microbiome-food-simpl.webp\" \/>\n\t<meta property=\"og:image:width\" content=\"780\" \/>\n\t<meta property=\"og:image:height\" content=\"601\" \/>\n\t<meta property=\"og:image:type\" content=\"image\/webp\" \/>\n<meta name=\"twitter:card\" content=\"summary_large_image\" \/>\n<meta name=\"twitter:label1\" content=\"Dur\u00e9e de lecture estim\u00e9e\" \/>\n\t<meta name=\"twitter:data1\" content=\"1 minute\" \/>\n<script type=\"application\/ld+json\" class=\"yoast-schema-graph\">{\"@context\":\"https:\/\/schema.org\",\"@graph\":[{\"@type\":\"WebPage\",\"@id\":\"https:\/\/www.easly.nl\/fr\/test-du-microbiome\/\",\"url\":\"https:\/\/www.easly.nl\/fr\/test-du-microbiome\/\",\"name\":\"D\u00e9couvrez votre sant\u00e9 intestinale gr\u00e2ce au test Easy Microbiome.\",\"isPartOf\":{\"@id\":\"https:\/\/www.easly.nl\/fr\/#website\"},\"primaryImageOfPage\":{\"@id\":\"https:\/\/www.easly.nl\/fr\/test-du-microbiome\/#primaryimage\"},\"image\":{\"@id\":\"https:\/\/www.easly.nl\/fr\/test-du-microbiome\/#primaryimage\"},\"thumbnailUrl\":\"https:\/\/www.easly.nl\/wp-content\/uploads\/sites\/13\/2025\/06\/Microbiome-food-simpl.webp\",\"datePublished\":\"2025-06-25T07:38:02+00:00\",\"dateModified\":\"2025-10-31T10:46:19+00:00\",\"description\":\"Vous souffrez de ballonnements ou de fatigue ? Le test Easy Microbiome vous renseigne sur votre flore intestinale et contribue \u00e0 am\u00e9liorer votre digestion.\",\"breadcrumb\":{\"@id\":\"https:\/\/www.easly.nl\/fr\/test-du-microbiome\/#breadcrumb\"},\"inLanguage\":\"fr-FR\",\"potentialAction\":[{\"@type\":\"ReadAction\",\"target\":[\"https:\/\/www.easly.nl\/fr\/test-du-microbiome\/\"]}]},{\"@type\":\"ImageObject\",\"inLanguage\":\"fr-FR\",\"@id\":\"https:\/\/www.easly.nl\/fr\/test-du-microbiome\/#primaryimage\",\"url\":\"https:\/\/www.easly.nl\/wp-content\/uploads\/sites\/13\/2025\/06\/Microbiome-food-simpl.webp\",\"contentUrl\":\"https:\/\/www.easly.nl\/wp-content\/uploads\/sites\/13\/2025\/06\/Microbiome-food-simpl.webp\",\"width\":780,\"height\":601},{\"@type\":\"BreadcrumbList\",\"@id\":\"https:\/\/www.easly.nl\/fr\/test-du-microbiome\/#breadcrumb\",\"itemListElement\":[{\"@type\":\"ListItem\",\"position\":1,\"name\":\"D'accueil\",\"item\":\"https:\/\/www.easly.nl\/fr\/\"},{\"@type\":\"ListItem\",\"position\":2,\"name\":\"Shop\",\"item\":\"https:\/\/www.easly.nl\/fr\/shop\/\"},{\"@type\":\"ListItem\",\"position\":3,\"name\":\"Test du microbiome\"}]},{\"@type\":\"WebSite\",\"@id\":\"https:\/\/www.easly.nl\/fr\/#website\",\"url\":\"https:\/\/www.easly.nl\/fr\/\",\"name\":\"Easly Shop\",\"description\":\"Safe &amp; simple online COVID testing\",\"publisher\":{\"@id\":\"https:\/\/www.easly.nl\/fr\/#organization\"},\"potentialAction\":[{\"@type\":\"SearchAction\",\"target\":{\"@type\":\"EntryPoint\",\"urlTemplate\":\"https:\/\/www.easly.nl\/fr\/?s={search_term_string}\"},\"query-input\":{\"@type\":\"PropertyValueSpecification\",\"valueRequired\":true,\"valueName\":\"search_term_string\"}}],\"inLanguage\":\"fr-FR\"},{\"@type\":\"Organization\",\"@id\":\"https:\/\/www.easly.nl\/fr\/#organization\",\"name\":\"Easly.nl\",\"url\":\"https:\/\/www.easly.nl\/fr\/\",\"logo\":{\"@type\":\"ImageObject\",\"inLanguage\":\"fr-FR\",\"@id\":\"https:\/\/www.easly.nl\/fr\/#\/schema\/logo\/image\/\",\"url\":\"https:\/\/www.easly.nl\/wp-content\/uploads\/sites\/13\/2022\/10\/easly_logoslogan_color.png\",\"contentUrl\":\"https:\/\/www.easly.nl\/wp-content\/uploads\/sites\/13\/2022\/10\/easly_logoslogan_color.png\",\"width\":157,\"height\":38,\"caption\":\"Easly.nl\"},\"image\":{\"@id\":\"https:\/\/www.easly.nl\/fr\/#\/schema\/logo\/image\/\"}}]}<\/script>\n<!-- \/ Yoast SEO plugin. -->","yoast_head_json":{"title":"D\u00e9couvrez votre sant\u00e9 intestinale gr\u00e2ce au test Easy Microbiome.","description":"Vous souffrez de ballonnements ou de fatigue ? Le test Easy Microbiome vous renseigne sur votre flore intestinale et contribue \u00e0 am\u00e9liorer votre digestion.","robots":{"index":"index","follow":"follow","max-snippet":"max-snippet:-1","max-image-preview":"max-image-preview:large","max-video-preview":"max-video-preview:-1"},"canonical":"https:\/\/www.easly.nl\/fr\/test-du-microbiome\/","og_locale":"fr_FR","og_type":"article","og_title":"D\u00e9couvrez votre sant\u00e9 intestinale gr\u00e2ce au test Easy Microbiome.","og_description":"Vous souffrez de ballonnements ou de fatigue ? Le test Easy Microbiome vous renseigne sur votre flore intestinale et contribue \u00e0 am\u00e9liorer votre digestion.","og_url":"https:\/\/www.easly.nl\/fr\/test-du-microbiome\/","og_site_name":"Easly Shop","article_modified_time":"2025-10-31T10:46:19+00:00","og_image":[{"width":780,"height":601,"url":"https:\/\/www.easly.nl\/wp-content\/uploads\/sites\/13\/2025\/06\/Microbiome-food-simpl.webp","type":"image\/webp"}],"twitter_card":"summary_large_image","twitter_misc":{"Dur\u00e9e de lecture estim\u00e9e":"1 minute"},"schema":{"@context":"https:\/\/schema.org","@graph":[{"@type":"WebPage","@id":"https:\/\/www.easly.nl\/fr\/test-du-microbiome\/","url":"https:\/\/www.easly.nl\/fr\/test-du-microbiome\/","name":"D\u00e9couvrez votre sant\u00e9 intestinale gr\u00e2ce au test Easy Microbiome.","isPartOf":{"@id":"https:\/\/www.easly.nl\/fr\/#website"},"primaryImageOfPage":{"@id":"https:\/\/www.easly.nl\/fr\/test-du-microbiome\/#primaryimage"},"image":{"@id":"https:\/\/www.easly.nl\/fr\/test-du-microbiome\/#primaryimage"},"thumbnailUrl":"https:\/\/www.easly.nl\/wp-content\/uploads\/sites\/13\/2025\/06\/Microbiome-food-simpl.webp","datePublished":"2025-06-25T07:38:02+00:00","dateModified":"2025-10-31T10:46:19+00:00","description":"Vous souffrez de ballonnements ou de fatigue ? Le test Easy Microbiome vous renseigne sur votre flore intestinale et contribue \u00e0 am\u00e9liorer votre digestion.","breadcrumb":{"@id":"https:\/\/www.easly.nl\/fr\/test-du-microbiome\/#breadcrumb"},"inLanguage":"fr-FR","potentialAction":[{"@type":"ReadAction","target":["https:\/\/www.easly.nl\/fr\/test-du-microbiome\/"]}]},{"@type":"ImageObject","inLanguage":"fr-FR","@id":"https:\/\/www.easly.nl\/fr\/test-du-microbiome\/#primaryimage","url":"https:\/\/www.easly.nl\/wp-content\/uploads\/sites\/13\/2025\/06\/Microbiome-food-simpl.webp","contentUrl":"https:\/\/www.easly.nl\/wp-content\/uploads\/sites\/13\/2025\/06\/Microbiome-food-simpl.webp","width":780,"height":601},{"@type":"BreadcrumbList","@id":"https:\/\/www.easly.nl\/fr\/test-du-microbiome\/#breadcrumb","itemListElement":[{"@type":"ListItem","position":1,"name":"D'accueil","item":"https:\/\/www.easly.nl\/fr\/"},{"@type":"ListItem","position":2,"name":"Shop","item":"https:\/\/www.easly.nl\/fr\/shop\/"},{"@type":"ListItem","position":3,"name":"Test du microbiome"}]},{"@type":"WebSite","@id":"https:\/\/www.easly.nl\/fr\/#website","url":"https:\/\/www.easly.nl\/fr\/","name":"Easly Shop","description":"Safe &amp; simple online COVID testing","publisher":{"@id":"https:\/\/www.easly.nl\/fr\/#organization"},"potentialAction":[{"@type":"SearchAction","target":{"@type":"EntryPoint","urlTemplate":"https:\/\/www.easly.nl\/fr\/?s={search_term_string}"},"query-input":{"@type":"PropertyValueSpecification","valueRequired":true,"valueName":"search_term_string"}}],"inLanguage":"fr-FR"},{"@type":"Organization","@id":"https:\/\/www.easly.nl\/fr\/#organization","name":"Easly.nl","url":"https:\/\/www.easly.nl\/fr\/","logo":{"@type":"ImageObject","inLanguage":"fr-FR","@id":"https:\/\/www.easly.nl\/fr\/#\/schema\/logo\/image\/","url":"https:\/\/www.easly.nl\/wp-content\/uploads\/sites\/13\/2022\/10\/easly_logoslogan_color.png","contentUrl":"https:\/\/www.easly.nl\/wp-content\/uploads\/sites\/13\/2022\/10\/easly_logoslogan_color.png","width":157,"height":38,"caption":"Easly.nl"},"image":{"@id":"https:\/\/www.easly.nl\/fr\/#\/schema\/logo\/image\/"}}]}},"_links":{"self":[{"href":"https:\/\/www.easly.nl\/fr\/wp-json\/wp\/v2\/product\/65059","targetHints":{"allow":["GET"]}}],"collection":[{"href":"https:\/\/www.easly.nl\/fr\/wp-json\/wp\/v2\/product"}],"about":[{"href":"https:\/\/www.easly.nl\/fr\/wp-json\/wp\/v2\/types\/product"}],"version-history":[{"count":5,"href":"https:\/\/www.easly.nl\/fr\/wp-json\/wp\/v2\/product\/65059\/revisions"}],"predecessor-version":[{"id":68308,"href":"https:\/\/www.easly.nl\/fr\/wp-json\/wp\/v2\/product\/65059\/revisions\/68308"}],"wp:featuredmedia":[{"embeddable":true,"href":"https:\/\/www.easly.nl\/fr\/wp-json\/wp\/v2\/media\/65204"}],"wp:attachment":[{"href":"https:\/\/www.easly.nl\/fr\/wp-json\/wp\/v2\/media?parent=65059"}],"wp:term":[{"taxonomy":"product_cat","embeddable":true,"href":"https:\/\/www.easly.nl\/fr\/wp-json\/wp\/v2\/product_cat?post=65059"},{"taxonomy":"product_tag","embeddable":true,"href":"https:\/\/www.easly.nl\/fr\/wp-json\/wp\/v2\/product_tag?post=65059"}],"curies":[{"name":"wp","href":"https:\/\/api.w.org\/{rel}","templated":true}]}}