{"id":59438,"date":"2025-04-10T14:55:32","date_gmt":"2025-04-10T13:55:36","guid":{"rendered":"https:\/\/www.easly.nl\/?post_type=product&#038;p=59438"},"modified":"2026-02-27T11:19:05","modified_gmt":"2026-02-27T10:19:05","slug":"test-sanguin-de-la-ferritine-kopie","status":"publish","type":"product","link":"https:\/\/www.easly.nl\/fr\/test-sanguin-personnalise","title":{"rendered":"Test sanguin personnalis\u00e9"},"content":{"rendered":"<p>Votre sant\u00e9 est personnelle, vos tests doivent donc l&#8217;\u00eatre aussi. Gr\u00e2ce au test sanguin personnalis\u00e9 d&#8217;Easly, vous d\u00e9terminez les biomarqueurs qui sont les plus importants pour vous. Que vous souhaitiez suivre vos apports en vitamines, surveiller vos hormones ou contr\u00f4ler votre cholest\u00e9rol et votre glyc\u00e9mie, nos tests sanguins \u00e0 la demande vous permettent de garder le contr\u00f4le. Pas de tests inutiles, pas d&#8217;attente, seulement des r\u00e9sultats fiables et pr\u00e9cis, certifi\u00e9s par des laboratoires agr\u00e9\u00e9s et transmis en toute s\u00e9curit\u00e9 via l&#8217;application sur votre t\u00e9l\u00e9phone.<\/p>\n","protected":false},"excerpt":{"rendered":"<p>Prenez votre sant\u00e9 en main gr\u00e2ce au test sanguin personnalis\u00e9 d&#8217;Easly. Choisissez les biomarqueurs qui vous importent et recevez des r\u00e9sultats fiables directement dans l&#8217;application. Pas de tests inutiles, seulement des informations concr\u00e8tes.<\/p>\n","protected":false},"featured_media":59722,"template":"","meta":{"_acf_changed":false,"footnotes":""},"product_cat":[429,435,510],"product_tag":[867],"class_list":{"0":"post-59438","1":"product","2":"type-product","3":"status-publish","4":"has-post-thumbnail","6":"product_cat-sante-generale","7":"product_cat-non-classe","8":"product_cat-sans-categorie","9":"product_tag-interpretation-et-conseils-medicaux","11":"first","12":"instock","13":"taxable","14":"shipping-taxable","15":"purchasable","16":"product-type-simple"},"acf":[],"yoast_head":"<!-- This site is optimized with the Yoast SEO plugin v24.3 - https:\/\/yoast.com\/wordpress\/plugins\/seo\/ -->\n<title>Test sanguin personnalis\u00e9 \u2013 Choisissez votre propre bilan de sant\u00e9 | Easly<\/title>\n<meta name=\"description\" content=\"Prenez votre sant\u00e9 en main gr\u00e2ce au test sanguin personnalis\u00e9 d&#039;Easly. Choisissez les biomarqueurs qui vous importent et recevez des r\u00e9sultats fiables directement dans l&#039;application. Pas de tests inutiles, seulement des informations concr\u00e8tes.\" \/>\n<meta name=\"robots\" content=\"index, follow, max-snippet:-1, max-image-preview:large, max-video-preview:-1\" \/>\n<link rel=\"canonical\" href=\"https:\/\/www.easly.nl\/fr\/test-sanguin-personnalise\/\" \/>\n<meta property=\"og:locale\" content=\"fr_FR\" \/>\n<meta property=\"og:type\" content=\"article\" \/>\n<meta property=\"og:title\" content=\"Test sanguin personnalis\u00e9 \u2013 Choisissez votre propre bilan de sant\u00e9 | Easly\" \/>\n<meta property=\"og:description\" content=\"Prenez votre sant\u00e9 en main gr\u00e2ce au test sanguin personnalis\u00e9 d&#039;Easly. Choisissez les biomarqueurs qui vous importent et recevez des r\u00e9sultats fiables directement dans l&#039;application. Pas de tests inutiles, seulement des informations concr\u00e8tes.\" \/>\n<meta property=\"og:url\" content=\"https:\/\/www.easly.nl\/fr\/test-sanguin-personnalise\" \/>\n<meta property=\"og:site_name\" content=\"Easly Shop\" \/>\n<meta property=\"article:modified_time\" content=\"2026-02-27T10:19:05+00:00\" \/>\n<meta property=\"og:image\" content=\"https:\/\/www.easly.nl\/wp-content\/uploads\/sites\/13\/2025\/04\/custom-blood-test.webp\" \/>\n\t<meta property=\"og:image:width\" content=\"1040\" \/>\n\t<meta property=\"og:image:height\" content=\"801\" \/>\n\t<meta property=\"og:image:type\" content=\"image\/webp\" \/>\n<meta name=\"twitter:card\" content=\"summary_large_image\" \/>\n<meta name=\"twitter:label1\" content=\"Dur\u00e9e de lecture estim\u00e9e\" \/>\n\t<meta name=\"twitter:data1\" content=\"1 minute\" \/>\n<script type=\"application\/ld+json\" class=\"yoast-schema-graph\">{\"@context\":\"https:\/\/schema.org\",\"@graph\":[{\"@type\":\"WebPage\",\"@id\":\"https:\/\/www.easly.nl\/fr\/test-sanguin-personnalise\",\"url\":\"https:\/\/www.easly.nl\/fr\/test-sanguin-personnalise\",\"name\":\"Test sanguin personnalis\u00e9 \u2013 Choisissez votre propre bilan de sant\u00e9 | Easly\",\"isPartOf\":{\"@id\":\"https:\/\/www.easly.nl\/fr\/#website\"},\"primaryImageOfPage\":{\"@id\":\"https:\/\/www.easly.nl\/fr\/test-sanguin-personnalise#primaryimage\"},\"image\":{\"@id\":\"https:\/\/www.easly.nl\/fr\/test-sanguin-personnalise#primaryimage\"},\"thumbnailUrl\":\"https:\/\/www.easly.nl\/wp-content\/uploads\/sites\/13\/2025\/04\/custom-blood-test.webp\",\"datePublished\":\"2025-04-10T13:55:36+00:00\",\"dateModified\":\"2026-02-27T10:19:05+00:00\",\"description\":\"Prenez votre sant\u00e9 en main gr\u00e2ce au test sanguin personnalis\u00e9 d'Easly. Choisissez les biomarqueurs qui vous importent et recevez des r\u00e9sultats fiables directement dans l'application. Pas de tests inutiles, seulement des informations concr\u00e8tes.\",\"breadcrumb\":{\"@id\":\"https:\/\/www.easly.nl\/fr\/test-sanguin-personnalise#breadcrumb\"},\"inLanguage\":\"fr-FR\",\"potentialAction\":[{\"@type\":\"ReadAction\",\"target\":[\"https:\/\/www.easly.nl\/fr\/test-sanguin-personnalise\"]}]},{\"@type\":\"ImageObject\",\"inLanguage\":\"fr-FR\",\"@id\":\"https:\/\/www.easly.nl\/fr\/test-sanguin-personnalise#primaryimage\",\"url\":\"https:\/\/www.easly.nl\/wp-content\/uploads\/sites\/13\/2025\/04\/custom-blood-test.webp\",\"contentUrl\":\"https:\/\/www.easly.nl\/wp-content\/uploads\/sites\/13\/2025\/04\/custom-blood-test.webp\",\"width\":1040,\"height\":801,\"caption\":\"custom-blood-test\"},{\"@type\":\"BreadcrumbList\",\"@id\":\"https:\/\/www.easly.nl\/fr\/test-sanguin-personnalise#breadcrumb\",\"itemListElement\":[{\"@type\":\"ListItem\",\"position\":1,\"name\":\"D'accueil\",\"item\":\"https:\/\/www.easly.nl\/fr\/\"},{\"@type\":\"ListItem\",\"position\":2,\"name\":\"Shop\",\"item\":\"https:\/\/www.easly.nl\/fr\/shop\/\"},{\"@type\":\"ListItem\",\"position\":3,\"name\":\"Test sanguin personnalis\u00e9\"}]},{\"@type\":\"WebSite\",\"@id\":\"https:\/\/www.easly.nl\/fr\/#website\",\"url\":\"https:\/\/www.easly.nl\/fr\/\",\"name\":\"Easly Shop\",\"description\":\"Safe &amp; simple online COVID testing\",\"publisher\":{\"@id\":\"https:\/\/www.easly.nl\/fr\/#organization\"},\"potentialAction\":[{\"@type\":\"SearchAction\",\"target\":{\"@type\":\"EntryPoint\",\"urlTemplate\":\"https:\/\/www.easly.nl\/fr\/?s={search_term_string}\"},\"query-input\":{\"@type\":\"PropertyValueSpecification\",\"valueRequired\":true,\"valueName\":\"search_term_string\"}}],\"inLanguage\":\"fr-FR\"},{\"@type\":\"Organization\",\"@id\":\"https:\/\/www.easly.nl\/fr\/#organization\",\"name\":\"Easly.nl\",\"url\":\"https:\/\/www.easly.nl\/fr\/\",\"logo\":{\"@type\":\"ImageObject\",\"inLanguage\":\"fr-FR\",\"@id\":\"https:\/\/www.easly.nl\/fr\/#\/schema\/logo\/image\/\",\"url\":\"https:\/\/www.easly.nl\/wp-content\/uploads\/sites\/13\/2022\/10\/easly_logoslogan_color.png\",\"contentUrl\":\"https:\/\/www.easly.nl\/wp-content\/uploads\/sites\/13\/2022\/10\/easly_logoslogan_color.png\",\"width\":157,\"height\":38,\"caption\":\"Easly.nl\"},\"image\":{\"@id\":\"https:\/\/www.easly.nl\/fr\/#\/schema\/logo\/image\/\"}}]}<\/script>\n<!-- \/ Yoast SEO plugin. -->","yoast_head_json":{"title":"Test sanguin personnalis\u00e9 \u2013 Choisissez votre propre bilan de sant\u00e9 | Easly","description":"Prenez votre sant\u00e9 en main gr\u00e2ce au test sanguin personnalis\u00e9 d'Easly. Choisissez les biomarqueurs qui vous importent et recevez des r\u00e9sultats fiables directement dans l'application. Pas de tests inutiles, seulement des informations concr\u00e8tes.","robots":{"index":"index","follow":"follow","max-snippet":"max-snippet:-1","max-image-preview":"max-image-preview:large","max-video-preview":"max-video-preview:-1"},"canonical":"https:\/\/www.easly.nl\/fr\/test-sanguin-personnalise\/","og_locale":"fr_FR","og_type":"article","og_title":"Test sanguin personnalis\u00e9 \u2013 Choisissez votre propre bilan de sant\u00e9 | Easly","og_description":"Prenez votre sant\u00e9 en main gr\u00e2ce au test sanguin personnalis\u00e9 d'Easly. Choisissez les biomarqueurs qui vous importent et recevez des r\u00e9sultats fiables directement dans l'application. Pas de tests inutiles, seulement des informations concr\u00e8tes.","og_url":"https:\/\/www.easly.nl\/fr\/test-sanguin-personnalise","og_site_name":"Easly Shop","article_modified_time":"2026-02-27T10:19:05+00:00","og_image":[{"width":1040,"height":801,"url":"https:\/\/www.easly.nl\/wp-content\/uploads\/sites\/13\/2025\/04\/custom-blood-test.webp","type":"image\/webp"}],"twitter_card":"summary_large_image","twitter_misc":{"Dur\u00e9e de lecture estim\u00e9e":"1 minute"},"schema":{"@context":"https:\/\/schema.org","@graph":[{"@type":"WebPage","@id":"https:\/\/www.easly.nl\/fr\/test-sanguin-personnalise","url":"https:\/\/www.easly.nl\/fr\/test-sanguin-personnalise","name":"Test sanguin personnalis\u00e9 \u2013 Choisissez votre propre bilan de sant\u00e9 | Easly","isPartOf":{"@id":"https:\/\/www.easly.nl\/fr\/#website"},"primaryImageOfPage":{"@id":"https:\/\/www.easly.nl\/fr\/test-sanguin-personnalise#primaryimage"},"image":{"@id":"https:\/\/www.easly.nl\/fr\/test-sanguin-personnalise#primaryimage"},"thumbnailUrl":"https:\/\/www.easly.nl\/wp-content\/uploads\/sites\/13\/2025\/04\/custom-blood-test.webp","datePublished":"2025-04-10T13:55:36+00:00","dateModified":"2026-02-27T10:19:05+00:00","description":"Prenez votre sant\u00e9 en main gr\u00e2ce au test sanguin personnalis\u00e9 d'Easly. Choisissez les biomarqueurs qui vous importent et recevez des r\u00e9sultats fiables directement dans l'application. Pas de tests inutiles, seulement des informations concr\u00e8tes.","breadcrumb":{"@id":"https:\/\/www.easly.nl\/fr\/test-sanguin-personnalise#breadcrumb"},"inLanguage":"fr-FR","potentialAction":[{"@type":"ReadAction","target":["https:\/\/www.easly.nl\/fr\/test-sanguin-personnalise"]}]},{"@type":"ImageObject","inLanguage":"fr-FR","@id":"https:\/\/www.easly.nl\/fr\/test-sanguin-personnalise#primaryimage","url":"https:\/\/www.easly.nl\/wp-content\/uploads\/sites\/13\/2025\/04\/custom-blood-test.webp","contentUrl":"https:\/\/www.easly.nl\/wp-content\/uploads\/sites\/13\/2025\/04\/custom-blood-test.webp","width":1040,"height":801,"caption":"custom-blood-test"},{"@type":"BreadcrumbList","@id":"https:\/\/www.easly.nl\/fr\/test-sanguin-personnalise#breadcrumb","itemListElement":[{"@type":"ListItem","position":1,"name":"D'accueil","item":"https:\/\/www.easly.nl\/fr\/"},{"@type":"ListItem","position":2,"name":"Shop","item":"https:\/\/www.easly.nl\/fr\/shop\/"},{"@type":"ListItem","position":3,"name":"Test sanguin personnalis\u00e9"}]},{"@type":"WebSite","@id":"https:\/\/www.easly.nl\/fr\/#website","url":"https:\/\/www.easly.nl\/fr\/","name":"Easly Shop","description":"Safe &amp; simple online COVID testing","publisher":{"@id":"https:\/\/www.easly.nl\/fr\/#organization"},"potentialAction":[{"@type":"SearchAction","target":{"@type":"EntryPoint","urlTemplate":"https:\/\/www.easly.nl\/fr\/?s={search_term_string}"},"query-input":{"@type":"PropertyValueSpecification","valueRequired":true,"valueName":"search_term_string"}}],"inLanguage":"fr-FR"},{"@type":"Organization","@id":"https:\/\/www.easly.nl\/fr\/#organization","name":"Easly.nl","url":"https:\/\/www.easly.nl\/fr\/","logo":{"@type":"ImageObject","inLanguage":"fr-FR","@id":"https:\/\/www.easly.nl\/fr\/#\/schema\/logo\/image\/","url":"https:\/\/www.easly.nl\/wp-content\/uploads\/sites\/13\/2022\/10\/easly_logoslogan_color.png","contentUrl":"https:\/\/www.easly.nl\/wp-content\/uploads\/sites\/13\/2022\/10\/easly_logoslogan_color.png","width":157,"height":38,"caption":"Easly.nl"},"image":{"@id":"https:\/\/www.easly.nl\/fr\/#\/schema\/logo\/image\/"}}]}},"_links":{"self":[{"href":"https:\/\/www.easly.nl\/fr\/wp-json\/wp\/v2\/product\/59438","targetHints":{"allow":["GET"]}}],"collection":[{"href":"https:\/\/www.easly.nl\/fr\/wp-json\/wp\/v2\/product"}],"about":[{"href":"https:\/\/www.easly.nl\/fr\/wp-json\/wp\/v2\/types\/product"}],"version-history":[{"count":1,"href":"https:\/\/www.easly.nl\/fr\/wp-json\/wp\/v2\/product\/59438\/revisions"}],"predecessor-version":[{"id":59915,"href":"https:\/\/www.easly.nl\/fr\/wp-json\/wp\/v2\/product\/59438\/revisions\/59915"}],"wp:featuredmedia":[{"embeddable":true,"href":"https:\/\/www.easly.nl\/fr\/wp-json\/wp\/v2\/media\/59722"}],"wp:attachment":[{"href":"https:\/\/www.easly.nl\/fr\/wp-json\/wp\/v2\/media?parent=59438"}],"wp:term":[{"taxonomy":"product_cat","embeddable":true,"href":"https:\/\/www.easly.nl\/fr\/wp-json\/wp\/v2\/product_cat?post=59438"},{"taxonomy":"product_tag","embeddable":true,"href":"https:\/\/www.easly.nl\/fr\/wp-json\/wp\/v2\/product_tag?post=59438"}],"curies":[{"name":"wp","href":"https:\/\/api.w.org\/{rel}","templated":true}]}}