{"id":58635,"date":"2025-03-13T15:35:33","date_gmt":"2025-03-13T14:36:41","guid":{"rendered":"https:\/\/www.easly.nl\/?post_type=product&#038;p=58635"},"modified":"2025-03-18T16:10:47","modified_gmt":"2025-03-18T15:10:47","slug":"test-de-ferritine","status":"publish","type":"product","link":"https:\/\/www.easly.nl\/fr\/test-de-ferritine\/","title":{"rendered":"Test sanguin de la ferritine"},"content":{"rendered":"<p>La ferritine stocke le fer, qui est essentiel pour l&#8217;\u00e9nergie, l&#8217;immunit\u00e9 et le transport de l&#8217;oxyg\u00e8ne. Les d\u00e9s\u00e9quilibres peuvent provoquer de la fatigue, de la faiblesse ou d&#8217;autres affections li\u00e9es au fer. Notre test sanguin de ferritine fournit des informations certifi\u00e9es par des laboratoires, vous permettant de prendre des mesures \u00e9clair\u00e9es pour maintenir des niveaux de fer sains et am\u00e9liorer votre bien-\u00eatre g\u00e9n\u00e9ral.<\/p>\n","protected":false},"excerpt":{"rendered":"<p>Surveillez vos r\u00e9serves de fer avec un test de ferritine. Faites votre pr\u00e9l\u00e8vement sanguin \u00e0 domicile avec un kit certifi\u00e9 en laboratoire pour des r\u00e9sultats rapides et fiables. Commandez maintenant pour mieux comprendre votre sant\u00e9 en fer!<\/p>\n","protected":false},"featured_media":58629,"template":"","meta":{"_acf_changed":false,"footnotes":""},"product_cat":[429,435],"product_tag":[867],"class_list":{"0":"post-58635","1":"product","2":"type-product","3":"status-publish","4":"has-post-thumbnail","6":"product_cat-sante-generale","7":"product_cat-non-classe","8":"product_tag-interpretation-et-conseils-medicaux","10":"first","11":"instock","12":"taxable","13":"shipping-taxable","14":"purchasable","15":"product-type-simple"},"acf":[],"yoast_head":"<!-- This site is optimized with the Yoast SEO plugin v24.3 - https:\/\/yoast.com\/wordpress\/plugins\/seo\/ -->\n<title>Test de Ferritine - Analyse Fiable du Taux de Fer<\/title>\n<meta name=\"description\" content=\"Surveillez vos r\u00e9serves de fer avec un test de ferritine. Faites votre pr\u00e9l\u00e8vement sanguin \u00e0 domicile avec un kit certifi\u00e9 en laboratoire pour des r\u00e9sultats rapides et fiables. Commandez maintenant pour mieux comprendre votre sant\u00e9 en fer !\" \/>\n<meta name=\"robots\" content=\"index, follow, max-snippet:-1, max-image-preview:large, max-video-preview:-1\" \/>\n<link rel=\"canonical\" href=\"https:\/\/www.easly.nl\/fr\/test-de-ferritine\/\" \/>\n<meta property=\"og:locale\" content=\"fr_FR\" \/>\n<meta property=\"og:type\" content=\"article\" \/>\n<meta property=\"og:title\" content=\"Test de Ferritine - Analyse Fiable du Taux de Fer\" \/>\n<meta property=\"og:description\" content=\"Surveillez vos r\u00e9serves de fer avec un test de ferritine. Faites votre pr\u00e9l\u00e8vement sanguin \u00e0 domicile avec un kit certifi\u00e9 en laboratoire pour des r\u00e9sultats rapides et fiables. Commandez maintenant pour mieux comprendre votre sant\u00e9 en fer !\" \/>\n<meta property=\"og:url\" content=\"https:\/\/www.easly.nl\/fr\/test-de-ferritine\/\" \/>\n<meta property=\"og:site_name\" content=\"Easly Shop\" \/>\n<meta property=\"article:modified_time\" content=\"2025-03-18T15:10:47+00:00\" \/>\n<meta property=\"og:image\" content=\"https:\/\/www.easly.nl\/wp-content\/uploads\/sites\/13\/2025\/03\/ferritin.webp\" \/>\n\t<meta property=\"og:image:width\" content=\"1044\" \/>\n\t<meta property=\"og:image:height\" content=\"804\" \/>\n\t<meta property=\"og:image:type\" content=\"image\/webp\" \/>\n<meta name=\"twitter:card\" content=\"summary_large_image\" \/>\n<meta name=\"twitter:label1\" content=\"Dur\u00e9e de lecture estim\u00e9e\" \/>\n\t<meta name=\"twitter:data1\" content=\"1 minute\" \/>\n<script type=\"application\/ld+json\" class=\"yoast-schema-graph\">{\"@context\":\"https:\/\/schema.org\",\"@graph\":[{\"@type\":\"WebPage\",\"@id\":\"https:\/\/www.easly.nl\/fr\/test-de-ferritine\/\",\"url\":\"https:\/\/www.easly.nl\/fr\/test-de-ferritine\/\",\"name\":\"Test de Ferritine - Analyse Fiable du Taux de Fer\",\"isPartOf\":{\"@id\":\"https:\/\/www.easly.nl\/fr\/#website\"},\"primaryImageOfPage\":{\"@id\":\"https:\/\/www.easly.nl\/fr\/test-de-ferritine\/#primaryimage\"},\"image\":{\"@id\":\"https:\/\/www.easly.nl\/fr\/test-de-ferritine\/#primaryimage\"},\"thumbnailUrl\":\"https:\/\/www.easly.nl\/wp-content\/uploads\/sites\/13\/2025\/03\/ferritin.webp\",\"datePublished\":\"2025-03-13T14:36:41+00:00\",\"dateModified\":\"2025-03-18T15:10:47+00:00\",\"description\":\"Surveillez vos r\u00e9serves de fer avec un test de ferritine. Faites votre pr\u00e9l\u00e8vement sanguin \u00e0 domicile avec un kit certifi\u00e9 en laboratoire pour des r\u00e9sultats rapides et fiables. Commandez maintenant pour mieux comprendre votre sant\u00e9 en fer !\",\"breadcrumb\":{\"@id\":\"https:\/\/www.easly.nl\/fr\/test-de-ferritine\/#breadcrumb\"},\"inLanguage\":\"fr-FR\",\"potentialAction\":[{\"@type\":\"ReadAction\",\"target\":[\"https:\/\/www.easly.nl\/fr\/test-de-ferritine\/\"]}]},{\"@type\":\"ImageObject\",\"inLanguage\":\"fr-FR\",\"@id\":\"https:\/\/www.easly.nl\/fr\/test-de-ferritine\/#primaryimage\",\"url\":\"https:\/\/www.easly.nl\/wp-content\/uploads\/sites\/13\/2025\/03\/ferritin.webp\",\"contentUrl\":\"https:\/\/www.easly.nl\/wp-content\/uploads\/sites\/13\/2025\/03\/ferritin.webp\",\"width\":1044,\"height\":804},{\"@type\":\"BreadcrumbList\",\"@id\":\"https:\/\/www.easly.nl\/fr\/test-de-ferritine\/#breadcrumb\",\"itemListElement\":[{\"@type\":\"ListItem\",\"position\":1,\"name\":\"D'accueil\",\"item\":\"https:\/\/www.easly.nl\/fr\/\"},{\"@type\":\"ListItem\",\"position\":2,\"name\":\"Shop\",\"item\":\"https:\/\/www.easly.nl\/fr\/shop\/\"},{\"@type\":\"ListItem\",\"position\":3,\"name\":\"Test sanguin de la ferritine\"}]},{\"@type\":\"WebSite\",\"@id\":\"https:\/\/www.easly.nl\/fr\/#website\",\"url\":\"https:\/\/www.easly.nl\/fr\/\",\"name\":\"Easly Shop\",\"description\":\"Safe &amp; simple online COVID testing\",\"publisher\":{\"@id\":\"https:\/\/www.easly.nl\/fr\/#organization\"},\"potentialAction\":[{\"@type\":\"SearchAction\",\"target\":{\"@type\":\"EntryPoint\",\"urlTemplate\":\"https:\/\/www.easly.nl\/fr\/?s={search_term_string}\"},\"query-input\":{\"@type\":\"PropertyValueSpecification\",\"valueRequired\":true,\"valueName\":\"search_term_string\"}}],\"inLanguage\":\"fr-FR\"},{\"@type\":\"Organization\",\"@id\":\"https:\/\/www.easly.nl\/fr\/#organization\",\"name\":\"Easly.nl\",\"url\":\"https:\/\/www.easly.nl\/fr\/\",\"logo\":{\"@type\":\"ImageObject\",\"inLanguage\":\"fr-FR\",\"@id\":\"https:\/\/www.easly.nl\/fr\/#\/schema\/logo\/image\/\",\"url\":\"https:\/\/www.easly.nl\/wp-content\/uploads\/sites\/13\/2022\/10\/easly_logoslogan_color.png\",\"contentUrl\":\"https:\/\/www.easly.nl\/wp-content\/uploads\/sites\/13\/2022\/10\/easly_logoslogan_color.png\",\"width\":157,\"height\":38,\"caption\":\"Easly.nl\"},\"image\":{\"@id\":\"https:\/\/www.easly.nl\/fr\/#\/schema\/logo\/image\/\"}}]}<\/script>\n<!-- \/ Yoast SEO plugin. -->","yoast_head_json":{"title":"Test de Ferritine - Analyse Fiable du Taux de Fer","description":"Surveillez vos r\u00e9serves de fer avec un test de ferritine. Faites votre pr\u00e9l\u00e8vement sanguin \u00e0 domicile avec un kit certifi\u00e9 en laboratoire pour des r\u00e9sultats rapides et fiables. Commandez maintenant pour mieux comprendre votre sant\u00e9 en fer !","robots":{"index":"index","follow":"follow","max-snippet":"max-snippet:-1","max-image-preview":"max-image-preview:large","max-video-preview":"max-video-preview:-1"},"canonical":"https:\/\/www.easly.nl\/fr\/test-de-ferritine\/","og_locale":"fr_FR","og_type":"article","og_title":"Test de Ferritine - Analyse Fiable du Taux de Fer","og_description":"Surveillez vos r\u00e9serves de fer avec un test de ferritine. Faites votre pr\u00e9l\u00e8vement sanguin \u00e0 domicile avec un kit certifi\u00e9 en laboratoire pour des r\u00e9sultats rapides et fiables. Commandez maintenant pour mieux comprendre votre sant\u00e9 en fer !","og_url":"https:\/\/www.easly.nl\/fr\/test-de-ferritine\/","og_site_name":"Easly Shop","article_modified_time":"2025-03-18T15:10:47+00:00","og_image":[{"width":1044,"height":804,"url":"https:\/\/www.easly.nl\/wp-content\/uploads\/sites\/13\/2025\/03\/ferritin.webp","type":"image\/webp"}],"twitter_card":"summary_large_image","twitter_misc":{"Dur\u00e9e de lecture estim\u00e9e":"1 minute"},"schema":{"@context":"https:\/\/schema.org","@graph":[{"@type":"WebPage","@id":"https:\/\/www.easly.nl\/fr\/test-de-ferritine\/","url":"https:\/\/www.easly.nl\/fr\/test-de-ferritine\/","name":"Test de Ferritine - Analyse Fiable du Taux de Fer","isPartOf":{"@id":"https:\/\/www.easly.nl\/fr\/#website"},"primaryImageOfPage":{"@id":"https:\/\/www.easly.nl\/fr\/test-de-ferritine\/#primaryimage"},"image":{"@id":"https:\/\/www.easly.nl\/fr\/test-de-ferritine\/#primaryimage"},"thumbnailUrl":"https:\/\/www.easly.nl\/wp-content\/uploads\/sites\/13\/2025\/03\/ferritin.webp","datePublished":"2025-03-13T14:36:41+00:00","dateModified":"2025-03-18T15:10:47+00:00","description":"Surveillez vos r\u00e9serves de fer avec un test de ferritine. Faites votre pr\u00e9l\u00e8vement sanguin \u00e0 domicile avec un kit certifi\u00e9 en laboratoire pour des r\u00e9sultats rapides et fiables. Commandez maintenant pour mieux comprendre votre sant\u00e9 en fer !","breadcrumb":{"@id":"https:\/\/www.easly.nl\/fr\/test-de-ferritine\/#breadcrumb"},"inLanguage":"fr-FR","potentialAction":[{"@type":"ReadAction","target":["https:\/\/www.easly.nl\/fr\/test-de-ferritine\/"]}]},{"@type":"ImageObject","inLanguage":"fr-FR","@id":"https:\/\/www.easly.nl\/fr\/test-de-ferritine\/#primaryimage","url":"https:\/\/www.easly.nl\/wp-content\/uploads\/sites\/13\/2025\/03\/ferritin.webp","contentUrl":"https:\/\/www.easly.nl\/wp-content\/uploads\/sites\/13\/2025\/03\/ferritin.webp","width":1044,"height":804},{"@type":"BreadcrumbList","@id":"https:\/\/www.easly.nl\/fr\/test-de-ferritine\/#breadcrumb","itemListElement":[{"@type":"ListItem","position":1,"name":"D'accueil","item":"https:\/\/www.easly.nl\/fr\/"},{"@type":"ListItem","position":2,"name":"Shop","item":"https:\/\/www.easly.nl\/fr\/shop\/"},{"@type":"ListItem","position":3,"name":"Test sanguin de la ferritine"}]},{"@type":"WebSite","@id":"https:\/\/www.easly.nl\/fr\/#website","url":"https:\/\/www.easly.nl\/fr\/","name":"Easly Shop","description":"Safe &amp; simple online COVID testing","publisher":{"@id":"https:\/\/www.easly.nl\/fr\/#organization"},"potentialAction":[{"@type":"SearchAction","target":{"@type":"EntryPoint","urlTemplate":"https:\/\/www.easly.nl\/fr\/?s={search_term_string}"},"query-input":{"@type":"PropertyValueSpecification","valueRequired":true,"valueName":"search_term_string"}}],"inLanguage":"fr-FR"},{"@type":"Organization","@id":"https:\/\/www.easly.nl\/fr\/#organization","name":"Easly.nl","url":"https:\/\/www.easly.nl\/fr\/","logo":{"@type":"ImageObject","inLanguage":"fr-FR","@id":"https:\/\/www.easly.nl\/fr\/#\/schema\/logo\/image\/","url":"https:\/\/www.easly.nl\/wp-content\/uploads\/sites\/13\/2022\/10\/easly_logoslogan_color.png","contentUrl":"https:\/\/www.easly.nl\/wp-content\/uploads\/sites\/13\/2022\/10\/easly_logoslogan_color.png","width":157,"height":38,"caption":"Easly.nl"},"image":{"@id":"https:\/\/www.easly.nl\/fr\/#\/schema\/logo\/image\/"}}]}},"_links":{"self":[{"href":"https:\/\/www.easly.nl\/fr\/wp-json\/wp\/v2\/product\/58635","targetHints":{"allow":["GET"]}}],"collection":[{"href":"https:\/\/www.easly.nl\/fr\/wp-json\/wp\/v2\/product"}],"about":[{"href":"https:\/\/www.easly.nl\/fr\/wp-json\/wp\/v2\/types\/product"}],"version-history":[{"count":2,"href":"https:\/\/www.easly.nl\/fr\/wp-json\/wp\/v2\/product\/58635\/revisions"}],"predecessor-version":[{"id":58643,"href":"https:\/\/www.easly.nl\/fr\/wp-json\/wp\/v2\/product\/58635\/revisions\/58643"}],"wp:featuredmedia":[{"embeddable":true,"href":"https:\/\/www.easly.nl\/fr\/wp-json\/wp\/v2\/media\/58629"}],"wp:attachment":[{"href":"https:\/\/www.easly.nl\/fr\/wp-json\/wp\/v2\/media?parent=58635"}],"wp:term":[{"taxonomy":"product_cat","embeddable":true,"href":"https:\/\/www.easly.nl\/fr\/wp-json\/wp\/v2\/product_cat?post=58635"},{"taxonomy":"product_tag","embeddable":true,"href":"https:\/\/www.easly.nl\/fr\/wp-json\/wp\/v2\/product_tag?post=58635"}],"curies":[{"name":"wp","href":"https:\/\/api.w.org\/{rel}","templated":true}]}}