{"id":58530,"date":"2025-03-07T17:33:07","date_gmt":"2025-03-07T16:34:23","guid":{"rendered":"https:\/\/www.easly.nl\/?post_type=product&#038;p=58530"},"modified":"2025-03-27T09:38:58","modified_gmt":"2025-03-27T08:38:58","slug":"bilan-hormonal-homme","status":"publish","type":"product","link":"https:\/\/www.easly.nl\/fr\/tests-hormonal\/bilan-hormonal-homme\/","title":{"rendered":"Test hormonal pour hommes &#8211; D\u00e9couvrez votre \u00e9quilibre hormonal"},"content":{"rendered":"<p>Les hormones r\u00e9gulent l&#8217;\u00e9nergie, la croissance musculaire, la libido, l&#8217;humeur et la sant\u00e9 en g\u00e9n\u00e9ral. Cependant, un d\u00e9s\u00e9quilibre peut entra\u00eener de la fatigue, des changements de poids, une perte musculaire ou des sautes d&#8217;humeur. Notre test d&#8217;hormones masculines fournit des r\u00e9sultats certifi\u00e9s en laboratoire, vous donnant un aper\u00e7u clair de vos niveaux hormonaux afin que vous puissiez prendre des mesures cibl\u00e9es pour r\u00e9tablir l&#8217;\u00e9quilibre et am\u00e9liorer votre bien-\u00eatre.<\/p>\n","protected":false},"excerpt":{"rendered":"<p>Faites un test d&#8217;\u00e9quilibre hormonal masculin pour v\u00e9rifier la testost\u00e9rone, le cortisol, etc. Kit facile \u00e0 utiliser \u00e0 domicile avec des r\u00e9sultats rapides et fiables.<\/p>\n","protected":false},"featured_media":58430,"template":"","meta":{"_acf_changed":false,"footnotes":""},"product_cat":[1868,1354,435],"product_tag":[888],"class_list":{"0":"post-58530","1":"product","2":"type-product","3":"status-publish","4":"has-post-thumbnail","6":"product_cat-hormones-fr","7":"product_cat-veineux","8":"product_cat-non-classe","9":"product_tag-pays-bas-uniquement","11":"first","12":"outofstock","13":"taxable","14":"shipping-taxable","15":"purchasable","16":"product-type-simple"},"acf":[],"yoast_head":"<!-- This site is optimized with the Yoast SEO plugin v24.3 - https:\/\/yoast.com\/wordpress\/plugins\/seo\/ -->\n<title>Bilan hormonal homme | Test hormonal fiable \u00e0 domicile<\/title>\n<meta name=\"description\" content=\"Faites un test hormonal pour homme et v\u00e9rifiez votre \u00e9quilibre hormonal. Testez la testost\u00e9rone, le cortisol et plus encore avec un kit fiable et rapide \u00e0 domicile.\" \/>\n<meta name=\"robots\" content=\"index, follow, max-snippet:-1, max-image-preview:large, max-video-preview:-1\" \/>\n<link rel=\"canonical\" href=\"https:\/\/www.easly.nl\/fr\/tests-hormonal\/bilan-hormonal-homme\/\" \/>\n<meta property=\"og:locale\" content=\"fr_FR\" \/>\n<meta property=\"og:type\" content=\"article\" \/>\n<meta property=\"og:title\" content=\"Bilan hormonal homme | Test hormonal fiable \u00e0 domicile\" \/>\n<meta property=\"og:description\" content=\"Faites un test hormonal pour homme et v\u00e9rifiez votre \u00e9quilibre hormonal. Testez la testost\u00e9rone, le cortisol et plus encore avec un kit fiable et rapide \u00e0 domicile.\" \/>\n<meta property=\"og:url\" content=\"https:\/\/www.easly.nl\/fr\/tests-hormonal\/bilan-hormonal-homme\/\" \/>\n<meta property=\"og:site_name\" content=\"Easly Shop\" \/>\n<meta property=\"article:modified_time\" content=\"2025-03-27T08:38:58+00:00\" \/>\n<meta property=\"og:image\" content=\"https:\/\/www.easly.nl\/wp-content\/uploads\/sites\/13\/2025\/03\/mann.webp\" \/>\n\t<meta property=\"og:image:width\" content=\"1044\" \/>\n\t<meta property=\"og:image:height\" content=\"804\" \/>\n\t<meta property=\"og:image:type\" content=\"image\/webp\" \/>\n<meta name=\"twitter:card\" content=\"summary_large_image\" \/>\n<script type=\"application\/ld+json\" class=\"yoast-schema-graph\">{\"@context\":\"https:\/\/schema.org\",\"@graph\":[{\"@type\":\"WebPage\",\"@id\":\"https:\/\/www.easly.nl\/fr\/tests-hormonal\/bilan-hormonal-homme\/\",\"url\":\"https:\/\/www.easly.nl\/fr\/tests-hormonal\/bilan-hormonal-homme\/\",\"name\":\"Bilan hormonal homme | Test hormonal fiable \u00e0 domicile\",\"isPartOf\":{\"@id\":\"https:\/\/www.easly.nl\/fr\/#website\"},\"primaryImageOfPage\":{\"@id\":\"https:\/\/www.easly.nl\/fr\/tests-hormonal\/bilan-hormonal-homme\/#primaryimage\"},\"image\":{\"@id\":\"https:\/\/www.easly.nl\/fr\/tests-hormonal\/bilan-hormonal-homme\/#primaryimage\"},\"thumbnailUrl\":\"https:\/\/www.easly.nl\/wp-content\/uploads\/sites\/13\/2025\/03\/mann.webp\",\"datePublished\":\"2025-03-07T16:34:23+00:00\",\"dateModified\":\"2025-03-27T08:38:58+00:00\",\"description\":\"Faites un test hormonal pour homme et v\u00e9rifiez votre \u00e9quilibre hormonal. Testez la testost\u00e9rone, le cortisol et plus encore avec un kit fiable et rapide \u00e0 domicile.\",\"breadcrumb\":{\"@id\":\"https:\/\/www.easly.nl\/fr\/tests-hormonal\/bilan-hormonal-homme\/#breadcrumb\"},\"inLanguage\":\"fr-FR\",\"potentialAction\":[{\"@type\":\"ReadAction\",\"target\":[\"https:\/\/www.easly.nl\/fr\/tests-hormonal\/bilan-hormonal-homme\/\"]}]},{\"@type\":\"ImageObject\",\"inLanguage\":\"fr-FR\",\"@id\":\"https:\/\/www.easly.nl\/fr\/tests-hormonal\/bilan-hormonal-homme\/#primaryimage\",\"url\":\"https:\/\/www.easly.nl\/wp-content\/uploads\/sites\/13\/2025\/03\/mann.webp\",\"contentUrl\":\"https:\/\/www.easly.nl\/wp-content\/uploads\/sites\/13\/2025\/03\/mann.webp\",\"width\":1044,\"height\":804},{\"@type\":\"BreadcrumbList\",\"@id\":\"https:\/\/www.easly.nl\/fr\/tests-hormonal\/bilan-hormonal-homme\/#breadcrumb\",\"itemListElement\":[{\"@type\":\"ListItem\",\"position\":1,\"name\":\"D'accueil\",\"item\":\"https:\/\/www.easly.nl\/fr\/\"},{\"@type\":\"ListItem\",\"position\":2,\"name\":\"Shop\",\"item\":\"https:\/\/www.easly.nl\/fr\/shop\/\"},{\"@type\":\"ListItem\",\"position\":3,\"name\":\"Test hormonal pour hommes &#8211; D\u00e9couvrez votre \u00e9quilibre hormonal\"}]},{\"@type\":\"WebSite\",\"@id\":\"https:\/\/www.easly.nl\/fr\/#website\",\"url\":\"https:\/\/www.easly.nl\/fr\/\",\"name\":\"Easly Shop\",\"description\":\"Safe &amp; simple online COVID testing\",\"publisher\":{\"@id\":\"https:\/\/www.easly.nl\/fr\/#organization\"},\"potentialAction\":[{\"@type\":\"SearchAction\",\"target\":{\"@type\":\"EntryPoint\",\"urlTemplate\":\"https:\/\/www.easly.nl\/fr\/?s={search_term_string}\"},\"query-input\":{\"@type\":\"PropertyValueSpecification\",\"valueRequired\":true,\"valueName\":\"search_term_string\"}}],\"inLanguage\":\"fr-FR\"},{\"@type\":\"Organization\",\"@id\":\"https:\/\/www.easly.nl\/fr\/#organization\",\"name\":\"Easly.nl\",\"url\":\"https:\/\/www.easly.nl\/fr\/\",\"logo\":{\"@type\":\"ImageObject\",\"inLanguage\":\"fr-FR\",\"@id\":\"https:\/\/www.easly.nl\/fr\/#\/schema\/logo\/image\/\",\"url\":\"https:\/\/www.easly.nl\/wp-content\/uploads\/sites\/13\/2022\/10\/easly_logoslogan_color.png\",\"contentUrl\":\"https:\/\/www.easly.nl\/wp-content\/uploads\/sites\/13\/2022\/10\/easly_logoslogan_color.png\",\"width\":157,\"height\":38,\"caption\":\"Easly.nl\"},\"image\":{\"@id\":\"https:\/\/www.easly.nl\/fr\/#\/schema\/logo\/image\/\"}}]}<\/script>\n<!-- \/ Yoast SEO plugin. -->","yoast_head_json":{"title":"Bilan hormonal homme | Test hormonal fiable \u00e0 domicile","description":"Faites un test hormonal pour homme et v\u00e9rifiez votre \u00e9quilibre hormonal. Testez la testost\u00e9rone, le cortisol et plus encore avec un kit fiable et rapide \u00e0 domicile.","robots":{"index":"index","follow":"follow","max-snippet":"max-snippet:-1","max-image-preview":"max-image-preview:large","max-video-preview":"max-video-preview:-1"},"canonical":"https:\/\/www.easly.nl\/fr\/tests-hormonal\/bilan-hormonal-homme\/","og_locale":"fr_FR","og_type":"article","og_title":"Bilan hormonal homme | Test hormonal fiable \u00e0 domicile","og_description":"Faites un test hormonal pour homme et v\u00e9rifiez votre \u00e9quilibre hormonal. Testez la testost\u00e9rone, le cortisol et plus encore avec un kit fiable et rapide \u00e0 domicile.","og_url":"https:\/\/www.easly.nl\/fr\/tests-hormonal\/bilan-hormonal-homme\/","og_site_name":"Easly Shop","article_modified_time":"2025-03-27T08:38:58+00:00","og_image":[{"width":1044,"height":804,"url":"https:\/\/www.easly.nl\/wp-content\/uploads\/sites\/13\/2025\/03\/mann.webp","type":"image\/webp"}],"twitter_card":"summary_large_image","schema":{"@context":"https:\/\/schema.org","@graph":[{"@type":"WebPage","@id":"https:\/\/www.easly.nl\/fr\/tests-hormonal\/bilan-hormonal-homme\/","url":"https:\/\/www.easly.nl\/fr\/tests-hormonal\/bilan-hormonal-homme\/","name":"Bilan hormonal homme | Test hormonal fiable \u00e0 domicile","isPartOf":{"@id":"https:\/\/www.easly.nl\/fr\/#website"},"primaryImageOfPage":{"@id":"https:\/\/www.easly.nl\/fr\/tests-hormonal\/bilan-hormonal-homme\/#primaryimage"},"image":{"@id":"https:\/\/www.easly.nl\/fr\/tests-hormonal\/bilan-hormonal-homme\/#primaryimage"},"thumbnailUrl":"https:\/\/www.easly.nl\/wp-content\/uploads\/sites\/13\/2025\/03\/mann.webp","datePublished":"2025-03-07T16:34:23+00:00","dateModified":"2025-03-27T08:38:58+00:00","description":"Faites un test hormonal pour homme et v\u00e9rifiez votre \u00e9quilibre hormonal. Testez la testost\u00e9rone, le cortisol et plus encore avec un kit fiable et rapide \u00e0 domicile.","breadcrumb":{"@id":"https:\/\/www.easly.nl\/fr\/tests-hormonal\/bilan-hormonal-homme\/#breadcrumb"},"inLanguage":"fr-FR","potentialAction":[{"@type":"ReadAction","target":["https:\/\/www.easly.nl\/fr\/tests-hormonal\/bilan-hormonal-homme\/"]}]},{"@type":"ImageObject","inLanguage":"fr-FR","@id":"https:\/\/www.easly.nl\/fr\/tests-hormonal\/bilan-hormonal-homme\/#primaryimage","url":"https:\/\/www.easly.nl\/wp-content\/uploads\/sites\/13\/2025\/03\/mann.webp","contentUrl":"https:\/\/www.easly.nl\/wp-content\/uploads\/sites\/13\/2025\/03\/mann.webp","width":1044,"height":804},{"@type":"BreadcrumbList","@id":"https:\/\/www.easly.nl\/fr\/tests-hormonal\/bilan-hormonal-homme\/#breadcrumb","itemListElement":[{"@type":"ListItem","position":1,"name":"D'accueil","item":"https:\/\/www.easly.nl\/fr\/"},{"@type":"ListItem","position":2,"name":"Shop","item":"https:\/\/www.easly.nl\/fr\/shop\/"},{"@type":"ListItem","position":3,"name":"Test hormonal pour hommes &#8211; D\u00e9couvrez votre \u00e9quilibre hormonal"}]},{"@type":"WebSite","@id":"https:\/\/www.easly.nl\/fr\/#website","url":"https:\/\/www.easly.nl\/fr\/","name":"Easly Shop","description":"Safe &amp; simple online COVID testing","publisher":{"@id":"https:\/\/www.easly.nl\/fr\/#organization"},"potentialAction":[{"@type":"SearchAction","target":{"@type":"EntryPoint","urlTemplate":"https:\/\/www.easly.nl\/fr\/?s={search_term_string}"},"query-input":{"@type":"PropertyValueSpecification","valueRequired":true,"valueName":"search_term_string"}}],"inLanguage":"fr-FR"},{"@type":"Organization","@id":"https:\/\/www.easly.nl\/fr\/#organization","name":"Easly.nl","url":"https:\/\/www.easly.nl\/fr\/","logo":{"@type":"ImageObject","inLanguage":"fr-FR","@id":"https:\/\/www.easly.nl\/fr\/#\/schema\/logo\/image\/","url":"https:\/\/www.easly.nl\/wp-content\/uploads\/sites\/13\/2022\/10\/easly_logoslogan_color.png","contentUrl":"https:\/\/www.easly.nl\/wp-content\/uploads\/sites\/13\/2022\/10\/easly_logoslogan_color.png","width":157,"height":38,"caption":"Easly.nl"},"image":{"@id":"https:\/\/www.easly.nl\/fr\/#\/schema\/logo\/image\/"}}]}},"_links":{"self":[{"href":"https:\/\/www.easly.nl\/fr\/wp-json\/wp\/v2\/product\/58530","targetHints":{"allow":["GET"]}}],"collection":[{"href":"https:\/\/www.easly.nl\/fr\/wp-json\/wp\/v2\/product"}],"about":[{"href":"https:\/\/www.easly.nl\/fr\/wp-json\/wp\/v2\/types\/product"}],"version-history":[{"count":2,"href":"https:\/\/www.easly.nl\/fr\/wp-json\/wp\/v2\/product\/58530\/revisions"}],"predecessor-version":[{"id":58539,"href":"https:\/\/www.easly.nl\/fr\/wp-json\/wp\/v2\/product\/58530\/revisions\/58539"}],"wp:featuredmedia":[{"embeddable":true,"href":"https:\/\/www.easly.nl\/fr\/wp-json\/wp\/v2\/media\/58430"}],"wp:attachment":[{"href":"https:\/\/www.easly.nl\/fr\/wp-json\/wp\/v2\/media?parent=58530"}],"wp:term":[{"taxonomy":"product_cat","embeddable":true,"href":"https:\/\/www.easly.nl\/fr\/wp-json\/wp\/v2\/product_cat?post=58530"},{"taxonomy":"product_tag","embeddable":true,"href":"https:\/\/www.easly.nl\/fr\/wp-json\/wp\/v2\/product_tag?post=58530"}],"curies":[{"name":"wp","href":"https:\/\/api.w.org\/{rel}","templated":true}]}}