{"id":58455,"date":"2025-03-05T13:43:43","date_gmt":"2025-03-05T12:45:18","guid":{"rendered":"https:\/\/www.easly.nl\/?post_type=product&#038;p=58455"},"modified":"2025-03-11T13:19:42","modified_gmt":"2025-03-11T12:19:42","slug":"test-hormonal-feminin","status":"publish","type":"product","link":"https:\/\/www.easly.nl\/fr\/tests-hormonal\/test-hormonal-feminin\/","title":{"rendered":"Test hormonal pour les femmes &#8211; D\u00e9couvrez votre sant\u00e9 hormonale"},"content":{"rendered":"<p>Les hormones r\u00e9gulent des fonctions essentielles telles que l&#8217;\u00e9nergie, le m\u00e9tabolisme et la sant\u00e9 reproductive. Lorsqu&#8217;elles sont d\u00e9s\u00e9quilibr\u00e9es, elles peuvent entra\u00eener des sympt\u00f4mes persistants tels que des sautes d&#8217;humeur, de la fatigue, des changements de poids et des probl\u00e8mes de fertilit\u00e9. Notre test de d\u00e9s\u00e9quilibre hormonal pour les femmes fournit des informations de qualit\u00e9 clinique, vous permettant de prendre en main votre sant\u00e9 hormonale en toute confiance.<\/p>\n","protected":false},"excerpt":{"rendered":"<p>Les hormones r\u00e9gulent des fonctions essentielles telles que l&#8217;\u00e9nergie, le m\u00e9tabolisme et la sant\u00e9 reproductive. Lorsqu&#8217;elles sont d\u00e9s\u00e9quilibr\u00e9es, elles peuvent entra\u00eener des sympt\u00f4mes persistants tels que des sautes d&#8217;humeur, de la fatigue, des changements de poids et des probl\u00e8mes de fertilit\u00e9. Notre test de d\u00e9s\u00e9quilibre hormonal pour les femmes fournit des informations de qualit\u00e9 clinique, vous permettant de prendre en main votre sant\u00e9 hormonale en toute confiance.<\/p>\n","protected":false},"featured_media":58447,"template":"","meta":{"_acf_changed":false,"footnotes":""},"product_cat":[1868,435],"product_tag":[867],"class_list":{"0":"post-58455","1":"product","2":"type-product","3":"status-publish","4":"has-post-thumbnail","6":"product_cat-hormones-fr","7":"product_cat-non-classe","8":"product_tag-interpretation-et-conseils-medicaux","10":"first","11":"instock","12":"taxable","13":"shipping-taxable","14":"purchasable","15":"product-type-simple"},"acf":[],"yoast_head":"<!-- This site is optimized with the Yoast SEO plugin v24.3 - https:\/\/yoast.com\/wordpress\/plugins\/seo\/ -->\n<title>Test hormonal f\u00e9minin | Bilan hormonal fiable \u00e0 domicile<\/title>\n<meta name=\"description\" content=\"Faites un test hormonal pour femme et v\u00e9rifiez votre \u00e9quilibre hormonal. Testez l&#039;\u0153strog\u00e8ne, la progest\u00e9rone et plus avec un kit rapide et fiable \u00e0 domicile.\" \/>\n<meta name=\"robots\" content=\"index, follow, max-snippet:-1, max-image-preview:large, max-video-preview:-1\" \/>\n<link rel=\"canonical\" href=\"https:\/\/www.easly.nl\/fr\/tests-hormonal\/test-hormonal-feminin\/\" \/>\n<meta property=\"og:locale\" content=\"fr_FR\" \/>\n<meta property=\"og:type\" content=\"article\" \/>\n<meta property=\"og:title\" content=\"Test hormonal f\u00e9minin | Bilan hormonal fiable \u00e0 domicile\" \/>\n<meta property=\"og:description\" content=\"Faites un test hormonal pour femme et v\u00e9rifiez votre \u00e9quilibre hormonal. Testez l&#039;\u0153strog\u00e8ne, la progest\u00e9rone et plus avec un kit rapide et fiable \u00e0 domicile.\" \/>\n<meta property=\"og:url\" content=\"https:\/\/www.easly.nl\/fr\/tests-hormonal\/test-hormonal-feminin\/\" \/>\n<meta property=\"og:site_name\" content=\"Easly Shop\" \/>\n<meta property=\"article:modified_time\" content=\"2025-03-11T12:19:42+00:00\" \/>\n<meta property=\"og:image\" content=\"https:\/\/www.easly.nl\/wp-content\/uploads\/sites\/13\/2025\/03\/woo.webp\" \/>\n\t<meta property=\"og:image:width\" content=\"1044\" \/>\n\t<meta property=\"og:image:height\" content=\"804\" \/>\n\t<meta property=\"og:image:type\" content=\"image\/webp\" \/>\n<meta name=\"twitter:card\" content=\"summary_large_image\" \/>\n<meta name=\"twitter:label1\" content=\"Dur\u00e9e de lecture estim\u00e9e\" \/>\n\t<meta name=\"twitter:data1\" content=\"1 minute\" \/>\n<script type=\"application\/ld+json\" class=\"yoast-schema-graph\">{\"@context\":\"https:\/\/schema.org\",\"@graph\":[{\"@type\":\"WebPage\",\"@id\":\"https:\/\/www.easly.nl\/fr\/tests-hormonal\/test-hormonal-feminin\/\",\"url\":\"https:\/\/www.easly.nl\/fr\/tests-hormonal\/test-hormonal-feminin\/\",\"name\":\"Test hormonal f\u00e9minin | Bilan hormonal fiable \u00e0 domicile\",\"isPartOf\":{\"@id\":\"https:\/\/www.easly.nl\/fr\/#website\"},\"primaryImageOfPage\":{\"@id\":\"https:\/\/www.easly.nl\/fr\/tests-hormonal\/test-hormonal-feminin\/#primaryimage\"},\"image\":{\"@id\":\"https:\/\/www.easly.nl\/fr\/tests-hormonal\/test-hormonal-feminin\/#primaryimage\"},\"thumbnailUrl\":\"https:\/\/www.easly.nl\/wp-content\/uploads\/sites\/13\/2025\/03\/woo.webp\",\"datePublished\":\"2025-03-05T12:45:18+00:00\",\"dateModified\":\"2025-03-11T12:19:42+00:00\",\"description\":\"Faites un test hormonal pour femme et v\u00e9rifiez votre \u00e9quilibre hormonal. Testez l'\u0153strog\u00e8ne, la progest\u00e9rone et plus avec un kit rapide et fiable \u00e0 domicile.\",\"breadcrumb\":{\"@id\":\"https:\/\/www.easly.nl\/fr\/tests-hormonal\/test-hormonal-feminin\/#breadcrumb\"},\"inLanguage\":\"fr-FR\",\"potentialAction\":[{\"@type\":\"ReadAction\",\"target\":[\"https:\/\/www.easly.nl\/fr\/tests-hormonal\/test-hormonal-feminin\/\"]}]},{\"@type\":\"ImageObject\",\"inLanguage\":\"fr-FR\",\"@id\":\"https:\/\/www.easly.nl\/fr\/tests-hormonal\/test-hormonal-feminin\/#primaryimage\",\"url\":\"https:\/\/www.easly.nl\/wp-content\/uploads\/sites\/13\/2025\/03\/woo.webp\",\"contentUrl\":\"https:\/\/www.easly.nl\/wp-content\/uploads\/sites\/13\/2025\/03\/woo.webp\",\"width\":1044,\"height\":804},{\"@type\":\"BreadcrumbList\",\"@id\":\"https:\/\/www.easly.nl\/fr\/tests-hormonal\/test-hormonal-feminin\/#breadcrumb\",\"itemListElement\":[{\"@type\":\"ListItem\",\"position\":1,\"name\":\"D'accueil\",\"item\":\"https:\/\/www.easly.nl\/fr\/\"},{\"@type\":\"ListItem\",\"position\":2,\"name\":\"Shop\",\"item\":\"https:\/\/www.easly.nl\/fr\/shop\/\"},{\"@type\":\"ListItem\",\"position\":3,\"name\":\"Test hormonal pour les femmes &#8211; D\u00e9couvrez votre sant\u00e9 hormonale\"}]},{\"@type\":\"WebSite\",\"@id\":\"https:\/\/www.easly.nl\/fr\/#website\",\"url\":\"https:\/\/www.easly.nl\/fr\/\",\"name\":\"Easly Shop\",\"description\":\"Safe &amp; simple online COVID testing\",\"publisher\":{\"@id\":\"https:\/\/www.easly.nl\/fr\/#organization\"},\"potentialAction\":[{\"@type\":\"SearchAction\",\"target\":{\"@type\":\"EntryPoint\",\"urlTemplate\":\"https:\/\/www.easly.nl\/fr\/?s={search_term_string}\"},\"query-input\":{\"@type\":\"PropertyValueSpecification\",\"valueRequired\":true,\"valueName\":\"search_term_string\"}}],\"inLanguage\":\"fr-FR\"},{\"@type\":\"Organization\",\"@id\":\"https:\/\/www.easly.nl\/fr\/#organization\",\"name\":\"Easly.nl\",\"url\":\"https:\/\/www.easly.nl\/fr\/\",\"logo\":{\"@type\":\"ImageObject\",\"inLanguage\":\"fr-FR\",\"@id\":\"https:\/\/www.easly.nl\/fr\/#\/schema\/logo\/image\/\",\"url\":\"https:\/\/www.easly.nl\/wp-content\/uploads\/sites\/13\/2022\/10\/easly_logoslogan_color.png\",\"contentUrl\":\"https:\/\/www.easly.nl\/wp-content\/uploads\/sites\/13\/2022\/10\/easly_logoslogan_color.png\",\"width\":157,\"height\":38,\"caption\":\"Easly.nl\"},\"image\":{\"@id\":\"https:\/\/www.easly.nl\/fr\/#\/schema\/logo\/image\/\"}}]}<\/script>\n<!-- \/ Yoast SEO plugin. -->","yoast_head_json":{"title":"Test hormonal f\u00e9minin | Bilan hormonal fiable \u00e0 domicile","description":"Faites un test hormonal pour femme et v\u00e9rifiez votre \u00e9quilibre hormonal. Testez l'\u0153strog\u00e8ne, la progest\u00e9rone et plus avec un kit rapide et fiable \u00e0 domicile.","robots":{"index":"index","follow":"follow","max-snippet":"max-snippet:-1","max-image-preview":"max-image-preview:large","max-video-preview":"max-video-preview:-1"},"canonical":"https:\/\/www.easly.nl\/fr\/tests-hormonal\/test-hormonal-feminin\/","og_locale":"fr_FR","og_type":"article","og_title":"Test hormonal f\u00e9minin | Bilan hormonal fiable \u00e0 domicile","og_description":"Faites un test hormonal pour femme et v\u00e9rifiez votre \u00e9quilibre hormonal. Testez l'\u0153strog\u00e8ne, la progest\u00e9rone et plus avec un kit rapide et fiable \u00e0 domicile.","og_url":"https:\/\/www.easly.nl\/fr\/tests-hormonal\/test-hormonal-feminin\/","og_site_name":"Easly Shop","article_modified_time":"2025-03-11T12:19:42+00:00","og_image":[{"width":1044,"height":804,"url":"https:\/\/www.easly.nl\/wp-content\/uploads\/sites\/13\/2025\/03\/woo.webp","type":"image\/webp"}],"twitter_card":"summary_large_image","twitter_misc":{"Dur\u00e9e de lecture estim\u00e9e":"1 minute"},"schema":{"@context":"https:\/\/schema.org","@graph":[{"@type":"WebPage","@id":"https:\/\/www.easly.nl\/fr\/tests-hormonal\/test-hormonal-feminin\/","url":"https:\/\/www.easly.nl\/fr\/tests-hormonal\/test-hormonal-feminin\/","name":"Test hormonal f\u00e9minin | Bilan hormonal fiable \u00e0 domicile","isPartOf":{"@id":"https:\/\/www.easly.nl\/fr\/#website"},"primaryImageOfPage":{"@id":"https:\/\/www.easly.nl\/fr\/tests-hormonal\/test-hormonal-feminin\/#primaryimage"},"image":{"@id":"https:\/\/www.easly.nl\/fr\/tests-hormonal\/test-hormonal-feminin\/#primaryimage"},"thumbnailUrl":"https:\/\/www.easly.nl\/wp-content\/uploads\/sites\/13\/2025\/03\/woo.webp","datePublished":"2025-03-05T12:45:18+00:00","dateModified":"2025-03-11T12:19:42+00:00","description":"Faites un test hormonal pour femme et v\u00e9rifiez votre \u00e9quilibre hormonal. Testez l'\u0153strog\u00e8ne, la progest\u00e9rone et plus avec un kit rapide et fiable \u00e0 domicile.","breadcrumb":{"@id":"https:\/\/www.easly.nl\/fr\/tests-hormonal\/test-hormonal-feminin\/#breadcrumb"},"inLanguage":"fr-FR","potentialAction":[{"@type":"ReadAction","target":["https:\/\/www.easly.nl\/fr\/tests-hormonal\/test-hormonal-feminin\/"]}]},{"@type":"ImageObject","inLanguage":"fr-FR","@id":"https:\/\/www.easly.nl\/fr\/tests-hormonal\/test-hormonal-feminin\/#primaryimage","url":"https:\/\/www.easly.nl\/wp-content\/uploads\/sites\/13\/2025\/03\/woo.webp","contentUrl":"https:\/\/www.easly.nl\/wp-content\/uploads\/sites\/13\/2025\/03\/woo.webp","width":1044,"height":804},{"@type":"BreadcrumbList","@id":"https:\/\/www.easly.nl\/fr\/tests-hormonal\/test-hormonal-feminin\/#breadcrumb","itemListElement":[{"@type":"ListItem","position":1,"name":"D'accueil","item":"https:\/\/www.easly.nl\/fr\/"},{"@type":"ListItem","position":2,"name":"Shop","item":"https:\/\/www.easly.nl\/fr\/shop\/"},{"@type":"ListItem","position":3,"name":"Test hormonal pour les femmes &#8211; D\u00e9couvrez votre sant\u00e9 hormonale"}]},{"@type":"WebSite","@id":"https:\/\/www.easly.nl\/fr\/#website","url":"https:\/\/www.easly.nl\/fr\/","name":"Easly Shop","description":"Safe &amp; simple online COVID testing","publisher":{"@id":"https:\/\/www.easly.nl\/fr\/#organization"},"potentialAction":[{"@type":"SearchAction","target":{"@type":"EntryPoint","urlTemplate":"https:\/\/www.easly.nl\/fr\/?s={search_term_string}"},"query-input":{"@type":"PropertyValueSpecification","valueRequired":true,"valueName":"search_term_string"}}],"inLanguage":"fr-FR"},{"@type":"Organization","@id":"https:\/\/www.easly.nl\/fr\/#organization","name":"Easly.nl","url":"https:\/\/www.easly.nl\/fr\/","logo":{"@type":"ImageObject","inLanguage":"fr-FR","@id":"https:\/\/www.easly.nl\/fr\/#\/schema\/logo\/image\/","url":"https:\/\/www.easly.nl\/wp-content\/uploads\/sites\/13\/2022\/10\/easly_logoslogan_color.png","contentUrl":"https:\/\/www.easly.nl\/wp-content\/uploads\/sites\/13\/2022\/10\/easly_logoslogan_color.png","width":157,"height":38,"caption":"Easly.nl"},"image":{"@id":"https:\/\/www.easly.nl\/fr\/#\/schema\/logo\/image\/"}}]}},"_links":{"self":[{"href":"https:\/\/www.easly.nl\/fr\/wp-json\/wp\/v2\/product\/58455","targetHints":{"allow":["GET"]}}],"collection":[{"href":"https:\/\/www.easly.nl\/fr\/wp-json\/wp\/v2\/product"}],"about":[{"href":"https:\/\/www.easly.nl\/fr\/wp-json\/wp\/v2\/types\/product"}],"version-history":[{"count":2,"href":"https:\/\/www.easly.nl\/fr\/wp-json\/wp\/v2\/product\/58455\/revisions"}],"predecessor-version":[{"id":58463,"href":"https:\/\/www.easly.nl\/fr\/wp-json\/wp\/v2\/product\/58455\/revisions\/58463"}],"wp:featuredmedia":[{"embeddable":true,"href":"https:\/\/www.easly.nl\/fr\/wp-json\/wp\/v2\/media\/58447"}],"wp:attachment":[{"href":"https:\/\/www.easly.nl\/fr\/wp-json\/wp\/v2\/media?parent=58455"}],"wp:term":[{"taxonomy":"product_cat","embeddable":true,"href":"https:\/\/www.easly.nl\/fr\/wp-json\/wp\/v2\/product_cat?post=58455"},{"taxonomy":"product_tag","embeddable":true,"href":"https:\/\/www.easly.nl\/fr\/wp-json\/wp\/v2\/product_tag?post=58455"}],"curies":[{"name":"wp","href":"https:\/\/api.w.org\/{rel}","templated":true}]}}