{"id":58293,"date":"2025-02-24T13:25:00","date_gmt":"2025-02-24T12:36:50","guid":{"rendered":"https:\/\/www.easly.nl\/?post_type=product&#038;p=58293"},"modified":"2025-03-11T13:59:57","modified_gmt":"2025-03-11T12:59:57","slug":"test-de-carence-en-magnesium","status":"publish","type":"product","link":"https:\/\/www.easly.nl\/fr\/test-de-carence-en-magnesium\/","title":{"rendered":"Test de carence en magn\u00e9sium"},"content":{"rendered":"<p>Le magn\u00e9sium stimule la production d&#8217;\u00e9nergie, pr\u00e9vient les crampes musculaires et r\u00e9gule le rythme cardiaque. Si les niveaux de magn\u00e9sium diminuent, une carence peut entra\u00eener de la fatigue, de la faiblesse et des probl\u00e8mes cardiaques. Un test de carence en magn\u00e9sium permet de d\u00e9tecter rapidement les d\u00e9s\u00e9quilibres. Avec un autotest de magn\u00e9sium, vous pouvez v\u00e9rifier vos niveaux de magn\u00e9sium \u00e0 la maison, corriger les carences et garder votre corps fort, \u00e9nergique et r\u00e9sistant.<\/p>\n","protected":false},"excerpt":{"rendered":"<p>D\u00e9tectez rapidement une carence en magn\u00e9sium gr\u00e2ce \u00e0 un test fiable. Choisissez l&#8217;autotest de magn\u00e9sium d&#8217;Easly  pour obtenir des informations rapides et pr\u00e9cises sur vos niveaux de magn\u00e9sium et votre \u00e9tat de sant\u00e9 g\u00e9n\u00e9ral.<\/p>\n","protected":false},"featured_media":58289,"template":"","meta":{"_acf_changed":false,"footnotes":""},"product_cat":[1007,435],"product_tag":[867],"class_list":{"0":"post-58293","1":"product","2":"type-product","3":"status-publish","4":"has-post-thumbnail","6":"product_cat-style-de-vie-et-vitamines","7":"product_cat-non-classe","8":"product_tag-interpretation-et-conseils-medicaux","10":"first","11":"instock","12":"taxable","13":"shipping-taxable","14":"purchasable","15":"product-type-simple"},"acf":[],"yoast_head":"<!-- This site is optimized with the Yoast SEO plugin v24.3 - https:\/\/yoast.com\/wordpress\/plugins\/seo\/ -->\n<title>Test de carence en magn\u00e9sium - Autotest de carence en magn\u00e9sium<\/title>\n<meta name=\"description\" content=\"D\u00e9tectez rapidement une carence en magn\u00e9sium gr\u00e2ce \u00e0 un test fiable. Choisissez l&#039;autotest de magn\u00e9sium Easly pour un aper\u00e7u rapide et pr\u00e9cis de vos niveaux de magn\u00e9sium et de votre \u00e9tat de sant\u00e9 g\u00e9n\u00e9ral.\" \/>\n<meta name=\"robots\" content=\"index, follow, max-snippet:-1, max-image-preview:large, max-video-preview:-1\" \/>\n<link rel=\"canonical\" href=\"https:\/\/www.easly.nl\/fr\/test-de-carence-en-magnesium\/\" \/>\n<meta property=\"og:locale\" content=\"fr_FR\" \/>\n<meta property=\"og:type\" content=\"article\" \/>\n<meta property=\"og:title\" content=\"Test de carence en magn\u00e9sium - Autotest de carence en magn\u00e9sium\" \/>\n<meta property=\"og:description\" content=\"D\u00e9tectez rapidement une carence en magn\u00e9sium gr\u00e2ce \u00e0 un test fiable. Choisissez l&#039;autotest de magn\u00e9sium Easly pour un aper\u00e7u rapide et pr\u00e9cis de vos niveaux de magn\u00e9sium et de votre \u00e9tat de sant\u00e9 g\u00e9n\u00e9ral.\" \/>\n<meta property=\"og:url\" content=\"https:\/\/www.easly.nl\/fr\/test-de-carence-en-magnesium\/\" \/>\n<meta property=\"og:site_name\" content=\"Easly Shop\" \/>\n<meta property=\"article:modified_time\" content=\"2025-03-11T12:59:57+00:00\" \/>\n<meta property=\"og:image\" content=\"https:\/\/www.easly.nl\/wp-content\/uploads\/sites\/13\/2025\/02\/mag.webp\" \/>\n\t<meta property=\"og:image:width\" content=\"1044\" \/>\n\t<meta property=\"og:image:height\" content=\"804\" \/>\n\t<meta property=\"og:image:type\" content=\"image\/webp\" \/>\n<meta name=\"twitter:card\" content=\"summary_large_image\" \/>\n<meta name=\"twitter:label1\" content=\"Dur\u00e9e de lecture estim\u00e9e\" \/>\n\t<meta name=\"twitter:data1\" content=\"1 minute\" \/>\n<script type=\"application\/ld+json\" class=\"yoast-schema-graph\">{\"@context\":\"https:\/\/schema.org\",\"@graph\":[{\"@type\":\"WebPage\",\"@id\":\"https:\/\/www.easly.nl\/fr\/test-de-carence-en-magnesium\/\",\"url\":\"https:\/\/www.easly.nl\/fr\/test-de-carence-en-magnesium\/\",\"name\":\"Test de carence en magn\u00e9sium - Autotest de carence en magn\u00e9sium\",\"isPartOf\":{\"@id\":\"https:\/\/www.easly.nl\/fr\/#website\"},\"primaryImageOfPage\":{\"@id\":\"https:\/\/www.easly.nl\/fr\/test-de-carence-en-magnesium\/#primaryimage\"},\"image\":{\"@id\":\"https:\/\/www.easly.nl\/fr\/test-de-carence-en-magnesium\/#primaryimage\"},\"thumbnailUrl\":\"https:\/\/www.easly.nl\/wp-content\/uploads\/sites\/13\/2025\/02\/mag.webp\",\"datePublished\":\"2025-02-24T12:36:50+00:00\",\"dateModified\":\"2025-03-11T12:59:57+00:00\",\"description\":\"D\u00e9tectez rapidement une carence en magn\u00e9sium gr\u00e2ce \u00e0 un test fiable. Choisissez l'autotest de magn\u00e9sium Easly pour un aper\u00e7u rapide et pr\u00e9cis de vos niveaux de magn\u00e9sium et de votre \u00e9tat de sant\u00e9 g\u00e9n\u00e9ral.\",\"breadcrumb\":{\"@id\":\"https:\/\/www.easly.nl\/fr\/test-de-carence-en-magnesium\/#breadcrumb\"},\"inLanguage\":\"fr-FR\",\"potentialAction\":[{\"@type\":\"ReadAction\",\"target\":[\"https:\/\/www.easly.nl\/fr\/test-de-carence-en-magnesium\/\"]}]},{\"@type\":\"ImageObject\",\"inLanguage\":\"fr-FR\",\"@id\":\"https:\/\/www.easly.nl\/fr\/test-de-carence-en-magnesium\/#primaryimage\",\"url\":\"https:\/\/www.easly.nl\/wp-content\/uploads\/sites\/13\/2025\/02\/mag.webp\",\"contentUrl\":\"https:\/\/www.easly.nl\/wp-content\/uploads\/sites\/13\/2025\/02\/mag.webp\",\"width\":1044,\"height\":804},{\"@type\":\"BreadcrumbList\",\"@id\":\"https:\/\/www.easly.nl\/fr\/test-de-carence-en-magnesium\/#breadcrumb\",\"itemListElement\":[{\"@type\":\"ListItem\",\"position\":1,\"name\":\"D'accueil\",\"item\":\"https:\/\/www.easly.nl\/fr\/\"},{\"@type\":\"ListItem\",\"position\":2,\"name\":\"Shop\",\"item\":\"https:\/\/www.easly.nl\/fr\/shop\/\"},{\"@type\":\"ListItem\",\"position\":3,\"name\":\"Test de carence en magn\u00e9sium\"}]},{\"@type\":\"WebSite\",\"@id\":\"https:\/\/www.easly.nl\/fr\/#website\",\"url\":\"https:\/\/www.easly.nl\/fr\/\",\"name\":\"Easly Shop\",\"description\":\"Safe &amp; simple online COVID testing\",\"publisher\":{\"@id\":\"https:\/\/www.easly.nl\/fr\/#organization\"},\"potentialAction\":[{\"@type\":\"SearchAction\",\"target\":{\"@type\":\"EntryPoint\",\"urlTemplate\":\"https:\/\/www.easly.nl\/fr\/?s={search_term_string}\"},\"query-input\":{\"@type\":\"PropertyValueSpecification\",\"valueRequired\":true,\"valueName\":\"search_term_string\"}}],\"inLanguage\":\"fr-FR\"},{\"@type\":\"Organization\",\"@id\":\"https:\/\/www.easly.nl\/fr\/#organization\",\"name\":\"Easly.nl\",\"url\":\"https:\/\/www.easly.nl\/fr\/\",\"logo\":{\"@type\":\"ImageObject\",\"inLanguage\":\"fr-FR\",\"@id\":\"https:\/\/www.easly.nl\/fr\/#\/schema\/logo\/image\/\",\"url\":\"https:\/\/www.easly.nl\/wp-content\/uploads\/sites\/13\/2022\/10\/easly_logoslogan_color.png\",\"contentUrl\":\"https:\/\/www.easly.nl\/wp-content\/uploads\/sites\/13\/2022\/10\/easly_logoslogan_color.png\",\"width\":157,\"height\":38,\"caption\":\"Easly.nl\"},\"image\":{\"@id\":\"https:\/\/www.easly.nl\/fr\/#\/schema\/logo\/image\/\"}}]}<\/script>\n<!-- \/ Yoast SEO plugin. -->","yoast_head_json":{"title":"Test de carence en magn\u00e9sium - Autotest de carence en magn\u00e9sium","description":"D\u00e9tectez rapidement une carence en magn\u00e9sium gr\u00e2ce \u00e0 un test fiable. Choisissez l'autotest de magn\u00e9sium Easly pour un aper\u00e7u rapide et pr\u00e9cis de vos niveaux de magn\u00e9sium et de votre \u00e9tat de sant\u00e9 g\u00e9n\u00e9ral.","robots":{"index":"index","follow":"follow","max-snippet":"max-snippet:-1","max-image-preview":"max-image-preview:large","max-video-preview":"max-video-preview:-1"},"canonical":"https:\/\/www.easly.nl\/fr\/test-de-carence-en-magnesium\/","og_locale":"fr_FR","og_type":"article","og_title":"Test de carence en magn\u00e9sium - Autotest de carence en magn\u00e9sium","og_description":"D\u00e9tectez rapidement une carence en magn\u00e9sium gr\u00e2ce \u00e0 un test fiable. Choisissez l'autotest de magn\u00e9sium Easly pour un aper\u00e7u rapide et pr\u00e9cis de vos niveaux de magn\u00e9sium et de votre \u00e9tat de sant\u00e9 g\u00e9n\u00e9ral.","og_url":"https:\/\/www.easly.nl\/fr\/test-de-carence-en-magnesium\/","og_site_name":"Easly Shop","article_modified_time":"2025-03-11T12:59:57+00:00","og_image":[{"width":1044,"height":804,"url":"https:\/\/www.easly.nl\/wp-content\/uploads\/sites\/13\/2025\/02\/mag.webp","type":"image\/webp"}],"twitter_card":"summary_large_image","twitter_misc":{"Dur\u00e9e de lecture estim\u00e9e":"1 minute"},"schema":{"@context":"https:\/\/schema.org","@graph":[{"@type":"WebPage","@id":"https:\/\/www.easly.nl\/fr\/test-de-carence-en-magnesium\/","url":"https:\/\/www.easly.nl\/fr\/test-de-carence-en-magnesium\/","name":"Test de carence en magn\u00e9sium - Autotest de carence en magn\u00e9sium","isPartOf":{"@id":"https:\/\/www.easly.nl\/fr\/#website"},"primaryImageOfPage":{"@id":"https:\/\/www.easly.nl\/fr\/test-de-carence-en-magnesium\/#primaryimage"},"image":{"@id":"https:\/\/www.easly.nl\/fr\/test-de-carence-en-magnesium\/#primaryimage"},"thumbnailUrl":"https:\/\/www.easly.nl\/wp-content\/uploads\/sites\/13\/2025\/02\/mag.webp","datePublished":"2025-02-24T12:36:50+00:00","dateModified":"2025-03-11T12:59:57+00:00","description":"D\u00e9tectez rapidement une carence en magn\u00e9sium gr\u00e2ce \u00e0 un test fiable. Choisissez l'autotest de magn\u00e9sium Easly pour un aper\u00e7u rapide et pr\u00e9cis de vos niveaux de magn\u00e9sium et de votre \u00e9tat de sant\u00e9 g\u00e9n\u00e9ral.","breadcrumb":{"@id":"https:\/\/www.easly.nl\/fr\/test-de-carence-en-magnesium\/#breadcrumb"},"inLanguage":"fr-FR","potentialAction":[{"@type":"ReadAction","target":["https:\/\/www.easly.nl\/fr\/test-de-carence-en-magnesium\/"]}]},{"@type":"ImageObject","inLanguage":"fr-FR","@id":"https:\/\/www.easly.nl\/fr\/test-de-carence-en-magnesium\/#primaryimage","url":"https:\/\/www.easly.nl\/wp-content\/uploads\/sites\/13\/2025\/02\/mag.webp","contentUrl":"https:\/\/www.easly.nl\/wp-content\/uploads\/sites\/13\/2025\/02\/mag.webp","width":1044,"height":804},{"@type":"BreadcrumbList","@id":"https:\/\/www.easly.nl\/fr\/test-de-carence-en-magnesium\/#breadcrumb","itemListElement":[{"@type":"ListItem","position":1,"name":"D'accueil","item":"https:\/\/www.easly.nl\/fr\/"},{"@type":"ListItem","position":2,"name":"Shop","item":"https:\/\/www.easly.nl\/fr\/shop\/"},{"@type":"ListItem","position":3,"name":"Test de carence en magn\u00e9sium"}]},{"@type":"WebSite","@id":"https:\/\/www.easly.nl\/fr\/#website","url":"https:\/\/www.easly.nl\/fr\/","name":"Easly Shop","description":"Safe &amp; simple online COVID testing","publisher":{"@id":"https:\/\/www.easly.nl\/fr\/#organization"},"potentialAction":[{"@type":"SearchAction","target":{"@type":"EntryPoint","urlTemplate":"https:\/\/www.easly.nl\/fr\/?s={search_term_string}"},"query-input":{"@type":"PropertyValueSpecification","valueRequired":true,"valueName":"search_term_string"}}],"inLanguage":"fr-FR"},{"@type":"Organization","@id":"https:\/\/www.easly.nl\/fr\/#organization","name":"Easly.nl","url":"https:\/\/www.easly.nl\/fr\/","logo":{"@type":"ImageObject","inLanguage":"fr-FR","@id":"https:\/\/www.easly.nl\/fr\/#\/schema\/logo\/image\/","url":"https:\/\/www.easly.nl\/wp-content\/uploads\/sites\/13\/2022\/10\/easly_logoslogan_color.png","contentUrl":"https:\/\/www.easly.nl\/wp-content\/uploads\/sites\/13\/2022\/10\/easly_logoslogan_color.png","width":157,"height":38,"caption":"Easly.nl"},"image":{"@id":"https:\/\/www.easly.nl\/fr\/#\/schema\/logo\/image\/"}}]}},"_links":{"self":[{"href":"https:\/\/www.easly.nl\/fr\/wp-json\/wp\/v2\/product\/58293","targetHints":{"allow":["GET"]}}],"collection":[{"href":"https:\/\/www.easly.nl\/fr\/wp-json\/wp\/v2\/product"}],"about":[{"href":"https:\/\/www.easly.nl\/fr\/wp-json\/wp\/v2\/types\/product"}],"version-history":[{"count":3,"href":"https:\/\/www.easly.nl\/fr\/wp-json\/wp\/v2\/product\/58293\/revisions"}],"predecessor-version":[{"id":58579,"href":"https:\/\/www.easly.nl\/fr\/wp-json\/wp\/v2\/product\/58293\/revisions\/58579"}],"wp:featuredmedia":[{"embeddable":true,"href":"https:\/\/www.easly.nl\/fr\/wp-json\/wp\/v2\/media\/58289"}],"wp:attachment":[{"href":"https:\/\/www.easly.nl\/fr\/wp-json\/wp\/v2\/media?parent=58293"}],"wp:term":[{"taxonomy":"product_cat","embeddable":true,"href":"https:\/\/www.easly.nl\/fr\/wp-json\/wp\/v2\/product_cat?post=58293"},{"taxonomy":"product_tag","embeddable":true,"href":"https:\/\/www.easly.nl\/fr\/wp-json\/wp\/v2\/product_tag?post=58293"}],"curies":[{"name":"wp","href":"https:\/\/api.w.org\/{rel}","templated":true}]}}