{"id":58265,"date":"2025-02-24T13:20:55","date_gmt":"2025-02-24T12:37:21","guid":{"rendered":"https:\/\/www.easly.nl\/?post_type=product&#038;p=58265"},"modified":"2025-03-12T22:42:24","modified_gmt":"2025-03-12T21:42:24","slug":"test-acide-folique","status":"publish","type":"product","link":"https:\/\/www.easly.nl\/fr\/test-acide-folique\/","title":{"rendered":"Test de carence en acide folique"},"content":{"rendered":"<p>Foliumzuur houdt je energiek, scherp en gezond. Als het foliumzuurgehalte daalt, kun je je voortdurend uitgeput voelen, moeite hebben om je te concentreren en zelfs bloedarmoede ontwikkelen. Een foliumzuurtekorttest geeft duidelijke inzichten en helpt je om onevenwichtigheden in een vroeg stadium te corrigeren. Een eenvoudige bloedtest kan je helpen je gezondheid onder controle te houden, zodat je lichaam optimaal blijft presteren.<\/p>\n","protected":false},"excerpt":{"rendered":"<p>V\u00e9rifiez votre taux d&#8217;acide folique gr\u00e2ce \u00e0 un test de carence en acide folique. Une simple analyse de sang permet de d\u00e9tecter les carences \u00e0 un stade pr\u00e9coce, ce qui vous aide \u00e0 rester \u00e9nergique, concentr\u00e9 et en bonne sant\u00e9.<\/p>\n","protected":false},"featured_media":58234,"template":"","meta":{"_acf_changed":false,"footnotes":""},"product_cat":[1007,435],"product_tag":[867],"class_list":{"0":"post-58265","1":"product","2":"type-product","3":"status-publish","4":"has-post-thumbnail","6":"product_cat-style-de-vie-et-vitamines","7":"product_cat-non-classe","8":"product_tag-interpretation-et-conseils-medicaux","10":"first","11":"instock","12":"taxable","13":"shipping-taxable","14":"purchasable","15":"product-type-simple"},"acf":[],"yoast_head":"<!-- This site is optimized with the Yoast SEO plugin v24.3 - https:\/\/yoast.com\/wordpress\/plugins\/seo\/ -->\n<title>Test de carence en acide folique - Test de vitamine B9(B11) \u00e0 domicile<\/title>\n<meta name=\"description\" content=\"V\u00e9rifiez votre taux d&#039;acide folique \u00e0 l&#039;aide d&#039;un test de carence en acide folique. Une simple analyse de sang permet de d\u00e9tecter les carences \u00e0 un stade pr\u00e9coce, ce qui vous aide \u00e0 rester \u00e9nergique, concentr\u00e9 et en bonne sant\u00e9.\" \/>\n<meta name=\"robots\" content=\"index, follow, max-snippet:-1, max-image-preview:large, max-video-preview:-1\" \/>\n<link rel=\"canonical\" href=\"https:\/\/www.easly.nl\/fr\/test-acide-folique\/\" \/>\n<meta property=\"og:locale\" content=\"fr_FR\" \/>\n<meta property=\"og:type\" content=\"article\" \/>\n<meta property=\"og:title\" content=\"Test de carence en acide folique - Test de vitamine B9(B11) \u00e0 domicile\" \/>\n<meta property=\"og:description\" content=\"V\u00e9rifiez votre taux d&#039;acide folique \u00e0 l&#039;aide d&#039;un test de carence en acide folique. Une simple analyse de sang permet de d\u00e9tecter les carences \u00e0 un stade pr\u00e9coce, ce qui vous aide \u00e0 rester \u00e9nergique, concentr\u00e9 et en bonne sant\u00e9.\" \/>\n<meta property=\"og:url\" content=\"https:\/\/www.easly.nl\/fr\/test-acide-folique\/\" \/>\n<meta property=\"og:site_name\" content=\"Easly Shop\" \/>\n<meta property=\"article:modified_time\" content=\"2025-03-12T21:42:24+00:00\" \/>\n<meta property=\"og:image\" content=\"https:\/\/www.easly.nl\/wp-content\/uploads\/sites\/13\/2025\/02\/folic-acid-1.webp\" \/>\n\t<meta property=\"og:image:width\" content=\"1044\" \/>\n\t<meta property=\"og:image:height\" content=\"804\" \/>\n\t<meta property=\"og:image:type\" content=\"image\/webp\" \/>\n<meta name=\"twitter:card\" content=\"summary_large_image\" \/>\n<meta name=\"twitter:label1\" content=\"Dur\u00e9e de lecture estim\u00e9e\" \/>\n\t<meta name=\"twitter:data1\" content=\"1 minute\" \/>\n<script type=\"application\/ld+json\" class=\"yoast-schema-graph\">{\"@context\":\"https:\/\/schema.org\",\"@graph\":[{\"@type\":\"WebPage\",\"@id\":\"https:\/\/www.easly.nl\/fr\/test-acide-folique\/\",\"url\":\"https:\/\/www.easly.nl\/fr\/test-acide-folique\/\",\"name\":\"Test de carence en acide folique - Test de vitamine B9(B11) \u00e0 domicile\",\"isPartOf\":{\"@id\":\"https:\/\/www.easly.nl\/fr\/#website\"},\"primaryImageOfPage\":{\"@id\":\"https:\/\/www.easly.nl\/fr\/test-acide-folique\/#primaryimage\"},\"image\":{\"@id\":\"https:\/\/www.easly.nl\/fr\/test-acide-folique\/#primaryimage\"},\"thumbnailUrl\":\"https:\/\/www.easly.nl\/wp-content\/uploads\/sites\/13\/2025\/02\/folic-acid-1.webp\",\"datePublished\":\"2025-02-24T12:37:21+00:00\",\"dateModified\":\"2025-03-12T21:42:24+00:00\",\"description\":\"V\u00e9rifiez votre taux d'acide folique \u00e0 l'aide d'un test de carence en acide folique. Une simple analyse de sang permet de d\u00e9tecter les carences \u00e0 un stade pr\u00e9coce, ce qui vous aide \u00e0 rester \u00e9nergique, concentr\u00e9 et en bonne sant\u00e9.\",\"breadcrumb\":{\"@id\":\"https:\/\/www.easly.nl\/fr\/test-acide-folique\/#breadcrumb\"},\"inLanguage\":\"fr-FR\",\"potentialAction\":[{\"@type\":\"ReadAction\",\"target\":[\"https:\/\/www.easly.nl\/fr\/test-acide-folique\/\"]}]},{\"@type\":\"ImageObject\",\"inLanguage\":\"fr-FR\",\"@id\":\"https:\/\/www.easly.nl\/fr\/test-acide-folique\/#primaryimage\",\"url\":\"https:\/\/www.easly.nl\/wp-content\/uploads\/sites\/13\/2025\/02\/folic-acid-1.webp\",\"contentUrl\":\"https:\/\/www.easly.nl\/wp-content\/uploads\/sites\/13\/2025\/02\/folic-acid-1.webp\",\"width\":1044,\"height\":804},{\"@type\":\"BreadcrumbList\",\"@id\":\"https:\/\/www.easly.nl\/fr\/test-acide-folique\/#breadcrumb\",\"itemListElement\":[{\"@type\":\"ListItem\",\"position\":1,\"name\":\"D'accueil\",\"item\":\"https:\/\/www.easly.nl\/fr\/\"},{\"@type\":\"ListItem\",\"position\":2,\"name\":\"Shop\",\"item\":\"https:\/\/www.easly.nl\/fr\/shop\/\"},{\"@type\":\"ListItem\",\"position\":3,\"name\":\"Test de carence en acide folique\"}]},{\"@type\":\"WebSite\",\"@id\":\"https:\/\/www.easly.nl\/fr\/#website\",\"url\":\"https:\/\/www.easly.nl\/fr\/\",\"name\":\"Easly Shop\",\"description\":\"Safe &amp; simple online COVID testing\",\"publisher\":{\"@id\":\"https:\/\/www.easly.nl\/fr\/#organization\"},\"potentialAction\":[{\"@type\":\"SearchAction\",\"target\":{\"@type\":\"EntryPoint\",\"urlTemplate\":\"https:\/\/www.easly.nl\/fr\/?s={search_term_string}\"},\"query-input\":{\"@type\":\"PropertyValueSpecification\",\"valueRequired\":true,\"valueName\":\"search_term_string\"}}],\"inLanguage\":\"fr-FR\"},{\"@type\":\"Organization\",\"@id\":\"https:\/\/www.easly.nl\/fr\/#organization\",\"name\":\"Easly.nl\",\"url\":\"https:\/\/www.easly.nl\/fr\/\",\"logo\":{\"@type\":\"ImageObject\",\"inLanguage\":\"fr-FR\",\"@id\":\"https:\/\/www.easly.nl\/fr\/#\/schema\/logo\/image\/\",\"url\":\"https:\/\/www.easly.nl\/wp-content\/uploads\/sites\/13\/2022\/10\/easly_logoslogan_color.png\",\"contentUrl\":\"https:\/\/www.easly.nl\/wp-content\/uploads\/sites\/13\/2022\/10\/easly_logoslogan_color.png\",\"width\":157,\"height\":38,\"caption\":\"Easly.nl\"},\"image\":{\"@id\":\"https:\/\/www.easly.nl\/fr\/#\/schema\/logo\/image\/\"}}]}<\/script>\n<!-- \/ Yoast SEO plugin. -->","yoast_head_json":{"title":"Test de carence en acide folique - Test de vitamine B9(B11) \u00e0 domicile","description":"V\u00e9rifiez votre taux d'acide folique \u00e0 l'aide d'un test de carence en acide folique. Une simple analyse de sang permet de d\u00e9tecter les carences \u00e0 un stade pr\u00e9coce, ce qui vous aide \u00e0 rester \u00e9nergique, concentr\u00e9 et en bonne sant\u00e9.","robots":{"index":"index","follow":"follow","max-snippet":"max-snippet:-1","max-image-preview":"max-image-preview:large","max-video-preview":"max-video-preview:-1"},"canonical":"https:\/\/www.easly.nl\/fr\/test-acide-folique\/","og_locale":"fr_FR","og_type":"article","og_title":"Test de carence en acide folique - Test de vitamine B9(B11) \u00e0 domicile","og_description":"V\u00e9rifiez votre taux d'acide folique \u00e0 l'aide d'un test de carence en acide folique. Une simple analyse de sang permet de d\u00e9tecter les carences \u00e0 un stade pr\u00e9coce, ce qui vous aide \u00e0 rester \u00e9nergique, concentr\u00e9 et en bonne sant\u00e9.","og_url":"https:\/\/www.easly.nl\/fr\/test-acide-folique\/","og_site_name":"Easly Shop","article_modified_time":"2025-03-12T21:42:24+00:00","og_image":[{"width":1044,"height":804,"url":"https:\/\/www.easly.nl\/wp-content\/uploads\/sites\/13\/2025\/02\/folic-acid-1.webp","type":"image\/webp"}],"twitter_card":"summary_large_image","twitter_misc":{"Dur\u00e9e de lecture estim\u00e9e":"1 minute"},"schema":{"@context":"https:\/\/schema.org","@graph":[{"@type":"WebPage","@id":"https:\/\/www.easly.nl\/fr\/test-acide-folique\/","url":"https:\/\/www.easly.nl\/fr\/test-acide-folique\/","name":"Test de carence en acide folique - Test de vitamine B9(B11) \u00e0 domicile","isPartOf":{"@id":"https:\/\/www.easly.nl\/fr\/#website"},"primaryImageOfPage":{"@id":"https:\/\/www.easly.nl\/fr\/test-acide-folique\/#primaryimage"},"image":{"@id":"https:\/\/www.easly.nl\/fr\/test-acide-folique\/#primaryimage"},"thumbnailUrl":"https:\/\/www.easly.nl\/wp-content\/uploads\/sites\/13\/2025\/02\/folic-acid-1.webp","datePublished":"2025-02-24T12:37:21+00:00","dateModified":"2025-03-12T21:42:24+00:00","description":"V\u00e9rifiez votre taux d'acide folique \u00e0 l'aide d'un test de carence en acide folique. Une simple analyse de sang permet de d\u00e9tecter les carences \u00e0 un stade pr\u00e9coce, ce qui vous aide \u00e0 rester \u00e9nergique, concentr\u00e9 et en bonne sant\u00e9.","breadcrumb":{"@id":"https:\/\/www.easly.nl\/fr\/test-acide-folique\/#breadcrumb"},"inLanguage":"fr-FR","potentialAction":[{"@type":"ReadAction","target":["https:\/\/www.easly.nl\/fr\/test-acide-folique\/"]}]},{"@type":"ImageObject","inLanguage":"fr-FR","@id":"https:\/\/www.easly.nl\/fr\/test-acide-folique\/#primaryimage","url":"https:\/\/www.easly.nl\/wp-content\/uploads\/sites\/13\/2025\/02\/folic-acid-1.webp","contentUrl":"https:\/\/www.easly.nl\/wp-content\/uploads\/sites\/13\/2025\/02\/folic-acid-1.webp","width":1044,"height":804},{"@type":"BreadcrumbList","@id":"https:\/\/www.easly.nl\/fr\/test-acide-folique\/#breadcrumb","itemListElement":[{"@type":"ListItem","position":1,"name":"D'accueil","item":"https:\/\/www.easly.nl\/fr\/"},{"@type":"ListItem","position":2,"name":"Shop","item":"https:\/\/www.easly.nl\/fr\/shop\/"},{"@type":"ListItem","position":3,"name":"Test de carence en acide folique"}]},{"@type":"WebSite","@id":"https:\/\/www.easly.nl\/fr\/#website","url":"https:\/\/www.easly.nl\/fr\/","name":"Easly Shop","description":"Safe &amp; simple online COVID testing","publisher":{"@id":"https:\/\/www.easly.nl\/fr\/#organization"},"potentialAction":[{"@type":"SearchAction","target":{"@type":"EntryPoint","urlTemplate":"https:\/\/www.easly.nl\/fr\/?s={search_term_string}"},"query-input":{"@type":"PropertyValueSpecification","valueRequired":true,"valueName":"search_term_string"}}],"inLanguage":"fr-FR"},{"@type":"Organization","@id":"https:\/\/www.easly.nl\/fr\/#organization","name":"Easly.nl","url":"https:\/\/www.easly.nl\/fr\/","logo":{"@type":"ImageObject","inLanguage":"fr-FR","@id":"https:\/\/www.easly.nl\/fr\/#\/schema\/logo\/image\/","url":"https:\/\/www.easly.nl\/wp-content\/uploads\/sites\/13\/2022\/10\/easly_logoslogan_color.png","contentUrl":"https:\/\/www.easly.nl\/wp-content\/uploads\/sites\/13\/2022\/10\/easly_logoslogan_color.png","width":157,"height":38,"caption":"Easly.nl"},"image":{"@id":"https:\/\/www.easly.nl\/fr\/#\/schema\/logo\/image\/"}}]}},"_links":{"self":[{"href":"https:\/\/www.easly.nl\/fr\/wp-json\/wp\/v2\/product\/58265","targetHints":{"allow":["GET"]}}],"collection":[{"href":"https:\/\/www.easly.nl\/fr\/wp-json\/wp\/v2\/product"}],"about":[{"href":"https:\/\/www.easly.nl\/fr\/wp-json\/wp\/v2\/types\/product"}],"version-history":[{"count":3,"href":"https:\/\/www.easly.nl\/fr\/wp-json\/wp\/v2\/product\/58265\/revisions"}],"predecessor-version":[{"id":58562,"href":"https:\/\/www.easly.nl\/fr\/wp-json\/wp\/v2\/product\/58265\/revisions\/58562"}],"wp:featuredmedia":[{"embeddable":true,"href":"https:\/\/www.easly.nl\/fr\/wp-json\/wp\/v2\/media\/58234"}],"wp:attachment":[{"href":"https:\/\/www.easly.nl\/fr\/wp-json\/wp\/v2\/media?parent=58265"}],"wp:term":[{"taxonomy":"product_cat","embeddable":true,"href":"https:\/\/www.easly.nl\/fr\/wp-json\/wp\/v2\/product_cat?post=58265"},{"taxonomy":"product_tag","embeddable":true,"href":"https:\/\/www.easly.nl\/fr\/wp-json\/wp\/v2\/product_tag?post=58265"}],"curies":[{"name":"wp","href":"https:\/\/api.w.org\/{rel}","templated":true}]}}