{"id":57273,"date":"2025-01-28T14:04:37","date_gmt":"2025-01-28T13:04:43","guid":{"rendered":"https:\/\/www.easly.nl\/?post_type=product&#038;p=57273"},"modified":"2025-04-01T11:12:23","modified_gmt":"2025-04-01T10:12:23","slug":"test-herpes-syphilis-mst-kopie","status":"publish","type":"product","link":"https:\/\/www.easly.nl\/fr\/tests-mst\/syphilis\/","title":{"rendered":"Test MST syphilis \u00e0 domicile"},"content":{"rendered":"<p>Vous inqui\u00e9tez-vous d&#8217;une possible syphilis apr\u00e8s un rapport sexuel non prot\u00e9g\u00e9 ou avez-vous remarqu\u00e9 des sympt\u00f4mes ? Le test de d\u00e9pistage de la syphilis g\u00e9nitale Easly offre un moyen simple et discret de d\u00e9tecter la syphilis. Ce test utilise des analyses de s\u00e9rum pour une plus grande pr\u00e9cision. Il est id\u00e9al si vous avez un partenaire qui a \u00e9t\u00e9 inform\u00e9 de l&#8217;infection par la syphilis ou si vous pr\u00e9sentez vous-m\u00eame des sympt\u00f4mes tels que des plaies douloureuses. En quelques \u00e9tapes simples, vous pouvez conna\u00eetre votre statut, sans stress ni inconfort. Vous recevrez vos r\u00e9sultats en ligne via votre propre portail s\u00e9curis\u00e9. Vous serez le seul \u00e0 avoir acc\u00e8s \u00e0 ces informations, ainsi qu&#8217;\u00e0 des conseils m\u00e9dicaux personnalis\u00e9s, afin de pouvoir prendre imm\u00e9diatement les mesures ad\u00e9quates.<\/p>\n","protected":false},"excerpt":{"rendered":"<p>Faites un test de d\u00e9pistage de la syphilis en toute discr\u00e9tion gr\u00e2ce au test \u00e0 domicile Easly, une analyse sanguine fiable. D\u00e9couvrez tout ce qu&#8217;il faut savoir sur les sympt\u00f4mes, les tests et les options de traitement, dans le confort de votre foyer.<\/p>\n","protected":false},"featured_media":57345,"template":"","meta":{"_acf_changed":false,"footnotes":""},"product_cat":[753,432,435],"product_tag":[],"class_list":{"0":"post-57273","1":"product","2":"type-product","3":"status-publish","4":"has-post-thumbnail","6":"product_cat-mozand-lab-fr","7":"product_cat-mst","8":"product_cat-non-classe","10":"first","11":"instock","12":"taxable","13":"shipping-taxable","14":"purchasable","15":"product-type-simple"},"acf":[],"yoast_head":"<!-- This site is optimized with the Yoast SEO plugin v24.3 - https:\/\/yoast.com\/wordpress\/plugins\/seo\/ -->\n<title>Test MST syphilis \u00e0 domicile \u2013 Easly<\/title>\n<meta name=\"description\" content=\"Testez discr\u00e8tement la syphilis avec le test sanguin fiable d\u2019Easly. Sympt\u00f4mes, tests et traitements expliqu\u00e9s, le tout depuis chez vous.\" \/>\n<meta name=\"robots\" content=\"index, follow, max-snippet:-1, max-image-preview:large, max-video-preview:-1\" \/>\n<link rel=\"canonical\" href=\"https:\/\/www.easly.nl\/fr\/tests-mst\/syphilis\/\" \/>\n<meta property=\"og:locale\" content=\"fr_FR\" \/>\n<meta property=\"og:type\" content=\"article\" \/>\n<meta property=\"og:title\" content=\"Test MST syphilis \u00e0 domicile \u2013 Easly\" \/>\n<meta property=\"og:description\" content=\"Testez discr\u00e8tement la syphilis avec le test sanguin fiable d\u2019Easly. Sympt\u00f4mes, tests et traitements expliqu\u00e9s, le tout depuis chez vous.\" \/>\n<meta property=\"og:url\" content=\"https:\/\/www.easly.nl\/fr\/tests-mst\/syphilis\/\" \/>\n<meta property=\"og:site_name\" content=\"Easly Shop\" \/>\n<meta property=\"article:modified_time\" content=\"2025-04-01T10:12:23+00:00\" \/>\n<meta property=\"og:image\" content=\"https:\/\/www.easly.nl\/wp-content\/uploads\/sites\/13\/2025\/01\/Syphilis-Easly.nl_.webp\" \/>\n\t<meta property=\"og:image:width\" content=\"1044\" \/>\n\t<meta property=\"og:image:height\" content=\"804\" \/>\n\t<meta property=\"og:image:type\" content=\"image\/webp\" \/>\n<meta name=\"twitter:card\" content=\"summary_large_image\" \/>\n<meta name=\"twitter:label1\" content=\"Dur\u00e9e de lecture estim\u00e9e\" \/>\n\t<meta name=\"twitter:data1\" content=\"1 minute\" \/>\n<script type=\"application\/ld+json\" class=\"yoast-schema-graph\">{\"@context\":\"https:\/\/schema.org\",\"@graph\":[{\"@type\":\"WebPage\",\"@id\":\"https:\/\/www.easly.nl\/fr\/tests-mst\/syphilis\/\",\"url\":\"https:\/\/www.easly.nl\/fr\/tests-mst\/syphilis\/\",\"name\":\"Test MST syphilis \u00e0 domicile \u2013 Easly\",\"isPartOf\":{\"@id\":\"https:\/\/www.easly.nl\/fr\/#website\"},\"primaryImageOfPage\":{\"@id\":\"https:\/\/www.easly.nl\/fr\/tests-mst\/syphilis\/#primaryimage\"},\"image\":{\"@id\":\"https:\/\/www.easly.nl\/fr\/tests-mst\/syphilis\/#primaryimage\"},\"thumbnailUrl\":\"https:\/\/www.easly.nl\/wp-content\/uploads\/sites\/13\/2025\/01\/Syphilis-Easly.nl_.webp\",\"datePublished\":\"2025-01-28T13:04:43+00:00\",\"dateModified\":\"2025-04-01T10:12:23+00:00\",\"description\":\"Testez discr\u00e8tement la syphilis avec le test sanguin fiable d\u2019Easly. Sympt\u00f4mes, tests et traitements expliqu\u00e9s, le tout depuis chez vous.\",\"breadcrumb\":{\"@id\":\"https:\/\/www.easly.nl\/fr\/tests-mst\/syphilis\/#breadcrumb\"},\"inLanguage\":\"fr-FR\",\"potentialAction\":[{\"@type\":\"ReadAction\",\"target\":[\"https:\/\/www.easly.nl\/fr\/tests-mst\/syphilis\/\"]}]},{\"@type\":\"ImageObject\",\"inLanguage\":\"fr-FR\",\"@id\":\"https:\/\/www.easly.nl\/fr\/tests-mst\/syphilis\/#primaryimage\",\"url\":\"https:\/\/www.easly.nl\/wp-content\/uploads\/sites\/13\/2025\/01\/Syphilis-Easly.nl_.webp\",\"contentUrl\":\"https:\/\/www.easly.nl\/wp-content\/uploads\/sites\/13\/2025\/01\/Syphilis-Easly.nl_.webp\",\"width\":1044,\"height\":804,\"caption\":\"SOA\"},{\"@type\":\"BreadcrumbList\",\"@id\":\"https:\/\/www.easly.nl\/fr\/tests-mst\/syphilis\/#breadcrumb\",\"itemListElement\":[{\"@type\":\"ListItem\",\"position\":1,\"name\":\"D'accueil\",\"item\":\"https:\/\/www.easly.nl\/fr\/\"},{\"@type\":\"ListItem\",\"position\":2,\"name\":\"Shop\",\"item\":\"https:\/\/www.easly.nl\/fr\/shop\/\"},{\"@type\":\"ListItem\",\"position\":3,\"name\":\"Test MST syphilis \u00e0 domicile\"}]},{\"@type\":\"WebSite\",\"@id\":\"https:\/\/www.easly.nl\/fr\/#website\",\"url\":\"https:\/\/www.easly.nl\/fr\/\",\"name\":\"Easly Shop\",\"description\":\"Safe &amp; simple online COVID testing\",\"publisher\":{\"@id\":\"https:\/\/www.easly.nl\/fr\/#organization\"},\"potentialAction\":[{\"@type\":\"SearchAction\",\"target\":{\"@type\":\"EntryPoint\",\"urlTemplate\":\"https:\/\/www.easly.nl\/fr\/?s={search_term_string}\"},\"query-input\":{\"@type\":\"PropertyValueSpecification\",\"valueRequired\":true,\"valueName\":\"search_term_string\"}}],\"inLanguage\":\"fr-FR\"},{\"@type\":\"Organization\",\"@id\":\"https:\/\/www.easly.nl\/fr\/#organization\",\"name\":\"Easly.nl\",\"url\":\"https:\/\/www.easly.nl\/fr\/\",\"logo\":{\"@type\":\"ImageObject\",\"inLanguage\":\"fr-FR\",\"@id\":\"https:\/\/www.easly.nl\/fr\/#\/schema\/logo\/image\/\",\"url\":\"https:\/\/www.easly.nl\/wp-content\/uploads\/sites\/13\/2022\/10\/easly_logoslogan_color.png\",\"contentUrl\":\"https:\/\/www.easly.nl\/wp-content\/uploads\/sites\/13\/2022\/10\/easly_logoslogan_color.png\",\"width\":157,\"height\":38,\"caption\":\"Easly.nl\"},\"image\":{\"@id\":\"https:\/\/www.easly.nl\/fr\/#\/schema\/logo\/image\/\"}}]}<\/script>\n<!-- \/ Yoast SEO plugin. -->","yoast_head_json":{"title":"Test MST syphilis \u00e0 domicile \u2013 Easly","description":"Testez discr\u00e8tement la syphilis avec le test sanguin fiable d\u2019Easly. Sympt\u00f4mes, tests et traitements expliqu\u00e9s, le tout depuis chez vous.","robots":{"index":"index","follow":"follow","max-snippet":"max-snippet:-1","max-image-preview":"max-image-preview:large","max-video-preview":"max-video-preview:-1"},"canonical":"https:\/\/www.easly.nl\/fr\/tests-mst\/syphilis\/","og_locale":"fr_FR","og_type":"article","og_title":"Test MST syphilis \u00e0 domicile \u2013 Easly","og_description":"Testez discr\u00e8tement la syphilis avec le test sanguin fiable d\u2019Easly. Sympt\u00f4mes, tests et traitements expliqu\u00e9s, le tout depuis chez vous.","og_url":"https:\/\/www.easly.nl\/fr\/tests-mst\/syphilis\/","og_site_name":"Easly Shop","article_modified_time":"2025-04-01T10:12:23+00:00","og_image":[{"width":1044,"height":804,"url":"https:\/\/www.easly.nl\/wp-content\/uploads\/sites\/13\/2025\/01\/Syphilis-Easly.nl_.webp","type":"image\/webp"}],"twitter_card":"summary_large_image","twitter_misc":{"Dur\u00e9e de lecture estim\u00e9e":"1 minute"},"schema":{"@context":"https:\/\/schema.org","@graph":[{"@type":"WebPage","@id":"https:\/\/www.easly.nl\/fr\/tests-mst\/syphilis\/","url":"https:\/\/www.easly.nl\/fr\/tests-mst\/syphilis\/","name":"Test MST syphilis \u00e0 domicile \u2013 Easly","isPartOf":{"@id":"https:\/\/www.easly.nl\/fr\/#website"},"primaryImageOfPage":{"@id":"https:\/\/www.easly.nl\/fr\/tests-mst\/syphilis\/#primaryimage"},"image":{"@id":"https:\/\/www.easly.nl\/fr\/tests-mst\/syphilis\/#primaryimage"},"thumbnailUrl":"https:\/\/www.easly.nl\/wp-content\/uploads\/sites\/13\/2025\/01\/Syphilis-Easly.nl_.webp","datePublished":"2025-01-28T13:04:43+00:00","dateModified":"2025-04-01T10:12:23+00:00","description":"Testez discr\u00e8tement la syphilis avec le test sanguin fiable d\u2019Easly. Sympt\u00f4mes, tests et traitements expliqu\u00e9s, le tout depuis chez vous.","breadcrumb":{"@id":"https:\/\/www.easly.nl\/fr\/tests-mst\/syphilis\/#breadcrumb"},"inLanguage":"fr-FR","potentialAction":[{"@type":"ReadAction","target":["https:\/\/www.easly.nl\/fr\/tests-mst\/syphilis\/"]}]},{"@type":"ImageObject","inLanguage":"fr-FR","@id":"https:\/\/www.easly.nl\/fr\/tests-mst\/syphilis\/#primaryimage","url":"https:\/\/www.easly.nl\/wp-content\/uploads\/sites\/13\/2025\/01\/Syphilis-Easly.nl_.webp","contentUrl":"https:\/\/www.easly.nl\/wp-content\/uploads\/sites\/13\/2025\/01\/Syphilis-Easly.nl_.webp","width":1044,"height":804,"caption":"SOA"},{"@type":"BreadcrumbList","@id":"https:\/\/www.easly.nl\/fr\/tests-mst\/syphilis\/#breadcrumb","itemListElement":[{"@type":"ListItem","position":1,"name":"D'accueil","item":"https:\/\/www.easly.nl\/fr\/"},{"@type":"ListItem","position":2,"name":"Shop","item":"https:\/\/www.easly.nl\/fr\/shop\/"},{"@type":"ListItem","position":3,"name":"Test MST syphilis \u00e0 domicile"}]},{"@type":"WebSite","@id":"https:\/\/www.easly.nl\/fr\/#website","url":"https:\/\/www.easly.nl\/fr\/","name":"Easly Shop","description":"Safe &amp; simple online COVID testing","publisher":{"@id":"https:\/\/www.easly.nl\/fr\/#organization"},"potentialAction":[{"@type":"SearchAction","target":{"@type":"EntryPoint","urlTemplate":"https:\/\/www.easly.nl\/fr\/?s={search_term_string}"},"query-input":{"@type":"PropertyValueSpecification","valueRequired":true,"valueName":"search_term_string"}}],"inLanguage":"fr-FR"},{"@type":"Organization","@id":"https:\/\/www.easly.nl\/fr\/#organization","name":"Easly.nl","url":"https:\/\/www.easly.nl\/fr\/","logo":{"@type":"ImageObject","inLanguage":"fr-FR","@id":"https:\/\/www.easly.nl\/fr\/#\/schema\/logo\/image\/","url":"https:\/\/www.easly.nl\/wp-content\/uploads\/sites\/13\/2022\/10\/easly_logoslogan_color.png","contentUrl":"https:\/\/www.easly.nl\/wp-content\/uploads\/sites\/13\/2022\/10\/easly_logoslogan_color.png","width":157,"height":38,"caption":"Easly.nl"},"image":{"@id":"https:\/\/www.easly.nl\/fr\/#\/schema\/logo\/image\/"}}]}},"_links":{"self":[{"href":"https:\/\/www.easly.nl\/fr\/wp-json\/wp\/v2\/product\/57273","targetHints":{"allow":["GET"]}}],"collection":[{"href":"https:\/\/www.easly.nl\/fr\/wp-json\/wp\/v2\/product"}],"about":[{"href":"https:\/\/www.easly.nl\/fr\/wp-json\/wp\/v2\/types\/product"}],"version-history":[{"count":2,"href":"https:\/\/www.easly.nl\/fr\/wp-json\/wp\/v2\/product\/57273\/revisions"}],"predecessor-version":[{"id":58874,"href":"https:\/\/www.easly.nl\/fr\/wp-json\/wp\/v2\/product\/57273\/revisions\/58874"}],"wp:featuredmedia":[{"embeddable":true,"href":"https:\/\/www.easly.nl\/fr\/wp-json\/wp\/v2\/media\/57345"}],"wp:attachment":[{"href":"https:\/\/www.easly.nl\/fr\/wp-json\/wp\/v2\/media?parent=57273"}],"wp:term":[{"taxonomy":"product_cat","embeddable":true,"href":"https:\/\/www.easly.nl\/fr\/wp-json\/wp\/v2\/product_cat?post=57273"},{"taxonomy":"product_tag","embeddable":true,"href":"https:\/\/www.easly.nl\/fr\/wp-json\/wp\/v2\/product_tag?post=57273"}],"curies":[{"name":"wp","href":"https:\/\/api.w.org\/{rel}","templated":true}]}}