{"id":55832,"date":"2024-12-18T15:34:23","date_gmt":"2024-12-18T14:34:44","guid":{"rendered":"https:\/\/www.easly.nl\/?post_type=product&#038;p=55832"},"modified":"2025-07-01T01:00:12","modified_gmt":"2025-07-01T00:00:12","slug":"test-complet-pour-les-mst-kopie-2","status":"publish","type":"product","link":"https:\/\/www.easly.nl\/fr\/tests-mst\/test-complet-mst\/","title":{"rendered":"Test complet pour les MST"},"content":{"rendered":"<p>Le test complet et complet des MST est l&#8217;un des cinq packs de tests complets d&#8217;Easly pour les IST, offrant un examen approfondi pour exclure quatre MST courantes: la chlamydia, la gonorrh\u00e9e, les trichomonas et les mycoplasmes. Le test complet du panel MST est le choix parfait si vous recherchez un d\u00e9pistage complet des IST. S\u00e9lectionnez simplement un package de test pour hommes ou femmes lors de votre commande et envisagez d&#8217;ajouter des \u00e9valuations suppl\u00e9mentaires adapt\u00e9es \u00e0 votre comportement sexuel. Repos assur\u00e9; le test STI complet comprend un certificat m\u00e9dical pour valider les r\u00e9sultats.<\/p>\n","protected":false},"excerpt":{"rendered":"<p><span data-sheets-formula-bar-text-style=\"font-size:15px;color:#000000;font-weight:normal;text-decoration:none;font-family:'docs-Calibri';font-style:normal;text-decoration-skip-ink:none;\">Testez-vous pour les quatre MST les plus courantes. A domicile, sans l&#8217;intervention d&#8217;un m\u00e9decin. Livraison gratuite de votre \u00e9chantillon et r\u00e9sultats rapides. <\/span><\/p>\n","protected":false},"featured_media":31662,"template":"","meta":{"_acf_changed":false,"footnotes":""},"product_cat":[637,753,432,439],"product_tag":[],"class_list":{"0":"post-55832","1":"product","2":"type-product","3":"status-publish","4":"has-post-thumbnail","6":"product_cat-le-plus-populaire","7":"product_cat-mozand-lab-fr","8":"product_cat-mst","9":"product_cat-tpl-pour-les-variantes-soa","11":"first","12":"instock","13":"sale","14":"taxable","15":"shipping-taxable","16":"purchasable","17":"product-type-variable"},"acf":[],"yoast_head":"<!-- This site is optimized with the Yoast SEO plugin v24.3 - https:\/\/yoast.com\/wordpress\/plugins\/seo\/ -->\n<title>Test complet du panel STI \u00e0 domicile pour la chlamydia, la gonorrh\u00e9e, les trichomonas et les mycoplasmes.<\/title>\n<meta name=\"description\" content=\"Achetez un test complet de d\u00e9pistage des IST et obtenez la certitude que vous \u00eates ou non atteint de MST, telles que la chlamydia, la gonorrh\u00e9e, le mycoplasme et le trichomonas.\" \/>\n<meta name=\"robots\" content=\"index, follow, max-snippet:-1, max-image-preview:large, max-video-preview:-1\" \/>\n<link rel=\"canonical\" href=\"https:\/\/www.easly.nl\/fr\/tests-mst\/test-complet-mst\/\" \/>\n<meta property=\"og:locale\" content=\"fr_FR\" \/>\n<meta property=\"og:type\" content=\"article\" \/>\n<meta property=\"og:title\" content=\"Test complet du panel STI \u00e0 domicile pour la chlamydia, la gonorrh\u00e9e, les trichomonas et les mycoplasmes.\" \/>\n<meta property=\"og:description\" content=\"Achetez un test complet de d\u00e9pistage des IST et obtenez la certitude que vous \u00eates ou non atteint de MST, telles que la chlamydia, la gonorrh\u00e9e, le mycoplasme et le trichomonas.\" \/>\n<meta property=\"og:url\" content=\"https:\/\/www.easly.nl\/fr\/tests-mst\/test-complet-mst\/\" \/>\n<meta property=\"og:site_name\" content=\"Easly Shop\" \/>\n<meta property=\"article:modified_time\" content=\"2025-07-01T00:00:12+00:00\" \/>\n<meta property=\"og:image\" content=\"https:\/\/www.easly.nl\/wp-content\/uploads\/sites\/13\/2022\/11\/Easly-Soa-Compleet-8720256100331.webp\" \/>\n\t<meta property=\"og:image:width\" content=\"1044\" \/>\n\t<meta property=\"og:image:height\" content=\"804\" \/>\n\t<meta property=\"og:image:type\" content=\"image\/webp\" \/>\n<meta name=\"twitter:card\" content=\"summary_large_image\" \/>\n<meta name=\"twitter:label1\" content=\"Dur\u00e9e de lecture estim\u00e9e\" \/>\n\t<meta name=\"twitter:data1\" content=\"1 minute\" \/>\n<script type=\"application\/ld+json\" class=\"yoast-schema-graph\">{\"@context\":\"https:\/\/schema.org\",\"@graph\":[{\"@type\":\"WebPage\",\"@id\":\"https:\/\/www.easly.nl\/fr\/tests-mst\/test-complet-mst\/\",\"url\":\"https:\/\/www.easly.nl\/fr\/tests-mst\/test-complet-mst\/\",\"name\":\"Test complet du panel STI \u00e0 domicile pour la chlamydia, la gonorrh\u00e9e, les trichomonas et les mycoplasmes.\",\"isPartOf\":{\"@id\":\"https:\/\/www.easly.nl\/fr\/#website\"},\"primaryImageOfPage\":{\"@id\":\"https:\/\/www.easly.nl\/fr\/tests-mst\/test-complet-mst\/#primaryimage\"},\"image\":{\"@id\":\"https:\/\/www.easly.nl\/fr\/tests-mst\/test-complet-mst\/#primaryimage\"},\"thumbnailUrl\":\"https:\/\/www.easly.nl\/wp-content\/uploads\/sites\/13\/2022\/11\/Easly-Soa-Compleet-8720256100331.webp\",\"datePublished\":\"2024-12-18T14:34:44+00:00\",\"dateModified\":\"2025-07-01T00:00:12+00:00\",\"description\":\"Achetez un test complet de d\u00e9pistage des IST et obtenez la certitude que vous \u00eates ou non atteint de MST, telles que la chlamydia, la gonorrh\u00e9e, le mycoplasme et le trichomonas.\",\"breadcrumb\":{\"@id\":\"https:\/\/www.easly.nl\/fr\/tests-mst\/test-complet-mst\/#breadcrumb\"},\"inLanguage\":\"fr-FR\",\"potentialAction\":[{\"@type\":\"ReadAction\",\"target\":[\"https:\/\/www.easly.nl\/fr\/tests-mst\/test-complet-mst\/\"]}]},{\"@type\":\"ImageObject\",\"inLanguage\":\"fr-FR\",\"@id\":\"https:\/\/www.easly.nl\/fr\/tests-mst\/test-complet-mst\/#primaryimage\",\"url\":\"https:\/\/www.easly.nl\/wp-content\/uploads\/sites\/13\/2022\/11\/Easly-Soa-Compleet-8720256100331.webp\",\"contentUrl\":\"https:\/\/www.easly.nl\/wp-content\/uploads\/sites\/13\/2022\/11\/Easly-Soa-Compleet-8720256100331.webp\",\"width\":1044,\"height\":804,\"caption\":\"SOA Compleet test\"},{\"@type\":\"BreadcrumbList\",\"@id\":\"https:\/\/www.easly.nl\/fr\/tests-mst\/test-complet-mst\/#breadcrumb\",\"itemListElement\":[{\"@type\":\"ListItem\",\"position\":1,\"name\":\"D'accueil\",\"item\":\"https:\/\/www.easly.nl\/fr\/\"},{\"@type\":\"ListItem\",\"position\":2,\"name\":\"Shop\",\"item\":\"https:\/\/www.easly.nl\/fr\/shop\/\"},{\"@type\":\"ListItem\",\"position\":3,\"name\":\"Test complet pour les MST\"}]},{\"@type\":\"WebSite\",\"@id\":\"https:\/\/www.easly.nl\/fr\/#website\",\"url\":\"https:\/\/www.easly.nl\/fr\/\",\"name\":\"Easly Shop\",\"description\":\"Safe &amp; simple online COVID testing\",\"publisher\":{\"@id\":\"https:\/\/www.easly.nl\/fr\/#organization\"},\"potentialAction\":[{\"@type\":\"SearchAction\",\"target\":{\"@type\":\"EntryPoint\",\"urlTemplate\":\"https:\/\/www.easly.nl\/fr\/?s={search_term_string}\"},\"query-input\":{\"@type\":\"PropertyValueSpecification\",\"valueRequired\":true,\"valueName\":\"search_term_string\"}}],\"inLanguage\":\"fr-FR\"},{\"@type\":\"Organization\",\"@id\":\"https:\/\/www.easly.nl\/fr\/#organization\",\"name\":\"Easly.nl\",\"url\":\"https:\/\/www.easly.nl\/fr\/\",\"logo\":{\"@type\":\"ImageObject\",\"inLanguage\":\"fr-FR\",\"@id\":\"https:\/\/www.easly.nl\/fr\/#\/schema\/logo\/image\/\",\"url\":\"https:\/\/www.easly.nl\/wp-content\/uploads\/sites\/13\/2022\/10\/easly_logoslogan_color.png\",\"contentUrl\":\"https:\/\/www.easly.nl\/wp-content\/uploads\/sites\/13\/2022\/10\/easly_logoslogan_color.png\",\"width\":157,\"height\":38,\"caption\":\"Easly.nl\"},\"image\":{\"@id\":\"https:\/\/www.easly.nl\/fr\/#\/schema\/logo\/image\/\"}}]}<\/script>\n<!-- \/ Yoast SEO plugin. -->","yoast_head_json":{"title":"Test complet du panel STI \u00e0 domicile pour la chlamydia, la gonorrh\u00e9e, les trichomonas et les mycoplasmes.","description":"Achetez un test complet de d\u00e9pistage des IST et obtenez la certitude que vous \u00eates ou non atteint de MST, telles que la chlamydia, la gonorrh\u00e9e, le mycoplasme et le trichomonas.","robots":{"index":"index","follow":"follow","max-snippet":"max-snippet:-1","max-image-preview":"max-image-preview:large","max-video-preview":"max-video-preview:-1"},"canonical":"https:\/\/www.easly.nl\/fr\/tests-mst\/test-complet-mst\/","og_locale":"fr_FR","og_type":"article","og_title":"Test complet du panel STI \u00e0 domicile pour la chlamydia, la gonorrh\u00e9e, les trichomonas et les mycoplasmes.","og_description":"Achetez un test complet de d\u00e9pistage des IST et obtenez la certitude que vous \u00eates ou non atteint de MST, telles que la chlamydia, la gonorrh\u00e9e, le mycoplasme et le trichomonas.","og_url":"https:\/\/www.easly.nl\/fr\/tests-mst\/test-complet-mst\/","og_site_name":"Easly Shop","article_modified_time":"2025-07-01T00:00:12+00:00","og_image":[{"width":1044,"height":804,"url":"https:\/\/www.easly.nl\/wp-content\/uploads\/sites\/13\/2022\/11\/Easly-Soa-Compleet-8720256100331.webp","type":"image\/webp"}],"twitter_card":"summary_large_image","twitter_misc":{"Dur\u00e9e de lecture estim\u00e9e":"1 minute"},"schema":{"@context":"https:\/\/schema.org","@graph":[{"@type":"WebPage","@id":"https:\/\/www.easly.nl\/fr\/tests-mst\/test-complet-mst\/","url":"https:\/\/www.easly.nl\/fr\/tests-mst\/test-complet-mst\/","name":"Test complet du panel STI \u00e0 domicile pour la chlamydia, la gonorrh\u00e9e, les trichomonas et les mycoplasmes.","isPartOf":{"@id":"https:\/\/www.easly.nl\/fr\/#website"},"primaryImageOfPage":{"@id":"https:\/\/www.easly.nl\/fr\/tests-mst\/test-complet-mst\/#primaryimage"},"image":{"@id":"https:\/\/www.easly.nl\/fr\/tests-mst\/test-complet-mst\/#primaryimage"},"thumbnailUrl":"https:\/\/www.easly.nl\/wp-content\/uploads\/sites\/13\/2022\/11\/Easly-Soa-Compleet-8720256100331.webp","datePublished":"2024-12-18T14:34:44+00:00","dateModified":"2025-07-01T00:00:12+00:00","description":"Achetez un test complet de d\u00e9pistage des IST et obtenez la certitude que vous \u00eates ou non atteint de MST, telles que la chlamydia, la gonorrh\u00e9e, le mycoplasme et le trichomonas.","breadcrumb":{"@id":"https:\/\/www.easly.nl\/fr\/tests-mst\/test-complet-mst\/#breadcrumb"},"inLanguage":"fr-FR","potentialAction":[{"@type":"ReadAction","target":["https:\/\/www.easly.nl\/fr\/tests-mst\/test-complet-mst\/"]}]},{"@type":"ImageObject","inLanguage":"fr-FR","@id":"https:\/\/www.easly.nl\/fr\/tests-mst\/test-complet-mst\/#primaryimage","url":"https:\/\/www.easly.nl\/wp-content\/uploads\/sites\/13\/2022\/11\/Easly-Soa-Compleet-8720256100331.webp","contentUrl":"https:\/\/www.easly.nl\/wp-content\/uploads\/sites\/13\/2022\/11\/Easly-Soa-Compleet-8720256100331.webp","width":1044,"height":804,"caption":"SOA Compleet test"},{"@type":"BreadcrumbList","@id":"https:\/\/www.easly.nl\/fr\/tests-mst\/test-complet-mst\/#breadcrumb","itemListElement":[{"@type":"ListItem","position":1,"name":"D'accueil","item":"https:\/\/www.easly.nl\/fr\/"},{"@type":"ListItem","position":2,"name":"Shop","item":"https:\/\/www.easly.nl\/fr\/shop\/"},{"@type":"ListItem","position":3,"name":"Test complet pour les MST"}]},{"@type":"WebSite","@id":"https:\/\/www.easly.nl\/fr\/#website","url":"https:\/\/www.easly.nl\/fr\/","name":"Easly Shop","description":"Safe &amp; simple online COVID testing","publisher":{"@id":"https:\/\/www.easly.nl\/fr\/#organization"},"potentialAction":[{"@type":"SearchAction","target":{"@type":"EntryPoint","urlTemplate":"https:\/\/www.easly.nl\/fr\/?s={search_term_string}"},"query-input":{"@type":"PropertyValueSpecification","valueRequired":true,"valueName":"search_term_string"}}],"inLanguage":"fr-FR"},{"@type":"Organization","@id":"https:\/\/www.easly.nl\/fr\/#organization","name":"Easly.nl","url":"https:\/\/www.easly.nl\/fr\/","logo":{"@type":"ImageObject","inLanguage":"fr-FR","@id":"https:\/\/www.easly.nl\/fr\/#\/schema\/logo\/image\/","url":"https:\/\/www.easly.nl\/wp-content\/uploads\/sites\/13\/2022\/10\/easly_logoslogan_color.png","contentUrl":"https:\/\/www.easly.nl\/wp-content\/uploads\/sites\/13\/2022\/10\/easly_logoslogan_color.png","width":157,"height":38,"caption":"Easly.nl"},"image":{"@id":"https:\/\/www.easly.nl\/fr\/#\/schema\/logo\/image\/"}}]}},"_links":{"self":[{"href":"https:\/\/www.easly.nl\/fr\/wp-json\/wp\/v2\/product\/55832","targetHints":{"allow":["GET"]}}],"collection":[{"href":"https:\/\/www.easly.nl\/fr\/wp-json\/wp\/v2\/product"}],"about":[{"href":"https:\/\/www.easly.nl\/fr\/wp-json\/wp\/v2\/types\/product"}],"version-history":[{"count":3,"href":"https:\/\/www.easly.nl\/fr\/wp-json\/wp\/v2\/product\/55832\/revisions"}],"predecessor-version":[{"id":56671,"href":"https:\/\/www.easly.nl\/fr\/wp-json\/wp\/v2\/product\/55832\/revisions\/56671"}],"wp:featuredmedia":[{"embeddable":true,"href":"https:\/\/www.easly.nl\/fr\/wp-json\/wp\/v2\/media\/31662"}],"wp:attachment":[{"href":"https:\/\/www.easly.nl\/fr\/wp-json\/wp\/v2\/media?parent=55832"}],"wp:term":[{"taxonomy":"product_cat","embeddable":true,"href":"https:\/\/www.easly.nl\/fr\/wp-json\/wp\/v2\/product_cat?post=55832"},{"taxonomy":"product_tag","embeddable":true,"href":"https:\/\/www.easly.nl\/fr\/wp-json\/wp\/v2\/product_tag?post=55832"}],"curies":[{"name":"wp","href":"https:\/\/api.w.org\/{rel}","templated":true}]}}