{"id":55457,"date":"2024-12-18T14:23:43","date_gmt":"2024-12-18T13:24:35","guid":{"rendered":"https:\/\/www.easly.nl\/?post_type=product&#038;p=55457"},"modified":"2025-02-04T16:39:03","modified_gmt":"2025-02-04T15:39:03","slug":"test-mst-standard-kopie","status":"publish","type":"product","link":"https:\/\/www.easly.nl\/fr\/tests-mst\/mst-standard-test\/","title":{"rendered":"Test MST standard"},"content":{"rendered":"<p>Le test MST standard Easly \u00e0 domicile est un \u00e9l\u00e9ment essentiel de notre gamme diversifi\u00e9e de tests IST. Il fournit un moyen discret et fiable de d\u00e9terminer si vous \u00eates infect\u00e9 par l&#8217;une des IST suivantes: chlamydia, gonorrh\u00e9e, trichomonas ou mycoplasme. Ce test d&#8217;IST \u00e0 domicile s&#8217;av\u00e8re inestimable, surtout si vous avez des soup\u00e7ons sur l&#8217;infection sp\u00e9cifique des MST de votre partenaire sexuel et que vous souhaitez confirmer votre propre statut. Lorsque vous commandez ce pack de tests, vous pouvez choisir entre des tests adapt\u00e9s aux hommes ou aux femmes. De plus, selon votre comportement sexuel, vous pouvez ajouter des \u00e9valuations suppl\u00e9mentaires \u00e0 votre forfait. Il convient de noter que ce test comprend \u00e9galement un certificat m\u00e9dical pour votre tranquillit\u00e9 d&#8217;esprit.<\/p>\n","protected":false},"excerpt":{"rendered":"<p><span data-sheets-formula-bar-text-style=\"font-size:15px;color:#000000;font-weight:normal;text-decoration:none;font-family:'docs-Calibri';font-style:normal;text-decoration-skip-ink:none;\">Testez \u00e0 la maison sans m\u00e9decin. Vous choisissez quatre MST que vous souhaitez tester. Les r\u00e9sultats suivent rapidement et de mani\u00e8re anonyme dans notre environnement en ligne s\u00e9curis\u00e9. <\/span><\/p>\n","protected":false},"featured_media":31668,"template":"","meta":{"_acf_changed":false,"footnotes":""},"product_cat":[753,432,439],"product_tag":[],"class_list":{"0":"post-55457","1":"product","2":"type-product","3":"status-publish","4":"has-post-thumbnail","6":"product_cat-mozand-lab-fr","7":"product_cat-mst","8":"product_cat-tpl-pour-les-variantes-soa","10":"first","11":"instock","12":"taxable","13":"shipping-taxable","14":"purchasable","15":"product-type-variable"},"acf":[],"yoast_head":"<!-- This site is optimized with the Yoast SEO plugin v24.3 - https:\/\/yoast.com\/wordpress\/plugins\/seo\/ -->\n<title>AutoTest MST standard. Faites-vous tester depuis chez vous | Prix abordable | Facilement<\/title>\n<meta name=\"description\" content=\"Testez discr\u00e8tement les IST pour la chlamydia, la gonorrh\u00e9e, les trichomonas et les mycoplasmes \u00e0 domicile. Les r\u00e9sultats incluent un certificat m\u00e9dical.\" \/>\n<meta name=\"robots\" content=\"index, follow, max-snippet:-1, max-image-preview:large, max-video-preview:-1\" \/>\n<link rel=\"canonical\" href=\"https:\/\/www.easly.nl\/fr\/tests-mst\/mst-standard-test\/\" \/>\n<meta property=\"og:locale\" content=\"fr_FR\" \/>\n<meta property=\"og:type\" content=\"article\" \/>\n<meta property=\"og:title\" content=\"AutoTest MST standard. Faites-vous tester depuis chez vous | Prix abordable | Facilement\" \/>\n<meta property=\"og:description\" content=\"Testez discr\u00e8tement les IST pour la chlamydia, la gonorrh\u00e9e, les trichomonas et les mycoplasmes \u00e0 domicile. Les r\u00e9sultats incluent un certificat m\u00e9dical.\" \/>\n<meta property=\"og:url\" content=\"https:\/\/www.easly.nl\/fr\/tests-mst\/mst-standard-test\/\" \/>\n<meta property=\"og:site_name\" content=\"Easly Shop\" \/>\n<meta property=\"article:modified_time\" content=\"2025-02-04T15:39:03+00:00\" \/>\n<meta property=\"og:image\" content=\"https:\/\/www.easly.nl\/wp-content\/uploads\/sites\/13\/2022\/11\/Easly-Soa-Budget-8720256100317.webp\" \/>\n\t<meta property=\"og:image:width\" content=\"1044\" \/>\n\t<meta property=\"og:image:height\" content=\"804\" \/>\n\t<meta property=\"og:image:type\" content=\"image\/webp\" \/>\n<meta name=\"twitter:card\" content=\"summary_large_image\" \/>\n<meta name=\"twitter:label1\" content=\"Dur\u00e9e de lecture estim\u00e9e\" \/>\n\t<meta name=\"twitter:data1\" content=\"1 minute\" \/>\n<script type=\"application\/ld+json\" class=\"yoast-schema-graph\">{\"@context\":\"https:\/\/schema.org\",\"@graph\":[{\"@type\":\"WebPage\",\"@id\":\"https:\/\/www.easly.nl\/fr\/tests-mst\/mst-standard-test\/\",\"url\":\"https:\/\/www.easly.nl\/fr\/tests-mst\/mst-standard-test\/\",\"name\":\"AutoTest MST standard. Faites-vous tester depuis chez vous | Prix abordable | Facilement\",\"isPartOf\":{\"@id\":\"https:\/\/www.easly.nl\/fr\/#website\"},\"primaryImageOfPage\":{\"@id\":\"https:\/\/www.easly.nl\/fr\/tests-mst\/mst-standard-test\/#primaryimage\"},\"image\":{\"@id\":\"https:\/\/www.easly.nl\/fr\/tests-mst\/mst-standard-test\/#primaryimage\"},\"thumbnailUrl\":\"https:\/\/www.easly.nl\/wp-content\/uploads\/sites\/13\/2022\/11\/Easly-Soa-Budget-8720256100317.webp\",\"datePublished\":\"2024-12-18T13:24:35+00:00\",\"dateModified\":\"2025-02-04T15:39:03+00:00\",\"description\":\"Testez discr\u00e8tement les IST pour la chlamydia, la gonorrh\u00e9e, les trichomonas et les mycoplasmes \u00e0 domicile. Les r\u00e9sultats incluent un certificat m\u00e9dical.\",\"breadcrumb\":{\"@id\":\"https:\/\/www.easly.nl\/fr\/tests-mst\/mst-standard-test\/#breadcrumb\"},\"inLanguage\":\"fr-FR\",\"potentialAction\":[{\"@type\":\"ReadAction\",\"target\":[\"https:\/\/www.easly.nl\/fr\/tests-mst\/mst-standard-test\/\"]}]},{\"@type\":\"ImageObject\",\"inLanguage\":\"fr-FR\",\"@id\":\"https:\/\/www.easly.nl\/fr\/tests-mst\/mst-standard-test\/#primaryimage\",\"url\":\"https:\/\/www.easly.nl\/wp-content\/uploads\/sites\/13\/2022\/11\/Easly-Soa-Budget-8720256100317.webp\",\"contentUrl\":\"https:\/\/www.easly.nl\/wp-content\/uploads\/sites\/13\/2022\/11\/Easly-Soa-Budget-8720256100317.webp\",\"width\":1044,\"height\":804,\"caption\":\"SOA Budget test\"},{\"@type\":\"BreadcrumbList\",\"@id\":\"https:\/\/www.easly.nl\/fr\/tests-mst\/mst-standard-test\/#breadcrumb\",\"itemListElement\":[{\"@type\":\"ListItem\",\"position\":1,\"name\":\"D'accueil\",\"item\":\"https:\/\/www.easly.nl\/fr\/\"},{\"@type\":\"ListItem\",\"position\":2,\"name\":\"Shop\",\"item\":\"https:\/\/www.easly.nl\/fr\/shop\/\"},{\"@type\":\"ListItem\",\"position\":3,\"name\":\"Test MST standard\"}]},{\"@type\":\"WebSite\",\"@id\":\"https:\/\/www.easly.nl\/fr\/#website\",\"url\":\"https:\/\/www.easly.nl\/fr\/\",\"name\":\"Easly Shop\",\"description\":\"Safe &amp; simple online COVID testing\",\"publisher\":{\"@id\":\"https:\/\/www.easly.nl\/fr\/#organization\"},\"potentialAction\":[{\"@type\":\"SearchAction\",\"target\":{\"@type\":\"EntryPoint\",\"urlTemplate\":\"https:\/\/www.easly.nl\/fr\/?s={search_term_string}\"},\"query-input\":{\"@type\":\"PropertyValueSpecification\",\"valueRequired\":true,\"valueName\":\"search_term_string\"}}],\"inLanguage\":\"fr-FR\"},{\"@type\":\"Organization\",\"@id\":\"https:\/\/www.easly.nl\/fr\/#organization\",\"name\":\"Easly.nl\",\"url\":\"https:\/\/www.easly.nl\/fr\/\",\"logo\":{\"@type\":\"ImageObject\",\"inLanguage\":\"fr-FR\",\"@id\":\"https:\/\/www.easly.nl\/fr\/#\/schema\/logo\/image\/\",\"url\":\"https:\/\/www.easly.nl\/wp-content\/uploads\/sites\/13\/2022\/10\/easly_logoslogan_color.png\",\"contentUrl\":\"https:\/\/www.easly.nl\/wp-content\/uploads\/sites\/13\/2022\/10\/easly_logoslogan_color.png\",\"width\":157,\"height\":38,\"caption\":\"Easly.nl\"},\"image\":{\"@id\":\"https:\/\/www.easly.nl\/fr\/#\/schema\/logo\/image\/\"}}]}<\/script>\n<!-- \/ Yoast SEO plugin. -->","yoast_head_json":{"title":"AutoTest MST standard. Faites-vous tester depuis chez vous | Prix abordable | Facilement","description":"Testez discr\u00e8tement les IST pour la chlamydia, la gonorrh\u00e9e, les trichomonas et les mycoplasmes \u00e0 domicile. Les r\u00e9sultats incluent un certificat m\u00e9dical.","robots":{"index":"index","follow":"follow","max-snippet":"max-snippet:-1","max-image-preview":"max-image-preview:large","max-video-preview":"max-video-preview:-1"},"canonical":"https:\/\/www.easly.nl\/fr\/tests-mst\/mst-standard-test\/","og_locale":"fr_FR","og_type":"article","og_title":"AutoTest MST standard. Faites-vous tester depuis chez vous | Prix abordable | Facilement","og_description":"Testez discr\u00e8tement les IST pour la chlamydia, la gonorrh\u00e9e, les trichomonas et les mycoplasmes \u00e0 domicile. Les r\u00e9sultats incluent un certificat m\u00e9dical.","og_url":"https:\/\/www.easly.nl\/fr\/tests-mst\/mst-standard-test\/","og_site_name":"Easly Shop","article_modified_time":"2025-02-04T15:39:03+00:00","og_image":[{"width":1044,"height":804,"url":"https:\/\/www.easly.nl\/wp-content\/uploads\/sites\/13\/2022\/11\/Easly-Soa-Budget-8720256100317.webp","type":"image\/webp"}],"twitter_card":"summary_large_image","twitter_misc":{"Dur\u00e9e de lecture estim\u00e9e":"1 minute"},"schema":{"@context":"https:\/\/schema.org","@graph":[{"@type":"WebPage","@id":"https:\/\/www.easly.nl\/fr\/tests-mst\/mst-standard-test\/","url":"https:\/\/www.easly.nl\/fr\/tests-mst\/mst-standard-test\/","name":"AutoTest MST standard. Faites-vous tester depuis chez vous | Prix abordable | Facilement","isPartOf":{"@id":"https:\/\/www.easly.nl\/fr\/#website"},"primaryImageOfPage":{"@id":"https:\/\/www.easly.nl\/fr\/tests-mst\/mst-standard-test\/#primaryimage"},"image":{"@id":"https:\/\/www.easly.nl\/fr\/tests-mst\/mst-standard-test\/#primaryimage"},"thumbnailUrl":"https:\/\/www.easly.nl\/wp-content\/uploads\/sites\/13\/2022\/11\/Easly-Soa-Budget-8720256100317.webp","datePublished":"2024-12-18T13:24:35+00:00","dateModified":"2025-02-04T15:39:03+00:00","description":"Testez discr\u00e8tement les IST pour la chlamydia, la gonorrh\u00e9e, les trichomonas et les mycoplasmes \u00e0 domicile. Les r\u00e9sultats incluent un certificat m\u00e9dical.","breadcrumb":{"@id":"https:\/\/www.easly.nl\/fr\/tests-mst\/mst-standard-test\/#breadcrumb"},"inLanguage":"fr-FR","potentialAction":[{"@type":"ReadAction","target":["https:\/\/www.easly.nl\/fr\/tests-mst\/mst-standard-test\/"]}]},{"@type":"ImageObject","inLanguage":"fr-FR","@id":"https:\/\/www.easly.nl\/fr\/tests-mst\/mst-standard-test\/#primaryimage","url":"https:\/\/www.easly.nl\/wp-content\/uploads\/sites\/13\/2022\/11\/Easly-Soa-Budget-8720256100317.webp","contentUrl":"https:\/\/www.easly.nl\/wp-content\/uploads\/sites\/13\/2022\/11\/Easly-Soa-Budget-8720256100317.webp","width":1044,"height":804,"caption":"SOA Budget test"},{"@type":"BreadcrumbList","@id":"https:\/\/www.easly.nl\/fr\/tests-mst\/mst-standard-test\/#breadcrumb","itemListElement":[{"@type":"ListItem","position":1,"name":"D'accueil","item":"https:\/\/www.easly.nl\/fr\/"},{"@type":"ListItem","position":2,"name":"Shop","item":"https:\/\/www.easly.nl\/fr\/shop\/"},{"@type":"ListItem","position":3,"name":"Test MST standard"}]},{"@type":"WebSite","@id":"https:\/\/www.easly.nl\/fr\/#website","url":"https:\/\/www.easly.nl\/fr\/","name":"Easly Shop","description":"Safe &amp; simple online COVID testing","publisher":{"@id":"https:\/\/www.easly.nl\/fr\/#organization"},"potentialAction":[{"@type":"SearchAction","target":{"@type":"EntryPoint","urlTemplate":"https:\/\/www.easly.nl\/fr\/?s={search_term_string}"},"query-input":{"@type":"PropertyValueSpecification","valueRequired":true,"valueName":"search_term_string"}}],"inLanguage":"fr-FR"},{"@type":"Organization","@id":"https:\/\/www.easly.nl\/fr\/#organization","name":"Easly.nl","url":"https:\/\/www.easly.nl\/fr\/","logo":{"@type":"ImageObject","inLanguage":"fr-FR","@id":"https:\/\/www.easly.nl\/fr\/#\/schema\/logo\/image\/","url":"https:\/\/www.easly.nl\/wp-content\/uploads\/sites\/13\/2022\/10\/easly_logoslogan_color.png","contentUrl":"https:\/\/www.easly.nl\/wp-content\/uploads\/sites\/13\/2022\/10\/easly_logoslogan_color.png","width":157,"height":38,"caption":"Easly.nl"},"image":{"@id":"https:\/\/www.easly.nl\/fr\/#\/schema\/logo\/image\/"}}]}},"_links":{"self":[{"href":"https:\/\/www.easly.nl\/fr\/wp-json\/wp\/v2\/product\/55457","targetHints":{"allow":["GET"]}}],"collection":[{"href":"https:\/\/www.easly.nl\/fr\/wp-json\/wp\/v2\/product"}],"about":[{"href":"https:\/\/www.easly.nl\/fr\/wp-json\/wp\/v2\/types\/product"}],"version-history":[{"count":2,"href":"https:\/\/www.easly.nl\/fr\/wp-json\/wp\/v2\/product\/55457\/revisions"}],"predecessor-version":[{"id":56679,"href":"https:\/\/www.easly.nl\/fr\/wp-json\/wp\/v2\/product\/55457\/revisions\/56679"}],"wp:featuredmedia":[{"embeddable":true,"href":"https:\/\/www.easly.nl\/fr\/wp-json\/wp\/v2\/media\/31668"}],"wp:attachment":[{"href":"https:\/\/www.easly.nl\/fr\/wp-json\/wp\/v2\/media?parent=55457"}],"wp:term":[{"taxonomy":"product_cat","embeddable":true,"href":"https:\/\/www.easly.nl\/fr\/wp-json\/wp\/v2\/product_cat?post=55457"},{"taxonomy":"product_tag","embeddable":true,"href":"https:\/\/www.easly.nl\/fr\/wp-json\/wp\/v2\/product_tag?post=55457"}],"curies":[{"name":"wp","href":"https:\/\/api.w.org\/{rel}","templated":true}]}}