{"id":43274,"date":"2024-05-07T06:38:39","date_gmt":"2024-05-07T06:38:39","guid":{"rendered":"https:\/\/www.easly.nl\/product\/centre-d-allergie\/"},"modified":"2024-11-29T01:04:37","modified_gmt":"2024-11-29T00:04:37","slug":"centre-d-allergie","status":"publish","type":"product","link":"https:\/\/www.easly.nl\/fr\/centre-de-tests-d-allergies\/","title":{"rendered":"Centre d&#8217;allergie"},"content":{"rendered":"<p><span style=\"font-weight: 400;\">Les r\u00e9actions allergiques sont g\u00eanantes et peuvent parfois mettre la vie en danger. Le Centre d&#8217;allergie Easly est un d\u00e9pistage complet des allergies qui permet de d\u00e9terminer les allerg\u00e8nes auxquels votre syst\u00e8me immunitaire r\u00e9agit. Vous pouvez ainsi les \u00e9viter d\u00e8s \u00e0 pr\u00e9sent. En voici les avantages :\u00a0<\/span><\/p>\n<p>&nbsp;<\/p>\n<ul class=\"custom-list-on-product\">\n<li style=\"font-weight: 400;\" aria-level=\"1\"><span style=\"font-weight: 400;\">Seuil bas : pas de liste d&#8217;attente.<\/span><\/li>\n<li style=\"font-weight: 400;\" aria-level=\"1\"><span style=\"font-weight: 400;\">Consultation num\u00e9rique 1-to-1 avec un m\u00e9decin<\/span><\/li>\n<li style=\"font-weight: 400;\" aria-level=\"1\"><span style=\"font-weight: 400;\">R\u00e9sultats en 2 semaines dans votre tableau de bord personnel en ligne<\/span><\/li>\n<li style=\"font-weight: 400;\" aria-level=\"1\"><span style=\"font-weight: 400;\">Pas de d\u00e9placement ni de temps d&#8217;attente pour les visites \u00e0 l&#8217;h\u00f4pital<\/span><\/li>\n<\/ul>\n<p>&nbsp;<\/p>\n<p>Les \u00e9l\u00e9ments suivants peuvent \u00eatre test\u00e9s apr\u00e8s la consultation avec le m\u00e9decin\u00a0:<\/p>\n","protected":false},"excerpt":{"rendered":"<p><span style=\"font-weight: 400;\">Vous voulez savoir si vous souffrez d&#8217;une allergie \u00e0 l&#8217;inhalation ou d&#8217;une allergie alimentaire ? Faites le test d&#8217;allergie rapide et fiable au Centre d&#8217;Allergie.<\/span><\/p>\n","protected":false},"featured_media":42554,"template":"","meta":{"_acf_changed":false,"footnotes":""},"product_cat":[1001,1354,435],"product_tag":[],"class_list":{"0":"post-43274","1":"product","2":"type-product","3":"status-publish","4":"has-post-thumbnail","6":"product_cat-allergies-fr","7":"product_cat-veineux","8":"product_cat-non-classe","10":"first","11":"outofstock","12":"taxable","13":"shipping-taxable","14":"purchasable","15":"product-type-simple"},"acf":[],"yoast_head":"<!-- This site is optimized with the Yoast SEO plugin v24.3 - https:\/\/yoast.com\/wordpress\/plugins\/seo\/ -->\n<title>Centre d&#039;allergie - Easly Shop<\/title>\n<meta name=\"robots\" content=\"index, follow, max-snippet:-1, max-image-preview:large, max-video-preview:-1\" \/>\n<link rel=\"canonical\" href=\"https:\/\/www.easly.nl\/fr\/centre-de-tests-d-allergies\/\" \/>\n<meta property=\"og:locale\" content=\"fr_FR\" \/>\n<meta property=\"og:type\" content=\"article\" \/>\n<meta property=\"og:title\" content=\"Centre d&#039;allergie - Easly Shop\" \/>\n<meta property=\"og:description\" content=\"Vous voulez savoir si vous souffrez d&#039;une allergie \u00e0 l&#039;inhalation ou d&#039;une allergie alimentaire ? Faites le test d&#039;allergie rapide et fiable au Centre d&#039;Allergie.\" \/>\n<meta property=\"og:url\" content=\"https:\/\/www.easly.nl\/fr\/centre-de-tests-d-allergies\/\" \/>\n<meta property=\"og:site_name\" content=\"Easly Shop\" \/>\n<meta property=\"article:modified_time\" content=\"2024-11-29T00:04:37+00:00\" \/>\n<meta property=\"og:image\" content=\"https:\/\/www.easly.nl\/wp-content\/uploads\/sites\/13\/2024\/05\/Product-Image04-71.jpg\" \/>\n\t<meta property=\"og:image:width\" content=\"1044\" \/>\n\t<meta property=\"og:image:height\" content=\"804\" \/>\n\t<meta property=\"og:image:type\" content=\"image\/jpeg\" \/>\n<meta name=\"twitter:card\" content=\"summary_large_image\" \/>\n<meta name=\"twitter:label1\" content=\"Dur\u00e9e de lecture estim\u00e9e\" \/>\n\t<meta name=\"twitter:data1\" content=\"1 minute\" \/>\n<script type=\"application\/ld+json\" class=\"yoast-schema-graph\">{\"@context\":\"https:\/\/schema.org\",\"@graph\":[{\"@type\":\"WebPage\",\"@id\":\"https:\/\/www.easly.nl\/fr\/centre-de-tests-d-allergies\/\",\"url\":\"https:\/\/www.easly.nl\/fr\/centre-de-tests-d-allergies\/\",\"name\":\"Centre d'allergie - Easly Shop\",\"isPartOf\":{\"@id\":\"https:\/\/www.easly.nl\/fr\/#website\"},\"primaryImageOfPage\":{\"@id\":\"https:\/\/www.easly.nl\/fr\/centre-de-tests-d-allergies\/#primaryimage\"},\"image\":{\"@id\":\"https:\/\/www.easly.nl\/fr\/centre-de-tests-d-allergies\/#primaryimage\"},\"thumbnailUrl\":\"https:\/\/www.easly.nl\/wp-content\/uploads\/sites\/13\/2024\/05\/Product-Image04-71.jpg\",\"datePublished\":\"2024-05-07T06:38:39+00:00\",\"dateModified\":\"2024-11-29T00:04:37+00:00\",\"breadcrumb\":{\"@id\":\"https:\/\/www.easly.nl\/fr\/centre-de-tests-d-allergies\/#breadcrumb\"},\"inLanguage\":\"fr-FR\",\"potentialAction\":[{\"@type\":\"ReadAction\",\"target\":[\"https:\/\/www.easly.nl\/fr\/centre-de-tests-d-allergies\/\"]}]},{\"@type\":\"ImageObject\",\"inLanguage\":\"fr-FR\",\"@id\":\"https:\/\/www.easly.nl\/fr\/centre-de-tests-d-allergies\/#primaryimage\",\"url\":\"https:\/\/www.easly.nl\/wp-content\/uploads\/sites\/13\/2024\/05\/Product-Image04-71.jpg\",\"contentUrl\":\"https:\/\/www.easly.nl\/wp-content\/uploads\/sites\/13\/2024\/05\/Product-Image04-71.jpg\",\"width\":1044,\"height\":804,\"caption\":\"Allergie product foto\"},{\"@type\":\"BreadcrumbList\",\"@id\":\"https:\/\/www.easly.nl\/fr\/centre-de-tests-d-allergies\/#breadcrumb\",\"itemListElement\":[{\"@type\":\"ListItem\",\"position\":1,\"name\":\"D'accueil\",\"item\":\"https:\/\/www.easly.nl\/fr\/\"},{\"@type\":\"ListItem\",\"position\":2,\"name\":\"Shop\",\"item\":\"https:\/\/www.easly.nl\/fr\/shop\/\"},{\"@type\":\"ListItem\",\"position\":3,\"name\":\"Centre d&#8217;allergie\"}]},{\"@type\":\"WebSite\",\"@id\":\"https:\/\/www.easly.nl\/fr\/#website\",\"url\":\"https:\/\/www.easly.nl\/fr\/\",\"name\":\"Easly Shop\",\"description\":\"Safe &amp; simple online COVID testing\",\"publisher\":{\"@id\":\"https:\/\/www.easly.nl\/fr\/#organization\"},\"potentialAction\":[{\"@type\":\"SearchAction\",\"target\":{\"@type\":\"EntryPoint\",\"urlTemplate\":\"https:\/\/www.easly.nl\/fr\/?s={search_term_string}\"},\"query-input\":{\"@type\":\"PropertyValueSpecification\",\"valueRequired\":true,\"valueName\":\"search_term_string\"}}],\"inLanguage\":\"fr-FR\"},{\"@type\":\"Organization\",\"@id\":\"https:\/\/www.easly.nl\/fr\/#organization\",\"name\":\"Easly.nl\",\"url\":\"https:\/\/www.easly.nl\/fr\/\",\"logo\":{\"@type\":\"ImageObject\",\"inLanguage\":\"fr-FR\",\"@id\":\"https:\/\/www.easly.nl\/fr\/#\/schema\/logo\/image\/\",\"url\":\"https:\/\/www.easly.nl\/wp-content\/uploads\/sites\/13\/2022\/10\/easly_logoslogan_color.png\",\"contentUrl\":\"https:\/\/www.easly.nl\/wp-content\/uploads\/sites\/13\/2022\/10\/easly_logoslogan_color.png\",\"width\":157,\"height\":38,\"caption\":\"Easly.nl\"},\"image\":{\"@id\":\"https:\/\/www.easly.nl\/fr\/#\/schema\/logo\/image\/\"}}]}<\/script>\n<!-- \/ Yoast SEO plugin. -->","yoast_head_json":{"title":"Centre d'allergie - Easly Shop","robots":{"index":"index","follow":"follow","max-snippet":"max-snippet:-1","max-image-preview":"max-image-preview:large","max-video-preview":"max-video-preview:-1"},"canonical":"https:\/\/www.easly.nl\/fr\/centre-de-tests-d-allergies\/","og_locale":"fr_FR","og_type":"article","og_title":"Centre d'allergie - Easly Shop","og_description":"Vous voulez savoir si vous souffrez d'une allergie \u00e0 l'inhalation ou d'une allergie alimentaire ? Faites le test d'allergie rapide et fiable au Centre d'Allergie.","og_url":"https:\/\/www.easly.nl\/fr\/centre-de-tests-d-allergies\/","og_site_name":"Easly Shop","article_modified_time":"2024-11-29T00:04:37+00:00","og_image":[{"width":1044,"height":804,"url":"https:\/\/www.easly.nl\/wp-content\/uploads\/sites\/13\/2024\/05\/Product-Image04-71.jpg","type":"image\/jpeg"}],"twitter_card":"summary_large_image","twitter_misc":{"Dur\u00e9e de lecture estim\u00e9e":"1 minute"},"schema":{"@context":"https:\/\/schema.org","@graph":[{"@type":"WebPage","@id":"https:\/\/www.easly.nl\/fr\/centre-de-tests-d-allergies\/","url":"https:\/\/www.easly.nl\/fr\/centre-de-tests-d-allergies\/","name":"Centre d'allergie - Easly Shop","isPartOf":{"@id":"https:\/\/www.easly.nl\/fr\/#website"},"primaryImageOfPage":{"@id":"https:\/\/www.easly.nl\/fr\/centre-de-tests-d-allergies\/#primaryimage"},"image":{"@id":"https:\/\/www.easly.nl\/fr\/centre-de-tests-d-allergies\/#primaryimage"},"thumbnailUrl":"https:\/\/www.easly.nl\/wp-content\/uploads\/sites\/13\/2024\/05\/Product-Image04-71.jpg","datePublished":"2024-05-07T06:38:39+00:00","dateModified":"2024-11-29T00:04:37+00:00","breadcrumb":{"@id":"https:\/\/www.easly.nl\/fr\/centre-de-tests-d-allergies\/#breadcrumb"},"inLanguage":"fr-FR","potentialAction":[{"@type":"ReadAction","target":["https:\/\/www.easly.nl\/fr\/centre-de-tests-d-allergies\/"]}]},{"@type":"ImageObject","inLanguage":"fr-FR","@id":"https:\/\/www.easly.nl\/fr\/centre-de-tests-d-allergies\/#primaryimage","url":"https:\/\/www.easly.nl\/wp-content\/uploads\/sites\/13\/2024\/05\/Product-Image04-71.jpg","contentUrl":"https:\/\/www.easly.nl\/wp-content\/uploads\/sites\/13\/2024\/05\/Product-Image04-71.jpg","width":1044,"height":804,"caption":"Allergie product foto"},{"@type":"BreadcrumbList","@id":"https:\/\/www.easly.nl\/fr\/centre-de-tests-d-allergies\/#breadcrumb","itemListElement":[{"@type":"ListItem","position":1,"name":"D'accueil","item":"https:\/\/www.easly.nl\/fr\/"},{"@type":"ListItem","position":2,"name":"Shop","item":"https:\/\/www.easly.nl\/fr\/shop\/"},{"@type":"ListItem","position":3,"name":"Centre d&#8217;allergie"}]},{"@type":"WebSite","@id":"https:\/\/www.easly.nl\/fr\/#website","url":"https:\/\/www.easly.nl\/fr\/","name":"Easly Shop","description":"Safe &amp; simple online COVID testing","publisher":{"@id":"https:\/\/www.easly.nl\/fr\/#organization"},"potentialAction":[{"@type":"SearchAction","target":{"@type":"EntryPoint","urlTemplate":"https:\/\/www.easly.nl\/fr\/?s={search_term_string}"},"query-input":{"@type":"PropertyValueSpecification","valueRequired":true,"valueName":"search_term_string"}}],"inLanguage":"fr-FR"},{"@type":"Organization","@id":"https:\/\/www.easly.nl\/fr\/#organization","name":"Easly.nl","url":"https:\/\/www.easly.nl\/fr\/","logo":{"@type":"ImageObject","inLanguage":"fr-FR","@id":"https:\/\/www.easly.nl\/fr\/#\/schema\/logo\/image\/","url":"https:\/\/www.easly.nl\/wp-content\/uploads\/sites\/13\/2022\/10\/easly_logoslogan_color.png","contentUrl":"https:\/\/www.easly.nl\/wp-content\/uploads\/sites\/13\/2022\/10\/easly_logoslogan_color.png","width":157,"height":38,"caption":"Easly.nl"},"image":{"@id":"https:\/\/www.easly.nl\/fr\/#\/schema\/logo\/image\/"}}]}},"_links":{"self":[{"href":"https:\/\/www.easly.nl\/fr\/wp-json\/wp\/v2\/product\/43274","targetHints":{"allow":["GET"]}}],"collection":[{"href":"https:\/\/www.easly.nl\/fr\/wp-json\/wp\/v2\/product"}],"about":[{"href":"https:\/\/www.easly.nl\/fr\/wp-json\/wp\/v2\/types\/product"}],"version-history":[{"count":0,"href":"https:\/\/www.easly.nl\/fr\/wp-json\/wp\/v2\/product\/43274\/revisions"}],"wp:featuredmedia":[{"embeddable":true,"href":"https:\/\/www.easly.nl\/fr\/wp-json\/wp\/v2\/media\/42554"}],"wp:attachment":[{"href":"https:\/\/www.easly.nl\/fr\/wp-json\/wp\/v2\/media?parent=43274"}],"wp:term":[{"taxonomy":"product_cat","embeddable":true,"href":"https:\/\/www.easly.nl\/fr\/wp-json\/wp\/v2\/product_cat?post=43274"},{"taxonomy":"product_tag","embeddable":true,"href":"https:\/\/www.easly.nl\/fr\/wp-json\/wp\/v2\/product_tag?post=43274"}],"curies":[{"name":"wp","href":"https:\/\/api.w.org\/{rel}","templated":true}]}}