{"id":41317,"date":"2025-03-24T09:47:07","date_gmt":"2024-04-10T09:47:10","guid":{"rendered":"https:\/\/www.easly.nl\/?post_type=product&#038;p=41317"},"modified":"2025-04-14T01:00:43","modified_gmt":"2025-04-14T00:00:43","slug":"test-de-stress-en-ligne","status":"publish","type":"product","link":"https:\/\/www.easly.nl\/fr\/stress-test\/","title":{"rendered":"Test de stress en ligne"},"content":{"rendered":"<p><span style=\"font-weight: 400;\">Vous vous sentez \u00e9puis\u00e9 mentalement et physiquement ? Easly propose le questionnaire sur le niveau de stress pour vous aider \u00e0 comprendre votre bien-\u00eatre. Notre test de stress en ligne utilise le questionnaire quadridimensionnel des sympt\u00f4mes (4DSQ) pour \u00e9valuer les sympt\u00f4mes de stress, d&#8217;\u00e9puisement professionnel et d&#8217;anxi\u00e9t\u00e9. Il identifie votre niveau de stress et interpr\u00e8te les r\u00e9sultats en fonction du 4DSQ, fournissant ainsi des informations pr\u00e9cieuses sur votre sant\u00e9 mentale et physique.<\/span><\/p>\n","protected":false},"excerpt":{"rendered":"<p><b>\u00a0<\/b><span style=\"font-weight: 400;\">\u00c9valuez votre stress avec le test de stress en ligne 4DSQ. Obtenez d\u00e8s aujourd&#8217;hui des informations sur votre sant\u00e9 mentale et votre niveau de stress.\u00a0<\/span><\/p>\n","protected":false},"featured_media":46025,"template":"","meta":{"_acf_changed":false,"footnotes":""},"product_cat":[1007,429,435],"product_tag":[1982],"class_list":{"0":"post-41317","1":"product","2":"type-product","3":"status-publish","4":"has-post-thumbnail","6":"product_cat-style-de-vie-et-vitamines","7":"product_cat-sante-generale","8":"product_cat-non-classe","9":"product_tag-test-de-contrainte-libre","11":"first","12":"instock","13":"sale","14":"virtual","15":"sold-individually","16":"taxable","17":"purchasable","18":"product-type-simple"},"acf":[],"yoast_head":"<!-- This site is optimized with the Yoast SEO plugin v24.3 - https:\/\/yoast.com\/wordpress\/plugins\/seo\/ -->\n<title>\u00c9valuer le stress avec le test en ligne 4DSQ<\/title>\n<meta name=\"description\" content=\"Le stress et l&#039;anxi\u00e9t\u00e9 vous pr\u00e9occupent ? Essayez le test de stress en ligne d&#039;Easly avec le questionnaire 4DSQ. \u00c9valuez votre niveau de stress d\u00e8s aujourd&#039;hui.\" \/>\n<meta name=\"robots\" content=\"noindex, follow\" \/>\n<meta property=\"og:locale\" content=\"fr_FR\" \/>\n<meta property=\"og:type\" content=\"article\" \/>\n<meta property=\"og:title\" content=\"\u00c9valuer le stress avec le test en ligne 4DSQ\" \/>\n<meta property=\"og:description\" content=\"Le stress et l&#039;anxi\u00e9t\u00e9 vous pr\u00e9occupent ? Essayez le test de stress en ligne d&#039;Easly avec le questionnaire 4DSQ. \u00c9valuez votre niveau de stress d\u00e8s aujourd&#039;hui.\" \/>\n<meta property=\"og:url\" content=\"https:\/\/www.easly.nl\/fr\/stress-test\/\" \/>\n<meta property=\"og:site_name\" content=\"Easly Shop\" \/>\n<meta property=\"article:modified_time\" content=\"2025-04-14T00:00:43+00:00\" \/>\n<meta property=\"og:image\" content=\"https:\/\/www.easly.nl\/wp-content\/uploads\/sites\/13\/2024\/04\/Draft-digital-stress-test-4.jpg\" \/>\n\t<meta property=\"og:image:width\" content=\"2088\" \/>\n\t<meta property=\"og:image:height\" content=\"1608\" \/>\n\t<meta property=\"og:image:type\" content=\"image\/jpeg\" \/>\n<meta name=\"twitter:card\" content=\"summary_large_image\" \/>\n<meta name=\"twitter:label1\" content=\"Dur\u00e9e de lecture estim\u00e9e\" \/>\n\t<meta name=\"twitter:data1\" content=\"1 minute\" \/>\n<script type=\"application\/ld+json\" class=\"yoast-schema-graph\">{\"@context\":\"https:\/\/schema.org\",\"@graph\":[{\"@type\":\"WebPage\",\"@id\":\"https:\/\/www.easly.nl\/fr\/stress-test\/\",\"url\":\"https:\/\/www.easly.nl\/fr\/stress-test\/\",\"name\":\"\u00c9valuer le stress avec le test en ligne 4DSQ\",\"isPartOf\":{\"@id\":\"https:\/\/www.easly.nl\/fr\/#website\"},\"primaryImageOfPage\":{\"@id\":\"https:\/\/www.easly.nl\/fr\/stress-test\/#primaryimage\"},\"image\":{\"@id\":\"https:\/\/www.easly.nl\/fr\/stress-test\/#primaryimage\"},\"thumbnailUrl\":\"https:\/\/www.easly.nl\/wp-content\/uploads\/sites\/13\/2024\/04\/Draft-digital-stress-test-4.jpg\",\"datePublished\":\"2024-04-10T09:47:10+00:00\",\"dateModified\":\"2025-04-14T00:00:43+00:00\",\"description\":\"Le stress et l'anxi\u00e9t\u00e9 vous pr\u00e9occupent ? Essayez le test de stress en ligne d'Easly avec le questionnaire 4DSQ. \u00c9valuez votre niveau de stress d\u00e8s aujourd'hui.\",\"breadcrumb\":{\"@id\":\"https:\/\/www.easly.nl\/fr\/stress-test\/#breadcrumb\"},\"inLanguage\":\"fr-FR\",\"potentialAction\":[{\"@type\":\"ReadAction\",\"target\":[\"https:\/\/www.easly.nl\/fr\/stress-test\/\"]}]},{\"@type\":\"ImageObject\",\"inLanguage\":\"fr-FR\",\"@id\":\"https:\/\/www.easly.nl\/fr\/stress-test\/#primaryimage\",\"url\":\"https:\/\/www.easly.nl\/wp-content\/uploads\/sites\/13\/2024\/04\/Draft-digital-stress-test-4.jpg\",\"contentUrl\":\"https:\/\/www.easly.nl\/wp-content\/uploads\/sites\/13\/2024\/04\/Draft-digital-stress-test-4.jpg\",\"width\":2088,\"height\":1608,\"caption\":\"Digital stresstest product image\"},{\"@type\":\"BreadcrumbList\",\"@id\":\"https:\/\/www.easly.nl\/fr\/stress-test\/#breadcrumb\",\"itemListElement\":[{\"@type\":\"ListItem\",\"position\":1,\"name\":\"D'accueil\",\"item\":\"https:\/\/www.easly.nl\/fr\/\"},{\"@type\":\"ListItem\",\"position\":2,\"name\":\"Shop\",\"item\":\"https:\/\/www.easly.nl\/fr\/shop\/\"},{\"@type\":\"ListItem\",\"position\":3,\"name\":\"Test de stress en ligne\"}]},{\"@type\":\"WebSite\",\"@id\":\"https:\/\/www.easly.nl\/fr\/#website\",\"url\":\"https:\/\/www.easly.nl\/fr\/\",\"name\":\"Easly Shop\",\"description\":\"Safe &amp; simple online COVID testing\",\"publisher\":{\"@id\":\"https:\/\/www.easly.nl\/fr\/#organization\"},\"potentialAction\":[{\"@type\":\"SearchAction\",\"target\":{\"@type\":\"EntryPoint\",\"urlTemplate\":\"https:\/\/www.easly.nl\/fr\/?s={search_term_string}\"},\"query-input\":{\"@type\":\"PropertyValueSpecification\",\"valueRequired\":true,\"valueName\":\"search_term_string\"}}],\"inLanguage\":\"fr-FR\"},{\"@type\":\"Organization\",\"@id\":\"https:\/\/www.easly.nl\/fr\/#organization\",\"name\":\"Easly.nl\",\"url\":\"https:\/\/www.easly.nl\/fr\/\",\"logo\":{\"@type\":\"ImageObject\",\"inLanguage\":\"fr-FR\",\"@id\":\"https:\/\/www.easly.nl\/fr\/#\/schema\/logo\/image\/\",\"url\":\"https:\/\/www.easly.nl\/wp-content\/uploads\/sites\/13\/2022\/10\/easly_logoslogan_color.png\",\"contentUrl\":\"https:\/\/www.easly.nl\/wp-content\/uploads\/sites\/13\/2022\/10\/easly_logoslogan_color.png\",\"width\":157,\"height\":38,\"caption\":\"Easly.nl\"},\"image\":{\"@id\":\"https:\/\/www.easly.nl\/fr\/#\/schema\/logo\/image\/\"}}]}<\/script>\n<!-- \/ Yoast SEO plugin. -->","yoast_head_json":{"title":"\u00c9valuer le stress avec le test en ligne 4DSQ","description":"Le stress et l'anxi\u00e9t\u00e9 vous pr\u00e9occupent ? Essayez le test de stress en ligne d'Easly avec le questionnaire 4DSQ. \u00c9valuez votre niveau de stress d\u00e8s aujourd'hui.","robots":{"index":"noindex","follow":"follow"},"og_locale":"fr_FR","og_type":"article","og_title":"\u00c9valuer le stress avec le test en ligne 4DSQ","og_description":"Le stress et l'anxi\u00e9t\u00e9 vous pr\u00e9occupent ? Essayez le test de stress en ligne d'Easly avec le questionnaire 4DSQ. \u00c9valuez votre niveau de stress d\u00e8s aujourd'hui.","og_url":"https:\/\/www.easly.nl\/fr\/stress-test\/","og_site_name":"Easly Shop","article_modified_time":"2025-04-14T00:00:43+00:00","og_image":[{"width":2088,"height":1608,"url":"https:\/\/www.easly.nl\/wp-content\/uploads\/sites\/13\/2024\/04\/Draft-digital-stress-test-4.jpg","type":"image\/jpeg"}],"twitter_card":"summary_large_image","twitter_misc":{"Dur\u00e9e de lecture estim\u00e9e":"1 minute"},"schema":{"@context":"https:\/\/schema.org","@graph":[{"@type":"WebPage","@id":"https:\/\/www.easly.nl\/fr\/stress-test\/","url":"https:\/\/www.easly.nl\/fr\/stress-test\/","name":"\u00c9valuer le stress avec le test en ligne 4DSQ","isPartOf":{"@id":"https:\/\/www.easly.nl\/fr\/#website"},"primaryImageOfPage":{"@id":"https:\/\/www.easly.nl\/fr\/stress-test\/#primaryimage"},"image":{"@id":"https:\/\/www.easly.nl\/fr\/stress-test\/#primaryimage"},"thumbnailUrl":"https:\/\/www.easly.nl\/wp-content\/uploads\/sites\/13\/2024\/04\/Draft-digital-stress-test-4.jpg","datePublished":"2024-04-10T09:47:10+00:00","dateModified":"2025-04-14T00:00:43+00:00","description":"Le stress et l'anxi\u00e9t\u00e9 vous pr\u00e9occupent ? Essayez le test de stress en ligne d'Easly avec le questionnaire 4DSQ. \u00c9valuez votre niveau de stress d\u00e8s aujourd'hui.","breadcrumb":{"@id":"https:\/\/www.easly.nl\/fr\/stress-test\/#breadcrumb"},"inLanguage":"fr-FR","potentialAction":[{"@type":"ReadAction","target":["https:\/\/www.easly.nl\/fr\/stress-test\/"]}]},{"@type":"ImageObject","inLanguage":"fr-FR","@id":"https:\/\/www.easly.nl\/fr\/stress-test\/#primaryimage","url":"https:\/\/www.easly.nl\/wp-content\/uploads\/sites\/13\/2024\/04\/Draft-digital-stress-test-4.jpg","contentUrl":"https:\/\/www.easly.nl\/wp-content\/uploads\/sites\/13\/2024\/04\/Draft-digital-stress-test-4.jpg","width":2088,"height":1608,"caption":"Digital stresstest product image"},{"@type":"BreadcrumbList","@id":"https:\/\/www.easly.nl\/fr\/stress-test\/#breadcrumb","itemListElement":[{"@type":"ListItem","position":1,"name":"D'accueil","item":"https:\/\/www.easly.nl\/fr\/"},{"@type":"ListItem","position":2,"name":"Shop","item":"https:\/\/www.easly.nl\/fr\/shop\/"},{"@type":"ListItem","position":3,"name":"Test de stress en ligne"}]},{"@type":"WebSite","@id":"https:\/\/www.easly.nl\/fr\/#website","url":"https:\/\/www.easly.nl\/fr\/","name":"Easly Shop","description":"Safe &amp; simple online COVID testing","publisher":{"@id":"https:\/\/www.easly.nl\/fr\/#organization"},"potentialAction":[{"@type":"SearchAction","target":{"@type":"EntryPoint","urlTemplate":"https:\/\/www.easly.nl\/fr\/?s={search_term_string}"},"query-input":{"@type":"PropertyValueSpecification","valueRequired":true,"valueName":"search_term_string"}}],"inLanguage":"fr-FR"},{"@type":"Organization","@id":"https:\/\/www.easly.nl\/fr\/#organization","name":"Easly.nl","url":"https:\/\/www.easly.nl\/fr\/","logo":{"@type":"ImageObject","inLanguage":"fr-FR","@id":"https:\/\/www.easly.nl\/fr\/#\/schema\/logo\/image\/","url":"https:\/\/www.easly.nl\/wp-content\/uploads\/sites\/13\/2022\/10\/easly_logoslogan_color.png","contentUrl":"https:\/\/www.easly.nl\/wp-content\/uploads\/sites\/13\/2022\/10\/easly_logoslogan_color.png","width":157,"height":38,"caption":"Easly.nl"},"image":{"@id":"https:\/\/www.easly.nl\/fr\/#\/schema\/logo\/image\/"}}]}},"_links":{"self":[{"href":"https:\/\/www.easly.nl\/fr\/wp-json\/wp\/v2\/product\/41317","targetHints":{"allow":["GET"]}}],"collection":[{"href":"https:\/\/www.easly.nl\/fr\/wp-json\/wp\/v2\/product"}],"about":[{"href":"https:\/\/www.easly.nl\/fr\/wp-json\/wp\/v2\/types\/product"}],"version-history":[{"count":1,"href":"https:\/\/www.easly.nl\/fr\/wp-json\/wp\/v2\/product\/41317\/revisions"}],"predecessor-version":[{"id":58866,"href":"https:\/\/www.easly.nl\/fr\/wp-json\/wp\/v2\/product\/41317\/revisions\/58866"}],"wp:featuredmedia":[{"embeddable":true,"href":"https:\/\/www.easly.nl\/fr\/wp-json\/wp\/v2\/media\/46025"}],"wp:attachment":[{"href":"https:\/\/www.easly.nl\/fr\/wp-json\/wp\/v2\/media?parent=41317"}],"wp:term":[{"taxonomy":"product_cat","embeddable":true,"href":"https:\/\/www.easly.nl\/fr\/wp-json\/wp\/v2\/product_cat?post=41317"},{"taxonomy":"product_tag","embeddable":true,"href":"https:\/\/www.easly.nl\/fr\/wp-json\/wp\/v2\/product_tag?post=41317"}],"curies":[{"name":"wp","href":"https:\/\/api.w.org\/{rel}","templated":true}]}}