{"id":39826,"date":"2024-03-05T08:40:08","date_gmt":"2024-03-05T08:40:11","guid":{"rendered":"https:\/\/www.easly.nl\/?post_type=product&#038;p=39826"},"modified":"2024-11-29T01:05:11","modified_gmt":"2024-11-29T00:05:11","slug":"test-de-depistage-de-drogues","status":"publish","type":"product","link":"https:\/\/www.easly.nl\/fr\/test-de-depistage-de-drogues\/","title":{"rendered":"Test de drogue"},"content":{"rendered":"<p><span style=\"font-weight: 400;\">D\u00e9terminez s\u2019il y a des traces de drogues prescrites ou ill\u00e9gales dans votre urine et passez le test Easly Drug. Il s\u2019agit d\u2019un test d\u2019urine de drogue pour lequel vous pouvez pr\u00e9lever l\u2019\u00e9chantillon vous-m\u00eame \u00e0 la maison. Nous traitons votre urine dans notre laboratoire accr\u00e9dit\u00e9 ISO. Le r\u00e9sultat est pr\u00e9cis et suit rapidement et en toute confidentialit\u00e9 sur notre portail s\u00e9curis\u00e9 en ligne. Confidentialit\u00e9 garantie.<\/span><\/p>\n","protected":false},"excerpt":{"rendered":"<p><span style=\"font-weight: 400;\">D\u00e9terminez s&#8217;il y a des traces de consommation de drogue dans votre corps et passez le test Easly Drug. Rapide et facile, directement depuis chez vous.<\/span><\/p>\n","protected":false},"featured_media":42743,"template":"","meta":{"_acf_changed":false,"footnotes":""},"product_cat":[1005,435],"product_tag":[867],"class_list":{"0":"post-39826","1":"product","2":"type-product","3":"status-publish","4":"has-post-thumbnail","6":"product_cat-drogue","7":"product_cat-non-classe","8":"product_tag-interpretation-et-conseils-medicaux","10":"first","11":"instock","12":"taxable","13":"shipping-taxable","14":"purchasable","15":"product-type-simple"},"acf":[],"yoast_head":"<!-- This site is optimized with the Yoast SEO plugin v24.3 - https:\/\/yoast.com\/wordpress\/plugins\/seo\/ -->\n<title>Test de d\u00e9pistage de drogues avec auto-administration simple et rapide<\/title>\n<meta name=\"description\" content=\"Faites le test d&#039;urine facile Easly et d\u00e9terminez les traces de consommation de drogue avec un simple test d&#039;urine\" \/>\n<meta name=\"robots\" content=\"index, follow, max-snippet:-1, max-image-preview:large, max-video-preview:-1\" \/>\n<link rel=\"canonical\" href=\"https:\/\/www.easly.nl\/fr\/test-de-depistage-de-drogues\/\" \/>\n<meta property=\"og:locale\" content=\"fr_FR\" \/>\n<meta property=\"og:type\" content=\"article\" \/>\n<meta property=\"og:title\" content=\"Test de d\u00e9pistage de drogues avec auto-administration simple et rapide\" \/>\n<meta property=\"og:description\" content=\"Faites le test d&#039;urine facile Easly et d\u00e9terminez les traces de consommation de drogue avec un simple test d&#039;urine\" \/>\n<meta property=\"og:url\" content=\"https:\/\/www.easly.nl\/fr\/test-de-depistage-de-drogues\/\" \/>\n<meta property=\"og:site_name\" content=\"Easly Shop\" \/>\n<meta property=\"article:modified_time\" content=\"2024-11-29T00:05:11+00:00\" \/>\n<meta property=\"og:image\" content=\"https:\/\/www.easly.nl\/wp-content\/uploads\/sites\/13\/2024\/02\/opt.webp\" \/>\n\t<meta property=\"og:image:width\" content=\"440\" \/>\n\t<meta property=\"og:image:height\" content=\"286\" \/>\n\t<meta property=\"og:image:type\" content=\"image\/webp\" \/>\n<meta name=\"twitter:card\" content=\"summary_large_image\" \/>\n<script type=\"application\/ld+json\" class=\"yoast-schema-graph\">{\"@context\":\"https:\/\/schema.org\",\"@graph\":[{\"@type\":\"WebPage\",\"@id\":\"https:\/\/www.easly.nl\/fr\/test-de-depistage-de-drogues\/\",\"url\":\"https:\/\/www.easly.nl\/fr\/test-de-depistage-de-drogues\/\",\"name\":\"Test de d\u00e9pistage de drogues avec auto-administration simple et rapide\",\"isPartOf\":{\"@id\":\"https:\/\/www.easly.nl\/fr\/#website\"},\"primaryImageOfPage\":{\"@id\":\"https:\/\/www.easly.nl\/fr\/test-de-depistage-de-drogues\/#primaryimage\"},\"image\":{\"@id\":\"https:\/\/www.easly.nl\/fr\/test-de-depistage-de-drogues\/#primaryimage\"},\"thumbnailUrl\":\"https:\/\/www.easly.nl\/wp-content\/uploads\/sites\/13\/2024\/03\/Product-Image_Drugtest_01.webp\",\"datePublished\":\"2024-03-05T08:40:11+00:00\",\"dateModified\":\"2024-11-29T00:05:11+00:00\",\"description\":\"Faites le test d'urine facile Easly et d\u00e9terminez les traces de consommation de drogue avec un simple test d'urine\",\"breadcrumb\":{\"@id\":\"https:\/\/www.easly.nl\/fr\/test-de-depistage-de-drogues\/#breadcrumb\"},\"inLanguage\":\"fr-FR\",\"potentialAction\":[{\"@type\":\"ReadAction\",\"target\":[\"https:\/\/www.easly.nl\/fr\/test-de-depistage-de-drogues\/\"]}]},{\"@type\":\"ImageObject\",\"inLanguage\":\"fr-FR\",\"@id\":\"https:\/\/www.easly.nl\/fr\/test-de-depistage-de-drogues\/#primaryimage\",\"url\":\"https:\/\/www.easly.nl\/wp-content\/uploads\/sites\/13\/2024\/03\/Product-Image_Drugtest_01.webp\",\"contentUrl\":\"https:\/\/www.easly.nl\/wp-content\/uploads\/sites\/13\/2024\/03\/Product-Image_Drugtest_01.webp\",\"width\":1044,\"height\":804,\"caption\":\"drugtest cover\"},{\"@type\":\"BreadcrumbList\",\"@id\":\"https:\/\/www.easly.nl\/fr\/test-de-depistage-de-drogues\/#breadcrumb\",\"itemListElement\":[{\"@type\":\"ListItem\",\"position\":1,\"name\":\"D'accueil\",\"item\":\"https:\/\/www.easly.nl\/fr\/\"},{\"@type\":\"ListItem\",\"position\":2,\"name\":\"Shop\",\"item\":\"https:\/\/www.easly.nl\/fr\/shop\/\"},{\"@type\":\"ListItem\",\"position\":3,\"name\":\"Test de drogue\"}]},{\"@type\":\"WebSite\",\"@id\":\"https:\/\/www.easly.nl\/fr\/#website\",\"url\":\"https:\/\/www.easly.nl\/fr\/\",\"name\":\"Easly Shop\",\"description\":\"Safe &amp; simple online COVID testing\",\"publisher\":{\"@id\":\"https:\/\/www.easly.nl\/fr\/#organization\"},\"potentialAction\":[{\"@type\":\"SearchAction\",\"target\":{\"@type\":\"EntryPoint\",\"urlTemplate\":\"https:\/\/www.easly.nl\/fr\/?s={search_term_string}\"},\"query-input\":{\"@type\":\"PropertyValueSpecification\",\"valueRequired\":true,\"valueName\":\"search_term_string\"}}],\"inLanguage\":\"fr-FR\"},{\"@type\":\"Organization\",\"@id\":\"https:\/\/www.easly.nl\/fr\/#organization\",\"name\":\"Easly.nl\",\"url\":\"https:\/\/www.easly.nl\/fr\/\",\"logo\":{\"@type\":\"ImageObject\",\"inLanguage\":\"fr-FR\",\"@id\":\"https:\/\/www.easly.nl\/fr\/#\/schema\/logo\/image\/\",\"url\":\"https:\/\/www.easly.nl\/wp-content\/uploads\/sites\/13\/2022\/10\/easly_logoslogan_color.png\",\"contentUrl\":\"https:\/\/www.easly.nl\/wp-content\/uploads\/sites\/13\/2022\/10\/easly_logoslogan_color.png\",\"width\":157,\"height\":38,\"caption\":\"Easly.nl\"},\"image\":{\"@id\":\"https:\/\/www.easly.nl\/fr\/#\/schema\/logo\/image\/\"}}]}<\/script>\n<!-- \/ Yoast SEO plugin. -->","yoast_head_json":{"title":"Test de d\u00e9pistage de drogues avec auto-administration simple et rapide","description":"Faites le test d'urine facile Easly et d\u00e9terminez les traces de consommation de drogue avec un simple test d'urine","robots":{"index":"index","follow":"follow","max-snippet":"max-snippet:-1","max-image-preview":"max-image-preview:large","max-video-preview":"max-video-preview:-1"},"canonical":"https:\/\/www.easly.nl\/fr\/test-de-depistage-de-drogues\/","og_locale":"fr_FR","og_type":"article","og_title":"Test de d\u00e9pistage de drogues avec auto-administration simple et rapide","og_description":"Faites le test d'urine facile Easly et d\u00e9terminez les traces de consommation de drogue avec un simple test d'urine","og_url":"https:\/\/www.easly.nl\/fr\/test-de-depistage-de-drogues\/","og_site_name":"Easly Shop","article_modified_time":"2024-11-29T00:05:11+00:00","og_image":[{"width":440,"height":286,"url":"https:\/\/www.easly.nl\/wp-content\/uploads\/sites\/13\/2024\/02\/opt.webp","type":"image\/webp"}],"twitter_card":"summary_large_image","schema":{"@context":"https:\/\/schema.org","@graph":[{"@type":"WebPage","@id":"https:\/\/www.easly.nl\/fr\/test-de-depistage-de-drogues\/","url":"https:\/\/www.easly.nl\/fr\/test-de-depistage-de-drogues\/","name":"Test de d\u00e9pistage de drogues avec auto-administration simple et rapide","isPartOf":{"@id":"https:\/\/www.easly.nl\/fr\/#website"},"primaryImageOfPage":{"@id":"https:\/\/www.easly.nl\/fr\/test-de-depistage-de-drogues\/#primaryimage"},"image":{"@id":"https:\/\/www.easly.nl\/fr\/test-de-depistage-de-drogues\/#primaryimage"},"thumbnailUrl":"https:\/\/www.easly.nl\/wp-content\/uploads\/sites\/13\/2024\/03\/Product-Image_Drugtest_01.webp","datePublished":"2024-03-05T08:40:11+00:00","dateModified":"2024-11-29T00:05:11+00:00","description":"Faites le test d'urine facile Easly et d\u00e9terminez les traces de consommation de drogue avec un simple test d'urine","breadcrumb":{"@id":"https:\/\/www.easly.nl\/fr\/test-de-depistage-de-drogues\/#breadcrumb"},"inLanguage":"fr-FR","potentialAction":[{"@type":"ReadAction","target":["https:\/\/www.easly.nl\/fr\/test-de-depistage-de-drogues\/"]}]},{"@type":"ImageObject","inLanguage":"fr-FR","@id":"https:\/\/www.easly.nl\/fr\/test-de-depistage-de-drogues\/#primaryimage","url":"https:\/\/www.easly.nl\/wp-content\/uploads\/sites\/13\/2024\/03\/Product-Image_Drugtest_01.webp","contentUrl":"https:\/\/www.easly.nl\/wp-content\/uploads\/sites\/13\/2024\/03\/Product-Image_Drugtest_01.webp","width":1044,"height":804,"caption":"drugtest cover"},{"@type":"BreadcrumbList","@id":"https:\/\/www.easly.nl\/fr\/test-de-depistage-de-drogues\/#breadcrumb","itemListElement":[{"@type":"ListItem","position":1,"name":"D'accueil","item":"https:\/\/www.easly.nl\/fr\/"},{"@type":"ListItem","position":2,"name":"Shop","item":"https:\/\/www.easly.nl\/fr\/shop\/"},{"@type":"ListItem","position":3,"name":"Test de drogue"}]},{"@type":"WebSite","@id":"https:\/\/www.easly.nl\/fr\/#website","url":"https:\/\/www.easly.nl\/fr\/","name":"Easly Shop","description":"Safe &amp; simple online COVID testing","publisher":{"@id":"https:\/\/www.easly.nl\/fr\/#organization"},"potentialAction":[{"@type":"SearchAction","target":{"@type":"EntryPoint","urlTemplate":"https:\/\/www.easly.nl\/fr\/?s={search_term_string}"},"query-input":{"@type":"PropertyValueSpecification","valueRequired":true,"valueName":"search_term_string"}}],"inLanguage":"fr-FR"},{"@type":"Organization","@id":"https:\/\/www.easly.nl\/fr\/#organization","name":"Easly.nl","url":"https:\/\/www.easly.nl\/fr\/","logo":{"@type":"ImageObject","inLanguage":"fr-FR","@id":"https:\/\/www.easly.nl\/fr\/#\/schema\/logo\/image\/","url":"https:\/\/www.easly.nl\/wp-content\/uploads\/sites\/13\/2022\/10\/easly_logoslogan_color.png","contentUrl":"https:\/\/www.easly.nl\/wp-content\/uploads\/sites\/13\/2022\/10\/easly_logoslogan_color.png","width":157,"height":38,"caption":"Easly.nl"},"image":{"@id":"https:\/\/www.easly.nl\/fr\/#\/schema\/logo\/image\/"}}]}},"_links":{"self":[{"href":"https:\/\/www.easly.nl\/fr\/wp-json\/wp\/v2\/product\/39826","targetHints":{"allow":["GET"]}}],"collection":[{"href":"https:\/\/www.easly.nl\/fr\/wp-json\/wp\/v2\/product"}],"about":[{"href":"https:\/\/www.easly.nl\/fr\/wp-json\/wp\/v2\/types\/product"}],"version-history":[{"count":0,"href":"https:\/\/www.easly.nl\/fr\/wp-json\/wp\/v2\/product\/39826\/revisions"}],"wp:featuredmedia":[{"embeddable":true,"href":"https:\/\/www.easly.nl\/fr\/wp-json\/wp\/v2\/media\/42743"}],"wp:attachment":[{"href":"https:\/\/www.easly.nl\/fr\/wp-json\/wp\/v2\/media?parent=39826"}],"wp:term":[{"taxonomy":"product_cat","embeddable":true,"href":"https:\/\/www.easly.nl\/fr\/wp-json\/wp\/v2\/product_cat?post=39826"},{"taxonomy":"product_tag","embeddable":true,"href":"https:\/\/www.easly.nl\/fr\/wp-json\/wp\/v2\/product_tag?post=39826"}],"curies":[{"name":"wp","href":"https:\/\/api.w.org\/{rel}","templated":true}]}}