{"id":34220,"date":"2023-11-16T14:33:34","date_gmt":"2023-11-16T14:33:37","guid":{"rendered":"https:\/\/www.easly.nl\/?post_type=product&#038;p=34220"},"modified":"2025-01-17T09:47:57","modified_gmt":"2025-01-17T08:47:57","slug":"essential-5","status":"publish","type":"product","link":"https:\/\/www.easly.nl\/fr\/tests-de-sante-generaux\/test-sang-essentiel-5\/","title":{"rendered":"Essentiel 5 : Prises de sang et test d&#8217;effort"},"content":{"rendered":"<p><span style=\"font-weight: 400;\">Dans ce test, vous pr\u00e9levez un \u00e9chantillon de sang par piq\u00fbre au doigt, qui est trait\u00e9 dans notre laboratoire accr\u00e9dit\u00e9 ISO 1589. Un questionnaire en ligne, adapt\u00e9 aux plaintes d&#8217;\u00e9puisement professionnel, fait \u00e9galement partie du test.<\/span><\/p>\n","protected":false},"excerpt":{"rendered":"<p>Pr\u00e9venir les maladies cardiovasculaires\u00a0:\u00a0Essential 5 teste votre risque. Facile, fiable, depuis chez vous.<\/p>\n","protected":false},"featured_media":40578,"template":"","meta":{"_acf_changed":false,"footnotes":""},"product_cat":[1007,429,435],"product_tag":[2003],"class_list":{"0":"post-34220","1":"product","2":"type-product","3":"status-publish","4":"has-post-thumbnail","6":"product_cat-style-de-vie-et-vitamines","7":"product_cat-sante-generale","8":"product_cat-non-classe","9":"product_tag-maintenant-a-prix-reduit","11":"first","12":"instock","13":"sale","14":"taxable","15":"shipping-taxable","16":"purchasable","17":"product-type-simple"},"acf":[],"yoast_head":"<!-- This site is optimized with the Yoast SEO plugin v24.3 - https:\/\/yoast.com\/wordpress\/plugins\/seo\/ -->\n<title>Essentiel 5 - Test \u00e0 domicile<\/title>\n<meta name=\"description\" content=\"D\u00e9sormais, vous n&#039;avez plus \u00e0 vous soucier des maladies cardiovasculaires gr\u00e2ce \u00e0 cette prise de sang g\u00e9n\u00e9rale. Vous pouvez d\u00e9sormais vous tester facilement et discr\u00e8tement chez vous\" \/>\n<meta name=\"robots\" content=\"index, follow, max-snippet:-1, max-image-preview:large, max-video-preview:-1\" \/>\n<link rel=\"canonical\" href=\"https:\/\/www.easly.nl\/fr\/tests-de-sante-generaux\/test-sang-essentiel-5\/\" \/>\n<meta property=\"og:locale\" content=\"fr_FR\" \/>\n<meta property=\"og:type\" content=\"article\" \/>\n<meta property=\"og:title\" content=\"Essentiel 5 - Test \u00e0 domicile\" \/>\n<meta property=\"og:description\" content=\"D\u00e9sormais, vous n&#039;avez plus \u00e0 vous soucier des maladies cardiovasculaires gr\u00e2ce \u00e0 cette prise de sang g\u00e9n\u00e9rale. Vous pouvez d\u00e9sormais vous tester facilement et discr\u00e8tement chez vous\" \/>\n<meta property=\"og:url\" content=\"https:\/\/www.easly.nl\/fr\/tests-de-sante-generaux\/test-sang-essentiel-5\/\" \/>\n<meta property=\"og:site_name\" content=\"Easly Shop\" \/>\n<meta property=\"article:modified_time\" content=\"2025-01-17T08:47:57+00:00\" \/>\n<meta property=\"og:image\" content=\"https:\/\/www.easly.nl\/wp-content\/uploads\/sites\/13\/2023\/11\/Easly-nl-Essential-5.webp\" \/>\n\t<meta property=\"og:image:width\" content=\"673\" \/>\n\t<meta property=\"og:image:height\" content=\"518\" \/>\n\t<meta property=\"og:image:type\" content=\"image\/webp\" \/>\n<meta name=\"twitter:card\" content=\"summary_large_image\" \/>\n<script type=\"application\/ld+json\" class=\"yoast-schema-graph\">{\"@context\":\"https:\/\/schema.org\",\"@graph\":[{\"@type\":\"WebPage\",\"@id\":\"https:\/\/www.easly.nl\/fr\/tests-de-sante-generaux\/test-sang-essentiel-5\/\",\"url\":\"https:\/\/www.easly.nl\/fr\/tests-de-sante-generaux\/test-sang-essentiel-5\/\",\"name\":\"Essentiel 5 - Test \u00e0 domicile\",\"isPartOf\":{\"@id\":\"https:\/\/www.easly.nl\/fr\/#website\"},\"primaryImageOfPage\":{\"@id\":\"https:\/\/www.easly.nl\/fr\/tests-de-sante-generaux\/test-sang-essentiel-5\/#primaryimage\"},\"image\":{\"@id\":\"https:\/\/www.easly.nl\/fr\/tests-de-sante-generaux\/test-sang-essentiel-5\/#primaryimage\"},\"thumbnailUrl\":\"https:\/\/www.easly.nl\/wp-content\/uploads\/sites\/13\/2023\/11\/Easly-nl-Essential-5.webp\",\"datePublished\":\"2023-11-16T14:33:37+00:00\",\"dateModified\":\"2025-01-17T08:47:57+00:00\",\"description\":\"D\u00e9sormais, vous n'avez plus \u00e0 vous soucier des maladies cardiovasculaires gr\u00e2ce \u00e0 cette prise de sang g\u00e9n\u00e9rale. Vous pouvez d\u00e9sormais vous tester facilement et discr\u00e8tement chez vous\",\"breadcrumb\":{\"@id\":\"https:\/\/www.easly.nl\/fr\/tests-de-sante-generaux\/test-sang-essentiel-5\/#breadcrumb\"},\"inLanguage\":\"fr-FR\",\"potentialAction\":[{\"@type\":\"ReadAction\",\"target\":[\"https:\/\/www.easly.nl\/fr\/tests-de-sante-generaux\/test-sang-essentiel-5\/\"]}]},{\"@type\":\"ImageObject\",\"inLanguage\":\"fr-FR\",\"@id\":\"https:\/\/www.easly.nl\/fr\/tests-de-sante-generaux\/test-sang-essentiel-5\/#primaryimage\",\"url\":\"https:\/\/www.easly.nl\/wp-content\/uploads\/sites\/13\/2023\/11\/Easly-nl-Essential-5.webp\",\"contentUrl\":\"https:\/\/www.easly.nl\/wp-content\/uploads\/sites\/13\/2023\/11\/Easly-nl-Essential-5.webp\",\"width\":673,\"height\":518,\"caption\":\"Essential 5\"},{\"@type\":\"BreadcrumbList\",\"@id\":\"https:\/\/www.easly.nl\/fr\/tests-de-sante-generaux\/test-sang-essentiel-5\/#breadcrumb\",\"itemListElement\":[{\"@type\":\"ListItem\",\"position\":1,\"name\":\"D'accueil\",\"item\":\"https:\/\/www.easly.nl\/fr\/\"},{\"@type\":\"ListItem\",\"position\":2,\"name\":\"Shop\",\"item\":\"https:\/\/www.easly.nl\/fr\/shop\/\"},{\"@type\":\"ListItem\",\"position\":3,\"name\":\"Essentiel 5 : Prises de sang et test d&#8217;effort\"}]},{\"@type\":\"WebSite\",\"@id\":\"https:\/\/www.easly.nl\/fr\/#website\",\"url\":\"https:\/\/www.easly.nl\/fr\/\",\"name\":\"Easly Shop\",\"description\":\"Safe &amp; simple online COVID testing\",\"publisher\":{\"@id\":\"https:\/\/www.easly.nl\/fr\/#organization\"},\"potentialAction\":[{\"@type\":\"SearchAction\",\"target\":{\"@type\":\"EntryPoint\",\"urlTemplate\":\"https:\/\/www.easly.nl\/fr\/?s={search_term_string}\"},\"query-input\":{\"@type\":\"PropertyValueSpecification\",\"valueRequired\":true,\"valueName\":\"search_term_string\"}}],\"inLanguage\":\"fr-FR\"},{\"@type\":\"Organization\",\"@id\":\"https:\/\/www.easly.nl\/fr\/#organization\",\"name\":\"Easly.nl\",\"url\":\"https:\/\/www.easly.nl\/fr\/\",\"logo\":{\"@type\":\"ImageObject\",\"inLanguage\":\"fr-FR\",\"@id\":\"https:\/\/www.easly.nl\/fr\/#\/schema\/logo\/image\/\",\"url\":\"https:\/\/www.easly.nl\/wp-content\/uploads\/sites\/13\/2022\/10\/easly_logoslogan_color.png\",\"contentUrl\":\"https:\/\/www.easly.nl\/wp-content\/uploads\/sites\/13\/2022\/10\/easly_logoslogan_color.png\",\"width\":157,\"height\":38,\"caption\":\"Easly.nl\"},\"image\":{\"@id\":\"https:\/\/www.easly.nl\/fr\/#\/schema\/logo\/image\/\"}}]}<\/script>\n<!-- \/ Yoast SEO plugin. -->","yoast_head_json":{"title":"Essentiel 5 - Test \u00e0 domicile","description":"D\u00e9sormais, vous n'avez plus \u00e0 vous soucier des maladies cardiovasculaires gr\u00e2ce \u00e0 cette prise de sang g\u00e9n\u00e9rale. Vous pouvez d\u00e9sormais vous tester facilement et discr\u00e8tement chez vous","robots":{"index":"index","follow":"follow","max-snippet":"max-snippet:-1","max-image-preview":"max-image-preview:large","max-video-preview":"max-video-preview:-1"},"canonical":"https:\/\/www.easly.nl\/fr\/tests-de-sante-generaux\/test-sang-essentiel-5\/","og_locale":"fr_FR","og_type":"article","og_title":"Essentiel 5 - Test \u00e0 domicile","og_description":"D\u00e9sormais, vous n'avez plus \u00e0 vous soucier des maladies cardiovasculaires gr\u00e2ce \u00e0 cette prise de sang g\u00e9n\u00e9rale. Vous pouvez d\u00e9sormais vous tester facilement et discr\u00e8tement chez vous","og_url":"https:\/\/www.easly.nl\/fr\/tests-de-sante-generaux\/test-sang-essentiel-5\/","og_site_name":"Easly Shop","article_modified_time":"2025-01-17T08:47:57+00:00","og_image":[{"width":673,"height":518,"url":"https:\/\/www.easly.nl\/wp-content\/uploads\/sites\/13\/2023\/11\/Easly-nl-Essential-5.webp","type":"image\/webp"}],"twitter_card":"summary_large_image","schema":{"@context":"https:\/\/schema.org","@graph":[{"@type":"WebPage","@id":"https:\/\/www.easly.nl\/fr\/tests-de-sante-generaux\/test-sang-essentiel-5\/","url":"https:\/\/www.easly.nl\/fr\/tests-de-sante-generaux\/test-sang-essentiel-5\/","name":"Essentiel 5 - Test \u00e0 domicile","isPartOf":{"@id":"https:\/\/www.easly.nl\/fr\/#website"},"primaryImageOfPage":{"@id":"https:\/\/www.easly.nl\/fr\/tests-de-sante-generaux\/test-sang-essentiel-5\/#primaryimage"},"image":{"@id":"https:\/\/www.easly.nl\/fr\/tests-de-sante-generaux\/test-sang-essentiel-5\/#primaryimage"},"thumbnailUrl":"https:\/\/www.easly.nl\/wp-content\/uploads\/sites\/13\/2023\/11\/Easly-nl-Essential-5.webp","datePublished":"2023-11-16T14:33:37+00:00","dateModified":"2025-01-17T08:47:57+00:00","description":"D\u00e9sormais, vous n'avez plus \u00e0 vous soucier des maladies cardiovasculaires gr\u00e2ce \u00e0 cette prise de sang g\u00e9n\u00e9rale. Vous pouvez d\u00e9sormais vous tester facilement et discr\u00e8tement chez vous","breadcrumb":{"@id":"https:\/\/www.easly.nl\/fr\/tests-de-sante-generaux\/test-sang-essentiel-5\/#breadcrumb"},"inLanguage":"fr-FR","potentialAction":[{"@type":"ReadAction","target":["https:\/\/www.easly.nl\/fr\/tests-de-sante-generaux\/test-sang-essentiel-5\/"]}]},{"@type":"ImageObject","inLanguage":"fr-FR","@id":"https:\/\/www.easly.nl\/fr\/tests-de-sante-generaux\/test-sang-essentiel-5\/#primaryimage","url":"https:\/\/www.easly.nl\/wp-content\/uploads\/sites\/13\/2023\/11\/Easly-nl-Essential-5.webp","contentUrl":"https:\/\/www.easly.nl\/wp-content\/uploads\/sites\/13\/2023\/11\/Easly-nl-Essential-5.webp","width":673,"height":518,"caption":"Essential 5"},{"@type":"BreadcrumbList","@id":"https:\/\/www.easly.nl\/fr\/tests-de-sante-generaux\/test-sang-essentiel-5\/#breadcrumb","itemListElement":[{"@type":"ListItem","position":1,"name":"D'accueil","item":"https:\/\/www.easly.nl\/fr\/"},{"@type":"ListItem","position":2,"name":"Shop","item":"https:\/\/www.easly.nl\/fr\/shop\/"},{"@type":"ListItem","position":3,"name":"Essentiel 5 : Prises de sang et test d&#8217;effort"}]},{"@type":"WebSite","@id":"https:\/\/www.easly.nl\/fr\/#website","url":"https:\/\/www.easly.nl\/fr\/","name":"Easly Shop","description":"Safe &amp; simple online COVID testing","publisher":{"@id":"https:\/\/www.easly.nl\/fr\/#organization"},"potentialAction":[{"@type":"SearchAction","target":{"@type":"EntryPoint","urlTemplate":"https:\/\/www.easly.nl\/fr\/?s={search_term_string}"},"query-input":{"@type":"PropertyValueSpecification","valueRequired":true,"valueName":"search_term_string"}}],"inLanguage":"fr-FR"},{"@type":"Organization","@id":"https:\/\/www.easly.nl\/fr\/#organization","name":"Easly.nl","url":"https:\/\/www.easly.nl\/fr\/","logo":{"@type":"ImageObject","inLanguage":"fr-FR","@id":"https:\/\/www.easly.nl\/fr\/#\/schema\/logo\/image\/","url":"https:\/\/www.easly.nl\/wp-content\/uploads\/sites\/13\/2022\/10\/easly_logoslogan_color.png","contentUrl":"https:\/\/www.easly.nl\/wp-content\/uploads\/sites\/13\/2022\/10\/easly_logoslogan_color.png","width":157,"height":38,"caption":"Easly.nl"},"image":{"@id":"https:\/\/www.easly.nl\/fr\/#\/schema\/logo\/image\/"}}]}},"_links":{"self":[{"href":"https:\/\/www.easly.nl\/fr\/wp-json\/wp\/v2\/product\/34220","targetHints":{"allow":["GET"]}}],"collection":[{"href":"https:\/\/www.easly.nl\/fr\/wp-json\/wp\/v2\/product"}],"about":[{"href":"https:\/\/www.easly.nl\/fr\/wp-json\/wp\/v2\/types\/product"}],"version-history":[{"count":1,"href":"https:\/\/www.easly.nl\/fr\/wp-json\/wp\/v2\/product\/34220\/revisions"}],"predecessor-version":[{"id":51992,"href":"https:\/\/www.easly.nl\/fr\/wp-json\/wp\/v2\/product\/34220\/revisions\/51992"}],"wp:featuredmedia":[{"embeddable":true,"href":"https:\/\/www.easly.nl\/fr\/wp-json\/wp\/v2\/media\/40578"}],"wp:attachment":[{"href":"https:\/\/www.easly.nl\/fr\/wp-json\/wp\/v2\/media?parent=34220"}],"wp:term":[{"taxonomy":"product_cat","embeddable":true,"href":"https:\/\/www.easly.nl\/fr\/wp-json\/wp\/v2\/product_cat?post=34220"},{"taxonomy":"product_tag","embeddable":true,"href":"https:\/\/www.easly.nl\/fr\/wp-json\/wp\/v2\/product_tag?post=34220"}],"curies":[{"name":"wp","href":"https:\/\/api.w.org\/{rel}","templated":true}]}}