{"id":23332,"date":"2024-03-08T07:22:14","date_gmt":"2023-07-03T07:22:16","guid":{"rendered":"https:\/\/www.easly.nl\/?post_type=product&#038;p=23332"},"modified":"2024-11-29T01:05:02","modified_gmt":"2024-11-29T00:05:02","slug":"test-de-stress-lie-a-lepuisement-professionnel","status":"publish","type":"product","link":"https:\/\/www.easly.nl\/fr\/hormonen-testen\/burnout-cortisol-test\/","title":{"rendered":"Test de stress li\u00e9 \u00e0 l&#8217;\u00e9puisement professionnel"},"content":{"rendered":"<p><span style=\"font-weight: 400;\">Vous \u00eates mentalement et physiquement \u00e9puis\u00e9 et vous cherchez un test de burn-out ? Pour d\u00e9terminer s&#8217;il existe des plaintes qui correspondent \u00e0 l&#8217;\u00e9puisement professionnel, Easly a d\u00e9velopp\u00e9 le Burnout Stress Test. Avec ce contr\u00f4le, vous obtenez une bonne image de votre \u00e9tat, au moyen d&#8217;un test de cortisol et d&#8217;une liste de plaintes en quatre dimensions (4DSK).<\/span><\/p>\n","protected":false},"excerpt":{"rendered":"<p>Les cons\u00e9quences mentales et physiques d&#8217;un \u00e9puisement professionnel peuvent \u00eatre consid\u00e9rables. Avec cet autotest, vous pouvez d\u00e9terminer si vos sympt\u00f4mes de stress indiquent un \u00e9puisement professionnel.<\/p>\n","protected":false},"featured_media":31733,"template":"","meta":{"_acf_changed":false,"footnotes":""},"product_cat":[1007,429,435],"product_tag":[867],"class_list":{"0":"post-23332","1":"product","2":"type-product","3":"status-publish","4":"has-post-thumbnail","6":"product_cat-style-de-vie-et-vitamines","7":"product_cat-sante-generale","8":"product_cat-non-classe","9":"product_tag-interpretation-et-conseils-medicaux","11":"first","12":"instock","13":"taxable","14":"shipping-taxable","15":"purchasable","16":"product-type-simple"},"acf":[],"yoast_head":"<!-- This site is optimized with the Yoast SEO plugin v24.3 - https:\/\/yoast.com\/wordpress\/plugins\/seo\/ -->\n<title>Le test Easy burn-out offre une solution aux plaintes de stress.<\/title>\n<meta name=\"description\" content=\"Vous souffrez de stress depuis longtemps ? Avec le test de salive et le questionnaire complet du Burnout Stress Test, vous savez rapidement si vous souffrez de plaintes qui correspondent \u00e0 un burn-out.\" \/>\n<meta name=\"robots\" content=\"index, follow, max-snippet:-1, max-image-preview:large, max-video-preview:-1\" \/>\n<link rel=\"canonical\" href=\"https:\/\/www.easly.nl\/fr\/hormonen-testen\/burnout-cortisol-test\/\" \/>\n<meta property=\"og:locale\" content=\"fr_FR\" \/>\n<meta property=\"og:type\" content=\"article\" \/>\n<meta property=\"og:title\" content=\"Le test Easy burn-out offre une solution aux plaintes de stress.\" \/>\n<meta property=\"og:description\" content=\"Vous souffrez de stress depuis longtemps ? Avec le test de salive et le questionnaire complet du Burnout Stress Test, vous savez rapidement si vous souffrez de plaintes qui correspondent \u00e0 un burn-out.\" \/>\n<meta property=\"og:url\" content=\"https:\/\/www.easly.nl\/fr\/hormonen-testen\/burnout-cortisol-test\/\" \/>\n<meta property=\"og:site_name\" content=\"Easly Shop\" \/>\n<meta property=\"article:modified_time\" content=\"2024-11-29T00:05:02+00:00\" \/>\n<meta property=\"og:image\" content=\"https:\/\/www.easly.nl\/wp-content\/uploads\/sites\/13\/2023\/07\/Easly-Burn-out-and-Stress-8720256100430_.webp\" \/>\n\t<meta property=\"og:image:width\" content=\"1044\" \/>\n\t<meta property=\"og:image:height\" content=\"804\" \/>\n\t<meta property=\"og:image:type\" content=\"image\/webp\" \/>\n<meta name=\"twitter:card\" content=\"summary_large_image\" \/>\n<script type=\"application\/ld+json\" class=\"yoast-schema-graph\">{\"@context\":\"https:\/\/schema.org\",\"@graph\":[{\"@type\":\"WebPage\",\"@id\":\"https:\/\/www.easly.nl\/fr\/hormonen-testen\/burnout-cortisol-test\/\",\"url\":\"https:\/\/www.easly.nl\/fr\/hormonen-testen\/burnout-cortisol-test\/\",\"name\":\"Le test Easy burn-out offre une solution aux plaintes de stress.\",\"isPartOf\":{\"@id\":\"https:\/\/www.easly.nl\/fr\/#website\"},\"primaryImageOfPage\":{\"@id\":\"https:\/\/www.easly.nl\/fr\/hormonen-testen\/burnout-cortisol-test\/#primaryimage\"},\"image\":{\"@id\":\"https:\/\/www.easly.nl\/fr\/hormonen-testen\/burnout-cortisol-test\/#primaryimage\"},\"thumbnailUrl\":\"https:\/\/www.easly.nl\/wp-content\/uploads\/sites\/13\/2023\/07\/Easly-Burn-out-and-Stress-8720256100430_.webp\",\"datePublished\":\"2023-07-03T07:22:16+00:00\",\"dateModified\":\"2024-11-29T00:05:02+00:00\",\"description\":\"Vous souffrez de stress depuis longtemps ? Avec le test de salive et le questionnaire complet du Burnout Stress Test, vous savez rapidement si vous souffrez de plaintes qui correspondent \u00e0 un burn-out.\",\"breadcrumb\":{\"@id\":\"https:\/\/www.easly.nl\/fr\/hormonen-testen\/burnout-cortisol-test\/#breadcrumb\"},\"inLanguage\":\"fr-FR\",\"potentialAction\":[{\"@type\":\"ReadAction\",\"target\":[\"https:\/\/www.easly.nl\/fr\/hormonen-testen\/burnout-cortisol-test\/\"]}]},{\"@type\":\"ImageObject\",\"inLanguage\":\"fr-FR\",\"@id\":\"https:\/\/www.easly.nl\/fr\/hormonen-testen\/burnout-cortisol-test\/#primaryimage\",\"url\":\"https:\/\/www.easly.nl\/wp-content\/uploads\/sites\/13\/2023\/07\/Easly-Burn-out-and-Stress-8720256100430_.webp\",\"contentUrl\":\"https:\/\/www.easly.nl\/wp-content\/uploads\/sites\/13\/2023\/07\/Easly-Burn-out-and-Stress-8720256100430_.webp\",\"width\":1044,\"height\":804,\"caption\":\"Burn-out Stress Test\"},{\"@type\":\"BreadcrumbList\",\"@id\":\"https:\/\/www.easly.nl\/fr\/hormonen-testen\/burnout-cortisol-test\/#breadcrumb\",\"itemListElement\":[{\"@type\":\"ListItem\",\"position\":1,\"name\":\"D'accueil\",\"item\":\"https:\/\/www.easly.nl\/fr\/\"},{\"@type\":\"ListItem\",\"position\":2,\"name\":\"Shop\",\"item\":\"https:\/\/www.easly.nl\/fr\/shop\/\"},{\"@type\":\"ListItem\",\"position\":3,\"name\":\"Test de stress li\u00e9 \u00e0 l&#8217;\u00e9puisement professionnel\"}]},{\"@type\":\"WebSite\",\"@id\":\"https:\/\/www.easly.nl\/fr\/#website\",\"url\":\"https:\/\/www.easly.nl\/fr\/\",\"name\":\"Easly Shop\",\"description\":\"Safe &amp; simple online COVID testing\",\"publisher\":{\"@id\":\"https:\/\/www.easly.nl\/fr\/#organization\"},\"potentialAction\":[{\"@type\":\"SearchAction\",\"target\":{\"@type\":\"EntryPoint\",\"urlTemplate\":\"https:\/\/www.easly.nl\/fr\/?s={search_term_string}\"},\"query-input\":{\"@type\":\"PropertyValueSpecification\",\"valueRequired\":true,\"valueName\":\"search_term_string\"}}],\"inLanguage\":\"fr-FR\"},{\"@type\":\"Organization\",\"@id\":\"https:\/\/www.easly.nl\/fr\/#organization\",\"name\":\"Easly.nl\",\"url\":\"https:\/\/www.easly.nl\/fr\/\",\"logo\":{\"@type\":\"ImageObject\",\"inLanguage\":\"fr-FR\",\"@id\":\"https:\/\/www.easly.nl\/fr\/#\/schema\/logo\/image\/\",\"url\":\"https:\/\/www.easly.nl\/wp-content\/uploads\/sites\/13\/2022\/10\/easly_logoslogan_color.png\",\"contentUrl\":\"https:\/\/www.easly.nl\/wp-content\/uploads\/sites\/13\/2022\/10\/easly_logoslogan_color.png\",\"width\":157,\"height\":38,\"caption\":\"Easly.nl\"},\"image\":{\"@id\":\"https:\/\/www.easly.nl\/fr\/#\/schema\/logo\/image\/\"}}]}<\/script>\n<!-- \/ Yoast SEO plugin. -->","yoast_head_json":{"title":"Le test Easy burn-out offre une solution aux plaintes de stress.","description":"Vous souffrez de stress depuis longtemps ? Avec le test de salive et le questionnaire complet du Burnout Stress Test, vous savez rapidement si vous souffrez de plaintes qui correspondent \u00e0 un burn-out.","robots":{"index":"index","follow":"follow","max-snippet":"max-snippet:-1","max-image-preview":"max-image-preview:large","max-video-preview":"max-video-preview:-1"},"canonical":"https:\/\/www.easly.nl\/fr\/hormonen-testen\/burnout-cortisol-test\/","og_locale":"fr_FR","og_type":"article","og_title":"Le test Easy burn-out offre une solution aux plaintes de stress.","og_description":"Vous souffrez de stress depuis longtemps ? Avec le test de salive et le questionnaire complet du Burnout Stress Test, vous savez rapidement si vous souffrez de plaintes qui correspondent \u00e0 un burn-out.","og_url":"https:\/\/www.easly.nl\/fr\/hormonen-testen\/burnout-cortisol-test\/","og_site_name":"Easly Shop","article_modified_time":"2024-11-29T00:05:02+00:00","og_image":[{"width":1044,"height":804,"url":"https:\/\/www.easly.nl\/wp-content\/uploads\/sites\/13\/2023\/07\/Easly-Burn-out-and-Stress-8720256100430_.webp","type":"image\/webp"}],"twitter_card":"summary_large_image","schema":{"@context":"https:\/\/schema.org","@graph":[{"@type":"WebPage","@id":"https:\/\/www.easly.nl\/fr\/hormonen-testen\/burnout-cortisol-test\/","url":"https:\/\/www.easly.nl\/fr\/hormonen-testen\/burnout-cortisol-test\/","name":"Le test Easy burn-out offre une solution aux plaintes de stress.","isPartOf":{"@id":"https:\/\/www.easly.nl\/fr\/#website"},"primaryImageOfPage":{"@id":"https:\/\/www.easly.nl\/fr\/hormonen-testen\/burnout-cortisol-test\/#primaryimage"},"image":{"@id":"https:\/\/www.easly.nl\/fr\/hormonen-testen\/burnout-cortisol-test\/#primaryimage"},"thumbnailUrl":"https:\/\/www.easly.nl\/wp-content\/uploads\/sites\/13\/2023\/07\/Easly-Burn-out-and-Stress-8720256100430_.webp","datePublished":"2023-07-03T07:22:16+00:00","dateModified":"2024-11-29T00:05:02+00:00","description":"Vous souffrez de stress depuis longtemps ? Avec le test de salive et le questionnaire complet du Burnout Stress Test, vous savez rapidement si vous souffrez de plaintes qui correspondent \u00e0 un burn-out.","breadcrumb":{"@id":"https:\/\/www.easly.nl\/fr\/hormonen-testen\/burnout-cortisol-test\/#breadcrumb"},"inLanguage":"fr-FR","potentialAction":[{"@type":"ReadAction","target":["https:\/\/www.easly.nl\/fr\/hormonen-testen\/burnout-cortisol-test\/"]}]},{"@type":"ImageObject","inLanguage":"fr-FR","@id":"https:\/\/www.easly.nl\/fr\/hormonen-testen\/burnout-cortisol-test\/#primaryimage","url":"https:\/\/www.easly.nl\/wp-content\/uploads\/sites\/13\/2023\/07\/Easly-Burn-out-and-Stress-8720256100430_.webp","contentUrl":"https:\/\/www.easly.nl\/wp-content\/uploads\/sites\/13\/2023\/07\/Easly-Burn-out-and-Stress-8720256100430_.webp","width":1044,"height":804,"caption":"Burn-out Stress Test"},{"@type":"BreadcrumbList","@id":"https:\/\/www.easly.nl\/fr\/hormonen-testen\/burnout-cortisol-test\/#breadcrumb","itemListElement":[{"@type":"ListItem","position":1,"name":"D'accueil","item":"https:\/\/www.easly.nl\/fr\/"},{"@type":"ListItem","position":2,"name":"Shop","item":"https:\/\/www.easly.nl\/fr\/shop\/"},{"@type":"ListItem","position":3,"name":"Test de stress li\u00e9 \u00e0 l&#8217;\u00e9puisement professionnel"}]},{"@type":"WebSite","@id":"https:\/\/www.easly.nl\/fr\/#website","url":"https:\/\/www.easly.nl\/fr\/","name":"Easly Shop","description":"Safe &amp; simple online COVID testing","publisher":{"@id":"https:\/\/www.easly.nl\/fr\/#organization"},"potentialAction":[{"@type":"SearchAction","target":{"@type":"EntryPoint","urlTemplate":"https:\/\/www.easly.nl\/fr\/?s={search_term_string}"},"query-input":{"@type":"PropertyValueSpecification","valueRequired":true,"valueName":"search_term_string"}}],"inLanguage":"fr-FR"},{"@type":"Organization","@id":"https:\/\/www.easly.nl\/fr\/#organization","name":"Easly.nl","url":"https:\/\/www.easly.nl\/fr\/","logo":{"@type":"ImageObject","inLanguage":"fr-FR","@id":"https:\/\/www.easly.nl\/fr\/#\/schema\/logo\/image\/","url":"https:\/\/www.easly.nl\/wp-content\/uploads\/sites\/13\/2022\/10\/easly_logoslogan_color.png","contentUrl":"https:\/\/www.easly.nl\/wp-content\/uploads\/sites\/13\/2022\/10\/easly_logoslogan_color.png","width":157,"height":38,"caption":"Easly.nl"},"image":{"@id":"https:\/\/www.easly.nl\/fr\/#\/schema\/logo\/image\/"}}]}},"_links":{"self":[{"href":"https:\/\/www.easly.nl\/fr\/wp-json\/wp\/v2\/product\/23332","targetHints":{"allow":["GET"]}}],"collection":[{"href":"https:\/\/www.easly.nl\/fr\/wp-json\/wp\/v2\/product"}],"about":[{"href":"https:\/\/www.easly.nl\/fr\/wp-json\/wp\/v2\/types\/product"}],"version-history":[{"count":0,"href":"https:\/\/www.easly.nl\/fr\/wp-json\/wp\/v2\/product\/23332\/revisions"}],"wp:featuredmedia":[{"embeddable":true,"href":"https:\/\/www.easly.nl\/fr\/wp-json\/wp\/v2\/media\/31733"}],"wp:attachment":[{"href":"https:\/\/www.easly.nl\/fr\/wp-json\/wp\/v2\/media?parent=23332"}],"wp:term":[{"taxonomy":"product_cat","embeddable":true,"href":"https:\/\/www.easly.nl\/fr\/wp-json\/wp\/v2\/product_cat?post=23332"},{"taxonomy":"product_tag","embeddable":true,"href":"https:\/\/www.easly.nl\/fr\/wp-json\/wp\/v2\/product_tag?post=23332"}],"curies":[{"name":"wp","href":"https:\/\/api.w.org\/{rel}","templated":true}]}}