{"id":16746,"date":"2022-09-22T17:18:11","date_gmt":"2023-02-07T12:46:58","guid":{"rendered":"https:\/\/www.easly.nl\/product\/test-de-la-fonction-hepatique\/"},"modified":"2025-10-23T12:25:18","modified_gmt":"2025-10-23T11:25:18","slug":"leverfunctie-test","status":"publish","type":"product","link":"https:\/\/www.easly.nl\/fr\/test-de-sante-totale\/bilan-sanguin-hepatique\/","title":{"rendered":"Fonction h\u00e9patique"},"content":{"rendered":"<p><span style=\"font-weight: 400;\">Votre foie est l&#8217;un des organes les plus importants de votre corps, responsable du traitement des nutriments, du filtrage des toxines et de la production de prot\u00e9ines essentielles. Cependant, un dysfonctionnement h\u00e9patique peut survenir sans aucun sympt\u00f4me perceptible, ce qui rend crucial de surveiller r\u00e9guli\u00e8rement votre fonction h\u00e9patique. Notre kit de test<\/span><span style=\"font-weight: 400;\"> sanguin h\u00e9patique<\/span><span style=\"font-weight: 400;\"> fournit une \u00e9valuation compl\u00e8te de vos niveaux de fonction h\u00e9patique, vous permettant de prendre des mesures en cas de probl\u00e8me.<\/span><\/p>\n<p><span style=\"font-weight: 400;\">Il est essentiel de faire v\u00e9rifier r\u00e9guli\u00e8rement votre fonction h\u00e9patique, surtout si vous pr\u00e9sentez des facteurs de risque tels que des ant\u00e9c\u00e9dents de maladie du foie, d&#8217;abus d&#8217;alcool ou de prise de m\u00e9dicaments pouvant avoir un impact sur la fonction h\u00e9patique. Si rien n&#8217;est fait, un dysfonctionnement h\u00e9patique peut entra\u00eener de graves complications et m\u00eame une insuffisance h\u00e9patique. N&#8217;attendez pas que les sympt\u00f4mes apparaissent; adoptez une approche proactive de votre sant\u00e9 <\/span><span style=\"font-weight: 400;\">avec une analyse h\u00e9patique \u00e0 domicile.<\/span><\/p>\n","protected":false},"excerpt":{"rendered":"<p>Le foie est l&#8217;un des organes les plus importants. On ne peut pas s&#8217;en passer. Le test de la fonction h\u00e9patique d\u00e9termine la sant\u00e9 de votre foie. Rapide et fiable.<\/p>\n","protected":false},"featured_media":31769,"template":"","meta":{"_acf_changed":false,"footnotes":""},"product_cat":[429,435],"product_tag":[867],"class_list":{"0":"post-16746","1":"product","2":"type-product","3":"status-publish","4":"has-post-thumbnail","6":"product_cat-sante-generale","7":"product_cat-non-classe","8":"product_tag-interpretation-et-conseils-medicaux","10":"first","11":"instock","12":"taxable","13":"shipping-taxable","14":"purchasable","15":"product-type-simple"},"acf":[],"yoast_head":"<!-- This site is optimized with the Yoast SEO plugin v24.3 - https:\/\/yoast.com\/wordpress\/plugins\/seo\/ -->\n<title>Bilan sanguin h\u00e9patique: test facile et pratique, obtenez des r\u00e9sultats pr\u00e9cis \u00e0 la maison !<\/title>\n<meta name=\"description\" content=\"D\u00e9couvrez la commodit\u00e9 de notre auto-test de la fonction h\u00e9patique \u00e0 domicile, qui vous permet de surveiller la sant\u00e9 de votre foie depuis chez vous et d&#039;obtenir des r\u00e9sultats rapidement et avec pr\u00e9cision.\" \/>\n<meta name=\"robots\" content=\"index, follow, max-snippet:-1, max-image-preview:large, max-video-preview:-1\" \/>\n<link rel=\"canonical\" href=\"https:\/\/www.easly.nl\/fr\/test-de-sante-totale\/bilan-sanguin-hepatique\/\" \/>\n<meta property=\"og:locale\" content=\"fr_FR\" \/>\n<meta property=\"og:type\" content=\"article\" \/>\n<meta property=\"og:title\" content=\"Bilan sanguin h\u00e9patique: test facile et pratique, obtenez des r\u00e9sultats pr\u00e9cis \u00e0 la maison !\" \/>\n<meta property=\"og:description\" content=\"D\u00e9couvrez la commodit\u00e9 de notre auto-test de la fonction h\u00e9patique \u00e0 domicile, qui vous permet de surveiller la sant\u00e9 de votre foie depuis chez vous et d&#039;obtenir des r\u00e9sultats rapidement et avec pr\u00e9cision.\" \/>\n<meta property=\"og:url\" content=\"https:\/\/www.easly.nl\/fr\/test-de-sante-totale\/bilan-sanguin-hepatique\/\" \/>\n<meta property=\"og:site_name\" content=\"Easly Shop\" \/>\n<meta property=\"article:modified_time\" content=\"2025-10-23T11:25:18+00:00\" \/>\n<meta property=\"og:image\" content=\"https:\/\/www.easly.nl\/wp-content\/uploads\/sites\/13\/2022\/09\/Easly-Leverfunctie-8720256100096.webp\" \/>\n\t<meta property=\"og:image:width\" content=\"1044\" \/>\n\t<meta property=\"og:image:height\" content=\"804\" \/>\n\t<meta property=\"og:image:type\" content=\"image\/webp\" \/>\n<meta name=\"twitter:card\" content=\"summary_large_image\" \/>\n<meta name=\"twitter:label1\" content=\"Dur\u00e9e de lecture estim\u00e9e\" \/>\n\t<meta name=\"twitter:data1\" content=\"1 minute\" \/>\n<script type=\"application\/ld+json\" class=\"yoast-schema-graph\">{\"@context\":\"https:\/\/schema.org\",\"@graph\":[{\"@type\":\"WebPage\",\"@id\":\"https:\/\/www.easly.nl\/fr\/test-de-sante-totale\/bilan-sanguin-hepatique\/\",\"url\":\"https:\/\/www.easly.nl\/fr\/test-de-sante-totale\/bilan-sanguin-hepatique\/\",\"name\":\"Bilan sanguin h\u00e9patique: test facile et pratique, obtenez des r\u00e9sultats pr\u00e9cis \u00e0 la maison !\",\"isPartOf\":{\"@id\":\"https:\/\/www.easly.nl\/fr\/#website\"},\"primaryImageOfPage\":{\"@id\":\"https:\/\/www.easly.nl\/fr\/test-de-sante-totale\/bilan-sanguin-hepatique\/#primaryimage\"},\"image\":{\"@id\":\"https:\/\/www.easly.nl\/fr\/test-de-sante-totale\/bilan-sanguin-hepatique\/#primaryimage\"},\"thumbnailUrl\":\"https:\/\/www.easly.nl\/wp-content\/uploads\/sites\/13\/2022\/09\/Easly-Leverfunctie-8720256100096.webp\",\"datePublished\":\"2023-02-07T12:46:58+00:00\",\"dateModified\":\"2025-10-23T11:25:18+00:00\",\"description\":\"D\u00e9couvrez la commodit\u00e9 de notre auto-test de la fonction h\u00e9patique \u00e0 domicile, qui vous permet de surveiller la sant\u00e9 de votre foie depuis chez vous et d'obtenir des r\u00e9sultats rapidement et avec pr\u00e9cision.\",\"breadcrumb\":{\"@id\":\"https:\/\/www.easly.nl\/fr\/test-de-sante-totale\/bilan-sanguin-hepatique\/#breadcrumb\"},\"inLanguage\":\"fr-FR\",\"potentialAction\":[{\"@type\":\"ReadAction\",\"target\":[\"https:\/\/www.easly.nl\/fr\/test-de-sante-totale\/bilan-sanguin-hepatique\/\"]}]},{\"@type\":\"ImageObject\",\"inLanguage\":\"fr-FR\",\"@id\":\"https:\/\/www.easly.nl\/fr\/test-de-sante-totale\/bilan-sanguin-hepatique\/#primaryimage\",\"url\":\"https:\/\/www.easly.nl\/wp-content\/uploads\/sites\/13\/2022\/09\/Easly-Leverfunctie-8720256100096.webp\",\"contentUrl\":\"https:\/\/www.easly.nl\/wp-content\/uploads\/sites\/13\/2022\/09\/Easly-Leverfunctie-8720256100096.webp\",\"width\":1044,\"height\":804,\"caption\":\"Leverfunctie test\"},{\"@type\":\"BreadcrumbList\",\"@id\":\"https:\/\/www.easly.nl\/fr\/test-de-sante-totale\/bilan-sanguin-hepatique\/#breadcrumb\",\"itemListElement\":[{\"@type\":\"ListItem\",\"position\":1,\"name\":\"D'accueil\",\"item\":\"https:\/\/www.easly.nl\/fr\/\"},{\"@type\":\"ListItem\",\"position\":2,\"name\":\"Shop\",\"item\":\"https:\/\/www.easly.nl\/fr\/shop\/\"},{\"@type\":\"ListItem\",\"position\":3,\"name\":\"Fonction h\u00e9patique\"}]},{\"@type\":\"WebSite\",\"@id\":\"https:\/\/www.easly.nl\/fr\/#website\",\"url\":\"https:\/\/www.easly.nl\/fr\/\",\"name\":\"Easly Shop\",\"description\":\"Safe &amp; simple online COVID testing\",\"publisher\":{\"@id\":\"https:\/\/www.easly.nl\/fr\/#organization\"},\"potentialAction\":[{\"@type\":\"SearchAction\",\"target\":{\"@type\":\"EntryPoint\",\"urlTemplate\":\"https:\/\/www.easly.nl\/fr\/?s={search_term_string}\"},\"query-input\":{\"@type\":\"PropertyValueSpecification\",\"valueRequired\":true,\"valueName\":\"search_term_string\"}}],\"inLanguage\":\"fr-FR\"},{\"@type\":\"Organization\",\"@id\":\"https:\/\/www.easly.nl\/fr\/#organization\",\"name\":\"Easly.nl\",\"url\":\"https:\/\/www.easly.nl\/fr\/\",\"logo\":{\"@type\":\"ImageObject\",\"inLanguage\":\"fr-FR\",\"@id\":\"https:\/\/www.easly.nl\/fr\/#\/schema\/logo\/image\/\",\"url\":\"https:\/\/www.easly.nl\/wp-content\/uploads\/sites\/13\/2022\/10\/easly_logoslogan_color.png\",\"contentUrl\":\"https:\/\/www.easly.nl\/wp-content\/uploads\/sites\/13\/2022\/10\/easly_logoslogan_color.png\",\"width\":157,\"height\":38,\"caption\":\"Easly.nl\"},\"image\":{\"@id\":\"https:\/\/www.easly.nl\/fr\/#\/schema\/logo\/image\/\"}}]}<\/script>\n<!-- \/ Yoast SEO plugin. -->","yoast_head_json":{"title":"Bilan sanguin h\u00e9patique: test facile et pratique, obtenez des r\u00e9sultats pr\u00e9cis \u00e0 la maison !","description":"D\u00e9couvrez la commodit\u00e9 de notre auto-test de la fonction h\u00e9patique \u00e0 domicile, qui vous permet de surveiller la sant\u00e9 de votre foie depuis chez vous et d'obtenir des r\u00e9sultats rapidement et avec pr\u00e9cision.","robots":{"index":"index","follow":"follow","max-snippet":"max-snippet:-1","max-image-preview":"max-image-preview:large","max-video-preview":"max-video-preview:-1"},"canonical":"https:\/\/www.easly.nl\/fr\/test-de-sante-totale\/bilan-sanguin-hepatique\/","og_locale":"fr_FR","og_type":"article","og_title":"Bilan sanguin h\u00e9patique: test facile et pratique, obtenez des r\u00e9sultats pr\u00e9cis \u00e0 la maison !","og_description":"D\u00e9couvrez la commodit\u00e9 de notre auto-test de la fonction h\u00e9patique \u00e0 domicile, qui vous permet de surveiller la sant\u00e9 de votre foie depuis chez vous et d'obtenir des r\u00e9sultats rapidement et avec pr\u00e9cision.","og_url":"https:\/\/www.easly.nl\/fr\/test-de-sante-totale\/bilan-sanguin-hepatique\/","og_site_name":"Easly Shop","article_modified_time":"2025-10-23T11:25:18+00:00","og_image":[{"width":1044,"height":804,"url":"https:\/\/www.easly.nl\/wp-content\/uploads\/sites\/13\/2022\/09\/Easly-Leverfunctie-8720256100096.webp","type":"image\/webp"}],"twitter_card":"summary_large_image","twitter_misc":{"Dur\u00e9e de lecture estim\u00e9e":"1 minute"},"schema":{"@context":"https:\/\/schema.org","@graph":[{"@type":"WebPage","@id":"https:\/\/www.easly.nl\/fr\/test-de-sante-totale\/bilan-sanguin-hepatique\/","url":"https:\/\/www.easly.nl\/fr\/test-de-sante-totale\/bilan-sanguin-hepatique\/","name":"Bilan sanguin h\u00e9patique: test facile et pratique, obtenez des r\u00e9sultats pr\u00e9cis \u00e0 la maison !","isPartOf":{"@id":"https:\/\/www.easly.nl\/fr\/#website"},"primaryImageOfPage":{"@id":"https:\/\/www.easly.nl\/fr\/test-de-sante-totale\/bilan-sanguin-hepatique\/#primaryimage"},"image":{"@id":"https:\/\/www.easly.nl\/fr\/test-de-sante-totale\/bilan-sanguin-hepatique\/#primaryimage"},"thumbnailUrl":"https:\/\/www.easly.nl\/wp-content\/uploads\/sites\/13\/2022\/09\/Easly-Leverfunctie-8720256100096.webp","datePublished":"2023-02-07T12:46:58+00:00","dateModified":"2025-10-23T11:25:18+00:00","description":"D\u00e9couvrez la commodit\u00e9 de notre auto-test de la fonction h\u00e9patique \u00e0 domicile, qui vous permet de surveiller la sant\u00e9 de votre foie depuis chez vous et d'obtenir des r\u00e9sultats rapidement et avec pr\u00e9cision.","breadcrumb":{"@id":"https:\/\/www.easly.nl\/fr\/test-de-sante-totale\/bilan-sanguin-hepatique\/#breadcrumb"},"inLanguage":"fr-FR","potentialAction":[{"@type":"ReadAction","target":["https:\/\/www.easly.nl\/fr\/test-de-sante-totale\/bilan-sanguin-hepatique\/"]}]},{"@type":"ImageObject","inLanguage":"fr-FR","@id":"https:\/\/www.easly.nl\/fr\/test-de-sante-totale\/bilan-sanguin-hepatique\/#primaryimage","url":"https:\/\/www.easly.nl\/wp-content\/uploads\/sites\/13\/2022\/09\/Easly-Leverfunctie-8720256100096.webp","contentUrl":"https:\/\/www.easly.nl\/wp-content\/uploads\/sites\/13\/2022\/09\/Easly-Leverfunctie-8720256100096.webp","width":1044,"height":804,"caption":"Leverfunctie test"},{"@type":"BreadcrumbList","@id":"https:\/\/www.easly.nl\/fr\/test-de-sante-totale\/bilan-sanguin-hepatique\/#breadcrumb","itemListElement":[{"@type":"ListItem","position":1,"name":"D'accueil","item":"https:\/\/www.easly.nl\/fr\/"},{"@type":"ListItem","position":2,"name":"Shop","item":"https:\/\/www.easly.nl\/fr\/shop\/"},{"@type":"ListItem","position":3,"name":"Fonction h\u00e9patique"}]},{"@type":"WebSite","@id":"https:\/\/www.easly.nl\/fr\/#website","url":"https:\/\/www.easly.nl\/fr\/","name":"Easly Shop","description":"Safe &amp; simple online COVID testing","publisher":{"@id":"https:\/\/www.easly.nl\/fr\/#organization"},"potentialAction":[{"@type":"SearchAction","target":{"@type":"EntryPoint","urlTemplate":"https:\/\/www.easly.nl\/fr\/?s={search_term_string}"},"query-input":{"@type":"PropertyValueSpecification","valueRequired":true,"valueName":"search_term_string"}}],"inLanguage":"fr-FR"},{"@type":"Organization","@id":"https:\/\/www.easly.nl\/fr\/#organization","name":"Easly.nl","url":"https:\/\/www.easly.nl\/fr\/","logo":{"@type":"ImageObject","inLanguage":"fr-FR","@id":"https:\/\/www.easly.nl\/fr\/#\/schema\/logo\/image\/","url":"https:\/\/www.easly.nl\/wp-content\/uploads\/sites\/13\/2022\/10\/easly_logoslogan_color.png","contentUrl":"https:\/\/www.easly.nl\/wp-content\/uploads\/sites\/13\/2022\/10\/easly_logoslogan_color.png","width":157,"height":38,"caption":"Easly.nl"},"image":{"@id":"https:\/\/www.easly.nl\/fr\/#\/schema\/logo\/image\/"}}]}},"_links":{"self":[{"href":"https:\/\/www.easly.nl\/fr\/wp-json\/wp\/v2\/product\/16746","targetHints":{"allow":["GET"]}}],"collection":[{"href":"https:\/\/www.easly.nl\/fr\/wp-json\/wp\/v2\/product"}],"about":[{"href":"https:\/\/www.easly.nl\/fr\/wp-json\/wp\/v2\/types\/product"}],"version-history":[{"count":2,"href":"https:\/\/www.easly.nl\/fr\/wp-json\/wp\/v2\/product\/16746\/revisions"}],"predecessor-version":[{"id":68035,"href":"https:\/\/www.easly.nl\/fr\/wp-json\/wp\/v2\/product\/16746\/revisions\/68035"}],"wp:featuredmedia":[{"embeddable":true,"href":"https:\/\/www.easly.nl\/fr\/wp-json\/wp\/v2\/media\/31769"}],"wp:attachment":[{"href":"https:\/\/www.easly.nl\/fr\/wp-json\/wp\/v2\/media?parent=16746"}],"wp:term":[{"taxonomy":"product_cat","embeddable":true,"href":"https:\/\/www.easly.nl\/fr\/wp-json\/wp\/v2\/product_cat?post=16746"},{"taxonomy":"product_tag","embeddable":true,"href":"https:\/\/www.easly.nl\/fr\/wp-json\/wp\/v2\/product_tag?post=16746"}],"curies":[{"name":"wp","href":"https:\/\/api.w.org\/{rel}","templated":true}]}}