{"id":16652,"date":"2022-09-22T17:22:51","date_gmt":"2023-02-06T14:52:55","guid":{"rendered":"https:\/\/www.easly.nl\/product\/test-du-statut-ferrique\/"},"modified":"2026-02-25T16:03:51","modified_gmt":"2026-02-25T15:03:51","slug":"ijzerstatus-test","status":"publish","type":"product","link":"https:\/\/www.easly.nl\/fr\/test-de-sante-totale\/fer-analyse-de-sang\/","title":{"rendered":"Fer"},"content":{"rendered":"<p><span style=\"font-weight: 400;\">Un manque en fer est une affection courante qui passe souvent inaper\u00e7ue et peut provoquer des sympt\u00f4mes tels que la fatigue, une diminution de l&#8217;app\u00e9tit et des troubles cognitifs. Si vous soup\u00e7onnez une carence en fer, vous pouvez facilement la tester avec un test de fer \u00e0 domicile d&#8217;Easly.<\/span><\/p>\n","protected":false},"excerpt":{"rendered":"<p>Des sympt\u00f4mes tels que la p\u00e2leur et la fatigue peuvent indiquer un manque de fer dans le sang. Le test de l&#8217;\u00e9tat du fer montre si c&#8217;est le cas.<\/p>\n","protected":false},"featured_media":31765,"template":"","meta":{"_acf_changed":false,"footnotes":""},"product_cat":[429,435],"product_tag":[2003],"class_list":{"0":"post-16652","1":"product","2":"type-product","3":"status-publish","4":"has-post-thumbnail","6":"product_cat-sante-generale","7":"product_cat-non-classe","8":"product_tag-maintenant-a-prix-reduit","10":"first","11":"instock","12":"sale","13":"taxable","14":"shipping-taxable","15":"purchasable","16":"product-type-simple"},"acf":[],"yoast_head":"<!-- This site is optimized with the Yoast SEO plugin v24.3 - https:\/\/yoast.com\/wordpress\/plugins\/seo\/ -->\n<title>Auto test de fer \u00e0 domicile: surveillance pratique et fiable pour une sant\u00e9 optimale<\/title>\n<meta name=\"description\" content=\"Suivez vos taux de fer en tout confort de votre propre maison gr\u00e2ce \u00e0 notre kit de test de fer \u00e0 domicile fiable et convivial. Obtenez une image compl\u00e8te de vos niveaux de fer.\" \/>\n<meta name=\"robots\" content=\"index, follow, max-snippet:-1, max-image-preview:large, max-video-preview:-1\" \/>\n<link rel=\"canonical\" href=\"https:\/\/www.easly.nl\/fr\/test-de-sante-totale\/fer-analyse-de-sang\/\" \/>\n<meta property=\"og:locale\" content=\"fr_FR\" \/>\n<meta property=\"og:type\" content=\"article\" \/>\n<meta property=\"og:title\" content=\"Auto test de fer \u00e0 domicile: surveillance pratique et fiable pour une sant\u00e9 optimale\" \/>\n<meta property=\"og:description\" content=\"Suivez vos taux de fer en tout confort de votre propre maison gr\u00e2ce \u00e0 notre kit de test de fer \u00e0 domicile fiable et convivial. Obtenez une image compl\u00e8te de vos niveaux de fer.\" \/>\n<meta property=\"og:url\" content=\"https:\/\/www.easly.nl\/fr\/test-de-sante-totale\/fer-analyse-de-sang\/\" \/>\n<meta property=\"og:site_name\" content=\"Easly Shop\" \/>\n<meta property=\"article:modified_time\" content=\"2026-02-25T15:03:51+00:00\" \/>\n<meta property=\"og:image\" content=\"https:\/\/www.easly.nl\/wp-content\/uploads\/sites\/13\/2022\/09\/Easly-Ijzerstatus-8720256100102.webp\" \/>\n\t<meta property=\"og:image:width\" content=\"1044\" \/>\n\t<meta property=\"og:image:height\" content=\"804\" \/>\n\t<meta property=\"og:image:type\" content=\"image\/webp\" \/>\n<meta name=\"twitter:card\" content=\"summary_large_image\" \/>\n<script type=\"application\/ld+json\" class=\"yoast-schema-graph\">{\"@context\":\"https:\/\/schema.org\",\"@graph\":[{\"@type\":\"WebPage\",\"@id\":\"https:\/\/www.easly.nl\/fr\/test-de-sante-totale\/fer-analyse-de-sang\/\",\"url\":\"https:\/\/www.easly.nl\/fr\/test-de-sante-totale\/fer-analyse-de-sang\/\",\"name\":\"Auto test de fer \u00e0 domicile: surveillance pratique et fiable pour une sant\u00e9 optimale\",\"isPartOf\":{\"@id\":\"https:\/\/www.easly.nl\/fr\/#website\"},\"primaryImageOfPage\":{\"@id\":\"https:\/\/www.easly.nl\/fr\/test-de-sante-totale\/fer-analyse-de-sang\/#primaryimage\"},\"image\":{\"@id\":\"https:\/\/www.easly.nl\/fr\/test-de-sante-totale\/fer-analyse-de-sang\/#primaryimage\"},\"thumbnailUrl\":\"https:\/\/www.easly.nl\/wp-content\/uploads\/sites\/13\/2022\/09\/Easly-Ijzerstatus-8720256100102.webp\",\"datePublished\":\"2023-02-06T14:52:55+00:00\",\"dateModified\":\"2026-02-25T15:03:51+00:00\",\"description\":\"Suivez vos taux de fer en tout confort de votre propre maison gr\u00e2ce \u00e0 notre kit de test de fer \u00e0 domicile fiable et convivial. Obtenez une image compl\u00e8te de vos niveaux de fer.\",\"breadcrumb\":{\"@id\":\"https:\/\/www.easly.nl\/fr\/test-de-sante-totale\/fer-analyse-de-sang\/#breadcrumb\"},\"inLanguage\":\"fr-FR\",\"potentialAction\":[{\"@type\":\"ReadAction\",\"target\":[\"https:\/\/www.easly.nl\/fr\/test-de-sante-totale\/fer-analyse-de-sang\/\"]}]},{\"@type\":\"ImageObject\",\"inLanguage\":\"fr-FR\",\"@id\":\"https:\/\/www.easly.nl\/fr\/test-de-sante-totale\/fer-analyse-de-sang\/#primaryimage\",\"url\":\"https:\/\/www.easly.nl\/wp-content\/uploads\/sites\/13\/2022\/09\/Easly-Ijzerstatus-8720256100102.webp\",\"contentUrl\":\"https:\/\/www.easly.nl\/wp-content\/uploads\/sites\/13\/2022\/09\/Easly-Ijzerstatus-8720256100102.webp\",\"width\":1044,\"height\":804,\"caption\":\"IJzerstatus test\"},{\"@type\":\"BreadcrumbList\",\"@id\":\"https:\/\/www.easly.nl\/fr\/test-de-sante-totale\/fer-analyse-de-sang\/#breadcrumb\",\"itemListElement\":[{\"@type\":\"ListItem\",\"position\":1,\"name\":\"D'accueil\",\"item\":\"https:\/\/www.easly.nl\/fr\/\"},{\"@type\":\"ListItem\",\"position\":2,\"name\":\"Shop\",\"item\":\"https:\/\/www.easly.nl\/fr\/shop\/\"},{\"@type\":\"ListItem\",\"position\":3,\"name\":\"Fer\"}]},{\"@type\":\"WebSite\",\"@id\":\"https:\/\/www.easly.nl\/fr\/#website\",\"url\":\"https:\/\/www.easly.nl\/fr\/\",\"name\":\"Easly Shop\",\"description\":\"Safe &amp; simple online COVID testing\",\"publisher\":{\"@id\":\"https:\/\/www.easly.nl\/fr\/#organization\"},\"potentialAction\":[{\"@type\":\"SearchAction\",\"target\":{\"@type\":\"EntryPoint\",\"urlTemplate\":\"https:\/\/www.easly.nl\/fr\/?s={search_term_string}\"},\"query-input\":{\"@type\":\"PropertyValueSpecification\",\"valueRequired\":true,\"valueName\":\"search_term_string\"}}],\"inLanguage\":\"fr-FR\"},{\"@type\":\"Organization\",\"@id\":\"https:\/\/www.easly.nl\/fr\/#organization\",\"name\":\"Easly.nl\",\"url\":\"https:\/\/www.easly.nl\/fr\/\",\"logo\":{\"@type\":\"ImageObject\",\"inLanguage\":\"fr-FR\",\"@id\":\"https:\/\/www.easly.nl\/fr\/#\/schema\/logo\/image\/\",\"url\":\"https:\/\/www.easly.nl\/wp-content\/uploads\/sites\/13\/2022\/10\/easly_logoslogan_color.png\",\"contentUrl\":\"https:\/\/www.easly.nl\/wp-content\/uploads\/sites\/13\/2022\/10\/easly_logoslogan_color.png\",\"width\":157,\"height\":38,\"caption\":\"Easly.nl\"},\"image\":{\"@id\":\"https:\/\/www.easly.nl\/fr\/#\/schema\/logo\/image\/\"}}]}<\/script>\n<!-- \/ Yoast SEO plugin. -->","yoast_head_json":{"title":"Auto test de fer \u00e0 domicile: surveillance pratique et fiable pour une sant\u00e9 optimale","description":"Suivez vos taux de fer en tout confort de votre propre maison gr\u00e2ce \u00e0 notre kit de test de fer \u00e0 domicile fiable et convivial. Obtenez une image compl\u00e8te de vos niveaux de fer.","robots":{"index":"index","follow":"follow","max-snippet":"max-snippet:-1","max-image-preview":"max-image-preview:large","max-video-preview":"max-video-preview:-1"},"canonical":"https:\/\/www.easly.nl\/fr\/test-de-sante-totale\/fer-analyse-de-sang\/","og_locale":"fr_FR","og_type":"article","og_title":"Auto test de fer \u00e0 domicile: surveillance pratique et fiable pour une sant\u00e9 optimale","og_description":"Suivez vos taux de fer en tout confort de votre propre maison gr\u00e2ce \u00e0 notre kit de test de fer \u00e0 domicile fiable et convivial. Obtenez une image compl\u00e8te de vos niveaux de fer.","og_url":"https:\/\/www.easly.nl\/fr\/test-de-sante-totale\/fer-analyse-de-sang\/","og_site_name":"Easly Shop","article_modified_time":"2026-02-25T15:03:51+00:00","og_image":[{"width":1044,"height":804,"url":"https:\/\/www.easly.nl\/wp-content\/uploads\/sites\/13\/2022\/09\/Easly-Ijzerstatus-8720256100102.webp","type":"image\/webp"}],"twitter_card":"summary_large_image","schema":{"@context":"https:\/\/schema.org","@graph":[{"@type":"WebPage","@id":"https:\/\/www.easly.nl\/fr\/test-de-sante-totale\/fer-analyse-de-sang\/","url":"https:\/\/www.easly.nl\/fr\/test-de-sante-totale\/fer-analyse-de-sang\/","name":"Auto test de fer \u00e0 domicile: surveillance pratique et fiable pour une sant\u00e9 optimale","isPartOf":{"@id":"https:\/\/www.easly.nl\/fr\/#website"},"primaryImageOfPage":{"@id":"https:\/\/www.easly.nl\/fr\/test-de-sante-totale\/fer-analyse-de-sang\/#primaryimage"},"image":{"@id":"https:\/\/www.easly.nl\/fr\/test-de-sante-totale\/fer-analyse-de-sang\/#primaryimage"},"thumbnailUrl":"https:\/\/www.easly.nl\/wp-content\/uploads\/sites\/13\/2022\/09\/Easly-Ijzerstatus-8720256100102.webp","datePublished":"2023-02-06T14:52:55+00:00","dateModified":"2026-02-25T15:03:51+00:00","description":"Suivez vos taux de fer en tout confort de votre propre maison gr\u00e2ce \u00e0 notre kit de test de fer \u00e0 domicile fiable et convivial. Obtenez une image compl\u00e8te de vos niveaux de fer.","breadcrumb":{"@id":"https:\/\/www.easly.nl\/fr\/test-de-sante-totale\/fer-analyse-de-sang\/#breadcrumb"},"inLanguage":"fr-FR","potentialAction":[{"@type":"ReadAction","target":["https:\/\/www.easly.nl\/fr\/test-de-sante-totale\/fer-analyse-de-sang\/"]}]},{"@type":"ImageObject","inLanguage":"fr-FR","@id":"https:\/\/www.easly.nl\/fr\/test-de-sante-totale\/fer-analyse-de-sang\/#primaryimage","url":"https:\/\/www.easly.nl\/wp-content\/uploads\/sites\/13\/2022\/09\/Easly-Ijzerstatus-8720256100102.webp","contentUrl":"https:\/\/www.easly.nl\/wp-content\/uploads\/sites\/13\/2022\/09\/Easly-Ijzerstatus-8720256100102.webp","width":1044,"height":804,"caption":"IJzerstatus test"},{"@type":"BreadcrumbList","@id":"https:\/\/www.easly.nl\/fr\/test-de-sante-totale\/fer-analyse-de-sang\/#breadcrumb","itemListElement":[{"@type":"ListItem","position":1,"name":"D'accueil","item":"https:\/\/www.easly.nl\/fr\/"},{"@type":"ListItem","position":2,"name":"Shop","item":"https:\/\/www.easly.nl\/fr\/shop\/"},{"@type":"ListItem","position":3,"name":"Fer"}]},{"@type":"WebSite","@id":"https:\/\/www.easly.nl\/fr\/#website","url":"https:\/\/www.easly.nl\/fr\/","name":"Easly Shop","description":"Safe &amp; simple online COVID testing","publisher":{"@id":"https:\/\/www.easly.nl\/fr\/#organization"},"potentialAction":[{"@type":"SearchAction","target":{"@type":"EntryPoint","urlTemplate":"https:\/\/www.easly.nl\/fr\/?s={search_term_string}"},"query-input":{"@type":"PropertyValueSpecification","valueRequired":true,"valueName":"search_term_string"}}],"inLanguage":"fr-FR"},{"@type":"Organization","@id":"https:\/\/www.easly.nl\/fr\/#organization","name":"Easly.nl","url":"https:\/\/www.easly.nl\/fr\/","logo":{"@type":"ImageObject","inLanguage":"fr-FR","@id":"https:\/\/www.easly.nl\/fr\/#\/schema\/logo\/image\/","url":"https:\/\/www.easly.nl\/wp-content\/uploads\/sites\/13\/2022\/10\/easly_logoslogan_color.png","contentUrl":"https:\/\/www.easly.nl\/wp-content\/uploads\/sites\/13\/2022\/10\/easly_logoslogan_color.png","width":157,"height":38,"caption":"Easly.nl"},"image":{"@id":"https:\/\/www.easly.nl\/fr\/#\/schema\/logo\/image\/"}}]}},"_links":{"self":[{"href":"https:\/\/www.easly.nl\/fr\/wp-json\/wp\/v2\/product\/16652","targetHints":{"allow":["GET"]}}],"collection":[{"href":"https:\/\/www.easly.nl\/fr\/wp-json\/wp\/v2\/product"}],"about":[{"href":"https:\/\/www.easly.nl\/fr\/wp-json\/wp\/v2\/types\/product"}],"version-history":[{"count":2,"href":"https:\/\/www.easly.nl\/fr\/wp-json\/wp\/v2\/product\/16652\/revisions"}],"predecessor-version":[{"id":69206,"href":"https:\/\/www.easly.nl\/fr\/wp-json\/wp\/v2\/product\/16652\/revisions\/69206"}],"wp:featuredmedia":[{"embeddable":true,"href":"https:\/\/www.easly.nl\/fr\/wp-json\/wp\/v2\/media\/31765"}],"wp:attachment":[{"href":"https:\/\/www.easly.nl\/fr\/wp-json\/wp\/v2\/media?parent=16652"}],"wp:term":[{"taxonomy":"product_cat","embeddable":true,"href":"https:\/\/www.easly.nl\/fr\/wp-json\/wp\/v2\/product_cat?post=16652"},{"taxonomy":"product_tag","embeddable":true,"href":"https:\/\/www.easly.nl\/fr\/wp-json\/wp\/v2\/product_tag?post=16652"}],"curies":[{"name":"wp","href":"https:\/\/api.w.org\/{rel}","templated":true}]}}