{"id":16651,"date":"2022-09-22T17:23:57","date_gmt":"2023-02-06T14:52:04","guid":{"rendered":"https:\/\/www.easly.nl\/product\/lautotest-dhemoglobine\/"},"modified":"2025-07-06T20:18:50","modified_gmt":"2025-07-06T19:18:50","slug":"hemoglobine-zelftest","status":"publish","type":"product","link":"https:\/\/www.easly.nl\/fr\/test-de-sante-totale\/hemoglobine-prise-de-sang\/","title":{"rendered":"H\u00e9moglobine"},"content":{"rendered":"<p><span style=\"font-weight: 400\">L&#8217;h\u00e9moglobine (Hb, Hgb) est une prot\u00e9ine vitale qui fait partie int\u00e9grante du globule rouge, chaque globule rouge contenant plus de 200 millions de prot\u00e9ines d&#8217;h\u00e9moglobine. Lors des tests sanguins Hgb, l&#8217;h\u00e9moglobine est toujours examin\u00e9e lorsqu&#8217;il existe un risque d&#8217;an\u00e9mie. Cette prot\u00e9ine est responsable du transport de l&#8217;oxyg\u00e8ne dans le sang et est essentielle au bon fonctionnement des organes du corps.<\/span><\/p>\n<p><span style=\"font-weight: 400\">Avec<\/span><span style=\"font-weight: 400\"> la prise de sang d&#8217;h\u00e9moglobine<\/span><span style=\"font-weight: 400\"> d&#8217;Easly, vous pouvez mesurer facilement et commod\u00e9ment votre taux d&#8217;h\u00e9moglobine sans avoir \u00e0 vous rendre \u00e0 l&#8217;h\u00f4pital pour une prise de sang. Au lieu de cela, une simple piq\u00fbre au doigt suffit. Apr\u00e8s nous avoir envoy\u00e9 votre \u00e9chantillon de sang, nous v\u00e9rifierons s&#8217;il y a suffisamment d&#8217;h\u00e9moglobine dans votre sang. La r\u00e9alisation d&#8217;un test d&#8217;h\u00e9moglobine \u00e0 domicile peut vous aider de mani\u00e8re significative \u00e0 maintenir le bon fonctionnement des organes et votre \u00e9tat de sant\u00e9 g\u00e9n\u00e9ral.<\/span><\/p>\n","protected":false},"excerpt":{"rendered":"<p>L&#8217;h\u00e9moglobine est responsable du transport de l&#8217;oxyg\u00e8ne dans votre sang. Testez votre niveau d&#8217;Hb pour voir si vous \u00eates an\u00e9mique. Des r\u00e9sultats rapides dans l&#8217;application Easy.<\/p>\n","protected":false},"featured_media":31761,"template":"","meta":{"_acf_changed":false,"footnotes":""},"product_cat":[429,435],"product_tag":[867],"class_list":{"0":"post-16651","1":"product","2":"type-product","3":"status-publish","4":"has-post-thumbnail","6":"product_cat-sante-generale","7":"product_cat-non-classe","8":"product_tag-interpretation-et-conseils-medicaux","10":"first","11":"instock","12":"taxable","13":"shipping-taxable","14":"purchasable","15":"product-type-simple"},"acf":[],"yoast_head":"<!-- This site is optimized with the Yoast SEO plugin v24.3 - https:\/\/yoast.com\/wordpress\/plugins\/seo\/ -->\n<title>Contr\u00f4lez facilement vos niveaux de fer gr\u00e2ce \u00e0 notre test d&#039;h\u00e9moglobine \u00e0 domicile<\/title>\n<meta name=\"description\" content=\"Surveillez facilement votre taux de fer dans le confort de votre foyer gr\u00e2ce \u00e0 notre prise de sang d&#039;h\u00e9moglobine (Hb) \u00e0 domicile. Restez proactif et d\u00e9tectez les probl\u00e8mes potentiels d\u00e8s le d\u00e9but.\" \/>\n<meta name=\"robots\" content=\"index, follow, max-snippet:-1, max-image-preview:large, max-video-preview:-1\" \/>\n<link rel=\"canonical\" href=\"https:\/\/www.easly.nl\/fr\/test-de-sante-totale\/hemoglobine-prise-de-sang\/\" \/>\n<meta property=\"og:locale\" content=\"fr_FR\" \/>\n<meta property=\"og:type\" content=\"article\" \/>\n<meta property=\"og:title\" content=\"Contr\u00f4lez facilement vos niveaux de fer gr\u00e2ce \u00e0 notre test d&#039;h\u00e9moglobine \u00e0 domicile\" \/>\n<meta property=\"og:description\" content=\"Surveillez facilement votre taux de fer dans le confort de votre foyer gr\u00e2ce \u00e0 notre prise de sang d&#039;h\u00e9moglobine (Hb) \u00e0 domicile. Restez proactif et d\u00e9tectez les probl\u00e8mes potentiels d\u00e8s le d\u00e9but.\" \/>\n<meta property=\"og:url\" content=\"https:\/\/www.easly.nl\/fr\/test-de-sante-totale\/hemoglobine-prise-de-sang\/\" \/>\n<meta property=\"og:site_name\" content=\"Easly Shop\" \/>\n<meta property=\"article:modified_time\" content=\"2025-07-06T19:18:50+00:00\" \/>\n<meta property=\"og:image\" content=\"https:\/\/www.easly.nl\/wp-content\/uploads\/sites\/13\/2022\/09\/Easly-Hemoglobine-8720256100119.webp\" \/>\n\t<meta property=\"og:image:width\" content=\"1044\" \/>\n\t<meta property=\"og:image:height\" content=\"804\" \/>\n\t<meta property=\"og:image:type\" content=\"image\/webp\" \/>\n<meta name=\"twitter:card\" content=\"summary_large_image\" \/>\n<meta name=\"twitter:label1\" content=\"Dur\u00e9e de lecture estim\u00e9e\" \/>\n\t<meta name=\"twitter:data1\" content=\"1 minute\" \/>\n<script type=\"application\/ld+json\" class=\"yoast-schema-graph\">{\"@context\":\"https:\/\/schema.org\",\"@graph\":[{\"@type\":\"WebPage\",\"@id\":\"https:\/\/www.easly.nl\/fr\/test-de-sante-totale\/hemoglobine-prise-de-sang\/\",\"url\":\"https:\/\/www.easly.nl\/fr\/test-de-sante-totale\/hemoglobine-prise-de-sang\/\",\"name\":\"Contr\u00f4lez facilement vos niveaux de fer gr\u00e2ce \u00e0 notre test d'h\u00e9moglobine \u00e0 domicile\",\"isPartOf\":{\"@id\":\"https:\/\/www.easly.nl\/fr\/#website\"},\"primaryImageOfPage\":{\"@id\":\"https:\/\/www.easly.nl\/fr\/test-de-sante-totale\/hemoglobine-prise-de-sang\/#primaryimage\"},\"image\":{\"@id\":\"https:\/\/www.easly.nl\/fr\/test-de-sante-totale\/hemoglobine-prise-de-sang\/#primaryimage\"},\"thumbnailUrl\":\"https:\/\/www.easly.nl\/wp-content\/uploads\/sites\/13\/2022\/09\/Easly-Hemoglobine-8720256100119.webp\",\"datePublished\":\"2023-02-06T14:52:04+00:00\",\"dateModified\":\"2025-07-06T19:18:50+00:00\",\"description\":\"Surveillez facilement votre taux de fer dans le confort de votre foyer gr\u00e2ce \u00e0 notre prise de sang d'h\u00e9moglobine (Hb) \u00e0 domicile. Restez proactif et d\u00e9tectez les probl\u00e8mes potentiels d\u00e8s le d\u00e9but.\",\"breadcrumb\":{\"@id\":\"https:\/\/www.easly.nl\/fr\/test-de-sante-totale\/hemoglobine-prise-de-sang\/#breadcrumb\"},\"inLanguage\":\"fr-FR\",\"potentialAction\":[{\"@type\":\"ReadAction\",\"target\":[\"https:\/\/www.easly.nl\/fr\/test-de-sante-totale\/hemoglobine-prise-de-sang\/\"]}]},{\"@type\":\"ImageObject\",\"inLanguage\":\"fr-FR\",\"@id\":\"https:\/\/www.easly.nl\/fr\/test-de-sante-totale\/hemoglobine-prise-de-sang\/#primaryimage\",\"url\":\"https:\/\/www.easly.nl\/wp-content\/uploads\/sites\/13\/2022\/09\/Easly-Hemoglobine-8720256100119.webp\",\"contentUrl\":\"https:\/\/www.easly.nl\/wp-content\/uploads\/sites\/13\/2022\/09\/Easly-Hemoglobine-8720256100119.webp\",\"width\":1044,\"height\":804,\"caption\":\"Hemoglobine test\"},{\"@type\":\"BreadcrumbList\",\"@id\":\"https:\/\/www.easly.nl\/fr\/test-de-sante-totale\/hemoglobine-prise-de-sang\/#breadcrumb\",\"itemListElement\":[{\"@type\":\"ListItem\",\"position\":1,\"name\":\"D'accueil\",\"item\":\"https:\/\/www.easly.nl\/fr\/\"},{\"@type\":\"ListItem\",\"position\":2,\"name\":\"Shop\",\"item\":\"https:\/\/www.easly.nl\/fr\/shop\/\"},{\"@type\":\"ListItem\",\"position\":3,\"name\":\"H\u00e9moglobine\"}]},{\"@type\":\"WebSite\",\"@id\":\"https:\/\/www.easly.nl\/fr\/#website\",\"url\":\"https:\/\/www.easly.nl\/fr\/\",\"name\":\"Easly Shop\",\"description\":\"Safe &amp; simple online COVID testing\",\"publisher\":{\"@id\":\"https:\/\/www.easly.nl\/fr\/#organization\"},\"potentialAction\":[{\"@type\":\"SearchAction\",\"target\":{\"@type\":\"EntryPoint\",\"urlTemplate\":\"https:\/\/www.easly.nl\/fr\/?s={search_term_string}\"},\"query-input\":{\"@type\":\"PropertyValueSpecification\",\"valueRequired\":true,\"valueName\":\"search_term_string\"}}],\"inLanguage\":\"fr-FR\"},{\"@type\":\"Organization\",\"@id\":\"https:\/\/www.easly.nl\/fr\/#organization\",\"name\":\"Easly.nl\",\"url\":\"https:\/\/www.easly.nl\/fr\/\",\"logo\":{\"@type\":\"ImageObject\",\"inLanguage\":\"fr-FR\",\"@id\":\"https:\/\/www.easly.nl\/fr\/#\/schema\/logo\/image\/\",\"url\":\"https:\/\/www.easly.nl\/wp-content\/uploads\/sites\/13\/2022\/10\/easly_logoslogan_color.png\",\"contentUrl\":\"https:\/\/www.easly.nl\/wp-content\/uploads\/sites\/13\/2022\/10\/easly_logoslogan_color.png\",\"width\":157,\"height\":38,\"caption\":\"Easly.nl\"},\"image\":{\"@id\":\"https:\/\/www.easly.nl\/fr\/#\/schema\/logo\/image\/\"}}]}<\/script>\n<!-- \/ Yoast SEO plugin. -->","yoast_head_json":{"title":"Contr\u00f4lez facilement vos niveaux de fer gr\u00e2ce \u00e0 notre test d'h\u00e9moglobine \u00e0 domicile","description":"Surveillez facilement votre taux de fer dans le confort de votre foyer gr\u00e2ce \u00e0 notre prise de sang d'h\u00e9moglobine (Hb) \u00e0 domicile. Restez proactif et d\u00e9tectez les probl\u00e8mes potentiels d\u00e8s le d\u00e9but.","robots":{"index":"index","follow":"follow","max-snippet":"max-snippet:-1","max-image-preview":"max-image-preview:large","max-video-preview":"max-video-preview:-1"},"canonical":"https:\/\/www.easly.nl\/fr\/test-de-sante-totale\/hemoglobine-prise-de-sang\/","og_locale":"fr_FR","og_type":"article","og_title":"Contr\u00f4lez facilement vos niveaux de fer gr\u00e2ce \u00e0 notre test d'h\u00e9moglobine \u00e0 domicile","og_description":"Surveillez facilement votre taux de fer dans le confort de votre foyer gr\u00e2ce \u00e0 notre prise de sang d'h\u00e9moglobine (Hb) \u00e0 domicile. Restez proactif et d\u00e9tectez les probl\u00e8mes potentiels d\u00e8s le d\u00e9but.","og_url":"https:\/\/www.easly.nl\/fr\/test-de-sante-totale\/hemoglobine-prise-de-sang\/","og_site_name":"Easly Shop","article_modified_time":"2025-07-06T19:18:50+00:00","og_image":[{"width":1044,"height":804,"url":"https:\/\/www.easly.nl\/wp-content\/uploads\/sites\/13\/2022\/09\/Easly-Hemoglobine-8720256100119.webp","type":"image\/webp"}],"twitter_card":"summary_large_image","twitter_misc":{"Dur\u00e9e de lecture estim\u00e9e":"1 minute"},"schema":{"@context":"https:\/\/schema.org","@graph":[{"@type":"WebPage","@id":"https:\/\/www.easly.nl\/fr\/test-de-sante-totale\/hemoglobine-prise-de-sang\/","url":"https:\/\/www.easly.nl\/fr\/test-de-sante-totale\/hemoglobine-prise-de-sang\/","name":"Contr\u00f4lez facilement vos niveaux de fer gr\u00e2ce \u00e0 notre test d'h\u00e9moglobine \u00e0 domicile","isPartOf":{"@id":"https:\/\/www.easly.nl\/fr\/#website"},"primaryImageOfPage":{"@id":"https:\/\/www.easly.nl\/fr\/test-de-sante-totale\/hemoglobine-prise-de-sang\/#primaryimage"},"image":{"@id":"https:\/\/www.easly.nl\/fr\/test-de-sante-totale\/hemoglobine-prise-de-sang\/#primaryimage"},"thumbnailUrl":"https:\/\/www.easly.nl\/wp-content\/uploads\/sites\/13\/2022\/09\/Easly-Hemoglobine-8720256100119.webp","datePublished":"2023-02-06T14:52:04+00:00","dateModified":"2025-07-06T19:18:50+00:00","description":"Surveillez facilement votre taux de fer dans le confort de votre foyer gr\u00e2ce \u00e0 notre prise de sang d'h\u00e9moglobine (Hb) \u00e0 domicile. Restez proactif et d\u00e9tectez les probl\u00e8mes potentiels d\u00e8s le d\u00e9but.","breadcrumb":{"@id":"https:\/\/www.easly.nl\/fr\/test-de-sante-totale\/hemoglobine-prise-de-sang\/#breadcrumb"},"inLanguage":"fr-FR","potentialAction":[{"@type":"ReadAction","target":["https:\/\/www.easly.nl\/fr\/test-de-sante-totale\/hemoglobine-prise-de-sang\/"]}]},{"@type":"ImageObject","inLanguage":"fr-FR","@id":"https:\/\/www.easly.nl\/fr\/test-de-sante-totale\/hemoglobine-prise-de-sang\/#primaryimage","url":"https:\/\/www.easly.nl\/wp-content\/uploads\/sites\/13\/2022\/09\/Easly-Hemoglobine-8720256100119.webp","contentUrl":"https:\/\/www.easly.nl\/wp-content\/uploads\/sites\/13\/2022\/09\/Easly-Hemoglobine-8720256100119.webp","width":1044,"height":804,"caption":"Hemoglobine test"},{"@type":"BreadcrumbList","@id":"https:\/\/www.easly.nl\/fr\/test-de-sante-totale\/hemoglobine-prise-de-sang\/#breadcrumb","itemListElement":[{"@type":"ListItem","position":1,"name":"D'accueil","item":"https:\/\/www.easly.nl\/fr\/"},{"@type":"ListItem","position":2,"name":"Shop","item":"https:\/\/www.easly.nl\/fr\/shop\/"},{"@type":"ListItem","position":3,"name":"H\u00e9moglobine"}]},{"@type":"WebSite","@id":"https:\/\/www.easly.nl\/fr\/#website","url":"https:\/\/www.easly.nl\/fr\/","name":"Easly Shop","description":"Safe &amp; simple online COVID testing","publisher":{"@id":"https:\/\/www.easly.nl\/fr\/#organization"},"potentialAction":[{"@type":"SearchAction","target":{"@type":"EntryPoint","urlTemplate":"https:\/\/www.easly.nl\/fr\/?s={search_term_string}"},"query-input":{"@type":"PropertyValueSpecification","valueRequired":true,"valueName":"search_term_string"}}],"inLanguage":"fr-FR"},{"@type":"Organization","@id":"https:\/\/www.easly.nl\/fr\/#organization","name":"Easly.nl","url":"https:\/\/www.easly.nl\/fr\/","logo":{"@type":"ImageObject","inLanguage":"fr-FR","@id":"https:\/\/www.easly.nl\/fr\/#\/schema\/logo\/image\/","url":"https:\/\/www.easly.nl\/wp-content\/uploads\/sites\/13\/2022\/10\/easly_logoslogan_color.png","contentUrl":"https:\/\/www.easly.nl\/wp-content\/uploads\/sites\/13\/2022\/10\/easly_logoslogan_color.png","width":157,"height":38,"caption":"Easly.nl"},"image":{"@id":"https:\/\/www.easly.nl\/fr\/#\/schema\/logo\/image\/"}}]}},"_links":{"self":[{"href":"https:\/\/www.easly.nl\/fr\/wp-json\/wp\/v2\/product\/16651","targetHints":{"allow":["GET"]}}],"collection":[{"href":"https:\/\/www.easly.nl\/fr\/wp-json\/wp\/v2\/product"}],"about":[{"href":"https:\/\/www.easly.nl\/fr\/wp-json\/wp\/v2\/types\/product"}],"version-history":[{"count":1,"href":"https:\/\/www.easly.nl\/fr\/wp-json\/wp\/v2\/product\/16651\/revisions"}],"predecessor-version":[{"id":65539,"href":"https:\/\/www.easly.nl\/fr\/wp-json\/wp\/v2\/product\/16651\/revisions\/65539"}],"wp:featuredmedia":[{"embeddable":true,"href":"https:\/\/www.easly.nl\/fr\/wp-json\/wp\/v2\/media\/31761"}],"wp:attachment":[{"href":"https:\/\/www.easly.nl\/fr\/wp-json\/wp\/v2\/media?parent=16651"}],"wp:term":[{"taxonomy":"product_cat","embeddable":true,"href":"https:\/\/www.easly.nl\/fr\/wp-json\/wp\/v2\/product_cat?post=16651"},{"taxonomy":"product_tag","embeddable":true,"href":"https:\/\/www.easly.nl\/fr\/wp-json\/wp\/v2\/product_tag?post=16651"}],"curies":[{"name":"wp","href":"https:\/\/api.w.org\/{rel}","templated":true}]}}