{"id":16650,"date":"2022-09-22T17:24:47","date_gmt":"2023-02-06T14:51:01","guid":{"rendered":"https:\/\/www.easly.nl\/product\/test-sanguin-general-et-complet\/"},"modified":"2025-07-06T19:34:53","modified_gmt":"2025-07-06T18:34:53","slug":"algemeen-uitgebreid-bloedonderzoek","status":"publish","type":"product","link":"https:\/\/www.easly.nl\/fr\/test-de-sante-totale\/bilan-sanguin-complet\/","title":{"rendered":"Sant\u00e9 g\u00e9n\u00e9rale"},"content":{"rendered":"<p><span style=\"font-weight: 400\">Avec ce test de sant\u00e9, vous obtenez un bilan <\/span><span style=\"font-weight: 400\">sanguin complet <\/span><span style=\"font-weight: 400\">en un rien de temps. Dans ce r\u00e9sum\u00e9, les valeurs de toutes les cellules sanguines importantes et les d\u00e9terminations associ\u00e9es sont affich\u00e9es, vous donnant une impression imm\u00e9diate et claire de votre \u00e9tat de sant\u00e9 g\u00e9n\u00e9ral<\/span><\/p>\n","protected":false},"excerpt":{"rendered":"<p>Obtenez un aper\u00e7u de votre risque de maladie cardiovasculaire et testez le cholest\u00e9rol, la cr\u00e9atinine et les triglyc\u00e9rides, entre autres. Avec des r\u00e9sultats en ligne rapides.<\/p>\n","protected":false},"featured_media":31757,"template":"","meta":{"_acf_changed":false,"footnotes":""},"product_cat":[429,435],"product_tag":[867],"class_list":{"0":"post-16650","1":"product","2":"type-product","3":"status-publish","4":"has-post-thumbnail","6":"product_cat-sante-generale","7":"product_cat-non-classe","8":"product_tag-interpretation-et-conseils-medicaux","10":"first","11":"instock","12":"taxable","13":"shipping-taxable","14":"purchasable","15":"product-type-simple"},"acf":[],"yoast_head":"<!-- This site is optimized with the Yoast SEO plugin v24.3 - https:\/\/yoast.com\/wordpress\/plugins\/seo\/ -->\n<title>Votre sant\u00e9 entre vos mains : Bilan sanguin complet \u00e0 domicile<\/title>\n<meta name=\"description\" content=\"Surveillez facilement les param\u00e8tres sanguins essentiels et prenez des d\u00e9cisions \u00e9clair\u00e9es gr\u00e2ce \u00e0 notre prise de sang g\u00e9n\u00e9ral \u00e0 domicile.\" \/>\n<meta name=\"robots\" content=\"index, follow, max-snippet:-1, max-image-preview:large, max-video-preview:-1\" \/>\n<link rel=\"canonical\" href=\"https:\/\/www.easly.nl\/fr\/test-de-sante-totale\/bilan-sanguin-complet\/\" \/>\n<meta property=\"og:locale\" content=\"fr_FR\" \/>\n<meta property=\"og:type\" content=\"article\" \/>\n<meta property=\"og:title\" content=\"Votre sant\u00e9 entre vos mains : Bilan sanguin complet \u00e0 domicile\" \/>\n<meta property=\"og:description\" content=\"Surveillez facilement les param\u00e8tres sanguins essentiels et prenez des d\u00e9cisions \u00e9clair\u00e9es gr\u00e2ce \u00e0 notre prise de sang g\u00e9n\u00e9ral \u00e0 domicile.\" \/>\n<meta property=\"og:url\" content=\"https:\/\/www.easly.nl\/fr\/test-de-sante-totale\/bilan-sanguin-complet\/\" \/>\n<meta property=\"og:site_name\" content=\"Easly Shop\" \/>\n<meta property=\"article:modified_time\" content=\"2025-07-06T18:34:53+00:00\" \/>\n<meta property=\"og:image\" content=\"https:\/\/www.easly.nl\/wp-content\/uploads\/sites\/13\/2022\/09\/Easly-Bloedbeeld-8720256100126.webp\" \/>\n\t<meta property=\"og:image:width\" content=\"1044\" \/>\n\t<meta property=\"og:image:height\" content=\"804\" \/>\n\t<meta property=\"og:image:type\" content=\"image\/webp\" \/>\n<meta name=\"twitter:card\" content=\"summary_large_image\" \/>\n<script type=\"application\/ld+json\" class=\"yoast-schema-graph\">{\"@context\":\"https:\/\/schema.org\",\"@graph\":[{\"@type\":\"WebPage\",\"@id\":\"https:\/\/www.easly.nl\/fr\/test-de-sante-totale\/bilan-sanguin-complet\/\",\"url\":\"https:\/\/www.easly.nl\/fr\/test-de-sante-totale\/bilan-sanguin-complet\/\",\"name\":\"Votre sant\u00e9 entre vos mains : Bilan sanguin complet \u00e0 domicile\",\"isPartOf\":{\"@id\":\"https:\/\/www.easly.nl\/fr\/#website\"},\"primaryImageOfPage\":{\"@id\":\"https:\/\/www.easly.nl\/fr\/test-de-sante-totale\/bilan-sanguin-complet\/#primaryimage\"},\"image\":{\"@id\":\"https:\/\/www.easly.nl\/fr\/test-de-sante-totale\/bilan-sanguin-complet\/#primaryimage\"},\"thumbnailUrl\":\"https:\/\/www.easly.nl\/wp-content\/uploads\/sites\/13\/2022\/09\/Easly-Bloedbeeld-8720256100126.webp\",\"datePublished\":\"2023-02-06T14:51:01+00:00\",\"dateModified\":\"2025-07-06T18:34:53+00:00\",\"description\":\"Surveillez facilement les param\u00e8tres sanguins essentiels et prenez des d\u00e9cisions \u00e9clair\u00e9es gr\u00e2ce \u00e0 notre prise de sang g\u00e9n\u00e9ral \u00e0 domicile.\",\"breadcrumb\":{\"@id\":\"https:\/\/www.easly.nl\/fr\/test-de-sante-totale\/bilan-sanguin-complet\/#breadcrumb\"},\"inLanguage\":\"fr-FR\",\"potentialAction\":[{\"@type\":\"ReadAction\",\"target\":[\"https:\/\/www.easly.nl\/fr\/test-de-sante-totale\/bilan-sanguin-complet\/\"]}]},{\"@type\":\"ImageObject\",\"inLanguage\":\"fr-FR\",\"@id\":\"https:\/\/www.easly.nl\/fr\/test-de-sante-totale\/bilan-sanguin-complet\/#primaryimage\",\"url\":\"https:\/\/www.easly.nl\/wp-content\/uploads\/sites\/13\/2022\/09\/Easly-Bloedbeeld-8720256100126.webp\",\"contentUrl\":\"https:\/\/www.easly.nl\/wp-content\/uploads\/sites\/13\/2022\/09\/Easly-Bloedbeeld-8720256100126.webp\",\"width\":1044,\"height\":804,\"caption\":\"Bloedbeeld\"},{\"@type\":\"BreadcrumbList\",\"@id\":\"https:\/\/www.easly.nl\/fr\/test-de-sante-totale\/bilan-sanguin-complet\/#breadcrumb\",\"itemListElement\":[{\"@type\":\"ListItem\",\"position\":1,\"name\":\"D'accueil\",\"item\":\"https:\/\/www.easly.nl\/fr\/\"},{\"@type\":\"ListItem\",\"position\":2,\"name\":\"Shop\",\"item\":\"https:\/\/www.easly.nl\/fr\/shop\/\"},{\"@type\":\"ListItem\",\"position\":3,\"name\":\"Sant\u00e9 g\u00e9n\u00e9rale\"}]},{\"@type\":\"WebSite\",\"@id\":\"https:\/\/www.easly.nl\/fr\/#website\",\"url\":\"https:\/\/www.easly.nl\/fr\/\",\"name\":\"Easly Shop\",\"description\":\"Safe &amp; simple online COVID testing\",\"publisher\":{\"@id\":\"https:\/\/www.easly.nl\/fr\/#organization\"},\"potentialAction\":[{\"@type\":\"SearchAction\",\"target\":{\"@type\":\"EntryPoint\",\"urlTemplate\":\"https:\/\/www.easly.nl\/fr\/?s={search_term_string}\"},\"query-input\":{\"@type\":\"PropertyValueSpecification\",\"valueRequired\":true,\"valueName\":\"search_term_string\"}}],\"inLanguage\":\"fr-FR\"},{\"@type\":\"Organization\",\"@id\":\"https:\/\/www.easly.nl\/fr\/#organization\",\"name\":\"Easly.nl\",\"url\":\"https:\/\/www.easly.nl\/fr\/\",\"logo\":{\"@type\":\"ImageObject\",\"inLanguage\":\"fr-FR\",\"@id\":\"https:\/\/www.easly.nl\/fr\/#\/schema\/logo\/image\/\",\"url\":\"https:\/\/www.easly.nl\/wp-content\/uploads\/sites\/13\/2022\/10\/easly_logoslogan_color.png\",\"contentUrl\":\"https:\/\/www.easly.nl\/wp-content\/uploads\/sites\/13\/2022\/10\/easly_logoslogan_color.png\",\"width\":157,\"height\":38,\"caption\":\"Easly.nl\"},\"image\":{\"@id\":\"https:\/\/www.easly.nl\/fr\/#\/schema\/logo\/image\/\"}}]}<\/script>\n<!-- \/ Yoast SEO plugin. -->","yoast_head_json":{"title":"Votre sant\u00e9 entre vos mains : Bilan sanguin complet \u00e0 domicile","description":"Surveillez facilement les param\u00e8tres sanguins essentiels et prenez des d\u00e9cisions \u00e9clair\u00e9es gr\u00e2ce \u00e0 notre prise de sang g\u00e9n\u00e9ral \u00e0 domicile.","robots":{"index":"index","follow":"follow","max-snippet":"max-snippet:-1","max-image-preview":"max-image-preview:large","max-video-preview":"max-video-preview:-1"},"canonical":"https:\/\/www.easly.nl\/fr\/test-de-sante-totale\/bilan-sanguin-complet\/","og_locale":"fr_FR","og_type":"article","og_title":"Votre sant\u00e9 entre vos mains : Bilan sanguin complet \u00e0 domicile","og_description":"Surveillez facilement les param\u00e8tres sanguins essentiels et prenez des d\u00e9cisions \u00e9clair\u00e9es gr\u00e2ce \u00e0 notre prise de sang g\u00e9n\u00e9ral \u00e0 domicile.","og_url":"https:\/\/www.easly.nl\/fr\/test-de-sante-totale\/bilan-sanguin-complet\/","og_site_name":"Easly Shop","article_modified_time":"2025-07-06T18:34:53+00:00","og_image":[{"width":1044,"height":804,"url":"https:\/\/www.easly.nl\/wp-content\/uploads\/sites\/13\/2022\/09\/Easly-Bloedbeeld-8720256100126.webp","type":"image\/webp"}],"twitter_card":"summary_large_image","schema":{"@context":"https:\/\/schema.org","@graph":[{"@type":"WebPage","@id":"https:\/\/www.easly.nl\/fr\/test-de-sante-totale\/bilan-sanguin-complet\/","url":"https:\/\/www.easly.nl\/fr\/test-de-sante-totale\/bilan-sanguin-complet\/","name":"Votre sant\u00e9 entre vos mains : Bilan sanguin complet \u00e0 domicile","isPartOf":{"@id":"https:\/\/www.easly.nl\/fr\/#website"},"primaryImageOfPage":{"@id":"https:\/\/www.easly.nl\/fr\/test-de-sante-totale\/bilan-sanguin-complet\/#primaryimage"},"image":{"@id":"https:\/\/www.easly.nl\/fr\/test-de-sante-totale\/bilan-sanguin-complet\/#primaryimage"},"thumbnailUrl":"https:\/\/www.easly.nl\/wp-content\/uploads\/sites\/13\/2022\/09\/Easly-Bloedbeeld-8720256100126.webp","datePublished":"2023-02-06T14:51:01+00:00","dateModified":"2025-07-06T18:34:53+00:00","description":"Surveillez facilement les param\u00e8tres sanguins essentiels et prenez des d\u00e9cisions \u00e9clair\u00e9es gr\u00e2ce \u00e0 notre prise de sang g\u00e9n\u00e9ral \u00e0 domicile.","breadcrumb":{"@id":"https:\/\/www.easly.nl\/fr\/test-de-sante-totale\/bilan-sanguin-complet\/#breadcrumb"},"inLanguage":"fr-FR","potentialAction":[{"@type":"ReadAction","target":["https:\/\/www.easly.nl\/fr\/test-de-sante-totale\/bilan-sanguin-complet\/"]}]},{"@type":"ImageObject","inLanguage":"fr-FR","@id":"https:\/\/www.easly.nl\/fr\/test-de-sante-totale\/bilan-sanguin-complet\/#primaryimage","url":"https:\/\/www.easly.nl\/wp-content\/uploads\/sites\/13\/2022\/09\/Easly-Bloedbeeld-8720256100126.webp","contentUrl":"https:\/\/www.easly.nl\/wp-content\/uploads\/sites\/13\/2022\/09\/Easly-Bloedbeeld-8720256100126.webp","width":1044,"height":804,"caption":"Bloedbeeld"},{"@type":"BreadcrumbList","@id":"https:\/\/www.easly.nl\/fr\/test-de-sante-totale\/bilan-sanguin-complet\/#breadcrumb","itemListElement":[{"@type":"ListItem","position":1,"name":"D'accueil","item":"https:\/\/www.easly.nl\/fr\/"},{"@type":"ListItem","position":2,"name":"Shop","item":"https:\/\/www.easly.nl\/fr\/shop\/"},{"@type":"ListItem","position":3,"name":"Sant\u00e9 g\u00e9n\u00e9rale"}]},{"@type":"WebSite","@id":"https:\/\/www.easly.nl\/fr\/#website","url":"https:\/\/www.easly.nl\/fr\/","name":"Easly Shop","description":"Safe &amp; simple online COVID testing","publisher":{"@id":"https:\/\/www.easly.nl\/fr\/#organization"},"potentialAction":[{"@type":"SearchAction","target":{"@type":"EntryPoint","urlTemplate":"https:\/\/www.easly.nl\/fr\/?s={search_term_string}"},"query-input":{"@type":"PropertyValueSpecification","valueRequired":true,"valueName":"search_term_string"}}],"inLanguage":"fr-FR"},{"@type":"Organization","@id":"https:\/\/www.easly.nl\/fr\/#organization","name":"Easly.nl","url":"https:\/\/www.easly.nl\/fr\/","logo":{"@type":"ImageObject","inLanguage":"fr-FR","@id":"https:\/\/www.easly.nl\/fr\/#\/schema\/logo\/image\/","url":"https:\/\/www.easly.nl\/wp-content\/uploads\/sites\/13\/2022\/10\/easly_logoslogan_color.png","contentUrl":"https:\/\/www.easly.nl\/wp-content\/uploads\/sites\/13\/2022\/10\/easly_logoslogan_color.png","width":157,"height":38,"caption":"Easly.nl"},"image":{"@id":"https:\/\/www.easly.nl\/fr\/#\/schema\/logo\/image\/"}}]}},"_links":{"self":[{"href":"https:\/\/www.easly.nl\/fr\/wp-json\/wp\/v2\/product\/16650","targetHints":{"allow":["GET"]}}],"collection":[{"href":"https:\/\/www.easly.nl\/fr\/wp-json\/wp\/v2\/product"}],"about":[{"href":"https:\/\/www.easly.nl\/fr\/wp-json\/wp\/v2\/types\/product"}],"version-history":[{"count":1,"href":"https:\/\/www.easly.nl\/fr\/wp-json\/wp\/v2\/product\/16650\/revisions"}],"predecessor-version":[{"id":51985,"href":"https:\/\/www.easly.nl\/fr\/wp-json\/wp\/v2\/product\/16650\/revisions\/51985"}],"wp:featuredmedia":[{"embeddable":true,"href":"https:\/\/www.easly.nl\/fr\/wp-json\/wp\/v2\/media\/31757"}],"wp:attachment":[{"href":"https:\/\/www.easly.nl\/fr\/wp-json\/wp\/v2\/media?parent=16650"}],"wp:term":[{"taxonomy":"product_cat","embeddable":true,"href":"https:\/\/www.easly.nl\/fr\/wp-json\/wp\/v2\/product_cat?post=16650"},{"taxonomy":"product_tag","embeddable":true,"href":"https:\/\/www.easly.nl\/fr\/wp-json\/wp\/v2\/product_tag?post=16650"}],"curies":[{"name":"wp","href":"https:\/\/api.w.org\/{rel}","templated":true}]}}