{"id":16648,"date":"2022-09-22T17:26:22","date_gmt":"2023-02-06T14:49:09","guid":{"rendered":"https:\/\/www.easly.nl\/product\/test-de-testosterone\/"},"modified":"2024-11-29T01:05:58","modified_gmt":"2024-11-29T00:05:58","slug":"testosteron-test","status":"publish","type":"product","link":"https:\/\/www.easly.nl\/fr\/prise-de-sang-hormones\/test-hormonal-homme\/","title":{"rendered":"Test de testost\u00e9rone"},"content":{"rendered":"<p><span style=\"font-weight: 400;\">La testost\u00e9rone joue un r\u00f4le vital dans divers aspects de la sant\u00e9 masculine, y compris le d\u00e9veloppement des caract\u00e9ristiques sexuelles secondaires masculines pendant la pubert\u00e9, la production de sperme, le maintien de la libido, la croissance des muscles squelettiques et la production de globules rouges. Des d\u00e9s\u00e9quilibres dans les concentrations de testost\u00e9rone, qu&#8217;elles soient trop faibles ou trop \u00e9lev\u00e9es, peuvent entra\u00eener des probl\u00e8mes de sant\u00e9. Notre test de testost\u00e9rone pratique \u00e0 domicile vous permet de mesurer facilement votre valeur de testost\u00e9rone, fournissant des informations pr\u00e9cieuses sur votre sant\u00e9 hormonale. Prenez le contr\u00f4le de votre bien-\u00eatre et optimisez votre vitalit\u00e9 gr\u00e2ce \u00e0 notre test sanguin de testost\u00e9rone.<\/span><\/p>\n","protected":false},"excerpt":{"rendered":"<p>La testost\u00e9rone joue un r\u00f4le important dans la construction du squelette, la formation musculaire et la libido. Avec ce test \u00e0 domicile, vous mesurez si votre niveau de testost\u00e9rone est toujours conforme aux normes.<\/p>\n","protected":false},"featured_media":31749,"template":"","meta":{"_acf_changed":false,"footnotes":""},"product_cat":[1868,429,435],"product_tag":[867],"class_list":{"0":"post-16648","1":"product","2":"type-product","3":"status-publish","4":"has-post-thumbnail","6":"product_cat-hormones-fr","7":"product_cat-sante-generale","8":"product_cat-non-classe","9":"product_tag-interpretation-et-conseils-medicaux","11":"first","12":"instock","13":"taxable","14":"shipping-taxable","15":"purchasable","16":"product-type-simple"},"acf":[],"yoast_head":"<!-- This site is optimized with the Yoast SEO plugin v24.3 - https:\/\/yoast.com\/wordpress\/plugins\/seo\/ -->\n<title>Test de testost\u00e9rone \u00e0 domicile facile et pr\u00e9cis | Surveiller les niveaux d&#039;hormones<\/title>\n<meta name=\"description\" content=\"Surveillez facilement et avec pr\u00e9cision vos niveaux de testost\u00e9rone. Commandez votre prise de sang de testost\u00e9rone \u00e0 domicile en ligne, pr\u00e9levez un \u00e9chantillon de sang par piq\u00fbre au doigt et obtenez des r\u00e9sultats fiables dans les 48 heures!\" \/>\n<meta name=\"robots\" content=\"index, follow, max-snippet:-1, max-image-preview:large, max-video-preview:-1\" \/>\n<link rel=\"canonical\" href=\"https:\/\/www.easly.nl\/fr\/prise-de-sang-hormones\/test-hormonal-homme\/\" \/>\n<meta property=\"og:locale\" content=\"fr_FR\" \/>\n<meta property=\"og:type\" content=\"article\" \/>\n<meta property=\"og:title\" content=\"Test de testost\u00e9rone \u00e0 domicile facile et pr\u00e9cis | Surveiller les niveaux d&#039;hormones\" \/>\n<meta property=\"og:description\" content=\"Surveillez facilement et avec pr\u00e9cision vos niveaux de testost\u00e9rone. Commandez votre prise de sang de testost\u00e9rone \u00e0 domicile en ligne, pr\u00e9levez un \u00e9chantillon de sang par piq\u00fbre au doigt et obtenez des r\u00e9sultats fiables dans les 48 heures!\" \/>\n<meta property=\"og:url\" content=\"https:\/\/www.easly.nl\/fr\/prise-de-sang-hormones\/test-hormonal-homme\/\" \/>\n<meta property=\"og:site_name\" content=\"Easly Shop\" \/>\n<meta property=\"article:modified_time\" content=\"2024-11-29T00:05:58+00:00\" \/>\n<meta property=\"og:image\" content=\"https:\/\/www.easly.nl\/wp-content\/uploads\/sites\/13\/2022\/09\/Easly-Testosteron-8720256100140.webp\" \/>\n\t<meta property=\"og:image:width\" content=\"1044\" \/>\n\t<meta property=\"og:image:height\" content=\"804\" \/>\n\t<meta property=\"og:image:type\" content=\"image\/webp\" \/>\n<meta name=\"twitter:card\" content=\"summary_large_image\" \/>\n<meta name=\"twitter:label1\" content=\"Dur\u00e9e de lecture estim\u00e9e\" \/>\n\t<meta name=\"twitter:data1\" content=\"1 minute\" \/>\n<script type=\"application\/ld+json\" class=\"yoast-schema-graph\">{\"@context\":\"https:\/\/schema.org\",\"@graph\":[{\"@type\":\"WebPage\",\"@id\":\"https:\/\/www.easly.nl\/fr\/prise-de-sang-hormones\/test-hormonal-homme\/\",\"url\":\"https:\/\/www.easly.nl\/fr\/prise-de-sang-hormones\/test-hormonal-homme\/\",\"name\":\"Test de testost\u00e9rone \u00e0 domicile facile et pr\u00e9cis | Surveiller les niveaux d'hormones\",\"isPartOf\":{\"@id\":\"https:\/\/www.easly.nl\/fr\/#website\"},\"primaryImageOfPage\":{\"@id\":\"https:\/\/www.easly.nl\/fr\/prise-de-sang-hormones\/test-hormonal-homme\/#primaryimage\"},\"image\":{\"@id\":\"https:\/\/www.easly.nl\/fr\/prise-de-sang-hormones\/test-hormonal-homme\/#primaryimage\"},\"thumbnailUrl\":\"https:\/\/www.easly.nl\/wp-content\/uploads\/sites\/13\/2022\/09\/Easly-Testosteron-8720256100140.webp\",\"datePublished\":\"2023-02-06T14:49:09+00:00\",\"dateModified\":\"2024-11-29T00:05:58+00:00\",\"description\":\"Surveillez facilement et avec pr\u00e9cision vos niveaux de testost\u00e9rone. Commandez votre prise de sang de testost\u00e9rone \u00e0 domicile en ligne, pr\u00e9levez un \u00e9chantillon de sang par piq\u00fbre au doigt et obtenez des r\u00e9sultats fiables dans les 48 heures!\",\"breadcrumb\":{\"@id\":\"https:\/\/www.easly.nl\/fr\/prise-de-sang-hormones\/test-hormonal-homme\/#breadcrumb\"},\"inLanguage\":\"fr-FR\",\"potentialAction\":[{\"@type\":\"ReadAction\",\"target\":[\"https:\/\/www.easly.nl\/fr\/prise-de-sang-hormones\/test-hormonal-homme\/\"]}]},{\"@type\":\"ImageObject\",\"inLanguage\":\"fr-FR\",\"@id\":\"https:\/\/www.easly.nl\/fr\/prise-de-sang-hormones\/test-hormonal-homme\/#primaryimage\",\"url\":\"https:\/\/www.easly.nl\/wp-content\/uploads\/sites\/13\/2022\/09\/Easly-Testosteron-8720256100140.webp\",\"contentUrl\":\"https:\/\/www.easly.nl\/wp-content\/uploads\/sites\/13\/2022\/09\/Easly-Testosteron-8720256100140.webp\",\"width\":1044,\"height\":804,\"caption\":\"Testosteron test\"},{\"@type\":\"BreadcrumbList\",\"@id\":\"https:\/\/www.easly.nl\/fr\/prise-de-sang-hormones\/test-hormonal-homme\/#breadcrumb\",\"itemListElement\":[{\"@type\":\"ListItem\",\"position\":1,\"name\":\"D'accueil\",\"item\":\"https:\/\/www.easly.nl\/fr\/\"},{\"@type\":\"ListItem\",\"position\":2,\"name\":\"Shop\",\"item\":\"https:\/\/www.easly.nl\/fr\/shop\/\"},{\"@type\":\"ListItem\",\"position\":3,\"name\":\"Test de testost\u00e9rone\"}]},{\"@type\":\"WebSite\",\"@id\":\"https:\/\/www.easly.nl\/fr\/#website\",\"url\":\"https:\/\/www.easly.nl\/fr\/\",\"name\":\"Easly Shop\",\"description\":\"Safe &amp; simple online COVID testing\",\"publisher\":{\"@id\":\"https:\/\/www.easly.nl\/fr\/#organization\"},\"potentialAction\":[{\"@type\":\"SearchAction\",\"target\":{\"@type\":\"EntryPoint\",\"urlTemplate\":\"https:\/\/www.easly.nl\/fr\/?s={search_term_string}\"},\"query-input\":{\"@type\":\"PropertyValueSpecification\",\"valueRequired\":true,\"valueName\":\"search_term_string\"}}],\"inLanguage\":\"fr-FR\"},{\"@type\":\"Organization\",\"@id\":\"https:\/\/www.easly.nl\/fr\/#organization\",\"name\":\"Easly.nl\",\"url\":\"https:\/\/www.easly.nl\/fr\/\",\"logo\":{\"@type\":\"ImageObject\",\"inLanguage\":\"fr-FR\",\"@id\":\"https:\/\/www.easly.nl\/fr\/#\/schema\/logo\/image\/\",\"url\":\"https:\/\/www.easly.nl\/wp-content\/uploads\/sites\/13\/2022\/10\/easly_logoslogan_color.png\",\"contentUrl\":\"https:\/\/www.easly.nl\/wp-content\/uploads\/sites\/13\/2022\/10\/easly_logoslogan_color.png\",\"width\":157,\"height\":38,\"caption\":\"Easly.nl\"},\"image\":{\"@id\":\"https:\/\/www.easly.nl\/fr\/#\/schema\/logo\/image\/\"}}]}<\/script>\n<!-- \/ Yoast SEO plugin. -->","yoast_head_json":{"title":"Test de testost\u00e9rone \u00e0 domicile facile et pr\u00e9cis | Surveiller les niveaux d'hormones","description":"Surveillez facilement et avec pr\u00e9cision vos niveaux de testost\u00e9rone. Commandez votre prise de sang de testost\u00e9rone \u00e0 domicile en ligne, pr\u00e9levez un \u00e9chantillon de sang par piq\u00fbre au doigt et obtenez des r\u00e9sultats fiables dans les 48 heures!","robots":{"index":"index","follow":"follow","max-snippet":"max-snippet:-1","max-image-preview":"max-image-preview:large","max-video-preview":"max-video-preview:-1"},"canonical":"https:\/\/www.easly.nl\/fr\/prise-de-sang-hormones\/test-hormonal-homme\/","og_locale":"fr_FR","og_type":"article","og_title":"Test de testost\u00e9rone \u00e0 domicile facile et pr\u00e9cis | Surveiller les niveaux d'hormones","og_description":"Surveillez facilement et avec pr\u00e9cision vos niveaux de testost\u00e9rone. Commandez votre prise de sang de testost\u00e9rone \u00e0 domicile en ligne, pr\u00e9levez un \u00e9chantillon de sang par piq\u00fbre au doigt et obtenez des r\u00e9sultats fiables dans les 48 heures!","og_url":"https:\/\/www.easly.nl\/fr\/prise-de-sang-hormones\/test-hormonal-homme\/","og_site_name":"Easly Shop","article_modified_time":"2024-11-29T00:05:58+00:00","og_image":[{"width":1044,"height":804,"url":"https:\/\/www.easly.nl\/wp-content\/uploads\/sites\/13\/2022\/09\/Easly-Testosteron-8720256100140.webp","type":"image\/webp"}],"twitter_card":"summary_large_image","twitter_misc":{"Dur\u00e9e de lecture estim\u00e9e":"1 minute"},"schema":{"@context":"https:\/\/schema.org","@graph":[{"@type":"WebPage","@id":"https:\/\/www.easly.nl\/fr\/prise-de-sang-hormones\/test-hormonal-homme\/","url":"https:\/\/www.easly.nl\/fr\/prise-de-sang-hormones\/test-hormonal-homme\/","name":"Test de testost\u00e9rone \u00e0 domicile facile et pr\u00e9cis | Surveiller les niveaux d'hormones","isPartOf":{"@id":"https:\/\/www.easly.nl\/fr\/#website"},"primaryImageOfPage":{"@id":"https:\/\/www.easly.nl\/fr\/prise-de-sang-hormones\/test-hormonal-homme\/#primaryimage"},"image":{"@id":"https:\/\/www.easly.nl\/fr\/prise-de-sang-hormones\/test-hormonal-homme\/#primaryimage"},"thumbnailUrl":"https:\/\/www.easly.nl\/wp-content\/uploads\/sites\/13\/2022\/09\/Easly-Testosteron-8720256100140.webp","datePublished":"2023-02-06T14:49:09+00:00","dateModified":"2024-11-29T00:05:58+00:00","description":"Surveillez facilement et avec pr\u00e9cision vos niveaux de testost\u00e9rone. Commandez votre prise de sang de testost\u00e9rone \u00e0 domicile en ligne, pr\u00e9levez un \u00e9chantillon de sang par piq\u00fbre au doigt et obtenez des r\u00e9sultats fiables dans les 48 heures!","breadcrumb":{"@id":"https:\/\/www.easly.nl\/fr\/prise-de-sang-hormones\/test-hormonal-homme\/#breadcrumb"},"inLanguage":"fr-FR","potentialAction":[{"@type":"ReadAction","target":["https:\/\/www.easly.nl\/fr\/prise-de-sang-hormones\/test-hormonal-homme\/"]}]},{"@type":"ImageObject","inLanguage":"fr-FR","@id":"https:\/\/www.easly.nl\/fr\/prise-de-sang-hormones\/test-hormonal-homme\/#primaryimage","url":"https:\/\/www.easly.nl\/wp-content\/uploads\/sites\/13\/2022\/09\/Easly-Testosteron-8720256100140.webp","contentUrl":"https:\/\/www.easly.nl\/wp-content\/uploads\/sites\/13\/2022\/09\/Easly-Testosteron-8720256100140.webp","width":1044,"height":804,"caption":"Testosteron test"},{"@type":"BreadcrumbList","@id":"https:\/\/www.easly.nl\/fr\/prise-de-sang-hormones\/test-hormonal-homme\/#breadcrumb","itemListElement":[{"@type":"ListItem","position":1,"name":"D'accueil","item":"https:\/\/www.easly.nl\/fr\/"},{"@type":"ListItem","position":2,"name":"Shop","item":"https:\/\/www.easly.nl\/fr\/shop\/"},{"@type":"ListItem","position":3,"name":"Test de testost\u00e9rone"}]},{"@type":"WebSite","@id":"https:\/\/www.easly.nl\/fr\/#website","url":"https:\/\/www.easly.nl\/fr\/","name":"Easly Shop","description":"Safe &amp; simple online COVID testing","publisher":{"@id":"https:\/\/www.easly.nl\/fr\/#organization"},"potentialAction":[{"@type":"SearchAction","target":{"@type":"EntryPoint","urlTemplate":"https:\/\/www.easly.nl\/fr\/?s={search_term_string}"},"query-input":{"@type":"PropertyValueSpecification","valueRequired":true,"valueName":"search_term_string"}}],"inLanguage":"fr-FR"},{"@type":"Organization","@id":"https:\/\/www.easly.nl\/fr\/#organization","name":"Easly.nl","url":"https:\/\/www.easly.nl\/fr\/","logo":{"@type":"ImageObject","inLanguage":"fr-FR","@id":"https:\/\/www.easly.nl\/fr\/#\/schema\/logo\/image\/","url":"https:\/\/www.easly.nl\/wp-content\/uploads\/sites\/13\/2022\/10\/easly_logoslogan_color.png","contentUrl":"https:\/\/www.easly.nl\/wp-content\/uploads\/sites\/13\/2022\/10\/easly_logoslogan_color.png","width":157,"height":38,"caption":"Easly.nl"},"image":{"@id":"https:\/\/www.easly.nl\/fr\/#\/schema\/logo\/image\/"}}]}},"_links":{"self":[{"href":"https:\/\/www.easly.nl\/fr\/wp-json\/wp\/v2\/product\/16648","targetHints":{"allow":["GET"]}}],"collection":[{"href":"https:\/\/www.easly.nl\/fr\/wp-json\/wp\/v2\/product"}],"about":[{"href":"https:\/\/www.easly.nl\/fr\/wp-json\/wp\/v2\/types\/product"}],"version-history":[{"count":0,"href":"https:\/\/www.easly.nl\/fr\/wp-json\/wp\/v2\/product\/16648\/revisions"}],"wp:featuredmedia":[{"embeddable":true,"href":"https:\/\/www.easly.nl\/fr\/wp-json\/wp\/v2\/media\/31749"}],"wp:attachment":[{"href":"https:\/\/www.easly.nl\/fr\/wp-json\/wp\/v2\/media?parent=16648"}],"wp:term":[{"taxonomy":"product_cat","embeddable":true,"href":"https:\/\/www.easly.nl\/fr\/wp-json\/wp\/v2\/product_cat?post=16648"},{"taxonomy":"product_tag","embeddable":true,"href":"https:\/\/www.easly.nl\/fr\/wp-json\/wp\/v2\/product_tag?post=16648"}],"curies":[{"name":"wp","href":"https:\/\/api.w.org\/{rel}","templated":true}]}}