{"id":16647,"date":"2022-09-22T17:26:28","date_gmt":"2023-02-06T14:48:22","guid":{"rendered":"https:\/\/www.easly.nl\/product\/test-de-vitamine-b12\/"},"modified":"2024-11-29T01:05:53","modified_gmt":"2024-11-29T00:05:53","slug":"vitamine-b12-test","status":"publish","type":"product","link":"https:\/\/www.easly.nl\/fr\/prise-de-sang-vitamines\/vitamine-b12\/","title":{"rendered":"Vitamine B12"},"content":{"rendered":"<p><span style=\"font-weight: 400;\">Avec un test sanguin de vitamine B12 facile \u00e0 utiliser, vous pouvez v\u00e9rifier rapidement et facilement le taux de vitamine B12 dans votre sang. Ces tests sont disponibles en ligne et ne n\u00e9cessitent qu&#8217;une seule piq\u00fbre au doigt, pour pr\u00e9lever un \u00e9chantillon de sang. Une fois que vous avez envoy\u00e9 l&#8217;\u00e9chantillon au laboratoire, vous recevrez votre analyse dans un d\u00e9lai de 48 heures.<\/span><\/p>\n","protected":false},"excerpt":{"rendered":"<p>Avec ce test \u00e0 domicile, vous pouvez d\u00e9terminer si vous avez une carence en vitamine B-12. Vous recevrez rapidement vos r\u00e9sultats en ligne. Livraison gratuite et avec avis m\u00e9dical.<\/p>\n","protected":false},"featured_media":31743,"template":"","meta":{"_acf_changed":false,"footnotes":""},"product_cat":[1007,435],"product_tag":[867],"class_list":{"0":"post-16647","1":"product","2":"type-product","3":"status-publish","4":"has-post-thumbnail","6":"product_cat-style-de-vie-et-vitamines","7":"product_cat-non-classe","8":"product_tag-interpretation-et-conseils-medicaux","10":"first","11":"instock","12":"taxable","13":"shipping-taxable","14":"purchasable","15":"product-type-simple"},"acf":[],"yoast_head":"<!-- This site is optimized with the Yoast SEO plugin v24.3 - https:\/\/yoast.com\/wordpress\/plugins\/seo\/ -->\n<title>Prise de sang vitamine B12 : test \u00e0 domicile pr\u00e9cis pour la vitamine B12<\/title>\n<meta name=\"description\" content=\"V\u00e9rifiez votre carence en vitamine B12 \u00e0 votre convenance et \u00e0 domicile, gr\u00e2ce \u00e0 notre kit d&#039;autotest prise de sang et recevez des r\u00e9sultats rapides, sans avoir \u00e0 vous d\u00e9placer.\" \/>\n<meta name=\"robots\" content=\"index, follow, max-snippet:-1, max-image-preview:large, max-video-preview:-1\" \/>\n<link rel=\"canonical\" href=\"https:\/\/www.easly.nl\/fr\/prise-de-sang-vitamines\/vitamine-b12\/\" \/>\n<meta property=\"og:locale\" content=\"fr_FR\" \/>\n<meta property=\"og:type\" content=\"article\" \/>\n<meta property=\"og:title\" content=\"Prise de sang vitamine B12 : test \u00e0 domicile pr\u00e9cis pour la vitamine B12\" \/>\n<meta property=\"og:description\" content=\"V\u00e9rifiez votre carence en vitamine B12 \u00e0 votre convenance et \u00e0 domicile, gr\u00e2ce \u00e0 notre kit d&#039;autotest prise de sang et recevez des r\u00e9sultats rapides, sans avoir \u00e0 vous d\u00e9placer.\" \/>\n<meta property=\"og:url\" content=\"https:\/\/www.easly.nl\/fr\/prise-de-sang-vitamines\/vitamine-b12\/\" \/>\n<meta property=\"og:site_name\" content=\"Easly Shop\" \/>\n<meta property=\"article:modified_time\" content=\"2024-11-29T00:05:53+00:00\" \/>\n<meta property=\"og:image\" content=\"https:\/\/www.easly.nl\/wp-content\/uploads\/sites\/13\/2022\/09\/Easly-Vitamine-B12-8720256100171.webp\" \/>\n\t<meta property=\"og:image:width\" content=\"1044\" \/>\n\t<meta property=\"og:image:height\" content=\"804\" \/>\n\t<meta property=\"og:image:type\" content=\"image\/webp\" \/>\n<meta name=\"twitter:card\" content=\"summary_large_image\" \/>\n<meta name=\"twitter:label1\" content=\"Dur\u00e9e de lecture estim\u00e9e\" \/>\n\t<meta name=\"twitter:data1\" content=\"1 minute\" \/>\n<script type=\"application\/ld+json\" class=\"yoast-schema-graph\">{\"@context\":\"https:\/\/schema.org\",\"@graph\":[{\"@type\":\"WebPage\",\"@id\":\"https:\/\/www.easly.nl\/fr\/prise-de-sang-vitamines\/vitamine-b12\/\",\"url\":\"https:\/\/www.easly.nl\/fr\/prise-de-sang-vitamines\/vitamine-b12\/\",\"name\":\"Prise de sang vitamine B12 : test \u00e0 domicile pr\u00e9cis pour la vitamine B12\",\"isPartOf\":{\"@id\":\"https:\/\/www.easly.nl\/fr\/#website\"},\"primaryImageOfPage\":{\"@id\":\"https:\/\/www.easly.nl\/fr\/prise-de-sang-vitamines\/vitamine-b12\/#primaryimage\"},\"image\":{\"@id\":\"https:\/\/www.easly.nl\/fr\/prise-de-sang-vitamines\/vitamine-b12\/#primaryimage\"},\"thumbnailUrl\":\"https:\/\/www.easly.nl\/wp-content\/uploads\/sites\/13\/2022\/09\/Easly-Vitamine-B12-8720256100171.webp\",\"datePublished\":\"2023-02-06T14:48:22+00:00\",\"dateModified\":\"2024-11-29T00:05:53+00:00\",\"description\":\"V\u00e9rifiez votre carence en vitamine B12 \u00e0 votre convenance et \u00e0 domicile, gr\u00e2ce \u00e0 notre kit d'autotest prise de sang et recevez des r\u00e9sultats rapides, sans avoir \u00e0 vous d\u00e9placer.\",\"breadcrumb\":{\"@id\":\"https:\/\/www.easly.nl\/fr\/prise-de-sang-vitamines\/vitamine-b12\/#breadcrumb\"},\"inLanguage\":\"fr-FR\",\"potentialAction\":[{\"@type\":\"ReadAction\",\"target\":[\"https:\/\/www.easly.nl\/fr\/prise-de-sang-vitamines\/vitamine-b12\/\"]}]},{\"@type\":\"ImageObject\",\"inLanguage\":\"fr-FR\",\"@id\":\"https:\/\/www.easly.nl\/fr\/prise-de-sang-vitamines\/vitamine-b12\/#primaryimage\",\"url\":\"https:\/\/www.easly.nl\/wp-content\/uploads\/sites\/13\/2022\/09\/Easly-Vitamine-B12-8720256100171.webp\",\"contentUrl\":\"https:\/\/www.easly.nl\/wp-content\/uploads\/sites\/13\/2022\/09\/Easly-Vitamine-B12-8720256100171.webp\",\"width\":1044,\"height\":804,\"caption\":\"Vitamine B12 test\"},{\"@type\":\"BreadcrumbList\",\"@id\":\"https:\/\/www.easly.nl\/fr\/prise-de-sang-vitamines\/vitamine-b12\/#breadcrumb\",\"itemListElement\":[{\"@type\":\"ListItem\",\"position\":1,\"name\":\"D'accueil\",\"item\":\"https:\/\/www.easly.nl\/fr\/\"},{\"@type\":\"ListItem\",\"position\":2,\"name\":\"Shop\",\"item\":\"https:\/\/www.easly.nl\/fr\/shop\/\"},{\"@type\":\"ListItem\",\"position\":3,\"name\":\"Vitamine B12\"}]},{\"@type\":\"WebSite\",\"@id\":\"https:\/\/www.easly.nl\/fr\/#website\",\"url\":\"https:\/\/www.easly.nl\/fr\/\",\"name\":\"Easly Shop\",\"description\":\"Safe &amp; simple online COVID testing\",\"publisher\":{\"@id\":\"https:\/\/www.easly.nl\/fr\/#organization\"},\"potentialAction\":[{\"@type\":\"SearchAction\",\"target\":{\"@type\":\"EntryPoint\",\"urlTemplate\":\"https:\/\/www.easly.nl\/fr\/?s={search_term_string}\"},\"query-input\":{\"@type\":\"PropertyValueSpecification\",\"valueRequired\":true,\"valueName\":\"search_term_string\"}}],\"inLanguage\":\"fr-FR\"},{\"@type\":\"Organization\",\"@id\":\"https:\/\/www.easly.nl\/fr\/#organization\",\"name\":\"Easly.nl\",\"url\":\"https:\/\/www.easly.nl\/fr\/\",\"logo\":{\"@type\":\"ImageObject\",\"inLanguage\":\"fr-FR\",\"@id\":\"https:\/\/www.easly.nl\/fr\/#\/schema\/logo\/image\/\",\"url\":\"https:\/\/www.easly.nl\/wp-content\/uploads\/sites\/13\/2022\/10\/easly_logoslogan_color.png\",\"contentUrl\":\"https:\/\/www.easly.nl\/wp-content\/uploads\/sites\/13\/2022\/10\/easly_logoslogan_color.png\",\"width\":157,\"height\":38,\"caption\":\"Easly.nl\"},\"image\":{\"@id\":\"https:\/\/www.easly.nl\/fr\/#\/schema\/logo\/image\/\"}}]}<\/script>\n<!-- \/ Yoast SEO plugin. -->","yoast_head_json":{"title":"Prise de sang vitamine B12 : test \u00e0 domicile pr\u00e9cis pour la vitamine B12","description":"V\u00e9rifiez votre carence en vitamine B12 \u00e0 votre convenance et \u00e0 domicile, gr\u00e2ce \u00e0 notre kit d'autotest prise de sang et recevez des r\u00e9sultats rapides, sans avoir \u00e0 vous d\u00e9placer.","robots":{"index":"index","follow":"follow","max-snippet":"max-snippet:-1","max-image-preview":"max-image-preview:large","max-video-preview":"max-video-preview:-1"},"canonical":"https:\/\/www.easly.nl\/fr\/prise-de-sang-vitamines\/vitamine-b12\/","og_locale":"fr_FR","og_type":"article","og_title":"Prise de sang vitamine B12 : test \u00e0 domicile pr\u00e9cis pour la vitamine B12","og_description":"V\u00e9rifiez votre carence en vitamine B12 \u00e0 votre convenance et \u00e0 domicile, gr\u00e2ce \u00e0 notre kit d'autotest prise de sang et recevez des r\u00e9sultats rapides, sans avoir \u00e0 vous d\u00e9placer.","og_url":"https:\/\/www.easly.nl\/fr\/prise-de-sang-vitamines\/vitamine-b12\/","og_site_name":"Easly Shop","article_modified_time":"2024-11-29T00:05:53+00:00","og_image":[{"width":1044,"height":804,"url":"https:\/\/www.easly.nl\/wp-content\/uploads\/sites\/13\/2022\/09\/Easly-Vitamine-B12-8720256100171.webp","type":"image\/webp"}],"twitter_card":"summary_large_image","twitter_misc":{"Dur\u00e9e de lecture estim\u00e9e":"1 minute"},"schema":{"@context":"https:\/\/schema.org","@graph":[{"@type":"WebPage","@id":"https:\/\/www.easly.nl\/fr\/prise-de-sang-vitamines\/vitamine-b12\/","url":"https:\/\/www.easly.nl\/fr\/prise-de-sang-vitamines\/vitamine-b12\/","name":"Prise de sang vitamine B12 : test \u00e0 domicile pr\u00e9cis pour la vitamine B12","isPartOf":{"@id":"https:\/\/www.easly.nl\/fr\/#website"},"primaryImageOfPage":{"@id":"https:\/\/www.easly.nl\/fr\/prise-de-sang-vitamines\/vitamine-b12\/#primaryimage"},"image":{"@id":"https:\/\/www.easly.nl\/fr\/prise-de-sang-vitamines\/vitamine-b12\/#primaryimage"},"thumbnailUrl":"https:\/\/www.easly.nl\/wp-content\/uploads\/sites\/13\/2022\/09\/Easly-Vitamine-B12-8720256100171.webp","datePublished":"2023-02-06T14:48:22+00:00","dateModified":"2024-11-29T00:05:53+00:00","description":"V\u00e9rifiez votre carence en vitamine B12 \u00e0 votre convenance et \u00e0 domicile, gr\u00e2ce \u00e0 notre kit d'autotest prise de sang et recevez des r\u00e9sultats rapides, sans avoir \u00e0 vous d\u00e9placer.","breadcrumb":{"@id":"https:\/\/www.easly.nl\/fr\/prise-de-sang-vitamines\/vitamine-b12\/#breadcrumb"},"inLanguage":"fr-FR","potentialAction":[{"@type":"ReadAction","target":["https:\/\/www.easly.nl\/fr\/prise-de-sang-vitamines\/vitamine-b12\/"]}]},{"@type":"ImageObject","inLanguage":"fr-FR","@id":"https:\/\/www.easly.nl\/fr\/prise-de-sang-vitamines\/vitamine-b12\/#primaryimage","url":"https:\/\/www.easly.nl\/wp-content\/uploads\/sites\/13\/2022\/09\/Easly-Vitamine-B12-8720256100171.webp","contentUrl":"https:\/\/www.easly.nl\/wp-content\/uploads\/sites\/13\/2022\/09\/Easly-Vitamine-B12-8720256100171.webp","width":1044,"height":804,"caption":"Vitamine B12 test"},{"@type":"BreadcrumbList","@id":"https:\/\/www.easly.nl\/fr\/prise-de-sang-vitamines\/vitamine-b12\/#breadcrumb","itemListElement":[{"@type":"ListItem","position":1,"name":"D'accueil","item":"https:\/\/www.easly.nl\/fr\/"},{"@type":"ListItem","position":2,"name":"Shop","item":"https:\/\/www.easly.nl\/fr\/shop\/"},{"@type":"ListItem","position":3,"name":"Vitamine B12"}]},{"@type":"WebSite","@id":"https:\/\/www.easly.nl\/fr\/#website","url":"https:\/\/www.easly.nl\/fr\/","name":"Easly Shop","description":"Safe &amp; simple online COVID testing","publisher":{"@id":"https:\/\/www.easly.nl\/fr\/#organization"},"potentialAction":[{"@type":"SearchAction","target":{"@type":"EntryPoint","urlTemplate":"https:\/\/www.easly.nl\/fr\/?s={search_term_string}"},"query-input":{"@type":"PropertyValueSpecification","valueRequired":true,"valueName":"search_term_string"}}],"inLanguage":"fr-FR"},{"@type":"Organization","@id":"https:\/\/www.easly.nl\/fr\/#organization","name":"Easly.nl","url":"https:\/\/www.easly.nl\/fr\/","logo":{"@type":"ImageObject","inLanguage":"fr-FR","@id":"https:\/\/www.easly.nl\/fr\/#\/schema\/logo\/image\/","url":"https:\/\/www.easly.nl\/wp-content\/uploads\/sites\/13\/2022\/10\/easly_logoslogan_color.png","contentUrl":"https:\/\/www.easly.nl\/wp-content\/uploads\/sites\/13\/2022\/10\/easly_logoslogan_color.png","width":157,"height":38,"caption":"Easly.nl"},"image":{"@id":"https:\/\/www.easly.nl\/fr\/#\/schema\/logo\/image\/"}}]}},"_links":{"self":[{"href":"https:\/\/www.easly.nl\/fr\/wp-json\/wp\/v2\/product\/16647","targetHints":{"allow":["GET"]}}],"collection":[{"href":"https:\/\/www.easly.nl\/fr\/wp-json\/wp\/v2\/product"}],"about":[{"href":"https:\/\/www.easly.nl\/fr\/wp-json\/wp\/v2\/types\/product"}],"version-history":[{"count":0,"href":"https:\/\/www.easly.nl\/fr\/wp-json\/wp\/v2\/product\/16647\/revisions"}],"wp:featuredmedia":[{"embeddable":true,"href":"https:\/\/www.easly.nl\/fr\/wp-json\/wp\/v2\/media\/31743"}],"wp:attachment":[{"href":"https:\/\/www.easly.nl\/fr\/wp-json\/wp\/v2\/media?parent=16647"}],"wp:term":[{"taxonomy":"product_cat","embeddable":true,"href":"https:\/\/www.easly.nl\/fr\/wp-json\/wp\/v2\/product_cat?post=16647"},{"taxonomy":"product_tag","embeddable":true,"href":"https:\/\/www.easly.nl\/fr\/wp-json\/wp\/v2\/product_tag?post=16647"}],"curies":[{"name":"wp","href":"https:\/\/api.w.org\/{rel}","templated":true}]}}