{"id":16646,"date":"2022-09-22T17:26:31","date_gmt":"2023-02-06T14:47:06","guid":{"rendered":"https:\/\/www.easly.nl\/product\/hormone-du-stress\/"},"modified":"2025-08-24T01:00:23","modified_gmt":"2025-08-24T00:00:23","slug":"stress-hormoon","status":"publish","type":"product","link":"https:\/\/www.easly.nl\/fr\/prise-de-sang-hormones\/test-cortisol\/","title":{"rendered":"Test de cortisol \u00e0 domicile"},"content":{"rendered":"<p><span style=\"font-weight: 400\">Le test<\/span><span style=\"font-weight: 400\"> salivaire<\/span><span style=\"font-weight: 400\"> de cortisol \u00e0<\/span><span style=\"font-weight: 400\"> la maison<\/span><span style=\"font-weight: 400\"> d&#8217;Easly offre un moyen pratique et pr\u00e9cis d&#8217;\u00e9valuer vos niveaux de cortisol. Si vous vous sentez souvent press\u00e9, stress\u00e9 ou que vous \u00e9prouvez des troubles du sommeil, cet auto-test peut fournir des informations pr\u00e9cieuses sur vos niveaux d&#8217;hormone cortisol. Le cortisol, connu sous le nom d&#8217;hormone du stress, joue un r\u00f4le crucial dans la r\u00e9gulation des autres hormones de votre corps.<\/span><\/p>\n<p>&nbsp;<\/p>\n<p><span style=\"font-weight: 400\">Avec ce kit de test de salive de cortisol facile \u00e0 utiliser, vous pouvez tester rapidement et efficacement les niveaux de cortisol \u00e0 la maison. En analysant un \u00e9chantillon de votre salive, le test fournit un instantan\u00e9 de vos niveaux de cortisol, vous donnant une meilleure compr\u00e9hension de la r\u00e9ponse au stress de votre corps.<\/span><\/p>\n","protected":false},"excerpt":{"rendered":"<p>Le cortisol, l&#8217;hormone du stress, est un indicateur de stress (malsain). Prenez un peu de salive \u00e0 la maison et vous recevrez les r\u00e9sultats en ligne dans les 2 \u00e0 5 jours.<\/p>\n","protected":false},"featured_media":31740,"template":"","meta":{"_acf_changed":false,"footnotes":""},"product_cat":[1868,1007,429,435],"product_tag":[867],"class_list":{"0":"post-16646","1":"product","2":"type-product","3":"status-publish","4":"has-post-thumbnail","6":"product_cat-hormones-fr","7":"product_cat-style-de-vie-et-vitamines","8":"product_cat-sante-generale","9":"product_cat-non-classe","10":"product_tag-interpretation-et-conseils-medicaux","12":"first","13":"instock","14":"taxable","15":"shipping-taxable","16":"purchasable","17":"product-type-simple"},"acf":[],"yoast_head":"<!-- This site is optimized with the Yoast SEO plugin v24.3 - https:\/\/yoast.com\/wordpress\/plugins\/seo\/ -->\n<title>Surveillez vos niveaux de cortisol avec le test de cortisol \u00e0 domicile facile \u00e0 utiliser d&#039;Easly<\/title>\n<meta name=\"description\" content=\"Prenez en charge votre niveau de stress avec le test salivaire au cortisol \u00e0 domicile d&#039;Easly. Pr\u00e9levez simplement un \u00e9chantillon de salive, renvoyez-le et recevez des r\u00e9sultats pr\u00e9cis dans les 48 heures.\" \/>\n<meta name=\"robots\" content=\"index, follow, max-snippet:-1, max-image-preview:large, max-video-preview:-1\" \/>\n<link rel=\"canonical\" href=\"https:\/\/www.easly.nl\/fr\/prise-de-sang-hormones\/test-cortisol\/\" \/>\n<meta property=\"og:locale\" content=\"fr_FR\" \/>\n<meta property=\"og:type\" content=\"article\" \/>\n<meta property=\"og:title\" content=\"Surveillez vos niveaux de cortisol avec le test de cortisol \u00e0 domicile facile \u00e0 utiliser d&#039;Easly\" \/>\n<meta property=\"og:description\" content=\"Prenez en charge votre niveau de stress avec le test salivaire au cortisol \u00e0 domicile d&#039;Easly. Pr\u00e9levez simplement un \u00e9chantillon de salive, renvoyez-le et recevez des r\u00e9sultats pr\u00e9cis dans les 48 heures.\" \/>\n<meta property=\"og:url\" content=\"https:\/\/www.easly.nl\/fr\/prise-de-sang-hormones\/test-cortisol\/\" \/>\n<meta property=\"og:site_name\" content=\"Easly Shop\" \/>\n<meta property=\"article:modified_time\" content=\"2025-08-24T00:00:23+00:00\" \/>\n<meta property=\"og:image\" content=\"https:\/\/www.easly.nl\/wp-content\/uploads\/sites\/13\/2022\/09\/Easly-Stress-hormone.webp\" \/>\n\t<meta property=\"og:image:width\" content=\"1044\" \/>\n\t<meta property=\"og:image:height\" content=\"804\" \/>\n\t<meta property=\"og:image:type\" content=\"image\/webp\" \/>\n<meta name=\"twitter:card\" content=\"summary_large_image\" \/>\n<meta name=\"twitter:label1\" content=\"Dur\u00e9e de lecture estim\u00e9e\" \/>\n\t<meta name=\"twitter:data1\" content=\"1 minute\" \/>\n<script type=\"application\/ld+json\" class=\"yoast-schema-graph\">{\"@context\":\"https:\/\/schema.org\",\"@graph\":[{\"@type\":\"WebPage\",\"@id\":\"https:\/\/www.easly.nl\/fr\/prise-de-sang-hormones\/test-cortisol\/\",\"url\":\"https:\/\/www.easly.nl\/fr\/prise-de-sang-hormones\/test-cortisol\/\",\"name\":\"Surveillez vos niveaux de cortisol avec le test de cortisol \u00e0 domicile facile \u00e0 utiliser d'Easly\",\"isPartOf\":{\"@id\":\"https:\/\/www.easly.nl\/fr\/#website\"},\"primaryImageOfPage\":{\"@id\":\"https:\/\/www.easly.nl\/fr\/prise-de-sang-hormones\/test-cortisol\/#primaryimage\"},\"image\":{\"@id\":\"https:\/\/www.easly.nl\/fr\/prise-de-sang-hormones\/test-cortisol\/#primaryimage\"},\"thumbnailUrl\":\"https:\/\/www.easly.nl\/wp-content\/uploads\/sites\/13\/2022\/09\/Easly-Stress-hormone.webp\",\"datePublished\":\"2023-02-06T14:47:06+00:00\",\"dateModified\":\"2025-08-24T00:00:23+00:00\",\"description\":\"Prenez en charge votre niveau de stress avec le test salivaire au cortisol \u00e0 domicile d'Easly. Pr\u00e9levez simplement un \u00e9chantillon de salive, renvoyez-le et recevez des r\u00e9sultats pr\u00e9cis dans les 48 heures.\",\"breadcrumb\":{\"@id\":\"https:\/\/www.easly.nl\/fr\/prise-de-sang-hormones\/test-cortisol\/#breadcrumb\"},\"inLanguage\":\"fr-FR\",\"potentialAction\":[{\"@type\":\"ReadAction\",\"target\":[\"https:\/\/www.easly.nl\/fr\/prise-de-sang-hormones\/test-cortisol\/\"]}]},{\"@type\":\"ImageObject\",\"inLanguage\":\"fr-FR\",\"@id\":\"https:\/\/www.easly.nl\/fr\/prise-de-sang-hormones\/test-cortisol\/#primaryimage\",\"url\":\"https:\/\/www.easly.nl\/wp-content\/uploads\/sites\/13\/2022\/09\/Easly-Stress-hormone.webp\",\"contentUrl\":\"https:\/\/www.easly.nl\/wp-content\/uploads\/sites\/13\/2022\/09\/Easly-Stress-hormone.webp\",\"width\":1044,\"height\":804,\"caption\":\"Stresshormoon cortisol test\"},{\"@type\":\"BreadcrumbList\",\"@id\":\"https:\/\/www.easly.nl\/fr\/prise-de-sang-hormones\/test-cortisol\/#breadcrumb\",\"itemListElement\":[{\"@type\":\"ListItem\",\"position\":1,\"name\":\"D'accueil\",\"item\":\"https:\/\/www.easly.nl\/fr\/\"},{\"@type\":\"ListItem\",\"position\":2,\"name\":\"Shop\",\"item\":\"https:\/\/www.easly.nl\/fr\/shop\/\"},{\"@type\":\"ListItem\",\"position\":3,\"name\":\"Test de cortisol \u00e0 domicile\"}]},{\"@type\":\"WebSite\",\"@id\":\"https:\/\/www.easly.nl\/fr\/#website\",\"url\":\"https:\/\/www.easly.nl\/fr\/\",\"name\":\"Easly Shop\",\"description\":\"Safe &amp; simple online COVID testing\",\"publisher\":{\"@id\":\"https:\/\/www.easly.nl\/fr\/#organization\"},\"potentialAction\":[{\"@type\":\"SearchAction\",\"target\":{\"@type\":\"EntryPoint\",\"urlTemplate\":\"https:\/\/www.easly.nl\/fr\/?s={search_term_string}\"},\"query-input\":{\"@type\":\"PropertyValueSpecification\",\"valueRequired\":true,\"valueName\":\"search_term_string\"}}],\"inLanguage\":\"fr-FR\"},{\"@type\":\"Organization\",\"@id\":\"https:\/\/www.easly.nl\/fr\/#organization\",\"name\":\"Easly.nl\",\"url\":\"https:\/\/www.easly.nl\/fr\/\",\"logo\":{\"@type\":\"ImageObject\",\"inLanguage\":\"fr-FR\",\"@id\":\"https:\/\/www.easly.nl\/fr\/#\/schema\/logo\/image\/\",\"url\":\"https:\/\/www.easly.nl\/wp-content\/uploads\/sites\/13\/2022\/10\/easly_logoslogan_color.png\",\"contentUrl\":\"https:\/\/www.easly.nl\/wp-content\/uploads\/sites\/13\/2022\/10\/easly_logoslogan_color.png\",\"width\":157,\"height\":38,\"caption\":\"Easly.nl\"},\"image\":{\"@id\":\"https:\/\/www.easly.nl\/fr\/#\/schema\/logo\/image\/\"}}]}<\/script>\n<!-- \/ Yoast SEO plugin. -->","yoast_head_json":{"title":"Surveillez vos niveaux de cortisol avec le test de cortisol \u00e0 domicile facile \u00e0 utiliser d'Easly","description":"Prenez en charge votre niveau de stress avec le test salivaire au cortisol \u00e0 domicile d'Easly. Pr\u00e9levez simplement un \u00e9chantillon de salive, renvoyez-le et recevez des r\u00e9sultats pr\u00e9cis dans les 48 heures.","robots":{"index":"index","follow":"follow","max-snippet":"max-snippet:-1","max-image-preview":"max-image-preview:large","max-video-preview":"max-video-preview:-1"},"canonical":"https:\/\/www.easly.nl\/fr\/prise-de-sang-hormones\/test-cortisol\/","og_locale":"fr_FR","og_type":"article","og_title":"Surveillez vos niveaux de cortisol avec le test de cortisol \u00e0 domicile facile \u00e0 utiliser d'Easly","og_description":"Prenez en charge votre niveau de stress avec le test salivaire au cortisol \u00e0 domicile d'Easly. Pr\u00e9levez simplement un \u00e9chantillon de salive, renvoyez-le et recevez des r\u00e9sultats pr\u00e9cis dans les 48 heures.","og_url":"https:\/\/www.easly.nl\/fr\/prise-de-sang-hormones\/test-cortisol\/","og_site_name":"Easly Shop","article_modified_time":"2025-08-24T00:00:23+00:00","og_image":[{"width":1044,"height":804,"url":"https:\/\/www.easly.nl\/wp-content\/uploads\/sites\/13\/2022\/09\/Easly-Stress-hormone.webp","type":"image\/webp"}],"twitter_card":"summary_large_image","twitter_misc":{"Dur\u00e9e de lecture estim\u00e9e":"1 minute"},"schema":{"@context":"https:\/\/schema.org","@graph":[{"@type":"WebPage","@id":"https:\/\/www.easly.nl\/fr\/prise-de-sang-hormones\/test-cortisol\/","url":"https:\/\/www.easly.nl\/fr\/prise-de-sang-hormones\/test-cortisol\/","name":"Surveillez vos niveaux de cortisol avec le test de cortisol \u00e0 domicile facile \u00e0 utiliser d'Easly","isPartOf":{"@id":"https:\/\/www.easly.nl\/fr\/#website"},"primaryImageOfPage":{"@id":"https:\/\/www.easly.nl\/fr\/prise-de-sang-hormones\/test-cortisol\/#primaryimage"},"image":{"@id":"https:\/\/www.easly.nl\/fr\/prise-de-sang-hormones\/test-cortisol\/#primaryimage"},"thumbnailUrl":"https:\/\/www.easly.nl\/wp-content\/uploads\/sites\/13\/2022\/09\/Easly-Stress-hormone.webp","datePublished":"2023-02-06T14:47:06+00:00","dateModified":"2025-08-24T00:00:23+00:00","description":"Prenez en charge votre niveau de stress avec le test salivaire au cortisol \u00e0 domicile d'Easly. Pr\u00e9levez simplement un \u00e9chantillon de salive, renvoyez-le et recevez des r\u00e9sultats pr\u00e9cis dans les 48 heures.","breadcrumb":{"@id":"https:\/\/www.easly.nl\/fr\/prise-de-sang-hormones\/test-cortisol\/#breadcrumb"},"inLanguage":"fr-FR","potentialAction":[{"@type":"ReadAction","target":["https:\/\/www.easly.nl\/fr\/prise-de-sang-hormones\/test-cortisol\/"]}]},{"@type":"ImageObject","inLanguage":"fr-FR","@id":"https:\/\/www.easly.nl\/fr\/prise-de-sang-hormones\/test-cortisol\/#primaryimage","url":"https:\/\/www.easly.nl\/wp-content\/uploads\/sites\/13\/2022\/09\/Easly-Stress-hormone.webp","contentUrl":"https:\/\/www.easly.nl\/wp-content\/uploads\/sites\/13\/2022\/09\/Easly-Stress-hormone.webp","width":1044,"height":804,"caption":"Stresshormoon cortisol test"},{"@type":"BreadcrumbList","@id":"https:\/\/www.easly.nl\/fr\/prise-de-sang-hormones\/test-cortisol\/#breadcrumb","itemListElement":[{"@type":"ListItem","position":1,"name":"D'accueil","item":"https:\/\/www.easly.nl\/fr\/"},{"@type":"ListItem","position":2,"name":"Shop","item":"https:\/\/www.easly.nl\/fr\/shop\/"},{"@type":"ListItem","position":3,"name":"Test de cortisol \u00e0 domicile"}]},{"@type":"WebSite","@id":"https:\/\/www.easly.nl\/fr\/#website","url":"https:\/\/www.easly.nl\/fr\/","name":"Easly Shop","description":"Safe &amp; simple online COVID testing","publisher":{"@id":"https:\/\/www.easly.nl\/fr\/#organization"},"potentialAction":[{"@type":"SearchAction","target":{"@type":"EntryPoint","urlTemplate":"https:\/\/www.easly.nl\/fr\/?s={search_term_string}"},"query-input":{"@type":"PropertyValueSpecification","valueRequired":true,"valueName":"search_term_string"}}],"inLanguage":"fr-FR"},{"@type":"Organization","@id":"https:\/\/www.easly.nl\/fr\/#organization","name":"Easly.nl","url":"https:\/\/www.easly.nl\/fr\/","logo":{"@type":"ImageObject","inLanguage":"fr-FR","@id":"https:\/\/www.easly.nl\/fr\/#\/schema\/logo\/image\/","url":"https:\/\/www.easly.nl\/wp-content\/uploads\/sites\/13\/2022\/10\/easly_logoslogan_color.png","contentUrl":"https:\/\/www.easly.nl\/wp-content\/uploads\/sites\/13\/2022\/10\/easly_logoslogan_color.png","width":157,"height":38,"caption":"Easly.nl"},"image":{"@id":"https:\/\/www.easly.nl\/fr\/#\/schema\/logo\/image\/"}}]}},"_links":{"self":[{"href":"https:\/\/www.easly.nl\/fr\/wp-json\/wp\/v2\/product\/16646","targetHints":{"allow":["GET"]}}],"collection":[{"href":"https:\/\/www.easly.nl\/fr\/wp-json\/wp\/v2\/product"}],"about":[{"href":"https:\/\/www.easly.nl\/fr\/wp-json\/wp\/v2\/types\/product"}],"version-history":[{"count":0,"href":"https:\/\/www.easly.nl\/fr\/wp-json\/wp\/v2\/product\/16646\/revisions"}],"wp:featuredmedia":[{"embeddable":true,"href":"https:\/\/www.easly.nl\/fr\/wp-json\/wp\/v2\/media\/31740"}],"wp:attachment":[{"href":"https:\/\/www.easly.nl\/fr\/wp-json\/wp\/v2\/media?parent=16646"}],"wp:term":[{"taxonomy":"product_cat","embeddable":true,"href":"https:\/\/www.easly.nl\/fr\/wp-json\/wp\/v2\/product_cat?post=16646"},{"taxonomy":"product_tag","embeddable":true,"href":"https:\/\/www.easly.nl\/fr\/wp-json\/wp\/v2\/product_tag?post=16646"}],"curies":[{"name":"wp","href":"https:\/\/api.w.org\/{rel}","templated":true}]}}