{"id":16645,"date":"2024-03-12T17:26:35","date_gmt":"2023-02-06T14:46:12","guid":{"rendered":"https:\/\/www.easly.nl\/product\/essentiel-4-avant-les-maladies-auriculaires-et-vasculaires-avec-cette-examen-general-complet-du-sang\/"},"modified":"2025-01-17T09:47:50","modified_gmt":"2025-01-17T08:47:50","slug":"essential-4-wees-hart-en-vaatziekten-voor-met-dit-algemene-uitgebreide-bloedonderzoek","status":"publish","type":"product","link":"https:\/\/www.easly.nl\/fr\/test-de-sante-totale\/prise-de-sang-essential-4\/","title":{"rendered":"Essential 4: Test sanguin \u00e0 domicile"},"content":{"rendered":"<p>Les maladies cardiovasculaires sont la premi\u00e8re cause de mortalit\u00e9 dans le monde occidental, entra\u00eenant des co\u00fbts de sant\u00e9 \u00e9lev\u00e9s et n\u00e9cessitant des soins intensifs. La d\u00e9tection et le traitement pr\u00e9coces des maladies cardiovasculaires sont de la plus haute importance. \u00c0 cette fin, le forfait Essentiel 4 a \u00e9t\u00e9 d\u00e9velopp\u00e9 pour fournir une compr\u00e9hension compl\u00e8te de votre sant\u00e9. Ce forfait comprend une analyse de sang g\u00e9n\u00e9ral d&#8217;Easly, qui teste sp\u00e9cifiquement votre risque de maladie cardiovasculaire.<\/p>\n<p>Ce test de sant\u00e9 pr\u00e9ventif est con\u00e7u pour toute personne qui souhaite \u00e9valuer son \u00e9tat de sant\u00e9. Les tests sanguins \u00e0 domicile d&#8217;Easly vous permettent d&#8217;effectuer facilement le test \u00e0 un moment et \u00e0 un endroit qui vous conviennent, dans le confort de votre foyer. Notre plateforme en ligne offre un moyen simple et fiable d&#8217;acc\u00e9der \u00e0 vos r\u00e9sultats.<\/p>\n","protected":false},"excerpt":{"rendered":"<p>Testez \u00e0 la maison si vous avez un risque accru de maladie cardiovasculaire. Mesurer le cholest\u00e9rol, la cr\u00e9atinine et les triglyc\u00e9rides. R\u00e9sultats rapides et conseils du m\u00e9decin.<\/p>\n","protected":false},"featured_media":31684,"template":"","meta":{"_acf_changed":false,"footnotes":""},"product_cat":[637,1007,429,435],"product_tag":[2003],"class_list":{"0":"post-16645","1":"product","2":"type-product","3":"status-publish","4":"has-post-thumbnail","6":"product_cat-le-plus-populaire","7":"product_cat-style-de-vie-et-vitamines","8":"product_cat-sante-generale","9":"product_cat-non-classe","10":"product_tag-maintenant-a-prix-reduit","12":"first","13":"instock","14":"sale","15":"taxable","16":"shipping-taxable","17":"purchasable","18":"product-type-simple"},"acf":[],"yoast_head":"<!-- This site is optimized with the Yoast SEO plugin v24.3 - https:\/\/yoast.com\/wordpress\/plugins\/seo\/ -->\n<title>Surveiller, analyser, agir: analyse de sang \u00e0 domicile pour une surveillance compl\u00e8te et des d\u00e9cisions \u00e9clair\u00e9es.<\/title>\n<meta name=\"description\" content=\"Naviguez facilement dans votre parcours de sant\u00e9 gr\u00e2ce \u00e0 notre prise de sang fiable \u00e0 domicile, offrant un suivi complet et une prise de d\u00e9cision \u00e9clair\u00e9e\" \/>\n<meta name=\"robots\" content=\"index, follow, max-snippet:-1, max-image-preview:large, max-video-preview:-1\" \/>\n<link rel=\"canonical\" href=\"https:\/\/www.easly.nl\/fr\/test-de-sante-totale\/prise-de-sang-essential-4\/\" \/>\n<meta property=\"og:locale\" content=\"fr_FR\" \/>\n<meta property=\"og:type\" content=\"article\" \/>\n<meta property=\"og:title\" content=\"Surveiller, analyser, agir: analyse de sang \u00e0 domicile pour une surveillance compl\u00e8te et des d\u00e9cisions \u00e9clair\u00e9es.\" \/>\n<meta property=\"og:description\" content=\"Naviguez facilement dans votre parcours de sant\u00e9 gr\u00e2ce \u00e0 notre prise de sang fiable \u00e0 domicile, offrant un suivi complet et une prise de d\u00e9cision \u00e9clair\u00e9e\" \/>\n<meta property=\"og:url\" content=\"https:\/\/www.easly.nl\/fr\/test-de-sante-totale\/prise-de-sang-essential-4\/\" \/>\n<meta property=\"og:site_name\" content=\"Easly Shop\" \/>\n<meta property=\"article:modified_time\" content=\"2025-01-17T08:47:50+00:00\" \/>\n<meta property=\"og:image\" content=\"https:\/\/www.easly.nl\/wp-content\/uploads\/sites\/13\/2022\/09\/Easly-Essential-4-8720256100195.webp\" \/>\n\t<meta property=\"og:image:width\" content=\"1044\" \/>\n\t<meta property=\"og:image:height\" content=\"804\" \/>\n\t<meta property=\"og:image:type\" content=\"image\/webp\" \/>\n<meta name=\"twitter:card\" content=\"summary_large_image\" \/>\n<meta name=\"twitter:label1\" content=\"Dur\u00e9e de lecture estim\u00e9e\" \/>\n\t<meta name=\"twitter:data1\" content=\"1 minute\" \/>\n<script type=\"application\/ld+json\" class=\"yoast-schema-graph\">{\"@context\":\"https:\/\/schema.org\",\"@graph\":[{\"@type\":\"WebPage\",\"@id\":\"https:\/\/www.easly.nl\/fr\/test-de-sante-totale\/prise-de-sang-essential-4\/\",\"url\":\"https:\/\/www.easly.nl\/fr\/test-de-sante-totale\/prise-de-sang-essential-4\/\",\"name\":\"Surveiller, analyser, agir: analyse de sang \u00e0 domicile pour une surveillance compl\u00e8te et des d\u00e9cisions \u00e9clair\u00e9es.\",\"isPartOf\":{\"@id\":\"https:\/\/www.easly.nl\/fr\/#website\"},\"primaryImageOfPage\":{\"@id\":\"https:\/\/www.easly.nl\/fr\/test-de-sante-totale\/prise-de-sang-essential-4\/#primaryimage\"},\"image\":{\"@id\":\"https:\/\/www.easly.nl\/fr\/test-de-sante-totale\/prise-de-sang-essential-4\/#primaryimage\"},\"thumbnailUrl\":\"https:\/\/www.easly.nl\/wp-content\/uploads\/sites\/13\/2022\/09\/Easly-Essential-4-8720256100195.webp\",\"datePublished\":\"2023-02-06T14:46:12+00:00\",\"dateModified\":\"2025-01-17T08:47:50+00:00\",\"description\":\"Naviguez facilement dans votre parcours de sant\u00e9 gr\u00e2ce \u00e0 notre prise de sang fiable \u00e0 domicile, offrant un suivi complet et une prise de d\u00e9cision \u00e9clair\u00e9e\",\"breadcrumb\":{\"@id\":\"https:\/\/www.easly.nl\/fr\/test-de-sante-totale\/prise-de-sang-essential-4\/#breadcrumb\"},\"inLanguage\":\"fr-FR\",\"potentialAction\":[{\"@type\":\"ReadAction\",\"target\":[\"https:\/\/www.easly.nl\/fr\/test-de-sante-totale\/prise-de-sang-essential-4\/\"]}]},{\"@type\":\"ImageObject\",\"inLanguage\":\"fr-FR\",\"@id\":\"https:\/\/www.easly.nl\/fr\/test-de-sante-totale\/prise-de-sang-essential-4\/#primaryimage\",\"url\":\"https:\/\/www.easly.nl\/wp-content\/uploads\/sites\/13\/2022\/09\/Easly-Essential-4-8720256100195.webp\",\"contentUrl\":\"https:\/\/www.easly.nl\/wp-content\/uploads\/sites\/13\/2022\/09\/Easly-Essential-4-8720256100195.webp\",\"width\":1044,\"height\":804,\"caption\":\"Health check blood test: Essential 4\"},{\"@type\":\"BreadcrumbList\",\"@id\":\"https:\/\/www.easly.nl\/fr\/test-de-sante-totale\/prise-de-sang-essential-4\/#breadcrumb\",\"itemListElement\":[{\"@type\":\"ListItem\",\"position\":1,\"name\":\"D'accueil\",\"item\":\"https:\/\/www.easly.nl\/fr\/\"},{\"@type\":\"ListItem\",\"position\":2,\"name\":\"Shop\",\"item\":\"https:\/\/www.easly.nl\/fr\/shop\/\"},{\"@type\":\"ListItem\",\"position\":3,\"name\":\"Essential 4: Test sanguin \u00e0 domicile\"}]},{\"@type\":\"WebSite\",\"@id\":\"https:\/\/www.easly.nl\/fr\/#website\",\"url\":\"https:\/\/www.easly.nl\/fr\/\",\"name\":\"Easly Shop\",\"description\":\"Safe &amp; simple online COVID testing\",\"publisher\":{\"@id\":\"https:\/\/www.easly.nl\/fr\/#organization\"},\"potentialAction\":[{\"@type\":\"SearchAction\",\"target\":{\"@type\":\"EntryPoint\",\"urlTemplate\":\"https:\/\/www.easly.nl\/fr\/?s={search_term_string}\"},\"query-input\":{\"@type\":\"PropertyValueSpecification\",\"valueRequired\":true,\"valueName\":\"search_term_string\"}}],\"inLanguage\":\"fr-FR\"},{\"@type\":\"Organization\",\"@id\":\"https:\/\/www.easly.nl\/fr\/#organization\",\"name\":\"Easly.nl\",\"url\":\"https:\/\/www.easly.nl\/fr\/\",\"logo\":{\"@type\":\"ImageObject\",\"inLanguage\":\"fr-FR\",\"@id\":\"https:\/\/www.easly.nl\/fr\/#\/schema\/logo\/image\/\",\"url\":\"https:\/\/www.easly.nl\/wp-content\/uploads\/sites\/13\/2022\/10\/easly_logoslogan_color.png\",\"contentUrl\":\"https:\/\/www.easly.nl\/wp-content\/uploads\/sites\/13\/2022\/10\/easly_logoslogan_color.png\",\"width\":157,\"height\":38,\"caption\":\"Easly.nl\"},\"image\":{\"@id\":\"https:\/\/www.easly.nl\/fr\/#\/schema\/logo\/image\/\"}}]}<\/script>\n<!-- \/ Yoast SEO plugin. -->","yoast_head_json":{"title":"Surveiller, analyser, agir: analyse de sang \u00e0 domicile pour une surveillance compl\u00e8te et des d\u00e9cisions \u00e9clair\u00e9es.","description":"Naviguez facilement dans votre parcours de sant\u00e9 gr\u00e2ce \u00e0 notre prise de sang fiable \u00e0 domicile, offrant un suivi complet et une prise de d\u00e9cision \u00e9clair\u00e9e","robots":{"index":"index","follow":"follow","max-snippet":"max-snippet:-1","max-image-preview":"max-image-preview:large","max-video-preview":"max-video-preview:-1"},"canonical":"https:\/\/www.easly.nl\/fr\/test-de-sante-totale\/prise-de-sang-essential-4\/","og_locale":"fr_FR","og_type":"article","og_title":"Surveiller, analyser, agir: analyse de sang \u00e0 domicile pour une surveillance compl\u00e8te et des d\u00e9cisions \u00e9clair\u00e9es.","og_description":"Naviguez facilement dans votre parcours de sant\u00e9 gr\u00e2ce \u00e0 notre prise de sang fiable \u00e0 domicile, offrant un suivi complet et une prise de d\u00e9cision \u00e9clair\u00e9e","og_url":"https:\/\/www.easly.nl\/fr\/test-de-sante-totale\/prise-de-sang-essential-4\/","og_site_name":"Easly Shop","article_modified_time":"2025-01-17T08:47:50+00:00","og_image":[{"width":1044,"height":804,"url":"https:\/\/www.easly.nl\/wp-content\/uploads\/sites\/13\/2022\/09\/Easly-Essential-4-8720256100195.webp","type":"image\/webp"}],"twitter_card":"summary_large_image","twitter_misc":{"Dur\u00e9e de lecture estim\u00e9e":"1 minute"},"schema":{"@context":"https:\/\/schema.org","@graph":[{"@type":"WebPage","@id":"https:\/\/www.easly.nl\/fr\/test-de-sante-totale\/prise-de-sang-essential-4\/","url":"https:\/\/www.easly.nl\/fr\/test-de-sante-totale\/prise-de-sang-essential-4\/","name":"Surveiller, analyser, agir: analyse de sang \u00e0 domicile pour une surveillance compl\u00e8te et des d\u00e9cisions \u00e9clair\u00e9es.","isPartOf":{"@id":"https:\/\/www.easly.nl\/fr\/#website"},"primaryImageOfPage":{"@id":"https:\/\/www.easly.nl\/fr\/test-de-sante-totale\/prise-de-sang-essential-4\/#primaryimage"},"image":{"@id":"https:\/\/www.easly.nl\/fr\/test-de-sante-totale\/prise-de-sang-essential-4\/#primaryimage"},"thumbnailUrl":"https:\/\/www.easly.nl\/wp-content\/uploads\/sites\/13\/2022\/09\/Easly-Essential-4-8720256100195.webp","datePublished":"2023-02-06T14:46:12+00:00","dateModified":"2025-01-17T08:47:50+00:00","description":"Naviguez facilement dans votre parcours de sant\u00e9 gr\u00e2ce \u00e0 notre prise de sang fiable \u00e0 domicile, offrant un suivi complet et une prise de d\u00e9cision \u00e9clair\u00e9e","breadcrumb":{"@id":"https:\/\/www.easly.nl\/fr\/test-de-sante-totale\/prise-de-sang-essential-4\/#breadcrumb"},"inLanguage":"fr-FR","potentialAction":[{"@type":"ReadAction","target":["https:\/\/www.easly.nl\/fr\/test-de-sante-totale\/prise-de-sang-essential-4\/"]}]},{"@type":"ImageObject","inLanguage":"fr-FR","@id":"https:\/\/www.easly.nl\/fr\/test-de-sante-totale\/prise-de-sang-essential-4\/#primaryimage","url":"https:\/\/www.easly.nl\/wp-content\/uploads\/sites\/13\/2022\/09\/Easly-Essential-4-8720256100195.webp","contentUrl":"https:\/\/www.easly.nl\/wp-content\/uploads\/sites\/13\/2022\/09\/Easly-Essential-4-8720256100195.webp","width":1044,"height":804,"caption":"Health check blood test: Essential 4"},{"@type":"BreadcrumbList","@id":"https:\/\/www.easly.nl\/fr\/test-de-sante-totale\/prise-de-sang-essential-4\/#breadcrumb","itemListElement":[{"@type":"ListItem","position":1,"name":"D'accueil","item":"https:\/\/www.easly.nl\/fr\/"},{"@type":"ListItem","position":2,"name":"Shop","item":"https:\/\/www.easly.nl\/fr\/shop\/"},{"@type":"ListItem","position":3,"name":"Essential 4: Test sanguin \u00e0 domicile"}]},{"@type":"WebSite","@id":"https:\/\/www.easly.nl\/fr\/#website","url":"https:\/\/www.easly.nl\/fr\/","name":"Easly Shop","description":"Safe &amp; simple online COVID testing","publisher":{"@id":"https:\/\/www.easly.nl\/fr\/#organization"},"potentialAction":[{"@type":"SearchAction","target":{"@type":"EntryPoint","urlTemplate":"https:\/\/www.easly.nl\/fr\/?s={search_term_string}"},"query-input":{"@type":"PropertyValueSpecification","valueRequired":true,"valueName":"search_term_string"}}],"inLanguage":"fr-FR"},{"@type":"Organization","@id":"https:\/\/www.easly.nl\/fr\/#organization","name":"Easly.nl","url":"https:\/\/www.easly.nl\/fr\/","logo":{"@type":"ImageObject","inLanguage":"fr-FR","@id":"https:\/\/www.easly.nl\/fr\/#\/schema\/logo\/image\/","url":"https:\/\/www.easly.nl\/wp-content\/uploads\/sites\/13\/2022\/10\/easly_logoslogan_color.png","contentUrl":"https:\/\/www.easly.nl\/wp-content\/uploads\/sites\/13\/2022\/10\/easly_logoslogan_color.png","width":157,"height":38,"caption":"Easly.nl"},"image":{"@id":"https:\/\/www.easly.nl\/fr\/#\/schema\/logo\/image\/"}}]}},"_links":{"self":[{"href":"https:\/\/www.easly.nl\/fr\/wp-json\/wp\/v2\/product\/16645","targetHints":{"allow":["GET"]}}],"collection":[{"href":"https:\/\/www.easly.nl\/fr\/wp-json\/wp\/v2\/product"}],"about":[{"href":"https:\/\/www.easly.nl\/fr\/wp-json\/wp\/v2\/types\/product"}],"version-history":[{"count":1,"href":"https:\/\/www.easly.nl\/fr\/wp-json\/wp\/v2\/product\/16645\/revisions"}],"predecessor-version":[{"id":54822,"href":"https:\/\/www.easly.nl\/fr\/wp-json\/wp\/v2\/product\/16645\/revisions\/54822"}],"wp:featuredmedia":[{"embeddable":true,"href":"https:\/\/www.easly.nl\/fr\/wp-json\/wp\/v2\/media\/31684"}],"wp:attachment":[{"href":"https:\/\/www.easly.nl\/fr\/wp-json\/wp\/v2\/media?parent=16645"}],"wp:term":[{"taxonomy":"product_cat","embeddable":true,"href":"https:\/\/www.easly.nl\/fr\/wp-json\/wp\/v2\/product_cat?post=16645"},{"taxonomy":"product_tag","embeddable":true,"href":"https:\/\/www.easly.nl\/fr\/wp-json\/wp\/v2\/product_tag?post=16645"}],"curies":[{"name":"wp","href":"https:\/\/api.w.org\/{rel}","templated":true}]}}