{"id":16640,"date":"2022-09-21T12:49:21","date_gmt":"2023-02-06T13:12:57","guid":{"rendered":"https:\/\/www.easly.nl\/product\/test-de-depistage-des-maladies-cardiaques\/"},"modified":"2024-11-29T01:06:28","modified_gmt":"2024-11-29T00:06:28","slug":"hart-en-vaatziekten-test","status":"publish","type":"product","link":"https:\/\/www.easly.nl\/fr\/test-de-sante-totale\/cpr-prise-de-sang\/","title":{"rendered":"CRP Prise de Sang \u00e0 Domicile"},"content":{"rendered":"<p><span style=\"font-weight: 400\">Dans le cas d&#8217;une maladie cardiaque (maladie cardiovasculaire), les vaisseaux sanguins de l&#8217;organisme se resserrent en raison du <\/span><i><br \/>\n<span style=\"font-weight: 400\">plaques<\/span><br \/>\n<\/i><span style=\"font-weight: 400\"> qui ont surgi. Ce ph\u00e9nom\u00e8ne est \u00e9galement connu sous le nom d&#8217;art\u00e9rioscl\u00e9rose ou d&#8217;ath\u00e9roscl\u00e9rose. <\/span><span style=\"font-weight: 400\">Si le <\/span><span style=\"font-weight: 400\">Les vaisseaux se r\u00e9tr\u00e9cissent, le sang et l&#8217;oxyg\u00e8ne circulent moins vers les tissus et les organes. Dans ce cas, tous les organes sont plus ou moins touch\u00e9s, ce qui entra\u00eene une vari\u00e9t\u00e9 de sympt\u00f4mes et peut conduire \u00e0 des affections aigu\u00ebs graves, comme une crise cardiaque. <\/span><\/p>\n<p>Chez Easly, nous croyons \u00e0 la recherche pr\u00e9ventive. Faites donc vous-m\u00eame le test maison des maladies cardiovasculaires et restez en bonne sant\u00e9 !<\/p>\n","protected":false},"excerpt":{"rendered":"<p>L&#8217;accumulation de plaque dans les vaisseaux sanguins peut causer des probl\u00e8mes. Cet autotest d\u00e9termine si vous avez un risque accru de maladie cardiovasculaire.<\/p>\n","protected":false},"featured_media":31775,"template":"","meta":{"_acf_changed":false,"footnotes":""},"product_cat":[429,435],"product_tag":[867],"class_list":{"0":"post-16640","1":"product","2":"type-product","3":"status-publish","4":"has-post-thumbnail","6":"product_cat-sante-generale","7":"product_cat-non-classe","8":"product_tag-interpretation-et-conseils-medicaux","10":"first","11":"instock","12":"taxable","13":"shipping-taxable","14":"purchasable","15":"product-type-simple"},"acf":[],"yoast_head":"<!-- This site is optimized with the Yoast SEO plugin v24.3 - https:\/\/yoast.com\/wordpress\/plugins\/seo\/ -->\n<title>Restez vigilant et passez crp prise de sang \u00e0 domicile d&#039;Easly!<\/title>\n<meta name=\"description\" content=\"Chez Easyly, nous croyons en la recherche pr\u00e9ventive. Alors faites le crp prise de sang \u00e0 domicile et restez en bonne sant\u00e9!\" \/>\n<meta name=\"robots\" content=\"index, follow, max-snippet:-1, max-image-preview:large, max-video-preview:-1\" \/>\n<link rel=\"canonical\" href=\"https:\/\/www.easly.nl\/fr\/test-de-sante-totale\/cpr-prise-de-sang\/\" \/>\n<meta property=\"og:locale\" content=\"fr_FR\" \/>\n<meta property=\"og:type\" content=\"article\" \/>\n<meta property=\"og:title\" content=\"Restez vigilant et passez crp prise de sang \u00e0 domicile d&#039;Easly!\" \/>\n<meta property=\"og:description\" content=\"Chez Easyly, nous croyons en la recherche pr\u00e9ventive. Alors faites le crp prise de sang \u00e0 domicile et restez en bonne sant\u00e9!\" \/>\n<meta property=\"og:url\" content=\"https:\/\/www.easly.nl\/fr\/test-de-sante-totale\/cpr-prise-de-sang\/\" \/>\n<meta property=\"og:site_name\" content=\"Easly Shop\" \/>\n<meta property=\"article:modified_time\" content=\"2024-11-29T00:06:28+00:00\" \/>\n<meta property=\"og:image\" content=\"https:\/\/www.easly.nl\/wp-content\/uploads\/sites\/13\/2022\/09\/Easly-Hart-en-vaatziekten-8720256100072.webp\" \/>\n\t<meta property=\"og:image:width\" content=\"1044\" \/>\n\t<meta property=\"og:image:height\" content=\"804\" \/>\n\t<meta property=\"og:image:type\" content=\"image\/webp\" \/>\n<meta name=\"twitter:card\" content=\"summary_large_image\" \/>\n<meta name=\"twitter:label1\" content=\"Dur\u00e9e de lecture estim\u00e9e\" \/>\n\t<meta name=\"twitter:data1\" content=\"1 minute\" \/>\n<script type=\"application\/ld+json\" class=\"yoast-schema-graph\">{\"@context\":\"https:\/\/schema.org\",\"@graph\":[{\"@type\":\"WebPage\",\"@id\":\"https:\/\/www.easly.nl\/fr\/test-de-sante-totale\/cpr-prise-de-sang\/\",\"url\":\"https:\/\/www.easly.nl\/fr\/test-de-sante-totale\/cpr-prise-de-sang\/\",\"name\":\"Restez vigilant et passez crp prise de sang \u00e0 domicile d'Easly!\",\"isPartOf\":{\"@id\":\"https:\/\/www.easly.nl\/fr\/#website\"},\"primaryImageOfPage\":{\"@id\":\"https:\/\/www.easly.nl\/fr\/test-de-sante-totale\/cpr-prise-de-sang\/#primaryimage\"},\"image\":{\"@id\":\"https:\/\/www.easly.nl\/fr\/test-de-sante-totale\/cpr-prise-de-sang\/#primaryimage\"},\"thumbnailUrl\":\"https:\/\/www.easly.nl\/wp-content\/uploads\/sites\/13\/2022\/09\/Easly-Hart-en-vaatziekten-8720256100072.webp\",\"datePublished\":\"2023-02-06T13:12:57+00:00\",\"dateModified\":\"2024-11-29T00:06:28+00:00\",\"description\":\"Chez Easyly, nous croyons en la recherche pr\u00e9ventive. Alors faites le crp prise de sang \u00e0 domicile et restez en bonne sant\u00e9!\",\"breadcrumb\":{\"@id\":\"https:\/\/www.easly.nl\/fr\/test-de-sante-totale\/cpr-prise-de-sang\/#breadcrumb\"},\"inLanguage\":\"fr-FR\",\"potentialAction\":[{\"@type\":\"ReadAction\",\"target\":[\"https:\/\/www.easly.nl\/fr\/test-de-sante-totale\/cpr-prise-de-sang\/\"]}]},{\"@type\":\"ImageObject\",\"inLanguage\":\"fr-FR\",\"@id\":\"https:\/\/www.easly.nl\/fr\/test-de-sante-totale\/cpr-prise-de-sang\/#primaryimage\",\"url\":\"https:\/\/www.easly.nl\/wp-content\/uploads\/sites\/13\/2022\/09\/Easly-Hart-en-vaatziekten-8720256100072.webp\",\"contentUrl\":\"https:\/\/www.easly.nl\/wp-content\/uploads\/sites\/13\/2022\/09\/Easly-Hart-en-vaatziekten-8720256100072.webp\",\"width\":1044,\"height\":804,\"caption\":\"Hart- en vaatziekten test\"},{\"@type\":\"BreadcrumbList\",\"@id\":\"https:\/\/www.easly.nl\/fr\/test-de-sante-totale\/cpr-prise-de-sang\/#breadcrumb\",\"itemListElement\":[{\"@type\":\"ListItem\",\"position\":1,\"name\":\"D'accueil\",\"item\":\"https:\/\/www.easly.nl\/fr\/\"},{\"@type\":\"ListItem\",\"position\":2,\"name\":\"Shop\",\"item\":\"https:\/\/www.easly.nl\/fr\/shop\/\"},{\"@type\":\"ListItem\",\"position\":3,\"name\":\"CRP Prise de Sang \u00e0 Domicile\"}]},{\"@type\":\"WebSite\",\"@id\":\"https:\/\/www.easly.nl\/fr\/#website\",\"url\":\"https:\/\/www.easly.nl\/fr\/\",\"name\":\"Easly Shop\",\"description\":\"Safe &amp; simple online COVID testing\",\"publisher\":{\"@id\":\"https:\/\/www.easly.nl\/fr\/#organization\"},\"potentialAction\":[{\"@type\":\"SearchAction\",\"target\":{\"@type\":\"EntryPoint\",\"urlTemplate\":\"https:\/\/www.easly.nl\/fr\/?s={search_term_string}\"},\"query-input\":{\"@type\":\"PropertyValueSpecification\",\"valueRequired\":true,\"valueName\":\"search_term_string\"}}],\"inLanguage\":\"fr-FR\"},{\"@type\":\"Organization\",\"@id\":\"https:\/\/www.easly.nl\/fr\/#organization\",\"name\":\"Easly.nl\",\"url\":\"https:\/\/www.easly.nl\/fr\/\",\"logo\":{\"@type\":\"ImageObject\",\"inLanguage\":\"fr-FR\",\"@id\":\"https:\/\/www.easly.nl\/fr\/#\/schema\/logo\/image\/\",\"url\":\"https:\/\/www.easly.nl\/wp-content\/uploads\/sites\/13\/2022\/10\/easly_logoslogan_color.png\",\"contentUrl\":\"https:\/\/www.easly.nl\/wp-content\/uploads\/sites\/13\/2022\/10\/easly_logoslogan_color.png\",\"width\":157,\"height\":38,\"caption\":\"Easly.nl\"},\"image\":{\"@id\":\"https:\/\/www.easly.nl\/fr\/#\/schema\/logo\/image\/\"}}]}<\/script>\n<!-- \/ Yoast SEO plugin. -->","yoast_head_json":{"title":"Restez vigilant et passez crp prise de sang \u00e0 domicile d'Easly!","description":"Chez Easyly, nous croyons en la recherche pr\u00e9ventive. Alors faites le crp prise de sang \u00e0 domicile et restez en bonne sant\u00e9!","robots":{"index":"index","follow":"follow","max-snippet":"max-snippet:-1","max-image-preview":"max-image-preview:large","max-video-preview":"max-video-preview:-1"},"canonical":"https:\/\/www.easly.nl\/fr\/test-de-sante-totale\/cpr-prise-de-sang\/","og_locale":"fr_FR","og_type":"article","og_title":"Restez vigilant et passez crp prise de sang \u00e0 domicile d'Easly!","og_description":"Chez Easyly, nous croyons en la recherche pr\u00e9ventive. Alors faites le crp prise de sang \u00e0 domicile et restez en bonne sant\u00e9!","og_url":"https:\/\/www.easly.nl\/fr\/test-de-sante-totale\/cpr-prise-de-sang\/","og_site_name":"Easly Shop","article_modified_time":"2024-11-29T00:06:28+00:00","og_image":[{"width":1044,"height":804,"url":"https:\/\/www.easly.nl\/wp-content\/uploads\/sites\/13\/2022\/09\/Easly-Hart-en-vaatziekten-8720256100072.webp","type":"image\/webp"}],"twitter_card":"summary_large_image","twitter_misc":{"Dur\u00e9e de lecture estim\u00e9e":"1 minute"},"schema":{"@context":"https:\/\/schema.org","@graph":[{"@type":"WebPage","@id":"https:\/\/www.easly.nl\/fr\/test-de-sante-totale\/cpr-prise-de-sang\/","url":"https:\/\/www.easly.nl\/fr\/test-de-sante-totale\/cpr-prise-de-sang\/","name":"Restez vigilant et passez crp prise de sang \u00e0 domicile d'Easly!","isPartOf":{"@id":"https:\/\/www.easly.nl\/fr\/#website"},"primaryImageOfPage":{"@id":"https:\/\/www.easly.nl\/fr\/test-de-sante-totale\/cpr-prise-de-sang\/#primaryimage"},"image":{"@id":"https:\/\/www.easly.nl\/fr\/test-de-sante-totale\/cpr-prise-de-sang\/#primaryimage"},"thumbnailUrl":"https:\/\/www.easly.nl\/wp-content\/uploads\/sites\/13\/2022\/09\/Easly-Hart-en-vaatziekten-8720256100072.webp","datePublished":"2023-02-06T13:12:57+00:00","dateModified":"2024-11-29T00:06:28+00:00","description":"Chez Easyly, nous croyons en la recherche pr\u00e9ventive. Alors faites le crp prise de sang \u00e0 domicile et restez en bonne sant\u00e9!","breadcrumb":{"@id":"https:\/\/www.easly.nl\/fr\/test-de-sante-totale\/cpr-prise-de-sang\/#breadcrumb"},"inLanguage":"fr-FR","potentialAction":[{"@type":"ReadAction","target":["https:\/\/www.easly.nl\/fr\/test-de-sante-totale\/cpr-prise-de-sang\/"]}]},{"@type":"ImageObject","inLanguage":"fr-FR","@id":"https:\/\/www.easly.nl\/fr\/test-de-sante-totale\/cpr-prise-de-sang\/#primaryimage","url":"https:\/\/www.easly.nl\/wp-content\/uploads\/sites\/13\/2022\/09\/Easly-Hart-en-vaatziekten-8720256100072.webp","contentUrl":"https:\/\/www.easly.nl\/wp-content\/uploads\/sites\/13\/2022\/09\/Easly-Hart-en-vaatziekten-8720256100072.webp","width":1044,"height":804,"caption":"Hart- en vaatziekten test"},{"@type":"BreadcrumbList","@id":"https:\/\/www.easly.nl\/fr\/test-de-sante-totale\/cpr-prise-de-sang\/#breadcrumb","itemListElement":[{"@type":"ListItem","position":1,"name":"D'accueil","item":"https:\/\/www.easly.nl\/fr\/"},{"@type":"ListItem","position":2,"name":"Shop","item":"https:\/\/www.easly.nl\/fr\/shop\/"},{"@type":"ListItem","position":3,"name":"CRP Prise de Sang \u00e0 Domicile"}]},{"@type":"WebSite","@id":"https:\/\/www.easly.nl\/fr\/#website","url":"https:\/\/www.easly.nl\/fr\/","name":"Easly Shop","description":"Safe &amp; simple online COVID testing","publisher":{"@id":"https:\/\/www.easly.nl\/fr\/#organization"},"potentialAction":[{"@type":"SearchAction","target":{"@type":"EntryPoint","urlTemplate":"https:\/\/www.easly.nl\/fr\/?s={search_term_string}"},"query-input":{"@type":"PropertyValueSpecification","valueRequired":true,"valueName":"search_term_string"}}],"inLanguage":"fr-FR"},{"@type":"Organization","@id":"https:\/\/www.easly.nl\/fr\/#organization","name":"Easly.nl","url":"https:\/\/www.easly.nl\/fr\/","logo":{"@type":"ImageObject","inLanguage":"fr-FR","@id":"https:\/\/www.easly.nl\/fr\/#\/schema\/logo\/image\/","url":"https:\/\/www.easly.nl\/wp-content\/uploads\/sites\/13\/2022\/10\/easly_logoslogan_color.png","contentUrl":"https:\/\/www.easly.nl\/wp-content\/uploads\/sites\/13\/2022\/10\/easly_logoslogan_color.png","width":157,"height":38,"caption":"Easly.nl"},"image":{"@id":"https:\/\/www.easly.nl\/fr\/#\/schema\/logo\/image\/"}}]}},"_links":{"self":[{"href":"https:\/\/www.easly.nl\/fr\/wp-json\/wp\/v2\/product\/16640","targetHints":{"allow":["GET"]}}],"collection":[{"href":"https:\/\/www.easly.nl\/fr\/wp-json\/wp\/v2\/product"}],"about":[{"href":"https:\/\/www.easly.nl\/fr\/wp-json\/wp\/v2\/types\/product"}],"version-history":[{"count":0,"href":"https:\/\/www.easly.nl\/fr\/wp-json\/wp\/v2\/product\/16640\/revisions"}],"wp:featuredmedia":[{"embeddable":true,"href":"https:\/\/www.easly.nl\/fr\/wp-json\/wp\/v2\/media\/31775"}],"wp:attachment":[{"href":"https:\/\/www.easly.nl\/fr\/wp-json\/wp\/v2\/media?parent=16640"}],"wp:term":[{"taxonomy":"product_cat","embeddable":true,"href":"https:\/\/www.easly.nl\/fr\/wp-json\/wp\/v2\/product_cat?post=16640"},{"taxonomy":"product_tag","embeddable":true,"href":"https:\/\/www.easly.nl\/fr\/wp-json\/wp\/v2\/product_tag?post=16640"}],"curies":[{"name":"wp","href":"https:\/\/api.w.org\/{rel}","templated":true}]}}