{"id":16639,"date":"2022-09-21T12:24:25","date_gmt":"2023-02-06T13:11:19","guid":{"rendered":"https:\/\/www.easly.nl\/product\/test-de-diabete\/"},"modified":"2025-09-04T15:35:36","modified_gmt":"2025-09-04T14:35:36","slug":"diabetes-test","status":"publish","type":"product","link":"https:\/\/www.easly.nl\/fr\/test-diabete\/","title":{"rendered":"Test de diab\u00e8te"},"content":{"rendered":"<p><span style=\"font-weight: 400\">Un test de diab\u00e8te \u00e0 domicile Easly est livr\u00e9 avec un test hba1c (sang) et un test de mesure du glucose (urine). Ce test sanguin complet pour le diab\u00e8te mesure les niveaux moyens de sucre dans le sang au cours des deux \u00e0 trois derniers mois avec une piq\u00fbre au doigt. Comme alternative au test HbA1c, le glucose dans l&#8217;urine peut \u00eatre mesur\u00e9.<\/span><\/p>\n","protected":false},"excerpt":{"rendered":"<p>Pour diagnostiquer ou surveiller le diab\u00e8te ou le pr\u00e9-diab\u00e8te, le stade du pr\u00e9-diab\u00e8te. Comprend une piq\u00fbre au doigt et un \u00e9chantillon d&#8217;urine.<\/p>\n","protected":false},"featured_media":31778,"template":"","meta":{"_acf_changed":false,"footnotes":""},"product_cat":[429,435],"product_tag":[867],"class_list":{"0":"post-16639","1":"product","2":"type-product","3":"status-publish","4":"has-post-thumbnail","6":"product_cat-sante-generale","7":"product_cat-non-classe","8":"product_tag-interpretation-et-conseils-medicaux","10":"first","11":"instock","12":"sale","13":"taxable","14":"shipping-taxable","15":"purchasable","16":"product-type-simple"},"acf":[],"yoast_head":"<!-- This site is optimized with the Yoast SEO plugin v24.3 - https:\/\/yoast.com\/wordpress\/plugins\/seo\/ -->\n<title>Test diab\u00e8te HbA1c \u00e0 domicile : surveillance facile et pr\u00e9cise de la glyc\u00e9mie pour un meilleur contr\u00f4le<\/title>\n<meta name=\"description\" content=\"Surveillez sans effort vos niveaux d&#039;HbA1c avec notre auto-test de prise de sang de diab\u00e8te \u00e0 domicile.\" \/>\n<meta name=\"robots\" content=\"index, follow, max-snippet:-1, max-image-preview:large, max-video-preview:-1\" \/>\n<link rel=\"canonical\" href=\"https:\/\/www.easly.nl\/fr\/test-diabete\/\" \/>\n<meta property=\"og:locale\" content=\"fr_FR\" \/>\n<meta property=\"og:type\" content=\"article\" \/>\n<meta property=\"og:title\" content=\"Test diab\u00e8te HbA1c \u00e0 domicile : surveillance facile et pr\u00e9cise de la glyc\u00e9mie pour un meilleur contr\u00f4le\" \/>\n<meta property=\"og:description\" content=\"Surveillez sans effort vos niveaux d&#039;HbA1c avec notre auto-test de prise de sang de diab\u00e8te \u00e0 domicile.\" \/>\n<meta property=\"og:url\" content=\"https:\/\/www.easly.nl\/fr\/test-diabete\/\" \/>\n<meta property=\"og:site_name\" content=\"Easly Shop\" \/>\n<meta property=\"article:modified_time\" content=\"2025-09-04T14:35:36+00:00\" \/>\n<meta property=\"og:image\" content=\"https:\/\/www.easly.nl\/wp-content\/uploads\/sites\/13\/2022\/09\/Easly-Diabetes-8720256100065.webp\" \/>\n\t<meta property=\"og:image:width\" content=\"1044\" \/>\n\t<meta property=\"og:image:height\" content=\"804\" \/>\n\t<meta property=\"og:image:type\" content=\"image\/webp\" \/>\n<meta name=\"twitter:card\" content=\"summary_large_image\" \/>\n<script type=\"application\/ld+json\" class=\"yoast-schema-graph\">{\"@context\":\"https:\/\/schema.org\",\"@graph\":[{\"@type\":\"WebPage\",\"@id\":\"https:\/\/www.easly.nl\/fr\/test-diabete\/\",\"url\":\"https:\/\/www.easly.nl\/fr\/test-diabete\/\",\"name\":\"Test diab\u00e8te HbA1c \u00e0 domicile : surveillance facile et pr\u00e9cise de la glyc\u00e9mie pour un meilleur contr\u00f4le\",\"isPartOf\":{\"@id\":\"https:\/\/www.easly.nl\/fr\/#website\"},\"primaryImageOfPage\":{\"@id\":\"https:\/\/www.easly.nl\/fr\/test-diabete\/#primaryimage\"},\"image\":{\"@id\":\"https:\/\/www.easly.nl\/fr\/test-diabete\/#primaryimage\"},\"thumbnailUrl\":\"https:\/\/www.easly.nl\/wp-content\/uploads\/sites\/13\/2022\/09\/Easly-Diabetes-8720256100065.webp\",\"datePublished\":\"2023-02-06T13:11:19+00:00\",\"dateModified\":\"2025-09-04T14:35:36+00:00\",\"description\":\"Surveillez sans effort vos niveaux d'HbA1c avec notre auto-test de prise de sang de diab\u00e8te \u00e0 domicile.\",\"breadcrumb\":{\"@id\":\"https:\/\/www.easly.nl\/fr\/test-diabete\/#breadcrumb\"},\"inLanguage\":\"fr-FR\",\"potentialAction\":[{\"@type\":\"ReadAction\",\"target\":[\"https:\/\/www.easly.nl\/fr\/test-diabete\/\"]}]},{\"@type\":\"ImageObject\",\"inLanguage\":\"fr-FR\",\"@id\":\"https:\/\/www.easly.nl\/fr\/test-diabete\/#primaryimage\",\"url\":\"https:\/\/www.easly.nl\/wp-content\/uploads\/sites\/13\/2022\/09\/Easly-Diabetes-8720256100065.webp\",\"contentUrl\":\"https:\/\/www.easly.nl\/wp-content\/uploads\/sites\/13\/2022\/09\/Easly-Diabetes-8720256100065.webp\",\"width\":1044,\"height\":804,\"caption\":\"Diabetes test\"},{\"@type\":\"BreadcrumbList\",\"@id\":\"https:\/\/www.easly.nl\/fr\/test-diabete\/#breadcrumb\",\"itemListElement\":[{\"@type\":\"ListItem\",\"position\":1,\"name\":\"D'accueil\",\"item\":\"https:\/\/www.easly.nl\/fr\/\"},{\"@type\":\"ListItem\",\"position\":2,\"name\":\"Shop\",\"item\":\"https:\/\/www.easly.nl\/fr\/shop\/\"},{\"@type\":\"ListItem\",\"position\":3,\"name\":\"Test de diab\u00e8te\"}]},{\"@type\":\"WebSite\",\"@id\":\"https:\/\/www.easly.nl\/fr\/#website\",\"url\":\"https:\/\/www.easly.nl\/fr\/\",\"name\":\"Easly Shop\",\"description\":\"Safe &amp; simple online COVID testing\",\"publisher\":{\"@id\":\"https:\/\/www.easly.nl\/fr\/#organization\"},\"potentialAction\":[{\"@type\":\"SearchAction\",\"target\":{\"@type\":\"EntryPoint\",\"urlTemplate\":\"https:\/\/www.easly.nl\/fr\/?s={search_term_string}\"},\"query-input\":{\"@type\":\"PropertyValueSpecification\",\"valueRequired\":true,\"valueName\":\"search_term_string\"}}],\"inLanguage\":\"fr-FR\"},{\"@type\":\"Organization\",\"@id\":\"https:\/\/www.easly.nl\/fr\/#organization\",\"name\":\"Easly.nl\",\"url\":\"https:\/\/www.easly.nl\/fr\/\",\"logo\":{\"@type\":\"ImageObject\",\"inLanguage\":\"fr-FR\",\"@id\":\"https:\/\/www.easly.nl\/fr\/#\/schema\/logo\/image\/\",\"url\":\"https:\/\/www.easly.nl\/wp-content\/uploads\/sites\/13\/2022\/10\/easly_logoslogan_color.png\",\"contentUrl\":\"https:\/\/www.easly.nl\/wp-content\/uploads\/sites\/13\/2022\/10\/easly_logoslogan_color.png\",\"width\":157,\"height\":38,\"caption\":\"Easly.nl\"},\"image\":{\"@id\":\"https:\/\/www.easly.nl\/fr\/#\/schema\/logo\/image\/\"}}]}<\/script>\n<!-- \/ Yoast SEO plugin. -->","yoast_head_json":{"title":"Test diab\u00e8te HbA1c \u00e0 domicile : surveillance facile et pr\u00e9cise de la glyc\u00e9mie pour un meilleur contr\u00f4le","description":"Surveillez sans effort vos niveaux d'HbA1c avec notre auto-test de prise de sang de diab\u00e8te \u00e0 domicile.","robots":{"index":"index","follow":"follow","max-snippet":"max-snippet:-1","max-image-preview":"max-image-preview:large","max-video-preview":"max-video-preview:-1"},"canonical":"https:\/\/www.easly.nl\/fr\/test-diabete\/","og_locale":"fr_FR","og_type":"article","og_title":"Test diab\u00e8te HbA1c \u00e0 domicile : surveillance facile et pr\u00e9cise de la glyc\u00e9mie pour un meilleur contr\u00f4le","og_description":"Surveillez sans effort vos niveaux d'HbA1c avec notre auto-test de prise de sang de diab\u00e8te \u00e0 domicile.","og_url":"https:\/\/www.easly.nl\/fr\/test-diabete\/","og_site_name":"Easly Shop","article_modified_time":"2025-09-04T14:35:36+00:00","og_image":[{"width":1044,"height":804,"url":"https:\/\/www.easly.nl\/wp-content\/uploads\/sites\/13\/2022\/09\/Easly-Diabetes-8720256100065.webp","type":"image\/webp"}],"twitter_card":"summary_large_image","schema":{"@context":"https:\/\/schema.org","@graph":[{"@type":"WebPage","@id":"https:\/\/www.easly.nl\/fr\/test-diabete\/","url":"https:\/\/www.easly.nl\/fr\/test-diabete\/","name":"Test diab\u00e8te HbA1c \u00e0 domicile : surveillance facile et pr\u00e9cise de la glyc\u00e9mie pour un meilleur contr\u00f4le","isPartOf":{"@id":"https:\/\/www.easly.nl\/fr\/#website"},"primaryImageOfPage":{"@id":"https:\/\/www.easly.nl\/fr\/test-diabete\/#primaryimage"},"image":{"@id":"https:\/\/www.easly.nl\/fr\/test-diabete\/#primaryimage"},"thumbnailUrl":"https:\/\/www.easly.nl\/wp-content\/uploads\/sites\/13\/2022\/09\/Easly-Diabetes-8720256100065.webp","datePublished":"2023-02-06T13:11:19+00:00","dateModified":"2025-09-04T14:35:36+00:00","description":"Surveillez sans effort vos niveaux d'HbA1c avec notre auto-test de prise de sang de diab\u00e8te \u00e0 domicile.","breadcrumb":{"@id":"https:\/\/www.easly.nl\/fr\/test-diabete\/#breadcrumb"},"inLanguage":"fr-FR","potentialAction":[{"@type":"ReadAction","target":["https:\/\/www.easly.nl\/fr\/test-diabete\/"]}]},{"@type":"ImageObject","inLanguage":"fr-FR","@id":"https:\/\/www.easly.nl\/fr\/test-diabete\/#primaryimage","url":"https:\/\/www.easly.nl\/wp-content\/uploads\/sites\/13\/2022\/09\/Easly-Diabetes-8720256100065.webp","contentUrl":"https:\/\/www.easly.nl\/wp-content\/uploads\/sites\/13\/2022\/09\/Easly-Diabetes-8720256100065.webp","width":1044,"height":804,"caption":"Diabetes test"},{"@type":"BreadcrumbList","@id":"https:\/\/www.easly.nl\/fr\/test-diabete\/#breadcrumb","itemListElement":[{"@type":"ListItem","position":1,"name":"D'accueil","item":"https:\/\/www.easly.nl\/fr\/"},{"@type":"ListItem","position":2,"name":"Shop","item":"https:\/\/www.easly.nl\/fr\/shop\/"},{"@type":"ListItem","position":3,"name":"Test de diab\u00e8te"}]},{"@type":"WebSite","@id":"https:\/\/www.easly.nl\/fr\/#website","url":"https:\/\/www.easly.nl\/fr\/","name":"Easly Shop","description":"Safe &amp; simple online COVID testing","publisher":{"@id":"https:\/\/www.easly.nl\/fr\/#organization"},"potentialAction":[{"@type":"SearchAction","target":{"@type":"EntryPoint","urlTemplate":"https:\/\/www.easly.nl\/fr\/?s={search_term_string}"},"query-input":{"@type":"PropertyValueSpecification","valueRequired":true,"valueName":"search_term_string"}}],"inLanguage":"fr-FR"},{"@type":"Organization","@id":"https:\/\/www.easly.nl\/fr\/#organization","name":"Easly.nl","url":"https:\/\/www.easly.nl\/fr\/","logo":{"@type":"ImageObject","inLanguage":"fr-FR","@id":"https:\/\/www.easly.nl\/fr\/#\/schema\/logo\/image\/","url":"https:\/\/www.easly.nl\/wp-content\/uploads\/sites\/13\/2022\/10\/easly_logoslogan_color.png","contentUrl":"https:\/\/www.easly.nl\/wp-content\/uploads\/sites\/13\/2022\/10\/easly_logoslogan_color.png","width":157,"height":38,"caption":"Easly.nl"},"image":{"@id":"https:\/\/www.easly.nl\/fr\/#\/schema\/logo\/image\/"}}]}},"_links":{"self":[{"href":"https:\/\/www.easly.nl\/fr\/wp-json\/wp\/v2\/product\/16639","targetHints":{"allow":["GET"]}}],"collection":[{"href":"https:\/\/www.easly.nl\/fr\/wp-json\/wp\/v2\/product"}],"about":[{"href":"https:\/\/www.easly.nl\/fr\/wp-json\/wp\/v2\/types\/product"}],"version-history":[{"count":2,"href":"https:\/\/www.easly.nl\/fr\/wp-json\/wp\/v2\/product\/16639\/revisions"}],"predecessor-version":[{"id":67283,"href":"https:\/\/www.easly.nl\/fr\/wp-json\/wp\/v2\/product\/16639\/revisions\/67283"}],"wp:featuredmedia":[{"embeddable":true,"href":"https:\/\/www.easly.nl\/fr\/wp-json\/wp\/v2\/media\/31778"}],"wp:attachment":[{"href":"https:\/\/www.easly.nl\/fr\/wp-json\/wp\/v2\/media?parent=16639"}],"wp:term":[{"taxonomy":"product_cat","embeddable":true,"href":"https:\/\/www.easly.nl\/fr\/wp-json\/wp\/v2\/product_cat?post=16639"},{"taxonomy":"product_tag","embeddable":true,"href":"https:\/\/www.easly.nl\/fr\/wp-json\/wp\/v2\/product_tag?post=16639"}],"curies":[{"name":"wp","href":"https:\/\/api.w.org\/{rel}","templated":true}]}}