{"id":16635,"date":"2022-09-21T07:07:30","date_gmt":"2023-02-06T12:59:23","guid":{"rendered":"https:\/\/www.easly.nl\/product\/test-de-cholesterol\/"},"modified":"2024-11-29T01:06:43","modified_gmt":"2024-11-29T00:06:43","slug":"cholesterol-test","status":"publish","type":"product","link":"https:\/\/www.easly.nl\/fr\/test-de-sante-totale\/test-cholesterol\/","title":{"rendered":"Cholest\u00e9rol"},"content":{"rendered":"<p><span style=\"font-weight: 400\">Pensez-vous que votre taux de cholest\u00e9rol peut \u00e9galement \u00eatre trop \u00e9lev\u00e9 ? Notre auto test de cholest\u00e9rol \u00e0 domicile offre un moyen facile d&#8217;\u00e9valuer votre taux de cholest\u00e9rol et de recevoir une interpr\u00e9tation m\u00e9dicale et des conseils de nos m\u00e9decins. Il est crucial de faire une prise de sang r\u00e9guli\u00e8rement pour v\u00e9rifier votre taux de cholest\u00e9rol, car un taux de cholest\u00e9rol \u00e9lev\u00e9 ne montre g\u00e9n\u00e9ralement aucun sympt\u00f4me perceptible. Si rien n&#8217;est fait, le taux de cholest\u00e9rol peut devenir dangereusement \u00e9lev\u00e9 et augmenter le risque de d\u00e9velopper une maladie cardiovasculaire.<\/span><\/p>\n","protected":false},"excerpt":{"rendered":"<p>Un taux de cholest\u00e9rol \u00e9lev\u00e9 augmente votre risque de maladie cardiovasculaire. D\u00e9terminez votre taux de cholest\u00e9rol rapidement et de mani\u00e8re fiable. R\u00e9sultats en ligne, avec conseils.<\/p>\n","protected":false},"featured_media":31784,"template":"","meta":{"_acf_changed":false,"footnotes":""},"product_cat":[1007,429,435],"product_tag":[867],"class_list":{"0":"post-16635","1":"product","2":"type-product","3":"status-publish","4":"has-post-thumbnail","6":"product_cat-style-de-vie-et-vitamines","7":"product_cat-sante-generale","8":"product_cat-non-classe","9":"product_tag-interpretation-et-conseils-medicaux","11":"first","12":"instock","13":"sale","14":"taxable","15":"shipping-taxable","16":"purchasable","17":"product-type-simple"},"acf":[],"yoast_head":"<!-- This site is optimized with the Yoast SEO plugin v24.3 - https:\/\/yoast.com\/wordpress\/plugins\/seo\/ -->\n<title>Auto test de cholest\u00e9rol \u00e0 domicile : contr\u00f4le simple et efficace de votre taux de cholest\u00e9rol.<\/title>\n<meta name=\"description\" content=\"Tester votre cholest\u00e9rol \u00e0 domicile et dites adieu aux longues attentes chez le m\u00e9decin. Obtenez des r\u00e9sultats de cholest\u00e9rol fiables avec notre kit de test \u00e0 domicile. Pratique, facile \u00e0 utiliser et pr\u00e9cis.\" \/>\n<meta name=\"robots\" content=\"index, follow, max-snippet:-1, max-image-preview:large, max-video-preview:-1\" \/>\n<link rel=\"canonical\" href=\"https:\/\/www.easly.nl\/fr\/test-de-sante-totale\/test-cholesterol\/\" \/>\n<meta property=\"og:locale\" content=\"fr_FR\" \/>\n<meta property=\"og:type\" content=\"article\" \/>\n<meta property=\"og:title\" content=\"Auto test de cholest\u00e9rol \u00e0 domicile : contr\u00f4le simple et efficace de votre taux de cholest\u00e9rol.\" \/>\n<meta property=\"og:description\" content=\"Tester votre cholest\u00e9rol \u00e0 domicile et dites adieu aux longues attentes chez le m\u00e9decin. Obtenez des r\u00e9sultats de cholest\u00e9rol fiables avec notre kit de test \u00e0 domicile. Pratique, facile \u00e0 utiliser et pr\u00e9cis.\" \/>\n<meta property=\"og:url\" content=\"https:\/\/www.easly.nl\/fr\/test-de-sante-totale\/test-cholesterol\/\" \/>\n<meta property=\"og:site_name\" content=\"Easly Shop\" \/>\n<meta property=\"article:modified_time\" content=\"2024-11-29T00:06:43+00:00\" \/>\n<meta property=\"og:image\" content=\"https:\/\/www.easly.nl\/wp-content\/uploads\/sites\/13\/2022\/09\/Easly-Cholesterol-8720256100058.webp\" \/>\n\t<meta property=\"og:image:width\" content=\"1044\" \/>\n\t<meta property=\"og:image:height\" content=\"804\" \/>\n\t<meta property=\"og:image:type\" content=\"image\/webp\" \/>\n<meta name=\"twitter:card\" content=\"summary_large_image\" \/>\n<meta name=\"twitter:label1\" content=\"Dur\u00e9e de lecture estim\u00e9e\" \/>\n\t<meta name=\"twitter:data1\" content=\"1 minute\" \/>\n<script type=\"application\/ld+json\" class=\"yoast-schema-graph\">{\"@context\":\"https:\/\/schema.org\",\"@graph\":[{\"@type\":\"WebPage\",\"@id\":\"https:\/\/www.easly.nl\/fr\/test-de-sante-totale\/test-cholesterol\/\",\"url\":\"https:\/\/www.easly.nl\/fr\/test-de-sante-totale\/test-cholesterol\/\",\"name\":\"Auto test de cholest\u00e9rol \u00e0 domicile : contr\u00f4le simple et efficace de votre taux de cholest\u00e9rol.\",\"isPartOf\":{\"@id\":\"https:\/\/www.easly.nl\/fr\/#website\"},\"primaryImageOfPage\":{\"@id\":\"https:\/\/www.easly.nl\/fr\/test-de-sante-totale\/test-cholesterol\/#primaryimage\"},\"image\":{\"@id\":\"https:\/\/www.easly.nl\/fr\/test-de-sante-totale\/test-cholesterol\/#primaryimage\"},\"thumbnailUrl\":\"https:\/\/www.easly.nl\/wp-content\/uploads\/sites\/13\/2022\/09\/Easly-Cholesterol-8720256100058.webp\",\"datePublished\":\"2023-02-06T12:59:23+00:00\",\"dateModified\":\"2024-11-29T00:06:43+00:00\",\"description\":\"Tester votre cholest\u00e9rol \u00e0 domicile et dites adieu aux longues attentes chez le m\u00e9decin. Obtenez des r\u00e9sultats de cholest\u00e9rol fiables avec notre kit de test \u00e0 domicile. Pratique, facile \u00e0 utiliser et pr\u00e9cis.\",\"breadcrumb\":{\"@id\":\"https:\/\/www.easly.nl\/fr\/test-de-sante-totale\/test-cholesterol\/#breadcrumb\"},\"inLanguage\":\"fr-FR\",\"potentialAction\":[{\"@type\":\"ReadAction\",\"target\":[\"https:\/\/www.easly.nl\/fr\/test-de-sante-totale\/test-cholesterol\/\"]}]},{\"@type\":\"ImageObject\",\"inLanguage\":\"fr-FR\",\"@id\":\"https:\/\/www.easly.nl\/fr\/test-de-sante-totale\/test-cholesterol\/#primaryimage\",\"url\":\"https:\/\/www.easly.nl\/wp-content\/uploads\/sites\/13\/2022\/09\/Easly-Cholesterol-8720256100058.webp\",\"contentUrl\":\"https:\/\/www.easly.nl\/wp-content\/uploads\/sites\/13\/2022\/09\/Easly-Cholesterol-8720256100058.webp\",\"width\":1044,\"height\":804,\"caption\":\"Cholesterol test\"},{\"@type\":\"BreadcrumbList\",\"@id\":\"https:\/\/www.easly.nl\/fr\/test-de-sante-totale\/test-cholesterol\/#breadcrumb\",\"itemListElement\":[{\"@type\":\"ListItem\",\"position\":1,\"name\":\"D'accueil\",\"item\":\"https:\/\/www.easly.nl\/fr\/\"},{\"@type\":\"ListItem\",\"position\":2,\"name\":\"Shop\",\"item\":\"https:\/\/www.easly.nl\/fr\/shop\/\"},{\"@type\":\"ListItem\",\"position\":3,\"name\":\"Cholest\u00e9rol\"}]},{\"@type\":\"WebSite\",\"@id\":\"https:\/\/www.easly.nl\/fr\/#website\",\"url\":\"https:\/\/www.easly.nl\/fr\/\",\"name\":\"Easly Shop\",\"description\":\"Safe &amp; simple online COVID testing\",\"publisher\":{\"@id\":\"https:\/\/www.easly.nl\/fr\/#organization\"},\"potentialAction\":[{\"@type\":\"SearchAction\",\"target\":{\"@type\":\"EntryPoint\",\"urlTemplate\":\"https:\/\/www.easly.nl\/fr\/?s={search_term_string}\"},\"query-input\":{\"@type\":\"PropertyValueSpecification\",\"valueRequired\":true,\"valueName\":\"search_term_string\"}}],\"inLanguage\":\"fr-FR\"},{\"@type\":\"Organization\",\"@id\":\"https:\/\/www.easly.nl\/fr\/#organization\",\"name\":\"Easly.nl\",\"url\":\"https:\/\/www.easly.nl\/fr\/\",\"logo\":{\"@type\":\"ImageObject\",\"inLanguage\":\"fr-FR\",\"@id\":\"https:\/\/www.easly.nl\/fr\/#\/schema\/logo\/image\/\",\"url\":\"https:\/\/www.easly.nl\/wp-content\/uploads\/sites\/13\/2022\/10\/easly_logoslogan_color.png\",\"contentUrl\":\"https:\/\/www.easly.nl\/wp-content\/uploads\/sites\/13\/2022\/10\/easly_logoslogan_color.png\",\"width\":157,\"height\":38,\"caption\":\"Easly.nl\"},\"image\":{\"@id\":\"https:\/\/www.easly.nl\/fr\/#\/schema\/logo\/image\/\"}}]}<\/script>\n<!-- \/ Yoast SEO plugin. -->","yoast_head_json":{"title":"Auto test de cholest\u00e9rol \u00e0 domicile : contr\u00f4le simple et efficace de votre taux de cholest\u00e9rol.","description":"Tester votre cholest\u00e9rol \u00e0 domicile et dites adieu aux longues attentes chez le m\u00e9decin. Obtenez des r\u00e9sultats de cholest\u00e9rol fiables avec notre kit de test \u00e0 domicile. Pratique, facile \u00e0 utiliser et pr\u00e9cis.","robots":{"index":"index","follow":"follow","max-snippet":"max-snippet:-1","max-image-preview":"max-image-preview:large","max-video-preview":"max-video-preview:-1"},"canonical":"https:\/\/www.easly.nl\/fr\/test-de-sante-totale\/test-cholesterol\/","og_locale":"fr_FR","og_type":"article","og_title":"Auto test de cholest\u00e9rol \u00e0 domicile : contr\u00f4le simple et efficace de votre taux de cholest\u00e9rol.","og_description":"Tester votre cholest\u00e9rol \u00e0 domicile et dites adieu aux longues attentes chez le m\u00e9decin. Obtenez des r\u00e9sultats de cholest\u00e9rol fiables avec notre kit de test \u00e0 domicile. Pratique, facile \u00e0 utiliser et pr\u00e9cis.","og_url":"https:\/\/www.easly.nl\/fr\/test-de-sante-totale\/test-cholesterol\/","og_site_name":"Easly Shop","article_modified_time":"2024-11-29T00:06:43+00:00","og_image":[{"width":1044,"height":804,"url":"https:\/\/www.easly.nl\/wp-content\/uploads\/sites\/13\/2022\/09\/Easly-Cholesterol-8720256100058.webp","type":"image\/webp"}],"twitter_card":"summary_large_image","twitter_misc":{"Dur\u00e9e de lecture estim\u00e9e":"1 minute"},"schema":{"@context":"https:\/\/schema.org","@graph":[{"@type":"WebPage","@id":"https:\/\/www.easly.nl\/fr\/test-de-sante-totale\/test-cholesterol\/","url":"https:\/\/www.easly.nl\/fr\/test-de-sante-totale\/test-cholesterol\/","name":"Auto test de cholest\u00e9rol \u00e0 domicile : contr\u00f4le simple et efficace de votre taux de cholest\u00e9rol.","isPartOf":{"@id":"https:\/\/www.easly.nl\/fr\/#website"},"primaryImageOfPage":{"@id":"https:\/\/www.easly.nl\/fr\/test-de-sante-totale\/test-cholesterol\/#primaryimage"},"image":{"@id":"https:\/\/www.easly.nl\/fr\/test-de-sante-totale\/test-cholesterol\/#primaryimage"},"thumbnailUrl":"https:\/\/www.easly.nl\/wp-content\/uploads\/sites\/13\/2022\/09\/Easly-Cholesterol-8720256100058.webp","datePublished":"2023-02-06T12:59:23+00:00","dateModified":"2024-11-29T00:06:43+00:00","description":"Tester votre cholest\u00e9rol \u00e0 domicile et dites adieu aux longues attentes chez le m\u00e9decin. Obtenez des r\u00e9sultats de cholest\u00e9rol fiables avec notre kit de test \u00e0 domicile. Pratique, facile \u00e0 utiliser et pr\u00e9cis.","breadcrumb":{"@id":"https:\/\/www.easly.nl\/fr\/test-de-sante-totale\/test-cholesterol\/#breadcrumb"},"inLanguage":"fr-FR","potentialAction":[{"@type":"ReadAction","target":["https:\/\/www.easly.nl\/fr\/test-de-sante-totale\/test-cholesterol\/"]}]},{"@type":"ImageObject","inLanguage":"fr-FR","@id":"https:\/\/www.easly.nl\/fr\/test-de-sante-totale\/test-cholesterol\/#primaryimage","url":"https:\/\/www.easly.nl\/wp-content\/uploads\/sites\/13\/2022\/09\/Easly-Cholesterol-8720256100058.webp","contentUrl":"https:\/\/www.easly.nl\/wp-content\/uploads\/sites\/13\/2022\/09\/Easly-Cholesterol-8720256100058.webp","width":1044,"height":804,"caption":"Cholesterol test"},{"@type":"BreadcrumbList","@id":"https:\/\/www.easly.nl\/fr\/test-de-sante-totale\/test-cholesterol\/#breadcrumb","itemListElement":[{"@type":"ListItem","position":1,"name":"D'accueil","item":"https:\/\/www.easly.nl\/fr\/"},{"@type":"ListItem","position":2,"name":"Shop","item":"https:\/\/www.easly.nl\/fr\/shop\/"},{"@type":"ListItem","position":3,"name":"Cholest\u00e9rol"}]},{"@type":"WebSite","@id":"https:\/\/www.easly.nl\/fr\/#website","url":"https:\/\/www.easly.nl\/fr\/","name":"Easly Shop","description":"Safe &amp; simple online COVID testing","publisher":{"@id":"https:\/\/www.easly.nl\/fr\/#organization"},"potentialAction":[{"@type":"SearchAction","target":{"@type":"EntryPoint","urlTemplate":"https:\/\/www.easly.nl\/fr\/?s={search_term_string}"},"query-input":{"@type":"PropertyValueSpecification","valueRequired":true,"valueName":"search_term_string"}}],"inLanguage":"fr-FR"},{"@type":"Organization","@id":"https:\/\/www.easly.nl\/fr\/#organization","name":"Easly.nl","url":"https:\/\/www.easly.nl\/fr\/","logo":{"@type":"ImageObject","inLanguage":"fr-FR","@id":"https:\/\/www.easly.nl\/fr\/#\/schema\/logo\/image\/","url":"https:\/\/www.easly.nl\/wp-content\/uploads\/sites\/13\/2022\/10\/easly_logoslogan_color.png","contentUrl":"https:\/\/www.easly.nl\/wp-content\/uploads\/sites\/13\/2022\/10\/easly_logoslogan_color.png","width":157,"height":38,"caption":"Easly.nl"},"image":{"@id":"https:\/\/www.easly.nl\/fr\/#\/schema\/logo\/image\/"}}]}},"_links":{"self":[{"href":"https:\/\/www.easly.nl\/fr\/wp-json\/wp\/v2\/product\/16635","targetHints":{"allow":["GET"]}}],"collection":[{"href":"https:\/\/www.easly.nl\/fr\/wp-json\/wp\/v2\/product"}],"about":[{"href":"https:\/\/www.easly.nl\/fr\/wp-json\/wp\/v2\/types\/product"}],"version-history":[{"count":0,"href":"https:\/\/www.easly.nl\/fr\/wp-json\/wp\/v2\/product\/16635\/revisions"}],"wp:featuredmedia":[{"embeddable":true,"href":"https:\/\/www.easly.nl\/fr\/wp-json\/wp\/v2\/media\/31784"}],"wp:attachment":[{"href":"https:\/\/www.easly.nl\/fr\/wp-json\/wp\/v2\/media?parent=16635"}],"wp:term":[{"taxonomy":"product_cat","embeddable":true,"href":"https:\/\/www.easly.nl\/fr\/wp-json\/wp\/v2\/product_cat?post=16635"},{"taxonomy":"product_tag","embeddable":true,"href":"https:\/\/www.easly.nl\/fr\/wp-json\/wp\/v2\/product_tag?post=16635"}],"curies":[{"name":"wp","href":"https:\/\/api.w.org\/{rel}","templated":true}]}}