{"id":16627,"date":"2022-07-22T06:50:43","date_gmt":"2023-02-06T07:50:14","guid":{"rendered":"https:\/\/www.easly.nl\/product\/nagel-schimmelinfecties-2\/"},"modified":"2024-11-29T01:07:15","modified_gmt":"2024-11-29T00:07:15","slug":"nagel-schimmelinfecties","status":"publish","type":"product","link":"https:\/\/www.easly.nl\/fr\/bilan-sanguin-dermatologique\/analyse-mycose-ongle\/","title":{"rendered":"Auto Test Mycose Ongle"},"content":{"rendered":"<p><span style=\"font-weight: 400;\">Avec ce test d&#8217;Easly, vous pouvez facilement savoir si cette d\u00e9coloration g\u00eanante de votre ongle indique des ongles fongiques.<\/span><span style=\"font-weight: 400;\">. Test<\/span><span style=\"font-weight: 400;\"> faites-le vous-m\u00eame \u00e0 la maison et envoyez-nous votre \u00e9chantillon. Une fois arriv\u00e9s dans notre laboratoire, nous vous ferons parvenir vos r\u00e9sultats sous 48h !<\/span><\/p>\n<p>&nbsp;<\/p>\n","protected":false},"excerpt":{"rendered":"<p>\u00c0 la maison, prenez un morceau de votre ongle ou de votre ongle. Envoyer gratuitement \u00e0 notre laboratoire. R\u00e9sultats sous 48h apr\u00e8s r\u00e9ception de votre \u00e9chantillon.<\/p>\n","protected":false},"featured_media":31797,"template":"","meta":{"_acf_changed":false,"footnotes":""},"product_cat":[429,435],"product_tag":[865],"class_list":{"0":"post-16627","1":"product","2":"type-product","3":"status-publish","4":"has-post-thumbnail","6":"product_cat-sante-generale","7":"product_cat-non-classe","8":"product_tag-completement-anonyme","10":"first","11":"outofstock","12":"taxable","13":"shipping-taxable","14":"purchasable","15":"product-type-simple"},"acf":[],"yoast_head":"<!-- This site is optimized with the Yoast SEO plugin v24.3 - https:\/\/yoast.com\/wordpress\/plugins\/seo\/ -->\n<title>Vous souffrez d&#039;une mycose? Faites auto test mycose ongle<\/title>\n<meta name=\"description\" content=\"Pr\u00e9f\u00e9rez-vous vous tester pour une infection fongique \u00e0 la maison plut\u00f4t que chez le m\u00e9decin\u00a0? Vous pouvez maintenant acheter le auto test mycose ongle chez Easly!\" \/>\n<meta name=\"robots\" content=\"index, follow, max-snippet:-1, max-image-preview:large, max-video-preview:-1\" \/>\n<link rel=\"canonical\" href=\"https:\/\/www.easly.nl\/fr\/bilan-sanguin-dermatologique\/analyse-mycose-ongle\/\" \/>\n<meta property=\"og:locale\" content=\"fr_FR\" \/>\n<meta property=\"og:type\" content=\"article\" \/>\n<meta property=\"og:title\" content=\"Vous souffrez d&#039;une mycose? Faites auto test mycose ongle\" \/>\n<meta property=\"og:description\" content=\"Pr\u00e9f\u00e9rez-vous vous tester pour une infection fongique \u00e0 la maison plut\u00f4t que chez le m\u00e9decin\u00a0? Vous pouvez maintenant acheter le auto test mycose ongle chez Easly!\" \/>\n<meta property=\"og:url\" content=\"https:\/\/www.easly.nl\/fr\/bilan-sanguin-dermatologique\/analyse-mycose-ongle\/\" \/>\n<meta property=\"og:site_name\" content=\"Easly Shop\" \/>\n<meta property=\"article:modified_time\" content=\"2024-11-29T00:07:15+00:00\" \/>\n<meta property=\"og:image\" content=\"https:\/\/www.easly.nl\/wp-content\/uploads\/sites\/13\/2022\/07\/Easly-Nagel-schimmelinfectie-8720256100232.webp\" \/>\n\t<meta property=\"og:image:width\" content=\"1044\" \/>\n\t<meta property=\"og:image:height\" content=\"804\" \/>\n\t<meta property=\"og:image:type\" content=\"image\/webp\" \/>\n<meta name=\"twitter:card\" content=\"summary_large_image\" \/>\n<script type=\"application\/ld+json\" class=\"yoast-schema-graph\">{\"@context\":\"https:\/\/schema.org\",\"@graph\":[{\"@type\":\"WebPage\",\"@id\":\"https:\/\/www.easly.nl\/fr\/bilan-sanguin-dermatologique\/analyse-mycose-ongle\/\",\"url\":\"https:\/\/www.easly.nl\/fr\/bilan-sanguin-dermatologique\/analyse-mycose-ongle\/\",\"name\":\"Vous souffrez d'une mycose? Faites auto test mycose ongle\",\"isPartOf\":{\"@id\":\"https:\/\/www.easly.nl\/fr\/#website\"},\"primaryImageOfPage\":{\"@id\":\"https:\/\/www.easly.nl\/fr\/bilan-sanguin-dermatologique\/analyse-mycose-ongle\/#primaryimage\"},\"image\":{\"@id\":\"https:\/\/www.easly.nl\/fr\/bilan-sanguin-dermatologique\/analyse-mycose-ongle\/#primaryimage\"},\"thumbnailUrl\":\"https:\/\/www.easly.nl\/wp-content\/uploads\/sites\/13\/2022\/07\/Easly-Nagel-schimmelinfectie-8720256100232.webp\",\"datePublished\":\"2023-02-06T07:50:14+00:00\",\"dateModified\":\"2024-11-29T00:07:15+00:00\",\"description\":\"Pr\u00e9f\u00e9rez-vous vous tester pour une infection fongique \u00e0 la maison plut\u00f4t que chez le m\u00e9decin\u00a0? Vous pouvez maintenant acheter le auto test mycose ongle chez Easly!\",\"breadcrumb\":{\"@id\":\"https:\/\/www.easly.nl\/fr\/bilan-sanguin-dermatologique\/analyse-mycose-ongle\/#breadcrumb\"},\"inLanguage\":\"fr-FR\",\"potentialAction\":[{\"@type\":\"ReadAction\",\"target\":[\"https:\/\/www.easly.nl\/fr\/bilan-sanguin-dermatologique\/analyse-mycose-ongle\/\"]}]},{\"@type\":\"ImageObject\",\"inLanguage\":\"fr-FR\",\"@id\":\"https:\/\/www.easly.nl\/fr\/bilan-sanguin-dermatologique\/analyse-mycose-ongle\/#primaryimage\",\"url\":\"https:\/\/www.easly.nl\/wp-content\/uploads\/sites\/13\/2022\/07\/Easly-Nagel-schimmelinfectie-8720256100232.webp\",\"contentUrl\":\"https:\/\/www.easly.nl\/wp-content\/uploads\/sites\/13\/2022\/07\/Easly-Nagel-schimmelinfectie-8720256100232.webp\",\"width\":1044,\"height\":804,\"caption\":\"Nagel Schimmelinfectie (Kalknagel) test\"},{\"@type\":\"BreadcrumbList\",\"@id\":\"https:\/\/www.easly.nl\/fr\/bilan-sanguin-dermatologique\/analyse-mycose-ongle\/#breadcrumb\",\"itemListElement\":[{\"@type\":\"ListItem\",\"position\":1,\"name\":\"D'accueil\",\"item\":\"https:\/\/www.easly.nl\/fr\/\"},{\"@type\":\"ListItem\",\"position\":2,\"name\":\"Shop\",\"item\":\"https:\/\/www.easly.nl\/fr\/shop\/\"},{\"@type\":\"ListItem\",\"position\":3,\"name\":\"Auto Test Mycose Ongle\"}]},{\"@type\":\"WebSite\",\"@id\":\"https:\/\/www.easly.nl\/fr\/#website\",\"url\":\"https:\/\/www.easly.nl\/fr\/\",\"name\":\"Easly Shop\",\"description\":\"Safe &amp; simple online COVID testing\",\"publisher\":{\"@id\":\"https:\/\/www.easly.nl\/fr\/#organization\"},\"potentialAction\":[{\"@type\":\"SearchAction\",\"target\":{\"@type\":\"EntryPoint\",\"urlTemplate\":\"https:\/\/www.easly.nl\/fr\/?s={search_term_string}\"},\"query-input\":{\"@type\":\"PropertyValueSpecification\",\"valueRequired\":true,\"valueName\":\"search_term_string\"}}],\"inLanguage\":\"fr-FR\"},{\"@type\":\"Organization\",\"@id\":\"https:\/\/www.easly.nl\/fr\/#organization\",\"name\":\"Easly.nl\",\"url\":\"https:\/\/www.easly.nl\/fr\/\",\"logo\":{\"@type\":\"ImageObject\",\"inLanguage\":\"fr-FR\",\"@id\":\"https:\/\/www.easly.nl\/fr\/#\/schema\/logo\/image\/\",\"url\":\"https:\/\/www.easly.nl\/wp-content\/uploads\/sites\/13\/2022\/10\/easly_logoslogan_color.png\",\"contentUrl\":\"https:\/\/www.easly.nl\/wp-content\/uploads\/sites\/13\/2022\/10\/easly_logoslogan_color.png\",\"width\":157,\"height\":38,\"caption\":\"Easly.nl\"},\"image\":{\"@id\":\"https:\/\/www.easly.nl\/fr\/#\/schema\/logo\/image\/\"}}]}<\/script>\n<!-- \/ Yoast SEO plugin. -->","yoast_head_json":{"title":"Vous souffrez d'une mycose? Faites auto test mycose ongle","description":"Pr\u00e9f\u00e9rez-vous vous tester pour une infection fongique \u00e0 la maison plut\u00f4t que chez le m\u00e9decin\u00a0? Vous pouvez maintenant acheter le auto test mycose ongle chez Easly!","robots":{"index":"index","follow":"follow","max-snippet":"max-snippet:-1","max-image-preview":"max-image-preview:large","max-video-preview":"max-video-preview:-1"},"canonical":"https:\/\/www.easly.nl\/fr\/bilan-sanguin-dermatologique\/analyse-mycose-ongle\/","og_locale":"fr_FR","og_type":"article","og_title":"Vous souffrez d'une mycose? Faites auto test mycose ongle","og_description":"Pr\u00e9f\u00e9rez-vous vous tester pour une infection fongique \u00e0 la maison plut\u00f4t que chez le m\u00e9decin\u00a0? Vous pouvez maintenant acheter le auto test mycose ongle chez Easly!","og_url":"https:\/\/www.easly.nl\/fr\/bilan-sanguin-dermatologique\/analyse-mycose-ongle\/","og_site_name":"Easly Shop","article_modified_time":"2024-11-29T00:07:15+00:00","og_image":[{"width":1044,"height":804,"url":"https:\/\/www.easly.nl\/wp-content\/uploads\/sites\/13\/2022\/07\/Easly-Nagel-schimmelinfectie-8720256100232.webp","type":"image\/webp"}],"twitter_card":"summary_large_image","schema":{"@context":"https:\/\/schema.org","@graph":[{"@type":"WebPage","@id":"https:\/\/www.easly.nl\/fr\/bilan-sanguin-dermatologique\/analyse-mycose-ongle\/","url":"https:\/\/www.easly.nl\/fr\/bilan-sanguin-dermatologique\/analyse-mycose-ongle\/","name":"Vous souffrez d'une mycose? Faites auto test mycose ongle","isPartOf":{"@id":"https:\/\/www.easly.nl\/fr\/#website"},"primaryImageOfPage":{"@id":"https:\/\/www.easly.nl\/fr\/bilan-sanguin-dermatologique\/analyse-mycose-ongle\/#primaryimage"},"image":{"@id":"https:\/\/www.easly.nl\/fr\/bilan-sanguin-dermatologique\/analyse-mycose-ongle\/#primaryimage"},"thumbnailUrl":"https:\/\/www.easly.nl\/wp-content\/uploads\/sites\/13\/2022\/07\/Easly-Nagel-schimmelinfectie-8720256100232.webp","datePublished":"2023-02-06T07:50:14+00:00","dateModified":"2024-11-29T00:07:15+00:00","description":"Pr\u00e9f\u00e9rez-vous vous tester pour une infection fongique \u00e0 la maison plut\u00f4t que chez le m\u00e9decin\u00a0? Vous pouvez maintenant acheter le auto test mycose ongle chez Easly!","breadcrumb":{"@id":"https:\/\/www.easly.nl\/fr\/bilan-sanguin-dermatologique\/analyse-mycose-ongle\/#breadcrumb"},"inLanguage":"fr-FR","potentialAction":[{"@type":"ReadAction","target":["https:\/\/www.easly.nl\/fr\/bilan-sanguin-dermatologique\/analyse-mycose-ongle\/"]}]},{"@type":"ImageObject","inLanguage":"fr-FR","@id":"https:\/\/www.easly.nl\/fr\/bilan-sanguin-dermatologique\/analyse-mycose-ongle\/#primaryimage","url":"https:\/\/www.easly.nl\/wp-content\/uploads\/sites\/13\/2022\/07\/Easly-Nagel-schimmelinfectie-8720256100232.webp","contentUrl":"https:\/\/www.easly.nl\/wp-content\/uploads\/sites\/13\/2022\/07\/Easly-Nagel-schimmelinfectie-8720256100232.webp","width":1044,"height":804,"caption":"Nagel Schimmelinfectie (Kalknagel) test"},{"@type":"BreadcrumbList","@id":"https:\/\/www.easly.nl\/fr\/bilan-sanguin-dermatologique\/analyse-mycose-ongle\/#breadcrumb","itemListElement":[{"@type":"ListItem","position":1,"name":"D'accueil","item":"https:\/\/www.easly.nl\/fr\/"},{"@type":"ListItem","position":2,"name":"Shop","item":"https:\/\/www.easly.nl\/fr\/shop\/"},{"@type":"ListItem","position":3,"name":"Auto Test Mycose Ongle"}]},{"@type":"WebSite","@id":"https:\/\/www.easly.nl\/fr\/#website","url":"https:\/\/www.easly.nl\/fr\/","name":"Easly Shop","description":"Safe &amp; simple online COVID testing","publisher":{"@id":"https:\/\/www.easly.nl\/fr\/#organization"},"potentialAction":[{"@type":"SearchAction","target":{"@type":"EntryPoint","urlTemplate":"https:\/\/www.easly.nl\/fr\/?s={search_term_string}"},"query-input":{"@type":"PropertyValueSpecification","valueRequired":true,"valueName":"search_term_string"}}],"inLanguage":"fr-FR"},{"@type":"Organization","@id":"https:\/\/www.easly.nl\/fr\/#organization","name":"Easly.nl","url":"https:\/\/www.easly.nl\/fr\/","logo":{"@type":"ImageObject","inLanguage":"fr-FR","@id":"https:\/\/www.easly.nl\/fr\/#\/schema\/logo\/image\/","url":"https:\/\/www.easly.nl\/wp-content\/uploads\/sites\/13\/2022\/10\/easly_logoslogan_color.png","contentUrl":"https:\/\/www.easly.nl\/wp-content\/uploads\/sites\/13\/2022\/10\/easly_logoslogan_color.png","width":157,"height":38,"caption":"Easly.nl"},"image":{"@id":"https:\/\/www.easly.nl\/fr\/#\/schema\/logo\/image\/"}}]}},"_links":{"self":[{"href":"https:\/\/www.easly.nl\/fr\/wp-json\/wp\/v2\/product\/16627","targetHints":{"allow":["GET"]}}],"collection":[{"href":"https:\/\/www.easly.nl\/fr\/wp-json\/wp\/v2\/product"}],"about":[{"href":"https:\/\/www.easly.nl\/fr\/wp-json\/wp\/v2\/types\/product"}],"version-history":[{"count":0,"href":"https:\/\/www.easly.nl\/fr\/wp-json\/wp\/v2\/product\/16627\/revisions"}],"wp:featuredmedia":[{"embeddable":true,"href":"https:\/\/www.easly.nl\/fr\/wp-json\/wp\/v2\/media\/31797"}],"wp:attachment":[{"href":"https:\/\/www.easly.nl\/fr\/wp-json\/wp\/v2\/media?parent=16627"}],"wp:term":[{"taxonomy":"product_cat","embeddable":true,"href":"https:\/\/www.easly.nl\/fr\/wp-json\/wp\/v2\/product_cat?post=16627"},{"taxonomy":"product_tag","embeddable":true,"href":"https:\/\/www.easly.nl\/fr\/wp-json\/wp\/v2\/product_tag?post=16627"}],"curies":[{"name":"wp","href":"https:\/\/api.w.org\/{rel}","templated":true}]}}