{"id":16623,"date":"2022-07-22T06:20:47","date_gmt":"2023-02-05T19:53:40","guid":{"rendered":"https:\/\/www.easly.nl\/product\/infection-fongique-de-la-peau\/"},"modified":"2024-11-29T01:07:10","modified_gmt":"2024-11-29T00:07:10","slug":"huid-schimmelinfectie","status":"publish","type":"product","link":"https:\/\/www.easly.nl\/fr\/bilan-sanguin-dermatologique\/test-mycose-peau\/","title":{"rendered":"Test d&#8217;infection fongique \u00e0 domicile pour la peau"},"content":{"rendered":"<p><span style=\"font-weight: 400\">La peau squameuse, rouge et qui d\u00e9mange est un sympt\u00f4me courant des infections fongiques. Les champignons sont des micro-organismes qui peuvent se d\u00e9velopper dans des environnements chauds et humides, provoquant des infections difficiles \u00e0 diagnostiquer. Gr\u00e2ce \u00e0 notre test<\/span><span style=\"font-weight: 400\"> sanguin<\/span><span style=\"font-weight: 400\"> d&#8217;infection fongique pratique et fiable, vous pouvez facilement et avec pr\u00e9cision vous auto-diagnostiquer si vous avez ou non affaire \u00e0 un champignon de la peau.<\/span><\/p>\n","protected":false},"excerpt":{"rendered":"<p>D\u00e9terminez avec certitude si votre peau rouge ou squameuse est infect\u00e9e par un champignon. Pour que le traitement puisse commencer. R\u00e9sultats en ligne ou dans l&#8217;application.<\/p>\n","protected":false},"featured_media":31800,"template":"","meta":{"_acf_changed":false,"footnotes":""},"product_cat":[429,435],"product_tag":[865],"class_list":{"0":"post-16623","1":"product","2":"type-product","3":"status-publish","4":"has-post-thumbnail","6":"product_cat-sante-generale","7":"product_cat-non-classe","8":"product_tag-completement-anonyme","10":"first","11":"outofstock","12":"taxable","13":"shipping-taxable","14":"purchasable","15":"product-type-simple"},"acf":[],"yoast_head":"<!-- This site is optimized with the Yoast SEO plugin v24.3 - https:\/\/yoast.com\/wordpress\/plugins\/seo\/ -->\n<title>Vous pouvez d\u00e9sormaisauto test mycose peau \u00e0 la maison avec Easly!<\/title>\n<meta name=\"description\" content=\"Notre test d&#039;infection cutan\u00e9e fongique \u00e0 domicile fournit des r\u00e9sultats rapides et fiables pour la auto-diagnostic pr\u00e9coce et la gestion des infections cutan\u00e9es.\" \/>\n<meta name=\"robots\" content=\"index, follow, max-snippet:-1, max-image-preview:large, max-video-preview:-1\" \/>\n<link rel=\"canonical\" href=\"https:\/\/www.easly.nl\/fr\/bilan-sanguin-dermatologique\/test-mycose-peau\/\" \/>\n<meta property=\"og:locale\" content=\"fr_FR\" \/>\n<meta property=\"og:type\" content=\"article\" \/>\n<meta property=\"og:title\" content=\"Vous pouvez d\u00e9sormaisauto test mycose peau \u00e0 la maison avec Easly!\" \/>\n<meta property=\"og:description\" content=\"Notre test d&#039;infection cutan\u00e9e fongique \u00e0 domicile fournit des r\u00e9sultats rapides et fiables pour la auto-diagnostic pr\u00e9coce et la gestion des infections cutan\u00e9es.\" \/>\n<meta property=\"og:url\" content=\"https:\/\/www.easly.nl\/fr\/bilan-sanguin-dermatologique\/test-mycose-peau\/\" \/>\n<meta property=\"og:site_name\" content=\"Easly Shop\" \/>\n<meta property=\"article:modified_time\" content=\"2024-11-29T00:07:10+00:00\" \/>\n<meta property=\"og:image\" content=\"https:\/\/www.easly.nl\/wp-content\/uploads\/sites\/13\/2022\/07\/Easly-Huid-schimmelinfectie-8720256100225.webp\" \/>\n\t<meta property=\"og:image:width\" content=\"1044\" \/>\n\t<meta property=\"og:image:height\" content=\"804\" \/>\n\t<meta property=\"og:image:type\" content=\"image\/webp\" \/>\n<meta name=\"twitter:card\" content=\"summary_large_image\" \/>\n<script type=\"application\/ld+json\" class=\"yoast-schema-graph\">{\"@context\":\"https:\/\/schema.org\",\"@graph\":[{\"@type\":\"WebPage\",\"@id\":\"https:\/\/www.easly.nl\/fr\/bilan-sanguin-dermatologique\/test-mycose-peau\/\",\"url\":\"https:\/\/www.easly.nl\/fr\/bilan-sanguin-dermatologique\/test-mycose-peau\/\",\"name\":\"Vous pouvez d\u00e9sormaisauto test mycose peau \u00e0 la maison avec Easly!\",\"isPartOf\":{\"@id\":\"https:\/\/www.easly.nl\/fr\/#website\"},\"primaryImageOfPage\":{\"@id\":\"https:\/\/www.easly.nl\/fr\/bilan-sanguin-dermatologique\/test-mycose-peau\/#primaryimage\"},\"image\":{\"@id\":\"https:\/\/www.easly.nl\/fr\/bilan-sanguin-dermatologique\/test-mycose-peau\/#primaryimage\"},\"thumbnailUrl\":\"https:\/\/www.easly.nl\/wp-content\/uploads\/sites\/13\/2022\/07\/Easly-Huid-schimmelinfectie-8720256100225.webp\",\"datePublished\":\"2023-02-05T19:53:40+00:00\",\"dateModified\":\"2024-11-29T00:07:10+00:00\",\"description\":\"Notre test d'infection cutan\u00e9e fongique \u00e0 domicile fournit des r\u00e9sultats rapides et fiables pour la auto-diagnostic pr\u00e9coce et la gestion des infections cutan\u00e9es.\",\"breadcrumb\":{\"@id\":\"https:\/\/www.easly.nl\/fr\/bilan-sanguin-dermatologique\/test-mycose-peau\/#breadcrumb\"},\"inLanguage\":\"fr-FR\",\"potentialAction\":[{\"@type\":\"ReadAction\",\"target\":[\"https:\/\/www.easly.nl\/fr\/bilan-sanguin-dermatologique\/test-mycose-peau\/\"]}]},{\"@type\":\"ImageObject\",\"inLanguage\":\"fr-FR\",\"@id\":\"https:\/\/www.easly.nl\/fr\/bilan-sanguin-dermatologique\/test-mycose-peau\/#primaryimage\",\"url\":\"https:\/\/www.easly.nl\/wp-content\/uploads\/sites\/13\/2022\/07\/Easly-Huid-schimmelinfectie-8720256100225.webp\",\"contentUrl\":\"https:\/\/www.easly.nl\/wp-content\/uploads\/sites\/13\/2022\/07\/Easly-Huid-schimmelinfectie-8720256100225.webp\",\"width\":1044,\"height\":804,\"caption\":\"Huid Schimmelinfectie test\"},{\"@type\":\"BreadcrumbList\",\"@id\":\"https:\/\/www.easly.nl\/fr\/bilan-sanguin-dermatologique\/test-mycose-peau\/#breadcrumb\",\"itemListElement\":[{\"@type\":\"ListItem\",\"position\":1,\"name\":\"D'accueil\",\"item\":\"https:\/\/www.easly.nl\/fr\/\"},{\"@type\":\"ListItem\",\"position\":2,\"name\":\"Shop\",\"item\":\"https:\/\/www.easly.nl\/fr\/shop\/\"},{\"@type\":\"ListItem\",\"position\":3,\"name\":\"Test d&#8217;infection fongique \u00e0 domicile pour la peau\"}]},{\"@type\":\"WebSite\",\"@id\":\"https:\/\/www.easly.nl\/fr\/#website\",\"url\":\"https:\/\/www.easly.nl\/fr\/\",\"name\":\"Easly Shop\",\"description\":\"Safe &amp; simple online COVID testing\",\"publisher\":{\"@id\":\"https:\/\/www.easly.nl\/fr\/#organization\"},\"potentialAction\":[{\"@type\":\"SearchAction\",\"target\":{\"@type\":\"EntryPoint\",\"urlTemplate\":\"https:\/\/www.easly.nl\/fr\/?s={search_term_string}\"},\"query-input\":{\"@type\":\"PropertyValueSpecification\",\"valueRequired\":true,\"valueName\":\"search_term_string\"}}],\"inLanguage\":\"fr-FR\"},{\"@type\":\"Organization\",\"@id\":\"https:\/\/www.easly.nl\/fr\/#organization\",\"name\":\"Easly.nl\",\"url\":\"https:\/\/www.easly.nl\/fr\/\",\"logo\":{\"@type\":\"ImageObject\",\"inLanguage\":\"fr-FR\",\"@id\":\"https:\/\/www.easly.nl\/fr\/#\/schema\/logo\/image\/\",\"url\":\"https:\/\/www.easly.nl\/wp-content\/uploads\/sites\/13\/2022\/10\/easly_logoslogan_color.png\",\"contentUrl\":\"https:\/\/www.easly.nl\/wp-content\/uploads\/sites\/13\/2022\/10\/easly_logoslogan_color.png\",\"width\":157,\"height\":38,\"caption\":\"Easly.nl\"},\"image\":{\"@id\":\"https:\/\/www.easly.nl\/fr\/#\/schema\/logo\/image\/\"}}]}<\/script>\n<!-- \/ Yoast SEO plugin. -->","yoast_head_json":{"title":"Vous pouvez d\u00e9sormaisauto test mycose peau \u00e0 la maison avec Easly!","description":"Notre test d'infection cutan\u00e9e fongique \u00e0 domicile fournit des r\u00e9sultats rapides et fiables pour la auto-diagnostic pr\u00e9coce et la gestion des infections cutan\u00e9es.","robots":{"index":"index","follow":"follow","max-snippet":"max-snippet:-1","max-image-preview":"max-image-preview:large","max-video-preview":"max-video-preview:-1"},"canonical":"https:\/\/www.easly.nl\/fr\/bilan-sanguin-dermatologique\/test-mycose-peau\/","og_locale":"fr_FR","og_type":"article","og_title":"Vous pouvez d\u00e9sormaisauto test mycose peau \u00e0 la maison avec Easly!","og_description":"Notre test d'infection cutan\u00e9e fongique \u00e0 domicile fournit des r\u00e9sultats rapides et fiables pour la auto-diagnostic pr\u00e9coce et la gestion des infections cutan\u00e9es.","og_url":"https:\/\/www.easly.nl\/fr\/bilan-sanguin-dermatologique\/test-mycose-peau\/","og_site_name":"Easly Shop","article_modified_time":"2024-11-29T00:07:10+00:00","og_image":[{"width":1044,"height":804,"url":"https:\/\/www.easly.nl\/wp-content\/uploads\/sites\/13\/2022\/07\/Easly-Huid-schimmelinfectie-8720256100225.webp","type":"image\/webp"}],"twitter_card":"summary_large_image","schema":{"@context":"https:\/\/schema.org","@graph":[{"@type":"WebPage","@id":"https:\/\/www.easly.nl\/fr\/bilan-sanguin-dermatologique\/test-mycose-peau\/","url":"https:\/\/www.easly.nl\/fr\/bilan-sanguin-dermatologique\/test-mycose-peau\/","name":"Vous pouvez d\u00e9sormaisauto test mycose peau \u00e0 la maison avec Easly!","isPartOf":{"@id":"https:\/\/www.easly.nl\/fr\/#website"},"primaryImageOfPage":{"@id":"https:\/\/www.easly.nl\/fr\/bilan-sanguin-dermatologique\/test-mycose-peau\/#primaryimage"},"image":{"@id":"https:\/\/www.easly.nl\/fr\/bilan-sanguin-dermatologique\/test-mycose-peau\/#primaryimage"},"thumbnailUrl":"https:\/\/www.easly.nl\/wp-content\/uploads\/sites\/13\/2022\/07\/Easly-Huid-schimmelinfectie-8720256100225.webp","datePublished":"2023-02-05T19:53:40+00:00","dateModified":"2024-11-29T00:07:10+00:00","description":"Notre test d'infection cutan\u00e9e fongique \u00e0 domicile fournit des r\u00e9sultats rapides et fiables pour la auto-diagnostic pr\u00e9coce et la gestion des infections cutan\u00e9es.","breadcrumb":{"@id":"https:\/\/www.easly.nl\/fr\/bilan-sanguin-dermatologique\/test-mycose-peau\/#breadcrumb"},"inLanguage":"fr-FR","potentialAction":[{"@type":"ReadAction","target":["https:\/\/www.easly.nl\/fr\/bilan-sanguin-dermatologique\/test-mycose-peau\/"]}]},{"@type":"ImageObject","inLanguage":"fr-FR","@id":"https:\/\/www.easly.nl\/fr\/bilan-sanguin-dermatologique\/test-mycose-peau\/#primaryimage","url":"https:\/\/www.easly.nl\/wp-content\/uploads\/sites\/13\/2022\/07\/Easly-Huid-schimmelinfectie-8720256100225.webp","contentUrl":"https:\/\/www.easly.nl\/wp-content\/uploads\/sites\/13\/2022\/07\/Easly-Huid-schimmelinfectie-8720256100225.webp","width":1044,"height":804,"caption":"Huid Schimmelinfectie test"},{"@type":"BreadcrumbList","@id":"https:\/\/www.easly.nl\/fr\/bilan-sanguin-dermatologique\/test-mycose-peau\/#breadcrumb","itemListElement":[{"@type":"ListItem","position":1,"name":"D'accueil","item":"https:\/\/www.easly.nl\/fr\/"},{"@type":"ListItem","position":2,"name":"Shop","item":"https:\/\/www.easly.nl\/fr\/shop\/"},{"@type":"ListItem","position":3,"name":"Test d&#8217;infection fongique \u00e0 domicile pour la peau"}]},{"@type":"WebSite","@id":"https:\/\/www.easly.nl\/fr\/#website","url":"https:\/\/www.easly.nl\/fr\/","name":"Easly Shop","description":"Safe &amp; simple online COVID testing","publisher":{"@id":"https:\/\/www.easly.nl\/fr\/#organization"},"potentialAction":[{"@type":"SearchAction","target":{"@type":"EntryPoint","urlTemplate":"https:\/\/www.easly.nl\/fr\/?s={search_term_string}"},"query-input":{"@type":"PropertyValueSpecification","valueRequired":true,"valueName":"search_term_string"}}],"inLanguage":"fr-FR"},{"@type":"Organization","@id":"https:\/\/www.easly.nl\/fr\/#organization","name":"Easly.nl","url":"https:\/\/www.easly.nl\/fr\/","logo":{"@type":"ImageObject","inLanguage":"fr-FR","@id":"https:\/\/www.easly.nl\/fr\/#\/schema\/logo\/image\/","url":"https:\/\/www.easly.nl\/wp-content\/uploads\/sites\/13\/2022\/10\/easly_logoslogan_color.png","contentUrl":"https:\/\/www.easly.nl\/wp-content\/uploads\/sites\/13\/2022\/10\/easly_logoslogan_color.png","width":157,"height":38,"caption":"Easly.nl"},"image":{"@id":"https:\/\/www.easly.nl\/fr\/#\/schema\/logo\/image\/"}}]}},"_links":{"self":[{"href":"https:\/\/www.easly.nl\/fr\/wp-json\/wp\/v2\/product\/16623","targetHints":{"allow":["GET"]}}],"collection":[{"href":"https:\/\/www.easly.nl\/fr\/wp-json\/wp\/v2\/product"}],"about":[{"href":"https:\/\/www.easly.nl\/fr\/wp-json\/wp\/v2\/types\/product"}],"version-history":[{"count":0,"href":"https:\/\/www.easly.nl\/fr\/wp-json\/wp\/v2\/product\/16623\/revisions"}],"wp:featuredmedia":[{"embeddable":true,"href":"https:\/\/www.easly.nl\/fr\/wp-json\/wp\/v2\/media\/31800"}],"wp:attachment":[{"href":"https:\/\/www.easly.nl\/fr\/wp-json\/wp\/v2\/media?parent=16623"}],"wp:term":[{"taxonomy":"product_cat","embeddable":true,"href":"https:\/\/www.easly.nl\/fr\/wp-json\/wp\/v2\/product_cat?post=16623"},{"taxonomy":"product_tag","embeddable":true,"href":"https:\/\/www.easly.nl\/fr\/wp-json\/wp\/v2\/product_tag?post=16623"}],"curies":[{"name":"wp","href":"https:\/\/api.w.org\/{rel}","templated":true}]}}