{"id":16602,"date":"2024-03-06T19:07:56","date_gmt":"2023-02-05T17:49:48","guid":{"rendered":"https:\/\/www.easly.nl\/product\/soa-premium-test-2\/"},"modified":"2024-11-29T01:07:39","modified_gmt":"2024-11-29T00:07:39","slug":"mst-premium-test","status":"publish","type":"product","link":"https:\/\/www.easly.nl\/fr\/tests-mst\/mst-premium-test\/","title":{"rendered":"MST Premium"},"content":{"rendered":"<p>Le kit de auto test IST Premium \u00e0 domicile d&#8217;Easly est un test simple et complet pour plus de six IST diff\u00e9rentes. Il v\u00e9rifie les conditions telles que la chlamydia, la gonorrh\u00e9e, les trichomonas, les mycoplasmes, l&#8217;herp\u00e8s et la syphilis. C&#8217;est un bon choix si vous voulez \u00eatre vraiment s\u00fbr de ne pas avoir de MST. Lorsque vous commandez, vous choisissez un test pour hommes ou pour femmes. Vous pouvez \u00e9galement ajouter d&#8217;autres tests si vous pensez en avoir besoin en fonction de vos ant\u00e9c\u00e9dents sexuels. Apr\u00e8s avoir pass\u00e9 le test, vous recevrez un certificat m\u00e9dical.<\/p>\n","protected":false},"excerpt":{"rendered":"<p><span data-sheets-formula-bar-text-style=\"font-size:15px;color:#000000;font-weight:normal;text-decoration:none;font-family:'docs-Calibri';font-style:normal;text-decoration-skip-ink:none;\">Certitude totale en testant 7 MST. Livraison gratuite sur votre \u00e9chantillon. R\u00e9sultat sous 2 \u00e0 5 jours. Anonyme et sans m\u00e9decin. <\/span><\/p>\n","protected":false},"featured_media":31609,"template":"","meta":{"_acf_changed":false,"footnotes":""},"product_cat":[637,753,432,439],"product_tag":[865],"class_list":{"0":"post-16602","1":"product","2":"type-product","3":"status-publish","4":"has-post-thumbnail","6":"product_cat-le-plus-populaire","7":"product_cat-mozand-lab-fr","8":"product_cat-mst","9":"product_cat-tpl-pour-les-variantes-soa","10":"product_tag-completement-anonyme","12":"first","13":"outofstock","14":"taxable","15":"shipping-taxable","16":"purchasable","17":"product-type-variable","18":"has-default-attributes"},"acf":[],"yoast_head":"<!-- This site is optimized with the Yoast SEO plugin v24.3 - https:\/\/yoast.com\/wordpress\/plugins\/seo\/ -->\n<title>L\u2019auto test de d\u00e9pistage MST Premium pour un diagnostic pr\u00e9cis | Facilement<\/title>\n<meta name=\"description\" content=\"Obtenez un diagnostic pr\u00e9cis et la tranquillit\u00e9 d&#039;esprit avec ce kit de test de d\u00e9pistage MST Premium \u00e0 domicile tout compris pour plusieurs IST. Analys\u00e9 par des professionnels, discret et pratique.\" \/>\n<meta name=\"robots\" content=\"index, follow, max-snippet:-1, max-image-preview:large, max-video-preview:-1\" \/>\n<link rel=\"canonical\" href=\"https:\/\/www.easly.nl\/fr\/tests-mst\/mst-premium-test\/\" \/>\n<meta property=\"og:locale\" content=\"fr_FR\" \/>\n<meta property=\"og:type\" content=\"article\" \/>\n<meta property=\"og:title\" content=\"L\u2019auto test de d\u00e9pistage MST Premium pour un diagnostic pr\u00e9cis | Facilement\" \/>\n<meta property=\"og:description\" content=\"Obtenez un diagnostic pr\u00e9cis et la tranquillit\u00e9 d&#039;esprit avec ce kit de test de d\u00e9pistage MST Premium \u00e0 domicile tout compris pour plusieurs IST. Analys\u00e9 par des professionnels, discret et pratique.\" \/>\n<meta property=\"og:url\" content=\"https:\/\/www.easly.nl\/fr\/tests-mst\/mst-premium-test\/\" \/>\n<meta property=\"og:site_name\" content=\"Easly Shop\" \/>\n<meta property=\"article:modified_time\" content=\"2024-11-29T00:07:39+00:00\" \/>\n<meta property=\"og:image\" content=\"https:\/\/www.easly.nl\/wp-content\/uploads\/sites\/13\/2022\/10\/Easly-Soa-Premium-8720256100348.webp\" \/>\n\t<meta property=\"og:image:width\" content=\"1044\" \/>\n\t<meta property=\"og:image:height\" content=\"804\" \/>\n\t<meta property=\"og:image:type\" content=\"image\/webp\" \/>\n<meta name=\"twitter:card\" content=\"summary_large_image\" \/>\n<meta name=\"twitter:label1\" content=\"Dur\u00e9e de lecture estim\u00e9e\" \/>\n\t<meta name=\"twitter:data1\" content=\"1 minute\" \/>\n<script type=\"application\/ld+json\" class=\"yoast-schema-graph\">{\"@context\":\"https:\/\/schema.org\",\"@graph\":[{\"@type\":\"WebPage\",\"@id\":\"https:\/\/www.easly.nl\/fr\/tests-mst\/mst-premium-test\/\",\"url\":\"https:\/\/www.easly.nl\/fr\/tests-mst\/mst-premium-test\/\",\"name\":\"L\u2019auto test de d\u00e9pistage MST Premium pour un diagnostic pr\u00e9cis | Facilement\",\"isPartOf\":{\"@id\":\"https:\/\/www.easly.nl\/fr\/#website\"},\"primaryImageOfPage\":{\"@id\":\"https:\/\/www.easly.nl\/fr\/tests-mst\/mst-premium-test\/#primaryimage\"},\"image\":{\"@id\":\"https:\/\/www.easly.nl\/fr\/tests-mst\/mst-premium-test\/#primaryimage\"},\"thumbnailUrl\":\"https:\/\/www.easly.nl\/wp-content\/uploads\/sites\/13\/2022\/11\/Easly-Soa-Premium-8720256100348-1.webp\",\"datePublished\":\"2023-02-05T17:49:48+00:00\",\"dateModified\":\"2024-11-29T00:07:39+00:00\",\"description\":\"Obtenez un diagnostic pr\u00e9cis et la tranquillit\u00e9 d'esprit avec ce kit de test de d\u00e9pistage MST Premium \u00e0 domicile tout compris pour plusieurs IST. Analys\u00e9 par des professionnels, discret et pratique.\",\"breadcrumb\":{\"@id\":\"https:\/\/www.easly.nl\/fr\/tests-mst\/mst-premium-test\/#breadcrumb\"},\"inLanguage\":\"fr-FR\",\"potentialAction\":[{\"@type\":\"ReadAction\",\"target\":[\"https:\/\/www.easly.nl\/fr\/tests-mst\/mst-premium-test\/\"]}]},{\"@type\":\"ImageObject\",\"inLanguage\":\"fr-FR\",\"@id\":\"https:\/\/www.easly.nl\/fr\/tests-mst\/mst-premium-test\/#primaryimage\",\"url\":\"https:\/\/www.easly.nl\/wp-content\/uploads\/sites\/13\/2022\/11\/Easly-Soa-Premium-8720256100348-1.webp\",\"contentUrl\":\"https:\/\/www.easly.nl\/wp-content\/uploads\/sites\/13\/2022\/11\/Easly-Soa-Premium-8720256100348-1.webp\",\"width\":1044,\"height\":804,\"caption\":\"Easly Soa Premium\"},{\"@type\":\"BreadcrumbList\",\"@id\":\"https:\/\/www.easly.nl\/fr\/tests-mst\/mst-premium-test\/#breadcrumb\",\"itemListElement\":[{\"@type\":\"ListItem\",\"position\":1,\"name\":\"D'accueil\",\"item\":\"https:\/\/www.easly.nl\/fr\/\"},{\"@type\":\"ListItem\",\"position\":2,\"name\":\"Shop\",\"item\":\"https:\/\/www.easly.nl\/fr\/shop\/\"},{\"@type\":\"ListItem\",\"position\":3,\"name\":\"MST Premium\"}]},{\"@type\":\"WebSite\",\"@id\":\"https:\/\/www.easly.nl\/fr\/#website\",\"url\":\"https:\/\/www.easly.nl\/fr\/\",\"name\":\"Easly Shop\",\"description\":\"Safe &amp; simple online COVID testing\",\"publisher\":{\"@id\":\"https:\/\/www.easly.nl\/fr\/#organization\"},\"potentialAction\":[{\"@type\":\"SearchAction\",\"target\":{\"@type\":\"EntryPoint\",\"urlTemplate\":\"https:\/\/www.easly.nl\/fr\/?s={search_term_string}\"},\"query-input\":{\"@type\":\"PropertyValueSpecification\",\"valueRequired\":true,\"valueName\":\"search_term_string\"}}],\"inLanguage\":\"fr-FR\"},{\"@type\":\"Organization\",\"@id\":\"https:\/\/www.easly.nl\/fr\/#organization\",\"name\":\"Easly.nl\",\"url\":\"https:\/\/www.easly.nl\/fr\/\",\"logo\":{\"@type\":\"ImageObject\",\"inLanguage\":\"fr-FR\",\"@id\":\"https:\/\/www.easly.nl\/fr\/#\/schema\/logo\/image\/\",\"url\":\"https:\/\/www.easly.nl\/wp-content\/uploads\/sites\/13\/2022\/10\/easly_logoslogan_color.png\",\"contentUrl\":\"https:\/\/www.easly.nl\/wp-content\/uploads\/sites\/13\/2022\/10\/easly_logoslogan_color.png\",\"width\":157,\"height\":38,\"caption\":\"Easly.nl\"},\"image\":{\"@id\":\"https:\/\/www.easly.nl\/fr\/#\/schema\/logo\/image\/\"}}]}<\/script>\n<!-- \/ Yoast SEO plugin. -->","yoast_head_json":{"title":"L\u2019auto test de d\u00e9pistage MST Premium pour un diagnostic pr\u00e9cis | Facilement","description":"Obtenez un diagnostic pr\u00e9cis et la tranquillit\u00e9 d'esprit avec ce kit de test de d\u00e9pistage MST Premium \u00e0 domicile tout compris pour plusieurs IST. Analys\u00e9 par des professionnels, discret et pratique.","robots":{"index":"index","follow":"follow","max-snippet":"max-snippet:-1","max-image-preview":"max-image-preview:large","max-video-preview":"max-video-preview:-1"},"canonical":"https:\/\/www.easly.nl\/fr\/tests-mst\/mst-premium-test\/","og_locale":"fr_FR","og_type":"article","og_title":"L\u2019auto test de d\u00e9pistage MST Premium pour un diagnostic pr\u00e9cis | Facilement","og_description":"Obtenez un diagnostic pr\u00e9cis et la tranquillit\u00e9 d'esprit avec ce kit de test de d\u00e9pistage MST Premium \u00e0 domicile tout compris pour plusieurs IST. Analys\u00e9 par des professionnels, discret et pratique.","og_url":"https:\/\/www.easly.nl\/fr\/tests-mst\/mst-premium-test\/","og_site_name":"Easly Shop","article_modified_time":"2024-11-29T00:07:39+00:00","og_image":[{"width":1044,"height":804,"url":"https:\/\/www.easly.nl\/wp-content\/uploads\/sites\/13\/2022\/10\/Easly-Soa-Premium-8720256100348.webp","type":"image\/webp"}],"twitter_card":"summary_large_image","twitter_misc":{"Dur\u00e9e de lecture estim\u00e9e":"1 minute"},"schema":{"@context":"https:\/\/schema.org","@graph":[{"@type":"WebPage","@id":"https:\/\/www.easly.nl\/fr\/tests-mst\/mst-premium-test\/","url":"https:\/\/www.easly.nl\/fr\/tests-mst\/mst-premium-test\/","name":"L\u2019auto test de d\u00e9pistage MST Premium pour un diagnostic pr\u00e9cis | Facilement","isPartOf":{"@id":"https:\/\/www.easly.nl\/fr\/#website"},"primaryImageOfPage":{"@id":"https:\/\/www.easly.nl\/fr\/tests-mst\/mst-premium-test\/#primaryimage"},"image":{"@id":"https:\/\/www.easly.nl\/fr\/tests-mst\/mst-premium-test\/#primaryimage"},"thumbnailUrl":"https:\/\/www.easly.nl\/wp-content\/uploads\/sites\/13\/2022\/11\/Easly-Soa-Premium-8720256100348-1.webp","datePublished":"2023-02-05T17:49:48+00:00","dateModified":"2024-11-29T00:07:39+00:00","description":"Obtenez un diagnostic pr\u00e9cis et la tranquillit\u00e9 d'esprit avec ce kit de test de d\u00e9pistage MST Premium \u00e0 domicile tout compris pour plusieurs IST. Analys\u00e9 par des professionnels, discret et pratique.","breadcrumb":{"@id":"https:\/\/www.easly.nl\/fr\/tests-mst\/mst-premium-test\/#breadcrumb"},"inLanguage":"fr-FR","potentialAction":[{"@type":"ReadAction","target":["https:\/\/www.easly.nl\/fr\/tests-mst\/mst-premium-test\/"]}]},{"@type":"ImageObject","inLanguage":"fr-FR","@id":"https:\/\/www.easly.nl\/fr\/tests-mst\/mst-premium-test\/#primaryimage","url":"https:\/\/www.easly.nl\/wp-content\/uploads\/sites\/13\/2022\/11\/Easly-Soa-Premium-8720256100348-1.webp","contentUrl":"https:\/\/www.easly.nl\/wp-content\/uploads\/sites\/13\/2022\/11\/Easly-Soa-Premium-8720256100348-1.webp","width":1044,"height":804,"caption":"Easly Soa Premium"},{"@type":"BreadcrumbList","@id":"https:\/\/www.easly.nl\/fr\/tests-mst\/mst-premium-test\/#breadcrumb","itemListElement":[{"@type":"ListItem","position":1,"name":"D'accueil","item":"https:\/\/www.easly.nl\/fr\/"},{"@type":"ListItem","position":2,"name":"Shop","item":"https:\/\/www.easly.nl\/fr\/shop\/"},{"@type":"ListItem","position":3,"name":"MST Premium"}]},{"@type":"WebSite","@id":"https:\/\/www.easly.nl\/fr\/#website","url":"https:\/\/www.easly.nl\/fr\/","name":"Easly Shop","description":"Safe &amp; simple online COVID testing","publisher":{"@id":"https:\/\/www.easly.nl\/fr\/#organization"},"potentialAction":[{"@type":"SearchAction","target":{"@type":"EntryPoint","urlTemplate":"https:\/\/www.easly.nl\/fr\/?s={search_term_string}"},"query-input":{"@type":"PropertyValueSpecification","valueRequired":true,"valueName":"search_term_string"}}],"inLanguage":"fr-FR"},{"@type":"Organization","@id":"https:\/\/www.easly.nl\/fr\/#organization","name":"Easly.nl","url":"https:\/\/www.easly.nl\/fr\/","logo":{"@type":"ImageObject","inLanguage":"fr-FR","@id":"https:\/\/www.easly.nl\/fr\/#\/schema\/logo\/image\/","url":"https:\/\/www.easly.nl\/wp-content\/uploads\/sites\/13\/2022\/10\/easly_logoslogan_color.png","contentUrl":"https:\/\/www.easly.nl\/wp-content\/uploads\/sites\/13\/2022\/10\/easly_logoslogan_color.png","width":157,"height":38,"caption":"Easly.nl"},"image":{"@id":"https:\/\/www.easly.nl\/fr\/#\/schema\/logo\/image\/"}}]}},"_links":{"self":[{"href":"https:\/\/www.easly.nl\/fr\/wp-json\/wp\/v2\/product\/16602","targetHints":{"allow":["GET"]}}],"collection":[{"href":"https:\/\/www.easly.nl\/fr\/wp-json\/wp\/v2\/product"}],"about":[{"href":"https:\/\/www.easly.nl\/fr\/wp-json\/wp\/v2\/types\/product"}],"version-history":[{"count":0,"href":"https:\/\/www.easly.nl\/fr\/wp-json\/wp\/v2\/product\/16602\/revisions"}],"wp:featuredmedia":[{"embeddable":true,"href":"https:\/\/www.easly.nl\/fr\/wp-json\/wp\/v2\/media\/31609"}],"wp:attachment":[{"href":"https:\/\/www.easly.nl\/fr\/wp-json\/wp\/v2\/media?parent=16602"}],"wp:term":[{"taxonomy":"product_cat","embeddable":true,"href":"https:\/\/www.easly.nl\/fr\/wp-json\/wp\/v2\/product_cat?post=16602"},{"taxonomy":"product_tag","embeddable":true,"href":"https:\/\/www.easly.nl\/fr\/wp-json\/wp\/v2\/product_tag?post=16602"}],"curies":[{"name":"wp","href":"https:\/\/api.w.org\/{rel}","templated":true}]}}