{"id":18633,"date":"2023-03-13T12:43:37","date_gmt":"2023-03-13T12:43:37","guid":{"rendered":"https:\/\/www.easly.nl\/clause-de-non-responsabilite\/"},"modified":"2025-08-29T13:19:52","modified_gmt":"2025-08-29T12:19:52","slug":"clause-de-non-responsabilite","status":"publish","type":"page","link":"https:\/\/www.easly.nl\/fr\/clause-de-non-responsabilite\/","title":{"rendered":"Clause de non-responsabilit\u00e9"},"content":{"rendered":"\t\t<div data-elementor-type=\"wp-page\" data-elementor-id=\"18633\" class=\"elementor elementor-18633 elementor-15487\" data-elementor-post-type=\"page\">\n\t\t\t\t\t\t<section class=\"elementor-section elementor-top-section elementor-element elementor-element-f407fc0 elementor-section-boxed elementor-section-height-default elementor-section-height-default\" data-id=\"f407fc0\" data-element_type=\"section\">\n\t\t\t\t\t\t<div class=\"elementor-container elementor-column-gap-default\">\n\t\t\t\t\t<div class=\"elementor-column elementor-col-100 elementor-top-column elementor-element elementor-element-d76069d\" data-id=\"d76069d\" data-element_type=\"column\">\n\t\t\t<div class=\"elementor-widget-wrap elementor-element-populated\">\n\t\t\t\t\t\t<section class=\"elementor-section elementor-inner-section elementor-element elementor-element-04634bd elementor-section-boxed elementor-section-height-default elementor-section-height-default\" data-id=\"04634bd\" data-element_type=\"section\">\n\t\t\t\t\t\t<div class=\"elementor-container elementor-column-gap-default\">\n\t\t\t\t\t<div class=\"elementor-column elementor-col-100 elementor-inner-column elementor-element elementor-element-6005fc7\" data-id=\"6005fc7\" data-element_type=\"column\">\n\t\t\t<div class=\"elementor-widget-wrap elementor-element-populated\">\n\t\t\t\t\t\t<div class=\"elementor-element elementor-element-c71fcd4 elementor-widget elementor-widget-breadcrumbs\" data-id=\"c71fcd4\" data-element_type=\"widget\" data-widget_type=\"breadcrumbs.default\">\n\t\t\t\t<div class=\"elementor-widget-container\">\n\t\t\t\t\t<p id=\"breadcrumbs\"><span><span><a href=\"https:\/\/www.easly.nl\/fr\/\">D'accueil<\/a><\/span><\/span><\/p>\t\t\t\t<\/div>\n\t\t\t\t<\/div>\n\t\t\t\t\t<\/div>\n\t\t<\/div>\n\t\t\t\t\t<\/div>\n\t\t<\/section>\n\t\t\t\t<section class=\"elementor-section elementor-inner-section elementor-element elementor-element-83cced4 elementor-section-boxed elementor-section-height-default elementor-section-height-default\" data-id=\"83cced4\" data-element_type=\"section\">\n\t\t\t\t\t\t<div class=\"elementor-container elementor-column-gap-default\">\n\t\t\t\t\t<div class=\"elementor-column elementor-col-100 elementor-inner-column elementor-element elementor-element-054b00a\" data-id=\"054b00a\" data-element_type=\"column\">\n\t\t\t<div class=\"elementor-widget-wrap elementor-element-populated\">\n\t\t\t\t\t\t<div class=\"elementor-element elementor-element-4aa2b8b elementor-widget elementor-widget-heading\" data-id=\"4aa2b8b\" data-element_type=\"widget\" data-widget_type=\"heading.default\">\n\t\t\t\t<div class=\"elementor-widget-container\">\n\t\t\t\t\t<h1 class=\"elementor-heading-title elementor-size-default\">Disclaimer Easly<\/h1>\t\t\t\t<\/div>\n\t\t\t\t<\/div>\n\t\t\t\t<div class=\"elementor-element elementor-element-ef7e2f5 elementor-widget elementor-widget-text-editor\" data-id=\"ef7e2f5\" data-element_type=\"widget\" data-widget_type=\"text-editor.default\">\n\t\t\t\t<div class=\"elementor-widget-container\">\n\t\t\t\t\t\t\t\t\t<p><span class=\"TextRun SCXW206193501 BCX0\" lang=\"NL-NL\" xml:lang=\"NL-NL\" data-contrast=\"auto\"><span class=\"NormalTextRun SCXW206193501 BCX0\">L&#8217;utilisation de ce site web (www.easly.nl) est soumise aux conditions d&#8217;utilisation suivantes. En utilisant ce site web, vous \u00eates r\u00e9put\u00e9 avoir lu et accept\u00e9 les conditions d&#8217;utilisation.<\/span><\/span><span class=\"EOP SCXW206193501 BCX0\" data-ccp-props=\"{\" 201341983\":0,\"335559739\":160,\"335559740\":259}\"=\"\"> <\/span><\/p>\t\t\t\t\t\t\t\t<\/div>\n\t\t\t\t<\/div>\n\t\t\t\t<div class=\"elementor-element elementor-element-9643a19 elementor-widget elementor-widget-heading\" data-id=\"9643a19\" data-element_type=\"widget\" data-widget_type=\"heading.default\">\n\t\t\t\t<div class=\"elementor-widget-container\">\n\t\t\t\t\t<h2 class=\"elementor-heading-title elementor-size-default\">Utilisation de l'information <\/h2>\t\t\t\t<\/div>\n\t\t\t\t<\/div>\n\t\t\t\t<div class=\"elementor-element elementor-element-56d309c elementor-widget elementor-widget-text-editor\" data-id=\"56d309c\" data-element_type=\"widget\" data-widget_type=\"text-editor.default\">\n\t\t\t\t<div class=\"elementor-widget-container\">\n\t\t\t\t\t\t\t\t\t<p>Easly s&#8217;efforce de fournir \u00e0 tout moment des informations exactes et actualis\u00e9es sur ce site web. Bien que ces informations aient \u00e9t\u00e9 compil\u00e9es avec le plus grand soin, Easly ne garantit pas leur exhaustivit\u00e9, leur exactitude ou leur actualit\u00e9. Les informations juridiques figurant sur le site web sont de nature g\u00e9n\u00e9rale et ne peuvent \u00eatre consid\u00e9r\u00e9es comme un substitut \u00e0 un avis juridique. Si les opinions et les directives m\u00e9dicales changent, les informations sur le site web seront \u00e9galement mises \u00e0 jour d\u00e8s que possible.<\/p><p> <\/p><p>Aucun droit ne peut \u00eatre tir\u00e9 des informations contenues dans le site web. Easly n&#8217;accepte aucune responsabilit\u00e9 pour les dommages r\u00e9sultant de l&#8217;utilisation des informations du site web, ni pour le mauvais fonctionnement du site web.<\/p><p> <\/p><p>Les informations fournies par Easly ne peuvent en aucun cas remplacer l&#8217;avis m\u00e9dical d&#8217;un m\u00e9decin ou d&#8217;une infirmi\u00e8re. La responsabilit\u00e9 des d\u00e9cisions prises sur la base des informations fournies incombe toujours au client. Easly recommande toujours de contacter votre propre m\u00e9decin (de famille) en cas de plaintes ou d&#8217;inqui\u00e9tudes s\u00e9rieuses.<\/p>\t\t\t\t\t\t\t\t<\/div>\n\t\t\t\t<\/div>\n\t\t\t\t<div class=\"elementor-element elementor-element-d70f706 elementor-widget elementor-widget-heading\" data-id=\"d70f706\" data-element_type=\"widget\" data-widget_type=\"heading.default\">\n\t\t\t\t<div class=\"elementor-widget-container\">\n\t\t\t\t\t<h2 class=\"elementor-heading-title elementor-size-default\">Courriel :<\/h2>\t\t\t\t<\/div>\n\t\t\t\t<\/div>\n\t\t\t\t<div class=\"elementor-element elementor-element-ef31584 elementor-widget elementor-widget-text-editor\" data-id=\"ef31584\" data-element_type=\"widget\" data-widget_type=\"text-editor.default\">\n\t\t\t\t<div class=\"elementor-widget-container\">\n\t\t\t\t\t\t\t\t\t<p>Easly ne garantit pas que les courriels envoy\u00e9s \u00e0 Easly soient re\u00e7us ou trait\u00e9s (en temps voulu), car la r\u00e9ception en temps voulu des courriels ne peut \u00eatre garantie. La s\u00e9curit\u00e9 du courrier \u00e9lectronique ne peut pas non plus \u00eatre totalement garantie en raison des risques de s\u00e9curit\u00e9 qu&#8217;elle comporte. En correspondant avec Easly par e-mail sans cryptage ou protection par mot de passe, vous acceptez ce risque.<\/p>\n\t\t\t\t\t\t\t\t<\/div>\n\t\t\t\t<\/div>\n\t\t\t\t<div class=\"elementor-element elementor-element-2eea298 elementor-widget elementor-widget-heading\" data-id=\"2eea298\" data-element_type=\"widget\" data-widget_type=\"heading.default\">\n\t\t\t\t<div class=\"elementor-widget-container\">\n\t\t\t\t\t<h2 class=\"elementor-heading-title elementor-size-default\">Hyperliens<\/h2>\t\t\t\t<\/div>\n\t\t\t\t<\/div>\n\t\t\t\t<div class=\"elementor-element elementor-element-2ef572d elementor-widget elementor-widget-text-editor\" data-id=\"2ef572d\" data-element_type=\"widget\" data-widget_type=\"text-editor.default\">\n\t\t\t\t<div class=\"elementor-widget-container\">\n\t\t\t\t\t\t\t\t\t<p>Ce site web peut contenir des hyperliens vers des sites web de tiers. Easly n&#8217;a aucune influence sur les sites Web de tiers et n&#8217;est pas responsable de leur disponibilit\u00e9 ou de leur contenu. Easly n&#8217;accepte donc aucune responsabilit\u00e9 pour les dommages r\u00e9sultant de l&#8217;utilisation de sites web tiers. <\/p>\n\t\t\t\t\t\t\t\t<\/div>\n\t\t\t\t<\/div>\n\t\t\t\t<div class=\"elementor-element elementor-element-a48fd15 elementor-widget elementor-widget-heading\" data-id=\"a48fd15\" data-element_type=\"widget\" data-widget_type=\"heading.default\">\n\t\t\t\t<div class=\"elementor-widget-container\">\n\t\t\t\t\t<h2 class=\"elementor-heading-title elementor-size-default\">Droits de propri\u00e9t\u00e9 intellectuelle <\/h2>\t\t\t\t<\/div>\n\t\t\t\t<\/div>\n\t\t\t\t<div class=\"elementor-element elementor-element-0fa5a38 elementor-widget elementor-widget-text-editor\" data-id=\"0fa5a38\" data-element_type=\"widget\" data-widget_type=\"text-editor.default\">\n\t\t\t\t<div class=\"elementor-widget-container\">\n\t\t\t\t\t\t\t\t\t<p>Toutes les publications et expressions d&#8217;Easly sont prot\u00e9g\u00e9es par le droit d&#8217;auteur et d&#8217;autres droits de propri\u00e9t\u00e9 intellectuelle. Sauf pour un usage personnel et non commercial, aucun \u00e9l\u00e9ment de ces publications et expressions ne peut \u00eatre reproduit, copi\u00e9 ou divulgu\u00e9 de quelque mani\u00e8re que ce soit sans l&#8217;accord \u00e9crit pr\u00e9alable d&#8217;Easly. <\/p>\n\t\t\t\t\t\t\t\t<\/div>\n\t\t\t\t<\/div>\n\t\t\t\t\t<\/div>\n\t\t<\/div>\n\t\t\t\t\t<\/div>\n\t\t<\/section>\n\t\t\t\t\t<\/div>\n\t\t<\/div>\n\t\t\t\t\t<\/div>\n\t\t<\/section>\n\t\t\t\t<\/div>\n\t\t","protected":false},"excerpt":{"rendered":"<p>Disclaimer Easly L&#8217;utilisation de ce site web (www.easly.nl) est soumise aux conditions d&#8217;utilisation suivantes. En utilisant ce site web, vous \u00eates r\u00e9put\u00e9 avoir lu et accept\u00e9 les conditions d&#8217;utilisation. Utilisation de l&#8217;information Easly s&#8217;efforce de fournir \u00e0 tout moment des informations exactes et actualis\u00e9es sur ce site web. Bien que ces informations aient \u00e9t\u00e9 compil\u00e9es [&hellip;]<\/p>\n","protected":false},"author":50,"featured_media":0,"parent":0,"menu_order":0,"comment_status":"closed","ping_status":"closed","template":"","meta":{"_acf_changed":false,"footnotes":""},"class_list":["post-18633","page","type-page","status-publish","hentry"],"acf":[],"yoast_head":"<!-- This site is optimized with the Yoast SEO plugin v24.3 - https:\/\/yoast.com\/wordpress\/plugins\/seo\/ -->\n<title>Clause de non-responsabilit\u00e9 - Easly<\/title>\n<meta name=\"description\" content=\"Les conditions d&#039;utilisation du site Easly sont expliqu\u00e9es pour vous.\" \/>\n<meta name=\"robots\" content=\"index, follow, max-snippet:-1, max-image-preview:large, max-video-preview:-1\" \/>\n<link rel=\"canonical\" href=\"https:\/\/www.easly.nl\/fr\/clause-de-non-responsabilite\/\" \/>\n<meta property=\"og:locale\" content=\"fr_FR\" \/>\n<meta property=\"og:type\" content=\"article\" \/>\n<meta property=\"og:title\" content=\"Clause de non-responsabilit\u00e9 - Easly\" \/>\n<meta property=\"og:description\" content=\"Les conditions d&#039;utilisation du site Easly sont expliqu\u00e9es pour vous.\" \/>\n<meta property=\"og:url\" content=\"https:\/\/www.easly.nl\/fr\/clause-de-non-responsabilite\/\" \/>\n<meta property=\"og:site_name\" content=\"Easly Shop\" \/>\n<meta property=\"article:modified_time\" content=\"2025-08-29T12:19:52+00:00\" \/>\n<meta name=\"twitter:card\" content=\"summary_large_image\" \/>\n<meta name=\"twitter:label1\" content=\"Dur\u00e9e de lecture estim\u00e9e\" \/>\n\t<meta name=\"twitter:data1\" content=\"2 minutes\" \/>\n<script type=\"application\/ld+json\" class=\"yoast-schema-graph\">{\"@context\":\"https:\/\/schema.org\",\"@graph\":[{\"@type\":\"WebPage\",\"@id\":\"https:\/\/www.easly.nl\/fr\/clause-de-non-responsabilite\/\",\"url\":\"https:\/\/www.easly.nl\/fr\/clause-de-non-responsabilite\/\",\"name\":\"Clause de non-responsabilit\u00e9 - Easly\",\"isPartOf\":{\"@id\":\"https:\/\/www.easly.nl\/fr\/#website\"},\"datePublished\":\"2023-03-13T12:43:37+00:00\",\"dateModified\":\"2025-08-29T12:19:52+00:00\",\"description\":\"Les conditions d'utilisation du site Easly sont expliqu\u00e9es pour vous.\",\"breadcrumb\":{\"@id\":\"https:\/\/www.easly.nl\/fr\/clause-de-non-responsabilite\/#breadcrumb\"},\"inLanguage\":\"fr-FR\",\"potentialAction\":[{\"@type\":\"ReadAction\",\"target\":[\"https:\/\/www.easly.nl\/fr\/clause-de-non-responsabilite\/\"]}]},{\"@type\":\"BreadcrumbList\",\"@id\":\"https:\/\/www.easly.nl\/fr\/clause-de-non-responsabilite\/#breadcrumb\",\"itemListElement\":[{\"@type\":\"ListItem\",\"position\":1,\"name\":\"D'accueil\",\"item\":\"https:\/\/www.easly.nl\/fr\/\"},{\"@type\":\"ListItem\",\"position\":2,\"name\":\"Clause de non-responsabilit\u00e9\"}]},{\"@type\":\"WebSite\",\"@id\":\"https:\/\/www.easly.nl\/fr\/#website\",\"url\":\"https:\/\/www.easly.nl\/fr\/\",\"name\":\"Easly Shop\",\"description\":\"Safe &amp; simple online COVID testing\",\"publisher\":{\"@id\":\"https:\/\/www.easly.nl\/fr\/#organization\"},\"potentialAction\":[{\"@type\":\"SearchAction\",\"target\":{\"@type\":\"EntryPoint\",\"urlTemplate\":\"https:\/\/www.easly.nl\/fr\/?s={search_term_string}\"},\"query-input\":{\"@type\":\"PropertyValueSpecification\",\"valueRequired\":true,\"valueName\":\"search_term_string\"}}],\"inLanguage\":\"fr-FR\"},{\"@type\":\"Organization\",\"@id\":\"https:\/\/www.easly.nl\/fr\/#organization\",\"name\":\"Easly.nl\",\"url\":\"https:\/\/www.easly.nl\/fr\/\",\"logo\":{\"@type\":\"ImageObject\",\"inLanguage\":\"fr-FR\",\"@id\":\"https:\/\/www.easly.nl\/fr\/#\/schema\/logo\/image\/\",\"url\":\"https:\/\/www.easly.nl\/wp-content\/uploads\/sites\/13\/2022\/10\/easly_logoslogan_color.png\",\"contentUrl\":\"https:\/\/www.easly.nl\/wp-content\/uploads\/sites\/13\/2022\/10\/easly_logoslogan_color.png\",\"width\":157,\"height\":38,\"caption\":\"Easly.nl\"},\"image\":{\"@id\":\"https:\/\/www.easly.nl\/fr\/#\/schema\/logo\/image\/\"}}]}<\/script>\n<!-- \/ Yoast SEO plugin. -->","yoast_head_json":{"title":"Clause de non-responsabilit\u00e9 - Easly","description":"Les conditions d'utilisation du site Easly sont expliqu\u00e9es pour vous.","robots":{"index":"index","follow":"follow","max-snippet":"max-snippet:-1","max-image-preview":"max-image-preview:large","max-video-preview":"max-video-preview:-1"},"canonical":"https:\/\/www.easly.nl\/fr\/clause-de-non-responsabilite\/","og_locale":"fr_FR","og_type":"article","og_title":"Clause de non-responsabilit\u00e9 - Easly","og_description":"Les conditions d'utilisation du site Easly sont expliqu\u00e9es pour vous.","og_url":"https:\/\/www.easly.nl\/fr\/clause-de-non-responsabilite\/","og_site_name":"Easly Shop","article_modified_time":"2025-08-29T12:19:52+00:00","twitter_card":"summary_large_image","twitter_misc":{"Dur\u00e9e de lecture estim\u00e9e":"2 minutes"},"schema":{"@context":"https:\/\/schema.org","@graph":[{"@type":"WebPage","@id":"https:\/\/www.easly.nl\/fr\/clause-de-non-responsabilite\/","url":"https:\/\/www.easly.nl\/fr\/clause-de-non-responsabilite\/","name":"Clause de non-responsabilit\u00e9 - Easly","isPartOf":{"@id":"https:\/\/www.easly.nl\/fr\/#website"},"datePublished":"2023-03-13T12:43:37+00:00","dateModified":"2025-08-29T12:19:52+00:00","description":"Les conditions d'utilisation du site Easly sont expliqu\u00e9es pour vous.","breadcrumb":{"@id":"https:\/\/www.easly.nl\/fr\/clause-de-non-responsabilite\/#breadcrumb"},"inLanguage":"fr-FR","potentialAction":[{"@type":"ReadAction","target":["https:\/\/www.easly.nl\/fr\/clause-de-non-responsabilite\/"]}]},{"@type":"BreadcrumbList","@id":"https:\/\/www.easly.nl\/fr\/clause-de-non-responsabilite\/#breadcrumb","itemListElement":[{"@type":"ListItem","position":1,"name":"D'accueil","item":"https:\/\/www.easly.nl\/fr\/"},{"@type":"ListItem","position":2,"name":"Clause de non-responsabilit\u00e9"}]},{"@type":"WebSite","@id":"https:\/\/www.easly.nl\/fr\/#website","url":"https:\/\/www.easly.nl\/fr\/","name":"Easly Shop","description":"Safe &amp; simple online COVID testing","publisher":{"@id":"https:\/\/www.easly.nl\/fr\/#organization"},"potentialAction":[{"@type":"SearchAction","target":{"@type":"EntryPoint","urlTemplate":"https:\/\/www.easly.nl\/fr\/?s={search_term_string}"},"query-input":{"@type":"PropertyValueSpecification","valueRequired":true,"valueName":"search_term_string"}}],"inLanguage":"fr-FR"},{"@type":"Organization","@id":"https:\/\/www.easly.nl\/fr\/#organization","name":"Easly.nl","url":"https:\/\/www.easly.nl\/fr\/","logo":{"@type":"ImageObject","inLanguage":"fr-FR","@id":"https:\/\/www.easly.nl\/fr\/#\/schema\/logo\/image\/","url":"https:\/\/www.easly.nl\/wp-content\/uploads\/sites\/13\/2022\/10\/easly_logoslogan_color.png","contentUrl":"https:\/\/www.easly.nl\/wp-content\/uploads\/sites\/13\/2022\/10\/easly_logoslogan_color.png","width":157,"height":38,"caption":"Easly.nl"},"image":{"@id":"https:\/\/www.easly.nl\/fr\/#\/schema\/logo\/image\/"}}]}},"_links":{"self":[{"href":"https:\/\/www.easly.nl\/fr\/wp-json\/wp\/v2\/pages\/18633","targetHints":{"allow":["GET"]}}],"collection":[{"href":"https:\/\/www.easly.nl\/fr\/wp-json\/wp\/v2\/pages"}],"about":[{"href":"https:\/\/www.easly.nl\/fr\/wp-json\/wp\/v2\/types\/page"}],"author":[{"embeddable":true,"href":"https:\/\/www.easly.nl\/fr\/wp-json\/wp\/v2\/users\/50"}],"replies":[{"embeddable":true,"href":"https:\/\/www.easly.nl\/fr\/wp-json\/wp\/v2\/comments?post=18633"}],"version-history":[{"count":3,"href":"https:\/\/www.easly.nl\/fr\/wp-json\/wp\/v2\/pages\/18633\/revisions"}],"predecessor-version":[{"id":67153,"href":"https:\/\/www.easly.nl\/fr\/wp-json\/wp\/v2\/pages\/18633\/revisions\/67153"}],"wp:attachment":[{"href":"https:\/\/www.easly.nl\/fr\/wp-json\/wp\/v2\/media?parent=18633"}],"curies":[{"name":"wp","href":"https:\/\/api.w.org\/{rel}","templated":true}]}}