{"id":18622,"date":"2023-03-13T12:28:34","date_gmt":"2023-03-13T12:28:34","guid":{"rendered":"https:\/\/www.easly.nl\/retour\/"},"modified":"2025-08-29T13:31:52","modified_gmt":"2025-08-29T12:31:52","slug":"retour","status":"publish","type":"page","link":"https:\/\/www.easly.nl\/fr\/retour\/","title":{"rendered":"Retour"},"content":{"rendered":"\t\t<div data-elementor-type=\"wp-page\" data-elementor-id=\"18622\" class=\"elementor elementor-18622 elementor-15499\" data-elementor-post-type=\"page\">\n\t\t\t\t\t\t<section class=\"elementor-section elementor-top-section elementor-element elementor-element-bdbee91 elementor-section-boxed elementor-section-height-default elementor-section-height-default\" data-id=\"bdbee91\" data-element_type=\"section\">\n\t\t\t\t\t\t<div class=\"elementor-container elementor-column-gap-default\">\n\t\t\t\t\t<div class=\"elementor-column elementor-col-100 elementor-top-column elementor-element elementor-element-2fc751d\" data-id=\"2fc751d\" data-element_type=\"column\">\n\t\t\t<div class=\"elementor-widget-wrap elementor-element-populated\">\n\t\t\t\t\t\t<section class=\"elementor-section elementor-inner-section elementor-element elementor-element-c018769 elementor-section-boxed elementor-section-height-default elementor-section-height-default\" data-id=\"c018769\" data-element_type=\"section\">\n\t\t\t\t\t\t<div class=\"elementor-container elementor-column-gap-default\">\n\t\t\t\t\t<div class=\"elementor-column elementor-col-100 elementor-inner-column elementor-element elementor-element-4326e0a\" data-id=\"4326e0a\" data-element_type=\"column\">\n\t\t\t<div class=\"elementor-widget-wrap elementor-element-populated\">\n\t\t\t\t\t\t<div class=\"elementor-element elementor-element-cd51ee9 elementor-widget elementor-widget-breadcrumbs\" data-id=\"cd51ee9\" data-element_type=\"widget\" data-widget_type=\"breadcrumbs.default\">\n\t\t\t\t<div class=\"elementor-widget-container\">\n\t\t\t\t\t<p id=\"breadcrumbs\"><span><span><a href=\"https:\/\/www.easly.nl\/fr\/\">D'accueil<\/a><\/span><\/span><\/p>\t\t\t\t<\/div>\n\t\t\t\t<\/div>\n\t\t\t\t\t<\/div>\n\t\t<\/div>\n\t\t\t\t\t<\/div>\n\t\t<\/section>\n\t\t\t\t<section class=\"elementor-section elementor-inner-section elementor-element elementor-element-379c754 elementor-section-boxed elementor-section-height-default elementor-section-height-default\" data-id=\"379c754\" data-element_type=\"section\">\n\t\t\t\t\t\t<div class=\"elementor-container elementor-column-gap-default\">\n\t\t\t\t\t<div class=\"elementor-column elementor-col-100 elementor-inner-column elementor-element elementor-element-17eece1\" data-id=\"17eece1\" data-element_type=\"column\">\n\t\t\t<div class=\"elementor-widget-wrap elementor-element-populated\">\n\t\t\t\t\t\t<div class=\"elementor-element elementor-element-4424490 elementor-widget elementor-widget-heading\" data-id=\"4424490\" data-element_type=\"widget\" data-widget_type=\"heading.default\">\n\t\t\t\t<div class=\"elementor-widget-container\">\n\t\t\t\t\t<h1 class=\"elementor-heading-title elementor-size-default\">Informatie rondom retour <\/h1>\t\t\t\t<\/div>\n\t\t\t\t<\/div>\n\t\t\t\t<div class=\"elementor-element elementor-element-9c4f3c0 elementor-widget elementor-widget-heading\" data-id=\"9c4f3c0\" data-element_type=\"widget\" data-widget_type=\"heading.default\">\n\t\t\t\t<div class=\"elementor-widget-container\">\n\t\t\t\t\t<h2 class=\"elementor-heading-title elementor-size-default\">Retour<\/h2>\t\t\t\t<\/div>\n\t\t\t\t<\/div>\n\t\t\t\t<div class=\"elementor-element elementor-element-5551222 elementor-widget elementor-widget-text-editor\" data-id=\"5551222\" data-element_type=\"widget\" data-widget_type=\"text-editor.default\">\n\t\t\t\t<div class=\"elementor-widget-container\">\n\t\t\t\t\t\t\t\t\t<p>Vous avez le droit d&#8217;annuler votre commande jusqu&#8217;\u00e0 14 jours apr\u00e8s la r\u00e9ception, sans donner de raison, \u00e0 condition que le sceau de l&#8217;emballage, apr\u00e8s la livraison, ne soit pas bris\u00e9.<br \/>Si vous exercez votre droit de r\u00e9tractation, le produit sera renvoy\u00e9 \u00e0 l&#8217;entrepreneur avec tous les accessoires livr\u00e9s, dans l&#8217;\u00e9tat le plus original et l&#8217;emballage le plus intact possible. Si l&#8217;emballage n&#8217;est pas conforme, il peut en r\u00e9sulter une r\u00e9duction de la valeur.<br \/>Vous n&#8217;\u00eates responsable que de la d\u00e9pr\u00e9ciation des biens r\u00e9sultant de l&#8217;utilisation des biens au-del\u00e0 de ce qui est n\u00e9cessaire pour \u00e9tablir la nature, les caract\u00e9ristiques et le fonctionnement des biens.<\/p><p>\u00a0<\/p><p>Pour exercer le droit de r\u00e9tractation, veuillez envoyer un courriel \u00e0 klantenservice@easly.nl en indiquant que vous souhaitez retourner le produit. Vous pouvez alors remplir le formulaire de retour (voir ci-dessous) et le renvoyer \u00e0 notre soci\u00e9t\u00e9 avec le produit command\u00e9.<br \/>Vous pouvez \u00e9galement utiliser le <a href=\"https:\/\/www.easly.nl\/wp-content\/uploads\/sites\/13\/2025\/01\/modelformulier.pdf\" target=\"_blank\" rel=\"noopener\">mod\u00e8le europ\u00e9en de formulaire de r\u00e9tractation<\/a> pour nous informer que vous renoncez \u00e0 l&#8217;achat. Toutefois, l&#8217;utilisation de ce formulaire n&#8217;est pas obligatoire.<\/p><p>\u00a0<\/p><p>Nous rembourserons la totalit\u00e9 du montant de l&#8217;achat (y compris les frais d&#8217;exp\u00e9dition et de paiement, mais \u00e0 l&#8217;exclusion des frais de retour) dans les meilleurs d\u00e9lais, et au plus tard dans les 14 jours suivant la r\u00e9ception de l&#8217;avis de r\u00e9tractation. Toutefois, nous pouvons attendre pour proc\u00e9der au remboursement que nous ayons re\u00e7u les produits ou que vous ayez prouv\u00e9 que vous les avez envoy\u00e9s.<\/p><p>\u00a0<\/p><p>Nous vous rembourserons en utilisant le m\u00eame moyen de paiement que celui que vous avez utilis\u00e9 pour la transaction initiale<br \/>a effectu\u00e9, \u00e0 moins que vous n&#8217;ayez express\u00e9ment convenu du contraire ; en tout \u00e9tat de cause, ce remboursement ne vous sera pas factur\u00e9.<\/p>\t\t\t\t\t\t\t\t<\/div>\n\t\t\t\t<\/div>\n\t\t\t\t<div class=\"elementor-element elementor-element-3695326 elementor-widget elementor-widget-heading\" data-id=\"3695326\" data-element_type=\"widget\" data-widget_type=\"heading.default\">\n\t\t\t\t<div class=\"elementor-widget-container\">\n\t\t\t\t\t<h2 class=\"elementor-heading-title elementor-size-default\">Exceptions au retour  <\/h2>\t\t\t\t<\/div>\n\t\t\t\t<\/div>\n\t\t\t\t<div class=\"elementor-element elementor-element-230069f elementor-widget elementor-widget-text-editor\" data-id=\"230069f\" data-element_type=\"widget\" data-widget_type=\"text-editor.default\">\n\t\t\t\t<div class=\"elementor-widget-container\">\n\t\t\t\t\t\t\t\t\t<p>Sont exclus du droit de r\u00e9tractation les tests dont le sceau a \u00e9t\u00e9 bris\u00e9 apr\u00e8s la livraison. En effet, pour des raisons de protection de la sant\u00e9, les tests ne peuvent \u00eatre renvoy\u00e9s si le sceau a \u00e9t\u00e9 bris\u00e9 apr\u00e8s la livraison.  <\/p>\n\t\t\t\t\t\t\t\t<\/div>\n\t\t\t\t<\/div>\n\t\t\t\t<div class=\"elementor-element elementor-element-f109c64 elementor-widget elementor-widget-text-editor\" data-id=\"f109c64\" data-element_type=\"widget\" data-widget_type=\"text-editor.default\">\n\t\t\t\t<div class=\"elementor-widget-container\">\n\t\t\t\t\t\t\t\t\t<p><span data-contrast=\"auto\">Easly<\/span><\/p><p>Voorwillenseweg 105<\/p><p>2806 ZE Gouda<\/p><p><a href=\"mailto:klantenservice@easly.nl\"><span data-contrast=\"auto\">klantenservice@easly.nl<\/span><\/a><\/p><p><span data-contrast=\"auto\">085-7603953<\/span><\/p><p><span data-contrast=\"auto\">KVK: 80513093 (MED Solutions B.V.)<\/span><\/p><p><span data-contrast=\"auto\">Num\u00e9ro de TVA: NL861698022B01\u00a0<\/span><\/p>\t\t\t\t\t\t\t\t<\/div>\n\t\t\t\t<\/div>\n\t\t\t\t<div class=\"elementor-element elementor-element-661ddbe elementor-widget elementor-widget-heading\" data-id=\"661ddbe\" data-element_type=\"widget\" data-widget_type=\"heading.default\">\n\t\t\t\t<div class=\"elementor-widget-container\">\n\t\t\t\t\t<h2 class=\"elementor-heading-title elementor-size-default\">Formulaire de retour  <\/h2>\t\t\t\t<\/div>\n\t\t\t\t<\/div>\n\t\t\t\t<div class=\"elementor-element elementor-element-d015f40 elementor-widget elementor-widget-text-editor\" data-id=\"d015f40\" data-element_type=\"widget\" data-widget_type=\"text-editor.default\">\n\t\t\t\t<div class=\"elementor-widget-container\">\n\t\t\t\t\t\t\t\t\t<p><span data-contrast=\"auto\">(ne remplissez et ne renvoyez ce formulaire que si vous souhaitez r\u00e9silier le contrat et renvoyer le produit)<\/span><span data-ccp-props=\"{\"201341983\":0,\"335559740\":276}\"> <\/span><\/p>\n\t\t\t\t\t\t\t\t<\/div>\n\t\t\t\t<\/div>\n\t\t\t\t<div class=\"elementor-element elementor-element-6927e13 elementor-widget elementor-widget-text-editor\" data-id=\"6927e13\" data-element_type=\"widget\" data-widget_type=\"text-editor.default\">\n\t\t\t\t<div class=\"elementor-widget-container\">\n\t\t\t\t\t\t\t\t\t<p><a href=\"https:\/\/www.easly.nl\/wp-content\/uploads\/sites\/13\/2025\/08\/retourformulier-fr.pdf\" target=\"_blank\" rel=\"noopener\">T\u00e9l\u00e9charger le formulaire de retour<\/a><\/p>\t\t\t\t\t\t\t\t<\/div>\n\t\t\t\t<\/div>\n\t\t\t\t\t<\/div>\n\t\t<\/div>\n\t\t\t\t\t<\/div>\n\t\t<\/section>\n\t\t\t\t\t<\/div>\n\t\t<\/div>\n\t\t\t\t\t<\/div>\n\t\t<\/section>\n\t\t\t\t<\/div>\n\t\t","protected":false},"excerpt":{"rendered":"<p>Informatie rondom retour Retour Vous avez le droit d&#8217;annuler votre commande jusqu&#8217;\u00e0 14 jours apr\u00e8s la r\u00e9ception, sans donner de raison, \u00e0 condition que le sceau de l&#8217;emballage, apr\u00e8s la livraison, ne soit pas bris\u00e9.Si vous exercez votre droit de r\u00e9tractation, le produit sera renvoy\u00e9 \u00e0 l&#8217;entrepreneur avec tous les accessoires livr\u00e9s, dans l&#8217;\u00e9tat le [&hellip;]<\/p>\n","protected":false},"author":50,"featured_media":0,"parent":0,"menu_order":0,"comment_status":"closed","ping_status":"closed","template":"","meta":{"_acf_changed":false,"footnotes":""},"class_list":["post-18622","page","type-page","status-publish","hentry"],"acf":[],"yoast_head":"<!-- This site is optimized with the Yoast SEO plugin v24.3 - https:\/\/yoast.com\/wordpress\/plugins\/seo\/ -->\n<title>Retour - Easly<\/title>\n<meta name=\"description\" content=\"Vous avez command\u00e9 un test, mais vous avez chang\u00e9 d&#039;avis? Lisez ici quelles sont les conditions de retour et comment vous pouvez retourner votre test.\" \/>\n<meta name=\"robots\" content=\"index, follow, max-snippet:-1, max-image-preview:large, max-video-preview:-1\" \/>\n<link rel=\"canonical\" href=\"https:\/\/www.easly.nl\/fr\/retour\/\" \/>\n<meta property=\"og:locale\" content=\"fr_FR\" \/>\n<meta property=\"og:type\" content=\"article\" \/>\n<meta property=\"og:title\" content=\"Retour - Easly\" \/>\n<meta property=\"og:description\" content=\"Vous avez command\u00e9 un test, mais vous avez chang\u00e9 d&#039;avis? Lisez ici quelles sont les conditions de retour et comment vous pouvez retourner votre test.\" \/>\n<meta property=\"og:url\" content=\"https:\/\/www.easly.nl\/fr\/retour\/\" \/>\n<meta property=\"og:site_name\" content=\"Easly Shop\" \/>\n<meta property=\"article:modified_time\" content=\"2025-08-29T12:31:52+00:00\" \/>\n<meta name=\"twitter:card\" content=\"summary_large_image\" \/>\n<meta name=\"twitter:label1\" content=\"Dur\u00e9e de lecture estim\u00e9e\" \/>\n\t<meta name=\"twitter:data1\" content=\"2 minutes\" \/>\n<script type=\"application\/ld+json\" class=\"yoast-schema-graph\">{\"@context\":\"https:\/\/schema.org\",\"@graph\":[{\"@type\":\"WebPage\",\"@id\":\"https:\/\/www.easly.nl\/fr\/retour\/\",\"url\":\"https:\/\/www.easly.nl\/fr\/retour\/\",\"name\":\"Retour - Easly\",\"isPartOf\":{\"@id\":\"https:\/\/www.easly.nl\/fr\/#website\"},\"datePublished\":\"2023-03-13T12:28:34+00:00\",\"dateModified\":\"2025-08-29T12:31:52+00:00\",\"description\":\"Vous avez command\u00e9 un test, mais vous avez chang\u00e9 d'avis? Lisez ici quelles sont les conditions de retour et comment vous pouvez retourner votre test.\",\"breadcrumb\":{\"@id\":\"https:\/\/www.easly.nl\/fr\/retour\/#breadcrumb\"},\"inLanguage\":\"fr-FR\",\"potentialAction\":[{\"@type\":\"ReadAction\",\"target\":[\"https:\/\/www.easly.nl\/fr\/retour\/\"]}]},{\"@type\":\"BreadcrumbList\",\"@id\":\"https:\/\/www.easly.nl\/fr\/retour\/#breadcrumb\",\"itemListElement\":[{\"@type\":\"ListItem\",\"position\":1,\"name\":\"D'accueil\",\"item\":\"https:\/\/www.easly.nl\/fr\/\"},{\"@type\":\"ListItem\",\"position\":2,\"name\":\"Retour\"}]},{\"@type\":\"WebSite\",\"@id\":\"https:\/\/www.easly.nl\/fr\/#website\",\"url\":\"https:\/\/www.easly.nl\/fr\/\",\"name\":\"Easly Shop\",\"description\":\"Safe &amp; simple online COVID testing\",\"publisher\":{\"@id\":\"https:\/\/www.easly.nl\/fr\/#organization\"},\"potentialAction\":[{\"@type\":\"SearchAction\",\"target\":{\"@type\":\"EntryPoint\",\"urlTemplate\":\"https:\/\/www.easly.nl\/fr\/?s={search_term_string}\"},\"query-input\":{\"@type\":\"PropertyValueSpecification\",\"valueRequired\":true,\"valueName\":\"search_term_string\"}}],\"inLanguage\":\"fr-FR\"},{\"@type\":\"Organization\",\"@id\":\"https:\/\/www.easly.nl\/fr\/#organization\",\"name\":\"Easly.nl\",\"url\":\"https:\/\/www.easly.nl\/fr\/\",\"logo\":{\"@type\":\"ImageObject\",\"inLanguage\":\"fr-FR\",\"@id\":\"https:\/\/www.easly.nl\/fr\/#\/schema\/logo\/image\/\",\"url\":\"https:\/\/www.easly.nl\/wp-content\/uploads\/sites\/13\/2022\/10\/easly_logoslogan_color.png\",\"contentUrl\":\"https:\/\/www.easly.nl\/wp-content\/uploads\/sites\/13\/2022\/10\/easly_logoslogan_color.png\",\"width\":157,\"height\":38,\"caption\":\"Easly.nl\"},\"image\":{\"@id\":\"https:\/\/www.easly.nl\/fr\/#\/schema\/logo\/image\/\"}}]}<\/script>\n<!-- \/ Yoast SEO plugin. -->","yoast_head_json":{"title":"Retour - Easly","description":"Vous avez command\u00e9 un test, mais vous avez chang\u00e9 d'avis? Lisez ici quelles sont les conditions de retour et comment vous pouvez retourner votre test.","robots":{"index":"index","follow":"follow","max-snippet":"max-snippet:-1","max-image-preview":"max-image-preview:large","max-video-preview":"max-video-preview:-1"},"canonical":"https:\/\/www.easly.nl\/fr\/retour\/","og_locale":"fr_FR","og_type":"article","og_title":"Retour - Easly","og_description":"Vous avez command\u00e9 un test, mais vous avez chang\u00e9 d'avis? Lisez ici quelles sont les conditions de retour et comment vous pouvez retourner votre test.","og_url":"https:\/\/www.easly.nl\/fr\/retour\/","og_site_name":"Easly Shop","article_modified_time":"2025-08-29T12:31:52+00:00","twitter_card":"summary_large_image","twitter_misc":{"Dur\u00e9e de lecture estim\u00e9e":"2 minutes"},"schema":{"@context":"https:\/\/schema.org","@graph":[{"@type":"WebPage","@id":"https:\/\/www.easly.nl\/fr\/retour\/","url":"https:\/\/www.easly.nl\/fr\/retour\/","name":"Retour - Easly","isPartOf":{"@id":"https:\/\/www.easly.nl\/fr\/#website"},"datePublished":"2023-03-13T12:28:34+00:00","dateModified":"2025-08-29T12:31:52+00:00","description":"Vous avez command\u00e9 un test, mais vous avez chang\u00e9 d'avis? Lisez ici quelles sont les conditions de retour et comment vous pouvez retourner votre test.","breadcrumb":{"@id":"https:\/\/www.easly.nl\/fr\/retour\/#breadcrumb"},"inLanguage":"fr-FR","potentialAction":[{"@type":"ReadAction","target":["https:\/\/www.easly.nl\/fr\/retour\/"]}]},{"@type":"BreadcrumbList","@id":"https:\/\/www.easly.nl\/fr\/retour\/#breadcrumb","itemListElement":[{"@type":"ListItem","position":1,"name":"D'accueil","item":"https:\/\/www.easly.nl\/fr\/"},{"@type":"ListItem","position":2,"name":"Retour"}]},{"@type":"WebSite","@id":"https:\/\/www.easly.nl\/fr\/#website","url":"https:\/\/www.easly.nl\/fr\/","name":"Easly Shop","description":"Safe &amp; simple online COVID testing","publisher":{"@id":"https:\/\/www.easly.nl\/fr\/#organization"},"potentialAction":[{"@type":"SearchAction","target":{"@type":"EntryPoint","urlTemplate":"https:\/\/www.easly.nl\/fr\/?s={search_term_string}"},"query-input":{"@type":"PropertyValueSpecification","valueRequired":true,"valueName":"search_term_string"}}],"inLanguage":"fr-FR"},{"@type":"Organization","@id":"https:\/\/www.easly.nl\/fr\/#organization","name":"Easly.nl","url":"https:\/\/www.easly.nl\/fr\/","logo":{"@type":"ImageObject","inLanguage":"fr-FR","@id":"https:\/\/www.easly.nl\/fr\/#\/schema\/logo\/image\/","url":"https:\/\/www.easly.nl\/wp-content\/uploads\/sites\/13\/2022\/10\/easly_logoslogan_color.png","contentUrl":"https:\/\/www.easly.nl\/wp-content\/uploads\/sites\/13\/2022\/10\/easly_logoslogan_color.png","width":157,"height":38,"caption":"Easly.nl"},"image":{"@id":"https:\/\/www.easly.nl\/fr\/#\/schema\/logo\/image\/"}}]}},"_links":{"self":[{"href":"https:\/\/www.easly.nl\/fr\/wp-json\/wp\/v2\/pages\/18622","targetHints":{"allow":["GET"]}}],"collection":[{"href":"https:\/\/www.easly.nl\/fr\/wp-json\/wp\/v2\/pages"}],"about":[{"href":"https:\/\/www.easly.nl\/fr\/wp-json\/wp\/v2\/types\/page"}],"author":[{"embeddable":true,"href":"https:\/\/www.easly.nl\/fr\/wp-json\/wp\/v2\/users\/50"}],"replies":[{"embeddable":true,"href":"https:\/\/www.easly.nl\/fr\/wp-json\/wp\/v2\/comments?post=18622"}],"version-history":[{"count":10,"href":"https:\/\/www.easly.nl\/fr\/wp-json\/wp\/v2\/pages\/18622\/revisions"}],"predecessor-version":[{"id":67186,"href":"https:\/\/www.easly.nl\/fr\/wp-json\/wp\/v2\/pages\/18622\/revisions\/67186"}],"wp:attachment":[{"href":"https:\/\/www.easly.nl\/fr\/wp-json\/wp\/v2\/media?parent=18622"}],"curies":[{"name":"wp","href":"https:\/\/api.w.org\/{rel}","templated":true}]}}