{"id":16933,"date":"2023-02-10T15:31:54","date_gmt":"2023-02-10T15:31:54","guid":{"rendered":"https:\/\/www.easly.nl\/preventieve-zorg-2\/"},"modified":"2024-02-21T11:53:58","modified_gmt":"2024-02-21T11:53:58","slug":"preventieve-zorg","status":"publish","type":"page","link":"https:\/\/www.easly.nl\/fr\/preventief-onderzoek\/","title":{"rendered":"Prestations de service"},"content":{"rendered":"\t\t<div data-elementor-type=\"wp-page\" data-elementor-id=\"16933\" class=\"elementor elementor-16933 elementor-16677\" data-elementor-post-type=\"page\">\n\t\t\t\t\t\t<section class=\"elementor-section elementor-top-section elementor-element elementor-element-422192d elementor-section-boxed elementor-section-height-default elementor-section-height-default\" data-id=\"422192d\" data-element_type=\"section\" data-settings=\"{&quot;background_background&quot;:&quot;classic&quot;}\">\n\t\t\t\t\t\t<div class=\"elementor-container elementor-column-gap-default\">\n\t\t\t\t\t<div class=\"elementor-column elementor-col-100 elementor-top-column elementor-element elementor-element-dfa41ff\" data-id=\"dfa41ff\" data-element_type=\"column\">\n\t\t\t<div class=\"elementor-widget-wrap elementor-element-populated\">\n\t\t\t\t\t\t<section class=\"elementor-section elementor-inner-section elementor-element elementor-element-2d3afc3 elementor-section-boxed elementor-section-height-default elementor-section-height-default\" data-id=\"2d3afc3\" data-element_type=\"section\">\n\t\t\t\t\t\t<div class=\"elementor-container elementor-column-gap-default\">\n\t\t\t\t\t<div class=\"elementor-column elementor-col-100 elementor-inner-column elementor-element elementor-element-45f080d\" data-id=\"45f080d\" data-element_type=\"column\">\n\t\t\t<div class=\"elementor-widget-wrap elementor-element-populated\">\n\t\t\t\t\t\t<div class=\"elementor-element elementor-element-860ec6c elementor-widget elementor-widget-breadcrumbs\" data-id=\"860ec6c\" data-element_type=\"widget\" data-widget_type=\"breadcrumbs.default\">\n\t\t\t\t<div class=\"elementor-widget-container\">\n\t\t\t\t\t<p id=\"breadcrumbs\"><span><span><a href=\"https:\/\/www.easly.nl\/fr\/\">D'accueil<\/a><\/span><\/span><\/p>\t\t\t\t<\/div>\n\t\t\t\t<\/div>\n\t\t\t\t\t<\/div>\n\t\t<\/div>\n\t\t\t\t\t<\/div>\n\t\t<\/section>\n\t\t\t\t<section class=\"elementor-section elementor-inner-section elementor-element elementor-element-d12dafb elementor-section-boxed elementor-section-height-default elementor-section-height-default\" data-id=\"d12dafb\" data-element_type=\"section\">\n\t\t\t\t\t\t<div class=\"elementor-container elementor-column-gap-default\">\n\t\t\t\t\t<div class=\"elementor-column elementor-col-100 elementor-inner-column elementor-element elementor-element-6cf5e1c\" data-id=\"6cf5e1c\" data-element_type=\"column\">\n\t\t\t<div class=\"elementor-widget-wrap elementor-element-populated\">\n\t\t\t\t\t\t<div class=\"elementor-element elementor-element-e9d2c5f elementor-widget elementor-widget-text-editor\" data-id=\"e9d2c5f\" data-element_type=\"widget\" data-widget_type=\"text-editor.default\">\n\t\t\t\t<div class=\"elementor-widget-container\">\n\t\t\t\t\t\t\t\t\t<p>Easly services- Recherche pr\u00e9ventive par u bilan de sant\u00e9<\/p>\n<p>&nbsp;<\/p>\n\t\t\t\t\t\t\t\t<\/div>\n\t\t\t\t<\/div>\n\t\t\t\t<div class=\"elementor-element elementor-element-6624ed1 elementor-widget elementor-widget-heading\" data-id=\"6624ed1\" data-element_type=\"widget\" data-widget_type=\"heading.default\">\n\t\t\t\t<div class=\"elementor-widget-container\">\n\t\t\t\t\t<h1 class=\"elementor-heading-title elementor-size-default\">Prestations de service<\/h1>\t\t\t\t<\/div>\n\t\t\t\t<\/div>\n\t\t\t\t<div class=\"elementor-element elementor-element-77e2527 elementor-widget elementor-widget-text-editor\" data-id=\"77e2527\" data-element_type=\"widget\" data-widget_type=\"text-editor.default\">\n\t\t\t\t<div class=\"elementor-widget-container\">\n\t\t\t\t\t\t\t\t\t<p><span style=\"font-weight: 400;\">Les services d&#8217;Easly consistent en une gamme diversifi\u00e9e d&#8217;examens m\u00e9dicaux valid\u00e9s (diagnostics), que vous pouvez effectuer de mani\u00e8re ind\u00e9pendante et avec les bonnes instructions dans le confort de votre foyer. Les diff\u00e9rents types d&#8217;examens peuvent \u00eatre globalement divis\u00e9s en deux cat\u00e9gories : les diagnostics cibl\u00e9s en cas de plaintes ou de fortes suspicions d&#8217;un trouble (comme une MST ou une affection cutan\u00e9e comme la gale) et, d&#8217;autre part, les diagnostics qui rel\u00e8vent de la cat\u00e9gorie d&#8217;examen de sant\u00e9 pr\u00e9ventif, \u00e9galement appel\u00e9e bilan de sant\u00e9. Nous examinerons de plus pr\u00e8s cette derni\u00e8re cat\u00e9gorie ci-dessous.<\/span><\/p>\n\t\t\t\t\t\t\t\t<\/div>\n\t\t\t\t<\/div>\n\t\t\t\t<div class=\"elementor-element elementor-element-2b1d28f elementor-widget elementor-widget-heading\" data-id=\"2b1d28f\" data-element_type=\"widget\" data-widget_type=\"heading.default\">\n\t\t\t\t<div class=\"elementor-widget-container\">\n\t\t\t\t\t<h1 class=\"elementor-heading-title elementor-size-default\">Qu'est-ce qu'un bilan de sant\u00e9 ?<\/h1>\t\t\t\t<\/div>\n\t\t\t\t<\/div>\n\t\t\t\t<div class=\"elementor-element elementor-element-464ddcd elementor-widget elementor-widget-text-editor\" data-id=\"464ddcd\" data-element_type=\"widget\" data-widget_type=\"text-editor.default\">\n\t\t\t\t<div class=\"elementor-widget-container\">\n\t\t\t\t\t\t\t\t\t<p><span style=\"font-weight: 400;\">Un bilan de sant\u00e9 consiste \u00e0 effectuer une recherche sur (une partie de) votre sant\u00e9, sans qu&#8217;il y ait de raison directe \u00e0 cela, par exemple sous la forme de plaintes actuelles ou d&#8217;un autre indice d&#8217;un probl\u00e8me de sant\u00e9. Un bilan de sant\u00e9 entre g\u00e9n\u00e9ralement dans la cat\u00e9gorie de la pr\u00e9vention primaire : actions qui emp\u00eachent les personnes en bonne sant\u00e9 de d\u00e9velopper un certain probl\u00e8me de sant\u00e9 ou une certaine maladie. Parfois, un bilan de sant\u00e9 entre dans la cat\u00e9gorie de la pr\u00e9vention secondaire : d\u00e9tection pr\u00e9coce de maladies ou d&#8217;anomalies chez les personnes pr\u00e9sentant un risque accru.<\/span><\/p>\n\t\t\t\t\t\t\t\t<\/div>\n\t\t\t\t<\/div>\n\t\t\t\t<div class=\"elementor-element elementor-element-da2e85c elementor-widget elementor-widget-heading\" data-id=\"da2e85c\" data-element_type=\"widget\" data-widget_type=\"heading.default\">\n\t\t\t\t<div class=\"elementor-widget-container\">\n\t\t\t\t\t<h1 class=\"elementor-heading-title elementor-size-default\">L\u2019importance de la pr\u00e9vention<\/h1>\t\t\t\t<\/div>\n\t\t\t\t<\/div>\n\t\t\t\t<div class=\"elementor-element elementor-element-dbbd945 elementor-widget elementor-widget-text-editor\" data-id=\"dbbd945\" data-element_type=\"widget\" data-widget_type=\"text-editor.default\">\n\t\t\t\t<div class=\"elementor-widget-container\">\n\t\t\t\t\t\t\t\t\t<p><span style=\"font-weight: 400;\">Faire r\u00e9aliser un bilan de sant\u00e9 est devenu de plus en plus populaire ces derni\u00e8res ann\u00e9es. En effet, faire un examen pr\u00e9ventif de votre sant\u00e9 peut apporter des b\u00e9n\u00e9fices importants. Par exemple, l\u2019utilit\u00e9 de diverses formes de pr\u00e9vention est d\u00e9sormais mise en \u00e9vidence par la recherche scientifique m\u00e9dicale. On constate \u00e9galement un soutien croissant en faveur de diverses formes de pr\u00e9vention dans les soins existants. La pr\u00e9vention est consid\u00e9r\u00e9e comme l\u2019un des piliers les plus importants pour maintenir les soins de sant\u00e9 abordables et accessibles \u00e0 l\u2019avenir. Le gouvernement n\u00e9erlandais est \u00e9galement fortement engag\u00e9 en faveur de la pr\u00e9vention et encourage les citoyens \u00e0 prendre leur propre sant\u00e9 en main.<\/span><\/p>\n\t\t\t\t\t\t\t\t<\/div>\n\t\t\t\t<\/div>\n\t\t\t\t<div class=\"elementor-element elementor-element-60a5903 elementor-widget elementor-widget-heading\" data-id=\"60a5903\" data-element_type=\"widget\" data-widget_type=\"heading.default\">\n\t\t\t\t<div class=\"elementor-widget-container\">\n\t\t\t\t\t<h1 class=\"elementor-heading-title elementor-size-default\">Les avantages et les inconv\u00e9nients de la pr\u00e9vention<\/h1>\t\t\t\t<\/div>\n\t\t\t\t<\/div>\n\t\t\t\t<div class=\"elementor-element elementor-element-cb55199 elementor-widget elementor-widget-text-editor\" data-id=\"cb55199\" data-element_type=\"widget\" data-widget_type=\"text-editor.default\">\n\t\t\t\t<div class=\"elementor-widget-container\">\n\t\t\t\t\t\t\t\t\t<p><span style=\"font-weight: 400;\">Easly croit et voit \u00e9galement les avantages du d\u00e9pistage pr\u00e9ventif en mati\u00e8re de sant\u00e9. Dans le m\u00eame temps, nous soulignons que la recherche pr\u00e9ventive pr\u00e9sente parfois aussi des inconv\u00e9nients et des limites. La plus grande diff\u00e9rence avec la recherche m\u00e9dicale existante est que cela se fait g\u00e9n\u00e9ralement sur la base d\u2019une plainte. Lors d\u2019un bilan de sant\u00e9, la recherche est souvent effectu\u00e9e sans raison directe. Cette diff\u00e9rence est d&#8217;une importance essentielle, c&#8217;est pourquoi, du point de vue de l&#8217;\u00e9thique m\u00e9dicale, il existe des raisons de ne pas proc\u00e9der \u00e0 un examen pr\u00e9ventif. Parfois, un examen pr\u00e9ventif peut conduire \u00e0 un r\u00e9sultat inqui\u00e9tant qui n\u00e9cessite une enqu\u00eate plus approfondie, par exemple aupr\u00e8s d&#8217;un sp\u00e9cialiste de l&#8217;h\u00f4pital. Si, apr\u00e8s des investigations compl\u00e9mentaires (co\u00fbteuses), il s&#8217;av\u00e8re que &#8211; heureusement &#8211; rien de grave ne se passe, cela procurera probablement un sentiment de soulagement, mais cela peut aussi avoir entra\u00een\u00e9 des investigations inutiles, des tensions et des incertitudes pour l&#8217;individu.<\/span><\/p>\n<p>&nbsp;<\/p>\n<p><span style=\"font-weight: 400;\">En revanche, un examen pr\u00e9ventif ne permet jamais d\u2019affirmer avec certitude qu\u2019une personne est en parfaite sant\u00e9. Malheureusement, un examen sans anomalie n\u2019exclut pas n\u00e9cessairement une \u00e9ventuelle pathologie grave.<\/span><\/p>\n<p>&nbsp;<\/p>\n<p><span style=\"font-weight: 400;\">Heureusement, en plus de certaines limites et inconv\u00e9nients, le d\u00e9pistage m\u00e9dical pr\u00e9ventif pr\u00e9sente \u00e9galement de nombreux avantages. Par exemple, si vous d\u00e9couvrez gr\u00e2ce \u00e0 un diagnostic pr\u00e9ventif que votre taux de cholest\u00e9rol ou de sucre dans le sang est (l\u00e9g\u00e8rement) \u00e9lev\u00e9, vous pouvez souvent \u00e9viter une pire situation en modifiant votre mode de vie et les m\u00e9dicaments ne sont souvent pas n\u00e9cessaires. Parce que vous \u00eates l\u00e0 \u00e0 temps, vous \u00e9vitez \u00e0 long terme de lourdes charges de morbidit\u00e9. Cela pr\u00e9sente des avantages majeurs pour vous en tant qu&#8217;individu, mais aussi pour la soci\u00e9t\u00e9 et les soins de sant\u00e9 dans leur ensemble.<\/span><\/p>\n\t\t\t\t\t\t\t\t<\/div>\n\t\t\t\t<\/div>\n\t\t\t\t<div class=\"elementor-element elementor-element-d5569b6 elementor-widget elementor-widget-heading\" data-id=\"d5569b6\" data-element_type=\"widget\" data-widget_type=\"heading.default\">\n\t\t\t\t<div class=\"elementor-widget-container\">\n\t\t\t\t\t<h1 class=\"elementor-heading-title elementor-size-default\">Le choix t'appartient!<\/h1>\t\t\t\t<\/div>\n\t\t\t\t<\/div>\n\t\t\t\t<div class=\"elementor-element elementor-element-6e6ca91 elementor-widget elementor-widget-text-editor\" data-id=\"6e6ca91\" data-element_type=\"widget\" data-widget_type=\"text-editor.default\">\n\t\t\t\t<div class=\"elementor-widget-container\">\n\t\t\t\t\t\t\t\t\t<p><span style=\"font-weight: 400;\">Chez Easly, nous trouvons tr\u00e8s important que nos clients soient conscients de ce qu\u2019implique le d\u00e9pistage pr\u00e9ventif de sant\u00e9 et de ses avantages et inconv\u00e9nients. Nous encourageons donc nos clients \u00e0 faire un choix r\u00e9fl\u00e9chi lorsqu&#8217;il s&#8217;agit de mener une recherche pr\u00e9ventive par le biais d&#8217;un bilan de sant\u00e9 et nous souhaitons leur offrir les outils pour faire ce choix au mieux.<\/span><\/p>\n<p><span style=\"font-weight: 400;\">Vous avez des doutes quant \u00e0 la r\u00e9alisation d&#8217;une recherche pr\u00e9ventive au moyen d&#8217;un bilan de sant\u00e9 ou vous souhaitez savoir quel type de recherche vous convient le mieux ? Notre \u00e9quipe m\u00e9dicale se fera un plaisir de vous aider \u00e0 faire un choix !<\/span><\/p>\n\t\t\t\t\t\t\t\t<\/div>\n\t\t\t\t<\/div>\n\t\t\t\t\t<\/div>\n\t\t<\/div>\n\t\t\t\t\t<\/div>\n\t\t<\/section>\n\t\t\t\t<div class=\"elementor-element elementor-element-07468d2 elementor-mobile-align-justify elementor-align-center elementor-widget elementor-widget-button\" data-id=\"07468d2\" data-element_type=\"widget\" data-widget_type=\"button.default\">\n\t\t\t\t<div class=\"elementor-widget-container\">\n\t\t\t\t\t\t\t\t\t<div class=\"elementor-button-wrapper\">\n\t\t\t\t\t<a class=\"elementor-button elementor-button-link elementor-size-sm\" href=\"\/fr\/shop\/\">\n\t\t\t\t\t\t<span class=\"elementor-button-content-wrapper\">\n\t\t\t\t\t\t\t\t\t<span class=\"elementor-button-text\">Tous les tests<\/span>\n\t\t\t\t\t<\/span>\n\t\t\t\t\t<\/a>\n\t\t\t\t<\/div>\n\t\t\t\t\t\t\t\t<\/div>\n\t\t\t\t<\/div>\n\t\t\t\t\t<\/div>\n\t\t<\/div>\n\t\t\t\t\t<\/div>\n\t\t<\/section>\n\t\t\t\t<\/div>\n\t\t","protected":false},"excerpt":{"rendered":"<p>Easly services- Recherche pr\u00e9ventive par u bilan de sant\u00e9 &nbsp; Prestations de service Les services d&#8217;Easly consistent en une gamme diversifi\u00e9e d&#8217;examens m\u00e9dicaux valid\u00e9s (diagnostics), que vous pouvez effectuer de mani\u00e8re ind\u00e9pendante et avec les bonnes instructions dans le confort de votre foyer. Les diff\u00e9rents types d&#8217;examens peuvent \u00eatre globalement divis\u00e9s en deux cat\u00e9gories : [&hellip;]<\/p>\n","protected":false},"author":16,"featured_media":0,"parent":0,"menu_order":0,"comment_status":"closed","ping_status":"closed","template":"","meta":{"_acf_changed":false,"footnotes":""},"class_list":["post-16933","page","type-page","status-publish","hentry"],"acf":[],"yoast_head":"<!-- This site is optimized with the Yoast SEO plugin v24.3 - https:\/\/yoast.com\/wordpress\/plugins\/seo\/ -->\n<title>Easly - Bilan de sant\u00e9 pr\u00e9ventif<\/title>\n<meta name=\"description\" content=\"Mieux vaut pr\u00e9venir que gu\u00e9rir. Avec le bilan de sant\u00e9 pr\u00e9ventif d&#039;Easly, vous prenez vous-m\u00eame le contr\u00f4le de votre sant\u00e9.\" \/>\n<meta name=\"robots\" content=\"index, follow, max-snippet:-1, max-image-preview:large, max-video-preview:-1\" \/>\n<link rel=\"canonical\" href=\"https:\/\/www.easly.nl\/fr\/preventief-onderzoek\/\" \/>\n<meta property=\"og:locale\" content=\"fr_FR\" \/>\n<meta property=\"og:type\" content=\"article\" \/>\n<meta property=\"og:title\" content=\"Easly - Bilan de sant\u00e9 pr\u00e9ventif\" \/>\n<meta property=\"og:description\" content=\"Mieux vaut pr\u00e9venir que gu\u00e9rir. Avec le bilan de sant\u00e9 pr\u00e9ventif d&#039;Easly, vous prenez vous-m\u00eame le contr\u00f4le de votre sant\u00e9.\" \/>\n<meta property=\"og:url\" content=\"https:\/\/www.easly.nl\/fr\/preventief-onderzoek\/\" \/>\n<meta property=\"og:site_name\" content=\"Easly Shop\" \/>\n<meta property=\"article:modified_time\" content=\"2024-02-21T11:53:58+00:00\" \/>\n<meta name=\"twitter:card\" content=\"summary_large_image\" \/>\n<meta name=\"twitter:label1\" content=\"Dur\u00e9e de lecture estim\u00e9e\" \/>\n\t<meta name=\"twitter:data1\" content=\"4 minutes\" \/>\n<script type=\"application\/ld+json\" class=\"yoast-schema-graph\">{\"@context\":\"https:\/\/schema.org\",\"@graph\":[{\"@type\":\"WebPage\",\"@id\":\"https:\/\/www.easly.nl\/fr\/preventief-onderzoek\/\",\"url\":\"https:\/\/www.easly.nl\/fr\/preventief-onderzoek\/\",\"name\":\"Easly - Bilan de sant\u00e9 pr\u00e9ventif\",\"isPartOf\":{\"@id\":\"https:\/\/www.easly.nl\/fr\/#website\"},\"datePublished\":\"2023-02-10T15:31:54+00:00\",\"dateModified\":\"2024-02-21T11:53:58+00:00\",\"description\":\"Mieux vaut pr\u00e9venir que gu\u00e9rir. Avec le bilan de sant\u00e9 pr\u00e9ventif d'Easly, vous prenez vous-m\u00eame le contr\u00f4le de votre sant\u00e9.\",\"breadcrumb\":{\"@id\":\"https:\/\/www.easly.nl\/fr\/preventief-onderzoek\/#breadcrumb\"},\"inLanguage\":\"fr-FR\",\"potentialAction\":[{\"@type\":\"ReadAction\",\"target\":[\"https:\/\/www.easly.nl\/fr\/preventief-onderzoek\/\"]}]},{\"@type\":\"BreadcrumbList\",\"@id\":\"https:\/\/www.easly.nl\/fr\/preventief-onderzoek\/#breadcrumb\",\"itemListElement\":[{\"@type\":\"ListItem\",\"position\":1,\"name\":\"D'accueil\",\"item\":\"https:\/\/www.easly.nl\/fr\/\"},{\"@type\":\"ListItem\",\"position\":2,\"name\":\"Prestations de service\"}]},{\"@type\":\"WebSite\",\"@id\":\"https:\/\/www.easly.nl\/fr\/#website\",\"url\":\"https:\/\/www.easly.nl\/fr\/\",\"name\":\"Easly Shop\",\"description\":\"Safe &amp; simple online COVID testing\",\"publisher\":{\"@id\":\"https:\/\/www.easly.nl\/fr\/#organization\"},\"potentialAction\":[{\"@type\":\"SearchAction\",\"target\":{\"@type\":\"EntryPoint\",\"urlTemplate\":\"https:\/\/www.easly.nl\/fr\/?s={search_term_string}\"},\"query-input\":{\"@type\":\"PropertyValueSpecification\",\"valueRequired\":true,\"valueName\":\"search_term_string\"}}],\"inLanguage\":\"fr-FR\"},{\"@type\":\"Organization\",\"@id\":\"https:\/\/www.easly.nl\/fr\/#organization\",\"name\":\"Easly.nl\",\"url\":\"https:\/\/www.easly.nl\/fr\/\",\"logo\":{\"@type\":\"ImageObject\",\"inLanguage\":\"fr-FR\",\"@id\":\"https:\/\/www.easly.nl\/fr\/#\/schema\/logo\/image\/\",\"url\":\"https:\/\/www.easly.nl\/wp-content\/uploads\/sites\/13\/2022\/10\/easly_logoslogan_color.png\",\"contentUrl\":\"https:\/\/www.easly.nl\/wp-content\/uploads\/sites\/13\/2022\/10\/easly_logoslogan_color.png\",\"width\":157,\"height\":38,\"caption\":\"Easly.nl\"},\"image\":{\"@id\":\"https:\/\/www.easly.nl\/fr\/#\/schema\/logo\/image\/\"}}]}<\/script>\n<!-- \/ Yoast SEO plugin. -->","yoast_head_json":{"title":"Easly - Bilan de sant\u00e9 pr\u00e9ventif","description":"Mieux vaut pr\u00e9venir que gu\u00e9rir. Avec le bilan de sant\u00e9 pr\u00e9ventif d'Easly, vous prenez vous-m\u00eame le contr\u00f4le de votre sant\u00e9.","robots":{"index":"index","follow":"follow","max-snippet":"max-snippet:-1","max-image-preview":"max-image-preview:large","max-video-preview":"max-video-preview:-1"},"canonical":"https:\/\/www.easly.nl\/fr\/preventief-onderzoek\/","og_locale":"fr_FR","og_type":"article","og_title":"Easly - Bilan de sant\u00e9 pr\u00e9ventif","og_description":"Mieux vaut pr\u00e9venir que gu\u00e9rir. Avec le bilan de sant\u00e9 pr\u00e9ventif d'Easly, vous prenez vous-m\u00eame le contr\u00f4le de votre sant\u00e9.","og_url":"https:\/\/www.easly.nl\/fr\/preventief-onderzoek\/","og_site_name":"Easly Shop","article_modified_time":"2024-02-21T11:53:58+00:00","twitter_card":"summary_large_image","twitter_misc":{"Dur\u00e9e de lecture estim\u00e9e":"4 minutes"},"schema":{"@context":"https:\/\/schema.org","@graph":[{"@type":"WebPage","@id":"https:\/\/www.easly.nl\/fr\/preventief-onderzoek\/","url":"https:\/\/www.easly.nl\/fr\/preventief-onderzoek\/","name":"Easly - Bilan de sant\u00e9 pr\u00e9ventif","isPartOf":{"@id":"https:\/\/www.easly.nl\/fr\/#website"},"datePublished":"2023-02-10T15:31:54+00:00","dateModified":"2024-02-21T11:53:58+00:00","description":"Mieux vaut pr\u00e9venir que gu\u00e9rir. Avec le bilan de sant\u00e9 pr\u00e9ventif d'Easly, vous prenez vous-m\u00eame le contr\u00f4le de votre sant\u00e9.","breadcrumb":{"@id":"https:\/\/www.easly.nl\/fr\/preventief-onderzoek\/#breadcrumb"},"inLanguage":"fr-FR","potentialAction":[{"@type":"ReadAction","target":["https:\/\/www.easly.nl\/fr\/preventief-onderzoek\/"]}]},{"@type":"BreadcrumbList","@id":"https:\/\/www.easly.nl\/fr\/preventief-onderzoek\/#breadcrumb","itemListElement":[{"@type":"ListItem","position":1,"name":"D'accueil","item":"https:\/\/www.easly.nl\/fr\/"},{"@type":"ListItem","position":2,"name":"Prestations de service"}]},{"@type":"WebSite","@id":"https:\/\/www.easly.nl\/fr\/#website","url":"https:\/\/www.easly.nl\/fr\/","name":"Easly Shop","description":"Safe &amp; simple online COVID testing","publisher":{"@id":"https:\/\/www.easly.nl\/fr\/#organization"},"potentialAction":[{"@type":"SearchAction","target":{"@type":"EntryPoint","urlTemplate":"https:\/\/www.easly.nl\/fr\/?s={search_term_string}"},"query-input":{"@type":"PropertyValueSpecification","valueRequired":true,"valueName":"search_term_string"}}],"inLanguage":"fr-FR"},{"@type":"Organization","@id":"https:\/\/www.easly.nl\/fr\/#organization","name":"Easly.nl","url":"https:\/\/www.easly.nl\/fr\/","logo":{"@type":"ImageObject","inLanguage":"fr-FR","@id":"https:\/\/www.easly.nl\/fr\/#\/schema\/logo\/image\/","url":"https:\/\/www.easly.nl\/wp-content\/uploads\/sites\/13\/2022\/10\/easly_logoslogan_color.png","contentUrl":"https:\/\/www.easly.nl\/wp-content\/uploads\/sites\/13\/2022\/10\/easly_logoslogan_color.png","width":157,"height":38,"caption":"Easly.nl"},"image":{"@id":"https:\/\/www.easly.nl\/fr\/#\/schema\/logo\/image\/"}}]}},"_links":{"self":[{"href":"https:\/\/www.easly.nl\/fr\/wp-json\/wp\/v2\/pages\/16933","targetHints":{"allow":["GET"]}}],"collection":[{"href":"https:\/\/www.easly.nl\/fr\/wp-json\/wp\/v2\/pages"}],"about":[{"href":"https:\/\/www.easly.nl\/fr\/wp-json\/wp\/v2\/types\/page"}],"author":[{"embeddable":true,"href":"https:\/\/www.easly.nl\/fr\/wp-json\/wp\/v2\/users\/16"}],"replies":[{"embeddable":true,"href":"https:\/\/www.easly.nl\/fr\/wp-json\/wp\/v2\/comments?post=16933"}],"version-history":[{"count":0,"href":"https:\/\/www.easly.nl\/fr\/wp-json\/wp\/v2\/pages\/16933\/revisions"}],"wp:attachment":[{"href":"https:\/\/www.easly.nl\/fr\/wp-json\/wp\/v2\/media?parent=16933"}],"curies":[{"name":"wp","href":"https:\/\/api.w.org\/{rel}","templated":true}]}}