{"id":16919,"date":"2023-02-10T15:27:16","date_gmt":"2023-02-10T15:27:16","guid":{"rendered":"https:\/\/www.easly.nl\/my-account-2\/"},"modified":"2023-11-09T15:53:11","modified_gmt":"2023-11-09T15:53:11","slug":"my-account","status":"publish","type":"page","link":"https:\/\/www.easly.nl\/fr\/my-account\/","title":{"rendered":"Mon compte"},"content":{"rendered":"\t\t<div data-elementor-type=\"wp-page\" data-elementor-id=\"16919\" class=\"elementor elementor-16919 elementor-4876\" data-elementor-post-type=\"page\">\n\t\t\t\t\t\t<section class=\"elementor-section elementor-top-section elementor-element elementor-element-7fd191d elementor-section-height-min-height elementor-section-items-top step-login-bg elementor-section-boxed elementor-section-height-default\" data-id=\"7fd191d\" data-element_type=\"section\" id=\"custom-my-block\">\n\t\t\t\t\t\t<div class=\"elementor-container elementor-column-gap-default\">\n\t\t\t\t\t<div class=\"elementor-column elementor-col-100 elementor-top-column elementor-element elementor-element-f300fb0\" data-id=\"f300fb0\" data-element_type=\"column\">\n\t\t\t<div class=\"elementor-widget-wrap elementor-element-populated\">\n\t\t\t\t\t\t<section class=\"elementor-section elementor-inner-section elementor-element elementor-element-3768b17 elementor-section-full_width my-account-column-width elementor-section-height-default elementor-section-height-default\" data-id=\"3768b17\" data-element_type=\"section\">\n\t\t\t\t\t\t<div class=\"elementor-container elementor-column-gap-default\">\n\t\t\t\t\t<div class=\"elementor-column elementor-col-50 elementor-inner-column elementor-element elementor-element-ea757c5 column-with-login\" data-id=\"ea757c5\" data-element_type=\"column\">\n\t\t\t<div class=\"elementor-widget-wrap elementor-element-populated\">\n\t\t\t\t\t\t<div class=\"elementor-element elementor-element-c125223 menu-for-my-account elementor-hidden-desktop elementor-widget elementor-widget-nav-menu\" data-id=\"c125223\" data-element_type=\"widget\" data-settings=\"{&quot;layout&quot;:&quot;dropdown&quot;,&quot;submenu_icon&quot;:{&quot;value&quot;:&quot;&lt;svg class=\\&quot;fa-svg-chevron-down e-font-icon-svg e-fas-chevron-down\\&quot; viewBox=\\&quot;0 0 448 512\\&quot; xmlns=\\&quot;http:\\\/\\\/www.w3.org\\\/2000\\\/svg\\&quot;&gt;&lt;path d=\\&quot;M207.029 381.476L12.686 187.132c-9.373-9.373-9.373-24.569 0-33.941l22.667-22.667c9.357-9.357 24.522-9.375 33.901-.04L224 284.505l154.745-154.021c9.379-9.335 24.544-9.317 33.901.04l22.667 22.667c9.373 9.373 9.373 24.569 0 33.941L240.971 381.476c-9.373 9.372-24.569 9.372-33.942 0z\\&quot;&gt;&lt;\\\/path&gt;&lt;\\\/svg&gt;&quot;,&quot;library&quot;:&quot;fa-solid&quot;}}\" data-widget_type=\"nav-menu.default\">\n\t\t\t\t<div class=\"elementor-widget-container\">\n\t\t\t\t\t\t\t\t<nav class=\"elementor-nav-menu--dropdown elementor-nav-menu__container\" aria-hidden=\"true\">\n\t\t\t\t<ul id=\"menu-2-c125223\" class=\"elementor-nav-menu\"><li class=\"menu-item menu-item-type-custom menu-item-object-custom menu-item-has-children menu-item-30179\"><a href=\"#\" class=\"elementor-item elementor-item-anchor\" tabindex=\"-1\">Menu Mon compte<\/a>\n<ul class=\"sub-menu elementor-nav-menu--dropdown\">\n\t<li class=\"add-loading menu-item menu-item-type-custom menu-item-object-custom menu-item-30180\"><a href=\"\/fr\/my-account\/orders\/\" class=\"elementor-sub-item\" tabindex=\"-1\">Mes commandes<\/a><\/li>\n\t<li class=\"add-loading menu-item menu-item-type-custom menu-item-object-custom menu-item-30181\"><a href=\"\/fr\/my-account\/subscriptions\/\" class=\"elementor-sub-item\" tabindex=\"-1\">Abonnements<\/a><\/li>\n\t<li class=\"add-loading menu-item menu-item-type-custom menu-item-object-custom menu-item-30182\"><a href=\"\/fr\/my-account\/edit-address\/\" class=\"elementor-sub-item\" tabindex=\"-1\">Exp\u00e9dition et facturation<\/a><\/li>\n\t<li class=\"add-loading menu-item menu-item-type-custom menu-item-object-custom menu-item-30183\"><a href=\"\/fr\/my-account\/edit-account\/\" class=\"elementor-sub-item\" tabindex=\"-1\">Informations personnelles<\/a><\/li>\n<\/ul>\n<\/li>\n<\/ul>\t\t\t<\/nav>\n\t\t\t\t\t\t<\/div>\n\t\t\t\t<\/div>\n\t\t\t\t<div class=\"elementor-element elementor-element-aec7850 custom_account e-my-account-tabs-vertical elementor-widget elementor-widget-woocommerce-my-account\" data-id=\"aec7850\" data-element_type=\"widget\" data-widget_type=\"woocommerce-my-account.default\">\n\t\t\t\t<div class=\"elementor-widget-container\">\n\t\t\t\t\t<div class=\"e-my-account-tab e-my-account-tab__ \">\t\t\t<div class=\"woocommerce\"><\/div>\t\t<\/div>\n\t\t\t\t\t\t<\/div>\n\t\t\t\t<\/div>\n\t\t\t\t\t<\/div>\n\t\t<\/div>\n\t\t\t\t<div class=\"elementor-column elementor-col-50 elementor-inner-column elementor-element elementor-element-d75cd57 column-with-easly-block\" data-id=\"d75cd57\" data-element_type=\"column\">\n\t\t\t<div class=\"elementor-widget-wrap elementor-element-populated\">\n\t\t\t\t\t\t<section class=\"elementor-section elementor-inner-section elementor-element elementor-element-9e305dc elementor-section-boxed elementor-section-height-default elementor-section-height-default\" data-id=\"9e305dc\" data-element_type=\"section\">\n\t\t\t\t\t\t<div class=\"elementor-container elementor-column-gap-default\">\n\t\t\t\t\t<div class=\"elementor-column elementor-col-100 elementor-inner-column elementor-element elementor-element-16a358b\" data-id=\"16a358b\" data-element_type=\"column\" data-settings=\"{&quot;background_background&quot;:&quot;classic&quot;}\">\n\t\t\t<div class=\"elementor-widget-wrap elementor-element-populated\">\n\t\t\t\t\t\t<div class=\"elementor-element elementor-element-ebb7a0c elementor-widget elementor-widget-text-editor\" data-id=\"ebb7a0c\" data-element_type=\"widget\" data-widget_type=\"text-editor.default\">\n\t\t\t\t<div class=\"elementor-widget-container\">\n\t\t\t\t\t\t\t\t\t<p>Vos r\u00e9sultats sont disponibles<br \/>dans votre tableau de bord Easly.<\/p>\n\t\t\t\t\t\t\t\t<\/div>\n\t\t\t\t<\/div>\n\t\t\t\t<div class=\"elementor-element elementor-element-0fab15e elementor-align-justify elementor-widget elementor-widget-button\" data-id=\"0fab15e\" data-element_type=\"widget\" data-widget_type=\"button.default\">\n\t\t\t\t<div class=\"elementor-widget-container\">\n\t\t\t\t\t\t\t\t\t<div class=\"elementor-button-wrapper\">\n\t\t\t\t\t<a class=\"elementor-button elementor-button-link elementor-size-sm\" href=\"http:\/\/app.easly.nl\/login\">\n\t\t\t\t\t\t<span class=\"elementor-button-content-wrapper\">\n\t\t\t\t\t\t<span class=\"elementor-button-icon\">\n\t\t\t\t<svg aria-hidden=\"true\" class=\"e-font-icon-svg e-fas-arrow-right\" viewBox=\"0 0 448 512\" xmlns=\"http:\/\/www.w3.org\/2000\/svg\"><path d=\"M190.5 66.9l22.2-22.2c9.4-9.4 24.6-9.4 33.9 0L441 239c9.4 9.4 9.4 24.6 0 33.9L246.6 467.3c-9.4 9.4-24.6 9.4-33.9 0l-22.2-22.2c-9.5-9.5-9.3-25 .4-34.3L311.4 296H24c-13.3 0-24-10.7-24-24v-32c0-13.3 10.7-24 24-24h287.4L190.9 101.2c-9.8-9.3-10-24.8-.4-34.3z\"><\/path><\/svg>\t\t\t<\/span>\n\t\t\t\t\t\t\t\t\t<span class=\"elementor-button-text\">Mes r\u00e9sultats<\/span>\n\t\t\t\t\t<\/span>\n\t\t\t\t\t<\/a>\n\t\t\t\t<\/div>\n\t\t\t\t\t\t\t\t<\/div>\n\t\t\t\t<\/div>\n\t\t\t\t\t<\/div>\n\t\t<\/div>\n\t\t\t\t\t<\/div>\n\t\t<\/section>\n\t\t\t\t<div class=\"elementor-element elementor-element-31b1c2a elementor-widget elementor-widget-html\" data-id=\"31b1c2a\" data-element_type=\"widget\" data-widget_type=\"html.default\">\n\t\t\t\t<div class=\"elementor-widget-container\">\n\t\t\t\t\t<script>\r\n\t(function($) {\r\n        $(document).ready(function() {\r\n            \r\n            if ($('.login').length < 1 && $('.lost_reset_password').length < 1 && (window.location.href.indexOf(\"\/my-account\/lost-password\/?reset-link-sent=true\") < 1 )) {\r\n                $('.column-with-easly-block').css('display','block');\r\n            }\r\n            \r\n            if ($('.login').length > 0 || $('.message-box').length > 0  || $('.lost_reset_password').length >0 ) {\r\n                $('.menu-for-my-account').hide();\r\n               \/* $('.column-with-login').css({'width': '100%', 'margin' : '0 10%'});*\/\r\n               $('.step-login-bg').addClass('step-login-bg-image');\r\n            }\r\n            \r\n            if ((window.location.href.indexOf(\"\/my-account\/lost-password\/?reset-link-sent=true\") > 0 )) {\r\n                $('.menu-for-my-account').hide(); \r\n                 $('.woocommerce p').css('font-family', 'Work Sans');\r\n               \/\/ $('.woocommerce').css({'paddingLeft': '30%', 'margin-top' : '4%'});\r\n                if (window.innerWidth < 500) {\r\n                    $('.woocommerce').css({'paddingLeft': '0', 'margin' : '0 10%'});\r\n                 }\r\n            }\r\n        })\r\n    })(jQuery);\r\n<\/script>\t\t\t\t<\/div>\n\t\t\t\t<\/div>\n\t\t\t\t\t<\/div>\n\t\t<\/div>\n\t\t\t\t\t<\/div>\n\t\t<\/section>\n\t\t\t\t\t<\/div>\n\t\t<\/div>\n\t\t\t\t\t<\/div>\n\t\t<\/section>\n\t\t\t\t<\/div>\n\t\t","protected":false},"excerpt":{"rendered":"<p>Mon compte Mes ordres Shipping and Billing Coupons D\u00e9tails d&#039;exp\u00e9dition Personnel D\u00e9connexion Hello romanko (not romanko? Log out) From your account dashboard you can view your recent orders, manage your shipping and billing addresses, and edit your password and account details. Vos r\u00e9sultats sont disponiblesdans votre tableau de bord Easly. Mes r\u00e9sultats<\/p>\n","protected":false},"author":1,"featured_media":0,"parent":0,"menu_order":0,"comment_status":"closed","ping_status":"closed","template":"","meta":{"_acf_changed":false,"footnotes":""},"class_list":["post-16919","page","type-page","status-publish","hentry"],"acf":[],"yoast_head":"<!-- This site is optimized with the Yoast SEO plugin v24.3 - https:\/\/yoast.com\/wordpress\/plugins\/seo\/ -->\n<title>Mon compte - Easly Shop<\/title>\n<meta name=\"robots\" content=\"noindex, nofollow\" \/>\n<meta property=\"og:locale\" content=\"fr_FR\" \/>\n<meta property=\"og:type\" content=\"article\" \/>\n<meta property=\"og:title\" content=\"Mon compte - Easly Shop\" \/>\n<meta property=\"og:description\" content=\"Mon compte Mes ordres Shipping and Billing Coupons D\u00e9tails d&#039;exp\u00e9dition Personnel D\u00e9connexion Hello romanko (not romanko? Log out) From your account dashboard you can view your recent orders, manage your shipping and billing addresses, and edit your password and account details. Vos r\u00e9sultats sont disponiblesdans votre tableau de bord Easly. Mes r\u00e9sultats\" \/>\n<meta property=\"og:url\" content=\"https:\/\/www.easly.nl\/fr\/my-account\/\" \/>\n<meta property=\"og:site_name\" content=\"Easly Shop\" \/>\n<meta property=\"article:modified_time\" content=\"2023-11-09T15:53:11+00:00\" \/>\n<meta name=\"twitter:card\" content=\"summary_large_image\" \/>\n<script type=\"application\/ld+json\" class=\"yoast-schema-graph\">{\"@context\":\"https:\/\/schema.org\",\"@graph\":[{\"@type\":\"WebPage\",\"@id\":\"https:\/\/www.easly.nl\/fr\/my-account\/\",\"url\":\"https:\/\/www.easly.nl\/fr\/my-account\/\",\"name\":\"Mon compte - Easly Shop\",\"isPartOf\":{\"@id\":\"https:\/\/www.easly.nl\/fr\/#website\"},\"datePublished\":\"2023-02-10T15:27:16+00:00\",\"dateModified\":\"2023-11-09T15:53:11+00:00\",\"breadcrumb\":{\"@id\":\"https:\/\/www.easly.nl\/fr\/my-account\/#breadcrumb\"},\"inLanguage\":\"fr-FR\",\"potentialAction\":[{\"@type\":\"ReadAction\",\"target\":[\"https:\/\/www.easly.nl\/fr\/my-account\/\"]}]},{\"@type\":\"BreadcrumbList\",\"@id\":\"https:\/\/www.easly.nl\/fr\/my-account\/#breadcrumb\",\"itemListElement\":[{\"@type\":\"ListItem\",\"position\":1,\"name\":\"D'accueil\",\"item\":\"https:\/\/www.easly.nl\/fr\/\"},{\"@type\":\"ListItem\",\"position\":2,\"name\":\"Mon compte\"}]},{\"@type\":\"WebSite\",\"@id\":\"https:\/\/www.easly.nl\/fr\/#website\",\"url\":\"https:\/\/www.easly.nl\/fr\/\",\"name\":\"Easly Shop\",\"description\":\"Safe &amp; simple online COVID testing\",\"publisher\":{\"@id\":\"https:\/\/www.easly.nl\/fr\/#organization\"},\"potentialAction\":[{\"@type\":\"SearchAction\",\"target\":{\"@type\":\"EntryPoint\",\"urlTemplate\":\"https:\/\/www.easly.nl\/fr\/?s={search_term_string}\"},\"query-input\":{\"@type\":\"PropertyValueSpecification\",\"valueRequired\":true,\"valueName\":\"search_term_string\"}}],\"inLanguage\":\"fr-FR\"},{\"@type\":\"Organization\",\"@id\":\"https:\/\/www.easly.nl\/fr\/#organization\",\"name\":\"Easly.nl\",\"url\":\"https:\/\/www.easly.nl\/fr\/\",\"logo\":{\"@type\":\"ImageObject\",\"inLanguage\":\"fr-FR\",\"@id\":\"https:\/\/www.easly.nl\/fr\/#\/schema\/logo\/image\/\",\"url\":\"https:\/\/www.easly.nl\/wp-content\/uploads\/sites\/13\/2022\/10\/easly_logoslogan_color.png\",\"contentUrl\":\"https:\/\/www.easly.nl\/wp-content\/uploads\/sites\/13\/2022\/10\/easly_logoslogan_color.png\",\"width\":157,\"height\":38,\"caption\":\"Easly.nl\"},\"image\":{\"@id\":\"https:\/\/www.easly.nl\/fr\/#\/schema\/logo\/image\/\"}}]}<\/script>\n<!-- \/ Yoast SEO plugin. -->","yoast_head_json":{"title":"Mon compte - Easly Shop","robots":{"index":"noindex","follow":"nofollow"},"og_locale":"fr_FR","og_type":"article","og_title":"Mon compte - Easly Shop","og_description":"Mon compte Mes ordres Shipping and Billing Coupons D\u00e9tails d&#039;exp\u00e9dition Personnel D\u00e9connexion Hello romanko (not romanko? Log out) From your account dashboard you can view your recent orders, manage your shipping and billing addresses, and edit your password and account details. Vos r\u00e9sultats sont disponiblesdans votre tableau de bord Easly. Mes r\u00e9sultats","og_url":"https:\/\/www.easly.nl\/fr\/my-account\/","og_site_name":"Easly Shop","article_modified_time":"2023-11-09T15:53:11+00:00","twitter_card":"summary_large_image","schema":{"@context":"https:\/\/schema.org","@graph":[{"@type":"WebPage","@id":"https:\/\/www.easly.nl\/fr\/my-account\/","url":"https:\/\/www.easly.nl\/fr\/my-account\/","name":"Mon compte - Easly Shop","isPartOf":{"@id":"https:\/\/www.easly.nl\/fr\/#website"},"datePublished":"2023-02-10T15:27:16+00:00","dateModified":"2023-11-09T15:53:11+00:00","breadcrumb":{"@id":"https:\/\/www.easly.nl\/fr\/my-account\/#breadcrumb"},"inLanguage":"fr-FR","potentialAction":[{"@type":"ReadAction","target":["https:\/\/www.easly.nl\/fr\/my-account\/"]}]},{"@type":"BreadcrumbList","@id":"https:\/\/www.easly.nl\/fr\/my-account\/#breadcrumb","itemListElement":[{"@type":"ListItem","position":1,"name":"D'accueil","item":"https:\/\/www.easly.nl\/fr\/"},{"@type":"ListItem","position":2,"name":"Mon compte"}]},{"@type":"WebSite","@id":"https:\/\/www.easly.nl\/fr\/#website","url":"https:\/\/www.easly.nl\/fr\/","name":"Easly Shop","description":"Safe &amp; simple online COVID testing","publisher":{"@id":"https:\/\/www.easly.nl\/fr\/#organization"},"potentialAction":[{"@type":"SearchAction","target":{"@type":"EntryPoint","urlTemplate":"https:\/\/www.easly.nl\/fr\/?s={search_term_string}"},"query-input":{"@type":"PropertyValueSpecification","valueRequired":true,"valueName":"search_term_string"}}],"inLanguage":"fr-FR"},{"@type":"Organization","@id":"https:\/\/www.easly.nl\/fr\/#organization","name":"Easly.nl","url":"https:\/\/www.easly.nl\/fr\/","logo":{"@type":"ImageObject","inLanguage":"fr-FR","@id":"https:\/\/www.easly.nl\/fr\/#\/schema\/logo\/image\/","url":"https:\/\/www.easly.nl\/wp-content\/uploads\/sites\/13\/2022\/10\/easly_logoslogan_color.png","contentUrl":"https:\/\/www.easly.nl\/wp-content\/uploads\/sites\/13\/2022\/10\/easly_logoslogan_color.png","width":157,"height":38,"caption":"Easly.nl"},"image":{"@id":"https:\/\/www.easly.nl\/fr\/#\/schema\/logo\/image\/"}}]}},"_links":{"self":[{"href":"https:\/\/www.easly.nl\/fr\/wp-json\/wp\/v2\/pages\/16919","targetHints":{"allow":["GET"]}}],"collection":[{"href":"https:\/\/www.easly.nl\/fr\/wp-json\/wp\/v2\/pages"}],"about":[{"href":"https:\/\/www.easly.nl\/fr\/wp-json\/wp\/v2\/types\/page"}],"author":[{"embeddable":true,"href":"https:\/\/www.easly.nl\/fr\/wp-json\/wp\/v2\/users\/1"}],"replies":[{"embeddable":true,"href":"https:\/\/www.easly.nl\/fr\/wp-json\/wp\/v2\/comments?post=16919"}],"version-history":[{"count":0,"href":"https:\/\/www.easly.nl\/fr\/wp-json\/wp\/v2\/pages\/16919\/revisions"}],"wp:attachment":[{"href":"https:\/\/www.easly.nl\/fr\/wp-json\/wp\/v2\/media?parent=16919"}],"curies":[{"name":"wp","href":"https:\/\/api.w.org\/{rel}","templated":true}]}}