{"id":16884,"date":"2023-02-10T08:59:17","date_gmt":"2023-02-10T08:59:17","guid":{"rendered":"https:\/\/www.easly.nl\/bestellen-betalen-en-leveren-2\/"},"modified":"2026-01-27T10:53:49","modified_gmt":"2026-01-27T09:53:49","slug":"commande-paiement-et-livraison","status":"publish","type":"page","link":"https:\/\/www.easly.nl\/fr\/commande-paiement-et-livraison\/","title":{"rendered":"Commandez, payez et livrez"},"content":{"rendered":"\t\t<div data-elementor-type=\"wp-page\" data-elementor-id=\"16884\" class=\"elementor elementor-16884 elementor-15476\" data-elementor-post-type=\"page\">\n\t\t\t\t\t\t<section class=\"elementor-section elementor-top-section elementor-element elementor-element-b51e4a4 elementor-section-boxed elementor-section-height-default elementor-section-height-default\" data-id=\"b51e4a4\" data-element_type=\"section\">\n\t\t\t\t\t\t<div class=\"elementor-container elementor-column-gap-default\">\n\t\t\t\t\t<div class=\"elementor-column elementor-col-100 elementor-top-column elementor-element elementor-element-28ac0fe\" data-id=\"28ac0fe\" data-element_type=\"column\">\n\t\t\t<div class=\"elementor-widget-wrap elementor-element-populated\">\n\t\t\t\t\t\t<section class=\"elementor-section elementor-inner-section elementor-element elementor-element-46859e0 elementor-section-boxed elementor-section-height-default elementor-section-height-default\" data-id=\"46859e0\" data-element_type=\"section\">\n\t\t\t\t\t\t<div class=\"elementor-container elementor-column-gap-default\">\n\t\t\t\t\t<div class=\"elementor-column elementor-col-100 elementor-inner-column elementor-element elementor-element-ea2b3f7\" data-id=\"ea2b3f7\" data-element_type=\"column\">\n\t\t\t<div class=\"elementor-widget-wrap elementor-element-populated\">\n\t\t\t\t\t\t<div class=\"elementor-element elementor-element-06a3895 elementor-widget elementor-widget-breadcrumbs\" data-id=\"06a3895\" data-element_type=\"widget\" data-widget_type=\"breadcrumbs.default\">\n\t\t\t\t<div class=\"elementor-widget-container\">\n\t\t\t\t\t<p id=\"breadcrumbs\"><span><span><a href=\"https:\/\/www.easly.nl\/fr\/\">D'accueil<\/a><\/span><\/span><\/p>\t\t\t\t<\/div>\n\t\t\t\t<\/div>\n\t\t\t\t\t<\/div>\n\t\t<\/div>\n\t\t\t\t\t<\/div>\n\t\t<\/section>\n\t\t\t\t<div class=\"elementor-element elementor-element-3a555f3 elementor-widget elementor-widget-heading\" data-id=\"3a555f3\" data-element_type=\"widget\" data-widget_type=\"heading.default\">\n\t\t\t\t<div class=\"elementor-widget-container\">\n\t\t\t\t\t<h2 class=\"elementor-heading-title elementor-size-default\">Commandez, payez et livrez<\/h2>\t\t\t\t<\/div>\n\t\t\t\t<\/div>\n\t\t\t\t<div class=\"elementor-element elementor-element-a9af1d8 elementor-widget elementor-widget-heading\" data-id=\"a9af1d8\" data-element_type=\"widget\" data-widget_type=\"heading.default\">\n\t\t\t\t<div class=\"elementor-widget-container\">\n\t\t\t\t\t<h2 class=\"elementor-heading-title elementor-size-default\">Commander<\/h2>\t\t\t\t<\/div>\n\t\t\t\t<\/div>\n\t\t\t\t<div class=\"elementor-element elementor-element-2cb4bf6 elementor-widget elementor-widget-text-editor\" data-id=\"2cb4bf6\" data-element_type=\"widget\" data-widget_type=\"text-editor.default\">\n\t\t\t\t<div class=\"elementor-widget-container\">\n\t\t\t\t\t\t\t\t\t<p><span style=\"font-weight: 400;\">Pour lancer une commande, s\u00e9lectionnez les produits souhait\u00e9s et ajoutez-les \u00e0 votre panier. Passez \u00e0 la caisse pour finaliser le paiement.<\/span><\/p>\n\t\t\t\t\t\t\t\t<\/div>\n\t\t\t\t<\/div>\n\t\t\t\t<div class=\"elementor-element elementor-element-d3bb6fd elementor-widget elementor-widget-heading\" data-id=\"d3bb6fd\" data-element_type=\"widget\" data-widget_type=\"heading.default\">\n\t\t\t\t<div class=\"elementor-widget-container\">\n\t\t\t\t\t<h2 class=\"elementor-heading-title elementor-size-default\">Options de paiement <\/h2>\t\t\t\t<\/div>\n\t\t\t\t<\/div>\n\t\t\t\t<div class=\"elementor-element elementor-element-aa2cdc4 elementor-widget elementor-widget-text-editor\" data-id=\"aa2cdc4\" data-element_type=\"widget\" data-widget_type=\"text-editor.default\">\n\t\t\t\t<div class=\"elementor-widget-container\">\n\t\t\t\t\t\t\t\t\t<ul>\r\n \t<li><span style=\"font-weight: 400;\">Belfius DirectNet<\/span><\/li>\r\n \t<li><span style=\"font-weight: 400;\">Cartes de cr\u00e9dit telles que VISA, Mastercard et American Express<\/span><\/li>\r\n \t<li>\u00a0IDEAL | WERO<\/li>\r\n \t<li><span style=\"font-weight: 400;\">Bouton de paiement KBC\/CBC<\/span><\/li>\r\n \t<li><span style=\"font-weight: 400;\">Bancontact<\/span><\/li>\r\n \t<li><span style=\"font-weight: 400;\">Coupons ou bons d&#8217;achat<\/span><\/li>\r\n<\/ul>\t\t\t\t\t\t\t\t<\/div>\n\t\t\t\t<\/div>\n\t\t\t\t<div class=\"elementor-element elementor-element-a0dd2a7 elementor-widget elementor-widget-heading\" data-id=\"a0dd2a7\" data-element_type=\"widget\" data-widget_type=\"heading.default\">\n\t\t\t\t<div class=\"elementor-widget-container\">\n\t\t\t\t\t<h2 class=\"elementor-heading-title elementor-size-default\">Processus de livraison<\/h2>\t\t\t\t<\/div>\n\t\t\t\t<\/div>\n\t\t\t\t<div class=\"elementor-element elementor-element-ce03f5e elementor-widget elementor-widget-text-editor\" data-id=\"ce03f5e\" data-element_type=\"widget\" data-widget_type=\"text-editor.default\">\n\t\t\t\t<div class=\"elementor-widget-container\">\n\t\t\t\t\t\t\t\t\t<p><span style=\"font-weight: 400;\">Une fois votre commande confirm\u00e9e, elle est soigneusement emball\u00e9e et exp\u00e9di\u00e9e via PostNL, s&#8217;int\u00e9grant directement dans votre bo\u00eete aux lettres. Un e-mail contenant un code track &amp; trace est rapidement envoy\u00e9, vous permettant de suivre son parcours. Toute commande pass\u00e9e avant 16h. sont assur\u00e9s d&#8217;atteindre PostNL le jour m\u00eame, assurant une livraison le lendemain. PostNL fonctionne du mardi au samedi, et avec nos colis adapt\u00e9s aux bo\u00eetes aux lettres, votre pr\u00e9sence \u00e0 la maison n&#8217;est pas n\u00e9cessaire.<\/span><\/p>\n\t\t\t\t\t\t\t\t<\/div>\n\t\t\t\t<\/div>\n\t\t\t\t<div class=\"elementor-element elementor-element-f6a2142 elementor-widget elementor-widget-heading\" data-id=\"f6a2142\" data-element_type=\"widget\" data-widget_type=\"heading.default\">\n\t\t\t\t<div class=\"elementor-widget-container\">\n\t\t\t\t\t<h2 class=\"elementor-heading-title elementor-size-default\">Annulation de l'abonnement<\/h2>\t\t\t\t<\/div>\n\t\t\t\t<\/div>\n\t\t\t\t<div class=\"elementor-element elementor-element-0f7f73b elementor-widget elementor-widget-text-editor\" data-id=\"0f7f73b\" data-element_type=\"widget\" data-widget_type=\"text-editor.default\">\n\t\t\t\t<div class=\"elementor-widget-container\">\n\t\t\t\t\t\t\t\t\t<span style=\"font-weight: 400;\">Pour r\u00e9silier un abonnement, connectez-vous \u00e0 votre compte sur le site Easly et cliquez sur l&#8217;onglet \u00ab Abonnements \u00bb. Ici, vous verrez une liste compl\u00e8te de vos abonnements actifs. Identifiez celui que vous souhaitez annuler et s\u00e9lectionnez &#8220;Afficher&#8221;. Vous serez redirig\u00e9 vers une page affichant tous les d\u00e9tails li\u00e9s \u00e0 votre abonnement. Continuez en cliquant sur &#8220;Annuler&#8221; \u00e0 c\u00f4t\u00e9 du terme &#8220;Actions&#8221;, en marquant le statut de votre abonnement comme &#8220;Annulation en attente&#8221;.<\/span>\r\n\r\n&nbsp;\r\n\r\n<span style=\"font-weight: 400;\">Chez Easly, nous priorisons l&#8217;exactitude de vos demandes. Ainsi, nous recoupons si un envoi li\u00e9 \u00e0 votre abonnement est pr\u00eat \u00e0 \u00eatre exp\u00e9di\u00e9 ou a \u00e9t\u00e9 exp\u00e9di\u00e9 r\u00e9cemment. Dans de tels sc\u00e9narios, nous vous contacterons. Si aucune de ces conditions ne s&#8217;applique, nous proc\u00e9dons \u00e0 l&#8217;annulation, changeant par cons\u00e9quent le statut de l&#8217;abonnement en &#8220;Annul\u00e9&#8221;.<\/span>\t\t\t\t\t\t\t\t<\/div>\n\t\t\t\t<\/div>\n\t\t\t\t\t<\/div>\n\t\t<\/div>\n\t\t\t\t\t<\/div>\n\t\t<\/section>\n\t\t\t\t<\/div>\n\t\t","protected":false},"excerpt":{"rendered":"<p>Commandez, payez et livrez Commander Pour lancer une commande, s\u00e9lectionnez les produits souhait\u00e9s et ajoutez-les \u00e0 votre panier. Passez \u00e0 la caisse pour finaliser le paiement. Options de paiement Belfius DirectNet Cartes de cr\u00e9dit telles que VISA, Mastercard et American Express \u00a0IDEAL | WERO Bouton de paiement KBC\/CBC Bancontact Coupons ou bons d&#8217;achat Processus de [&hellip;]<\/p>\n","protected":false},"author":50,"featured_media":0,"parent":0,"menu_order":0,"comment_status":"closed","ping_status":"closed","template":"","meta":{"_acf_changed":false,"footnotes":""},"class_list":["post-16884","page","type-page","status-publish","hentry"],"acf":[],"yoast_head":"<!-- This site is optimized with the Yoast SEO plugin v24.3 - https:\/\/yoast.com\/wordpress\/plugins\/seo\/ -->\n<title>Easly Shop - Tout sur la commande, le paiement et l&#039;exp\u00e9dition<\/title>\n<meta name=\"description\" content=\"Si vous envisagez d&#039;acheter un autotest chez Easly, vous trouverez ici toutes les informations pertinentes sur la commande, le paiement et l&#039;exp\u00e9dition.\" \/>\n<meta name=\"robots\" content=\"index, follow, max-snippet:-1, max-image-preview:large, max-video-preview:-1\" \/>\n<link rel=\"canonical\" href=\"https:\/\/www.easly.nl\/fr\/commande-paiement-et-livraison\/\" \/>\n<meta property=\"og:locale\" content=\"fr_FR\" \/>\n<meta property=\"og:type\" content=\"article\" \/>\n<meta property=\"og:title\" content=\"Easly Shop - Tout sur la commande, le paiement et l&#039;exp\u00e9dition\" \/>\n<meta property=\"og:description\" content=\"Si vous envisagez d&#039;acheter un autotest chez Easly, vous trouverez ici toutes les informations pertinentes sur la commande, le paiement et l&#039;exp\u00e9dition.\" \/>\n<meta property=\"og:url\" content=\"https:\/\/www.easly.nl\/fr\/commande-paiement-et-livraison\/\" \/>\n<meta property=\"og:site_name\" content=\"Easly Shop\" \/>\n<meta property=\"article:modified_time\" content=\"2026-01-27T09:53:49+00:00\" \/>\n<meta name=\"twitter:card\" content=\"summary_large_image\" \/>\n<meta name=\"twitter:label1\" content=\"Dur\u00e9e de lecture estim\u00e9e\" \/>\n\t<meta name=\"twitter:data1\" content=\"1 minute\" \/>\n<script type=\"application\/ld+json\" class=\"yoast-schema-graph\">{\"@context\":\"https:\/\/schema.org\",\"@graph\":[{\"@type\":\"WebPage\",\"@id\":\"https:\/\/www.easly.nl\/fr\/commande-paiement-et-livraison\/\",\"url\":\"https:\/\/www.easly.nl\/fr\/commande-paiement-et-livraison\/\",\"name\":\"Easly Shop - Tout sur la commande, le paiement et l'exp\u00e9dition\",\"isPartOf\":{\"@id\":\"https:\/\/www.easly.nl\/fr\/#website\"},\"datePublished\":\"2023-02-10T08:59:17+00:00\",\"dateModified\":\"2026-01-27T09:53:49+00:00\",\"description\":\"Si vous envisagez d'acheter un autotest chez Easly, vous trouverez ici toutes les informations pertinentes sur la commande, le paiement et l'exp\u00e9dition.\",\"breadcrumb\":{\"@id\":\"https:\/\/www.easly.nl\/fr\/commande-paiement-et-livraison\/#breadcrumb\"},\"inLanguage\":\"fr-FR\",\"potentialAction\":[{\"@type\":\"ReadAction\",\"target\":[\"https:\/\/www.easly.nl\/fr\/commande-paiement-et-livraison\/\"]}]},{\"@type\":\"BreadcrumbList\",\"@id\":\"https:\/\/www.easly.nl\/fr\/commande-paiement-et-livraison\/#breadcrumb\",\"itemListElement\":[{\"@type\":\"ListItem\",\"position\":1,\"name\":\"D'accueil\",\"item\":\"https:\/\/www.easly.nl\/fr\/\"},{\"@type\":\"ListItem\",\"position\":2,\"name\":\"Commandez, payez et livrez\"}]},{\"@type\":\"WebSite\",\"@id\":\"https:\/\/www.easly.nl\/fr\/#website\",\"url\":\"https:\/\/www.easly.nl\/fr\/\",\"name\":\"Easly Shop\",\"description\":\"Safe &amp; simple online COVID testing\",\"publisher\":{\"@id\":\"https:\/\/www.easly.nl\/fr\/#organization\"},\"potentialAction\":[{\"@type\":\"SearchAction\",\"target\":{\"@type\":\"EntryPoint\",\"urlTemplate\":\"https:\/\/www.easly.nl\/fr\/?s={search_term_string}\"},\"query-input\":{\"@type\":\"PropertyValueSpecification\",\"valueRequired\":true,\"valueName\":\"search_term_string\"}}],\"inLanguage\":\"fr-FR\"},{\"@type\":\"Organization\",\"@id\":\"https:\/\/www.easly.nl\/fr\/#organization\",\"name\":\"Easly.nl\",\"url\":\"https:\/\/www.easly.nl\/fr\/\",\"logo\":{\"@type\":\"ImageObject\",\"inLanguage\":\"fr-FR\",\"@id\":\"https:\/\/www.easly.nl\/fr\/#\/schema\/logo\/image\/\",\"url\":\"https:\/\/www.easly.nl\/wp-content\/uploads\/sites\/13\/2022\/10\/easly_logoslogan_color.png\",\"contentUrl\":\"https:\/\/www.easly.nl\/wp-content\/uploads\/sites\/13\/2022\/10\/easly_logoslogan_color.png\",\"width\":157,\"height\":38,\"caption\":\"Easly.nl\"},\"image\":{\"@id\":\"https:\/\/www.easly.nl\/fr\/#\/schema\/logo\/image\/\"}}]}<\/script>\n<!-- \/ Yoast SEO plugin. -->","yoast_head_json":{"title":"Easly Shop - Tout sur la commande, le paiement et l'exp\u00e9dition","description":"Si vous envisagez d'acheter un autotest chez Easly, vous trouverez ici toutes les informations pertinentes sur la commande, le paiement et l'exp\u00e9dition.","robots":{"index":"index","follow":"follow","max-snippet":"max-snippet:-1","max-image-preview":"max-image-preview:large","max-video-preview":"max-video-preview:-1"},"canonical":"https:\/\/www.easly.nl\/fr\/commande-paiement-et-livraison\/","og_locale":"fr_FR","og_type":"article","og_title":"Easly Shop - Tout sur la commande, le paiement et l'exp\u00e9dition","og_description":"Si vous envisagez d'acheter un autotest chez Easly, vous trouverez ici toutes les informations pertinentes sur la commande, le paiement et l'exp\u00e9dition.","og_url":"https:\/\/www.easly.nl\/fr\/commande-paiement-et-livraison\/","og_site_name":"Easly Shop","article_modified_time":"2026-01-27T09:53:49+00:00","twitter_card":"summary_large_image","twitter_misc":{"Dur\u00e9e de lecture estim\u00e9e":"1 minute"},"schema":{"@context":"https:\/\/schema.org","@graph":[{"@type":"WebPage","@id":"https:\/\/www.easly.nl\/fr\/commande-paiement-et-livraison\/","url":"https:\/\/www.easly.nl\/fr\/commande-paiement-et-livraison\/","name":"Easly Shop - Tout sur la commande, le paiement et l'exp\u00e9dition","isPartOf":{"@id":"https:\/\/www.easly.nl\/fr\/#website"},"datePublished":"2023-02-10T08:59:17+00:00","dateModified":"2026-01-27T09:53:49+00:00","description":"Si vous envisagez d'acheter un autotest chez Easly, vous trouverez ici toutes les informations pertinentes sur la commande, le paiement et l'exp\u00e9dition.","breadcrumb":{"@id":"https:\/\/www.easly.nl\/fr\/commande-paiement-et-livraison\/#breadcrumb"},"inLanguage":"fr-FR","potentialAction":[{"@type":"ReadAction","target":["https:\/\/www.easly.nl\/fr\/commande-paiement-et-livraison\/"]}]},{"@type":"BreadcrumbList","@id":"https:\/\/www.easly.nl\/fr\/commande-paiement-et-livraison\/#breadcrumb","itemListElement":[{"@type":"ListItem","position":1,"name":"D'accueil","item":"https:\/\/www.easly.nl\/fr\/"},{"@type":"ListItem","position":2,"name":"Commandez, payez et livrez"}]},{"@type":"WebSite","@id":"https:\/\/www.easly.nl\/fr\/#website","url":"https:\/\/www.easly.nl\/fr\/","name":"Easly Shop","description":"Safe &amp; simple online COVID testing","publisher":{"@id":"https:\/\/www.easly.nl\/fr\/#organization"},"potentialAction":[{"@type":"SearchAction","target":{"@type":"EntryPoint","urlTemplate":"https:\/\/www.easly.nl\/fr\/?s={search_term_string}"},"query-input":{"@type":"PropertyValueSpecification","valueRequired":true,"valueName":"search_term_string"}}],"inLanguage":"fr-FR"},{"@type":"Organization","@id":"https:\/\/www.easly.nl\/fr\/#organization","name":"Easly.nl","url":"https:\/\/www.easly.nl\/fr\/","logo":{"@type":"ImageObject","inLanguage":"fr-FR","@id":"https:\/\/www.easly.nl\/fr\/#\/schema\/logo\/image\/","url":"https:\/\/www.easly.nl\/wp-content\/uploads\/sites\/13\/2022\/10\/easly_logoslogan_color.png","contentUrl":"https:\/\/www.easly.nl\/wp-content\/uploads\/sites\/13\/2022\/10\/easly_logoslogan_color.png","width":157,"height":38,"caption":"Easly.nl"},"image":{"@id":"https:\/\/www.easly.nl\/fr\/#\/schema\/logo\/image\/"}}]}},"_links":{"self":[{"href":"https:\/\/www.easly.nl\/fr\/wp-json\/wp\/v2\/pages\/16884","targetHints":{"allow":["GET"]}}],"collection":[{"href":"https:\/\/www.easly.nl\/fr\/wp-json\/wp\/v2\/pages"}],"about":[{"href":"https:\/\/www.easly.nl\/fr\/wp-json\/wp\/v2\/types\/page"}],"author":[{"embeddable":true,"href":"https:\/\/www.easly.nl\/fr\/wp-json\/wp\/v2\/users\/50"}],"replies":[{"embeddable":true,"href":"https:\/\/www.easly.nl\/fr\/wp-json\/wp\/v2\/comments?post=16884"}],"version-history":[{"count":3,"href":"https:\/\/www.easly.nl\/fr\/wp-json\/wp\/v2\/pages\/16884\/revisions"}],"predecessor-version":[{"id":68844,"href":"https:\/\/www.easly.nl\/fr\/wp-json\/wp\/v2\/pages\/16884\/revisions\/68844"}],"wp:attachment":[{"href":"https:\/\/www.easly.nl\/fr\/wp-json\/wp\/v2\/media?parent=16884"}],"curies":[{"name":"wp","href":"https:\/\/api.w.org\/{rel}","templated":true}]}}