{"id":67713,"date":"2025-09-18T08:23:02","date_gmt":"2025-09-18T07:23:05","guid":{"rendered":"https:\/\/www.easly.nl\/?post_type=product&#038;p=67713"},"modified":"2025-09-18T17:20:46","modified_gmt":"2025-09-18T16:20:46","slug":"vitamin-und-mineralstoff-test","status":"publish","type":"product","link":"https:\/\/www.easly.nl\/de\/gesundheitstests\/vitamin-mineralstoff-Test\/","title":{"rendered":"Vitamin- und Mineralstoff test"},"content":{"rendered":"<p>Herbst und Winter sind die Jahreszeiten, in denen M\u00fcdigkeit, Antriebslosigkeit und ein geschw\u00e4chtes Immunsystem h\u00e4ufig auftreten. Weniger Sonnenlicht kann zu einem Vitamin-D3-Mangel f\u00fchren, w\u00e4hrend die Vitamine B12, Eisen und Magnesium ebenfalls wichtig f\u00fcr Energie und Belastbarkeit sind. Gerade in dieser Zeit ben\u00f6tigt Ihr K\u00f6rper zus\u00e4tzliche Unterst\u00fctzung, um gesund und vital zu bleiben.<\/p>\n<p>Mit dem Vitamin- und Mineralstofftest von Easly k\u00f6nnen Sie ganz einfach feststellen, ob Ihr Vitamin- und Mineralstoffhaushalt im Gleichgewicht ist. So wissen Sie genau, was Ihr K\u00f6rper braucht, um fit und stark durch die dunklen Monate zu kommen.<\/p>\n","protected":false},"excerpt":{"rendered":"<p>Finden Sie mit dem Easy Vitamin- und Mineralstofftest heraus, ob Ihr D3-, B12-, Eisen- und Magnesiumspiegel im Gleichgewicht ist \u2013 f\u00fcr mehr Energie und Widerstandskraft.<\/p>\n","protected":false},"featured_media":67725,"template":"","meta":{"_acf_changed":false,"footnotes":""},"product_cat":[1137,1138,1257],"product_tag":[],"class_list":{"0":"post-67713","1":"product","2":"type-product","3":"status-publish","4":"has-post-thumbnail","6":"product_cat-allgemeine-gesundheit","7":"product_cat-lebensstil-vitamine","8":"product_cat-unkategorisiert","10":"first","11":"instock","12":"taxable","13":"shipping-taxable","14":"purchasable","15":"product-type-simple"},"acf":[],"yoast_head":"<!-- This site is optimized with the Yoast SEO plugin v24.3 - https:\/\/yoast.com\/wordpress\/plugins\/seo\/ -->\n<title>Vitamin- und Mineralstoff-Selbsttest \u2013 Easly<\/title>\n<meta name=\"description\" content=\"Messen Sie Ihre Vitamin- und Mineralstoffwerte (D3, B12, Eisen &amp; Magnesium) bequem zu Hause mit dem Easly-Selbsttest und erhalten Sie schnell Ihren Bericht.\" \/>\n<meta name=\"robots\" content=\"index, follow, max-snippet:-1, max-image-preview:large, max-video-preview:-1\" \/>\n<link rel=\"canonical\" href=\"https:\/\/www.easly.nl\/de\/gesundheitstests\/vitamin-mineralstoff-Test\/\" \/>\n<meta property=\"og:locale\" content=\"de_DE\" \/>\n<meta property=\"og:type\" content=\"article\" \/>\n<meta property=\"og:title\" content=\"Vitamin- und Mineralstoff-Selbsttest \u2013 Easly\" \/>\n<meta property=\"og:description\" content=\"Messen Sie Ihre Vitamin- und Mineralstoffwerte (D3, B12, Eisen &amp; Magnesium) bequem zu Hause mit dem Easly-Selbsttest und erhalten Sie schnell Ihren Bericht.\" \/>\n<meta property=\"og:url\" content=\"https:\/\/www.easly.nl\/de\/gesundheitstests\/vitamin-mineralstoff-Test\/\" \/>\n<meta property=\"og:site_name\" content=\"Easly Shop\" \/>\n<meta property=\"article:modified_time\" content=\"2025-09-18T16:20:46+00:00\" \/>\n<meta property=\"og:image\" content=\"https:\/\/www.easly.nl\/wp-content\/uploads\/sites\/13\/2025\/09\/vi.png\" \/>\n\t<meta property=\"og:image:width\" content=\"1044\" \/>\n\t<meta property=\"og:image:height\" content=\"804\" \/>\n\t<meta property=\"og:image:type\" content=\"image\/png\" \/>\n<meta name=\"twitter:card\" content=\"summary_large_image\" \/>\n<meta name=\"twitter:label1\" content=\"Gesch\u00e4tzte Lesezeit\" \/>\n\t<meta name=\"twitter:data1\" content=\"1 Minute\" \/>\n<script type=\"application\/ld+json\" class=\"yoast-schema-graph\">{\"@context\":\"https:\/\/schema.org\",\"@graph\":[{\"@type\":\"WebPage\",\"@id\":\"https:\/\/www.easly.nl\/de\/gesundheitstests\/vitamin-mineralstoff-Test\/\",\"url\":\"https:\/\/www.easly.nl\/de\/gesundheitstests\/vitamin-mineralstoff-Test\/\",\"name\":\"Vitamin- und Mineralstoff-Selbsttest \u2013 Easly\",\"isPartOf\":{\"@id\":\"https:\/\/www.easly.nl\/de\/#website\"},\"primaryImageOfPage\":{\"@id\":\"https:\/\/www.easly.nl\/de\/gesundheitstests\/vitamin-mineralstoff-Test\/#primaryimage\"},\"image\":{\"@id\":\"https:\/\/www.easly.nl\/de\/gesundheitstests\/vitamin-mineralstoff-Test\/#primaryimage\"},\"thumbnailUrl\":\"https:\/\/www.easly.nl\/wp-content\/uploads\/sites\/13\/2025\/09\/vi.png\",\"datePublished\":\"2025-09-18T07:23:05+00:00\",\"dateModified\":\"2025-09-18T16:20:46+00:00\",\"description\":\"Messen Sie Ihre Vitamin- und Mineralstoffwerte (D3, B12, Eisen & Magnesium) bequem zu Hause mit dem Easly-Selbsttest und erhalten Sie schnell Ihren Bericht.\",\"breadcrumb\":{\"@id\":\"https:\/\/www.easly.nl\/de\/gesundheitstests\/vitamin-mineralstoff-Test\/#breadcrumb\"},\"inLanguage\":\"de-DE\",\"potentialAction\":[{\"@type\":\"ReadAction\",\"target\":[\"https:\/\/www.easly.nl\/de\/gesundheitstests\/vitamin-mineralstoff-Test\/\"]}]},{\"@type\":\"ImageObject\",\"inLanguage\":\"de-DE\",\"@id\":\"https:\/\/www.easly.nl\/de\/gesundheitstests\/vitamin-mineralstoff-Test\/#primaryimage\",\"url\":\"https:\/\/www.easly.nl\/wp-content\/uploads\/sites\/13\/2025\/09\/vi.png\",\"contentUrl\":\"https:\/\/www.easly.nl\/wp-content\/uploads\/sites\/13\/2025\/09\/vi.png\",\"width\":1044,\"height\":804,\"caption\":\"Af\"},{\"@type\":\"BreadcrumbList\",\"@id\":\"https:\/\/www.easly.nl\/de\/gesundheitstests\/vitamin-mineralstoff-Test\/#breadcrumb\",\"itemListElement\":[{\"@type\":\"ListItem\",\"position\":1,\"name\":\"Startseite\",\"item\":\"https:\/\/www.easly.nl\/de\/\"},{\"@type\":\"ListItem\",\"position\":2,\"name\":\"Shop\",\"item\":\"https:\/\/www.easly.nl\/shop\/\"},{\"@type\":\"ListItem\",\"position\":3,\"name\":\"Vitamin- und Mineralstoff test\"}]},{\"@type\":\"WebSite\",\"@id\":\"https:\/\/www.easly.nl\/de\/#website\",\"url\":\"https:\/\/www.easly.nl\/de\/\",\"name\":\"Easly Shop\",\"description\":\"Safe &amp; simple online COVID testing\",\"publisher\":{\"@id\":\"https:\/\/www.easly.nl\/de\/#organization\"},\"potentialAction\":[{\"@type\":\"SearchAction\",\"target\":{\"@type\":\"EntryPoint\",\"urlTemplate\":\"https:\/\/www.easly.nl\/de\/?s={search_term_string}\"},\"query-input\":{\"@type\":\"PropertyValueSpecification\",\"valueRequired\":true,\"valueName\":\"search_term_string\"}}],\"inLanguage\":\"de-DE\"},{\"@type\":\"Organization\",\"@id\":\"https:\/\/www.easly.nl\/de\/#organization\",\"name\":\"Easly.nl\",\"url\":\"https:\/\/www.easly.nl\/de\/\",\"logo\":{\"@type\":\"ImageObject\",\"inLanguage\":\"de-DE\",\"@id\":\"https:\/\/www.easly.nl\/de\/#\/schema\/logo\/image\/\",\"url\":\"https:\/\/www.easly.nl\/wp-content\/uploads\/sites\/13\/2022\/10\/easly_logoslogan_color.png\",\"contentUrl\":\"https:\/\/www.easly.nl\/wp-content\/uploads\/sites\/13\/2022\/10\/easly_logoslogan_color.png\",\"width\":157,\"height\":38,\"caption\":\"Easly.nl\"},\"image\":{\"@id\":\"https:\/\/www.easly.nl\/de\/#\/schema\/logo\/image\/\"}}]}<\/script>\n<!-- \/ Yoast SEO plugin. -->","yoast_head_json":{"title":"Vitamin- und Mineralstoff-Selbsttest \u2013 Easly","description":"Messen Sie Ihre Vitamin- und Mineralstoffwerte (D3, B12, Eisen & Magnesium) bequem zu Hause mit dem Easly-Selbsttest und erhalten Sie schnell Ihren Bericht.","robots":{"index":"index","follow":"follow","max-snippet":"max-snippet:-1","max-image-preview":"max-image-preview:large","max-video-preview":"max-video-preview:-1"},"canonical":"https:\/\/www.easly.nl\/de\/gesundheitstests\/vitamin-mineralstoff-Test\/","og_locale":"de_DE","og_type":"article","og_title":"Vitamin- und Mineralstoff-Selbsttest \u2013 Easly","og_description":"Messen Sie Ihre Vitamin- und Mineralstoffwerte (D3, B12, Eisen & Magnesium) bequem zu Hause mit dem Easly-Selbsttest und erhalten Sie schnell Ihren Bericht.","og_url":"https:\/\/www.easly.nl\/de\/gesundheitstests\/vitamin-mineralstoff-Test\/","og_site_name":"Easly Shop","article_modified_time":"2025-09-18T16:20:46+00:00","og_image":[{"width":1044,"height":804,"url":"https:\/\/www.easly.nl\/wp-content\/uploads\/sites\/13\/2025\/09\/vi.png","type":"image\/png"}],"twitter_card":"summary_large_image","twitter_misc":{"Gesch\u00e4tzte Lesezeit":"1 Minute"},"schema":{"@context":"https:\/\/schema.org","@graph":[{"@type":"WebPage","@id":"https:\/\/www.easly.nl\/de\/gesundheitstests\/vitamin-mineralstoff-Test\/","url":"https:\/\/www.easly.nl\/de\/gesundheitstests\/vitamin-mineralstoff-Test\/","name":"Vitamin- und Mineralstoff-Selbsttest \u2013 Easly","isPartOf":{"@id":"https:\/\/www.easly.nl\/de\/#website"},"primaryImageOfPage":{"@id":"https:\/\/www.easly.nl\/de\/gesundheitstests\/vitamin-mineralstoff-Test\/#primaryimage"},"image":{"@id":"https:\/\/www.easly.nl\/de\/gesundheitstests\/vitamin-mineralstoff-Test\/#primaryimage"},"thumbnailUrl":"https:\/\/www.easly.nl\/wp-content\/uploads\/sites\/13\/2025\/09\/vi.png","datePublished":"2025-09-18T07:23:05+00:00","dateModified":"2025-09-18T16:20:46+00:00","description":"Messen Sie Ihre Vitamin- und Mineralstoffwerte (D3, B12, Eisen & Magnesium) bequem zu Hause mit dem Easly-Selbsttest und erhalten Sie schnell Ihren Bericht.","breadcrumb":{"@id":"https:\/\/www.easly.nl\/de\/gesundheitstests\/vitamin-mineralstoff-Test\/#breadcrumb"},"inLanguage":"de-DE","potentialAction":[{"@type":"ReadAction","target":["https:\/\/www.easly.nl\/de\/gesundheitstests\/vitamin-mineralstoff-Test\/"]}]},{"@type":"ImageObject","inLanguage":"de-DE","@id":"https:\/\/www.easly.nl\/de\/gesundheitstests\/vitamin-mineralstoff-Test\/#primaryimage","url":"https:\/\/www.easly.nl\/wp-content\/uploads\/sites\/13\/2025\/09\/vi.png","contentUrl":"https:\/\/www.easly.nl\/wp-content\/uploads\/sites\/13\/2025\/09\/vi.png","width":1044,"height":804,"caption":"Af"},{"@type":"BreadcrumbList","@id":"https:\/\/www.easly.nl\/de\/gesundheitstests\/vitamin-mineralstoff-Test\/#breadcrumb","itemListElement":[{"@type":"ListItem","position":1,"name":"Startseite","item":"https:\/\/www.easly.nl\/de\/"},{"@type":"ListItem","position":2,"name":"Shop","item":"https:\/\/www.easly.nl\/shop\/"},{"@type":"ListItem","position":3,"name":"Vitamin- und Mineralstoff test"}]},{"@type":"WebSite","@id":"https:\/\/www.easly.nl\/de\/#website","url":"https:\/\/www.easly.nl\/de\/","name":"Easly Shop","description":"Safe &amp; simple online COVID testing","publisher":{"@id":"https:\/\/www.easly.nl\/de\/#organization"},"potentialAction":[{"@type":"SearchAction","target":{"@type":"EntryPoint","urlTemplate":"https:\/\/www.easly.nl\/de\/?s={search_term_string}"},"query-input":{"@type":"PropertyValueSpecification","valueRequired":true,"valueName":"search_term_string"}}],"inLanguage":"de-DE"},{"@type":"Organization","@id":"https:\/\/www.easly.nl\/de\/#organization","name":"Easly.nl","url":"https:\/\/www.easly.nl\/de\/","logo":{"@type":"ImageObject","inLanguage":"de-DE","@id":"https:\/\/www.easly.nl\/de\/#\/schema\/logo\/image\/","url":"https:\/\/www.easly.nl\/wp-content\/uploads\/sites\/13\/2022\/10\/easly_logoslogan_color.png","contentUrl":"https:\/\/www.easly.nl\/wp-content\/uploads\/sites\/13\/2022\/10\/easly_logoslogan_color.png","width":157,"height":38,"caption":"Easly.nl"},"image":{"@id":"https:\/\/www.easly.nl\/de\/#\/schema\/logo\/image\/"}}]}},"_links":{"self":[{"href":"https:\/\/www.easly.nl\/de\/wp-json\/wp\/v2\/product\/67713","targetHints":{"allow":["GET"]}}],"collection":[{"href":"https:\/\/www.easly.nl\/de\/wp-json\/wp\/v2\/product"}],"about":[{"href":"https:\/\/www.easly.nl\/de\/wp-json\/wp\/v2\/types\/product"}],"version-history":[{"count":1,"href":"https:\/\/www.easly.nl\/de\/wp-json\/wp\/v2\/product\/67713\/revisions"}],"predecessor-version":[{"id":67721,"href":"https:\/\/www.easly.nl\/de\/wp-json\/wp\/v2\/product\/67713\/revisions\/67721"}],"wp:featuredmedia":[{"embeddable":true,"href":"https:\/\/www.easly.nl\/de\/wp-json\/wp\/v2\/media\/67725"}],"wp:attachment":[{"href":"https:\/\/www.easly.nl\/de\/wp-json\/wp\/v2\/media?parent=67713"}],"wp:term":[{"taxonomy":"product_cat","embeddable":true,"href":"https:\/\/www.easly.nl\/de\/wp-json\/wp\/v2\/product_cat?post=67713"},{"taxonomy":"product_tag","embeddable":true,"href":"https:\/\/www.easly.nl\/de\/wp-json\/wp\/v2\/product_tag?post=67713"}],"curies":[{"name":"wp","href":"https:\/\/api.w.org\/{rel}","templated":true}]}}