{"id":66851,"date":"2025-05-19T13:22:56","date_gmt":"2025-05-19T12:22:56","guid":{"rendered":"https:\/\/www.easly.nl\/product\/pharmacogenetic-test\/"},"modified":"2025-10-22T12:53:14","modified_gmt":"2025-10-22T11:53:14","slug":"pharmacogenetic-test","status":"publish","type":"product","link":"https:\/\/www.easly.nl\/de\/pharmacogenetic-test\/","title":{"rendered":"Pharmakogenetischer Test: Verstehen Sie, wie Ihre DNA die Reaktion auf Medikamente beeinflusst"},"content":{"rendered":"<p>Die Pharmakogenetik untersucht, wie Ihre genetische Veranlagung die Art und Weise beeinflusst, wie Ihr K\u00f6rper Medikamente verstoffwechselt. Bestimmte Genvariationen beeinflussen n\u00e4mlich den Abbau oder die Aufnahme von Medikamenten, was zu Nebenwirkungen, einer schlechten Reaktion auf die Behandlung oder sogar zu sch\u00e4dlichen Reaktionen f\u00fchren kann. Ein pharmakogenetischer Test kann diese Risiken jedoch fr\u00fchzeitig erkennen und so zu sichereren und wirksameren Verschreibungen beitragen.<\/p>\n","protected":false},"excerpt":{"rendered":"<p>Machen Sie einen pharmakogenetischen Test, um herauszufinden, welche Medikamente zu Ihrer DNA passen. Vermeiden Sie Nebenwirkungen, reduzieren Sie die Anzahl der Testbehandlungen und stimmen Sie Ihre Behandlung auf Ihre pers\u00f6nlichen Bed\u00fcrfnisse ab.<\/p>\n","protected":false},"featured_media":66635,"template":"","meta":{"_acf_changed":false,"footnotes":""},"product_cat":[1257],"product_tag":[],"class_list":{"0":"post-66851","1":"product","2":"type-product","3":"status-publish","4":"has-post-thumbnail","6":"product_cat-unkategorisiert","8":"first","9":"outofstock","10":"taxable","11":"shipping-taxable","12":"purchasable","13":"product-type-simple"},"acf":[],"yoast_head":"<!-- This site is optimized with the Yoast SEO plugin v24.3 - https:\/\/yoast.com\/wordpress\/plugins\/seo\/ -->\n<title>Pharmakogenetischer Test f\u00fcr personalisierte Behandlung<\/title>\n<meta name=\"description\" content=\"Machen Sie einen pharmakogenetischen Test, um herauszufinden, welche Medikamente zu Ihrer DNA passen. Vermeiden Sie Nebenwirkungen, reduzieren Sie Trial-and-Error und personalisieren Sie Ihre Behandlung.\" \/>\n<meta name=\"robots\" content=\"index, follow, max-snippet:-1, max-image-preview:large, max-video-preview:-1\" \/>\n<link rel=\"canonical\" href=\"https:\/\/www.easly.nl\/de\/pharmacogenetic-test\/\" \/>\n<meta property=\"og:locale\" content=\"de_DE\" \/>\n<meta property=\"og:type\" content=\"article\" \/>\n<meta property=\"og:title\" content=\"Pharmakogenetischer Test f\u00fcr personalisierte Behandlung\" \/>\n<meta property=\"og:description\" content=\"Machen Sie einen pharmakogenetischen Test, um herauszufinden, welche Medikamente zu Ihrer DNA passen. Vermeiden Sie Nebenwirkungen, reduzieren Sie Trial-and-Error und personalisieren Sie Ihre Behandlung.\" \/>\n<meta property=\"og:url\" content=\"https:\/\/www.easly.nl\/de\/pharmacogenetic-test\/\" \/>\n<meta property=\"og:site_name\" content=\"Easly Shop\" \/>\n<meta property=\"article:modified_time\" content=\"2025-10-22T11:53:14+00:00\" \/>\n<meta property=\"og:image\" content=\"https:\/\/www.easly.nl\/wp-content\/uploads\/sites\/13\/2025\/05\/phar.webp\" \/>\n\t<meta property=\"og:image:width\" content=\"520\" \/>\n\t<meta property=\"og:image:height\" content=\"401\" \/>\n\t<meta property=\"og:image:type\" content=\"image\/webp\" \/>\n<meta name=\"twitter:card\" content=\"summary_large_image\" \/>\n<script type=\"application\/ld+json\" class=\"yoast-schema-graph\">{\"@context\":\"https:\/\/schema.org\",\"@graph\":[{\"@type\":\"WebPage\",\"@id\":\"https:\/\/www.easly.nl\/de\/pharmacogenetic-test\/\",\"url\":\"https:\/\/www.easly.nl\/de\/pharmacogenetic-test\/\",\"name\":\"Pharmakogenetischer Test f\u00fcr personalisierte Behandlung\",\"isPartOf\":{\"@id\":\"https:\/\/www.easly.nl\/de\/#website\"},\"primaryImageOfPage\":{\"@id\":\"https:\/\/www.easly.nl\/de\/pharmacogenetic-test\/#primaryimage\"},\"image\":{\"@id\":\"https:\/\/www.easly.nl\/de\/pharmacogenetic-test\/#primaryimage\"},\"thumbnailUrl\":\"https:\/\/www.easly.nl\/wp-content\/uploads\/sites\/13\/2025\/05\/phar.webp\",\"datePublished\":\"2025-05-19T12:22:56+00:00\",\"dateModified\":\"2025-10-22T11:53:14+00:00\",\"description\":\"Machen Sie einen pharmakogenetischen Test, um herauszufinden, welche Medikamente zu Ihrer DNA passen. Vermeiden Sie Nebenwirkungen, reduzieren Sie Trial-and-Error und personalisieren Sie Ihre Behandlung.\",\"breadcrumb\":{\"@id\":\"https:\/\/www.easly.nl\/de\/pharmacogenetic-test\/#breadcrumb\"},\"inLanguage\":\"de-DE\",\"potentialAction\":[{\"@type\":\"ReadAction\",\"target\":[\"https:\/\/www.easly.nl\/de\/pharmacogenetic-test\/\"]}]},{\"@type\":\"ImageObject\",\"inLanguage\":\"de-DE\",\"@id\":\"https:\/\/www.easly.nl\/de\/pharmacogenetic-test\/#primaryimage\",\"url\":\"https:\/\/www.easly.nl\/wp-content\/uploads\/sites\/13\/2025\/05\/phar.webp\",\"contentUrl\":\"https:\/\/www.easly.nl\/wp-content\/uploads\/sites\/13\/2025\/05\/phar.webp\",\"width\":520,\"height\":401},{\"@type\":\"BreadcrumbList\",\"@id\":\"https:\/\/www.easly.nl\/de\/pharmacogenetic-test\/#breadcrumb\",\"itemListElement\":[{\"@type\":\"ListItem\",\"position\":1,\"name\":\"Startseite\",\"item\":\"https:\/\/www.easly.nl\/de\/\"},{\"@type\":\"ListItem\",\"position\":2,\"name\":\"Shop\",\"item\":\"https:\/\/www.easly.nl\/shop\/\"},{\"@type\":\"ListItem\",\"position\":3,\"name\":\"Pharmakogenetischer Test: Verstehen Sie, wie Ihre DNA die Reaktion auf Medikamente beeinflusst\"}]},{\"@type\":\"WebSite\",\"@id\":\"https:\/\/www.easly.nl\/de\/#website\",\"url\":\"https:\/\/www.easly.nl\/de\/\",\"name\":\"Easly Shop\",\"description\":\"Safe &amp; simple online COVID testing\",\"publisher\":{\"@id\":\"https:\/\/www.easly.nl\/de\/#organization\"},\"potentialAction\":[{\"@type\":\"SearchAction\",\"target\":{\"@type\":\"EntryPoint\",\"urlTemplate\":\"https:\/\/www.easly.nl\/de\/?s={search_term_string}\"},\"query-input\":{\"@type\":\"PropertyValueSpecification\",\"valueRequired\":true,\"valueName\":\"search_term_string\"}}],\"inLanguage\":\"de-DE\"},{\"@type\":\"Organization\",\"@id\":\"https:\/\/www.easly.nl\/de\/#organization\",\"name\":\"Easly.nl\",\"url\":\"https:\/\/www.easly.nl\/de\/\",\"logo\":{\"@type\":\"ImageObject\",\"inLanguage\":\"de-DE\",\"@id\":\"https:\/\/www.easly.nl\/de\/#\/schema\/logo\/image\/\",\"url\":\"https:\/\/www.easly.nl\/wp-content\/uploads\/sites\/13\/2022\/10\/easly_logoslogan_color.png\",\"contentUrl\":\"https:\/\/www.easly.nl\/wp-content\/uploads\/sites\/13\/2022\/10\/easly_logoslogan_color.png\",\"width\":157,\"height\":38,\"caption\":\"Easly.nl\"},\"image\":{\"@id\":\"https:\/\/www.easly.nl\/de\/#\/schema\/logo\/image\/\"}}]}<\/script>\n<!-- \/ Yoast SEO plugin. -->","yoast_head_json":{"title":"Pharmakogenetischer Test f\u00fcr personalisierte Behandlung","description":"Machen Sie einen pharmakogenetischen Test, um herauszufinden, welche Medikamente zu Ihrer DNA passen. Vermeiden Sie Nebenwirkungen, reduzieren Sie Trial-and-Error und personalisieren Sie Ihre Behandlung.","robots":{"index":"index","follow":"follow","max-snippet":"max-snippet:-1","max-image-preview":"max-image-preview:large","max-video-preview":"max-video-preview:-1"},"canonical":"https:\/\/www.easly.nl\/de\/pharmacogenetic-test\/","og_locale":"de_DE","og_type":"article","og_title":"Pharmakogenetischer Test f\u00fcr personalisierte Behandlung","og_description":"Machen Sie einen pharmakogenetischen Test, um herauszufinden, welche Medikamente zu Ihrer DNA passen. Vermeiden Sie Nebenwirkungen, reduzieren Sie Trial-and-Error und personalisieren Sie Ihre Behandlung.","og_url":"https:\/\/www.easly.nl\/de\/pharmacogenetic-test\/","og_site_name":"Easly Shop","article_modified_time":"2025-10-22T11:53:14+00:00","og_image":[{"width":520,"height":401,"url":"https:\/\/www.easly.nl\/wp-content\/uploads\/sites\/13\/2025\/05\/phar.webp","type":"image\/webp"}],"twitter_card":"summary_large_image","schema":{"@context":"https:\/\/schema.org","@graph":[{"@type":"WebPage","@id":"https:\/\/www.easly.nl\/de\/pharmacogenetic-test\/","url":"https:\/\/www.easly.nl\/de\/pharmacogenetic-test\/","name":"Pharmakogenetischer Test f\u00fcr personalisierte Behandlung","isPartOf":{"@id":"https:\/\/www.easly.nl\/de\/#website"},"primaryImageOfPage":{"@id":"https:\/\/www.easly.nl\/de\/pharmacogenetic-test\/#primaryimage"},"image":{"@id":"https:\/\/www.easly.nl\/de\/pharmacogenetic-test\/#primaryimage"},"thumbnailUrl":"https:\/\/www.easly.nl\/wp-content\/uploads\/sites\/13\/2025\/05\/phar.webp","datePublished":"2025-05-19T12:22:56+00:00","dateModified":"2025-10-22T11:53:14+00:00","description":"Machen Sie einen pharmakogenetischen Test, um herauszufinden, welche Medikamente zu Ihrer DNA passen. Vermeiden Sie Nebenwirkungen, reduzieren Sie Trial-and-Error und personalisieren Sie Ihre Behandlung.","breadcrumb":{"@id":"https:\/\/www.easly.nl\/de\/pharmacogenetic-test\/#breadcrumb"},"inLanguage":"de-DE","potentialAction":[{"@type":"ReadAction","target":["https:\/\/www.easly.nl\/de\/pharmacogenetic-test\/"]}]},{"@type":"ImageObject","inLanguage":"de-DE","@id":"https:\/\/www.easly.nl\/de\/pharmacogenetic-test\/#primaryimage","url":"https:\/\/www.easly.nl\/wp-content\/uploads\/sites\/13\/2025\/05\/phar.webp","contentUrl":"https:\/\/www.easly.nl\/wp-content\/uploads\/sites\/13\/2025\/05\/phar.webp","width":520,"height":401},{"@type":"BreadcrumbList","@id":"https:\/\/www.easly.nl\/de\/pharmacogenetic-test\/#breadcrumb","itemListElement":[{"@type":"ListItem","position":1,"name":"Startseite","item":"https:\/\/www.easly.nl\/de\/"},{"@type":"ListItem","position":2,"name":"Shop","item":"https:\/\/www.easly.nl\/shop\/"},{"@type":"ListItem","position":3,"name":"Pharmakogenetischer Test: Verstehen Sie, wie Ihre DNA die Reaktion auf Medikamente beeinflusst"}]},{"@type":"WebSite","@id":"https:\/\/www.easly.nl\/de\/#website","url":"https:\/\/www.easly.nl\/de\/","name":"Easly Shop","description":"Safe &amp; simple online COVID testing","publisher":{"@id":"https:\/\/www.easly.nl\/de\/#organization"},"potentialAction":[{"@type":"SearchAction","target":{"@type":"EntryPoint","urlTemplate":"https:\/\/www.easly.nl\/de\/?s={search_term_string}"},"query-input":{"@type":"PropertyValueSpecification","valueRequired":true,"valueName":"search_term_string"}}],"inLanguage":"de-DE"},{"@type":"Organization","@id":"https:\/\/www.easly.nl\/de\/#organization","name":"Easly.nl","url":"https:\/\/www.easly.nl\/de\/","logo":{"@type":"ImageObject","inLanguage":"de-DE","@id":"https:\/\/www.easly.nl\/de\/#\/schema\/logo\/image\/","url":"https:\/\/www.easly.nl\/wp-content\/uploads\/sites\/13\/2022\/10\/easly_logoslogan_color.png","contentUrl":"https:\/\/www.easly.nl\/wp-content\/uploads\/sites\/13\/2022\/10\/easly_logoslogan_color.png","width":157,"height":38,"caption":"Easly.nl"},"image":{"@id":"https:\/\/www.easly.nl\/de\/#\/schema\/logo\/image\/"}}]}},"_links":{"self":[{"href":"https:\/\/www.easly.nl\/de\/wp-json\/wp\/v2\/product\/66851","targetHints":{"allow":["GET"]}}],"collection":[{"href":"https:\/\/www.easly.nl\/de\/wp-json\/wp\/v2\/product"}],"about":[{"href":"https:\/\/www.easly.nl\/de\/wp-json\/wp\/v2\/types\/product"}],"version-history":[{"count":2,"href":"https:\/\/www.easly.nl\/de\/wp-json\/wp\/v2\/product\/66851\/revisions"}],"predecessor-version":[{"id":66968,"href":"https:\/\/www.easly.nl\/de\/wp-json\/wp\/v2\/product\/66851\/revisions\/66968"}],"wp:featuredmedia":[{"embeddable":true,"href":"https:\/\/www.easly.nl\/de\/wp-json\/wp\/v2\/media\/66635"}],"wp:attachment":[{"href":"https:\/\/www.easly.nl\/de\/wp-json\/wp\/v2\/media?parent=66851"}],"wp:term":[{"taxonomy":"product_cat","embeddable":true,"href":"https:\/\/www.easly.nl\/de\/wp-json\/wp\/v2\/product_cat?post=66851"},{"taxonomy":"product_tag","embeddable":true,"href":"https:\/\/www.easly.nl\/de\/wp-json\/wp\/v2\/product_tag?post=66851"}],"curies":[{"name":"wp","href":"https:\/\/api.w.org\/{rel}","templated":true}]}}