{"id":59436,"date":"2025-04-10T14:55:32","date_gmt":"2025-04-10T13:55:33","guid":{"rendered":"https:\/\/www.easly.nl\/?post_type=product&#038;p=59436"},"modified":"2026-02-27T11:19:20","modified_gmt":"2026-02-27T10:19:20","slug":"ferritin-bluttest-kopie","status":"publish","type":"product","link":"https:\/\/www.easly.nl\/de\/bluttest-auf-anfrage","title":{"rendered":"Personalisierter Bluttest"},"content":{"rendered":"<p>Ihre Gesundheit ist individuell \u2013 daher sollte auch Ihr Test individuell sein. Mit dem personalisierten Bluttest von Easly bestimmen Sie selbst, welche Biomarker f\u00fcr Sie am wichtigsten sind. Ob Sie Ihren Vitaminhaushalt im Auge behalten, Ihre Hormone \u00fcberwachen oder Ihren Cholesterin- und Blutzuckerspiegel kontrollieren m\u00f6chten \u2013 mit unseren Bluttests auf Anfrage haben Sie die Kontrolle. Keine unn\u00f6tigen Tests, keine Wartezeiten \u2013 nur zuverl\u00e4ssige, genaue Ergebnisse, die von zertifizierten Labors best\u00e4tigt und sicher \u00fcber die App auf Ihrem Smartphone bereitgestellt werden.<\/p>\n","protected":false},"excerpt":{"rendered":"<p>\u00dcbernehmen Sie die Kontrolle \u00fcber Ihre Gesundheit mit dem personalisierten Bluttest von Easly. W\u00e4hlen Sie die f\u00fcr Sie wichtigen Biomarker aus und erhalten Sie sichere Ergebnisse direkt in der App. Keine unn\u00f6tigen Tests, nur echte Erkenntnisse.<\/p>\n","protected":false},"featured_media":59723,"template":"","meta":{"_acf_changed":false,"footnotes":""},"product_cat":[1137,2099,1257],"product_tag":[1144],"class_list":{"0":"post-59436","1":"product","2":"type-product","3":"status-publish","4":"has-post-thumbnail","6":"product_cat-allgemeine-gesundheit","7":"product_cat-keine-kategorie","8":"product_cat-unkategorisiert","9":"product_tag-medizinische-interpretation-und-beratung","11":"first","12":"instock","13":"taxable","14":"shipping-taxable","15":"purchasable","16":"product-type-simple"},"acf":[],"yoast_head":"<!-- This site is optimized with the Yoast SEO plugin v24.3 - https:\/\/yoast.com\/wordpress\/plugins\/seo\/ -->\n<title>Personalisierter Bluttest \u2013 W\u00e4hlen Sie Ihren eigenen Gesundheitscheck | Easly<\/title>\n<meta name=\"description\" content=\"\u00dcbernehmen Sie die Kontrolle \u00fcber Ihre Gesundheit mit dem personalisierten Bluttest von Easly. W\u00e4hlen Sie die f\u00fcr Sie wichtigen Biomarker aus und erhalten Sie sichere Ergebnisse direkt in der App. Keine unn\u00f6tigen Tests, nur echte Erkenntnisse.\" \/>\n<meta name=\"robots\" content=\"index, follow, max-snippet:-1, max-image-preview:large, max-video-preview:-1\" \/>\n<link rel=\"canonical\" href=\"https:\/\/www.easly.nl\/de\/bluttest-auf-anfrage\/\" \/>\n<meta property=\"og:locale\" content=\"de_DE\" \/>\n<meta property=\"og:type\" content=\"article\" \/>\n<meta property=\"og:title\" content=\"Personalisierter Bluttest \u2013 W\u00e4hlen Sie Ihren eigenen Gesundheitscheck | Easly\" \/>\n<meta property=\"og:description\" content=\"\u00dcbernehmen Sie die Kontrolle \u00fcber Ihre Gesundheit mit dem personalisierten Bluttest von Easly. W\u00e4hlen Sie die f\u00fcr Sie wichtigen Biomarker aus und erhalten Sie sichere Ergebnisse direkt in der App. Keine unn\u00f6tigen Tests, nur echte Erkenntnisse.\" \/>\n<meta property=\"og:url\" content=\"https:\/\/www.easly.nl\/de\/bluttest-auf-anfrage\" \/>\n<meta property=\"og:site_name\" content=\"Easly Shop\" \/>\n<meta property=\"article:modified_time\" content=\"2026-02-27T10:19:20+00:00\" \/>\n<meta property=\"og:image\" content=\"https:\/\/www.easly.nl\/wp-content\/uploads\/sites\/13\/2025\/04\/custom-blood-test.webp\" \/>\n\t<meta property=\"og:image:width\" content=\"1040\" \/>\n\t<meta property=\"og:image:height\" content=\"801\" \/>\n\t<meta property=\"og:image:type\" content=\"image\/webp\" \/>\n<meta name=\"twitter:card\" content=\"summary_large_image\" \/>\n<meta name=\"twitter:label1\" content=\"Gesch\u00e4tzte Lesezeit\" \/>\n\t<meta name=\"twitter:data1\" content=\"1 Minute\" \/>\n<script type=\"application\/ld+json\" class=\"yoast-schema-graph\">{\"@context\":\"https:\/\/schema.org\",\"@graph\":[{\"@type\":\"WebPage\",\"@id\":\"https:\/\/www.easly.nl\/de\/bluttest-auf-anfrage\",\"url\":\"https:\/\/www.easly.nl\/de\/bluttest-auf-anfrage\",\"name\":\"Personalisierter Bluttest \u2013 W\u00e4hlen Sie Ihren eigenen Gesundheitscheck | Easly\",\"isPartOf\":{\"@id\":\"https:\/\/www.easly.nl\/de\/#website\"},\"primaryImageOfPage\":{\"@id\":\"https:\/\/www.easly.nl\/de\/bluttest-auf-anfrage#primaryimage\"},\"image\":{\"@id\":\"https:\/\/www.easly.nl\/de\/bluttest-auf-anfrage#primaryimage\"},\"thumbnailUrl\":\"https:\/\/www.easly.nl\/wp-content\/uploads\/sites\/13\/2025\/04\/custom-blood-test.webp\",\"datePublished\":\"2025-04-10T13:55:33+00:00\",\"dateModified\":\"2026-02-27T10:19:20+00:00\",\"description\":\"\u00dcbernehmen Sie die Kontrolle \u00fcber Ihre Gesundheit mit dem personalisierten Bluttest von Easly. W\u00e4hlen Sie die f\u00fcr Sie wichtigen Biomarker aus und erhalten Sie sichere Ergebnisse direkt in der App. Keine unn\u00f6tigen Tests, nur echte Erkenntnisse.\",\"breadcrumb\":{\"@id\":\"https:\/\/www.easly.nl\/de\/bluttest-auf-anfrage#breadcrumb\"},\"inLanguage\":\"de-DE\",\"potentialAction\":[{\"@type\":\"ReadAction\",\"target\":[\"https:\/\/www.easly.nl\/de\/bluttest-auf-anfrage\"]}]},{\"@type\":\"ImageObject\",\"inLanguage\":\"de-DE\",\"@id\":\"https:\/\/www.easly.nl\/de\/bluttest-auf-anfrage#primaryimage\",\"url\":\"https:\/\/www.easly.nl\/wp-content\/uploads\/sites\/13\/2025\/04\/custom-blood-test.webp\",\"contentUrl\":\"https:\/\/www.easly.nl\/wp-content\/uploads\/sites\/13\/2025\/04\/custom-blood-test.webp\",\"width\":1040,\"height\":801,\"caption\":\"custom-blood-test\"},{\"@type\":\"BreadcrumbList\",\"@id\":\"https:\/\/www.easly.nl\/de\/bluttest-auf-anfrage#breadcrumb\",\"itemListElement\":[{\"@type\":\"ListItem\",\"position\":1,\"name\":\"Startseite\",\"item\":\"https:\/\/www.easly.nl\/de\/\"},{\"@type\":\"ListItem\",\"position\":2,\"name\":\"Shop\",\"item\":\"https:\/\/www.easly.nl\/shop\/\"},{\"@type\":\"ListItem\",\"position\":3,\"name\":\"Personalisierter Bluttest\"}]},{\"@type\":\"WebSite\",\"@id\":\"https:\/\/www.easly.nl\/de\/#website\",\"url\":\"https:\/\/www.easly.nl\/de\/\",\"name\":\"Easly Shop\",\"description\":\"Safe &amp; simple online COVID testing\",\"publisher\":{\"@id\":\"https:\/\/www.easly.nl\/de\/#organization\"},\"potentialAction\":[{\"@type\":\"SearchAction\",\"target\":{\"@type\":\"EntryPoint\",\"urlTemplate\":\"https:\/\/www.easly.nl\/de\/?s={search_term_string}\"},\"query-input\":{\"@type\":\"PropertyValueSpecification\",\"valueRequired\":true,\"valueName\":\"search_term_string\"}}],\"inLanguage\":\"de-DE\"},{\"@type\":\"Organization\",\"@id\":\"https:\/\/www.easly.nl\/de\/#organization\",\"name\":\"Easly.nl\",\"url\":\"https:\/\/www.easly.nl\/de\/\",\"logo\":{\"@type\":\"ImageObject\",\"inLanguage\":\"de-DE\",\"@id\":\"https:\/\/www.easly.nl\/de\/#\/schema\/logo\/image\/\",\"url\":\"https:\/\/www.easly.nl\/wp-content\/uploads\/sites\/13\/2022\/10\/easly_logoslogan_color.png\",\"contentUrl\":\"https:\/\/www.easly.nl\/wp-content\/uploads\/sites\/13\/2022\/10\/easly_logoslogan_color.png\",\"width\":157,\"height\":38,\"caption\":\"Easly.nl\"},\"image\":{\"@id\":\"https:\/\/www.easly.nl\/de\/#\/schema\/logo\/image\/\"}}]}<\/script>\n<!-- \/ Yoast SEO plugin. -->","yoast_head_json":{"title":"Personalisierter Bluttest \u2013 W\u00e4hlen Sie Ihren eigenen Gesundheitscheck | Easly","description":"\u00dcbernehmen Sie die Kontrolle \u00fcber Ihre Gesundheit mit dem personalisierten Bluttest von Easly. W\u00e4hlen Sie die f\u00fcr Sie wichtigen Biomarker aus und erhalten Sie sichere Ergebnisse direkt in der App. Keine unn\u00f6tigen Tests, nur echte Erkenntnisse.","robots":{"index":"index","follow":"follow","max-snippet":"max-snippet:-1","max-image-preview":"max-image-preview:large","max-video-preview":"max-video-preview:-1"},"canonical":"https:\/\/www.easly.nl\/de\/bluttest-auf-anfrage\/","og_locale":"de_DE","og_type":"article","og_title":"Personalisierter Bluttest \u2013 W\u00e4hlen Sie Ihren eigenen Gesundheitscheck | Easly","og_description":"\u00dcbernehmen Sie die Kontrolle \u00fcber Ihre Gesundheit mit dem personalisierten Bluttest von Easly. W\u00e4hlen Sie die f\u00fcr Sie wichtigen Biomarker aus und erhalten Sie sichere Ergebnisse direkt in der App. Keine unn\u00f6tigen Tests, nur echte Erkenntnisse.","og_url":"https:\/\/www.easly.nl\/de\/bluttest-auf-anfrage","og_site_name":"Easly Shop","article_modified_time":"2026-02-27T10:19:20+00:00","og_image":[{"width":1040,"height":801,"url":"https:\/\/www.easly.nl\/wp-content\/uploads\/sites\/13\/2025\/04\/custom-blood-test.webp","type":"image\/webp"}],"twitter_card":"summary_large_image","twitter_misc":{"Gesch\u00e4tzte Lesezeit":"1 Minute"},"schema":{"@context":"https:\/\/schema.org","@graph":[{"@type":"WebPage","@id":"https:\/\/www.easly.nl\/de\/bluttest-auf-anfrage","url":"https:\/\/www.easly.nl\/de\/bluttest-auf-anfrage","name":"Personalisierter Bluttest \u2013 W\u00e4hlen Sie Ihren eigenen Gesundheitscheck | Easly","isPartOf":{"@id":"https:\/\/www.easly.nl\/de\/#website"},"primaryImageOfPage":{"@id":"https:\/\/www.easly.nl\/de\/bluttest-auf-anfrage#primaryimage"},"image":{"@id":"https:\/\/www.easly.nl\/de\/bluttest-auf-anfrage#primaryimage"},"thumbnailUrl":"https:\/\/www.easly.nl\/wp-content\/uploads\/sites\/13\/2025\/04\/custom-blood-test.webp","datePublished":"2025-04-10T13:55:33+00:00","dateModified":"2026-02-27T10:19:20+00:00","description":"\u00dcbernehmen Sie die Kontrolle \u00fcber Ihre Gesundheit mit dem personalisierten Bluttest von Easly. W\u00e4hlen Sie die f\u00fcr Sie wichtigen Biomarker aus und erhalten Sie sichere Ergebnisse direkt in der App. Keine unn\u00f6tigen Tests, nur echte Erkenntnisse.","breadcrumb":{"@id":"https:\/\/www.easly.nl\/de\/bluttest-auf-anfrage#breadcrumb"},"inLanguage":"de-DE","potentialAction":[{"@type":"ReadAction","target":["https:\/\/www.easly.nl\/de\/bluttest-auf-anfrage"]}]},{"@type":"ImageObject","inLanguage":"de-DE","@id":"https:\/\/www.easly.nl\/de\/bluttest-auf-anfrage#primaryimage","url":"https:\/\/www.easly.nl\/wp-content\/uploads\/sites\/13\/2025\/04\/custom-blood-test.webp","contentUrl":"https:\/\/www.easly.nl\/wp-content\/uploads\/sites\/13\/2025\/04\/custom-blood-test.webp","width":1040,"height":801,"caption":"custom-blood-test"},{"@type":"BreadcrumbList","@id":"https:\/\/www.easly.nl\/de\/bluttest-auf-anfrage#breadcrumb","itemListElement":[{"@type":"ListItem","position":1,"name":"Startseite","item":"https:\/\/www.easly.nl\/de\/"},{"@type":"ListItem","position":2,"name":"Shop","item":"https:\/\/www.easly.nl\/shop\/"},{"@type":"ListItem","position":3,"name":"Personalisierter Bluttest"}]},{"@type":"WebSite","@id":"https:\/\/www.easly.nl\/de\/#website","url":"https:\/\/www.easly.nl\/de\/","name":"Easly Shop","description":"Safe &amp; simple online COVID testing","publisher":{"@id":"https:\/\/www.easly.nl\/de\/#organization"},"potentialAction":[{"@type":"SearchAction","target":{"@type":"EntryPoint","urlTemplate":"https:\/\/www.easly.nl\/de\/?s={search_term_string}"},"query-input":{"@type":"PropertyValueSpecification","valueRequired":true,"valueName":"search_term_string"}}],"inLanguage":"de-DE"},{"@type":"Organization","@id":"https:\/\/www.easly.nl\/de\/#organization","name":"Easly.nl","url":"https:\/\/www.easly.nl\/de\/","logo":{"@type":"ImageObject","inLanguage":"de-DE","@id":"https:\/\/www.easly.nl\/de\/#\/schema\/logo\/image\/","url":"https:\/\/www.easly.nl\/wp-content\/uploads\/sites\/13\/2022\/10\/easly_logoslogan_color.png","contentUrl":"https:\/\/www.easly.nl\/wp-content\/uploads\/sites\/13\/2022\/10\/easly_logoslogan_color.png","width":157,"height":38,"caption":"Easly.nl"},"image":{"@id":"https:\/\/www.easly.nl\/de\/#\/schema\/logo\/image\/"}}]}},"_links":{"self":[{"href":"https:\/\/www.easly.nl\/de\/wp-json\/wp\/v2\/product\/59436","targetHints":{"allow":["GET"]}}],"collection":[{"href":"https:\/\/www.easly.nl\/de\/wp-json\/wp\/v2\/product"}],"about":[{"href":"https:\/\/www.easly.nl\/de\/wp-json\/wp\/v2\/types\/product"}],"version-history":[{"count":2,"href":"https:\/\/www.easly.nl\/de\/wp-json\/wp\/v2\/product\/59436\/revisions"}],"predecessor-version":[{"id":59919,"href":"https:\/\/www.easly.nl\/de\/wp-json\/wp\/v2\/product\/59436\/revisions\/59919"}],"wp:featuredmedia":[{"embeddable":true,"href":"https:\/\/www.easly.nl\/de\/wp-json\/wp\/v2\/media\/59723"}],"wp:attachment":[{"href":"https:\/\/www.easly.nl\/de\/wp-json\/wp\/v2\/media?parent=59436"}],"wp:term":[{"taxonomy":"product_cat","embeddable":true,"href":"https:\/\/www.easly.nl\/de\/wp-json\/wp\/v2\/product_cat?post=59436"},{"taxonomy":"product_tag","embeddable":true,"href":"https:\/\/www.easly.nl\/de\/wp-json\/wp\/v2\/product_tag?post=59436"}],"curies":[{"name":"wp","href":"https:\/\/api.w.org\/{rel}","templated":true}]}}