{"id":58678,"date":"2025-03-18T18:26:39","date_gmt":"2025-03-18T17:28:10","guid":{"rendered":"https:\/\/www.easly.nl\/?post_type=product&#038;p=58678"},"modified":"2025-03-18T20:13:45","modified_gmt":"2025-03-18T19:13:45","slug":"omega-3-test","status":"publish","type":"product","link":"https:\/\/www.easly.nl\/de\/gesundheitstests\/omega-3-test\/","title":{"rendered":"Omega-3-Test: Messen und optimieren Sie Ihren Omega-3-Spiegel"},"content":{"rendered":"<p>Omega-3-Fetts\u00e4uren sind f\u00fcr die Gehirnfunktion, die Herzgesundheit und die Reduzierung von Entz\u00fcndungen unerl\u00e4sslich. Ein Mangel kann zu trockener Haut, Ged\u00e4chtnisproblemen und Stimmungsschwankungen f\u00fchren. Unser Omega-3-Bluttest bietet laborzertifizierte Erkenntnisse, sodass Sie Ihren Omega-3-Spiegel optimieren, das Gleichgewicht wiederherstellen und Ihre allgemeine Gesundheit verbessern k\u00f6nnen.<\/p>\n","protected":false},"excerpt":{"rendered":"<p>Testen Sie Ihren Omega-3-Spiegel genau und erkennen Sie einen m\u00f6glichen Mangel. Einfache und zuverl\u00e4ssige Analyse f\u00fcr Ihre Gesundheit. Jetzt bestellen!<\/p>\n","protected":false},"featured_media":58674,"template":"","meta":{"_acf_changed":false,"footnotes":""},"product_cat":[1138,1257],"product_tag":[1144],"class_list":{"0":"post-58678","1":"product","2":"type-product","3":"status-publish","4":"has-post-thumbnail","6":"product_cat-lebensstil-vitamine","7":"product_cat-unkategorisiert","8":"product_tag-medizinische-interpretation-und-beratung","10":"first","11":"instock","12":"taxable","13":"shipping-taxable","14":"purchasable","15":"product-type-simple"},"acf":[],"yoast_head":"<!-- This site is optimized with the Yoast SEO plugin v24.3 - https:\/\/yoast.com\/wordpress\/plugins\/seo\/ -->\n<title>Omega 3 Test - Zuverl\u00e4ssiger Omega-3-Bluttest f\u00fcr Zuhause<\/title>\n<meta name=\"description\" content=\"Testen Sie Ihren Omega-3-Spiegel genau und erkennen Sie einen m\u00f6glichen Mangel. Einfache und zuverl\u00e4ssige Analyse f\u00fcr Ihre Gesundheit. Jetzt bestellen!\" \/>\n<meta name=\"robots\" content=\"index, follow, max-snippet:-1, max-image-preview:large, max-video-preview:-1\" \/>\n<link rel=\"canonical\" href=\"https:\/\/www.easly.nl\/de\/gesundheitstests\/omega-3-test\/\" \/>\n<meta property=\"og:locale\" content=\"de_DE\" \/>\n<meta property=\"og:type\" content=\"article\" \/>\n<meta property=\"og:title\" content=\"Omega 3 Test - Zuverl\u00e4ssiger Omega-3-Bluttest f\u00fcr Zuhause\" \/>\n<meta property=\"og:description\" content=\"Testen Sie Ihren Omega-3-Spiegel genau und erkennen Sie einen m\u00f6glichen Mangel. Einfache und zuverl\u00e4ssige Analyse f\u00fcr Ihre Gesundheit. Jetzt bestellen!\" \/>\n<meta property=\"og:url\" content=\"https:\/\/www.easly.nl\/de\/gesundheitstests\/omega-3-test\/\" \/>\n<meta property=\"og:site_name\" content=\"Easly Shop\" \/>\n<meta property=\"article:modified_time\" content=\"2025-03-18T19:13:45+00:00\" \/>\n<meta property=\"og:image\" content=\"https:\/\/www.easly.nl\/wp-content\/uploads\/sites\/13\/2025\/03\/omega.webp\" \/>\n\t<meta property=\"og:image:width\" content=\"1044\" \/>\n\t<meta property=\"og:image:height\" content=\"804\" \/>\n\t<meta property=\"og:image:type\" content=\"image\/webp\" \/>\n<meta name=\"twitter:card\" content=\"summary_large_image\" \/>\n<meta name=\"twitter:label1\" content=\"Gesch\u00e4tzte Lesezeit\" \/>\n\t<meta name=\"twitter:data1\" content=\"1 Minute\" \/>\n<script type=\"application\/ld+json\" class=\"yoast-schema-graph\">{\"@context\":\"https:\/\/schema.org\",\"@graph\":[{\"@type\":\"WebPage\",\"@id\":\"https:\/\/www.easly.nl\/de\/gesundheitstests\/omega-3-test\/\",\"url\":\"https:\/\/www.easly.nl\/de\/gesundheitstests\/omega-3-test\/\",\"name\":\"Omega 3 Test - Zuverl\u00e4ssiger Omega-3-Bluttest f\u00fcr Zuhause\",\"isPartOf\":{\"@id\":\"https:\/\/www.easly.nl\/de\/#website\"},\"primaryImageOfPage\":{\"@id\":\"https:\/\/www.easly.nl\/de\/gesundheitstests\/omega-3-test\/#primaryimage\"},\"image\":{\"@id\":\"https:\/\/www.easly.nl\/de\/gesundheitstests\/omega-3-test\/#primaryimage\"},\"thumbnailUrl\":\"https:\/\/www.easly.nl\/wp-content\/uploads\/sites\/13\/2025\/03\/omega.webp\",\"datePublished\":\"2025-03-18T17:28:10+00:00\",\"dateModified\":\"2025-03-18T19:13:45+00:00\",\"description\":\"Testen Sie Ihren Omega-3-Spiegel genau und erkennen Sie einen m\u00f6glichen Mangel. Einfache und zuverl\u00e4ssige Analyse f\u00fcr Ihre Gesundheit. Jetzt bestellen!\",\"breadcrumb\":{\"@id\":\"https:\/\/www.easly.nl\/de\/gesundheitstests\/omega-3-test\/#breadcrumb\"},\"inLanguage\":\"de-DE\",\"potentialAction\":[{\"@type\":\"ReadAction\",\"target\":[\"https:\/\/www.easly.nl\/de\/gesundheitstests\/omega-3-test\/\"]}]},{\"@type\":\"ImageObject\",\"inLanguage\":\"de-DE\",\"@id\":\"https:\/\/www.easly.nl\/de\/gesundheitstests\/omega-3-test\/#primaryimage\",\"url\":\"https:\/\/www.easly.nl\/wp-content\/uploads\/sites\/13\/2025\/03\/omega.webp\",\"contentUrl\":\"https:\/\/www.easly.nl\/wp-content\/uploads\/sites\/13\/2025\/03\/omega.webp\",\"width\":1044,\"height\":804},{\"@type\":\"BreadcrumbList\",\"@id\":\"https:\/\/www.easly.nl\/de\/gesundheitstests\/omega-3-test\/#breadcrumb\",\"itemListElement\":[{\"@type\":\"ListItem\",\"position\":1,\"name\":\"Startseite\",\"item\":\"https:\/\/www.easly.nl\/de\/\"},{\"@type\":\"ListItem\",\"position\":2,\"name\":\"Shop\",\"item\":\"https:\/\/www.easly.nl\/shop\/\"},{\"@type\":\"ListItem\",\"position\":3,\"name\":\"Omega-3-Test: Messen und optimieren Sie Ihren Omega-3-Spiegel\"}]},{\"@type\":\"WebSite\",\"@id\":\"https:\/\/www.easly.nl\/de\/#website\",\"url\":\"https:\/\/www.easly.nl\/de\/\",\"name\":\"Easly Shop\",\"description\":\"Safe &amp; simple online COVID testing\",\"publisher\":{\"@id\":\"https:\/\/www.easly.nl\/de\/#organization\"},\"potentialAction\":[{\"@type\":\"SearchAction\",\"target\":{\"@type\":\"EntryPoint\",\"urlTemplate\":\"https:\/\/www.easly.nl\/de\/?s={search_term_string}\"},\"query-input\":{\"@type\":\"PropertyValueSpecification\",\"valueRequired\":true,\"valueName\":\"search_term_string\"}}],\"inLanguage\":\"de-DE\"},{\"@type\":\"Organization\",\"@id\":\"https:\/\/www.easly.nl\/de\/#organization\",\"name\":\"Easly.nl\",\"url\":\"https:\/\/www.easly.nl\/de\/\",\"logo\":{\"@type\":\"ImageObject\",\"inLanguage\":\"de-DE\",\"@id\":\"https:\/\/www.easly.nl\/de\/#\/schema\/logo\/image\/\",\"url\":\"https:\/\/www.easly.nl\/wp-content\/uploads\/sites\/13\/2022\/10\/easly_logoslogan_color.png\",\"contentUrl\":\"https:\/\/www.easly.nl\/wp-content\/uploads\/sites\/13\/2022\/10\/easly_logoslogan_color.png\",\"width\":157,\"height\":38,\"caption\":\"Easly.nl\"},\"image\":{\"@id\":\"https:\/\/www.easly.nl\/de\/#\/schema\/logo\/image\/\"}}]}<\/script>\n<!-- \/ Yoast SEO plugin. -->","yoast_head_json":{"title":"Omega 3 Test - Zuverl\u00e4ssiger Omega-3-Bluttest f\u00fcr Zuhause","description":"Testen Sie Ihren Omega-3-Spiegel genau und erkennen Sie einen m\u00f6glichen Mangel. Einfache und zuverl\u00e4ssige Analyse f\u00fcr Ihre Gesundheit. Jetzt bestellen!","robots":{"index":"index","follow":"follow","max-snippet":"max-snippet:-1","max-image-preview":"max-image-preview:large","max-video-preview":"max-video-preview:-1"},"canonical":"https:\/\/www.easly.nl\/de\/gesundheitstests\/omega-3-test\/","og_locale":"de_DE","og_type":"article","og_title":"Omega 3 Test - Zuverl\u00e4ssiger Omega-3-Bluttest f\u00fcr Zuhause","og_description":"Testen Sie Ihren Omega-3-Spiegel genau und erkennen Sie einen m\u00f6glichen Mangel. Einfache und zuverl\u00e4ssige Analyse f\u00fcr Ihre Gesundheit. Jetzt bestellen!","og_url":"https:\/\/www.easly.nl\/de\/gesundheitstests\/omega-3-test\/","og_site_name":"Easly Shop","article_modified_time":"2025-03-18T19:13:45+00:00","og_image":[{"width":1044,"height":804,"url":"https:\/\/www.easly.nl\/wp-content\/uploads\/sites\/13\/2025\/03\/omega.webp","type":"image\/webp"}],"twitter_card":"summary_large_image","twitter_misc":{"Gesch\u00e4tzte Lesezeit":"1 Minute"},"schema":{"@context":"https:\/\/schema.org","@graph":[{"@type":"WebPage","@id":"https:\/\/www.easly.nl\/de\/gesundheitstests\/omega-3-test\/","url":"https:\/\/www.easly.nl\/de\/gesundheitstests\/omega-3-test\/","name":"Omega 3 Test - Zuverl\u00e4ssiger Omega-3-Bluttest f\u00fcr Zuhause","isPartOf":{"@id":"https:\/\/www.easly.nl\/de\/#website"},"primaryImageOfPage":{"@id":"https:\/\/www.easly.nl\/de\/gesundheitstests\/omega-3-test\/#primaryimage"},"image":{"@id":"https:\/\/www.easly.nl\/de\/gesundheitstests\/omega-3-test\/#primaryimage"},"thumbnailUrl":"https:\/\/www.easly.nl\/wp-content\/uploads\/sites\/13\/2025\/03\/omega.webp","datePublished":"2025-03-18T17:28:10+00:00","dateModified":"2025-03-18T19:13:45+00:00","description":"Testen Sie Ihren Omega-3-Spiegel genau und erkennen Sie einen m\u00f6glichen Mangel. Einfache und zuverl\u00e4ssige Analyse f\u00fcr Ihre Gesundheit. Jetzt bestellen!","breadcrumb":{"@id":"https:\/\/www.easly.nl\/de\/gesundheitstests\/omega-3-test\/#breadcrumb"},"inLanguage":"de-DE","potentialAction":[{"@type":"ReadAction","target":["https:\/\/www.easly.nl\/de\/gesundheitstests\/omega-3-test\/"]}]},{"@type":"ImageObject","inLanguage":"de-DE","@id":"https:\/\/www.easly.nl\/de\/gesundheitstests\/omega-3-test\/#primaryimage","url":"https:\/\/www.easly.nl\/wp-content\/uploads\/sites\/13\/2025\/03\/omega.webp","contentUrl":"https:\/\/www.easly.nl\/wp-content\/uploads\/sites\/13\/2025\/03\/omega.webp","width":1044,"height":804},{"@type":"BreadcrumbList","@id":"https:\/\/www.easly.nl\/de\/gesundheitstests\/omega-3-test\/#breadcrumb","itemListElement":[{"@type":"ListItem","position":1,"name":"Startseite","item":"https:\/\/www.easly.nl\/de\/"},{"@type":"ListItem","position":2,"name":"Shop","item":"https:\/\/www.easly.nl\/shop\/"},{"@type":"ListItem","position":3,"name":"Omega-3-Test: Messen und optimieren Sie Ihren Omega-3-Spiegel"}]},{"@type":"WebSite","@id":"https:\/\/www.easly.nl\/de\/#website","url":"https:\/\/www.easly.nl\/de\/","name":"Easly Shop","description":"Safe &amp; simple online COVID testing","publisher":{"@id":"https:\/\/www.easly.nl\/de\/#organization"},"potentialAction":[{"@type":"SearchAction","target":{"@type":"EntryPoint","urlTemplate":"https:\/\/www.easly.nl\/de\/?s={search_term_string}"},"query-input":{"@type":"PropertyValueSpecification","valueRequired":true,"valueName":"search_term_string"}}],"inLanguage":"de-DE"},{"@type":"Organization","@id":"https:\/\/www.easly.nl\/de\/#organization","name":"Easly.nl","url":"https:\/\/www.easly.nl\/de\/","logo":{"@type":"ImageObject","inLanguage":"de-DE","@id":"https:\/\/www.easly.nl\/de\/#\/schema\/logo\/image\/","url":"https:\/\/www.easly.nl\/wp-content\/uploads\/sites\/13\/2022\/10\/easly_logoslogan_color.png","contentUrl":"https:\/\/www.easly.nl\/wp-content\/uploads\/sites\/13\/2022\/10\/easly_logoslogan_color.png","width":157,"height":38,"caption":"Easly.nl"},"image":{"@id":"https:\/\/www.easly.nl\/de\/#\/schema\/logo\/image\/"}}]}},"_links":{"self":[{"href":"https:\/\/www.easly.nl\/de\/wp-json\/wp\/v2\/product\/58678","targetHints":{"allow":["GET"]}}],"collection":[{"href":"https:\/\/www.easly.nl\/de\/wp-json\/wp\/v2\/product"}],"about":[{"href":"https:\/\/www.easly.nl\/de\/wp-json\/wp\/v2\/types\/product"}],"version-history":[{"count":2,"href":"https:\/\/www.easly.nl\/de\/wp-json\/wp\/v2\/product\/58678\/revisions"}],"predecessor-version":[{"id":58699,"href":"https:\/\/www.easly.nl\/de\/wp-json\/wp\/v2\/product\/58678\/revisions\/58699"}],"wp:featuredmedia":[{"embeddable":true,"href":"https:\/\/www.easly.nl\/de\/wp-json\/wp\/v2\/media\/58674"}],"wp:attachment":[{"href":"https:\/\/www.easly.nl\/de\/wp-json\/wp\/v2\/media?parent=58678"}],"wp:term":[{"taxonomy":"product_cat","embeddable":true,"href":"https:\/\/www.easly.nl\/de\/wp-json\/wp\/v2\/product_cat?post=58678"},{"taxonomy":"product_tag","embeddable":true,"href":"https:\/\/www.easly.nl\/de\/wp-json\/wp\/v2\/product_tag?post=58678"}],"curies":[{"name":"wp","href":"https:\/\/api.w.org\/{rel}","templated":true}]}}