{"id":58636,"date":"2025-03-13T15:35:33","date_gmt":"2025-03-13T14:37:18","guid":{"rendered":"https:\/\/www.easly.nl\/?post_type=product&#038;p=58636"},"modified":"2025-03-18T16:11:48","modified_gmt":"2025-03-18T15:11:48","slug":"ferritin-bluttest","status":"publish","type":"product","link":"https:\/\/www.easly.nl\/de\/ferritin-bluttest\/","title":{"rendered":"Ferritin-Bluttest"},"content":{"rendered":"<p>Ferritin speichert Eisen, das f\u00fcr Energie, Immunit\u00e4t und Sauerstofftransport unerl\u00e4sslich ist. Ungleichgewichte k\u00f6nnen zu M\u00fcdigkeit, Schw\u00e4che oder anderen eisenbedingten Erkrankungen f\u00fchren. Unser Ferritin-Bluttest bietet laborzertifizierte Erkenntnisse, die es Ihnen erm\u00f6glichen, fundierte Ma\u00dfnahmen zur Aufrechterhaltung eines gesunden Eisenspiegels und zur Verbesserung des allgemeinen Wohlbefindens zu ergreifen.<\/p>\n","protected":false},"excerpt":{"rendered":"<p>\u00dcberwachen Sie Ihre Eisenspeicher mit einem Ferritin-Bluttest. F\u00fchren Sie die Probenentnahme bequem zu Hause mit einem laborzertifizierten Kit durch und erhalten Sie schnelle, zuverl\u00e4ssige Ergebnisse. Jetzt bestellen f\u00fcr wertvolle Einblicke in Ihre Eisenwerte!<\/p>\n","protected":false},"featured_media":58630,"template":"","meta":{"_acf_changed":false,"footnotes":""},"product_cat":[1137,1257],"product_tag":[1144],"class_list":{"0":"post-58636","1":"product","2":"type-product","3":"status-publish","4":"has-post-thumbnail","6":"product_cat-allgemeine-gesundheit","7":"product_cat-unkategorisiert","8":"product_tag-medizinische-interpretation-und-beratung","10":"first","11":"instock","12":"taxable","13":"shipping-taxable","14":"purchasable","15":"product-type-simple"},"acf":[],"yoast_head":"<!-- This site is optimized with the Yoast SEO plugin v24.3 - https:\/\/yoast.com\/wordpress\/plugins\/seo\/ -->\n<title>Ferritin-Test - Zuverl\u00e4ssiger Bluttest f\u00fcr Eisenwerte<\/title>\n<meta name=\"description\" content=\"\u00dcberwachen Sie Ihre Eisenspeicher mit einem Ferritin-Bluttest. F\u00fchren Sie die Probenentnahme bequem zu Hause mit einem laborzertifizierten Kit durch und erhalten Sie schnelle, zuverl\u00e4ssige Ergebnisse. Jetzt bestellen f\u00fcr wertvolle Einblicke in Ihre Eisenwerte!\" \/>\n<meta name=\"robots\" content=\"index, follow, max-snippet:-1, max-image-preview:large, max-video-preview:-1\" \/>\n<link rel=\"canonical\" href=\"https:\/\/www.easly.nl\/de\/ferritin-bluttest\/\" \/>\n<meta property=\"og:locale\" content=\"de_DE\" \/>\n<meta property=\"og:type\" content=\"article\" \/>\n<meta property=\"og:title\" content=\"Ferritin-Test - Zuverl\u00e4ssiger Bluttest f\u00fcr Eisenwerte\" \/>\n<meta property=\"og:description\" content=\"\u00dcberwachen Sie Ihre Eisenspeicher mit einem Ferritin-Bluttest. F\u00fchren Sie die Probenentnahme bequem zu Hause mit einem laborzertifizierten Kit durch und erhalten Sie schnelle, zuverl\u00e4ssige Ergebnisse. Jetzt bestellen f\u00fcr wertvolle Einblicke in Ihre Eisenwerte!\" \/>\n<meta property=\"og:url\" content=\"https:\/\/www.easly.nl\/de\/ferritin-bluttest\/\" \/>\n<meta property=\"og:site_name\" content=\"Easly Shop\" \/>\n<meta property=\"article:modified_time\" content=\"2025-03-18T15:11:48+00:00\" \/>\n<meta property=\"og:image\" content=\"https:\/\/www.easly.nl\/wp-content\/uploads\/sites\/13\/2025\/03\/ferritin.webp\" \/>\n\t<meta property=\"og:image:width\" content=\"1044\" \/>\n\t<meta property=\"og:image:height\" content=\"804\" \/>\n\t<meta property=\"og:image:type\" content=\"image\/webp\" \/>\n<meta name=\"twitter:card\" content=\"summary_large_image\" \/>\n<meta name=\"twitter:label1\" content=\"Gesch\u00e4tzte Lesezeit\" \/>\n\t<meta name=\"twitter:data1\" content=\"1 Minute\" \/>\n<script type=\"application\/ld+json\" class=\"yoast-schema-graph\">{\"@context\":\"https:\/\/schema.org\",\"@graph\":[{\"@type\":\"WebPage\",\"@id\":\"https:\/\/www.easly.nl\/de\/ferritin-bluttest\/\",\"url\":\"https:\/\/www.easly.nl\/de\/ferritin-bluttest\/\",\"name\":\"Ferritin-Test - Zuverl\u00e4ssiger Bluttest f\u00fcr Eisenwerte\",\"isPartOf\":{\"@id\":\"https:\/\/www.easly.nl\/de\/#website\"},\"primaryImageOfPage\":{\"@id\":\"https:\/\/www.easly.nl\/de\/ferritin-bluttest\/#primaryimage\"},\"image\":{\"@id\":\"https:\/\/www.easly.nl\/de\/ferritin-bluttest\/#primaryimage\"},\"thumbnailUrl\":\"https:\/\/www.easly.nl\/wp-content\/uploads\/sites\/13\/2025\/03\/ferritin.webp\",\"datePublished\":\"2025-03-13T14:37:18+00:00\",\"dateModified\":\"2025-03-18T15:11:48+00:00\",\"description\":\"\u00dcberwachen Sie Ihre Eisenspeicher mit einem Ferritin-Bluttest. F\u00fchren Sie die Probenentnahme bequem zu Hause mit einem laborzertifizierten Kit durch und erhalten Sie schnelle, zuverl\u00e4ssige Ergebnisse. Jetzt bestellen f\u00fcr wertvolle Einblicke in Ihre Eisenwerte!\",\"breadcrumb\":{\"@id\":\"https:\/\/www.easly.nl\/de\/ferritin-bluttest\/#breadcrumb\"},\"inLanguage\":\"de-DE\",\"potentialAction\":[{\"@type\":\"ReadAction\",\"target\":[\"https:\/\/www.easly.nl\/de\/ferritin-bluttest\/\"]}]},{\"@type\":\"ImageObject\",\"inLanguage\":\"de-DE\",\"@id\":\"https:\/\/www.easly.nl\/de\/ferritin-bluttest\/#primaryimage\",\"url\":\"https:\/\/www.easly.nl\/wp-content\/uploads\/sites\/13\/2025\/03\/ferritin.webp\",\"contentUrl\":\"https:\/\/www.easly.nl\/wp-content\/uploads\/sites\/13\/2025\/03\/ferritin.webp\",\"width\":1044,\"height\":804},{\"@type\":\"BreadcrumbList\",\"@id\":\"https:\/\/www.easly.nl\/de\/ferritin-bluttest\/#breadcrumb\",\"itemListElement\":[{\"@type\":\"ListItem\",\"position\":1,\"name\":\"Startseite\",\"item\":\"https:\/\/www.easly.nl\/de\/\"},{\"@type\":\"ListItem\",\"position\":2,\"name\":\"Shop\",\"item\":\"https:\/\/www.easly.nl\/shop\/\"},{\"@type\":\"ListItem\",\"position\":3,\"name\":\"Ferritin-Bluttest\"}]},{\"@type\":\"WebSite\",\"@id\":\"https:\/\/www.easly.nl\/de\/#website\",\"url\":\"https:\/\/www.easly.nl\/de\/\",\"name\":\"Easly Shop\",\"description\":\"Safe &amp; simple online COVID testing\",\"publisher\":{\"@id\":\"https:\/\/www.easly.nl\/de\/#organization\"},\"potentialAction\":[{\"@type\":\"SearchAction\",\"target\":{\"@type\":\"EntryPoint\",\"urlTemplate\":\"https:\/\/www.easly.nl\/de\/?s={search_term_string}\"},\"query-input\":{\"@type\":\"PropertyValueSpecification\",\"valueRequired\":true,\"valueName\":\"search_term_string\"}}],\"inLanguage\":\"de-DE\"},{\"@type\":\"Organization\",\"@id\":\"https:\/\/www.easly.nl\/de\/#organization\",\"name\":\"Easly.nl\",\"url\":\"https:\/\/www.easly.nl\/de\/\",\"logo\":{\"@type\":\"ImageObject\",\"inLanguage\":\"de-DE\",\"@id\":\"https:\/\/www.easly.nl\/de\/#\/schema\/logo\/image\/\",\"url\":\"https:\/\/www.easly.nl\/wp-content\/uploads\/sites\/13\/2022\/10\/easly_logoslogan_color.png\",\"contentUrl\":\"https:\/\/www.easly.nl\/wp-content\/uploads\/sites\/13\/2022\/10\/easly_logoslogan_color.png\",\"width\":157,\"height\":38,\"caption\":\"Easly.nl\"},\"image\":{\"@id\":\"https:\/\/www.easly.nl\/de\/#\/schema\/logo\/image\/\"}}]}<\/script>\n<!-- \/ Yoast SEO plugin. -->","yoast_head_json":{"title":"Ferritin-Test - Zuverl\u00e4ssiger Bluttest f\u00fcr Eisenwerte","description":"\u00dcberwachen Sie Ihre Eisenspeicher mit einem Ferritin-Bluttest. F\u00fchren Sie die Probenentnahme bequem zu Hause mit einem laborzertifizierten Kit durch und erhalten Sie schnelle, zuverl\u00e4ssige Ergebnisse. Jetzt bestellen f\u00fcr wertvolle Einblicke in Ihre Eisenwerte!","robots":{"index":"index","follow":"follow","max-snippet":"max-snippet:-1","max-image-preview":"max-image-preview:large","max-video-preview":"max-video-preview:-1"},"canonical":"https:\/\/www.easly.nl\/de\/ferritin-bluttest\/","og_locale":"de_DE","og_type":"article","og_title":"Ferritin-Test - Zuverl\u00e4ssiger Bluttest f\u00fcr Eisenwerte","og_description":"\u00dcberwachen Sie Ihre Eisenspeicher mit einem Ferritin-Bluttest. F\u00fchren Sie die Probenentnahme bequem zu Hause mit einem laborzertifizierten Kit durch und erhalten Sie schnelle, zuverl\u00e4ssige Ergebnisse. Jetzt bestellen f\u00fcr wertvolle Einblicke in Ihre Eisenwerte!","og_url":"https:\/\/www.easly.nl\/de\/ferritin-bluttest\/","og_site_name":"Easly Shop","article_modified_time":"2025-03-18T15:11:48+00:00","og_image":[{"width":1044,"height":804,"url":"https:\/\/www.easly.nl\/wp-content\/uploads\/sites\/13\/2025\/03\/ferritin.webp","type":"image\/webp"}],"twitter_card":"summary_large_image","twitter_misc":{"Gesch\u00e4tzte Lesezeit":"1 Minute"},"schema":{"@context":"https:\/\/schema.org","@graph":[{"@type":"WebPage","@id":"https:\/\/www.easly.nl\/de\/ferritin-bluttest\/","url":"https:\/\/www.easly.nl\/de\/ferritin-bluttest\/","name":"Ferritin-Test - Zuverl\u00e4ssiger Bluttest f\u00fcr Eisenwerte","isPartOf":{"@id":"https:\/\/www.easly.nl\/de\/#website"},"primaryImageOfPage":{"@id":"https:\/\/www.easly.nl\/de\/ferritin-bluttest\/#primaryimage"},"image":{"@id":"https:\/\/www.easly.nl\/de\/ferritin-bluttest\/#primaryimage"},"thumbnailUrl":"https:\/\/www.easly.nl\/wp-content\/uploads\/sites\/13\/2025\/03\/ferritin.webp","datePublished":"2025-03-13T14:37:18+00:00","dateModified":"2025-03-18T15:11:48+00:00","description":"\u00dcberwachen Sie Ihre Eisenspeicher mit einem Ferritin-Bluttest. F\u00fchren Sie die Probenentnahme bequem zu Hause mit einem laborzertifizierten Kit durch und erhalten Sie schnelle, zuverl\u00e4ssige Ergebnisse. Jetzt bestellen f\u00fcr wertvolle Einblicke in Ihre Eisenwerte!","breadcrumb":{"@id":"https:\/\/www.easly.nl\/de\/ferritin-bluttest\/#breadcrumb"},"inLanguage":"de-DE","potentialAction":[{"@type":"ReadAction","target":["https:\/\/www.easly.nl\/de\/ferritin-bluttest\/"]}]},{"@type":"ImageObject","inLanguage":"de-DE","@id":"https:\/\/www.easly.nl\/de\/ferritin-bluttest\/#primaryimage","url":"https:\/\/www.easly.nl\/wp-content\/uploads\/sites\/13\/2025\/03\/ferritin.webp","contentUrl":"https:\/\/www.easly.nl\/wp-content\/uploads\/sites\/13\/2025\/03\/ferritin.webp","width":1044,"height":804},{"@type":"BreadcrumbList","@id":"https:\/\/www.easly.nl\/de\/ferritin-bluttest\/#breadcrumb","itemListElement":[{"@type":"ListItem","position":1,"name":"Startseite","item":"https:\/\/www.easly.nl\/de\/"},{"@type":"ListItem","position":2,"name":"Shop","item":"https:\/\/www.easly.nl\/shop\/"},{"@type":"ListItem","position":3,"name":"Ferritin-Bluttest"}]},{"@type":"WebSite","@id":"https:\/\/www.easly.nl\/de\/#website","url":"https:\/\/www.easly.nl\/de\/","name":"Easly Shop","description":"Safe &amp; simple online COVID testing","publisher":{"@id":"https:\/\/www.easly.nl\/de\/#organization"},"potentialAction":[{"@type":"SearchAction","target":{"@type":"EntryPoint","urlTemplate":"https:\/\/www.easly.nl\/de\/?s={search_term_string}"},"query-input":{"@type":"PropertyValueSpecification","valueRequired":true,"valueName":"search_term_string"}}],"inLanguage":"de-DE"},{"@type":"Organization","@id":"https:\/\/www.easly.nl\/de\/#organization","name":"Easly.nl","url":"https:\/\/www.easly.nl\/de\/","logo":{"@type":"ImageObject","inLanguage":"de-DE","@id":"https:\/\/www.easly.nl\/de\/#\/schema\/logo\/image\/","url":"https:\/\/www.easly.nl\/wp-content\/uploads\/sites\/13\/2022\/10\/easly_logoslogan_color.png","contentUrl":"https:\/\/www.easly.nl\/wp-content\/uploads\/sites\/13\/2022\/10\/easly_logoslogan_color.png","width":157,"height":38,"caption":"Easly.nl"},"image":{"@id":"https:\/\/www.easly.nl\/de\/#\/schema\/logo\/image\/"}}]}},"_links":{"self":[{"href":"https:\/\/www.easly.nl\/de\/wp-json\/wp\/v2\/product\/58636","targetHints":{"allow":["GET"]}}],"collection":[{"href":"https:\/\/www.easly.nl\/de\/wp-json\/wp\/v2\/product"}],"about":[{"href":"https:\/\/www.easly.nl\/de\/wp-json\/wp\/v2\/types\/product"}],"version-history":[{"count":2,"href":"https:\/\/www.easly.nl\/de\/wp-json\/wp\/v2\/product\/58636\/revisions"}],"predecessor-version":[{"id":58644,"href":"https:\/\/www.easly.nl\/de\/wp-json\/wp\/v2\/product\/58636\/revisions\/58644"}],"wp:featuredmedia":[{"embeddable":true,"href":"https:\/\/www.easly.nl\/de\/wp-json\/wp\/v2\/media\/58630"}],"wp:attachment":[{"href":"https:\/\/www.easly.nl\/de\/wp-json\/wp\/v2\/media?parent=58636"}],"wp:term":[{"taxonomy":"product_cat","embeddable":true,"href":"https:\/\/www.easly.nl\/de\/wp-json\/wp\/v2\/product_cat?post=58636"},{"taxonomy":"product_tag","embeddable":true,"href":"https:\/\/www.easly.nl\/de\/wp-json\/wp\/v2\/product_tag?post=58636"}],"curies":[{"name":"wp","href":"https:\/\/api.w.org\/{rel}","templated":true}]}}