{"id":58531,"date":"2025-03-07T17:33:07","date_gmt":"2025-03-07T16:35:03","guid":{"rendered":"https:\/\/www.easly.nl\/?post_type=product&#038;p=58531"},"modified":"2025-03-27T09:39:01","modified_gmt":"2025-03-27T08:39:01","slug":"hormontest-mann","status":"publish","type":"product","link":"https:\/\/www.easly.nl\/de\/hormontests\/hormontest-mann\/","title":{"rendered":"Hormon-Test f\u00fcr M\u00e4nner \u2013 Einblick in Ihren Hormonhaushalt"},"content":{"rendered":"<p>Hormone regulieren Energie, Muskelwachstum, Libido, Stimmung und die allgemeine Gesundheit. Ein Ungleichgewicht kann jedoch zu M\u00fcdigkeit, Gewichtsver\u00e4nderungen, Muskelabbau oder Stimmungsschwankungen f\u00fchren. Unser Test auf m\u00e4nnliche Hormone liefert laborgepr\u00fcfte Ergebnisse, die Ihnen klare Einblicke in Ihre Hormonspiegel geben, sodass Sie gezielte Ma\u00dfnahmen ergreifen k\u00f6nnen, um das Gleichgewicht wiederherzustellen und das Wohlbefinden zu verbessern.<\/p>\n","protected":false},"excerpt":{"rendered":"<p>Machen Sie einen Test zum Hormonhaushalt des Mannes, um Testosteron, Cortisol und mehr zu \u00fcberpr\u00fcfen. Einfaches Set f\u00fcr zu Hause mit schnellen und zuverl\u00e4ssigen Ergebnissen.<\/p>\n","protected":false},"featured_media":58431,"template":"","meta":{"_acf_changed":false,"footnotes":""},"product_cat":[1872,1324,1257],"product_tag":[1143],"class_list":{"0":"post-58531","1":"product","2":"type-product","3":"status-publish","4":"has-post-thumbnail","6":"product_cat-hormone-de","7":"product_cat-venos-de","8":"product_cat-unkategorisiert","9":"product_tag-dieses-produkt-ist-nur-in-den-niederlanden-erhaeltlich","11":"first","12":"outofstock","13":"taxable","14":"shipping-taxable","15":"purchasable","16":"product-type-simple"},"acf":[],"yoast_head":"<!-- This site is optimized with the Yoast SEO plugin v24.3 - https:\/\/yoast.com\/wordpress\/plugins\/seo\/ -->\n<title>Hormontest Mann | Zuverl\u00e4ssiger Hormontest f\u00fcr Zuhause<\/title>\n<meta name=\"description\" content=\"Pr\u00fcfen Sie Ihr hormonelles Gleichgewicht mit einem Hormontest f\u00fcr M\u00e4nner. Testen Sie Testosteron, Cortisol und mehr \u2013 schnell, einfach und zuverl\u00e4ssig von zu Hause aus.\" \/>\n<meta name=\"robots\" content=\"index, follow, max-snippet:-1, max-image-preview:large, max-video-preview:-1\" \/>\n<link rel=\"canonical\" href=\"https:\/\/www.easly.nl\/de\/hormontests\/hormontest-mann\/\" \/>\n<meta property=\"og:locale\" content=\"de_DE\" \/>\n<meta property=\"og:type\" content=\"article\" \/>\n<meta property=\"og:title\" content=\"Hormontest Mann | Zuverl\u00e4ssiger Hormontest f\u00fcr Zuhause\" \/>\n<meta property=\"og:description\" content=\"Pr\u00fcfen Sie Ihr hormonelles Gleichgewicht mit einem Hormontest f\u00fcr M\u00e4nner. Testen Sie Testosteron, Cortisol und mehr \u2013 schnell, einfach und zuverl\u00e4ssig von zu Hause aus.\" \/>\n<meta property=\"og:url\" content=\"https:\/\/www.easly.nl\/de\/hormontests\/hormontest-mann\/\" \/>\n<meta property=\"og:site_name\" content=\"Easly Shop\" \/>\n<meta property=\"article:modified_time\" content=\"2025-03-27T08:39:01+00:00\" \/>\n<meta property=\"og:image\" content=\"https:\/\/www.easly.nl\/wp-content\/uploads\/sites\/13\/2025\/03\/mann.webp\" \/>\n\t<meta property=\"og:image:width\" content=\"1044\" \/>\n\t<meta property=\"og:image:height\" content=\"804\" \/>\n\t<meta property=\"og:image:type\" content=\"image\/webp\" \/>\n<meta name=\"twitter:card\" content=\"summary_large_image\" \/>\n<meta name=\"twitter:label1\" content=\"Gesch\u00e4tzte Lesezeit\" \/>\n\t<meta name=\"twitter:data1\" content=\"1 Minute\" \/>\n<script type=\"application\/ld+json\" class=\"yoast-schema-graph\">{\"@context\":\"https:\/\/schema.org\",\"@graph\":[{\"@type\":\"WebPage\",\"@id\":\"https:\/\/www.easly.nl\/de\/hormontests\/hormontest-mann\/\",\"url\":\"https:\/\/www.easly.nl\/de\/hormontests\/hormontest-mann\/\",\"name\":\"Hormontest Mann | Zuverl\u00e4ssiger Hormontest f\u00fcr Zuhause\",\"isPartOf\":{\"@id\":\"https:\/\/www.easly.nl\/de\/#website\"},\"primaryImageOfPage\":{\"@id\":\"https:\/\/www.easly.nl\/de\/hormontests\/hormontest-mann\/#primaryimage\"},\"image\":{\"@id\":\"https:\/\/www.easly.nl\/de\/hormontests\/hormontest-mann\/#primaryimage\"},\"thumbnailUrl\":\"https:\/\/www.easly.nl\/wp-content\/uploads\/sites\/13\/2025\/03\/mann.webp\",\"datePublished\":\"2025-03-07T16:35:03+00:00\",\"dateModified\":\"2025-03-27T08:39:01+00:00\",\"description\":\"Pr\u00fcfen Sie Ihr hormonelles Gleichgewicht mit einem Hormontest f\u00fcr M\u00e4nner. Testen Sie Testosteron, Cortisol und mehr \u2013 schnell, einfach und zuverl\u00e4ssig von zu Hause aus.\",\"breadcrumb\":{\"@id\":\"https:\/\/www.easly.nl\/de\/hormontests\/hormontest-mann\/#breadcrumb\"},\"inLanguage\":\"de-DE\",\"potentialAction\":[{\"@type\":\"ReadAction\",\"target\":[\"https:\/\/www.easly.nl\/de\/hormontests\/hormontest-mann\/\"]}]},{\"@type\":\"ImageObject\",\"inLanguage\":\"de-DE\",\"@id\":\"https:\/\/www.easly.nl\/de\/hormontests\/hormontest-mann\/#primaryimage\",\"url\":\"https:\/\/www.easly.nl\/wp-content\/uploads\/sites\/13\/2025\/03\/mann.webp\",\"contentUrl\":\"https:\/\/www.easly.nl\/wp-content\/uploads\/sites\/13\/2025\/03\/mann.webp\",\"width\":1044,\"height\":804},{\"@type\":\"BreadcrumbList\",\"@id\":\"https:\/\/www.easly.nl\/de\/hormontests\/hormontest-mann\/#breadcrumb\",\"itemListElement\":[{\"@type\":\"ListItem\",\"position\":1,\"name\":\"Startseite\",\"item\":\"https:\/\/www.easly.nl\/de\/\"},{\"@type\":\"ListItem\",\"position\":2,\"name\":\"Shop\",\"item\":\"https:\/\/www.easly.nl\/shop\/\"},{\"@type\":\"ListItem\",\"position\":3,\"name\":\"Hormon-Test f\u00fcr M\u00e4nner \u2013 Einblick in Ihren Hormonhaushalt\"}]},{\"@type\":\"WebSite\",\"@id\":\"https:\/\/www.easly.nl\/de\/#website\",\"url\":\"https:\/\/www.easly.nl\/de\/\",\"name\":\"Easly Shop\",\"description\":\"Safe &amp; simple online COVID testing\",\"publisher\":{\"@id\":\"https:\/\/www.easly.nl\/de\/#organization\"},\"potentialAction\":[{\"@type\":\"SearchAction\",\"target\":{\"@type\":\"EntryPoint\",\"urlTemplate\":\"https:\/\/www.easly.nl\/de\/?s={search_term_string}\"},\"query-input\":{\"@type\":\"PropertyValueSpecification\",\"valueRequired\":true,\"valueName\":\"search_term_string\"}}],\"inLanguage\":\"de-DE\"},{\"@type\":\"Organization\",\"@id\":\"https:\/\/www.easly.nl\/de\/#organization\",\"name\":\"Easly.nl\",\"url\":\"https:\/\/www.easly.nl\/de\/\",\"logo\":{\"@type\":\"ImageObject\",\"inLanguage\":\"de-DE\",\"@id\":\"https:\/\/www.easly.nl\/de\/#\/schema\/logo\/image\/\",\"url\":\"https:\/\/www.easly.nl\/wp-content\/uploads\/sites\/13\/2022\/10\/easly_logoslogan_color.png\",\"contentUrl\":\"https:\/\/www.easly.nl\/wp-content\/uploads\/sites\/13\/2022\/10\/easly_logoslogan_color.png\",\"width\":157,\"height\":38,\"caption\":\"Easly.nl\"},\"image\":{\"@id\":\"https:\/\/www.easly.nl\/de\/#\/schema\/logo\/image\/\"}}]}<\/script>\n<!-- \/ Yoast SEO plugin. -->","yoast_head_json":{"title":"Hormontest Mann | Zuverl\u00e4ssiger Hormontest f\u00fcr Zuhause","description":"Pr\u00fcfen Sie Ihr hormonelles Gleichgewicht mit einem Hormontest f\u00fcr M\u00e4nner. Testen Sie Testosteron, Cortisol und mehr \u2013 schnell, einfach und zuverl\u00e4ssig von zu Hause aus.","robots":{"index":"index","follow":"follow","max-snippet":"max-snippet:-1","max-image-preview":"max-image-preview:large","max-video-preview":"max-video-preview:-1"},"canonical":"https:\/\/www.easly.nl\/de\/hormontests\/hormontest-mann\/","og_locale":"de_DE","og_type":"article","og_title":"Hormontest Mann | Zuverl\u00e4ssiger Hormontest f\u00fcr Zuhause","og_description":"Pr\u00fcfen Sie Ihr hormonelles Gleichgewicht mit einem Hormontest f\u00fcr M\u00e4nner. Testen Sie Testosteron, Cortisol und mehr \u2013 schnell, einfach und zuverl\u00e4ssig von zu Hause aus.","og_url":"https:\/\/www.easly.nl\/de\/hormontests\/hormontest-mann\/","og_site_name":"Easly Shop","article_modified_time":"2025-03-27T08:39:01+00:00","og_image":[{"width":1044,"height":804,"url":"https:\/\/www.easly.nl\/wp-content\/uploads\/sites\/13\/2025\/03\/mann.webp","type":"image\/webp"}],"twitter_card":"summary_large_image","twitter_misc":{"Gesch\u00e4tzte Lesezeit":"1 Minute"},"schema":{"@context":"https:\/\/schema.org","@graph":[{"@type":"WebPage","@id":"https:\/\/www.easly.nl\/de\/hormontests\/hormontest-mann\/","url":"https:\/\/www.easly.nl\/de\/hormontests\/hormontest-mann\/","name":"Hormontest Mann | Zuverl\u00e4ssiger Hormontest f\u00fcr Zuhause","isPartOf":{"@id":"https:\/\/www.easly.nl\/de\/#website"},"primaryImageOfPage":{"@id":"https:\/\/www.easly.nl\/de\/hormontests\/hormontest-mann\/#primaryimage"},"image":{"@id":"https:\/\/www.easly.nl\/de\/hormontests\/hormontest-mann\/#primaryimage"},"thumbnailUrl":"https:\/\/www.easly.nl\/wp-content\/uploads\/sites\/13\/2025\/03\/mann.webp","datePublished":"2025-03-07T16:35:03+00:00","dateModified":"2025-03-27T08:39:01+00:00","description":"Pr\u00fcfen Sie Ihr hormonelles Gleichgewicht mit einem Hormontest f\u00fcr M\u00e4nner. Testen Sie Testosteron, Cortisol und mehr \u2013 schnell, einfach und zuverl\u00e4ssig von zu Hause aus.","breadcrumb":{"@id":"https:\/\/www.easly.nl\/de\/hormontests\/hormontest-mann\/#breadcrumb"},"inLanguage":"de-DE","potentialAction":[{"@type":"ReadAction","target":["https:\/\/www.easly.nl\/de\/hormontests\/hormontest-mann\/"]}]},{"@type":"ImageObject","inLanguage":"de-DE","@id":"https:\/\/www.easly.nl\/de\/hormontests\/hormontest-mann\/#primaryimage","url":"https:\/\/www.easly.nl\/wp-content\/uploads\/sites\/13\/2025\/03\/mann.webp","contentUrl":"https:\/\/www.easly.nl\/wp-content\/uploads\/sites\/13\/2025\/03\/mann.webp","width":1044,"height":804},{"@type":"BreadcrumbList","@id":"https:\/\/www.easly.nl\/de\/hormontests\/hormontest-mann\/#breadcrumb","itemListElement":[{"@type":"ListItem","position":1,"name":"Startseite","item":"https:\/\/www.easly.nl\/de\/"},{"@type":"ListItem","position":2,"name":"Shop","item":"https:\/\/www.easly.nl\/shop\/"},{"@type":"ListItem","position":3,"name":"Hormon-Test f\u00fcr M\u00e4nner \u2013 Einblick in Ihren Hormonhaushalt"}]},{"@type":"WebSite","@id":"https:\/\/www.easly.nl\/de\/#website","url":"https:\/\/www.easly.nl\/de\/","name":"Easly Shop","description":"Safe &amp; simple online COVID testing","publisher":{"@id":"https:\/\/www.easly.nl\/de\/#organization"},"potentialAction":[{"@type":"SearchAction","target":{"@type":"EntryPoint","urlTemplate":"https:\/\/www.easly.nl\/de\/?s={search_term_string}"},"query-input":{"@type":"PropertyValueSpecification","valueRequired":true,"valueName":"search_term_string"}}],"inLanguage":"de-DE"},{"@type":"Organization","@id":"https:\/\/www.easly.nl\/de\/#organization","name":"Easly.nl","url":"https:\/\/www.easly.nl\/de\/","logo":{"@type":"ImageObject","inLanguage":"de-DE","@id":"https:\/\/www.easly.nl\/de\/#\/schema\/logo\/image\/","url":"https:\/\/www.easly.nl\/wp-content\/uploads\/sites\/13\/2022\/10\/easly_logoslogan_color.png","contentUrl":"https:\/\/www.easly.nl\/wp-content\/uploads\/sites\/13\/2022\/10\/easly_logoslogan_color.png","width":157,"height":38,"caption":"Easly.nl"},"image":{"@id":"https:\/\/www.easly.nl\/de\/#\/schema\/logo\/image\/"}}]}},"_links":{"self":[{"href":"https:\/\/www.easly.nl\/de\/wp-json\/wp\/v2\/product\/58531","targetHints":{"allow":["GET"]}}],"collection":[{"href":"https:\/\/www.easly.nl\/de\/wp-json\/wp\/v2\/product"}],"about":[{"href":"https:\/\/www.easly.nl\/de\/wp-json\/wp\/v2\/types\/product"}],"version-history":[{"count":3,"href":"https:\/\/www.easly.nl\/de\/wp-json\/wp\/v2\/product\/58531\/revisions"}],"predecessor-version":[{"id":58549,"href":"https:\/\/www.easly.nl\/de\/wp-json\/wp\/v2\/product\/58531\/revisions\/58549"}],"wp:featuredmedia":[{"embeddable":true,"href":"https:\/\/www.easly.nl\/de\/wp-json\/wp\/v2\/media\/58431"}],"wp:attachment":[{"href":"https:\/\/www.easly.nl\/de\/wp-json\/wp\/v2\/media?parent=58531"}],"wp:term":[{"taxonomy":"product_cat","embeddable":true,"href":"https:\/\/www.easly.nl\/de\/wp-json\/wp\/v2\/product_cat?post=58531"},{"taxonomy":"product_tag","embeddable":true,"href":"https:\/\/www.easly.nl\/de\/wp-json\/wp\/v2\/product_tag?post=58531"}],"curies":[{"name":"wp","href":"https:\/\/api.w.org\/{rel}","templated":true}]}}