{"id":58456,"date":"2025-03-05T13:43:43","date_gmt":"2025-03-05T12:45:42","guid":{"rendered":"https:\/\/www.easly.nl\/?post_type=product&#038;p=58456"},"modified":"2025-03-11T13:29:21","modified_gmt":"2025-03-11T12:29:21","slug":"hormontest-frau","status":"publish","type":"product","link":"https:\/\/www.easly.nl\/de\/hormontests\/hormontest-frau\/","title":{"rendered":"Hormon-Test f\u00fcr Frauen \u2013 Einblick in Ihre hormonelle Gesundheit"},"content":{"rendered":"<p>Hormone regulieren lebenswichtige Funktionen wie Energie, Stoffwechsel und reproduktive Gesundheit. Wenn sie aus dem Gleichgewicht geraten, k\u00f6nnen sie zu anhaltenden Symptomen wie Stimmungsschwankungen, M\u00fcdigkeit, Gewichtsver\u00e4nderungen und Fruchtbarkeitsproblemen f\u00fchren. Unser Hormon-Ungleichgewicht-Test f\u00fcr Frauen liefert klinisch verwertbare Erkenntnisse, die es Ihnen erm\u00f6glichen, Ihre hormonelle Gesundheit selbstbewusst in den Griff zu bekommen.<\/p>\n","protected":false},"excerpt":{"rendered":"<p>Hormone regulieren lebenswichtige Funktionen wie Energie, Stoffwechsel und reproduktive Gesundheit. Wenn sie aus dem Gleichgewicht geraten, k\u00f6nnen sie zu anhaltenden Symptomen wie Stimmungsschwankungen, M\u00fcdigkeit, Gewichtsver\u00e4nderungen und Fruchtbarkeitsproblemen f\u00fchren. Unser Hormon-Ungleichgewicht-Test f\u00fcr Frauen liefert klinisch verwertbare Erkenntnisse, die es Ihnen erm\u00f6glichen, Ihre hormonelle Gesundheit selbstbewusst in den Griff zu bekommen.<\/p>\n","protected":false},"featured_media":58448,"template":"","meta":{"_acf_changed":false,"footnotes":""},"product_cat":[1872,1257],"product_tag":[1144],"class_list":{"0":"post-58456","1":"product","2":"type-product","3":"status-publish","4":"has-post-thumbnail","6":"product_cat-hormone-de","7":"product_cat-unkategorisiert","8":"product_tag-medizinische-interpretation-und-beratung","10":"first","11":"instock","12":"taxable","13":"shipping-taxable","14":"purchasable","15":"product-type-simple"},"acf":[],"yoast_head":"<!-- This site is optimized with the Yoast SEO plugin v24.3 - https:\/\/yoast.com\/wordpress\/plugins\/seo\/ -->\n<title>Hormontest Frau | Zuverl\u00e4ssiger Hormontest f\u00fcr Zuhause<\/title>\n<meta name=\"description\" content=\"Pr\u00fcfen Sie Ihr hormonelles Gleichgewicht mit einem Hormontest f\u00fcr Frauen. Testen Sie \u00d6strogen, Progesteron und mehr \u2013 schnell, einfach und zuverl\u00e4ssig von zu Hause aus.\" \/>\n<meta name=\"robots\" content=\"index, follow, max-snippet:-1, max-image-preview:large, max-video-preview:-1\" \/>\n<link rel=\"canonical\" href=\"https:\/\/www.easly.nl\/de\/hormontests\/hormontest-frau\/\" \/>\n<meta property=\"og:locale\" content=\"de_DE\" \/>\n<meta property=\"og:type\" content=\"article\" \/>\n<meta property=\"og:title\" content=\"Hormontest Frau | Zuverl\u00e4ssiger Hormontest f\u00fcr Zuhause\" \/>\n<meta property=\"og:description\" content=\"Pr\u00fcfen Sie Ihr hormonelles Gleichgewicht mit einem Hormontest f\u00fcr Frauen. Testen Sie \u00d6strogen, Progesteron und mehr \u2013 schnell, einfach und zuverl\u00e4ssig von zu Hause aus.\" \/>\n<meta property=\"og:url\" content=\"https:\/\/www.easly.nl\/de\/hormontests\/hormontest-frau\/\" \/>\n<meta property=\"og:site_name\" content=\"Easly Shop\" \/>\n<meta property=\"article:modified_time\" content=\"2025-03-11T12:29:21+00:00\" \/>\n<meta property=\"og:image\" content=\"https:\/\/www.easly.nl\/wp-content\/uploads\/sites\/13\/2025\/03\/woo.webp\" \/>\n\t<meta property=\"og:image:width\" content=\"1044\" \/>\n\t<meta property=\"og:image:height\" content=\"804\" \/>\n\t<meta property=\"og:image:type\" content=\"image\/webp\" \/>\n<meta name=\"twitter:card\" content=\"summary_large_image\" \/>\n<script type=\"application\/ld+json\" class=\"yoast-schema-graph\">{\"@context\":\"https:\/\/schema.org\",\"@graph\":[{\"@type\":\"WebPage\",\"@id\":\"https:\/\/www.easly.nl\/de\/hormontests\/hormontest-frau\/\",\"url\":\"https:\/\/www.easly.nl\/de\/hormontests\/hormontest-frau\/\",\"name\":\"Hormontest Frau | Zuverl\u00e4ssiger Hormontest f\u00fcr Zuhause\",\"isPartOf\":{\"@id\":\"https:\/\/www.easly.nl\/de\/#website\"},\"primaryImageOfPage\":{\"@id\":\"https:\/\/www.easly.nl\/de\/hormontests\/hormontest-frau\/#primaryimage\"},\"image\":{\"@id\":\"https:\/\/www.easly.nl\/de\/hormontests\/hormontest-frau\/#primaryimage\"},\"thumbnailUrl\":\"https:\/\/www.easly.nl\/wp-content\/uploads\/sites\/13\/2025\/03\/woo.webp\",\"datePublished\":\"2025-03-05T12:45:42+00:00\",\"dateModified\":\"2025-03-11T12:29:21+00:00\",\"description\":\"Pr\u00fcfen Sie Ihr hormonelles Gleichgewicht mit einem Hormontest f\u00fcr Frauen. Testen Sie \u00d6strogen, Progesteron und mehr \u2013 schnell, einfach und zuverl\u00e4ssig von zu Hause aus.\",\"breadcrumb\":{\"@id\":\"https:\/\/www.easly.nl\/de\/hormontests\/hormontest-frau\/#breadcrumb\"},\"inLanguage\":\"de-DE\",\"potentialAction\":[{\"@type\":\"ReadAction\",\"target\":[\"https:\/\/www.easly.nl\/de\/hormontests\/hormontest-frau\/\"]}]},{\"@type\":\"ImageObject\",\"inLanguage\":\"de-DE\",\"@id\":\"https:\/\/www.easly.nl\/de\/hormontests\/hormontest-frau\/#primaryimage\",\"url\":\"https:\/\/www.easly.nl\/wp-content\/uploads\/sites\/13\/2025\/03\/woo.webp\",\"contentUrl\":\"https:\/\/www.easly.nl\/wp-content\/uploads\/sites\/13\/2025\/03\/woo.webp\",\"width\":1044,\"height\":804},{\"@type\":\"BreadcrumbList\",\"@id\":\"https:\/\/www.easly.nl\/de\/hormontests\/hormontest-frau\/#breadcrumb\",\"itemListElement\":[{\"@type\":\"ListItem\",\"position\":1,\"name\":\"Startseite\",\"item\":\"https:\/\/www.easly.nl\/de\/\"},{\"@type\":\"ListItem\",\"position\":2,\"name\":\"Shop\",\"item\":\"https:\/\/www.easly.nl\/shop\/\"},{\"@type\":\"ListItem\",\"position\":3,\"name\":\"Hormon-Test f\u00fcr Frauen \u2013 Einblick in Ihre hormonelle Gesundheit\"}]},{\"@type\":\"WebSite\",\"@id\":\"https:\/\/www.easly.nl\/de\/#website\",\"url\":\"https:\/\/www.easly.nl\/de\/\",\"name\":\"Easly Shop\",\"description\":\"Safe &amp; simple online COVID testing\",\"publisher\":{\"@id\":\"https:\/\/www.easly.nl\/de\/#organization\"},\"potentialAction\":[{\"@type\":\"SearchAction\",\"target\":{\"@type\":\"EntryPoint\",\"urlTemplate\":\"https:\/\/www.easly.nl\/de\/?s={search_term_string}\"},\"query-input\":{\"@type\":\"PropertyValueSpecification\",\"valueRequired\":true,\"valueName\":\"search_term_string\"}}],\"inLanguage\":\"de-DE\"},{\"@type\":\"Organization\",\"@id\":\"https:\/\/www.easly.nl\/de\/#organization\",\"name\":\"Easly.nl\",\"url\":\"https:\/\/www.easly.nl\/de\/\",\"logo\":{\"@type\":\"ImageObject\",\"inLanguage\":\"de-DE\",\"@id\":\"https:\/\/www.easly.nl\/de\/#\/schema\/logo\/image\/\",\"url\":\"https:\/\/www.easly.nl\/wp-content\/uploads\/sites\/13\/2022\/10\/easly_logoslogan_color.png\",\"contentUrl\":\"https:\/\/www.easly.nl\/wp-content\/uploads\/sites\/13\/2022\/10\/easly_logoslogan_color.png\",\"width\":157,\"height\":38,\"caption\":\"Easly.nl\"},\"image\":{\"@id\":\"https:\/\/www.easly.nl\/de\/#\/schema\/logo\/image\/\"}}]}<\/script>\n<!-- \/ Yoast SEO plugin. -->","yoast_head_json":{"title":"Hormontest Frau | Zuverl\u00e4ssiger Hormontest f\u00fcr Zuhause","description":"Pr\u00fcfen Sie Ihr hormonelles Gleichgewicht mit einem Hormontest f\u00fcr Frauen. Testen Sie \u00d6strogen, Progesteron und mehr \u2013 schnell, einfach und zuverl\u00e4ssig von zu Hause aus.","robots":{"index":"index","follow":"follow","max-snippet":"max-snippet:-1","max-image-preview":"max-image-preview:large","max-video-preview":"max-video-preview:-1"},"canonical":"https:\/\/www.easly.nl\/de\/hormontests\/hormontest-frau\/","og_locale":"de_DE","og_type":"article","og_title":"Hormontest Frau | Zuverl\u00e4ssiger Hormontest f\u00fcr Zuhause","og_description":"Pr\u00fcfen Sie Ihr hormonelles Gleichgewicht mit einem Hormontest f\u00fcr Frauen. Testen Sie \u00d6strogen, Progesteron und mehr \u2013 schnell, einfach und zuverl\u00e4ssig von zu Hause aus.","og_url":"https:\/\/www.easly.nl\/de\/hormontests\/hormontest-frau\/","og_site_name":"Easly Shop","article_modified_time":"2025-03-11T12:29:21+00:00","og_image":[{"width":1044,"height":804,"url":"https:\/\/www.easly.nl\/wp-content\/uploads\/sites\/13\/2025\/03\/woo.webp","type":"image\/webp"}],"twitter_card":"summary_large_image","schema":{"@context":"https:\/\/schema.org","@graph":[{"@type":"WebPage","@id":"https:\/\/www.easly.nl\/de\/hormontests\/hormontest-frau\/","url":"https:\/\/www.easly.nl\/de\/hormontests\/hormontest-frau\/","name":"Hormontest Frau | Zuverl\u00e4ssiger Hormontest f\u00fcr Zuhause","isPartOf":{"@id":"https:\/\/www.easly.nl\/de\/#website"},"primaryImageOfPage":{"@id":"https:\/\/www.easly.nl\/de\/hormontests\/hormontest-frau\/#primaryimage"},"image":{"@id":"https:\/\/www.easly.nl\/de\/hormontests\/hormontest-frau\/#primaryimage"},"thumbnailUrl":"https:\/\/www.easly.nl\/wp-content\/uploads\/sites\/13\/2025\/03\/woo.webp","datePublished":"2025-03-05T12:45:42+00:00","dateModified":"2025-03-11T12:29:21+00:00","description":"Pr\u00fcfen Sie Ihr hormonelles Gleichgewicht mit einem Hormontest f\u00fcr Frauen. Testen Sie \u00d6strogen, Progesteron und mehr \u2013 schnell, einfach und zuverl\u00e4ssig von zu Hause aus.","breadcrumb":{"@id":"https:\/\/www.easly.nl\/de\/hormontests\/hormontest-frau\/#breadcrumb"},"inLanguage":"de-DE","potentialAction":[{"@type":"ReadAction","target":["https:\/\/www.easly.nl\/de\/hormontests\/hormontest-frau\/"]}]},{"@type":"ImageObject","inLanguage":"de-DE","@id":"https:\/\/www.easly.nl\/de\/hormontests\/hormontest-frau\/#primaryimage","url":"https:\/\/www.easly.nl\/wp-content\/uploads\/sites\/13\/2025\/03\/woo.webp","contentUrl":"https:\/\/www.easly.nl\/wp-content\/uploads\/sites\/13\/2025\/03\/woo.webp","width":1044,"height":804},{"@type":"BreadcrumbList","@id":"https:\/\/www.easly.nl\/de\/hormontests\/hormontest-frau\/#breadcrumb","itemListElement":[{"@type":"ListItem","position":1,"name":"Startseite","item":"https:\/\/www.easly.nl\/de\/"},{"@type":"ListItem","position":2,"name":"Shop","item":"https:\/\/www.easly.nl\/shop\/"},{"@type":"ListItem","position":3,"name":"Hormon-Test f\u00fcr Frauen \u2013 Einblick in Ihre hormonelle Gesundheit"}]},{"@type":"WebSite","@id":"https:\/\/www.easly.nl\/de\/#website","url":"https:\/\/www.easly.nl\/de\/","name":"Easly Shop","description":"Safe &amp; simple online COVID testing","publisher":{"@id":"https:\/\/www.easly.nl\/de\/#organization"},"potentialAction":[{"@type":"SearchAction","target":{"@type":"EntryPoint","urlTemplate":"https:\/\/www.easly.nl\/de\/?s={search_term_string}"},"query-input":{"@type":"PropertyValueSpecification","valueRequired":true,"valueName":"search_term_string"}}],"inLanguage":"de-DE"},{"@type":"Organization","@id":"https:\/\/www.easly.nl\/de\/#organization","name":"Easly.nl","url":"https:\/\/www.easly.nl\/de\/","logo":{"@type":"ImageObject","inLanguage":"de-DE","@id":"https:\/\/www.easly.nl\/de\/#\/schema\/logo\/image\/","url":"https:\/\/www.easly.nl\/wp-content\/uploads\/sites\/13\/2022\/10\/easly_logoslogan_color.png","contentUrl":"https:\/\/www.easly.nl\/wp-content\/uploads\/sites\/13\/2022\/10\/easly_logoslogan_color.png","width":157,"height":38,"caption":"Easly.nl"},"image":{"@id":"https:\/\/www.easly.nl\/de\/#\/schema\/logo\/image\/"}}]}},"_links":{"self":[{"href":"https:\/\/www.easly.nl\/de\/wp-json\/wp\/v2\/product\/58456","targetHints":{"allow":["GET"]}}],"collection":[{"href":"https:\/\/www.easly.nl\/de\/wp-json\/wp\/v2\/product"}],"about":[{"href":"https:\/\/www.easly.nl\/de\/wp-json\/wp\/v2\/types\/product"}],"version-history":[{"count":2,"href":"https:\/\/www.easly.nl\/de\/wp-json\/wp\/v2\/product\/58456\/revisions"}],"predecessor-version":[{"id":58471,"href":"https:\/\/www.easly.nl\/de\/wp-json\/wp\/v2\/product\/58456\/revisions\/58471"}],"wp:featuredmedia":[{"embeddable":true,"href":"https:\/\/www.easly.nl\/de\/wp-json\/wp\/v2\/media\/58448"}],"wp:attachment":[{"href":"https:\/\/www.easly.nl\/de\/wp-json\/wp\/v2\/media?parent=58456"}],"wp:term":[{"taxonomy":"product_cat","embeddable":true,"href":"https:\/\/www.easly.nl\/de\/wp-json\/wp\/v2\/product_cat?post=58456"},{"taxonomy":"product_tag","embeddable":true,"href":"https:\/\/www.easly.nl\/de\/wp-json\/wp\/v2\/product_tag?post=58456"}],"curies":[{"name":"wp","href":"https:\/\/api.w.org\/{rel}","templated":true}]}}