{"id":58294,"date":"2025-02-24T13:25:00","date_gmt":"2025-02-24T12:38:13","guid":{"rendered":"https:\/\/www.easly.nl\/?post_type=product&#038;p=58294"},"modified":"2025-03-11T14:01:54","modified_gmt":"2025-03-11T13:01:54","slug":"magnesium-mangel-test","status":"publish","type":"product","link":"https:\/\/www.easly.nl\/de\/magnesium-mangel-test\/","title":{"rendered":"Magnesiummangel-Test"},"content":{"rendered":"<p>Magnesium stimuliert die Energieproduktion, verhindert Muskelkr\u00e4mpfe und reguliert den Herzrhythmus. Wenn der Magnesiumspiegel sinkt, kann ein Mangel zu M\u00fcdigkeit, Schw\u00e4che und Herzproblemen f\u00fchren. Mit einem Magnesiummangeltest k\u00f6nnen Sie Ungleichgewichte fr\u00fchzeitig erkennen. Mit einem Magnesium-Selbsttest k\u00f6nnen Sie Ihren Magnesiumspiegel zu Hause \u00fcberpr\u00fcfen, Mangelzust\u00e4nde beheben und Ihren K\u00f6rper stark, energiegeladen und widerstandsf\u00e4hig halten.<\/p>\n","protected":false},"excerpt":{"rendered":"<p>Magnesiummangel fr\u00fchzeitig mit einem zuverl\u00e4ssigen Test erkennen. W\u00e4hlen Sie den Magnesium-Selbsttest von Easly, um schnell und genau Aufschluss \u00fcber Ihren Magnesiumspiegel und Ihre allgemeine Gesundheit zu erhalten.<\/p>\n","protected":false},"featured_media":58290,"template":"","meta":{"_acf_changed":false,"footnotes":""},"product_cat":[1138,1257],"product_tag":[1144],"class_list":{"0":"post-58294","1":"product","2":"type-product","3":"status-publish","4":"has-post-thumbnail","6":"product_cat-lebensstil-vitamine","7":"product_cat-unkategorisiert","8":"product_tag-medizinische-interpretation-und-beratung","10":"first","11":"instock","12":"taxable","13":"shipping-taxable","14":"purchasable","15":"product-type-simple"},"acf":[],"yoast_head":"<!-- This site is optimized with the Yoast SEO plugin v24.3 - https:\/\/yoast.com\/wordpress\/plugins\/seo\/ -->\n<title>Magnesiummangel-Test \u2013 Selbsttest auf Magnesiummangel<\/title>\n<meta name=\"description\" content=\"\u00dcberpr\u00fcfen Sie Ihren Fols\u00e4urespiegel mit einem Fols\u00e4uremangel-Test. Ein einfacher Bluttest erkennt M\u00e4ngel fr\u00fchzeitig und hilft Ihnen, energiegeladen, konzentriert und gesund zu bleiben.\" \/>\n<meta name=\"robots\" content=\"index, follow, max-snippet:-1, max-image-preview:large, max-video-preview:-1\" \/>\n<link rel=\"canonical\" href=\"https:\/\/www.easly.nl\/de\/magnesium-mangel-test\/\" \/>\n<meta property=\"og:locale\" content=\"de_DE\" \/>\n<meta property=\"og:type\" content=\"article\" \/>\n<meta property=\"og:title\" content=\"Magnesiummangel-Test \u2013 Selbsttest auf Magnesiummangel\" \/>\n<meta property=\"og:description\" content=\"\u00dcberpr\u00fcfen Sie Ihren Fols\u00e4urespiegel mit einem Fols\u00e4uremangel-Test. Ein einfacher Bluttest erkennt M\u00e4ngel fr\u00fchzeitig und hilft Ihnen, energiegeladen, konzentriert und gesund zu bleiben.\" \/>\n<meta property=\"og:url\" content=\"https:\/\/www.easly.nl\/de\/magnesium-mangel-test\/\" \/>\n<meta property=\"og:site_name\" content=\"Easly Shop\" \/>\n<meta property=\"article:modified_time\" content=\"2025-03-11T13:01:54+00:00\" \/>\n<meta property=\"og:image\" content=\"https:\/\/www.easly.nl\/wp-content\/uploads\/sites\/13\/2025\/02\/mag.webp\" \/>\n\t<meta property=\"og:image:width\" content=\"1044\" \/>\n\t<meta property=\"og:image:height\" content=\"804\" \/>\n\t<meta property=\"og:image:type\" content=\"image\/webp\" \/>\n<meta name=\"twitter:card\" content=\"summary_large_image\" \/>\n<meta name=\"twitter:label1\" content=\"Gesch\u00e4tzte Lesezeit\" \/>\n\t<meta name=\"twitter:data1\" content=\"1 Minute\" \/>\n<script type=\"application\/ld+json\" class=\"yoast-schema-graph\">{\"@context\":\"https:\/\/schema.org\",\"@graph\":[{\"@type\":\"WebPage\",\"@id\":\"https:\/\/www.easly.nl\/de\/magnesium-mangel-test\/\",\"url\":\"https:\/\/www.easly.nl\/de\/magnesium-mangel-test\/\",\"name\":\"Magnesiummangel-Test \u2013 Selbsttest auf Magnesiummangel\",\"isPartOf\":{\"@id\":\"https:\/\/www.easly.nl\/de\/#website\"},\"primaryImageOfPage\":{\"@id\":\"https:\/\/www.easly.nl\/de\/magnesium-mangel-test\/#primaryimage\"},\"image\":{\"@id\":\"https:\/\/www.easly.nl\/de\/magnesium-mangel-test\/#primaryimage\"},\"thumbnailUrl\":\"https:\/\/www.easly.nl\/wp-content\/uploads\/sites\/13\/2025\/02\/mag.webp\",\"datePublished\":\"2025-02-24T12:38:13+00:00\",\"dateModified\":\"2025-03-11T13:01:54+00:00\",\"description\":\"\u00dcberpr\u00fcfen Sie Ihren Fols\u00e4urespiegel mit einem Fols\u00e4uremangel-Test. Ein einfacher Bluttest erkennt M\u00e4ngel fr\u00fchzeitig und hilft Ihnen, energiegeladen, konzentriert und gesund zu bleiben.\",\"breadcrumb\":{\"@id\":\"https:\/\/www.easly.nl\/de\/magnesium-mangel-test\/#breadcrumb\"},\"inLanguage\":\"de-DE\",\"potentialAction\":[{\"@type\":\"ReadAction\",\"target\":[\"https:\/\/www.easly.nl\/de\/magnesium-mangel-test\/\"]}]},{\"@type\":\"ImageObject\",\"inLanguage\":\"de-DE\",\"@id\":\"https:\/\/www.easly.nl\/de\/magnesium-mangel-test\/#primaryimage\",\"url\":\"https:\/\/www.easly.nl\/wp-content\/uploads\/sites\/13\/2025\/02\/mag.webp\",\"contentUrl\":\"https:\/\/www.easly.nl\/wp-content\/uploads\/sites\/13\/2025\/02\/mag.webp\",\"width\":1044,\"height\":804},{\"@type\":\"BreadcrumbList\",\"@id\":\"https:\/\/www.easly.nl\/de\/magnesium-mangel-test\/#breadcrumb\",\"itemListElement\":[{\"@type\":\"ListItem\",\"position\":1,\"name\":\"Startseite\",\"item\":\"https:\/\/www.easly.nl\/de\/\"},{\"@type\":\"ListItem\",\"position\":2,\"name\":\"Shop\",\"item\":\"https:\/\/www.easly.nl\/shop\/\"},{\"@type\":\"ListItem\",\"position\":3,\"name\":\"Magnesiummangel-Test\"}]},{\"@type\":\"WebSite\",\"@id\":\"https:\/\/www.easly.nl\/de\/#website\",\"url\":\"https:\/\/www.easly.nl\/de\/\",\"name\":\"Easly Shop\",\"description\":\"Safe &amp; simple online COVID testing\",\"publisher\":{\"@id\":\"https:\/\/www.easly.nl\/de\/#organization\"},\"potentialAction\":[{\"@type\":\"SearchAction\",\"target\":{\"@type\":\"EntryPoint\",\"urlTemplate\":\"https:\/\/www.easly.nl\/de\/?s={search_term_string}\"},\"query-input\":{\"@type\":\"PropertyValueSpecification\",\"valueRequired\":true,\"valueName\":\"search_term_string\"}}],\"inLanguage\":\"de-DE\"},{\"@type\":\"Organization\",\"@id\":\"https:\/\/www.easly.nl\/de\/#organization\",\"name\":\"Easly.nl\",\"url\":\"https:\/\/www.easly.nl\/de\/\",\"logo\":{\"@type\":\"ImageObject\",\"inLanguage\":\"de-DE\",\"@id\":\"https:\/\/www.easly.nl\/de\/#\/schema\/logo\/image\/\",\"url\":\"https:\/\/www.easly.nl\/wp-content\/uploads\/sites\/13\/2022\/10\/easly_logoslogan_color.png\",\"contentUrl\":\"https:\/\/www.easly.nl\/wp-content\/uploads\/sites\/13\/2022\/10\/easly_logoslogan_color.png\",\"width\":157,\"height\":38,\"caption\":\"Easly.nl\"},\"image\":{\"@id\":\"https:\/\/www.easly.nl\/de\/#\/schema\/logo\/image\/\"}}]}<\/script>\n<!-- \/ Yoast SEO plugin. -->","yoast_head_json":{"title":"Magnesiummangel-Test \u2013 Selbsttest auf Magnesiummangel","description":"\u00dcberpr\u00fcfen Sie Ihren Fols\u00e4urespiegel mit einem Fols\u00e4uremangel-Test. Ein einfacher Bluttest erkennt M\u00e4ngel fr\u00fchzeitig und hilft Ihnen, energiegeladen, konzentriert und gesund zu bleiben.","robots":{"index":"index","follow":"follow","max-snippet":"max-snippet:-1","max-image-preview":"max-image-preview:large","max-video-preview":"max-video-preview:-1"},"canonical":"https:\/\/www.easly.nl\/de\/magnesium-mangel-test\/","og_locale":"de_DE","og_type":"article","og_title":"Magnesiummangel-Test \u2013 Selbsttest auf Magnesiummangel","og_description":"\u00dcberpr\u00fcfen Sie Ihren Fols\u00e4urespiegel mit einem Fols\u00e4uremangel-Test. Ein einfacher Bluttest erkennt M\u00e4ngel fr\u00fchzeitig und hilft Ihnen, energiegeladen, konzentriert und gesund zu bleiben.","og_url":"https:\/\/www.easly.nl\/de\/magnesium-mangel-test\/","og_site_name":"Easly Shop","article_modified_time":"2025-03-11T13:01:54+00:00","og_image":[{"width":1044,"height":804,"url":"https:\/\/www.easly.nl\/wp-content\/uploads\/sites\/13\/2025\/02\/mag.webp","type":"image\/webp"}],"twitter_card":"summary_large_image","twitter_misc":{"Gesch\u00e4tzte Lesezeit":"1 Minute"},"schema":{"@context":"https:\/\/schema.org","@graph":[{"@type":"WebPage","@id":"https:\/\/www.easly.nl\/de\/magnesium-mangel-test\/","url":"https:\/\/www.easly.nl\/de\/magnesium-mangel-test\/","name":"Magnesiummangel-Test \u2013 Selbsttest auf Magnesiummangel","isPartOf":{"@id":"https:\/\/www.easly.nl\/de\/#website"},"primaryImageOfPage":{"@id":"https:\/\/www.easly.nl\/de\/magnesium-mangel-test\/#primaryimage"},"image":{"@id":"https:\/\/www.easly.nl\/de\/magnesium-mangel-test\/#primaryimage"},"thumbnailUrl":"https:\/\/www.easly.nl\/wp-content\/uploads\/sites\/13\/2025\/02\/mag.webp","datePublished":"2025-02-24T12:38:13+00:00","dateModified":"2025-03-11T13:01:54+00:00","description":"\u00dcberpr\u00fcfen Sie Ihren Fols\u00e4urespiegel mit einem Fols\u00e4uremangel-Test. Ein einfacher Bluttest erkennt M\u00e4ngel fr\u00fchzeitig und hilft Ihnen, energiegeladen, konzentriert und gesund zu bleiben.","breadcrumb":{"@id":"https:\/\/www.easly.nl\/de\/magnesium-mangel-test\/#breadcrumb"},"inLanguage":"de-DE","potentialAction":[{"@type":"ReadAction","target":["https:\/\/www.easly.nl\/de\/magnesium-mangel-test\/"]}]},{"@type":"ImageObject","inLanguage":"de-DE","@id":"https:\/\/www.easly.nl\/de\/magnesium-mangel-test\/#primaryimage","url":"https:\/\/www.easly.nl\/wp-content\/uploads\/sites\/13\/2025\/02\/mag.webp","contentUrl":"https:\/\/www.easly.nl\/wp-content\/uploads\/sites\/13\/2025\/02\/mag.webp","width":1044,"height":804},{"@type":"BreadcrumbList","@id":"https:\/\/www.easly.nl\/de\/magnesium-mangel-test\/#breadcrumb","itemListElement":[{"@type":"ListItem","position":1,"name":"Startseite","item":"https:\/\/www.easly.nl\/de\/"},{"@type":"ListItem","position":2,"name":"Shop","item":"https:\/\/www.easly.nl\/shop\/"},{"@type":"ListItem","position":3,"name":"Magnesiummangel-Test"}]},{"@type":"WebSite","@id":"https:\/\/www.easly.nl\/de\/#website","url":"https:\/\/www.easly.nl\/de\/","name":"Easly Shop","description":"Safe &amp; simple online COVID testing","publisher":{"@id":"https:\/\/www.easly.nl\/de\/#organization"},"potentialAction":[{"@type":"SearchAction","target":{"@type":"EntryPoint","urlTemplate":"https:\/\/www.easly.nl\/de\/?s={search_term_string}"},"query-input":{"@type":"PropertyValueSpecification","valueRequired":true,"valueName":"search_term_string"}}],"inLanguage":"de-DE"},{"@type":"Organization","@id":"https:\/\/www.easly.nl\/de\/#organization","name":"Easly.nl","url":"https:\/\/www.easly.nl\/de\/","logo":{"@type":"ImageObject","inLanguage":"de-DE","@id":"https:\/\/www.easly.nl\/de\/#\/schema\/logo\/image\/","url":"https:\/\/www.easly.nl\/wp-content\/uploads\/sites\/13\/2022\/10\/easly_logoslogan_color.png","contentUrl":"https:\/\/www.easly.nl\/wp-content\/uploads\/sites\/13\/2022\/10\/easly_logoslogan_color.png","width":157,"height":38,"caption":"Easly.nl"},"image":{"@id":"https:\/\/www.easly.nl\/de\/#\/schema\/logo\/image\/"}}]}},"_links":{"self":[{"href":"https:\/\/www.easly.nl\/de\/wp-json\/wp\/v2\/product\/58294","targetHints":{"allow":["GET"]}}],"collection":[{"href":"https:\/\/www.easly.nl\/de\/wp-json\/wp\/v2\/product"}],"about":[{"href":"https:\/\/www.easly.nl\/de\/wp-json\/wp\/v2\/types\/product"}],"version-history":[{"count":3,"href":"https:\/\/www.easly.nl\/de\/wp-json\/wp\/v2\/product\/58294\/revisions"}],"predecessor-version":[{"id":58580,"href":"https:\/\/www.easly.nl\/de\/wp-json\/wp\/v2\/product\/58294\/revisions\/58580"}],"wp:featuredmedia":[{"embeddable":true,"href":"https:\/\/www.easly.nl\/de\/wp-json\/wp\/v2\/media\/58290"}],"wp:attachment":[{"href":"https:\/\/www.easly.nl\/de\/wp-json\/wp\/v2\/media?parent=58294"}],"wp:term":[{"taxonomy":"product_cat","embeddable":true,"href":"https:\/\/www.easly.nl\/de\/wp-json\/wp\/v2\/product_cat?post=58294"},{"taxonomy":"product_tag","embeddable":true,"href":"https:\/\/www.easly.nl\/de\/wp-json\/wp\/v2\/product_tag?post=58294"}],"curies":[{"name":"wp","href":"https:\/\/api.w.org\/{rel}","templated":true}]}}