{"id":57271,"date":"2025-01-28T14:04:37","date_gmt":"2025-01-28T13:04:39","guid":{"rendered":"https:\/\/www.easly.nl\/?post_type=product&#038;p=57271"},"modified":"2025-04-01T11:12:36","modified_gmt":"2025-04-01T10:12:36","slug":"std-herpes-syphilis-test-kopie","status":"publish","type":"product","link":"https:\/\/www.easly.nl\/de\/geschlechtskrankheiten-selbsttests\/syphilis\/","title":{"rendered":"Geschlechtskrankheiten-Selbsttest Syphilis"},"content":{"rendered":"<p>Machen Sie sich Sorgen wegen einer Syphilis-Infektion nach ungesch\u00fctztem Geschlechtsverkehr oder haben Sie Symptome bemerkt? Der Easly Syphilis genitalis Heimtest bietet eine einfache und diskrete M\u00f6glichkeit, Syphilis zu erkennen. Dieser Test verwendet Serumtests f\u00fcr eine h\u00f6here Genauigkeit. Er ist ideal, wenn Sie einen Partner haben, der \u00fcber eine Syphilisinfektion informiert ist, oder wenn Sie selbst Symptome wie schmerzhafte Wunden haben. In wenigen einfachen Schritten k\u00f6nnen Sie Ihren Status herausfinden, ohne Stress oder Unannehmlichkeiten. Sie erhalten Ihre Ergebnisse online \u00fcber Ihr eigenes sicheres Portal. Nur Sie haben Zugriff auf diese Informationen, zusammen mit einer pers\u00f6nlichen medizinischen Beratung, damit Sie sofort die richtigen Ma\u00dfnahmen ergreifen k\u00f6nnen.<\/p>\n","protected":false},"excerpt":{"rendered":"<p>F\u00fchren Sie mit dem Easly-Heimtest, einem zuverl\u00e4ssigen Bluttest, einen diskreten Syphilis-Test durch. Erfahren Sie alles \u00fcber Symptome, Tests und Behandlungsm\u00f6glichkeiten \u2013 ganz bequem von zu Hause aus.<\/p>\n","protected":false},"featured_media":57346,"template":"","meta":{"_acf_changed":false,"footnotes":""},"product_cat":[1142,1141,1257],"product_tag":[],"class_list":{"0":"post-57271","1":"product","2":"type-product","3":"status-publish","4":"has-post-thumbnail","6":"product_cat-geschlechtskrankheiten","7":"product_cat-mozand-lab-de","8":"product_cat-unkategorisiert","10":"first","11":"instock","12":"taxable","13":"shipping-taxable","14":"purchasable","15":"product-type-simple"},"acf":[],"yoast_head":"<!-- This site is optimized with the Yoast SEO plugin v24.3 - https:\/\/yoast.com\/wordpress\/plugins\/seo\/ -->\n<title>Geschlechtskrankheiten-Selbsttest Syphilis \u2013 Easly<\/title>\n<meta name=\"description\" content=\"Diskreter Syphilis-Selbsttest von Easly: zuverl\u00e4ssige Blutuntersuchung. Erfahren Sie alles \u00fcber Symptome, Tests und Behandlung \u2013 bequem von zu Hause.\" \/>\n<meta name=\"robots\" content=\"index, follow, max-snippet:-1, max-image-preview:large, max-video-preview:-1\" \/>\n<link rel=\"canonical\" href=\"https:\/\/www.easly.nl\/de\/geschlechtskrankheiten-selbsttests\/syphilis\/\" \/>\n<meta property=\"og:locale\" content=\"de_DE\" \/>\n<meta property=\"og:type\" content=\"article\" \/>\n<meta property=\"og:title\" content=\"Geschlechtskrankheiten-Selbsttest Syphilis \u2013 Easly\" \/>\n<meta property=\"og:description\" content=\"Diskreter Syphilis-Selbsttest von Easly: zuverl\u00e4ssige Blutuntersuchung. Erfahren Sie alles \u00fcber Symptome, Tests und Behandlung \u2013 bequem von zu Hause.\" \/>\n<meta property=\"og:url\" content=\"https:\/\/www.easly.nl\/de\/geschlechtskrankheiten-selbsttests\/syphilis\/\" \/>\n<meta property=\"og:site_name\" content=\"Easly Shop\" \/>\n<meta property=\"article:modified_time\" content=\"2025-04-01T10:12:36+00:00\" \/>\n<meta property=\"og:image\" content=\"https:\/\/www.easly.nl\/wp-content\/uploads\/sites\/13\/2025\/01\/Syphilis-Easly.nl_.webp\" \/>\n\t<meta property=\"og:image:width\" content=\"1044\" \/>\n\t<meta property=\"og:image:height\" content=\"804\" \/>\n\t<meta property=\"og:image:type\" content=\"image\/webp\" \/>\n<meta name=\"twitter:card\" content=\"summary_large_image\" \/>\n<meta name=\"twitter:label1\" content=\"Gesch\u00e4tzte Lesezeit\" \/>\n\t<meta name=\"twitter:data1\" content=\"1 Minute\" \/>\n<script type=\"application\/ld+json\" class=\"yoast-schema-graph\">{\"@context\":\"https:\/\/schema.org\",\"@graph\":[{\"@type\":\"WebPage\",\"@id\":\"https:\/\/www.easly.nl\/de\/geschlechtskrankheiten-selbsttests\/syphilis\/\",\"url\":\"https:\/\/www.easly.nl\/de\/geschlechtskrankheiten-selbsttests\/syphilis\/\",\"name\":\"Geschlechtskrankheiten-Selbsttest Syphilis \u2013 Easly\",\"isPartOf\":{\"@id\":\"https:\/\/www.easly.nl\/de\/#website\"},\"primaryImageOfPage\":{\"@id\":\"https:\/\/www.easly.nl\/de\/geschlechtskrankheiten-selbsttests\/syphilis\/#primaryimage\"},\"image\":{\"@id\":\"https:\/\/www.easly.nl\/de\/geschlechtskrankheiten-selbsttests\/syphilis\/#primaryimage\"},\"thumbnailUrl\":\"https:\/\/www.easly.nl\/wp-content\/uploads\/sites\/13\/2025\/01\/Syphilis-Easly.nl_.webp\",\"datePublished\":\"2025-01-28T13:04:39+00:00\",\"dateModified\":\"2025-04-01T10:12:36+00:00\",\"description\":\"Diskreter Syphilis-Selbsttest von Easly: zuverl\u00e4ssige Blutuntersuchung. Erfahren Sie alles \u00fcber Symptome, Tests und Behandlung \u2013 bequem von zu Hause.\",\"breadcrumb\":{\"@id\":\"https:\/\/www.easly.nl\/de\/geschlechtskrankheiten-selbsttests\/syphilis\/#breadcrumb\"},\"inLanguage\":\"de-DE\",\"potentialAction\":[{\"@type\":\"ReadAction\",\"target\":[\"https:\/\/www.easly.nl\/de\/geschlechtskrankheiten-selbsttests\/syphilis\/\"]}]},{\"@type\":\"ImageObject\",\"inLanguage\":\"de-DE\",\"@id\":\"https:\/\/www.easly.nl\/de\/geschlechtskrankheiten-selbsttests\/syphilis\/#primaryimage\",\"url\":\"https:\/\/www.easly.nl\/wp-content\/uploads\/sites\/13\/2025\/01\/Syphilis-Easly.nl_.webp\",\"contentUrl\":\"https:\/\/www.easly.nl\/wp-content\/uploads\/sites\/13\/2025\/01\/Syphilis-Easly.nl_.webp\",\"width\":1044,\"height\":804,\"caption\":\"SOA\"},{\"@type\":\"BreadcrumbList\",\"@id\":\"https:\/\/www.easly.nl\/de\/geschlechtskrankheiten-selbsttests\/syphilis\/#breadcrumb\",\"itemListElement\":[{\"@type\":\"ListItem\",\"position\":1,\"name\":\"Startseite\",\"item\":\"https:\/\/www.easly.nl\/de\/\"},{\"@type\":\"ListItem\",\"position\":2,\"name\":\"Shop\",\"item\":\"https:\/\/www.easly.nl\/shop\/\"},{\"@type\":\"ListItem\",\"position\":3,\"name\":\"Geschlechtskrankheiten-Selbsttest Syphilis\"}]},{\"@type\":\"WebSite\",\"@id\":\"https:\/\/www.easly.nl\/de\/#website\",\"url\":\"https:\/\/www.easly.nl\/de\/\",\"name\":\"Easly Shop\",\"description\":\"Safe &amp; simple online COVID testing\",\"publisher\":{\"@id\":\"https:\/\/www.easly.nl\/de\/#organization\"},\"potentialAction\":[{\"@type\":\"SearchAction\",\"target\":{\"@type\":\"EntryPoint\",\"urlTemplate\":\"https:\/\/www.easly.nl\/de\/?s={search_term_string}\"},\"query-input\":{\"@type\":\"PropertyValueSpecification\",\"valueRequired\":true,\"valueName\":\"search_term_string\"}}],\"inLanguage\":\"de-DE\"},{\"@type\":\"Organization\",\"@id\":\"https:\/\/www.easly.nl\/de\/#organization\",\"name\":\"Easly.nl\",\"url\":\"https:\/\/www.easly.nl\/de\/\",\"logo\":{\"@type\":\"ImageObject\",\"inLanguage\":\"de-DE\",\"@id\":\"https:\/\/www.easly.nl\/de\/#\/schema\/logo\/image\/\",\"url\":\"https:\/\/www.easly.nl\/wp-content\/uploads\/sites\/13\/2022\/10\/easly_logoslogan_color.png\",\"contentUrl\":\"https:\/\/www.easly.nl\/wp-content\/uploads\/sites\/13\/2022\/10\/easly_logoslogan_color.png\",\"width\":157,\"height\":38,\"caption\":\"Easly.nl\"},\"image\":{\"@id\":\"https:\/\/www.easly.nl\/de\/#\/schema\/logo\/image\/\"}}]}<\/script>\n<!-- \/ Yoast SEO plugin. -->","yoast_head_json":{"title":"Geschlechtskrankheiten-Selbsttest Syphilis \u2013 Easly","description":"Diskreter Syphilis-Selbsttest von Easly: zuverl\u00e4ssige Blutuntersuchung. Erfahren Sie alles \u00fcber Symptome, Tests und Behandlung \u2013 bequem von zu Hause.","robots":{"index":"index","follow":"follow","max-snippet":"max-snippet:-1","max-image-preview":"max-image-preview:large","max-video-preview":"max-video-preview:-1"},"canonical":"https:\/\/www.easly.nl\/de\/geschlechtskrankheiten-selbsttests\/syphilis\/","og_locale":"de_DE","og_type":"article","og_title":"Geschlechtskrankheiten-Selbsttest Syphilis \u2013 Easly","og_description":"Diskreter Syphilis-Selbsttest von Easly: zuverl\u00e4ssige Blutuntersuchung. Erfahren Sie alles \u00fcber Symptome, Tests und Behandlung \u2013 bequem von zu Hause.","og_url":"https:\/\/www.easly.nl\/de\/geschlechtskrankheiten-selbsttests\/syphilis\/","og_site_name":"Easly Shop","article_modified_time":"2025-04-01T10:12:36+00:00","og_image":[{"width":1044,"height":804,"url":"https:\/\/www.easly.nl\/wp-content\/uploads\/sites\/13\/2025\/01\/Syphilis-Easly.nl_.webp","type":"image\/webp"}],"twitter_card":"summary_large_image","twitter_misc":{"Gesch\u00e4tzte Lesezeit":"1 Minute"},"schema":{"@context":"https:\/\/schema.org","@graph":[{"@type":"WebPage","@id":"https:\/\/www.easly.nl\/de\/geschlechtskrankheiten-selbsttests\/syphilis\/","url":"https:\/\/www.easly.nl\/de\/geschlechtskrankheiten-selbsttests\/syphilis\/","name":"Geschlechtskrankheiten-Selbsttest Syphilis \u2013 Easly","isPartOf":{"@id":"https:\/\/www.easly.nl\/de\/#website"},"primaryImageOfPage":{"@id":"https:\/\/www.easly.nl\/de\/geschlechtskrankheiten-selbsttests\/syphilis\/#primaryimage"},"image":{"@id":"https:\/\/www.easly.nl\/de\/geschlechtskrankheiten-selbsttests\/syphilis\/#primaryimage"},"thumbnailUrl":"https:\/\/www.easly.nl\/wp-content\/uploads\/sites\/13\/2025\/01\/Syphilis-Easly.nl_.webp","datePublished":"2025-01-28T13:04:39+00:00","dateModified":"2025-04-01T10:12:36+00:00","description":"Diskreter Syphilis-Selbsttest von Easly: zuverl\u00e4ssige Blutuntersuchung. Erfahren Sie alles \u00fcber Symptome, Tests und Behandlung \u2013 bequem von zu Hause.","breadcrumb":{"@id":"https:\/\/www.easly.nl\/de\/geschlechtskrankheiten-selbsttests\/syphilis\/#breadcrumb"},"inLanguage":"de-DE","potentialAction":[{"@type":"ReadAction","target":["https:\/\/www.easly.nl\/de\/geschlechtskrankheiten-selbsttests\/syphilis\/"]}]},{"@type":"ImageObject","inLanguage":"de-DE","@id":"https:\/\/www.easly.nl\/de\/geschlechtskrankheiten-selbsttests\/syphilis\/#primaryimage","url":"https:\/\/www.easly.nl\/wp-content\/uploads\/sites\/13\/2025\/01\/Syphilis-Easly.nl_.webp","contentUrl":"https:\/\/www.easly.nl\/wp-content\/uploads\/sites\/13\/2025\/01\/Syphilis-Easly.nl_.webp","width":1044,"height":804,"caption":"SOA"},{"@type":"BreadcrumbList","@id":"https:\/\/www.easly.nl\/de\/geschlechtskrankheiten-selbsttests\/syphilis\/#breadcrumb","itemListElement":[{"@type":"ListItem","position":1,"name":"Startseite","item":"https:\/\/www.easly.nl\/de\/"},{"@type":"ListItem","position":2,"name":"Shop","item":"https:\/\/www.easly.nl\/shop\/"},{"@type":"ListItem","position":3,"name":"Geschlechtskrankheiten-Selbsttest Syphilis"}]},{"@type":"WebSite","@id":"https:\/\/www.easly.nl\/de\/#website","url":"https:\/\/www.easly.nl\/de\/","name":"Easly Shop","description":"Safe &amp; simple online COVID testing","publisher":{"@id":"https:\/\/www.easly.nl\/de\/#organization"},"potentialAction":[{"@type":"SearchAction","target":{"@type":"EntryPoint","urlTemplate":"https:\/\/www.easly.nl\/de\/?s={search_term_string}"},"query-input":{"@type":"PropertyValueSpecification","valueRequired":true,"valueName":"search_term_string"}}],"inLanguage":"de-DE"},{"@type":"Organization","@id":"https:\/\/www.easly.nl\/de\/#organization","name":"Easly.nl","url":"https:\/\/www.easly.nl\/de\/","logo":{"@type":"ImageObject","inLanguage":"de-DE","@id":"https:\/\/www.easly.nl\/de\/#\/schema\/logo\/image\/","url":"https:\/\/www.easly.nl\/wp-content\/uploads\/sites\/13\/2022\/10\/easly_logoslogan_color.png","contentUrl":"https:\/\/www.easly.nl\/wp-content\/uploads\/sites\/13\/2022\/10\/easly_logoslogan_color.png","width":157,"height":38,"caption":"Easly.nl"},"image":{"@id":"https:\/\/www.easly.nl\/de\/#\/schema\/logo\/image\/"}}]}},"_links":{"self":[{"href":"https:\/\/www.easly.nl\/de\/wp-json\/wp\/v2\/product\/57271","targetHints":{"allow":["GET"]}}],"collection":[{"href":"https:\/\/www.easly.nl\/de\/wp-json\/wp\/v2\/product"}],"about":[{"href":"https:\/\/www.easly.nl\/de\/wp-json\/wp\/v2\/types\/product"}],"version-history":[{"count":1,"href":"https:\/\/www.easly.nl\/de\/wp-json\/wp\/v2\/product\/57271\/revisions"}],"predecessor-version":[{"id":59155,"href":"https:\/\/www.easly.nl\/de\/wp-json\/wp\/v2\/product\/57271\/revisions\/59155"}],"wp:featuredmedia":[{"embeddable":true,"href":"https:\/\/www.easly.nl\/de\/wp-json\/wp\/v2\/media\/57346"}],"wp:attachment":[{"href":"https:\/\/www.easly.nl\/de\/wp-json\/wp\/v2\/media?parent=57271"}],"wp:term":[{"taxonomy":"product_cat","embeddable":true,"href":"https:\/\/www.easly.nl\/de\/wp-json\/wp\/v2\/product_cat?post=57271"},{"taxonomy":"product_tag","embeddable":true,"href":"https:\/\/www.easly.nl\/de\/wp-json\/wp\/v2\/product_tag?post=57271"}],"curies":[{"name":"wp","href":"https:\/\/api.w.org\/{rel}","templated":true}]}}