{"id":55911,"date":"2024-12-19T15:33:21","date_gmt":"2024-12-19T14:33:28","guid":{"rendered":"https:\/\/www.easly.nl\/?post_type=product&#038;p=55911"},"modified":"2025-01-14T16:10:31","modified_gmt":"2025-01-14T15:10:31","slug":"std-basis-test-kopie","status":"publish","type":"product","link":"https:\/\/www.easly.nl\/de\/geschlechtskrankheiten-selbsttests\/sti-base\/","title":{"rendered":"STD-Basis-Test"},"content":{"rendered":"<p>Dieses STD-Testkit von Easly geh\u00f6rt zu unserem Angebot an STD-Selbsttests. Das STD Basic-Paket testet auf die beiden h\u00e4ufigsten STDs: Chlamydien und Gonorrh\u00f6. Dieser Test eignet sich, wenn Sie sich vorsorglich auf die beiden h\u00e4ufigsten STDs testen lassen wollen, zum Beispiel weil Sie eine neue Beziehung begonnen haben. Bei der Bestellung dieses Testkits k\u00f6nnen Sie zwischen einem Test f\u00fcr M\u00e4nner und einem Test f\u00fcr Frauen w\u00e4hlen. Au\u00dferdem k\u00f6nnen Sie je nach Ihrem Sexualverhalten zus\u00e4tzliche Messungen vornehmen lassen. Dieser Test beinhaltet ein medizinisches Testzertifikat.<\/p>\n","protected":false},"excerpt":{"rendered":"<p>Chlamydien und Gonorrh\u00f6e sind die h\u00e4ufigsten Geschlechtskrankheiten. Mit diesem Heimtest k\u00f6nnen Sie herausfinden, ob Sie eine dieser STDs haben.<\/p>\n","protected":false},"featured_media":43172,"template":"","meta":{"_acf_changed":false,"footnotes":""},"product_cat":[1140,1142,1141,1256],"product_tag":[],"class_list":{"0":"post-55911","1":"product","2":"type-product","3":"status-publish","4":"has-post-thumbnail","6":"product_cat-am-beliebtesten","7":"product_cat-geschlechtskrankheiten","8":"product_cat-mozand-lab-de","9":"product_cat-tpl-fur-soa-varianten","11":"first","12":"instock","13":"taxable","14":"shipping-taxable","15":"purchasable","16":"product-type-variable"},"acf":[],"yoast_head":"<!-- This site is optimized with the Yoast SEO plugin v24.3 - https:\/\/yoast.com\/wordpress\/plugins\/seo\/ -->\n<title>STI Basic Test der Selbsttest f\u00fcr Chlamydien und Gonorrh\u00f6e!<\/title>\n<meta name=\"description\" content=\"Sicherheit mit dem STD Basic Test von Easly: Der geschlechtskrankheiten schnelltest f\u00fcr Chlamydien und Gonorrh\u00f6e.\" \/>\n<meta name=\"robots\" content=\"index, follow, max-snippet:-1, max-image-preview:large, max-video-preview:-1\" \/>\n<link rel=\"canonical\" href=\"https:\/\/www.easly.nl\/de\/geschlechtskrankheiten-selbsttests\/sti-base\/\" \/>\n<meta property=\"og:locale\" content=\"de_DE\" \/>\n<meta property=\"og:type\" content=\"article\" \/>\n<meta property=\"og:title\" content=\"STI Basic Test der Selbsttest f\u00fcr Chlamydien und Gonorrh\u00f6e!\" \/>\n<meta property=\"og:description\" content=\"Sicherheit mit dem STD Basic Test von Easly: Der geschlechtskrankheiten schnelltest f\u00fcr Chlamydien und Gonorrh\u00f6e.\" \/>\n<meta property=\"og:url\" content=\"https:\/\/www.easly.nl\/de\/geschlechtskrankheiten-selbsttests\/sti-base\/\" \/>\n<meta property=\"og:site_name\" content=\"Easly Shop\" \/>\n<meta property=\"article:modified_time\" content=\"2025-01-14T15:10:31+00:00\" \/>\n<meta property=\"og:image\" content=\"https:\/\/www.easly.nl\/wp-content\/uploads\/sites\/13\/2022\/11\/Easly-Soa-Basic-8720256100324.webp\" \/>\n\t<meta property=\"og:image:width\" content=\"1044\" \/>\n\t<meta property=\"og:image:height\" content=\"804\" \/>\n\t<meta property=\"og:image:type\" content=\"image\/webp\" \/>\n<meta name=\"twitter:card\" content=\"summary_large_image\" \/>\n<meta name=\"twitter:label1\" content=\"Gesch\u00e4tzte Lesezeit\" \/>\n\t<meta name=\"twitter:data1\" content=\"1 Minute\" \/>\n<script type=\"application\/ld+json\" class=\"yoast-schema-graph\">{\"@context\":\"https:\/\/schema.org\",\"@graph\":[{\"@type\":\"WebPage\",\"@id\":\"https:\/\/www.easly.nl\/de\/geschlechtskrankheiten-selbsttests\/sti-base\/\",\"url\":\"https:\/\/www.easly.nl\/de\/geschlechtskrankheiten-selbsttests\/sti-base\/\",\"name\":\"STI Basic Test der Selbsttest f\u00fcr Chlamydien und Gonorrh\u00f6e!\",\"isPartOf\":{\"@id\":\"https:\/\/www.easly.nl\/de\/#website\"},\"primaryImageOfPage\":{\"@id\":\"https:\/\/www.easly.nl\/de\/geschlechtskrankheiten-selbsttests\/sti-base\/#primaryimage\"},\"image\":{\"@id\":\"https:\/\/www.easly.nl\/de\/geschlechtskrankheiten-selbsttests\/sti-base\/#primaryimage\"},\"thumbnailUrl\":\"https:\/\/www.easly.nl\/wp-content\/uploads\/sites\/13\/2022\/11\/Easly-Soa-Basic-8720256100324.webp\",\"datePublished\":\"2024-12-19T14:33:28+00:00\",\"dateModified\":\"2025-01-14T15:10:31+00:00\",\"description\":\"Sicherheit mit dem STD Basic Test von Easly: Der geschlechtskrankheiten schnelltest f\u00fcr Chlamydien und Gonorrh\u00f6e.\",\"breadcrumb\":{\"@id\":\"https:\/\/www.easly.nl\/de\/geschlechtskrankheiten-selbsttests\/sti-base\/#breadcrumb\"},\"inLanguage\":\"de-DE\",\"potentialAction\":[{\"@type\":\"ReadAction\",\"target\":[\"https:\/\/www.easly.nl\/de\/geschlechtskrankheiten-selbsttests\/sti-base\/\"]}]},{\"@type\":\"ImageObject\",\"inLanguage\":\"de-DE\",\"@id\":\"https:\/\/www.easly.nl\/de\/geschlechtskrankheiten-selbsttests\/sti-base\/#primaryimage\",\"url\":\"https:\/\/www.easly.nl\/wp-content\/uploads\/sites\/13\/2022\/11\/Easly-Soa-Basic-8720256100324.webp\",\"contentUrl\":\"https:\/\/www.easly.nl\/wp-content\/uploads\/sites\/13\/2022\/11\/Easly-Soa-Basic-8720256100324.webp\",\"width\":1044,\"height\":804},{\"@type\":\"BreadcrumbList\",\"@id\":\"https:\/\/www.easly.nl\/de\/geschlechtskrankheiten-selbsttests\/sti-base\/#breadcrumb\",\"itemListElement\":[{\"@type\":\"ListItem\",\"position\":1,\"name\":\"Startseite\",\"item\":\"https:\/\/www.easly.nl\/de\/\"},{\"@type\":\"ListItem\",\"position\":2,\"name\":\"Shop\",\"item\":\"https:\/\/www.easly.nl\/shop\/\"},{\"@type\":\"ListItem\",\"position\":3,\"name\":\"STD-Basis-Test\"}]},{\"@type\":\"WebSite\",\"@id\":\"https:\/\/www.easly.nl\/de\/#website\",\"url\":\"https:\/\/www.easly.nl\/de\/\",\"name\":\"Easly Shop\",\"description\":\"Safe &amp; simple online COVID testing\",\"publisher\":{\"@id\":\"https:\/\/www.easly.nl\/de\/#organization\"},\"potentialAction\":[{\"@type\":\"SearchAction\",\"target\":{\"@type\":\"EntryPoint\",\"urlTemplate\":\"https:\/\/www.easly.nl\/de\/?s={search_term_string}\"},\"query-input\":{\"@type\":\"PropertyValueSpecification\",\"valueRequired\":true,\"valueName\":\"search_term_string\"}}],\"inLanguage\":\"de-DE\"},{\"@type\":\"Organization\",\"@id\":\"https:\/\/www.easly.nl\/de\/#organization\",\"name\":\"Easly.nl\",\"url\":\"https:\/\/www.easly.nl\/de\/\",\"logo\":{\"@type\":\"ImageObject\",\"inLanguage\":\"de-DE\",\"@id\":\"https:\/\/www.easly.nl\/de\/#\/schema\/logo\/image\/\",\"url\":\"https:\/\/www.easly.nl\/wp-content\/uploads\/sites\/13\/2022\/10\/easly_logoslogan_color.png\",\"contentUrl\":\"https:\/\/www.easly.nl\/wp-content\/uploads\/sites\/13\/2022\/10\/easly_logoslogan_color.png\",\"width\":157,\"height\":38,\"caption\":\"Easly.nl\"},\"image\":{\"@id\":\"https:\/\/www.easly.nl\/de\/#\/schema\/logo\/image\/\"}}]}<\/script>\n<!-- \/ Yoast SEO plugin. -->","yoast_head_json":{"title":"STI Basic Test der Selbsttest f\u00fcr Chlamydien und Gonorrh\u00f6e!","description":"Sicherheit mit dem STD Basic Test von Easly: Der geschlechtskrankheiten schnelltest f\u00fcr Chlamydien und Gonorrh\u00f6e.","robots":{"index":"index","follow":"follow","max-snippet":"max-snippet:-1","max-image-preview":"max-image-preview:large","max-video-preview":"max-video-preview:-1"},"canonical":"https:\/\/www.easly.nl\/de\/geschlechtskrankheiten-selbsttests\/sti-base\/","og_locale":"de_DE","og_type":"article","og_title":"STI Basic Test der Selbsttest f\u00fcr Chlamydien und Gonorrh\u00f6e!","og_description":"Sicherheit mit dem STD Basic Test von Easly: Der geschlechtskrankheiten schnelltest f\u00fcr Chlamydien und Gonorrh\u00f6e.","og_url":"https:\/\/www.easly.nl\/de\/geschlechtskrankheiten-selbsttests\/sti-base\/","og_site_name":"Easly Shop","article_modified_time":"2025-01-14T15:10:31+00:00","og_image":[{"width":1044,"height":804,"url":"https:\/\/www.easly.nl\/wp-content\/uploads\/sites\/13\/2022\/11\/Easly-Soa-Basic-8720256100324.webp","type":"image\/webp"}],"twitter_card":"summary_large_image","twitter_misc":{"Gesch\u00e4tzte Lesezeit":"1 Minute"},"schema":{"@context":"https:\/\/schema.org","@graph":[{"@type":"WebPage","@id":"https:\/\/www.easly.nl\/de\/geschlechtskrankheiten-selbsttests\/sti-base\/","url":"https:\/\/www.easly.nl\/de\/geschlechtskrankheiten-selbsttests\/sti-base\/","name":"STI Basic Test der Selbsttest f\u00fcr Chlamydien und Gonorrh\u00f6e!","isPartOf":{"@id":"https:\/\/www.easly.nl\/de\/#website"},"primaryImageOfPage":{"@id":"https:\/\/www.easly.nl\/de\/geschlechtskrankheiten-selbsttests\/sti-base\/#primaryimage"},"image":{"@id":"https:\/\/www.easly.nl\/de\/geschlechtskrankheiten-selbsttests\/sti-base\/#primaryimage"},"thumbnailUrl":"https:\/\/www.easly.nl\/wp-content\/uploads\/sites\/13\/2022\/11\/Easly-Soa-Basic-8720256100324.webp","datePublished":"2024-12-19T14:33:28+00:00","dateModified":"2025-01-14T15:10:31+00:00","description":"Sicherheit mit dem STD Basic Test von Easly: Der geschlechtskrankheiten schnelltest f\u00fcr Chlamydien und Gonorrh\u00f6e.","breadcrumb":{"@id":"https:\/\/www.easly.nl\/de\/geschlechtskrankheiten-selbsttests\/sti-base\/#breadcrumb"},"inLanguage":"de-DE","potentialAction":[{"@type":"ReadAction","target":["https:\/\/www.easly.nl\/de\/geschlechtskrankheiten-selbsttests\/sti-base\/"]}]},{"@type":"ImageObject","inLanguage":"de-DE","@id":"https:\/\/www.easly.nl\/de\/geschlechtskrankheiten-selbsttests\/sti-base\/#primaryimage","url":"https:\/\/www.easly.nl\/wp-content\/uploads\/sites\/13\/2022\/11\/Easly-Soa-Basic-8720256100324.webp","contentUrl":"https:\/\/www.easly.nl\/wp-content\/uploads\/sites\/13\/2022\/11\/Easly-Soa-Basic-8720256100324.webp","width":1044,"height":804},{"@type":"BreadcrumbList","@id":"https:\/\/www.easly.nl\/de\/geschlechtskrankheiten-selbsttests\/sti-base\/#breadcrumb","itemListElement":[{"@type":"ListItem","position":1,"name":"Startseite","item":"https:\/\/www.easly.nl\/de\/"},{"@type":"ListItem","position":2,"name":"Shop","item":"https:\/\/www.easly.nl\/shop\/"},{"@type":"ListItem","position":3,"name":"STD-Basis-Test"}]},{"@type":"WebSite","@id":"https:\/\/www.easly.nl\/de\/#website","url":"https:\/\/www.easly.nl\/de\/","name":"Easly Shop","description":"Safe &amp; simple online COVID testing","publisher":{"@id":"https:\/\/www.easly.nl\/de\/#organization"},"potentialAction":[{"@type":"SearchAction","target":{"@type":"EntryPoint","urlTemplate":"https:\/\/www.easly.nl\/de\/?s={search_term_string}"},"query-input":{"@type":"PropertyValueSpecification","valueRequired":true,"valueName":"search_term_string"}}],"inLanguage":"de-DE"},{"@type":"Organization","@id":"https:\/\/www.easly.nl\/de\/#organization","name":"Easly.nl","url":"https:\/\/www.easly.nl\/de\/","logo":{"@type":"ImageObject","inLanguage":"de-DE","@id":"https:\/\/www.easly.nl\/de\/#\/schema\/logo\/image\/","url":"https:\/\/www.easly.nl\/wp-content\/uploads\/sites\/13\/2022\/10\/easly_logoslogan_color.png","contentUrl":"https:\/\/www.easly.nl\/wp-content\/uploads\/sites\/13\/2022\/10\/easly_logoslogan_color.png","width":157,"height":38,"caption":"Easly.nl"},"image":{"@id":"https:\/\/www.easly.nl\/de\/#\/schema\/logo\/image\/"}}]}},"_links":{"self":[{"href":"https:\/\/www.easly.nl\/de\/wp-json\/wp\/v2\/product\/55911","targetHints":{"allow":["GET"]}}],"collection":[{"href":"https:\/\/www.easly.nl\/de\/wp-json\/wp\/v2\/product"}],"about":[{"href":"https:\/\/www.easly.nl\/de\/wp-json\/wp\/v2\/types\/product"}],"version-history":[{"count":2,"href":"https:\/\/www.easly.nl\/de\/wp-json\/wp\/v2\/product\/55911\/revisions"}],"predecessor-version":[{"id":56665,"href":"https:\/\/www.easly.nl\/de\/wp-json\/wp\/v2\/product\/55911\/revisions\/56665"}],"wp:featuredmedia":[{"embeddable":true,"href":"https:\/\/www.easly.nl\/de\/wp-json\/wp\/v2\/media\/43172"}],"wp:attachment":[{"href":"https:\/\/www.easly.nl\/de\/wp-json\/wp\/v2\/media?parent=55911"}],"wp:term":[{"taxonomy":"product_cat","embeddable":true,"href":"https:\/\/www.easly.nl\/de\/wp-json\/wp\/v2\/product_cat?post=55911"},{"taxonomy":"product_tag","embeddable":true,"href":"https:\/\/www.easly.nl\/de\/wp-json\/wp\/v2\/product_tag?post=55911"}],"curies":[{"name":"wp","href":"https:\/\/api.w.org\/{rel}","templated":true}]}}