{"id":55814,"date":"2024-12-18T15:34:23","date_gmt":"2024-12-18T14:34:30","guid":{"rendered":"https:\/\/www.easly.nl\/?post_type=product&#038;p=55814"},"modified":"2025-07-01T01:00:08","modified_gmt":"2025-07-01T00:00:08","slug":"std-komplett-test-kopie","status":"publish","type":"product","link":"https:\/\/www.easly.nl\/de\/geschlechtskrankheiten-selbsttests\/vollstandiger-sti\/","title":{"rendered":"STD-Komplett-Test"},"content":{"rendered":"<p><span style=\"font-weight: 400;\">Der Complete STD-Test ist eines der f\u00fcnf STD-Testpakete, die Easly anbietet. Mit diesem umfassenden Test k\u00f6nnen Sie sich in einem Durchgang auf vier h\u00e4ufige Geschlechtskrankheiten testen lassen: Chlamydien, Gonorrh\u00f6, Trichomonaden und Mykoplasmen. Dieser STD-Test eignet sich, wenn Sie eine Geschlechtskrankheit vollst\u00e4ndig ausschlie\u00dfen m\u00f6chten. Wenn Sie dieses Testkit bestellen, w\u00e4hlen Sie einen Test f\u00fcr M\u00e4nner oder Frauen. Dar\u00fcber hinaus k\u00f6nnen Sie je nach Ihrem Sexualverhalten weitere Proben hinzuf\u00fcgen. Der STD-Komplett-Test enth\u00e4lt ein medizinisches Testzertifikat.<\/span><\/p>\n","protected":false},"excerpt":{"rendered":"<p>Testen Sie sich selbst auf die vier h\u00e4ufigsten Geschlechtskrankheiten. Zu Hause, ohne einen Arzt zu konsultieren. Kostenloser Versand Ihrer Probe und schnelle Ergebnisse<\/p>\n","protected":false},"featured_media":43138,"template":"","meta":{"_acf_changed":false,"footnotes":""},"product_cat":[1140,1142,1141,1256],"product_tag":[],"class_list":{"0":"post-55814","1":"product","2":"type-product","3":"status-publish","4":"has-post-thumbnail","6":"product_cat-am-beliebtesten","7":"product_cat-geschlechtskrankheiten","8":"product_cat-mozand-lab-de","9":"product_cat-tpl-fur-soa-varianten","11":"first","12":"instock","13":"sale","14":"taxable","15":"shipping-taxable","16":"purchasable","17":"product-type-variable"},"acf":[],"yoast_head":"<!-- This site is optimized with the Yoast SEO plugin v24.3 - https:\/\/yoast.com\/wordpress\/plugins\/seo\/ -->\n<title>Seien Sie sicher mit dem vollst\u00e4ndigen STI-Test<\/title>\n<meta name=\"description\" content=\"Mit dem vollst\u00e4ndigen geschlechtskrankheiten schnelltest erhalten Sie Gewissheit dar\u00fcber, ob Sie STDs wie Chlamydien, Gonorrhoe, Mykoplasmen und Trichomonaden haben oder nicht.\" \/>\n<meta name=\"robots\" content=\"index, follow, max-snippet:-1, max-image-preview:large, max-video-preview:-1\" \/>\n<link rel=\"canonical\" href=\"https:\/\/www.easly.nl\/de\/geschlechtskrankheiten-selbsttests\/vollstandiger-sti\/\" \/>\n<meta property=\"og:locale\" content=\"de_DE\" \/>\n<meta property=\"og:type\" content=\"article\" \/>\n<meta property=\"og:title\" content=\"Seien Sie sicher mit dem vollst\u00e4ndigen STI-Test\" \/>\n<meta property=\"og:description\" content=\"Mit dem vollst\u00e4ndigen geschlechtskrankheiten schnelltest erhalten Sie Gewissheit dar\u00fcber, ob Sie STDs wie Chlamydien, Gonorrhoe, Mykoplasmen und Trichomonaden haben oder nicht.\" \/>\n<meta property=\"og:url\" content=\"https:\/\/www.easly.nl\/de\/geschlechtskrankheiten-selbsttests\/vollstandiger-sti\/\" \/>\n<meta property=\"og:site_name\" content=\"Easly Shop\" \/>\n<meta property=\"article:modified_time\" content=\"2025-07-01T00:00:08+00:00\" \/>\n<meta property=\"og:image\" content=\"https:\/\/www.easly.nl\/wp-content\/uploads\/sites\/13\/2022\/11\/Easly-Soa-Compleet-8720256100331.webp\" \/>\n\t<meta property=\"og:image:width\" content=\"1044\" \/>\n\t<meta property=\"og:image:height\" content=\"804\" \/>\n\t<meta property=\"og:image:type\" content=\"image\/webp\" \/>\n<meta name=\"twitter:card\" content=\"summary_large_image\" \/>\n<script type=\"application\/ld+json\" class=\"yoast-schema-graph\">{\"@context\":\"https:\/\/schema.org\",\"@graph\":[{\"@type\":\"WebPage\",\"@id\":\"https:\/\/www.easly.nl\/de\/geschlechtskrankheiten-selbsttests\/vollstandiger-sti\/\",\"url\":\"https:\/\/www.easly.nl\/de\/geschlechtskrankheiten-selbsttests\/vollstandiger-sti\/\",\"name\":\"Seien Sie sicher mit dem vollst\u00e4ndigen STI-Test\",\"isPartOf\":{\"@id\":\"https:\/\/www.easly.nl\/de\/#website\"},\"primaryImageOfPage\":{\"@id\":\"https:\/\/www.easly.nl\/de\/geschlechtskrankheiten-selbsttests\/vollstandiger-sti\/#primaryimage\"},\"image\":{\"@id\":\"https:\/\/www.easly.nl\/de\/geschlechtskrankheiten-selbsttests\/vollstandiger-sti\/#primaryimage\"},\"thumbnailUrl\":\"https:\/\/www.easly.nl\/wp-content\/uploads\/sites\/13\/2022\/11\/Easly-Soa-Compleet-8720256100331.webp\",\"datePublished\":\"2024-12-18T14:34:30+00:00\",\"dateModified\":\"2025-07-01T00:00:08+00:00\",\"description\":\"Mit dem vollst\u00e4ndigen geschlechtskrankheiten schnelltest erhalten Sie Gewissheit dar\u00fcber, ob Sie STDs wie Chlamydien, Gonorrhoe, Mykoplasmen und Trichomonaden haben oder nicht.\",\"breadcrumb\":{\"@id\":\"https:\/\/www.easly.nl\/de\/geschlechtskrankheiten-selbsttests\/vollstandiger-sti\/#breadcrumb\"},\"inLanguage\":\"de-DE\",\"potentialAction\":[{\"@type\":\"ReadAction\",\"target\":[\"https:\/\/www.easly.nl\/de\/geschlechtskrankheiten-selbsttests\/vollstandiger-sti\/\"]}]},{\"@type\":\"ImageObject\",\"inLanguage\":\"de-DE\",\"@id\":\"https:\/\/www.easly.nl\/de\/geschlechtskrankheiten-selbsttests\/vollstandiger-sti\/#primaryimage\",\"url\":\"https:\/\/www.easly.nl\/wp-content\/uploads\/sites\/13\/2022\/11\/Easly-Soa-Compleet-8720256100331.webp\",\"contentUrl\":\"https:\/\/www.easly.nl\/wp-content\/uploads\/sites\/13\/2022\/11\/Easly-Soa-Compleet-8720256100331.webp\",\"width\":1044,\"height\":804},{\"@type\":\"BreadcrumbList\",\"@id\":\"https:\/\/www.easly.nl\/de\/geschlechtskrankheiten-selbsttests\/vollstandiger-sti\/#breadcrumb\",\"itemListElement\":[{\"@type\":\"ListItem\",\"position\":1,\"name\":\"Startseite\",\"item\":\"https:\/\/www.easly.nl\/de\/\"},{\"@type\":\"ListItem\",\"position\":2,\"name\":\"Shop\",\"item\":\"https:\/\/www.easly.nl\/shop\/\"},{\"@type\":\"ListItem\",\"position\":3,\"name\":\"STD-Komplett-Test\"}]},{\"@type\":\"WebSite\",\"@id\":\"https:\/\/www.easly.nl\/de\/#website\",\"url\":\"https:\/\/www.easly.nl\/de\/\",\"name\":\"Easly Shop\",\"description\":\"Safe &amp; simple online COVID testing\",\"publisher\":{\"@id\":\"https:\/\/www.easly.nl\/de\/#organization\"},\"potentialAction\":[{\"@type\":\"SearchAction\",\"target\":{\"@type\":\"EntryPoint\",\"urlTemplate\":\"https:\/\/www.easly.nl\/de\/?s={search_term_string}\"},\"query-input\":{\"@type\":\"PropertyValueSpecification\",\"valueRequired\":true,\"valueName\":\"search_term_string\"}}],\"inLanguage\":\"de-DE\"},{\"@type\":\"Organization\",\"@id\":\"https:\/\/www.easly.nl\/de\/#organization\",\"name\":\"Easly.nl\",\"url\":\"https:\/\/www.easly.nl\/de\/\",\"logo\":{\"@type\":\"ImageObject\",\"inLanguage\":\"de-DE\",\"@id\":\"https:\/\/www.easly.nl\/de\/#\/schema\/logo\/image\/\",\"url\":\"https:\/\/www.easly.nl\/wp-content\/uploads\/sites\/13\/2022\/10\/easly_logoslogan_color.png\",\"contentUrl\":\"https:\/\/www.easly.nl\/wp-content\/uploads\/sites\/13\/2022\/10\/easly_logoslogan_color.png\",\"width\":157,\"height\":38,\"caption\":\"Easly.nl\"},\"image\":{\"@id\":\"https:\/\/www.easly.nl\/de\/#\/schema\/logo\/image\/\"}}]}<\/script>\n<!-- \/ Yoast SEO plugin. -->","yoast_head_json":{"title":"Seien Sie sicher mit dem vollst\u00e4ndigen STI-Test","description":"Mit dem vollst\u00e4ndigen geschlechtskrankheiten schnelltest erhalten Sie Gewissheit dar\u00fcber, ob Sie STDs wie Chlamydien, Gonorrhoe, Mykoplasmen und Trichomonaden haben oder nicht.","robots":{"index":"index","follow":"follow","max-snippet":"max-snippet:-1","max-image-preview":"max-image-preview:large","max-video-preview":"max-video-preview:-1"},"canonical":"https:\/\/www.easly.nl\/de\/geschlechtskrankheiten-selbsttests\/vollstandiger-sti\/","og_locale":"de_DE","og_type":"article","og_title":"Seien Sie sicher mit dem vollst\u00e4ndigen STI-Test","og_description":"Mit dem vollst\u00e4ndigen geschlechtskrankheiten schnelltest erhalten Sie Gewissheit dar\u00fcber, ob Sie STDs wie Chlamydien, Gonorrhoe, Mykoplasmen und Trichomonaden haben oder nicht.","og_url":"https:\/\/www.easly.nl\/de\/geschlechtskrankheiten-selbsttests\/vollstandiger-sti\/","og_site_name":"Easly Shop","article_modified_time":"2025-07-01T00:00:08+00:00","og_image":[{"width":1044,"height":804,"url":"https:\/\/www.easly.nl\/wp-content\/uploads\/sites\/13\/2022\/11\/Easly-Soa-Compleet-8720256100331.webp","type":"image\/webp"}],"twitter_card":"summary_large_image","schema":{"@context":"https:\/\/schema.org","@graph":[{"@type":"WebPage","@id":"https:\/\/www.easly.nl\/de\/geschlechtskrankheiten-selbsttests\/vollstandiger-sti\/","url":"https:\/\/www.easly.nl\/de\/geschlechtskrankheiten-selbsttests\/vollstandiger-sti\/","name":"Seien Sie sicher mit dem vollst\u00e4ndigen STI-Test","isPartOf":{"@id":"https:\/\/www.easly.nl\/de\/#website"},"primaryImageOfPage":{"@id":"https:\/\/www.easly.nl\/de\/geschlechtskrankheiten-selbsttests\/vollstandiger-sti\/#primaryimage"},"image":{"@id":"https:\/\/www.easly.nl\/de\/geschlechtskrankheiten-selbsttests\/vollstandiger-sti\/#primaryimage"},"thumbnailUrl":"https:\/\/www.easly.nl\/wp-content\/uploads\/sites\/13\/2022\/11\/Easly-Soa-Compleet-8720256100331.webp","datePublished":"2024-12-18T14:34:30+00:00","dateModified":"2025-07-01T00:00:08+00:00","description":"Mit dem vollst\u00e4ndigen geschlechtskrankheiten schnelltest erhalten Sie Gewissheit dar\u00fcber, ob Sie STDs wie Chlamydien, Gonorrhoe, Mykoplasmen und Trichomonaden haben oder nicht.","breadcrumb":{"@id":"https:\/\/www.easly.nl\/de\/geschlechtskrankheiten-selbsttests\/vollstandiger-sti\/#breadcrumb"},"inLanguage":"de-DE","potentialAction":[{"@type":"ReadAction","target":["https:\/\/www.easly.nl\/de\/geschlechtskrankheiten-selbsttests\/vollstandiger-sti\/"]}]},{"@type":"ImageObject","inLanguage":"de-DE","@id":"https:\/\/www.easly.nl\/de\/geschlechtskrankheiten-selbsttests\/vollstandiger-sti\/#primaryimage","url":"https:\/\/www.easly.nl\/wp-content\/uploads\/sites\/13\/2022\/11\/Easly-Soa-Compleet-8720256100331.webp","contentUrl":"https:\/\/www.easly.nl\/wp-content\/uploads\/sites\/13\/2022\/11\/Easly-Soa-Compleet-8720256100331.webp","width":1044,"height":804},{"@type":"BreadcrumbList","@id":"https:\/\/www.easly.nl\/de\/geschlechtskrankheiten-selbsttests\/vollstandiger-sti\/#breadcrumb","itemListElement":[{"@type":"ListItem","position":1,"name":"Startseite","item":"https:\/\/www.easly.nl\/de\/"},{"@type":"ListItem","position":2,"name":"Shop","item":"https:\/\/www.easly.nl\/shop\/"},{"@type":"ListItem","position":3,"name":"STD-Komplett-Test"}]},{"@type":"WebSite","@id":"https:\/\/www.easly.nl\/de\/#website","url":"https:\/\/www.easly.nl\/de\/","name":"Easly Shop","description":"Safe &amp; simple online COVID testing","publisher":{"@id":"https:\/\/www.easly.nl\/de\/#organization"},"potentialAction":[{"@type":"SearchAction","target":{"@type":"EntryPoint","urlTemplate":"https:\/\/www.easly.nl\/de\/?s={search_term_string}"},"query-input":{"@type":"PropertyValueSpecification","valueRequired":true,"valueName":"search_term_string"}}],"inLanguage":"de-DE"},{"@type":"Organization","@id":"https:\/\/www.easly.nl\/de\/#organization","name":"Easly.nl","url":"https:\/\/www.easly.nl\/de\/","logo":{"@type":"ImageObject","inLanguage":"de-DE","@id":"https:\/\/www.easly.nl\/de\/#\/schema\/logo\/image\/","url":"https:\/\/www.easly.nl\/wp-content\/uploads\/sites\/13\/2022\/10\/easly_logoslogan_color.png","contentUrl":"https:\/\/www.easly.nl\/wp-content\/uploads\/sites\/13\/2022\/10\/easly_logoslogan_color.png","width":157,"height":38,"caption":"Easly.nl"},"image":{"@id":"https:\/\/www.easly.nl\/de\/#\/schema\/logo\/image\/"}}]}},"_links":{"self":[{"href":"https:\/\/www.easly.nl\/de\/wp-json\/wp\/v2\/product\/55814","targetHints":{"allow":["GET"]}}],"collection":[{"href":"https:\/\/www.easly.nl\/de\/wp-json\/wp\/v2\/product"}],"about":[{"href":"https:\/\/www.easly.nl\/de\/wp-json\/wp\/v2\/types\/product"}],"version-history":[{"count":2,"href":"https:\/\/www.easly.nl\/de\/wp-json\/wp\/v2\/product\/55814\/revisions"}],"predecessor-version":[{"id":56672,"href":"https:\/\/www.easly.nl\/de\/wp-json\/wp\/v2\/product\/55814\/revisions\/56672"}],"wp:featuredmedia":[{"embeddable":true,"href":"https:\/\/www.easly.nl\/de\/wp-json\/wp\/v2\/media\/43138"}],"wp:attachment":[{"href":"https:\/\/www.easly.nl\/de\/wp-json\/wp\/v2\/media?parent=55814"}],"wp:term":[{"taxonomy":"product_cat","embeddable":true,"href":"https:\/\/www.easly.nl\/de\/wp-json\/wp\/v2\/product_cat?post=55814"},{"taxonomy":"product_tag","embeddable":true,"href":"https:\/\/www.easly.nl\/de\/wp-json\/wp\/v2\/product_tag?post=55814"}],"curies":[{"name":"wp","href":"https:\/\/api.w.org\/{rel}","templated":true}]}}