{"id":55391,"date":"2024-12-18T14:23:43","date_gmt":"2024-12-18T13:24:00","guid":{"rendered":"https:\/\/www.easly.nl\/?post_type=product&#038;p=55391"},"modified":"2025-01-28T14:21:01","modified_gmt":"2025-01-28T13:21:01","slug":"std-budget-test-kopie","status":"publish","type":"product","link":"https:\/\/www.easly.nl\/de\/geschlechtskrankheiten-selbsttests\/sti-budget\/","title":{"rendered":"STD-Budget-Test"},"content":{"rendered":"<p>Dieser STD-Selbsttest von Easly geh\u00f6rt zu unserem Angebot an STD-Tests. Damit k\u00f6nnen Sie diskret herausfinden, ob Sie mit einer der folgenden Geschlechtskrankheiten infiziert sind: Chlamydien, Gonorrh\u00f6e, Trichomonaden oder Mykoplasmen. Der Kauf dieses STD-Tests bietet sich an, wenn Sie z. B. durch einen (anonymen) Partnerbericht erfahren haben, dass Ihr Sexualpartner mit einer bestimmten STD infiziert ist, und Sie ausschlie\u00dfen wollen, dass Sie sich selbst ebenfalls infiziert haben. Bei der Bestellung dieses Testkits k\u00f6nnen Sie zwischen einem Test f\u00fcr M\u00e4nner und einem Test f\u00fcr Frauen w\u00e4hlen. Au\u00dferdem k\u00f6nnen Sie je nach Ihrem Sexualverhalten weitere Proben hinzuf\u00fcgen. Dieser Test beinhaltet ein medizinisches Testzertifikat.<\/p>\n","protected":false},"excerpt":{"rendered":"<p>Testen Sie zu Hause, ohne einen Arzt aufzusuchen. Sie w\u00e4hlen vier Geschlechtskrankheiten aus, auf die Sie testen m\u00f6chten. Die Ergebnisse folgen schnell und anonym in unserer sicheren Online-Umgebung.<\/p>\n","protected":false},"featured_media":43186,"template":"","meta":{"_acf_changed":false,"footnotes":""},"product_cat":[1142,1141,1256],"product_tag":[],"class_list":{"0":"post-55391","1":"product","2":"type-product","3":"status-publish","4":"has-post-thumbnail","6":"product_cat-geschlechtskrankheiten","7":"product_cat-mozand-lab-de","8":"product_cat-tpl-fur-soa-varianten","10":"first","11":"instock","12":"taxable","13":"shipping-taxable","14":"purchasable","15":"product-type-variable"},"acf":[],"yoast_head":"<!-- This site is optimized with the Yoast SEO plugin v24.3 - https:\/\/yoast.com\/wordpress\/plugins\/seo\/ -->\n<title>STI-Budget-Test f\u00fcr zu Hause - Easly<\/title>\n<meta name=\"description\" content=\"Bestellen Sie jetzt den Easly STD-Budget-Selbsttest f\u00fcr zu Hause. Testen Sie sich mit dem geschlechtskrankheiten test zuhause.\" \/>\n<meta name=\"robots\" content=\"index, follow, max-snippet:-1, max-image-preview:large, max-video-preview:-1\" \/>\n<link rel=\"canonical\" href=\"https:\/\/www.easly.nl\/de\/geschlechtskrankheiten-selbsttests\/sti-budget\/\" \/>\n<meta property=\"og:locale\" content=\"de_DE\" \/>\n<meta property=\"og:type\" content=\"article\" \/>\n<meta property=\"og:title\" content=\"STI-Budget-Test f\u00fcr zu Hause - Easly\" \/>\n<meta property=\"og:description\" content=\"Bestellen Sie jetzt den Easly STD-Budget-Selbsttest f\u00fcr zu Hause. Testen Sie sich mit dem geschlechtskrankheiten test zuhause.\" \/>\n<meta property=\"og:url\" content=\"https:\/\/www.easly.nl\/de\/geschlechtskrankheiten-selbsttests\/sti-budget\/\" \/>\n<meta property=\"og:site_name\" content=\"Easly Shop\" \/>\n<meta property=\"article:modified_time\" content=\"2025-01-28T13:21:01+00:00\" \/>\n<meta property=\"og:image\" content=\"https:\/\/www.easly.nl\/wp-content\/uploads\/sites\/13\/2022\/11\/Easly-Soa-Budget-8720256100317.webp\" \/>\n\t<meta property=\"og:image:width\" content=\"1044\" \/>\n\t<meta property=\"og:image:height\" content=\"804\" \/>\n\t<meta property=\"og:image:type\" content=\"image\/webp\" \/>\n<meta name=\"twitter:card\" content=\"summary_large_image\" \/>\n<meta name=\"twitter:label1\" content=\"Gesch\u00e4tzte Lesezeit\" \/>\n\t<meta name=\"twitter:data1\" content=\"1 Minute\" \/>\n<script type=\"application\/ld+json\" class=\"yoast-schema-graph\">{\"@context\":\"https:\/\/schema.org\",\"@graph\":[{\"@type\":\"WebPage\",\"@id\":\"https:\/\/www.easly.nl\/de\/geschlechtskrankheiten-selbsttests\/sti-budget\/\",\"url\":\"https:\/\/www.easly.nl\/de\/geschlechtskrankheiten-selbsttests\/sti-budget\/\",\"name\":\"STI-Budget-Test f\u00fcr zu Hause - Easly\",\"isPartOf\":{\"@id\":\"https:\/\/www.easly.nl\/de\/#website\"},\"primaryImageOfPage\":{\"@id\":\"https:\/\/www.easly.nl\/de\/geschlechtskrankheiten-selbsttests\/sti-budget\/#primaryimage\"},\"image\":{\"@id\":\"https:\/\/www.easly.nl\/de\/geschlechtskrankheiten-selbsttests\/sti-budget\/#primaryimage\"},\"thumbnailUrl\":\"https:\/\/www.easly.nl\/wp-content\/uploads\/sites\/13\/2022\/11\/Easly-Soa-Budget-8720256100317.webp\",\"datePublished\":\"2024-12-18T13:24:00+00:00\",\"dateModified\":\"2025-01-28T13:21:01+00:00\",\"description\":\"Bestellen Sie jetzt den Easly STD-Budget-Selbsttest f\u00fcr zu Hause. Testen Sie sich mit dem geschlechtskrankheiten test zuhause.\",\"breadcrumb\":{\"@id\":\"https:\/\/www.easly.nl\/de\/geschlechtskrankheiten-selbsttests\/sti-budget\/#breadcrumb\"},\"inLanguage\":\"de-DE\",\"potentialAction\":[{\"@type\":\"ReadAction\",\"target\":[\"https:\/\/www.easly.nl\/de\/geschlechtskrankheiten-selbsttests\/sti-budget\/\"]}]},{\"@type\":\"ImageObject\",\"inLanguage\":\"de-DE\",\"@id\":\"https:\/\/www.easly.nl\/de\/geschlechtskrankheiten-selbsttests\/sti-budget\/#primaryimage\",\"url\":\"https:\/\/www.easly.nl\/wp-content\/uploads\/sites\/13\/2022\/11\/Easly-Soa-Budget-8720256100317.webp\",\"contentUrl\":\"https:\/\/www.easly.nl\/wp-content\/uploads\/sites\/13\/2022\/11\/Easly-Soa-Budget-8720256100317.webp\",\"width\":1044,\"height\":804},{\"@type\":\"BreadcrumbList\",\"@id\":\"https:\/\/www.easly.nl\/de\/geschlechtskrankheiten-selbsttests\/sti-budget\/#breadcrumb\",\"itemListElement\":[{\"@type\":\"ListItem\",\"position\":1,\"name\":\"Startseite\",\"item\":\"https:\/\/www.easly.nl\/de\/\"},{\"@type\":\"ListItem\",\"position\":2,\"name\":\"Shop\",\"item\":\"https:\/\/www.easly.nl\/shop\/\"},{\"@type\":\"ListItem\",\"position\":3,\"name\":\"STD-Budget-Test\"}]},{\"@type\":\"WebSite\",\"@id\":\"https:\/\/www.easly.nl\/de\/#website\",\"url\":\"https:\/\/www.easly.nl\/de\/\",\"name\":\"Easly Shop\",\"description\":\"Safe &amp; simple online COVID testing\",\"publisher\":{\"@id\":\"https:\/\/www.easly.nl\/de\/#organization\"},\"potentialAction\":[{\"@type\":\"SearchAction\",\"target\":{\"@type\":\"EntryPoint\",\"urlTemplate\":\"https:\/\/www.easly.nl\/de\/?s={search_term_string}\"},\"query-input\":{\"@type\":\"PropertyValueSpecification\",\"valueRequired\":true,\"valueName\":\"search_term_string\"}}],\"inLanguage\":\"de-DE\"},{\"@type\":\"Organization\",\"@id\":\"https:\/\/www.easly.nl\/de\/#organization\",\"name\":\"Easly.nl\",\"url\":\"https:\/\/www.easly.nl\/de\/\",\"logo\":{\"@type\":\"ImageObject\",\"inLanguage\":\"de-DE\",\"@id\":\"https:\/\/www.easly.nl\/de\/#\/schema\/logo\/image\/\",\"url\":\"https:\/\/www.easly.nl\/wp-content\/uploads\/sites\/13\/2022\/10\/easly_logoslogan_color.png\",\"contentUrl\":\"https:\/\/www.easly.nl\/wp-content\/uploads\/sites\/13\/2022\/10\/easly_logoslogan_color.png\",\"width\":157,\"height\":38,\"caption\":\"Easly.nl\"},\"image\":{\"@id\":\"https:\/\/www.easly.nl\/de\/#\/schema\/logo\/image\/\"}}]}<\/script>\n<!-- \/ Yoast SEO plugin. -->","yoast_head_json":{"title":"STI-Budget-Test f\u00fcr zu Hause - Easly","description":"Bestellen Sie jetzt den Easly STD-Budget-Selbsttest f\u00fcr zu Hause. Testen Sie sich mit dem geschlechtskrankheiten test zuhause.","robots":{"index":"index","follow":"follow","max-snippet":"max-snippet:-1","max-image-preview":"max-image-preview:large","max-video-preview":"max-video-preview:-1"},"canonical":"https:\/\/www.easly.nl\/de\/geschlechtskrankheiten-selbsttests\/sti-budget\/","og_locale":"de_DE","og_type":"article","og_title":"STI-Budget-Test f\u00fcr zu Hause - Easly","og_description":"Bestellen Sie jetzt den Easly STD-Budget-Selbsttest f\u00fcr zu Hause. Testen Sie sich mit dem geschlechtskrankheiten test zuhause.","og_url":"https:\/\/www.easly.nl\/de\/geschlechtskrankheiten-selbsttests\/sti-budget\/","og_site_name":"Easly Shop","article_modified_time":"2025-01-28T13:21:01+00:00","og_image":[{"width":1044,"height":804,"url":"https:\/\/www.easly.nl\/wp-content\/uploads\/sites\/13\/2022\/11\/Easly-Soa-Budget-8720256100317.webp","type":"image\/webp"}],"twitter_card":"summary_large_image","twitter_misc":{"Gesch\u00e4tzte Lesezeit":"1 Minute"},"schema":{"@context":"https:\/\/schema.org","@graph":[{"@type":"WebPage","@id":"https:\/\/www.easly.nl\/de\/geschlechtskrankheiten-selbsttests\/sti-budget\/","url":"https:\/\/www.easly.nl\/de\/geschlechtskrankheiten-selbsttests\/sti-budget\/","name":"STI-Budget-Test f\u00fcr zu Hause - Easly","isPartOf":{"@id":"https:\/\/www.easly.nl\/de\/#website"},"primaryImageOfPage":{"@id":"https:\/\/www.easly.nl\/de\/geschlechtskrankheiten-selbsttests\/sti-budget\/#primaryimage"},"image":{"@id":"https:\/\/www.easly.nl\/de\/geschlechtskrankheiten-selbsttests\/sti-budget\/#primaryimage"},"thumbnailUrl":"https:\/\/www.easly.nl\/wp-content\/uploads\/sites\/13\/2022\/11\/Easly-Soa-Budget-8720256100317.webp","datePublished":"2024-12-18T13:24:00+00:00","dateModified":"2025-01-28T13:21:01+00:00","description":"Bestellen Sie jetzt den Easly STD-Budget-Selbsttest f\u00fcr zu Hause. Testen Sie sich mit dem geschlechtskrankheiten test zuhause.","breadcrumb":{"@id":"https:\/\/www.easly.nl\/de\/geschlechtskrankheiten-selbsttests\/sti-budget\/#breadcrumb"},"inLanguage":"de-DE","potentialAction":[{"@type":"ReadAction","target":["https:\/\/www.easly.nl\/de\/geschlechtskrankheiten-selbsttests\/sti-budget\/"]}]},{"@type":"ImageObject","inLanguage":"de-DE","@id":"https:\/\/www.easly.nl\/de\/geschlechtskrankheiten-selbsttests\/sti-budget\/#primaryimage","url":"https:\/\/www.easly.nl\/wp-content\/uploads\/sites\/13\/2022\/11\/Easly-Soa-Budget-8720256100317.webp","contentUrl":"https:\/\/www.easly.nl\/wp-content\/uploads\/sites\/13\/2022\/11\/Easly-Soa-Budget-8720256100317.webp","width":1044,"height":804},{"@type":"BreadcrumbList","@id":"https:\/\/www.easly.nl\/de\/geschlechtskrankheiten-selbsttests\/sti-budget\/#breadcrumb","itemListElement":[{"@type":"ListItem","position":1,"name":"Startseite","item":"https:\/\/www.easly.nl\/de\/"},{"@type":"ListItem","position":2,"name":"Shop","item":"https:\/\/www.easly.nl\/shop\/"},{"@type":"ListItem","position":3,"name":"STD-Budget-Test"}]},{"@type":"WebSite","@id":"https:\/\/www.easly.nl\/de\/#website","url":"https:\/\/www.easly.nl\/de\/","name":"Easly Shop","description":"Safe &amp; simple online COVID testing","publisher":{"@id":"https:\/\/www.easly.nl\/de\/#organization"},"potentialAction":[{"@type":"SearchAction","target":{"@type":"EntryPoint","urlTemplate":"https:\/\/www.easly.nl\/de\/?s={search_term_string}"},"query-input":{"@type":"PropertyValueSpecification","valueRequired":true,"valueName":"search_term_string"}}],"inLanguage":"de-DE"},{"@type":"Organization","@id":"https:\/\/www.easly.nl\/de\/#organization","name":"Easly.nl","url":"https:\/\/www.easly.nl\/de\/","logo":{"@type":"ImageObject","inLanguage":"de-DE","@id":"https:\/\/www.easly.nl\/de\/#\/schema\/logo\/image\/","url":"https:\/\/www.easly.nl\/wp-content\/uploads\/sites\/13\/2022\/10\/easly_logoslogan_color.png","contentUrl":"https:\/\/www.easly.nl\/wp-content\/uploads\/sites\/13\/2022\/10\/easly_logoslogan_color.png","width":157,"height":38,"caption":"Easly.nl"},"image":{"@id":"https:\/\/www.easly.nl\/de\/#\/schema\/logo\/image\/"}}]}},"_links":{"self":[{"href":"https:\/\/www.easly.nl\/de\/wp-json\/wp\/v2\/product\/55391","targetHints":{"allow":["GET"]}}],"collection":[{"href":"https:\/\/www.easly.nl\/de\/wp-json\/wp\/v2\/product"}],"about":[{"href":"https:\/\/www.easly.nl\/de\/wp-json\/wp\/v2\/types\/product"}],"version-history":[{"count":2,"href":"https:\/\/www.easly.nl\/de\/wp-json\/wp\/v2\/product\/55391\/revisions"}],"predecessor-version":[{"id":56680,"href":"https:\/\/www.easly.nl\/de\/wp-json\/wp\/v2\/product\/55391\/revisions\/56680"}],"wp:featuredmedia":[{"embeddable":true,"href":"https:\/\/www.easly.nl\/de\/wp-json\/wp\/v2\/media\/43186"}],"wp:attachment":[{"href":"https:\/\/www.easly.nl\/de\/wp-json\/wp\/v2\/media?parent=55391"}],"wp:term":[{"taxonomy":"product_cat","embeddable":true,"href":"https:\/\/www.easly.nl\/de\/wp-json\/wp\/v2\/product_cat?post=55391"},{"taxonomy":"product_tag","embeddable":true,"href":"https:\/\/www.easly.nl\/de\/wp-json\/wp\/v2\/product_tag?post=55391"}],"curies":[{"name":"wp","href":"https:\/\/api.w.org\/{rel}","templated":true}]}}