{"id":46322,"date":"2025-03-24T09:47:07","date_gmt":"2024-04-10T09:47:07","guid":{"rendered":"https:\/\/www.easly.nl\/product\/online-stresstest\/"},"modified":"2025-04-14T01:00:42","modified_gmt":"2025-04-14T00:00:42","slug":"online-stresstest","status":"publish","type":"product","link":"https:\/\/www.easly.nl\/de\/stress-selbsttest\/","title":{"rendered":"Online stresstest"},"content":{"rendered":"<p>F\u00fchlen Sie sich geistig und k\u00f6rperlich ersch\u00f6pft? Easly bietet den Stress-Selbsttest an, um einen Einblick in Ihr Wohlbefinden zu erhalten. Unser Online-Stresstest verwendet den Vierdimensionalen Symptom-Fragebogen (4DSQ), um die Symptome von Stress, Burnout und Angst zu bewerten. Er ermittelt Ihr Stressniveau und interpretiert die Ergebnisse entsprechend dem 4DSQ, wodurch Sie wertvolle Einblicke in Ihre geistige und k\u00f6rperliche Gesundheit erhalten.<\/p>\n","protected":false},"excerpt":{"rendered":"<p>Sorgen Sie sich um Stress? Probieren Sie den Easly Stress-Selbsttest mit dem 4DSQ-Fragebogen aus und finden Sie noch heute Ihr Stressniveau heraus.<\/p>\n","protected":false},"featured_media":46026,"template":"","meta":{"_acf_changed":false,"footnotes":""},"product_cat":[1137,1138,1257],"product_tag":[1983],"class_list":{"0":"post-46322","1":"product","2":"type-product","3":"status-publish","4":"has-post-thumbnail","6":"product_cat-allgemeine-gesundheit","7":"product_cat-lebensstil-vitamine","8":"product_cat-unkategorisiert","9":"product_tag-kostenloser-stress-test","11":"first","12":"instock","13":"sale","14":"virtual","15":"sold-individually","16":"taxable","17":"purchasable","18":"product-type-simple"},"acf":[],"yoast_head":"<!-- This site is optimized with the Yoast SEO plugin v24.3 - https:\/\/yoast.com\/wordpress\/plugins\/seo\/ -->\n<title>4DSQ Online-Selbsttest: Bewerten Sie heute Ihr Stressniveau<\/title>\n<meta name=\"description\" content=\"Machen Sie sich Sorgen \u00fcber Stress und Angstsymptome? Testen Sie den Stress-Selbsttest von Easly mit dem umfassenden 4DSQ-Fragebogen. Ermitteln Sie noch heute Ihr Stressniveau.\" \/>\n<meta name=\"robots\" content=\"noindex, follow\" \/>\n<meta property=\"og:locale\" content=\"de_DE\" \/>\n<meta property=\"og:type\" content=\"article\" \/>\n<meta property=\"og:title\" content=\"4DSQ Online-Selbsttest: Bewerten Sie heute Ihr Stressniveau\" \/>\n<meta property=\"og:description\" content=\"Machen Sie sich Sorgen \u00fcber Stress und Angstsymptome? Testen Sie den Stress-Selbsttest von Easly mit dem umfassenden 4DSQ-Fragebogen. Ermitteln Sie noch heute Ihr Stressniveau.\" \/>\n<meta property=\"og:url\" content=\"https:\/\/www.easly.nl\/de\/stress-selbsttest\/\" \/>\n<meta property=\"og:site_name\" content=\"Easly Shop\" \/>\n<meta property=\"article:modified_time\" content=\"2025-04-14T00:00:42+00:00\" \/>\n<meta property=\"og:image\" content=\"https:\/\/www.easly.nl\/wp-content\/uploads\/sites\/13\/2024\/04\/Draft-digital-stress-test-4.jpg\" \/>\n\t<meta property=\"og:image:width\" content=\"2088\" \/>\n\t<meta property=\"og:image:height\" content=\"1608\" \/>\n\t<meta property=\"og:image:type\" content=\"image\/jpeg\" \/>\n<meta name=\"twitter:card\" content=\"summary_large_image\" \/>\n<meta name=\"twitter:label1\" content=\"Gesch\u00e4tzte Lesezeit\" \/>\n\t<meta name=\"twitter:data1\" content=\"1 Minute\" \/>\n<script type=\"application\/ld+json\" class=\"yoast-schema-graph\">{\"@context\":\"https:\/\/schema.org\",\"@graph\":[{\"@type\":\"WebPage\",\"@id\":\"https:\/\/www.easly.nl\/de\/stress-selbsttest\/\",\"url\":\"https:\/\/www.easly.nl\/de\/stress-selbsttest\/\",\"name\":\"4DSQ Online-Selbsttest: Bewerten Sie heute Ihr Stressniveau\",\"isPartOf\":{\"@id\":\"https:\/\/www.easly.nl\/de\/#website\"},\"primaryImageOfPage\":{\"@id\":\"https:\/\/www.easly.nl\/de\/stress-selbsttest\/#primaryimage\"},\"image\":{\"@id\":\"https:\/\/www.easly.nl\/de\/stress-selbsttest\/#primaryimage\"},\"thumbnailUrl\":\"https:\/\/www.easly.nl\/wp-content\/uploads\/sites\/13\/2024\/04\/Draft-digital-stress-test-4.jpg\",\"datePublished\":\"2024-04-10T09:47:07+00:00\",\"dateModified\":\"2025-04-14T00:00:42+00:00\",\"description\":\"Machen Sie sich Sorgen \u00fcber Stress und Angstsymptome? Testen Sie den Stress-Selbsttest von Easly mit dem umfassenden 4DSQ-Fragebogen. Ermitteln Sie noch heute Ihr Stressniveau.\",\"breadcrumb\":{\"@id\":\"https:\/\/www.easly.nl\/de\/stress-selbsttest\/#breadcrumb\"},\"inLanguage\":\"de-DE\",\"potentialAction\":[{\"@type\":\"ReadAction\",\"target\":[\"https:\/\/www.easly.nl\/de\/stress-selbsttest\/\"]}]},{\"@type\":\"ImageObject\",\"inLanguage\":\"de-DE\",\"@id\":\"https:\/\/www.easly.nl\/de\/stress-selbsttest\/#primaryimage\",\"url\":\"https:\/\/www.easly.nl\/wp-content\/uploads\/sites\/13\/2024\/04\/Draft-digital-stress-test-4.jpg\",\"contentUrl\":\"https:\/\/www.easly.nl\/wp-content\/uploads\/sites\/13\/2024\/04\/Draft-digital-stress-test-4.jpg\",\"width\":2088,\"height\":1608,\"caption\":\"Digitaler Stresstest Produktbild\"},{\"@type\":\"BreadcrumbList\",\"@id\":\"https:\/\/www.easly.nl\/de\/stress-selbsttest\/#breadcrumb\",\"itemListElement\":[{\"@type\":\"ListItem\",\"position\":1,\"name\":\"Startseite\",\"item\":\"https:\/\/www.easly.nl\/de\/\"},{\"@type\":\"ListItem\",\"position\":2,\"name\":\"Shop\",\"item\":\"https:\/\/www.easly.nl\/shop\/\"},{\"@type\":\"ListItem\",\"position\":3,\"name\":\"Online stresstest\"}]},{\"@type\":\"WebSite\",\"@id\":\"https:\/\/www.easly.nl\/de\/#website\",\"url\":\"https:\/\/www.easly.nl\/de\/\",\"name\":\"Easly Shop\",\"description\":\"Safe &amp; simple online COVID testing\",\"publisher\":{\"@id\":\"https:\/\/www.easly.nl\/de\/#organization\"},\"potentialAction\":[{\"@type\":\"SearchAction\",\"target\":{\"@type\":\"EntryPoint\",\"urlTemplate\":\"https:\/\/www.easly.nl\/de\/?s={search_term_string}\"},\"query-input\":{\"@type\":\"PropertyValueSpecification\",\"valueRequired\":true,\"valueName\":\"search_term_string\"}}],\"inLanguage\":\"de-DE\"},{\"@type\":\"Organization\",\"@id\":\"https:\/\/www.easly.nl\/de\/#organization\",\"name\":\"Easly.nl\",\"url\":\"https:\/\/www.easly.nl\/de\/\",\"logo\":{\"@type\":\"ImageObject\",\"inLanguage\":\"de-DE\",\"@id\":\"https:\/\/www.easly.nl\/de\/#\/schema\/logo\/image\/\",\"url\":\"https:\/\/www.easly.nl\/wp-content\/uploads\/sites\/13\/2022\/10\/easly_logoslogan_color.png\",\"contentUrl\":\"https:\/\/www.easly.nl\/wp-content\/uploads\/sites\/13\/2022\/10\/easly_logoslogan_color.png\",\"width\":157,\"height\":38,\"caption\":\"Easly.nl\"},\"image\":{\"@id\":\"https:\/\/www.easly.nl\/de\/#\/schema\/logo\/image\/\"}}]}<\/script>\n<!-- \/ Yoast SEO plugin. -->","yoast_head_json":{"title":"4DSQ Online-Selbsttest: Bewerten Sie heute Ihr Stressniveau","description":"Machen Sie sich Sorgen \u00fcber Stress und Angstsymptome? Testen Sie den Stress-Selbsttest von Easly mit dem umfassenden 4DSQ-Fragebogen. Ermitteln Sie noch heute Ihr Stressniveau.","robots":{"index":"noindex","follow":"follow"},"og_locale":"de_DE","og_type":"article","og_title":"4DSQ Online-Selbsttest: Bewerten Sie heute Ihr Stressniveau","og_description":"Machen Sie sich Sorgen \u00fcber Stress und Angstsymptome? Testen Sie den Stress-Selbsttest von Easly mit dem umfassenden 4DSQ-Fragebogen. Ermitteln Sie noch heute Ihr Stressniveau.","og_url":"https:\/\/www.easly.nl\/de\/stress-selbsttest\/","og_site_name":"Easly Shop","article_modified_time":"2025-04-14T00:00:42+00:00","og_image":[{"width":2088,"height":1608,"url":"https:\/\/www.easly.nl\/wp-content\/uploads\/sites\/13\/2024\/04\/Draft-digital-stress-test-4.jpg","type":"image\/jpeg"}],"twitter_card":"summary_large_image","twitter_misc":{"Gesch\u00e4tzte Lesezeit":"1 Minute"},"schema":{"@context":"https:\/\/schema.org","@graph":[{"@type":"WebPage","@id":"https:\/\/www.easly.nl\/de\/stress-selbsttest\/","url":"https:\/\/www.easly.nl\/de\/stress-selbsttest\/","name":"4DSQ Online-Selbsttest: Bewerten Sie heute Ihr Stressniveau","isPartOf":{"@id":"https:\/\/www.easly.nl\/de\/#website"},"primaryImageOfPage":{"@id":"https:\/\/www.easly.nl\/de\/stress-selbsttest\/#primaryimage"},"image":{"@id":"https:\/\/www.easly.nl\/de\/stress-selbsttest\/#primaryimage"},"thumbnailUrl":"https:\/\/www.easly.nl\/wp-content\/uploads\/sites\/13\/2024\/04\/Draft-digital-stress-test-4.jpg","datePublished":"2024-04-10T09:47:07+00:00","dateModified":"2025-04-14T00:00:42+00:00","description":"Machen Sie sich Sorgen \u00fcber Stress und Angstsymptome? Testen Sie den Stress-Selbsttest von Easly mit dem umfassenden 4DSQ-Fragebogen. Ermitteln Sie noch heute Ihr Stressniveau.","breadcrumb":{"@id":"https:\/\/www.easly.nl\/de\/stress-selbsttest\/#breadcrumb"},"inLanguage":"de-DE","potentialAction":[{"@type":"ReadAction","target":["https:\/\/www.easly.nl\/de\/stress-selbsttest\/"]}]},{"@type":"ImageObject","inLanguage":"de-DE","@id":"https:\/\/www.easly.nl\/de\/stress-selbsttest\/#primaryimage","url":"https:\/\/www.easly.nl\/wp-content\/uploads\/sites\/13\/2024\/04\/Draft-digital-stress-test-4.jpg","contentUrl":"https:\/\/www.easly.nl\/wp-content\/uploads\/sites\/13\/2024\/04\/Draft-digital-stress-test-4.jpg","width":2088,"height":1608,"caption":"Digitaler Stresstest Produktbild"},{"@type":"BreadcrumbList","@id":"https:\/\/www.easly.nl\/de\/stress-selbsttest\/#breadcrumb","itemListElement":[{"@type":"ListItem","position":1,"name":"Startseite","item":"https:\/\/www.easly.nl\/de\/"},{"@type":"ListItem","position":2,"name":"Shop","item":"https:\/\/www.easly.nl\/shop\/"},{"@type":"ListItem","position":3,"name":"Online stresstest"}]},{"@type":"WebSite","@id":"https:\/\/www.easly.nl\/de\/#website","url":"https:\/\/www.easly.nl\/de\/","name":"Easly Shop","description":"Safe &amp; simple online COVID testing","publisher":{"@id":"https:\/\/www.easly.nl\/de\/#organization"},"potentialAction":[{"@type":"SearchAction","target":{"@type":"EntryPoint","urlTemplate":"https:\/\/www.easly.nl\/de\/?s={search_term_string}"},"query-input":{"@type":"PropertyValueSpecification","valueRequired":true,"valueName":"search_term_string"}}],"inLanguage":"de-DE"},{"@type":"Organization","@id":"https:\/\/www.easly.nl\/de\/#organization","name":"Easly.nl","url":"https:\/\/www.easly.nl\/de\/","logo":{"@type":"ImageObject","inLanguage":"de-DE","@id":"https:\/\/www.easly.nl\/de\/#\/schema\/logo\/image\/","url":"https:\/\/www.easly.nl\/wp-content\/uploads\/sites\/13\/2022\/10\/easly_logoslogan_color.png","contentUrl":"https:\/\/www.easly.nl\/wp-content\/uploads\/sites\/13\/2022\/10\/easly_logoslogan_color.png","width":157,"height":38,"caption":"Easly.nl"},"image":{"@id":"https:\/\/www.easly.nl\/de\/#\/schema\/logo\/image\/"}}]}},"_links":{"self":[{"href":"https:\/\/www.easly.nl\/de\/wp-json\/wp\/v2\/product\/46322","targetHints":{"allow":["GET"]}}],"collection":[{"href":"https:\/\/www.easly.nl\/de\/wp-json\/wp\/v2\/product"}],"about":[{"href":"https:\/\/www.easly.nl\/de\/wp-json\/wp\/v2\/types\/product"}],"version-history":[{"count":1,"href":"https:\/\/www.easly.nl\/de\/wp-json\/wp\/v2\/product\/46322\/revisions"}],"predecessor-version":[{"id":58867,"href":"https:\/\/www.easly.nl\/de\/wp-json\/wp\/v2\/product\/46322\/revisions\/58867"}],"wp:featuredmedia":[{"embeddable":true,"href":"https:\/\/www.easly.nl\/de\/wp-json\/wp\/v2\/media\/46026"}],"wp:attachment":[{"href":"https:\/\/www.easly.nl\/de\/wp-json\/wp\/v2\/media?parent=46322"}],"wp:term":[{"taxonomy":"product_cat","embeddable":true,"href":"https:\/\/www.easly.nl\/de\/wp-json\/wp\/v2\/product_cat?post=46322"},{"taxonomy":"product_tag","embeddable":true,"href":"https:\/\/www.easly.nl\/de\/wp-json\/wp\/v2\/product_tag?post=46322"}],"curies":[{"name":"wp","href":"https:\/\/api.w.org\/{rel}","templated":true}]}}